{"id":2365,"date":"2024-10-12T07:48:28","date_gmt":"2024-10-12T07:48:28","guid":{"rendered":"https:\/\/rmvapesale.com\/?post_type=product&#038;p=2365"},"modified":"2024-10-12T08:13:12","modified_gmt":"2024-10-12T08:13:12","slug":"fihp-shisha-hookah-12000-puffs-monster-low-nicotine-vape-pen","status":"publish","type":"product","link":"https:\/\/rmvapesale.com\/sl\/product\/fihp-shisha-hookah-12000-puffs-monster-low-nicotine-vape-pen\/","title":{"rendered":"FIHP Shisha Hookah 12000 Puffs Monster nizka vsebnost nikotina Vape Pen"},"content":{"rendered":"<div class=\"B2VR9 CJHX3e\">\n<div class=\"wyccme\">\n<h1 class=\"LC20lb MBeuO DKV0Md\">FIHP Shisha Hookah 12000 vpihov Monster nizko-nikotinski vape pen za enkratno uporabo<\/h1>\n<div class=\"flex-shrink-0 flex flex-col relative items-end\">\n<div class=\"pt-0\">\n<div class=\"gizmo-bot-avatar flex h-8 w-8 items-center justify-center overflow-hidden rounded-full\">\n<div class=\"relative p-1 rounded-sm flex items-center justify-center bg-token-main-surface-primary text-token-text-primary h-8 w-8\">\n<p>FIHP Shisha Hookah 12000 vpihov Monster nizko-nikotinski vape pen za enkratno uporabo je zasnovan za vaperje, ki i\u0161\u010dejo podalj\u0161ano delovanje in bogat okus. Z neverjetno zmogljivostjo 12.000 vpihov in velikim 22 ml rezervoarjem e-teko\u010dine zagotavlja dolgotrajno u\u017eivanje. Poganja ga 650 mAh polnilna baterija in 0,6\u03a9 mre\u017easta tuljava, ki zagotavlja gladko, gosto paro z vsakim vdihom. Eleganten LED zaslon vas obve\u0161\u010da o \u017eivljenjski dobi baterije in e-teko\u010dini, medtem ko priklju\u010dek za polnjenje Type-C omogo\u010da hitro in u\u010dinkovito polnjenje.<\/p>\n<p>Popoln za veleprodajne kupce, ta vro\u010de prodajani vape pen je na voljo po konkuren\u010dni ceni za nakup na debelo, kar trgovcem na drobno ponuja visokokakovostno in dolgotrajno mo\u017enost vapinga.<\/p>\n<p>Izkusite vrhunski vaping z FIHP Shisha Hookah 12000 \u2013 najbolj\u0161o izbiro za vaperje in trgovce na drobno.<\/p>\n<p>&nbsp;<\/p>\n<\/div>\n<\/div>\n<\/div>\n<\/div>\n<\/div>\n<\/div>\n<p><strong>Kontaktirajte Amy za pravi odgovor in ve\u010d videoposnetkov o izdelkih!<\/strong><\/p>\n<p><img loading=\"lazy\" decoding=\"async\" class=\"size-full wp-image-1978\" src=\"https:\/\/rmvapesale.com\/wp-content\/uploads\/2024\/09\/Disposable-Vape-Wholesale.jpg\" alt=\"Vape za enkratno uporabo na debelo\" width=\"229\" height=\"300\" \/><\/p>\n<h3><a href=\"https:\/\/wa.me\/8617776015835\" target=\"_blank\" rel=\"noopener\"><span style=\"color: #ff0000\"><strong>WhatsApp: +86 17776015835<\/strong><\/span><\/a><\/h3>\n<p>&nbsp;<\/p>\n<h2><\/h2>\n<h2><strong>FIHP Shisha Hookah 12000 Vape za enkratno uporabo klju\u010dne lastnosti<\/strong><\/h2>\n<p>&nbsp;<\/p>\n<ul>\n<li><strong>Visoko \u0161tevilo vpihov<\/strong>: U\u017eivajte v do <strong>12.000 vpihih<\/strong> za dolgotrajno in neprekinjeno u\u017eivanje v vapingu.<\/li>\n<li><strong>Velika prostornina e-teko\u010dine<\/strong>: Z <strong>22 ml rezervoarjem za e-teko\u010dino<\/strong>ta naprava omogo\u010da dalj\u0161o uporabo z manj polnjenji.<\/li>\n<li><strong>Zanesljiva Baterija<\/strong>: Poganja jo <strong>650mAh polnilna baterija<\/strong>, kar zagotavlja dosledno in zanesljivo delovanje.<\/li>\n<li><strong>Mo\u010d nikotina<\/strong>: Ponuja <strong>0,6% nikotina (6mg)<\/strong>, kar zagotavlja zadovoljivo in gladko izku\u0161njo vapinga.<\/li>\n<li><strong>Tehnologija Mre\u017ene Tuljave<\/strong>: Opremljen z <strong>0,6\u03a9 mre\u017easto tuljavo<\/strong> za izbolj\u0161an okus in proizvodnjo pare.<\/li>\n<li><strong>LED Zaslon<\/strong>: Bodite obve\u0161\u010deni z <strong>LED zaslonom<\/strong> , ki ponuja sprotne posodobitve o \u017eivljenjski dobi baterije in uporabi.<\/li>\n<\/ul>\n<h2><\/h2>\n<h2><strong>Vrhunski okus za FIHP Shisha 12000 Puffs Vape Bar<\/strong><\/h2>\n<p>FIHP Shisha Hookah 12000 Puff<strong>\u00a0Vape za enkratno uporabo<\/strong> je na voljo v 10 privla\u010dnih okusih, od sadnih do sve\u017eih, zadovolji vse okuse in zagotavlja zadovoljivo izku\u0161njo za vsakega uporabnika.<\/p>\n<p>01. Lubenica Led <span style=\"color: #ff0000\"><strong>&gt;&gt;&gt;&gt; Vro\u010de!<\/strong><\/span><br \/>\n02. Ledeni \u010drni zmaj<br \/>\n03. Borovnica Malina<br \/>\n04. Jagoda Kivi <span style=\"color: #ff0000\"><strong>&gt;&gt;&gt;&gt; Vro\u010de!<\/strong><\/span><br \/>\n05. Me\u0161ano jagodi\u010devje<br \/>\n06. Jagoda Lubenica<br \/>\n07. Pina Colada<br \/>\n08. Breskev Mango Ananas<br \/>\n09. Kivi Pasijonka Guava<br \/>\n10. Jagoda Malina \u010ce\u0161nja<span style=\"color: #ff0000\"><strong>&gt;&gt;&gt;&gt; Najbolj\u0161e!<\/strong><\/span><\/p>\n<figure id=\"attachment_2360\" aria-describedby=\"caption-attachment-2360\" style=\"width: 808px\" class=\"wp-caption alignnone\"><img loading=\"lazy\" decoding=\"async\" class=\"wp-image-2360 size-full\" src=\"https:\/\/rmvapesale.com\/wp-content\/uploads\/2024\/10\/Fihp-Shisha-Hookah-12000-Puffs-Flavour.png\" alt=\"Fihp Shisha Hookah 12000 Puffs Okus\" width=\"808\" height=\"808\" srcset=\"https:\/\/rmvapesale.com\/wp-content\/uploads\/2024\/10\/Fihp-Shisha-Hookah-12000-Puffs-Flavour.png 808w, https:\/\/rmvapesale.com\/wp-content\/uploads\/2024\/10\/Fihp-Shisha-Hookah-12000-Puffs-Flavour-300x300.png 300w, https:\/\/rmvapesale.com\/wp-content\/uploads\/2024\/10\/Fihp-Shisha-Hookah-12000-Puffs-Flavour-150x150.png 150w, https:\/\/rmvapesale.com\/wp-content\/uploads\/2024\/10\/Fihp-Shisha-Hookah-12000-Puffs-Flavour-768x768.png 768w, https:\/\/rmvapesale.com\/wp-content\/uploads\/2024\/10\/Fihp-Shisha-Hookah-12000-Puffs-Flavour-600x600.png 600w, https:\/\/rmvapesale.com\/wp-content\/uploads\/2024\/10\/Fihp-Shisha-Hookah-12000-Puffs-Flavour-100x100.png 100w\" sizes=\"auto, (max-width: 808px) 100vw, 808px\" \/><figcaption id=\"caption-attachment-2360\" class=\"wp-caption-text\">Fihp Shisha Hookah 12000 Puffs Okus<\/figcaption><\/figure>\n<h3><\/h3>\n<h3><strong>Zakaj izbrati Rmvapesale za FIHP Shisha Hookah 12000 <\/strong><strong>Vape?<\/strong><\/h3>\n<div class=\"flex-shrink-0 flex flex-col relative items-end\">\n<div>\n<div class=\"pt-0\">\n<div class=\"gizmo-bot-avatar flex h-8 w-8 items-center justify-center overflow-hidden rounded-full\">\n<div class=\"relative p-1 rounded-sm flex items-center justify-center bg-token-main-surface-primary text-token-text-primary h-8 w-8\">\n<p>&nbsp;<\/p>\n<p>Ko izberete Rmvapesale za svoje potrebe po veleprodaji vapov za enkratno uporabo, boste imeli koristi od:<\/p>\n<ul>\n<li><strong>Konkuren\u010dna cena<\/strong>: Pridobite dostop do privla\u010dnih veleprodajnih cen, ki pove\u010dajo va\u0161e poslovne mar\u017ee.<\/li>\n<li><strong>Visoka kvaliteta<\/strong>: Na\u0161i vapi so izdelani po najvi\u0161jih standardih in <span style=\"color: #ff0000\"><strong>zagotovljeno 100% originalno in pristno, sicer bo za ponarejeno blago zagotovljeno 10-kratno nadomestilo!<\/strong><\/span><\/li>\n<li><strong>Odli\u010dna storitev za stranke<\/strong>: Na\u0161a predana ekipa vam je vedno pripravljena pomagati, kar naredi va\u0161 postopek nakupa gladek in brez te\u017eav.<\/li>\n<li><strong>Hitro<\/strong>: Pri\u010dakujte hitro in zanesljivo po\u0161iljanje, ki zagotavlja, da va\u0161a naro\u010dila prispejo pravo\u010dasno, vsaki\u010d.<\/li>\n<\/ul>\n<h3><\/h3>\n<h3><b>Pogosta vpra\u0161anja<\/b><\/h3>\n<p>&nbsp;<\/p>\n<\/div>\n<\/div>\n<\/div>\n<\/div>\n<\/div>\n<div class=\"group\/conversation-turn relative flex w-full min-w-0 flex-col agent-turn\">\n<div class=\"flex-col gap-1 md:gap-3\">\n<div class=\"flex max-w-full flex-col flex-grow\">\n<div class=\"min-h-8 text-message flex w-full flex-col items-end gap-2 whitespace-normal break-words [.text-message+&amp;]:mt-5\" dir=\"auto\" data-message-author-role=\"assistant\" data-message-id=\"f226d3fc-81f3-46d5-8c46-31787fff0357\">\n<div class=\"flex w-full flex-col gap-1 empty:hidden first:pt-[3px]\">\n<div class=\"markdown prose w-full break-words dark:prose-invert light\">\n<p><strong>1. Koliko vdihov ponuja FIHP Shisha Hookah 12k Puffs Disposable Vape?<\/strong><br \/>\nFIHP Shisha Hookah 12k Puffs Low Nicotine Disposable Vape nudi do 12.000 vdihov, kar zagotavlja dolgotrajno zadovoljstvo z vejpanjem brez pogostih menjav.<\/p>\n<p><strong>2. Kak\u0161ne so razpolo\u017eljive mo\u010di nikotina v FIHP Shisha 12000 Puffs Disposable Vape?<\/strong><br \/>\nFIHP Shisha 12000 Puffs Low Nicotine Disposable Vape Pen ponuja nizko mo\u010d nikotina 0,6% (6mg), kar je primerno za uporabnike, ki imajo raje bolj gladko in manj intenzivno nikotinsko izku\u0161njo. Ponujamo tudi opcije brez nikotina.<\/p>\n<p><strong>3. Kateri okusi so na voljo za FIHP Shisha 12000 Puffs Free Nicotine Disposable Vape?<\/strong><br \/>\nPonujamo 10 okusnih okusov, vklju\u010dno z Watermelon Ice, Black Dragon Ice, Strawberry Kiwi in Pina Colada, kar zagotavlja raznolikost okusov, ki ustrezajo vsaki \u017eelji.<\/p>\n<p><strong>4. Ali ima FIHP Shisha Hookah Monster Low Nicotine Disposable Vape baterijo, ki jo je mogo\u010de polniti?<\/strong><br \/>\nDa, FIHP Shisha Hookah Monster Low Nicotine Disposable Vape Pen je opremljen s 650mAh baterijo, ki jo je mogo\u010de polniti, kar zagotavlja zanesljivo delovanje za dalj\u0161o uporabo.<\/p>\n<p><strong>5. Kak\u0161en tip tuljave uporablja FIHP Shisha Hookah Disposable Vape?<\/strong><br \/>\nTa vape pen ima 0.6\u03a9 mre\u017easto tuljavo, zasnovano za izbolj\u0161anje okusa in proizvodnje pare, kar zagotavlja gladko in zadovoljivo izku\u0161njo vejpanja, ne glede na to, ali izberete Blueberry Raspberry ali Peachy Mango Pineapple.<\/p>\n<p><strong>6. Kako spremljam baterijo in porabo na FIHP Shisha Hookah 12000 Puffs Disposable Vape?<\/strong><br \/>\nFIHP Shisha Hookah 12000 Puffs Free Nicotine Disposable Vape je opremljen z LED zaslonom, ki prikazuje sprotne posodobitve o \u017eivljenjski dobi baterije in porabi, kar olaj\u0161a spremljanje va\u0161e naprave.<\/p>\n<p><strong>7. Ali je FIHP Shisha Hookah 12000 Puffs na voljo za veleprodajo?<\/strong><br \/>\nDa, FIHP Shisha Hookah Monster Low Nicotine Disposable Vape Pen je na voljo za nakup v ve\u010djih koli\u010dinah, zaradi \u010desar je popoln za trgovce na drobno, ki \u017eelijo ponuditi visokokakovosten in dolgotrajen izdelek za vejpanje.<\/p>\n<\/div>\n<\/div>\n<\/div>\n<\/div>\n<\/div>\n<\/div>\n<p>&nbsp;<\/p>\n<h3><\/h3>\n<h3>O po\u0161iljanju<\/h3>\n<div class=\"flex-shrink-0 flex flex-col relative items-end\">\n<div>\n<div class=\"pt-0\">\n<div class=\"gizmo-bot-avatar flex h-8 w-8 items-center justify-center overflow-hidden rounded-full\">\n<div><\/div>\n<div class=\"relative p-1 rounded-sm flex items-center justify-center bg-token-main-surface-primary text-token-text-primary h-8 w-8\"><strong>1. Katere metode po\u0161iljanja se uporabljajo?<\/strong><\/div>\n<\/div>\n<\/div>\n<\/div>\n<\/div>\n<div class=\"group\/conversation-turn relative flex w-full min-w-0 flex-col agent-turn\">\n<div class=\"flex-col gap-1 md:gap-3\">\n<div class=\"flex max-w-full flex-col flex-grow\">\n<div class=\"min-h-[20px] text-message flex w-full flex-col items-end gap-2 whitespace-normal break-words [.text-message+&amp;]:mt-5 overflow-x-auto\" dir=\"auto\" data-message-author-role=\"assistant\" data-message-id=\"22f8283b-3233-46ff-89a5-c7a41b33abda\">\n<div class=\"flex w-full flex-col gap-1 empty:hidden first:pt-[3px]\">\n<div class=\"markdown prose w-full break-words dark:prose-invert light\">\n<p>Sodelujemo z UPS, DHL, FedEx, DPD in drugimi vodilnimi prevozniki. Izbrali bomo najbolj\u0161i na\u010din po\u0161iljanja glede na va\u0161o lokacijo dostave, da zagotovimo, da boste izdelke prejeli \u010dim hitreje.<\/p>\n<\/div>\n<p><strong>2. Kako dolgo traja, da prispe?<\/strong><\/p>\n<p>Paketi, poslani v Slovenijo, obi\u010dajno prispejo v 10 delovnih dneh. Po\u0161iljanje v evropske dr\u017eave obi\u010dajno traja pribli\u017eno 12-15 delovnih dni. Zagotovili vam bomo sprotne posodobitve o statusu va\u0161ega po\u0161iljanja.<\/p>\n<\/div>\n<\/div>\n<\/div>\n<\/div>\n<\/div>\n<p>&nbsp;<\/p>\n<p>Drugi vro\u010d prodajni vape, ki vam bo morda v\u0161e\u010d:<\/p>\n<p><a href=\"https:\/\/rmvapesale.com\/sl\/product\/bang-beach-20000-puffs-vape-smart-screen-disposable-e-cig\/\"><strong>bang beach 20000 vdihov\u00a0 \u00a0<span style=\"color: #ff0000\">&gt;&gt;&gt;&gt; pojdi!<\/span><\/strong><\/a><\/p>\n<p><strong><a href=\"https:\/\/rmvapesale.com\/sl\/product\/uwin-crystal-10000-puff-disposable-vape-wholesale-price\/\">UWIN Crystal 10000 vdihov <span style=\"color: #ff0000\">&gt;&gt;&gt;&gt; pojdi!<\/span><\/a>\u00a0<\/strong><\/p>\n<p><a href=\"https:\/\/rmvapesale.com\/sl\/product\/bang-box-30000-puff-smart-screen-disposable-vape-wholesale\/\"><strong>Bang Box 30000 vdihov Smart Screen Puffs <span style=\"color: #ff0000\">&gt;&gt;&gt;&gt; pojdi!<\/span><\/strong><\/a><\/p>\n<p>&nbsp;<\/p>\n<p>&nbsp;<\/p>\n<p>Poi\u0161\u010di ve\u010d izdelkov Vape, ki so ti morda v\u0161e\u010d:<strong><em><a href=\"https:\/\/rmvapesale.com\/sl\/shop-2\/\">nakupuj zdaj &gt;&gt;&gt;<\/a><\/em><\/strong><\/p>","protected":false},"excerpt":{"rendered":"<p>12000 vpihov Shisha Hookah vro\u010da prodaja Vape Pen cena<br \/>\nFIHP Shisha Hookah 12000 vpihov Monster nizko-nikotinski<br \/>\nFIHP Shisha Hookah 12000 vpihov za enkratno uporabo Vape nakup na debelo<\/p>\n<p><img loading=\"lazy\" decoding=\"async\" class=\"size-full wp-image-1978\" src=\"https:\/\/rmvapesale.com\/wp-content\/uploads\/2024\/09\/Disposable-Vape-Wholesale.jpg\" alt=\"Vape za enkratno uporabo na debelo\" width=\"229\" height=\"300\" \/><\/p>\n<h3><a href=\"https:\/\/wa.me\/8617776015835\"><span style=\"color: #ff0000\"><strong>WhatsApp: +86 17776015835<\/strong><\/span><\/a><\/h3>\n<p>&nbsp;<\/p>","protected":false},"featured_media":2362,"comment_status":"open","ping_status":"closed","template":"","meta":{"_uag_custom_page_level_css":"","_lmt_disableupdate":"","_lmt_disable":"","site-sidebar-layout":"default","site-content-layout":"content-boxed-container","ast-site-content-layout":"normal-width-container","site-content-style":"boxed","site-sidebar-style":"unboxed","ast-global-header-display":"","ast-banner-title-visibility":"","ast-main-header-display":"","ast-hfb-above-header-display":"","ast-hfb-below-header-display":"","ast-hfb-mobile-header-display":"","site-post-title":"","ast-breadcrumbs-content":"","ast-featured-img":"","footer-sml-layout":"","theme-transparent-header-meta":"default","adv-header-id-meta":"","stick-header-meta":"","header-above-stick-meta":"","header-main-stick-meta":"","header-below-stick-meta":"","astra-migrate-meta-layouts":"set","ast-page-background-enabled":"default","ast-page-background-meta":{"desktop":{"background-color":"var(--ast-global-color-4)","background-image":"","background-repeat":"repeat","background-position":"center center","background-size":"auto","background-attachment":"scroll","background-type":"","background-media":"","overlay-type":"","overlay-color":"","overlay-opacity":"","overlay-gradient":""},"tablet":{"background-color":"","background-image":"","background-repeat":"repeat","background-position":"center center","background-size":"auto","background-attachment":"scroll","background-type":"","background-media":"","overlay-type":"","overlay-color":"","overlay-opacity":"","overlay-gradient":""},"mobile":{"background-color":"","background-image":"","background-repeat":"repeat","background-position":"center center","background-size":"auto","background-attachment":"scroll","background-type":"","background-media":"","overlay-type":"","overlay-color":"","overlay-opacity":"","overlay-gradient":""}},"ast-content-background-meta":{"desktop":{"background-color":"var(--ast-global-color-5)","background-image":"","background-repeat":"repeat","background-position":"center center","background-size":"auto","background-attachment":"scroll","background-type":"","background-media":"","overlay-type":"","overlay-color":"","overlay-opacity":"","overlay-gradient":""},"tablet":{"background-color":"var(--ast-global-color-5)","background-image":"","background-repeat":"repeat","background-position":"center center","background-size":"auto","background-attachment":"scroll","background-type":"","background-media":"","overlay-type":"","overlay-color":"","overlay-opacity":"","overlay-gradient":""},"mobile":{"background-color":"var(--ast-global-color-5)","background-image":"","background-repeat":"repeat","background-position":"center center","background-size":"auto","background-attachment":"scroll","background-type":"","background-media":"","overlay-type":"","overlay-color":"","overlay-opacity":"","overlay-gradient":""}},"_joinchat":[]},"product_brand":[],"product_cat":[15,25,123,26,28,135,27,60,138,137,136,30],"product_tag":[66,125,126,111,105,120],"class_list":{"0":"post-2365","1":"product","2":"type-product","3":"status-publish","4":"has-post-thumbnail","6":"product_cat-new-vape-this-week","7":"product_cat-germany-best-selling-vape","8":"product_cat-italy-wholesale-vape","9":"product_cat-netherlands-hot-sale-vape","10":"product_cat-poland-hot-sale-vape","11":"product_cat-spain-best-hot-sale-vape","12":"product_cat-fance-hot-sale-vape","13":"product_cat-bang-vapes","14":"product_cat-fihp-disposable-vapes","15":"product_cat-rechargeable-vapes","16":"product_cat-smart-screen-vapes","17":"product_cat-minimum-order-quantity-50pcs","18":"product_tag-disposable-vape","19":"product_tag-disposable-vape-italy","20":"product_tag-e-cigarettes","21":"product_tag-low-nicotine-disposable-vape","22":"product_tag-nicotine-free-disposable-vape","23":"product_tag-vape-wholesale","24":"desktop-align-left","25":"tablet-align-left","26":"mobile-align-left","28":"first","29":"instock","30":"sale","31":"shipping-taxable","32":"purchasable","33":"product-type-simple"},"uagb_featured_image_src":{"full":["https:\/\/rmvapesale.com\/wp-content\/uploads\/2024\/10\/Fihp-Shisha-Hookah-12000-Puffs-Wholesale.jpg",808,808,false],"thumbnail":["https:\/\/rmvapesale.com\/wp-content\/uploads\/2024\/10\/Fihp-Shisha-Hookah-12000-Puffs-Wholesale-150x150.jpg",150,150,true],"medium":["https:\/\/rmvapesale.com\/wp-content\/uploads\/2024\/10\/Fihp-Shisha-Hookah-12000-Puffs-Wholesale-300x300.jpg",300,300,true],"medium_large":["https:\/\/rmvapesale.com\/wp-content\/uploads\/2024\/10\/Fihp-Shisha-Hookah-12000-Puffs-Wholesale-768x768.jpg",768,768,true],"large":["https:\/\/rmvapesale.com\/wp-content\/uploads\/2024\/10\/Fihp-Shisha-Hookah-12000-Puffs-Wholesale.jpg",808,808,false],"1536x1536":["https:\/\/rmvapesale.com\/wp-content\/uploads\/2024\/10\/Fihp-Shisha-Hookah-12000-Puffs-Wholesale.jpg",808,808,false],"2048x2048":["https:\/\/rmvapesale.com\/wp-content\/uploads\/2024\/10\/Fihp-Shisha-Hookah-12000-Puffs-Wholesale.jpg",808,808,false],"trp-custom-language-flag":["https:\/\/rmvapesale.com\/wp-content\/uploads\/2024\/10\/Fihp-Shisha-Hookah-12000-Puffs-Wholesale.jpg",12,12,false],"woocommerce_thumbnail":["https:\/\/rmvapesale.com\/wp-content\/uploads\/2024\/10\/Fihp-Shisha-Hookah-12000-Puffs-Wholesale-300x300.jpg",300,300,true],"woocommerce_single":["https:\/\/rmvapesale.com\/wp-content\/uploads\/2024\/10\/Fihp-Shisha-Hookah-12000-Puffs-Wholesale-600x600.jpg",600,600,true],"woocommerce_gallery_thumbnail":["https:\/\/rmvapesale.com\/wp-content\/uploads\/2024\/10\/Fihp-Shisha-Hookah-12000-Puffs-Wholesale-100x100.jpg",100,100,true],"wcpr-photo-reviews":["https:\/\/rmvapesale.com\/wp-content\/uploads\/2024\/10\/Fihp-Shisha-Hookah-12000-Puffs-Wholesale.jpg",500,500,false]},"uagb_author_info":{"display_name":"AMY","author_link":"https:\/\/rmvapesale.com\/sl\/author\/"},"uagb_comment_info":0,"uagb_excerpt":"12000 Puffs Shisha Hookah Hot Sale Vape Pen Price FIHP Shisha Hookah 12000 Puffs Monster Low Nicotine FIHP Shisha Hookah 12000 Puff Disposable Vape Bulk Buy WhatsApp: +86 17776015835 &nbsp;","_links":{"self":[{"href":"https:\/\/rmvapesale.com\/sl\/wp-json\/wp\/v2\/product\/2365","targetHints":{"allow":["GET"]}}],"collection":[{"href":"https:\/\/rmvapesale.com\/sl\/wp-json\/wp\/v2\/product"}],"about":[{"href":"https:\/\/rmvapesale.com\/sl\/wp-json\/wp\/v2\/types\/product"}],"replies":[{"embeddable":true,"href":"https:\/\/rmvapesale.com\/sl\/wp-json\/wp\/v2\/comments?post=2365"}],"wp:featuredmedia":[{"embeddable":true,"href":"https:\/\/rmvapesale.com\/sl\/wp-json\/wp\/v2\/media\/2362"}],"wp:attachment":[{"href":"https:\/\/rmvapesale.com\/sl\/wp-json\/wp\/v2\/media?parent=2365"}],"wp:term":[{"taxonomy":"product_brand","embeddable":true,"href":"https:\/\/rmvapesale.com\/sl\/wp-json\/wp\/v2\/product_brand?post=2365"},{"taxonomy":"product_cat","embeddable":true,"href":"https:\/\/rmvapesale.com\/sl\/wp-json\/wp\/v2\/product_cat?post=2365"},{"taxonomy":"product_tag","embeddable":true,"href":"https:\/\/rmvapesale.com\/sl\/wp-json\/wp\/v2\/product_tag?post=2365"}],"curies":[{"name":"wp","href":"https:\/\/api.w.org\/{rel}","templated":true}]}}