{"id":2384,"date":"2024-10-14T02:52:20","date_gmt":"2024-10-14T02:52:20","guid":{"rendered":"https:\/\/rmvapesale.com\/?post_type=product&#038;p=2384"},"modified":"2024-10-14T03:22:03","modified_gmt":"2024-10-14T03:22:03","slug":"faivono-bang-maxi-15000-puffs-disposable-vape-bulk-wholesale","status":"publish","type":"product","link":"https:\/\/rmvapesale.com\/sl\/product\/faivono-bang-maxi-15000-puffs-disposable-vape-bulk-wholesale\/","title":{"rendered":"AIVONO Bang Maxi 15000 Vdihov, za enkratno uporabo Vape v razsutem stanju, na debelo"},"content":{"rendered":"<div class=\"B2VR9 CJHX3e\">\n<div class=\"wyccme\">\n<h1 class=\"LC20lb MBeuO DKV0Md\">AIVONO Bang Maxi 15000 Vdihov, za enkratno uporabo Vape v razsutem stanju, na debelo<\/h1>\n<div class=\"flex-shrink-0 flex flex-col relative items-end\">\n<div class=\"pt-0\">\n<div class=\"gizmo-bot-avatar flex h-8 w-8 items-center justify-center overflow-hidden rounded-full\">\n<div class=\"relative p-1 rounded-sm flex items-center justify-center bg-token-main-surface-primary text-token-text-primary h-8 w-8\">\n<p>Odkrijte naslednjo raven vapinga z AIVONO Bang Maxi 15000 Puffs Disposable Vape, napredno enkratno vape napravo zasnovano za najve\u010dje zadovoljstvo in udobje. Ta inovativni vape zdru\u017euje najnaprednej\u0161o tehnologijo s elegantnim dizajnom za neprimerljivo izku\u0161njo vapinga, popolno tako za za\u010detnike kot izku\u0161ene vapere.<\/p>\n<p>S 15.000 potegi in polnilno baterijo AIVONO 15000 Puffs Disposable Vape ponuja neprimerljivo zmogljivost in udobje, zaradi \u010desar je popolna izbira za vsakodnevne vapere. Lahko izbirate med 5%, 3%, 2% ali brez nikotina, kar vam omogo\u010da prilagoditev va\u0161e izku\u0161nje vapinga po va\u0161ih potrebah.<\/p>\n<p>Pridobite svojega zdaj na Rmvapesale, najbolj\u0161em spletnem trgovcu z vape izdelki, in dvignite svoj vaping na naslednjo raven z AIVONO Bang Maxi 15000 Puffs Disposable Vape.<\/p>\n<p>&nbsp;<\/p>\n<\/div>\n<\/div>\n<\/div>\n<\/div>\n<\/div>\n<\/div>\n<p><strong>Kontaktirajte Amy za pravi odgovor in ve\u010d videoposnetkov o izdelkih!<\/strong><\/p>\n<p><img loading=\"lazy\" decoding=\"async\" class=\"size-full wp-image-1978\" src=\"https:\/\/rmvapesale.com\/wp-content\/uploads\/2024\/09\/Disposable-Vape-Wholesale.jpg\" alt=\"Vape za enkratno uporabo na debelo\" width=\"229\" height=\"300\" \/><\/p>\n<h3><a href=\"https:\/\/wa.me\/8617776015835\" target=\"_blank\" rel=\"noopener\"><span style=\"color: #ff0000\"><strong>WhatsApp: +86 17776015835<\/strong><\/span><\/a><\/h3>\n<p>&nbsp;<\/p>\n<h2><\/h2>\n<h2><strong>AIVONO Bang Maxi 15000 Stekleni\u010dka Vape Klju\u010dne lastnosti<\/strong><\/h2>\n<p>&nbsp;<\/p>\n<ul>\n<li><strong>Podalj\u0161an \u0161tetje potegov:<\/strong> Ponudba do <strong>15.000 potiskov<\/strong>, ta enkratni vape zagotavlja dolgo trajajo\u010do u\u017eivanje brez potrebe po stalnih zamenjavah. Idealno za dalj\u0161e vape seje, zaradi \u010desar je eden najbolj priljubljenih v prodaji na trgu.<\/li>\n<li><strong>Mo\u010dna zmogljivost baterije:<\/strong> Opremljen z <strong>18250 \u010dista kobaltova baterija<\/strong> in polnilna <strong>650mAh kapaciteta<\/strong>, ta naprava je zasnovana za vzdr\u017eljivost. Hitro-polnilni <strong>Type-C vmesnik<\/strong> omogo\u010da u\u010dinkovito polnjenje, tako da lahko u\u017eivate v neprekinjenem vapingu ve\u010d ur.<\/li>\n<li><strong>Velika kapaciteta e-teko\u010dine:<\/strong> The <strong>23ml e teko\u010dine<\/strong> zmogljivost zmanj\u0161uje potrebo po pogostem polnjenju, kar vam omogo\u010da, da se osredoto\u010dite na svojo izku\u0161njo vapinga. V kombinaciji z <strong>1,2\u03a9 mre\u017easto grelno \u017eico<\/strong>je proizvodnja pare gladka in polna okusa z vsakim vdihom.<\/li>\n<li><strong>Mo\u017enosti nikotina:<\/strong> Prilagodite svojo izku\u0161njo vapinga z <strong>mo\u017enostmi nikotinskih soli<\/strong> 5%, 3%, 2% ali celo <strong>brez nikotina<\/strong> (0%). Ta prilagodljivost ustreza razli\u010dnim preferencam, od lahkih do mo\u010dnej\u0161ih nikotinskih udarcev.<\/li>\n<li><strong>Kompakten in prenosen:<\/strong> Merjenje samo <strong>40*110mm<\/strong>, je <strong>AIVONO Bang Maxi<\/strong> je kompakten in prenosen, popolnoma se prilega va\u0161i roki ali \u017eepu za priro\u010dno vaping na poti.<\/li>\n<li><\/li>\n<\/ul>\n<h2><\/h2>\n<h2><strong>Vrhunski okus za AIVONO 15000 Vpihov Vape Pod<\/strong><\/h2>\n<p>The <strong>AIVONO Bang Maxi 15000 Vpihov Vape za enkratno uporabo<\/strong> ponuja \u0161iroko paleto natan\u010dno izdelanih okusov, ki ustrezajo okusu vsakega uporabnika vape. Nekatere izmed izjemnih mo\u017enosti vklju\u010dujejo:<\/p>\n<p>&nbsp;<\/p>\n<p>1. Modri Razz <span style=\"color: #ff0000\"><strong>&gt;&gt;&gt;&gt; Vro\u010de!<\/strong><\/span><br \/>\n2. Kraljevo grozdje<br \/>\n3. Breskova jagoda<br \/>\n4. Strasten poljub<br \/>\n5. Lubenica led<br \/>\n6. Tropsko jagodi\u010devje <span style=\"color: #ff0000\"><strong>&gt;&gt;&gt;&gt; Najbolj\u0161e!<\/strong><\/span><br \/>\n7. Breskev z ledom<br \/>\n8. Jagoda lubenica<br \/>\n9. Ljubezen 66 <span style=\"color: #ff0000\"><strong>&gt;&gt;&gt;&gt; Vro\u010de!<\/strong><\/span><br \/>\n10. Seks na pla\u017ei <span style=\"color: #ff0000\"><strong>&gt;&gt;&gt;&gt; Vro\u010de!<\/strong><\/span><\/p>\n<figure id=\"attachment_2378\" aria-describedby=\"caption-attachment-2378\" style=\"width: 808px\" class=\"wp-caption alignnone\"><img loading=\"lazy\" decoding=\"async\" class=\"wp-image-2378 size-full\" src=\"https:\/\/rmvapesale.com\/wp-content\/uploads\/2024\/10\/AIVONO-Aim-Bang-Maxi-15000-Puffs-Disposable-Vape-Flavour.png\" alt=\"AIVONO Aim Bang Maxi 15000 Vdihov Enkratna Vapa Okus\" width=\"808\" height=\"808\" srcset=\"https:\/\/rmvapesale.com\/wp-content\/uploads\/2024\/10\/AIVONO-Aim-Bang-Maxi-15000-Puffs-Disposable-Vape-Flavour.png 808w, https:\/\/rmvapesale.com\/wp-content\/uploads\/2024\/10\/AIVONO-Aim-Bang-Maxi-15000-Puffs-Disposable-Vape-Flavour-300x300.png 300w, https:\/\/rmvapesale.com\/wp-content\/uploads\/2024\/10\/AIVONO-Aim-Bang-Maxi-15000-Puffs-Disposable-Vape-Flavour-150x150.png 150w, https:\/\/rmvapesale.com\/wp-content\/uploads\/2024\/10\/AIVONO-Aim-Bang-Maxi-15000-Puffs-Disposable-Vape-Flavour-768x768.png 768w, https:\/\/rmvapesale.com\/wp-content\/uploads\/2024\/10\/AIVONO-Aim-Bang-Maxi-15000-Puffs-Disposable-Vape-Flavour-600x600.png 600w, https:\/\/rmvapesale.com\/wp-content\/uploads\/2024\/10\/AIVONO-Aim-Bang-Maxi-15000-Puffs-Disposable-Vape-Flavour-100x100.png 100w\" sizes=\"auto, (max-width: 808px) 100vw, 808px\" \/><figcaption id=\"caption-attachment-2378\" class=\"wp-caption-text\">AIVONO Aim Bang Maxi 15000 Vdihov Enkratna Vapa Okus<\/figcaption><\/figure>\n<h3><\/h3>\n<h3><strong>Zakaj izbrati Rmvapesale za Aivono Aim Bang Maxi 15000 Vdihov Polnljivi Vapa<\/strong><strong>?<\/strong><\/h3>\n<div class=\"flex-shrink-0 flex flex-col relative items-end\">\n<div>\n<div class=\"pt-0\">\n<div class=\"gizmo-bot-avatar flex h-8 w-8 items-center justify-center overflow-hidden rounded-full\">\n<div class=\"relative p-1 rounded-sm flex items-center justify-center bg-token-main-surface-primary text-token-text-primary h-8 w-8\">\n<p>&nbsp;<\/p>\n<p>Ko izberete Rmvapesale za svoje potrebe po veleprodaji vapov za enkratno uporabo, boste imeli koristi od:<\/p>\n<ul>\n<li><strong>Konkuren\u010dna cena<\/strong>: Pridobite dostop do privla\u010dnih veleprodajnih cen, ki pove\u010dajo va\u0161e poslovne mar\u017ee.<\/li>\n<li><strong>Visoka kvaliteta<\/strong>: Na\u0161i vapi so izdelani po najvi\u0161jih standardih in <span style=\"color: #ff0000\"><strong>zagotovljeno 100% originalno in pristno, sicer bo za ponarejeno blago zagotovljeno 10-kratno nadomestilo!<\/strong><\/span><\/li>\n<li><strong>Odli\u010dna storitev za stranke<\/strong>: Na\u0161a predana ekipa vam je vedno pripravljena pomagati, kar naredi va\u0161 postopek nakupa gladek in brez te\u017eav.<\/li>\n<li><strong>Hitro<\/strong>: Pri\u010dakujte hitro in zanesljivo po\u0161iljanje, ki zagotavlja, da va\u0161a naro\u010dila prispejo pravo\u010dasno, vsaki\u010d.<\/li>\n<\/ul>\n<h3><\/h3>\n<h3><b>Pogosta vpra\u0161anja<\/b><\/h3>\n<p>&nbsp;<\/p>\n<\/div>\n<\/div>\n<\/div>\n<\/div>\n<\/div>\n<div class=\"group\/conversation-turn relative flex w-full min-w-0 flex-col agent-turn\">\n<div class=\"flex-col gap-1 md:gap-3\">\n<div class=\"flex max-w-full flex-col flex-grow\">\n<div class=\"min-h-8 text-message flex w-full flex-col items-end gap-2 whitespace-normal break-words [.text-message+&amp;]:mt-5\" dir=\"auto\" data-message-author-role=\"assistant\" data-message-id=\"f226d3fc-81f3-46d5-8c46-31787fff0357\">\n<div class=\"flex w-full flex-col gap-1 empty:hidden first:pt-[3px]\">\n<div class=\"markdown prose w-full break-words dark:prose-invert light\">\n<p><strong>1. Koliko vdihov ponuja enkratna vapa AIVONO Bang Maxi 15k Vdihov?<\/strong><br \/>\nThe <strong>AIVONO Bang Maxi<\/strong> nudi impresivno <strong>15.000 potiskov<\/strong>, zagotavlja dolgotrajne seje vapinga brez pogostega menjavanja. Je ena izmed najbolj\u0161ih izbirov v <strong>vapiranje na voljo poceni<\/strong> kategoriji za tiste, ki i\u0161\u010dejo podalj\u0161ano uporabo.<\/p>\n<p><strong>2. Ali je mogo\u010de ponovno napolniti AIVONO 15000 Vdihov?<\/strong><br \/>\nDa, <strong>AIVONO Vapa 15000 Vdihov Enkratna Vapa<\/strong> is <strong>polnjenje<\/strong>. Prina\u0161a zmogljivo baterijo 650mAh in a <strong>Type-C<\/strong>, ki omogo\u010da hitro in u\u010dinkovito polnjenje. To ga uvr\u0161\u010da med najbolj\u0161e mo\u017enosti za tiste, ki i\u0161\u010dejo <strong>polnjenje na voljo za prodajo<\/strong> naprava.<\/p>\n<p><strong>3. Kak\u0161ne ravni nikotina so na voljo v AIVONO Aim 15000 Puffs?<\/strong><br \/>\nThe <strong>AIVONO AIM 15000 Puffs<\/strong> ponuja raznolikost jakosti nikotina, ki ustreza razli\u010dnim \u017eeljam, vklju\u010dno z <strong>5%, 3%, 2% in 0% (brez nikotina)<\/strong>. Lahko izberete raven, ki najbolje ustreza va\u0161im potrebam.<\/p>\n<p><strong>4. Kak\u0161ni so priljubljeni okusi AIVONO AIM Bang Maxi 15000 Puffs?<\/strong><br \/>\nNekateri izmed priljubljenih <strong>okusov AIVONO AIM 15000 Puffs<\/strong> vklju\u010dujejo <strong>Blue Razz<\/strong>, <strong>Royal Grape<\/strong>, <strong>Ledena Breskev<\/strong>, <strong>Ledena lubenica<\/strong>, in \u0161e ve\u010d. Ti okusi nudijo gladko in prijetno izku\u0161njo vapinga. \u0160iroka izbira olaj\u0161a iskanje popolnega okusa za va\u0161 okus.<\/p>\n<p><strong>5. Ali lahko kupim AIVONO Bang Maxi 15K Puffs na debelo ali na veliko?<\/strong><br \/>\nDa, <strong>AIVONO Bang Maxi 15000 Puffs<\/strong> je na voljo za <strong>velike koli\u010dine<\/strong> in <strong>veliko<\/strong> nakupov. \u010ce \u017eelite zalogo ali oskrbovati svojo trgovino, je ta vaporizator odli\u010dna izbira za <strong>AIVONO Bang Maxi 15000 Vdihov na debelo<\/strong> trg, ki ponuja vrhunske funkcije po konkuren\u010dnih cenah.<\/p>\n<\/div>\n<\/div>\n<\/div>\n<\/div>\n<\/div>\n<\/div>\n<p>&nbsp;<\/p>\n<h3><\/h3>\n<h3>O po\u0161iljanju<\/h3>\n<div class=\"flex-shrink-0 flex flex-col relative items-end\">\n<div>\n<div class=\"pt-0\">\n<div class=\"gizmo-bot-avatar flex h-8 w-8 items-center justify-center overflow-hidden rounded-full\">\n<div><\/div>\n<div class=\"relative p-1 rounded-sm flex items-center justify-center bg-token-main-surface-primary text-token-text-primary h-8 w-8\"><strong>1. Katere metode po\u0161iljanja se uporabljajo?<\/strong><\/div>\n<\/div>\n<\/div>\n<\/div>\n<\/div>\n<div class=\"group\/conversation-turn relative flex w-full min-w-0 flex-col agent-turn\">\n<div class=\"flex-col gap-1 md:gap-3\">\n<div class=\"flex max-w-full flex-col flex-grow\">\n<div class=\"min-h-[20px] text-message flex w-full flex-col items-end gap-2 whitespace-normal break-words [.text-message+&amp;]:mt-5 overflow-x-auto\" dir=\"auto\" data-message-author-role=\"assistant\" data-message-id=\"22f8283b-3233-46ff-89a5-c7a41b33abda\">\n<div class=\"flex w-full flex-col gap-1 empty:hidden first:pt-[3px]\">\n<div class=\"markdown prose w-full break-words dark:prose-invert light\">\n<p>Sodelujemo z UPS, DHL, FedEx, DPD in drugimi vodilnimi prevozniki. Izbrali bomo najbolj\u0161i na\u010din po\u0161iljanja glede na va\u0161o lokacijo dostave, da zagotovimo, da boste izdelke prejeli \u010dim hitreje.<\/p>\n<\/div>\n<p><strong>2. Kako dolgo traja, da prispe?<\/strong><\/p>\n<p>Paketi, poslani v Slovenijo, obi\u010dajno prispejo v 10 delovnih dneh. Po\u0161iljanje v evropske dr\u017eave obi\u010dajno traja pribli\u017eno 12-15 delovnih dni. Zagotovili vam bomo sprotne posodobitve o statusu va\u0161ega po\u0161iljanja.<\/p>\n<\/div>\n<\/div>\n<\/div>\n<\/div>\n<\/div>\n<p>&nbsp;<\/p>\n<p>Drugi vro\u010d prodajni vape, ki vam bo morda v\u0161e\u010d:<\/p>\n<p><a href=\"https:\/\/rmvapesale.com\/sl\/product\/mrvi-puffing-15000-puff-disposable-vape-box\/\"><strong>MRVI PUFFING 15000 Vdihov\u00a0 \u00a0<span style=\"color: #ff0000\">&gt;&gt;&gt;&gt; pojdi!<\/span><\/strong><\/a><\/p>\n<p><strong><a href=\"https:\/\/rmvapesale.com\/sl\/product\/bang-box-18000-puffs-led-display-disposable-vape-original\/\">BANG Vape 18000 Vdihov <span style=\"color: #ff0000\">&gt;&gt;&gt;&gt; pojdi!<\/span><\/a>\u00a0<\/strong><\/p>\n<p><a href=\"https:\/\/rmvapesale.com\/sl\/product\/fihp-shisha-hookah-12000-puffs-monster-low-nicotine-vape-pen\/\"><strong>FIHP Shisha Hookah 12000 Vdihov <span style=\"color: #ff0000\">&gt;&gt;&gt;&gt; pojdi!<\/span><\/strong><\/a><\/p>\n<p>&nbsp;<\/p>\n<p>&nbsp;<\/p>\n<p>Poi\u0161\u010di ve\u010d izdelkov Vape, ki so ti morda v\u0161e\u010d:<strong><em><a href=\"https:\/\/rmvapesale.com\/sl\/shop-2\/\">nakupuj zdaj &gt;&gt;&gt;<\/a><\/em><\/strong><\/p>","protected":false},"excerpt":{"rendered":"<p>AIVONO Aim Bang Maxi 15000 Puffs Disposable Vape<br \/>\nAivono Aim Bang Maxi 15000 Puffs Velikoprodajna cena<br \/>\nAIVONO BANG MAXI 15000 0% 2% 3% 5% Vape z nizko nikotinom<\/p>\n<p><img loading=\"lazy\" decoding=\"async\" class=\"size-full wp-image-1978\" src=\"https:\/\/rmvapesale.com\/wp-content\/uploads\/2024\/09\/Disposable-Vape-Wholesale.jpg\" alt=\"Vape za enkratno uporabo na debelo\" width=\"229\" height=\"300\" \/><\/p>\n<h3><a href=\"https:\/\/wa.me\/8617776015835\"><span style=\"color: #ff0000\"><strong>WhatsApp: +86 17776015835<\/strong><\/span><\/a><\/h3>\n<p>&nbsp;<\/p>","protected":false},"featured_media":2377,"comment_status":"open","ping_status":"closed","template":"","meta":{"_uag_custom_page_level_css":"","_lmt_disableupdate":"","_lmt_disable":"","site-sidebar-layout":"default","site-content-layout":"content-boxed-container","ast-site-content-layout":"normal-width-container","site-content-style":"boxed","site-sidebar-style":"unboxed","ast-global-header-display":"","ast-banner-title-visibility":"","ast-main-header-display":"","ast-hfb-above-header-display":"","ast-hfb-below-header-display":"","ast-hfb-mobile-header-display":"","site-post-title":"","ast-breadcrumbs-content":"","ast-featured-img":"","footer-sml-layout":"","ast-disable-related-posts":"","theme-transparent-header-meta":"default","adv-header-id-meta":"","stick-header-meta":"","header-above-stick-meta":"","header-main-stick-meta":"","header-below-stick-meta":"","astra-migrate-meta-layouts":"set","ast-page-background-enabled":"default","ast-page-background-meta":{"desktop":{"background-color":"var(--ast-global-color-4)","background-image":"","background-repeat":"repeat","background-position":"center center","background-size":"auto","background-attachment":"scroll","background-type":"","background-media":"","overlay-type":"","overlay-color":"","overlay-opacity":"","overlay-gradient":""},"tablet":{"background-color":"","background-image":"","background-repeat":"repeat","background-position":"center center","background-size":"auto","background-attachment":"scroll","background-type":"","background-media":"","overlay-type":"","overlay-color":"","overlay-opacity":"","overlay-gradient":""},"mobile":{"background-color":"","background-image":"","background-repeat":"repeat","background-position":"center center","background-size":"auto","background-attachment":"scroll","background-type":"","background-media":"","overlay-type":"","overlay-color":"","overlay-opacity":"","overlay-gradient":""}},"ast-content-background-meta":{"desktop":{"background-color":"var(--ast-global-color-5)","background-image":"","background-repeat":"repeat","background-position":"center center","background-size":"auto","background-attachment":"scroll","background-type":"","background-media":"","overlay-type":"","overlay-color":"","overlay-opacity":"","overlay-gradient":""},"tablet":{"background-color":"var(--ast-global-color-5)","background-image":"","background-repeat":"repeat","background-position":"center center","background-size":"auto","background-attachment":"scroll","background-type":"","background-media":"","overlay-type":"","overlay-color":"","overlay-opacity":"","overlay-gradient":""},"mobile":{"background-color":"var(--ast-global-color-5)","background-image":"","background-repeat":"repeat","background-position":"center center","background-size":"auto","background-attachment":"scroll","background-type":"","background-media":"","overlay-type":"","overlay-color":"","overlay-opacity":"","overlay-gradient":""}},"_joinchat":[]},"product_brand":[],"product_cat":[15,61,27,138,25,123,30,26,28,137,136,135],"product_tag":[147,146,126,111,105,132,120],"class_list":{"0":"post-2384","1":"product","2":"type-product","3":"status-publish","4":"has-post-thumbnail","6":"product_cat-new-vape-this-week","7":"product_cat-15000-puffs-disposable-vapes","8":"product_cat-fance-hot-sale-vape","9":"product_cat-fihp-disposable-vapes","10":"product_cat-germany-best-selling-vape","11":"product_cat-italy-wholesale-vape","12":"product_cat-minimum-order-quantity-50pcs","13":"product_cat-netherlands-hot-sale-vape","14":"product_cat-poland-hot-sale-vape","15":"product_cat-rechargeable-vapes","16":"product_cat-smart-screen-vapes","17":"product_cat-spain-best-hot-sale-vape","18":"product_tag-aivono-aim-bang-maxi-15000-puffs-wholesale","19":"product_tag-best-hot-sale-vape","20":"product_tag-e-cigarettes","21":"product_tag-low-nicotine-disposable-vape","22":"product_tag-nicotine-free-disposable-vape","23":"product_tag-rechargeable-vape","24":"product_tag-vape-wholesale","25":"desktop-align-left","26":"tablet-align-left","27":"mobile-align-left","29":"first","30":"instock","31":"sale","32":"shipping-taxable","33":"purchasable","34":"product-type-simple"},"uagb_featured_image_src":{"full":["https:\/\/rmvapesale.com\/wp-content\/uploads\/2024\/10\/AIVONO-Aim-Vape-Bang-Maxi-15000-Puffs.png",808,808,false],"thumbnail":["https:\/\/rmvapesale.com\/wp-content\/uploads\/2024\/10\/AIVONO-Aim-Vape-Bang-Maxi-15000-Puffs-150x150.png",150,150,true],"medium":["https:\/\/rmvapesale.com\/wp-content\/uploads\/2024\/10\/AIVONO-Aim-Vape-Bang-Maxi-15000-Puffs-300x300.png",300,300,true],"medium_large":["https:\/\/rmvapesale.com\/wp-content\/uploads\/2024\/10\/AIVONO-Aim-Vape-Bang-Maxi-15000-Puffs-768x768.png",768,768,true],"large":["https:\/\/rmvapesale.com\/wp-content\/uploads\/2024\/10\/AIVONO-Aim-Vape-Bang-Maxi-15000-Puffs.png",808,808,false],"1536x1536":["https:\/\/rmvapesale.com\/wp-content\/uploads\/2024\/10\/AIVONO-Aim-Vape-Bang-Maxi-15000-Puffs.png",808,808,false],"2048x2048":["https:\/\/rmvapesale.com\/wp-content\/uploads\/2024\/10\/AIVONO-Aim-Vape-Bang-Maxi-15000-Puffs.png",808,808,false],"trp-custom-language-flag":["https:\/\/rmvapesale.com\/wp-content\/uploads\/2024\/10\/AIVONO-Aim-Vape-Bang-Maxi-15000-Puffs.png",12,12,false],"woocommerce_thumbnail":["https:\/\/rmvapesale.com\/wp-content\/uploads\/2024\/10\/AIVONO-Aim-Vape-Bang-Maxi-15000-Puffs-300x300.png",300,300,true],"woocommerce_single":["https:\/\/rmvapesale.com\/wp-content\/uploads\/2024\/10\/AIVONO-Aim-Vape-Bang-Maxi-15000-Puffs-600x600.png",600,600,true],"woocommerce_gallery_thumbnail":["https:\/\/rmvapesale.com\/wp-content\/uploads\/2024\/10\/AIVONO-Aim-Vape-Bang-Maxi-15000-Puffs-100x100.png",100,100,true],"wcpr-photo-reviews":["https:\/\/rmvapesale.com\/wp-content\/uploads\/2024\/10\/AIVONO-Aim-Vape-Bang-Maxi-15000-Puffs.png",500,500,false]},"uagb_author_info":{"display_name":"AMY","author_link":"https:\/\/rmvapesale.com\/sl\/author\/"},"uagb_comment_info":0,"uagb_excerpt":"AIVONO Aim Bang Maxi 15000 Puffs Disposable Vape Aivono Aim Bang Maxi 15000 Puffs Wholesale Price AIVONO BANG MAXI 15000 0% 2% 3% 5% Low Nicotine Vape WhatsApp: +86 17776015835 &nbsp;","_links":{"self":[{"href":"https:\/\/rmvapesale.com\/sl\/wp-json\/wp\/v2\/product\/2384","targetHints":{"allow":["GET"]}}],"collection":[{"href":"https:\/\/rmvapesale.com\/sl\/wp-json\/wp\/v2\/product"}],"about":[{"href":"https:\/\/rmvapesale.com\/sl\/wp-json\/wp\/v2\/types\/product"}],"replies":[{"embeddable":true,"href":"https:\/\/rmvapesale.com\/sl\/wp-json\/wp\/v2\/comments?post=2384"}],"wp:featuredmedia":[{"embeddable":true,"href":"https:\/\/rmvapesale.com\/sl\/wp-json\/wp\/v2\/media\/2377"}],"wp:attachment":[{"href":"https:\/\/rmvapesale.com\/sl\/wp-json\/wp\/v2\/media?parent=2384"}],"wp:term":[{"taxonomy":"product_brand","embeddable":true,"href":"https:\/\/rmvapesale.com\/sl\/wp-json\/wp\/v2\/product_brand?post=2384"},{"taxonomy":"product_cat","embeddable":true,"href":"https:\/\/rmvapesale.com\/sl\/wp-json\/wp\/v2\/product_cat?post=2384"},{"taxonomy":"product_tag","embeddable":true,"href":"https:\/\/rmvapesale.com\/sl\/wp-json\/wp\/v2\/product_tag?post=2384"}],"curies":[{"name":"wp","href":"https:\/\/api.w.org\/{rel}","templated":true}]}}