{"id":2410,"date":"2024-10-15T03:28:17","date_gmt":"2024-10-15T03:28:17","guid":{"rendered":"https:\/\/rmvapesale.com\/?post_type=product&#038;p=2410"},"modified":"2024-10-15T08:43:04","modified_gmt":"2024-10-15T08:43:04","slug":"bang-box-20000-puffs-vape-0-2-5-nicotine","status":"publish","type":"product","link":"https:\/\/rmvapesale.com\/sl\/product\/bang-box-20000-puffs-vape-0-2-5-nicotine\/","title":{"rendered":"Bang Box 20000 Vdihov Vape 0% 2% 5% Nikotin"},"content":{"rendered":"<div class=\"B2VR9 CJHX3e\">\n<div class=\"wyccme\">\n<h1 class=\"LC20lb MBeuO DKV0Md\">Bang Box 20000 Vdihov Vape 0% 2% 5% Nikotin<\/h1>\n<div class=\"flex-shrink-0 flex flex-col relative items-end\">\n<div class=\"pt-0\">\n<div class=\"gizmo-bot-avatar flex h-8 w-8 items-center justify-center overflow-hidden rounded-full\">\n<div class=\"relative p-1 rounded-sm flex items-center justify-center bg-token-main-surface-primary text-token-text-primary h-8 w-8\">\n<p>Bang Box 20000 Vdihljajev Vape je izjemen izdelek na trgu vapinga, zasnovan za prilo\u017enostne in predane vaperje. Z do 20.000 vdihljaji ponuja dolgotrajno izku\u0161njo vapinga, ki je hkrati priro\u010dna in ekonomi\u010dna. Ta vape pisalo je na voljo v razli\u010dnih jakostih nikotina, vklju\u010dno z 0%, 2%, 3% in 5%, kar uporabnikom omogo\u010da, da izberejo \u017eeleno raven.<\/p>\n<p>Ena izmed klju\u010dnih lastnosti Bang Box 20k Vdihljajev je njegova polnilna baterija, ki izbolj\u0161a njegovo trajnost v primerjavi s tradicionalnimi vapes za enkratno uporabo. Ta bang vape je opremljen z 25 ml kapaciteto e-teko\u010dine, kar zagotavlja, da lahko uporabniki u\u017eivajo v podalj\u0161anih sejah.<\/p>\n<p>Poleg tega je Bang 20000 palica zasnovana s sistemom z dvojno mre\u017easto tuljavo, ki izbolj\u0161a okus in proizvodnjo pare, zaradi \u010desar je vsak vpih zadovoljiv. Elegantna in prenosna zasnova omogo\u010da enostavno prena\u0161anje, kar ustreza potrebam uporabnikov, ki so vedno na poti.<\/p>\n<p>Na splo\u0161no je Bang Box 20000 Vdihljajev Vape za enkratno uporabo odli\u010dna izbira za tiste, ki i\u0161\u010dejo zanesljivo mo\u017enost vapinga z veliko vpihi.<\/p>\n<\/div>\n<\/div>\n<\/div>\n<\/div>\n<\/div>\n<\/div>\n<p><strong>Kontaktirajte Amy za pravi odgovor in ve\u010d videoposnetkov o izdelkih!<\/strong><\/p>\n<p><img loading=\"lazy\" decoding=\"async\" class=\"size-full wp-image-1978\" src=\"https:\/\/rmvapesale.com\/wp-content\/uploads\/2024\/09\/Disposable-Vape-Wholesale.jpg\" alt=\"Vape za enkratno uporabo na debelo\" width=\"229\" height=\"300\" \/><\/p>\n<h3><a href=\"https:\/\/wa.me\/8617776015835\" target=\"_blank\" rel=\"noopener\"><span style=\"color: #ff0000\"><strong>WhatsApp: +86 17776015835<\/strong><\/span><\/a><\/h3>\n<p>&nbsp;<\/p>\n<h2><\/h2>\n<h2><strong>Bang Vape za enkratno uporabo 20000 Klju\u010dne lastnosti<\/strong><\/h2>\n<p>Vdihljaji: DO 20000 vdihljajev<br \/>\nTeko\u010dina: 35 mL napolnjeno<br \/>\nNikotin: 0% 2% 3% 5%<br \/>\nJedro: Mre\u017easta tuljava 1.0\u03a9<br \/>\nBaterija: 850mAh polnilna tip-c<br \/>\nPametni zaslon za olje in e-teko\u010dino<\/p>\n<h2><\/h2>\n<h2><strong>Najbolj\u0161i okus za Bang 20000 Vdihljajev Zaslon Pametni Vape<\/strong><\/h2>\n<p>Bang Box 20000 Vdihljajev Vape ponuja raznoliko paleto okusov, zasnovanih za razli\u010dne preference. Vsak okus je izdelan tako, da zagotavlja edinstveno izku\u0161njo vapinga, kar uporabnikom zagotavlja, da lahko najdejo nekaj, kar ustreza njihovemu okusu. Priljubljene mo\u017enosti vklju\u010dujejo sadne okuse, kot so lubenica, mango in me\u0161ano jagodi\u010devje, ki prina\u0161ajo osve\u017eujo\u010d in sladek ob\u010dutek.<\/p>\n<p>1.Jagoda kivi<br \/>\n2.Kivi pasijonka guava<span style=\"color: #ff0000\"><strong>&gt;&gt;&gt;&gt; Vro\u010de!<\/strong><\/span><br \/>\n3. Jagoda lubenica<span style=\"color: #ff0000\"><strong>&gt;&gt;&gt;&gt; Vro\u010de!<\/strong><\/span><br \/>\n4.Malina lubenica<br \/>\n5.Borovnica kisla malina led<br \/>\n6.Lubenica led<br \/>\n7.Banana led<br \/>\n8.Mango breskev<br \/>\n9.Moder razz led<span style=\"color: #ff0000\"><strong>&gt;&gt;&gt;&gt; Najbolj\u0161e!<\/strong><\/span><br \/>\n10.Gospod modri<br \/>\n11.Grozdje led<br \/>\n12.Mango na ledu<\/p>\n<figure id=\"attachment_2404\" aria-describedby=\"caption-attachment-2404\" style=\"width: 800px\" class=\"wp-caption alignnone\"><img loading=\"lazy\" decoding=\"async\" class=\"wp-image-2404 size-full\" src=\"https:\/\/rmvapesale.com\/wp-content\/uploads\/2024\/10\/Bang-box-20000-Puffs-Disposable-Vape-Bulk-Buy.jpg\" alt=\"Bang box 20000 Puffs Razpolo\u017eljiva E-cigareta Nakup na debelo\" width=\"800\" height=\"504\" srcset=\"https:\/\/rmvapesale.com\/wp-content\/uploads\/2024\/10\/Bang-box-20000-Puffs-Disposable-Vape-Bulk-Buy.jpg 800w, https:\/\/rmvapesale.com\/wp-content\/uploads\/2024\/10\/Bang-box-20000-Puffs-Disposable-Vape-Bulk-Buy-300x189.jpg 300w, https:\/\/rmvapesale.com\/wp-content\/uploads\/2024\/10\/Bang-box-20000-Puffs-Disposable-Vape-Bulk-Buy-768x484.jpg 768w, https:\/\/rmvapesale.com\/wp-content\/uploads\/2024\/10\/Bang-box-20000-Puffs-Disposable-Vape-Bulk-Buy-600x378.jpg 600w\" sizes=\"auto, (max-width: 800px) 100vw, 800px\" \/><figcaption id=\"caption-attachment-2404\" class=\"wp-caption-text\">Bang box 20000 Puffs Razpolo\u017eljiva E-cigareta Nakup na debelo<\/figcaption><\/figure>\n<h3><\/h3>\n<h3><strong>Zakaj izbrati Rmvapesale za Bang Vape Puff 20000 E-cigareto za ponovno polnjenje<\/strong><strong>?<\/strong><\/h3>\n<div class=\"flex-shrink-0 flex flex-col relative items-end\">\n<div class=\"pt-0\">\n<div class=\"gizmo-bot-avatar flex h-8 w-8 items-center justify-center overflow-hidden rounded-full\">\n<div class=\"relative p-1 rounded-sm flex items-center justify-center bg-token-main-surface-primary text-token-text-primary h-8 w-8\">\n<p>&nbsp;<\/p>\n<p>Ko izberete Rmvapesale za svoje potrebe po veleprodaji vapov za enkratno uporabo, boste imeli koristi od:<\/p>\n<ul>\n<li><strong>Konkuren\u010dna cena<\/strong>: Pridobite dostop do privla\u010dnih veleprodajnih cen, ki pove\u010dajo va\u0161e poslovne mar\u017ee.<\/li>\n<li><strong>Visoka kvaliteta<\/strong>: Na\u0161i vapi so izdelani po najvi\u0161jih standardih in <span style=\"color: #ff0000\"><strong>zagotovljeno 100% originalno in pristno, sicer bo za ponarejeno blago zagotovljeno 10-kratno nadomestilo!<\/strong><\/span><\/li>\n<li><strong>Odli\u010dna storitev za stranke<\/strong>: Na\u0161a predana ekipa vam je vedno pripravljena pomagati, kar naredi va\u0161 postopek nakupa gladek in brez te\u017eav.<\/li>\n<li><strong>Hitro<\/strong>: Pri\u010dakujte hitro in zanesljivo po\u0161iljanje, ki zagotavlja, da va\u0161a naro\u010dila prispejo pravo\u010dasno, vsaki\u010d.<\/li>\n<\/ul>\n<\/div>\n<h3><\/h3>\n<div class=\"relative p-1 rounded-sm flex items-center justify-center bg-token-main-surface-primary text-token-text-primary h-8 w-8\">\n<h3><b>Pogosta vpra\u0161anja<\/b><\/h3>\n<p>&nbsp;<\/p>\n<\/div>\n<\/div>\n<\/div>\n<\/div>\n<div class=\"group\/conversation-turn relative flex w-full min-w-0 flex-col agent-turn\">\n<div class=\"flex-col gap-1 md:gap-3\">\n<div class=\"flex max-w-full flex-col flex-grow\">\n<div class=\"min-h-8 text-message flex w-full flex-col items-end gap-2 whitespace-normal break-words [.text-message+&amp;]:mt-5\" dir=\"auto\" data-message-author-role=\"assistant\" data-message-id=\"f226d3fc-81f3-46d5-8c46-31787fff0357\">\n<div class=\"flex w-full flex-col gap-1 empty:hidden first:pt-[3px]\">\n<div class=\"markdown prose w-full break-words dark:prose-invert light\">\n<p>1. Koliko vdihov ima Bang Box 20.000 Puffs E-cigareta?<br \/>\nE-cigareta za enkratno uporabo Bang Box ponuja do 20.000 vdihov na napravo, kar jo naredi za dolgotrajno mo\u017enost za uporabnike, ki i\u0161\u010dejo podalj\u0161ano uporabo brez pogostih menjav.<\/p>\n<p>2. Kak\u0161ne so mo\u010di nikotina na voljo za Bang Box 20000 E-cigareto?<br \/>\nTa e-cigareta je na voljo s \u0161tirimi mo\u017enostmi koncentracije nikotina: 0%, 2%, 3% in 5%. Uporabniki lahko izbirajo glede na svoje osebne preference ali toleranco na nikotin.<\/p>\n<p>3. Ali je Bang Vape 20.000 mogo\u010de ponovno napolniti?<br \/>\nDa, napravo je mogo\u010de ponovno napolniti, kar uporabnikom omogo\u010da, da izkoristijo visok \u0161tevec vdihov, ne da bi jih skrbelo, da se bo baterija izpraznila, preden bo e-teko\u010dina porabljena.<\/p>\n<p>4. Kateri okusi so na voljo za Bang Box 20.000 E-cigareto za ponovno polnjenje?<br \/>\nNaprava je na voljo v razli\u010dnih okusih. Vendar se specifi\u010dni okusi lahko razlikujejo glede na trgovca na drobno ali proizvajal\u010dev izbor. Tipi\u010dne mo\u017enosti vklju\u010dujejo priljubljene sadne, mentolove in sladice, ki so navdihnjene z okusi.<\/p>\n<p>5. Ali lahko kupim Bang Disposable 20.000 Puffs na debelo?<br \/>\nDa, naprava je na voljo za nakup v velikih koli\u010dinah, zaradi \u010desar je idealna za veleprodajne kupce ali posameznike, ki \u017eelijo kupiti veliko koli\u010dino e-cigaret za enkratno uporabo.<\/p>\n<p>6. Ali je e-cigareta Bang Box 20.000 Puffs primerna za za\u010detnike?<br \/>\nE-cigareta Bang Box je zasnovana za preprosto uporabo, brez potrebe po vzdr\u017eevanju. Zaradi uporabniku prijaznega dizajna in velikega \u0161tevila vdihov je primerna tako za za\u010detnike kot za izku\u0161ene uporabnike.<\/p>\n<\/div>\n<\/div>\n<\/div>\n<\/div>\n<\/div>\n<\/div>\n<h3>O po\u0161iljanju<\/h3>\n<div class=\"flex-shrink-0 flex flex-col relative items-end\">\n<div>\n<div class=\"pt-0\">\n<div class=\"gizmo-bot-avatar flex h-8 w-8 items-center justify-center overflow-hidden rounded-full\">\n<div><\/div>\n<div class=\"relative p-1 rounded-sm flex items-center justify-center bg-token-main-surface-primary text-token-text-primary h-8 w-8\"><strong>1. Katere metode po\u0161iljanja se uporabljajo?<\/strong><\/div>\n<\/div>\n<\/div>\n<\/div>\n<\/div>\n<div class=\"group\/conversation-turn relative flex w-full min-w-0 flex-col agent-turn\">\n<div class=\"flex-col gap-1 md:gap-3\">\n<div class=\"flex max-w-full flex-col flex-grow\">\n<div class=\"min-h-[20px] text-message flex w-full flex-col items-end gap-2 whitespace-normal break-words [.text-message+&amp;]:mt-5 overflow-x-auto\" dir=\"auto\" data-message-author-role=\"assistant\" data-message-id=\"22f8283b-3233-46ff-89a5-c7a41b33abda\">\n<div class=\"flex w-full flex-col gap-1 empty:hidden first:pt-[3px]\">\n<div class=\"markdown prose w-full break-words dark:prose-invert light\">\n<p>Sodelujemo z UPS, DHL, FedEx, DPD in drugimi vodilnimi prevozniki. Izbrali bomo najbolj\u0161i na\u010din po\u0161iljanja glede na va\u0161o lokacijo dostave, da zagotovimo, da boste izdelke prejeli \u010dim hitreje.<\/p>\n<\/div>\n<p><strong>2. Kako dolgo traja, da prispe?<\/strong><\/p>\n<p>Paketi, poslani v Slovenijo, obi\u010dajno prispejo v 10 delovnih dneh. Po\u0161iljanje v evropske dr\u017eave obi\u010dajno traja pribli\u017eno 12-15 delovnih dni. Zagotovili vam bomo sprotne posodobitve o statusu va\u0161ega po\u0161iljanja.<\/p>\n<\/div>\n<\/div>\n<\/div>\n<\/div>\n<\/div>\n<p>&nbsp;<\/p>\n<p>Drugi vro\u010d prodajni vape, ki vam bo morda v\u0161e\u010d:<\/p>\n<p><a href=\"https:\/\/rmvapesale.com\/sl\/product\/bang-vape-30000-pro-disposables-wholesale\/\"><strong>Bang King 30000 vdihov\u00a0 \u00a0<span style=\"color: #ff0000\">&gt;&gt;&gt;&gt; pojdi!<\/span><\/strong><\/a><\/p>\n<p><strong><a href=\"https:\/\/rmvapesale.com\/sl\/product\/faivono-bang-maxi-15000-puffs-disposable-vape-bulk-wholesale\/\">AIVONO Aim Bang Maxi 15000 vdihov <span style=\"color: #ff0000\">&gt;&gt;&gt;&gt; pojdi!<\/span><\/a>\u00a0<\/strong><\/p>\n<p><a href=\"https:\/\/rmvapesale.com\/sl\/product\/bang-box-30000-puff-double-taste-smart-screen-disposable-vape\/\"><strong>Bang Vape Box 30000 vdihov <span style=\"color: #ff0000\">&gt;&gt;&gt;&gt; pojdi!<\/span><\/strong><\/a><\/p>\n<p>&nbsp;<\/p>\n<p>&nbsp;<\/p>\n<p>Poi\u0161\u010di ve\u010d izdelkov Vape, ki so ti morda v\u0161e\u010d:<strong><em><a href=\"https:\/\/rmvapesale.com\/sl\/shop-2\/\">nakupuj zdaj &gt;&gt;&gt;<\/a><\/em><\/strong><\/p>","protected":false},"excerpt":{"rendered":"<p>Bang Box 20000 Vdihljajev Vape za enkratno uporabo<br \/>\nBang 20000 Vdihljajev LED Zaslon Vape za enkratno uporabo<br \/>\nBang Box 20000 Vdihljajev Vapes Vape za enkratno uporabo<\/p>\n<p><img loading=\"lazy\" decoding=\"async\" class=\"size-full wp-image-1978\" src=\"https:\/\/rmvapesale.com\/wp-content\/uploads\/2024\/09\/Disposable-Vape-Wholesale.jpg\" alt=\"Vape za enkratno uporabo na debelo\" width=\"229\" height=\"300\" \/><\/p>\n<h3><a href=\"https:\/\/wa.me\/8617776015835\"><span style=\"color: #ff0000\"><strong>WhatsApp: +86 17776015835<\/strong><\/span><\/a><\/h3>\n<p>&nbsp;<\/p>","protected":false},"featured_media":2407,"comment_status":"open","ping_status":"closed","template":"","meta":{"_uag_custom_page_level_css":"","_lmt_disableupdate":"","_lmt_disable":"","site-sidebar-layout":"default","site-content-layout":"content-boxed-container","ast-site-content-layout":"normal-width-container","site-content-style":"boxed","site-sidebar-style":"unboxed","ast-global-header-display":"","ast-banner-title-visibility":"","ast-main-header-display":"","ast-hfb-above-header-display":"","ast-hfb-below-header-display":"","ast-hfb-mobile-header-display":"","site-post-title":"","ast-breadcrumbs-content":"","ast-featured-img":"","footer-sml-layout":"","theme-transparent-header-meta":"default","adv-header-id-meta":"","stick-header-meta":"","header-above-stick-meta":"","header-main-stick-meta":"","header-below-stick-meta":"","astra-migrate-meta-layouts":"set","ast-page-background-enabled":"default","ast-page-background-meta":{"desktop":{"background-color":"var(--ast-global-color-4)","background-image":"","background-repeat":"repeat","background-position":"center center","background-size":"auto","background-attachment":"scroll","background-type":"","background-media":"","overlay-type":"","overlay-color":"","overlay-opacity":"","overlay-gradient":""},"tablet":{"background-color":"","background-image":"","background-repeat":"repeat","background-position":"center center","background-size":"auto","background-attachment":"scroll","background-type":"","background-media":"","overlay-type":"","overlay-color":"","overlay-opacity":"","overlay-gradient":""},"mobile":{"background-color":"","background-image":"","background-repeat":"repeat","background-position":"center center","background-size":"auto","background-attachment":"scroll","background-type":"","background-media":"","overlay-type":"","overlay-color":"","overlay-opacity":"","overlay-gradient":""}},"ast-content-background-meta":{"desktop":{"background-color":"var(--ast-global-color-5)","background-image":"","background-repeat":"repeat","background-position":"center center","background-size":"auto","background-attachment":"scroll","background-type":"","background-media":"","overlay-type":"","overlay-color":"","overlay-opacity":"","overlay-gradient":""},"tablet":{"background-color":"var(--ast-global-color-5)","background-image":"","background-repeat":"repeat","background-position":"center center","background-size":"auto","background-attachment":"scroll","background-type":"","background-media":"","overlay-type":"","overlay-color":"","overlay-opacity":"","overlay-gradient":""},"mobile":{"background-color":"var(--ast-global-color-5)","background-image":"","background-repeat":"repeat","background-position":"center center","background-size":"auto","background-attachment":"scroll","background-type":"","background-media":"","overlay-type":"","overlay-color":"","overlay-opacity":"","overlay-gradient":""}},"_joinchat":[]},"product_brand":[],"product_cat":[15,25,123,26,28,135,27,60,137,136,30],"product_tag":[152,148,150,146,126,111,132,85],"class_list":{"0":"post-2410","1":"product","2":"type-product","3":"status-publish","4":"has-post-thumbnail","6":"product_cat-new-vape-this-week","7":"product_cat-germany-best-selling-vape","8":"product_cat-italy-wholesale-vape","9":"product_cat-netherlands-hot-sale-vape","10":"product_cat-poland-hot-sale-vape","11":"product_cat-spain-best-hot-sale-vape","12":"product_cat-fance-hot-sale-vape","13":"product_cat-bang-vapes","14":"product_cat-rechargeable-vapes","15":"product_cat-smart-screen-vapes","16":"product_cat-minimum-order-quantity-50pcs","17":"product_tag-bang-20000-puff","18":"product_tag-bang-disposable-vape","19":"product_tag-bang-vape-bar","20":"product_tag-best-hot-sale-vape","21":"product_tag-e-cigarettes","22":"product_tag-low-nicotine-disposable-vape","23":"product_tag-rechargeable-vape","24":"product_tag-smart-disposable-vape","25":"desktop-align-left","26":"tablet-align-left","27":"mobile-align-left","29":"first","30":"instock","31":"sale","32":"shipping-taxable","33":"purchasable","34":"product-type-simple"},"uagb_featured_image_src":{"full":["https:\/\/rmvapesale.com\/wp-content\/uploads\/2024\/10\/Bang-box-20000-Puffs-Disposable-Vape-Rechargeable.jpg",800,800,false],"thumbnail":["https:\/\/rmvapesale.com\/wp-content\/uploads\/2024\/10\/Bang-box-20000-Puffs-Disposable-Vape-Rechargeable-150x150.jpg",150,150,true],"medium":["https:\/\/rmvapesale.com\/wp-content\/uploads\/2024\/10\/Bang-box-20000-Puffs-Disposable-Vape-Rechargeable-300x300.jpg",300,300,true],"medium_large":["https:\/\/rmvapesale.com\/wp-content\/uploads\/2024\/10\/Bang-box-20000-Puffs-Disposable-Vape-Rechargeable-768x768.jpg",768,768,true],"large":["https:\/\/rmvapesale.com\/wp-content\/uploads\/2024\/10\/Bang-box-20000-Puffs-Disposable-Vape-Rechargeable.jpg",800,800,false],"1536x1536":["https:\/\/rmvapesale.com\/wp-content\/uploads\/2024\/10\/Bang-box-20000-Puffs-Disposable-Vape-Rechargeable.jpg",800,800,false],"2048x2048":["https:\/\/rmvapesale.com\/wp-content\/uploads\/2024\/10\/Bang-box-20000-Puffs-Disposable-Vape-Rechargeable.jpg",800,800,false],"trp-custom-language-flag":["https:\/\/rmvapesale.com\/wp-content\/uploads\/2024\/10\/Bang-box-20000-Puffs-Disposable-Vape-Rechargeable.jpg",12,12,false],"woocommerce_thumbnail":["https:\/\/rmvapesale.com\/wp-content\/uploads\/2024\/10\/Bang-box-20000-Puffs-Disposable-Vape-Rechargeable-300x300.jpg",300,300,true],"woocommerce_single":["https:\/\/rmvapesale.com\/wp-content\/uploads\/2024\/10\/Bang-box-20000-Puffs-Disposable-Vape-Rechargeable-600x600.jpg",600,600,true],"woocommerce_gallery_thumbnail":["https:\/\/rmvapesale.com\/wp-content\/uploads\/2024\/10\/Bang-box-20000-Puffs-Disposable-Vape-Rechargeable-100x100.jpg",100,100,true],"wcpr-photo-reviews":["https:\/\/rmvapesale.com\/wp-content\/uploads\/2024\/10\/Bang-box-20000-Puffs-Disposable-Vape-Rechargeable.jpg",500,500,false]},"uagb_author_info":{"display_name":"AMY","author_link":"https:\/\/rmvapesale.com\/sl\/author\/"},"uagb_comment_info":0,"uagb_excerpt":"Bang Box 20000 Puffs Disposable Vape Bang 20000 Puffs LED Display Disposable Vape Bang Box 20000 Puff Vapes Disposable Vape WhatsApp: +86 17776015835 &nbsp;","_links":{"self":[{"href":"https:\/\/rmvapesale.com\/sl\/wp-json\/wp\/v2\/product\/2410","targetHints":{"allow":["GET"]}}],"collection":[{"href":"https:\/\/rmvapesale.com\/sl\/wp-json\/wp\/v2\/product"}],"about":[{"href":"https:\/\/rmvapesale.com\/sl\/wp-json\/wp\/v2\/types\/product"}],"replies":[{"embeddable":true,"href":"https:\/\/rmvapesale.com\/sl\/wp-json\/wp\/v2\/comments?post=2410"}],"wp:featuredmedia":[{"embeddable":true,"href":"https:\/\/rmvapesale.com\/sl\/wp-json\/wp\/v2\/media\/2407"}],"wp:attachment":[{"href":"https:\/\/rmvapesale.com\/sl\/wp-json\/wp\/v2\/media?parent=2410"}],"wp:term":[{"taxonomy":"product_brand","embeddable":true,"href":"https:\/\/rmvapesale.com\/sl\/wp-json\/wp\/v2\/product_brand?post=2410"},{"taxonomy":"product_cat","embeddable":true,"href":"https:\/\/rmvapesale.com\/sl\/wp-json\/wp\/v2\/product_cat?post=2410"},{"taxonomy":"product_tag","embeddable":true,"href":"https:\/\/rmvapesale.com\/sl\/wp-json\/wp\/v2\/product_tag?post=2410"}],"curies":[{"name":"wp","href":"https:\/\/api.w.org\/{rel}","templated":true}]}}