{"id":2441,"date":"2024-10-17T02:49:33","date_gmt":"2024-10-17T02:49:33","guid":{"rendered":"https:\/\/rmvapesale.com\/?post_type=product&#038;p=2441"},"modified":"2024-10-17T03:31:24","modified_gmt":"2024-10-17T03:31:24","slug":"elf-box-pulse-x-25000-disposable-vape-wholesale-germany","status":"publish","type":"product","link":"https:\/\/rmvapesale.com\/sl\/product\/elf-box-pulse-x-25000-disposable-vape-wholesale-germany\/","title":{"rendered":"Veleprodaja e-cigaret za enkratno uporabo ELF Box Pulse X 25000 Nem\u010dija"},"content":{"rendered":"<div class=\"B2VR9 CJHX3e\">\n<div class=\"wyccme\">\n<h1 class=\"LC20lb MBeuO DKV0Md\">Veleprodaja e-cigaret za enkratno uporabo ELF Box Pulse X 25000 Nem\u010dija<\/h1>\n<div class=\"flex-shrink-0 flex flex-col relative items-end\">\n<div class=\"pt-0\">\n<div class=\"gizmo-bot-avatar flex h-8 w-8 items-center justify-center overflow-hidden rounded-full\">\n<div class=\"relative p-1 rounded-sm flex items-center justify-center bg-token-main-surface-primary text-token-text-primary h-8 w-8\">\n<p>ELF Box Pulse X 25000 Vape za Enkratno Uporabo je vrhunska naprava za vaping, ki ponuja impresivnih 25.000 vpihov v obi\u010dajnem na\u010dinu in 15.000 vpihov v pulznem na\u010dinu. Kot ena izmed <strong>najbolj\u0161ih enkratnih vapov<\/strong> na trgu, je ta vape pod naprava zasnovana tako za za\u010detnike kot za izku\u0161ene uporabnike, saj ima sistem dvojne mre\u017easte tuljave (0,8ohm + 0,8ohm), ki izbolj\u0161uje okus in proizvodnjo pare. Z 18 ml prostornine e-teko\u010dine in ve\u010d mo\u017enostmi nikotina (0%, 2%, 3% in 5%), vklju\u010dno z <strong>E-cigareta za enkratno uporabo brez nikotina<\/strong> mo\u017enostjo, lahko uporabniki prilagodijo svojo izku\u0161njo vapinga svojim \u017eeljam. Napravo ELF Box 25000 poganja polnilna baterija s kapaciteto 750 mAh, ki zagotavlja dolgo \u017eivljenjsko dobo in priro\u010dnost.<\/p>\n<p>Na voljo v desetih razli\u010dnih okusih, je ELF Box Pulse X za enkratno uporabo popoln za tiste, ki i\u0161\u010dejo raznolikost in kakovost v svoji izku\u0161nji vapinga. S konkuren\u010dno ceno po veleprodajnih cenah je ta <strong>vape za enkratno uporabo<\/strong> idealen za trgovce na drobno in kupce v velikih koli\u010dinah, ki \u017eelijo svojim strankam ponuditi vrhunski izdelek. Za stranke v Evropi je to najbolj\u0161a izbira med <strong>vape napravami za enkratno uporabo Nem\u010dija<\/strong> mo\u017enostmi, in s svojo <strong>25000 vape napravo za enkratno uporabo<\/strong> kapaciteto bo zagotovo navdu\u0161ila.<\/p>\n<\/div>\n<\/div>\n<\/div>\n<\/div>\n<\/div>\n<\/div>\n<p><strong>Kontaktirajte Amy za pravi odgovor in ve\u010d videoposnetkov o izdelkih!<\/strong><\/p>\n<p><img loading=\"lazy\" decoding=\"async\" class=\"size-full wp-image-1978\" src=\"https:\/\/rmvapesale.com\/wp-content\/uploads\/2024\/09\/Disposable-Vape-Wholesale.jpg\" alt=\"Vape za enkratno uporabo na debelo\" width=\"229\" height=\"300\" \/><\/p>\n<h3><a href=\"https:\/\/wa.me\/8617776015835\" target=\"_blank\" rel=\"noopener\"><span style=\"color: #ff0000\"><strong>WhatsApp: +86 17776015835<\/strong><\/span><\/a><\/h3>\n<p>&nbsp;<\/p>\n<h2><\/h2>\n<h2><strong>Vape <\/strong><strong>Za enkratno uporabo <\/strong><strong>ELF Box Pulse 25000 <\/strong><strong>Klju\u010dne zna\u010dilnosti<\/strong><\/h2>\n<p>Vdihov: 13000 vdihov<br \/>\nNikotin: 0\/2\/3\/5%<br \/>\n23 ml E-teko\u010dine.<br \/>\nMre\u017easta Tuljava<br \/>\nBaterija za ponovno polnjenje<br \/>\nBarve RGB LED<br \/>\nIntegrirana 650 mAh baterija.<br \/>\nNa voljo je 16 okusov.<\/p>\n<h2><\/h2>\n<h2><strong>Najbolj\u0161i okus za <\/strong><strong>ELF Box Pulse X 25000<\/strong><strong>\u00a0<\/strong><strong>Za enkratno uporabo<\/strong><\/h2>\n<h2><\/h2>\n<p>Na voljo v desetih razli\u010dnih okusih, je ELF Box Pulse X popoln za tiste, ki i\u0161\u010dejo raznolikost in kakovost v svoji izku\u0161nji vapinga. S konkuren\u010dno ceno po veleprodajnih cenah je ta vape za enkratno uporabo idealen za trgovce na drobno in kupce v velikih koli\u010dinah, ki \u017eelijo svojim strankam ponuditi vrhunski izdelek.<\/p>\n<p>1. Jagoda lubenica<br \/>\n2. \u010ce\u0161njeva Soda<br \/>\n3. Ledena Breskev<br \/>\n4. Kiwi Passion Fruit <span style=\"color: #ff0000\"><strong>&gt;&gt;&gt;&gt; Vro\u010de!<\/strong><\/span><br \/>\n5. Lush Ice<br \/>\n6. Red Bull<br \/>\n7. Grozdje led<br \/>\n8. Blue Razz Ice <span style=\"color: #ff0000\"><strong>&gt;&gt;&gt;&gt; Najbolj\u0161e!<\/strong><\/span><br \/>\n9. Jagoda Banana<br \/>\n10. Jagodni led <span style=\"color: #ff0000\"><strong>&gt;&gt;&gt;&gt; Vro\u010de!<\/strong><\/span><\/p>\n<figure id=\"attachment_2448\" aria-describedby=\"caption-attachment-2448\" style=\"width: 600px\" class=\"wp-caption alignnone\"><img loading=\"lazy\" decoding=\"async\" class=\"wp-image-2448\" src=\"https:\/\/rmvapesale.com\/wp-content\/uploads\/2024\/10\/Elf-Box-Pusle-X-25000-Wholesale.png\" alt=\"Elf Box Pusle X 25000 na debelo\" width=\"600\" height=\"600\" srcset=\"https:\/\/rmvapesale.com\/wp-content\/uploads\/2024\/10\/Elf-Box-Pusle-X-25000-Wholesale.png 805w, https:\/\/rmvapesale.com\/wp-content\/uploads\/2024\/10\/Elf-Box-Pusle-X-25000-Wholesale-300x300.png 300w, https:\/\/rmvapesale.com\/wp-content\/uploads\/2024\/10\/Elf-Box-Pusle-X-25000-Wholesale-150x150.png 150w, https:\/\/rmvapesale.com\/wp-content\/uploads\/2024\/10\/Elf-Box-Pusle-X-25000-Wholesale-768x768.png 768w, https:\/\/rmvapesale.com\/wp-content\/uploads\/2024\/10\/Elf-Box-Pusle-X-25000-Wholesale-600x600.png 600w, https:\/\/rmvapesale.com\/wp-content\/uploads\/2024\/10\/Elf-Box-Pusle-X-25000-Wholesale-100x100.png 100w\" sizes=\"auto, (max-width: 600px) 100vw, 600px\" \/><figcaption id=\"caption-attachment-2448\" class=\"wp-caption-text\">Elf Box Pusle X 25000 na debelo<\/figcaption><\/figure>\n<p>&nbsp;<\/p>\n<h3><strong>Zakaj izbrati Rmvapesale za ELF Box Pulse X 25000 enkratno uporabo<\/strong><strong>?<\/strong><\/h3>\n<div class=\"flex-shrink-0 flex flex-col relative items-end\">\n<div class=\"pt-0\">\n<div class=\"gizmo-bot-avatar flex h-8 w-8 items-center justify-center overflow-hidden rounded-full\">\n<div class=\"relative p-1 rounded-sm flex items-center justify-center bg-token-main-surface-primary text-token-text-primary h-8 w-8\">\n<p>&nbsp;<\/p>\n<p>Ko izberete Rmvapesale za svoje potrebe po veleprodaji vapov za enkratno uporabo, boste imeli koristi od:<\/p>\n<ul>\n<li><strong>Konkuren\u010dna cena<\/strong>: Pridobite dostop do privla\u010dnih veleprodajnih cen, ki pove\u010dajo va\u0161e poslovne mar\u017ee.<\/li>\n<li><strong>Visoka kvaliteta<\/strong>: Na\u0161i vapi so izdelani po najvi\u0161jih standardih in <span style=\"color: #ff0000\"><strong>zagotovljeno 100% originalno in pristno, sicer bo za ponarejeno blago zagotovljeno 10-kratno nadomestilo!<\/strong><\/span><\/li>\n<li><strong>Odli\u010dna storitev za stranke<\/strong>: Na\u0161a predana ekipa vam je vedno pripravljena pomagati, kar naredi va\u0161 postopek nakupa gladek in brez te\u017eav.<\/li>\n<li><strong>Hitro<\/strong>: Pri\u010dakujte hitro in zanesljivo po\u0161iljanje, ki zagotavlja, da va\u0161a naro\u010dila prispejo pravo\u010dasno, vsaki\u010d.<\/li>\n<\/ul>\n<\/div>\n<h3><\/h3>\n<div class=\"relative p-1 rounded-sm flex items-center justify-center bg-token-main-surface-primary text-token-text-primary h-8 w-8\">\n<h3><b>Pogosta vpra\u0161anja<\/b><\/h3>\n<p>&nbsp;<\/p>\n<\/div>\n<\/div>\n<\/div>\n<\/div>\n<div class=\"group\/conversation-turn relative flex w-full min-w-0 flex-col agent-turn\">\n<div class=\"flex-col gap-1 md:gap-3\">\n<div class=\"flex max-w-full flex-col flex-grow\">\n<div class=\"min-h-8 text-message flex w-full flex-col items-end gap-2 whitespace-normal break-words [.text-message+&amp;]:mt-5\" dir=\"auto\" data-message-author-role=\"assistant\" data-message-id=\"f226d3fc-81f3-46d5-8c46-31787fff0357\">\n<div class=\"flex w-full flex-col gap-1 empty:hidden first:pt-[3px]\">\n<div class=\"markdown prose w-full break-words dark:prose-invert light\">\n<div class=\"group\/conversation-turn relative flex w-full min-w-0 flex-col agent-turn\">\n<div class=\"flex-col gap-1 md:gap-3\">\n<div class=\"flex max-w-full flex-col flex-grow\">\n<div class=\"min-h-8 text-message flex w-full flex-col items-end gap-2 whitespace-normal break-words [.text-message+&amp;]:mt-5\" dir=\"auto\" data-message-author-role=\"assistant\" data-message-id=\"91d2b73b-9149-4888-a964-4b8464e0e6e3\" data-message-model-slug=\"gpt-4o\">\n<div class=\"flex w-full flex-col gap-1 empty:hidden first:pt-[3px]\">\n<div class=\"markdown prose w-full break-words dark:prose-invert light\">\n<ul>\n<li><strong>Koliko je kapaciteta vdihov pri enkratni uporabi ELF Box Pulse X 25000?<\/strong>\n<ul>\n<li>Enkratna uporaba ELF Box Pulse X ponuja impresivnih 25.000 vdihov v obi\u010dajnem na\u010dinu in 15.000 vdihov v na\u010dinu Pulse, kar jo uvr\u0161\u010da med najdalj trajajo\u010de enkratne vape na voljo.<\/li>\n<\/ul>\n<\/li>\n<li><strong>Kak\u0161ne mo\u017enosti nikotina so na voljo za enkratno uporabo vape ELF BOX 25000?<\/strong>\n<ul>\n<li>ELF Box Pulse X je na voljo v ve\u010d razli\u010dnih nikotinskih mo\u010deh, vklju\u010dno z 0%, 2%, 3% in 5%. To vklju\u010duje tudi mo\u017enost za <strong>E-cigareta za enkratno uporabo brez nikotina<\/strong> za tiste, ki \u017eelijo izku\u0161njo brez nikotina.<\/li>\n<\/ul>\n<\/li>\n<li><strong>Kako sistem dvojnih mre\u017enih tuljav izbolj\u0161uje izku\u0161njo vapinga?<\/strong>\n<ul>\n<li>Sistem dvojnih mre\u017enih tuljav (0,8 ohma + 0,8 ohma) znatno izbolj\u0161uje okus in proizvodnjo pare, zagotavljajo\u010d bolj gladko in bolj zadovoljivo izku\u0161njo vapinga.<\/li>\n<\/ul>\n<\/li>\n<li><strong>Ali je ELF Box Pulse X polnljiv?<\/strong>\n<ul>\n<li>Da, ELF Box 25000 je napajan z polnljivo baterijo 750mAh, kar zagotavlja dolgo \u017eivljenjsko dobo in udobje med uporabo.<\/li>\n<\/ul>\n<\/li>\n<li><strong>Kje lahko kupim ELF Box Pulse X?<\/strong>\n<ul>\n<li>ELF Box Pulse X je cenovno konkuren\u010den po veleprodajnih cenah, kar ga naredi odli\u010dno izbiro za prodajalce na drobno in velike kupce. Prav tako je priljubljena mo\u017enost med <strong>vape napravami za enkratno uporabo Nem\u010dija<\/strong> izbiro, ki zagotavlja razpolo\u017eljivost za evropske stranke.<\/li>\n<\/ul>\n<\/li>\n<\/ul>\n<p>&nbsp;<\/p>\n<\/div>\n<\/div>\n<\/div>\n<\/div>\n<\/div>\n<\/div>\n<\/div>\n<\/div>\n<\/div>\n<\/div>\n<\/div>\n<\/div>\n<h3>O po\u0161iljanju<\/h3>\n<div class=\"flex-shrink-0 flex flex-col relative items-end\">\n<div>\n<div class=\"pt-0\">\n<div class=\"gizmo-bot-avatar flex h-8 w-8 items-center justify-center overflow-hidden rounded-full\">\n<div><\/div>\n<div class=\"relative p-1 rounded-sm flex items-center justify-center bg-token-main-surface-primary text-token-text-primary h-8 w-8\"><strong>1. Katere metode po\u0161iljanja se uporabljajo?<\/strong><\/div>\n<\/div>\n<\/div>\n<\/div>\n<\/div>\n<div class=\"group\/conversation-turn relative flex w-full min-w-0 flex-col agent-turn\">\n<div class=\"flex-col gap-1 md:gap-3\">\n<div class=\"flex max-w-full flex-col flex-grow\">\n<div class=\"min-h-[20px] text-message flex w-full flex-col items-end gap-2 whitespace-normal break-words [.text-message+&amp;]:mt-5 overflow-x-auto\" dir=\"auto\" data-message-author-role=\"assistant\" data-message-id=\"22f8283b-3233-46ff-89a5-c7a41b33abda\">\n<div class=\"flex w-full flex-col gap-1 empty:hidden first:pt-[3px]\">\n<div class=\"markdown prose w-full break-words dark:prose-invert light\">\n<p>Sodelujemo z UPS, DHL, FedEx, DPD in drugimi vodilnimi prevozniki. Izbrali bomo najbolj\u0161i na\u010din po\u0161iljanja glede na va\u0161o lokacijo dostave, da zagotovimo, da boste izdelke prejeli \u010dim hitreje.<\/p>\n<\/div>\n<p><strong>2. Kako dolgo traja, da prispe?<\/strong><\/p>\n<p>Paketi, poslani v Slovenijo, obi\u010dajno prispejo v 10 delovnih dneh. Po\u0161iljanje v evropske dr\u017eave obi\u010dajno traja pribli\u017eno 12-15 delovnih dni. Zagotovili vam bomo sprotne posodobitve o statusu va\u0161ega po\u0161iljanja.<\/p>\n<\/div>\n<\/div>\n<\/div>\n<\/div>\n<\/div>\n<p>&nbsp;<\/p>\n<p>Drugi vro\u010d prodajni vape, ki vam bo morda v\u0161e\u010d:<\/p>\n<p><a href=\"https:\/\/rmvapesale.com\/sl\/product\/bang-box-20000-puffs-vape-0-2-5-nicotine\/\"><strong>Bang Box 20000 vdihov\u00a0 \u00a0<span style=\"color: #ff0000\">&gt;&gt;&gt;&gt; pojdi!<\/span><\/strong><\/a><\/p>\n<p><strong><a href=\"https:\/\/rmvapesale.com\/sl\/product\/faivono-bang-maxi-15000-puffs-disposable-vape-bulk-wholesale\/\">AIVONO Aim Bang Maxi 15000 vdihov <span style=\"color: #ff0000\">&gt;&gt;&gt;&gt; pojdi!<\/span><\/a>\u00a0<\/strong><\/p>\n<p><a href=\"https:\/\/rmvapesale.com\/sl\/product\/bang-tornado-13000-puffs-disposable-vape-pen-wholesale-price\/\"><strong>Bang Tornado 13000 <span style=\"color: #ff0000\">&gt;&gt;&gt;&gt; pojdi!<\/span><\/strong><\/a><\/p>\n<p>&nbsp;<\/p>\n<p>&nbsp;<\/p>\n<p>Poi\u0161\u010di ve\u010d izdelkov Vape, ki so ti morda v\u0161e\u010d:<strong><em><a href=\"https:\/\/rmvapesale.com\/sl\/shop-2\/\">nakupuj zdaj &gt;&gt;&gt;<\/a><\/em><\/strong><\/p>","protected":false},"excerpt":{"rendered":"<p>Elf Box Pulse X 25000 Vpihov Nizko Nikotinska Vape naprava za Enkratno Uporabo 2%<br \/>\nELF BOX Pulse X 25000 Vpihov Veleprodaja Vape naprav za Enkratno Uporabo<br \/>\nVape za Enkratno Uporabo ELF BOX PULSE X 25000 Vpihov Nakup v Velikih Koli\u010dinah<\/p>\n<p><img loading=\"lazy\" decoding=\"async\" class=\"size-full wp-image-2375\" src=\"https:\/\/rmvapesale.com\/wp-content\/uploads\/2024\/10\/image.png\" alt=\"Najbolj\u0161i Vape za enkratno uporabo\" width=\"229\" height=\"300\" \/><\/p>\n<h3><a href=\"https:\/\/wa.me\/8617776015835\"><span style=\"color: #ff0000\"><strong>WhatsApp: +86 17776015835<\/strong><\/span><\/a><\/h3>\n<p>&nbsp;<\/p>","protected":false},"featured_media":2442,"comment_status":"open","ping_status":"closed","template":"","meta":{"_uag_custom_page_level_css":"","_lmt_disableupdate":"","_lmt_disable":"","site-sidebar-layout":"default","site-content-layout":"content-boxed-container","ast-site-content-layout":"normal-width-container","site-content-style":"boxed","site-sidebar-style":"unboxed","ast-global-header-display":"","ast-banner-title-visibility":"","ast-main-header-display":"","ast-hfb-above-header-display":"","ast-hfb-below-header-display":"","ast-hfb-mobile-header-display":"","site-post-title":"","ast-breadcrumbs-content":"","ast-featured-img":"","footer-sml-layout":"","theme-transparent-header-meta":"default","adv-header-id-meta":"","stick-header-meta":"","header-above-stick-meta":"","header-main-stick-meta":"","header-below-stick-meta":"","astra-migrate-meta-layouts":"set","ast-page-background-enabled":"default","ast-page-background-meta":{"desktop":{"background-color":"var(--ast-global-color-4)","background-image":"","background-repeat":"repeat","background-position":"center center","background-size":"auto","background-attachment":"scroll","background-type":"","background-media":"","overlay-type":"","overlay-color":"","overlay-opacity":"","overlay-gradient":""},"tablet":{"background-color":"","background-image":"","background-repeat":"repeat","background-position":"center center","background-size":"auto","background-attachment":"scroll","background-type":"","background-media":"","overlay-type":"","overlay-color":"","overlay-opacity":"","overlay-gradient":""},"mobile":{"background-color":"","background-image":"","background-repeat":"repeat","background-position":"center center","background-size":"auto","background-attachment":"scroll","background-type":"","background-media":"","overlay-type":"","overlay-color":"","overlay-opacity":"","overlay-gradient":""}},"ast-content-background-meta":{"desktop":{"background-color":"var(--ast-global-color-5)","background-image":"","background-repeat":"repeat","background-position":"center center","background-size":"auto","background-attachment":"scroll","background-type":"","background-media":"","overlay-type":"","overlay-color":"","overlay-opacity":"","overlay-gradient":""},"tablet":{"background-color":"var(--ast-global-color-5)","background-image":"","background-repeat":"repeat","background-position":"center center","background-size":"auto","background-attachment":"scroll","background-type":"","background-media":"","overlay-type":"","overlay-color":"","overlay-opacity":"","overlay-gradient":""},"mobile":{"background-color":"var(--ast-global-color-5)","background-image":"","background-repeat":"repeat","background-position":"center center","background-size":"auto","background-attachment":"scroll","background-type":"","background-media":"","overlay-type":"","overlay-color":"","overlay-opacity":"","overlay-gradient":""}},"_joinchat":[]},"product_brand":[],"product_cat":[15,25,123,26,28,135,27,60,137,136,30],"product_tag":[156,146,155,158,132,154,157],"class_list":{"0":"post-2441","1":"product","2":"type-product","3":"status-publish","4":"has-post-thumbnail","6":"product_cat-new-vape-this-week","7":"product_cat-germany-best-selling-vape","8":"product_cat-italy-wholesale-vape","9":"product_cat-netherlands-hot-sale-vape","10":"product_cat-poland-hot-sale-vape","11":"product_cat-spain-best-hot-sale-vape","12":"product_cat-fance-hot-sale-vape","13":"product_cat-bang-vapes","14":"product_cat-rechargeable-vapes","15":"product_cat-smart-screen-vapes","16":"product_cat-minimum-order-quantity-50pcs","17":"product_tag-0-nicotine-disposable-vape","18":"product_tag-best-hot-sale-vape","19":"product_tag-digital-display-box","20":"product_tag-elf-box-disposable-vape","21":"product_tag-rechargeable-vape","22":"product_tag-smart-vape","23":"product_tag-vape-disposable","24":"desktop-align-left","25":"tablet-align-left","26":"mobile-align-left","28":"first","29":"instock","30":"sale","31":"shipping-taxable","32":"purchasable","33":"product-type-simple"},"uagb_featured_image_src":{"full":["https:\/\/rmvapesale.com\/wp-content\/uploads\/2024\/10\/Best-Disposable-Vape-Elf-Box.png",805,805,false],"thumbnail":["https:\/\/rmvapesale.com\/wp-content\/uploads\/2024\/10\/Best-Disposable-Vape-Elf-Box-150x150.png",150,150,true],"medium":["https:\/\/rmvapesale.com\/wp-content\/uploads\/2024\/10\/Best-Disposable-Vape-Elf-Box-300x300.png",300,300,true],"medium_large":["https:\/\/rmvapesale.com\/wp-content\/uploads\/2024\/10\/Best-Disposable-Vape-Elf-Box-768x768.png",768,768,true],"large":["https:\/\/rmvapesale.com\/wp-content\/uploads\/2024\/10\/Best-Disposable-Vape-Elf-Box.png",805,805,false],"1536x1536":["https:\/\/rmvapesale.com\/wp-content\/uploads\/2024\/10\/Best-Disposable-Vape-Elf-Box.png",805,805,false],"2048x2048":["https:\/\/rmvapesale.com\/wp-content\/uploads\/2024\/10\/Best-Disposable-Vape-Elf-Box.png",805,805,false],"trp-custom-language-flag":["https:\/\/rmvapesale.com\/wp-content\/uploads\/2024\/10\/Best-Disposable-Vape-Elf-Box.png",12,12,false],"woocommerce_thumbnail":["https:\/\/rmvapesale.com\/wp-content\/uploads\/2024\/10\/Best-Disposable-Vape-Elf-Box-300x300.png",300,300,true],"woocommerce_single":["https:\/\/rmvapesale.com\/wp-content\/uploads\/2024\/10\/Best-Disposable-Vape-Elf-Box-600x600.png",600,600,true],"woocommerce_gallery_thumbnail":["https:\/\/rmvapesale.com\/wp-content\/uploads\/2024\/10\/Best-Disposable-Vape-Elf-Box-100x100.png",100,100,true],"wcpr-photo-reviews":["https:\/\/rmvapesale.com\/wp-content\/uploads\/2024\/10\/Best-Disposable-Vape-Elf-Box.png",500,500,false]},"uagb_author_info":{"display_name":"AMY","author_link":"https:\/\/rmvapesale.com\/sl\/author\/"},"uagb_comment_info":0,"uagb_excerpt":"Elf Box Pulse X 25000 Puffs 2% Low Nicotine Disposable Vape ELF BOX Pulse X 25000 Puffs Disposable Vape wholesale Vape Disposable ELF BOX PULSE X 25000 Puff Bulk Buy WhatsApp: +86 17776015835 &nbsp;","_links":{"self":[{"href":"https:\/\/rmvapesale.com\/sl\/wp-json\/wp\/v2\/product\/2441","targetHints":{"allow":["GET"]}}],"collection":[{"href":"https:\/\/rmvapesale.com\/sl\/wp-json\/wp\/v2\/product"}],"about":[{"href":"https:\/\/rmvapesale.com\/sl\/wp-json\/wp\/v2\/types\/product"}],"replies":[{"embeddable":true,"href":"https:\/\/rmvapesale.com\/sl\/wp-json\/wp\/v2\/comments?post=2441"}],"wp:featuredmedia":[{"embeddable":true,"href":"https:\/\/rmvapesale.com\/sl\/wp-json\/wp\/v2\/media\/2442"}],"wp:attachment":[{"href":"https:\/\/rmvapesale.com\/sl\/wp-json\/wp\/v2\/media?parent=2441"}],"wp:term":[{"taxonomy":"product_brand","embeddable":true,"href":"https:\/\/rmvapesale.com\/sl\/wp-json\/wp\/v2\/product_brand?post=2441"},{"taxonomy":"product_cat","embeddable":true,"href":"https:\/\/rmvapesale.com\/sl\/wp-json\/wp\/v2\/product_cat?post=2441"},{"taxonomy":"product_tag","embeddable":true,"href":"https:\/\/rmvapesale.com\/sl\/wp-json\/wp\/v2\/product_tag?post=2441"}],"curies":[{"name":"wp","href":"https:\/\/api.w.org\/{rel}","templated":true}]}}