{"id":2540,"date":"2024-10-24T09:31:28","date_gmt":"2024-10-24T09:31:28","guid":{"rendered":"https:\/\/rmvapesale.com\/?post_type=product&#038;p=2540"},"modified":"2024-10-24T09:55:38","modified_gmt":"2024-10-24T09:55:38","slug":"vapme-crystal-20000-puffs-20k-double-flavor-rechargeable-vapes","status":"publish","type":"product","link":"https:\/\/rmvapesale.com\/sl\/product\/vapme-crystal-20000-puffs-20k-double-flavor-rechargeable-vapes\/","title":{"rendered":"Vapme Crystal 20000 Vpihov 20K Dvojni Okus Polnilni Vape"},"content":{"rendered":"<div class=\"B2VR9 CJHX3e\">\n<div class=\"wyccme\">\n<h1 class=\"LC20lb MBeuO DKV0Md\">Vapme Crystal 20000 vdihov 20K dvojni okusi ponovno napolnljive vape na debelo<\/h1>\n<div class=\"flex-shrink-0 flex flex-col relative items-end\">\n<div class=\"pt-0\">\n<div class=\"gizmo-bot-avatar flex h-8 w-8 items-center justify-center overflow-hidden rounded-full\">\n<div class=\"relative p-1 rounded-sm flex items-center justify-center bg-token-main-surface-primary text-token-text-primary h-8 w-8\">\n<p>The <strong>Vapme Crystal 20000 vdihov 20K ponovno napolnljiva vape za enkratno uporabo<\/strong> je preobrat v industriji vapinga, ki ponuja napravo z visoko kapaciteto, zasnovano tako za prilo\u017enostne kot tudi pogoste uporabnike vapinga. Z ogromnim <strong>20.000 vpihi<\/strong>, ta <strong>vape za enkratno uporabo<\/strong> zagotavlja podalj\u0161ano u\u017eivanje brez te\u017eav z nenehnim polnjenjem, zaradi \u010desar je ena izmed <strong>najbolj\u0161ih vape za enkratno uporabo leta 2024<\/strong>. The <strong>20 ml prostornino e-teko\u010dine<\/strong> omogo\u010da uporabnikom, da dlje u\u017eivajo v svojih najljub\u0161ih okusih, napajano z <strong>700 mAh polnilno baterijo<\/strong> za nemoteno vaping izku\u0161njo.<\/p>\n<p>Ena izmed izjemnih lastnosti <strong>Vapme Crystal 20000<\/strong> je njena <strong>Dvojni okus<\/strong> funkcionalnost, ki omogo\u010da uporabnikom preklapljanje med dvema razli\u010dnima okusoma, kar zagotavlja vsestranskost in edinstveno vaping izku\u0161njo. <strong>natan\u010dno izdelana mre\u017easta tuljava<\/strong> nudi gladko, dosledno proizvodnjo pare, zagotavljajo\u010d, da je vsak vdih bogat z okusom.<\/p>\n<p>Za dodatno udobje, ta <strong>vape s 20000 vdihi<\/strong> je opremljen z <strong>Type-C<\/strong>omogo\u010da hitro in enostavno polnjenje, zaradi \u010desar je priljubljena izbira za vapere na poti. Ne glede na to, ali se pripravljate na <strong>trgovina z vape izdelki<\/strong>, kupujete za <strong>veleprodajne vape<\/strong>, ali \u017eelite <strong>kupite vape na spletu<\/strong>, je <strong>Vapme Crystal 20K<\/strong> je vrhunska izbira tako za trgovce na drobno kot za posamezne potro\u0161nike.<\/p>\n<p>Popolnoma primeren za tiste, ki i\u0161\u010dejo visokokakovostno <strong>polnilni vapes<\/strong> or <strong>\u0161katlast vape<\/strong>, ta naprava ponuja izjemno zmogljivost in udobje, zaradi \u010desar je nujen v vsakem <strong>lastnik vape bara<\/strong> ali zbirki. Izkoristite svoj vaping do maksimuma z <strong>Vapme Crystal 20000 Vpihov<\/strong>\u2014vsestransko in zanesljivo mo\u017enostjo v <strong>vape za enkratno uporabo<\/strong> trgu.<\/p>\n<\/div>\n<\/div>\n<\/div>\n<\/div>\n<\/div>\n<\/div>\n<p><strong>Kontaktirajte Amy, da dobite pravi odgovor in kupon za vape!<\/strong><\/p>\n<p><img loading=\"lazy\" decoding=\"async\" class=\"size-full wp-image-1978\" src=\"https:\/\/rmvapesale.com\/wp-content\/uploads\/2024\/09\/Disposable-Vape-Wholesale.jpg\" alt=\"Vape za enkratno uporabo na debelo\" width=\"229\" height=\"300\" \/><\/p>\n<h3><a href=\"https:\/\/wa.me\/8617776015835\" target=\"_blank\" rel=\"noopener\"><span style=\"color: #ff0000\"><strong>WhatsApp: +86 17776015835<\/strong><\/span><\/a><\/h3>\n<p>&nbsp;<\/p>\n<h2><\/h2>\n<h2><strong>Vapme Crystal 20000 Puffs Disposable<\/strong><strong>\u00a0<\/strong><strong>Klju\u010dne zna\u010dilnosti<\/strong><\/h2>\n<p>10+10 OKUSOV<br \/>\nBaterija: 700mAh, tip-C priklju\u010dek<br \/>\nKapaciteta: 20mL vape teko\u010dine<br \/>\nCevka: 1.0 ohm mre\u017easta cevka<br \/>\nVdihi: ve\u010d kot 20000 vdihov<br \/>\n160 kosov\/\u0161katla<br \/>\n16,0 kg\/\u0161katla<br \/>\nNikotina: 2%<br \/>\n2 v 1 naprava za okuse<\/p>\n<h2><strong>Najbolj\u0161i okus za Vapme Crystal 20000 Puffs<\/strong><\/h2>\n<p>Na voljo v razli\u010dnih okusih, vklju\u010dno z Borovnico, Malino in Ledeno Melono ter Jagodo, Melono in Marakujo, je VAPME 20K popoln za tiste, ki \u017eelijo raziskovati raznolike okuse.<\/p>\n<p>1 Borovnica, Malina + Ledena Melona <span style=\"color: #ff0000\"><strong>&gt;&gt;&gt;&gt; Vro\u010de!<\/strong><\/span><br \/>\n2 Jagoda, Melona + Marakuja<br \/>\n3 Vi\u0161njeva ledena + Modra razz limonada<br \/>\n4 Grozdna ledena + Jagoda kiviji<br \/>\n5 Jagoda banana + Dvojno jabolko <span style=\"color: #ff0000\"><strong>&gt;&gt;&gt;&gt; Vro\u010de!<\/strong><\/span><br \/>\n6 Me\u0161ano jagodi\u010devje ledeno + Breskev mango ananas<br \/>\n7 Jagoda ledena + Lubenica kiviji ledena<br \/>\n8 Energijska pija\u010da + Vi\u0161njeva kol\u0430<br \/>\n9 Jagoda Rde\u010da malina sladkarije + Breskev ledena <span style=\"color: #ff0000\"><strong>&gt;&gt;&gt;&gt; Najbolj\u0161e!<\/strong><\/span><br \/>\n10 Jagoda mango + Kivi Passionski sadni guava<\/p>\n<figure id=\"attachment_2537\" aria-describedby=\"caption-attachment-2537\" style=\"width: 800px\" class=\"wp-caption alignnone\"><img loading=\"lazy\" decoding=\"async\" class=\"wp-image-2537 size-full\" src=\"https:\/\/rmvapesale.com\/wp-content\/uploads\/2024\/10\/Vape-Vapme-Crystal-20000-Disposable-Vape.jpg\" alt=\"Vape Vapme Crystal 20000 Enostaven Vape\" width=\"800\" height=\"800\" srcset=\"https:\/\/rmvapesale.com\/wp-content\/uploads\/2024\/10\/Vape-Vapme-Crystal-20000-Disposable-Vape.jpg 800w, https:\/\/rmvapesale.com\/wp-content\/uploads\/2024\/10\/Vape-Vapme-Crystal-20000-Disposable-Vape-300x300.jpg 300w, https:\/\/rmvapesale.com\/wp-content\/uploads\/2024\/10\/Vape-Vapme-Crystal-20000-Disposable-Vape-150x150.jpg 150w, https:\/\/rmvapesale.com\/wp-content\/uploads\/2024\/10\/Vape-Vapme-Crystal-20000-Disposable-Vape-768x768.jpg 768w, https:\/\/rmvapesale.com\/wp-content\/uploads\/2024\/10\/Vape-Vapme-Crystal-20000-Disposable-Vape-600x600.jpg 600w, https:\/\/rmvapesale.com\/wp-content\/uploads\/2024\/10\/Vape-Vapme-Crystal-20000-Disposable-Vape-100x100.jpg 100w\" sizes=\"auto, (max-width: 800px) 100vw, 800px\" \/><figcaption id=\"caption-attachment-2537\" class=\"wp-caption-text\">Vape Vapme Crystal 20000 Enostaven Vape<\/figcaption><\/figure>\n<h3><strong>Zakaj izbrati Rmvapesale za Vapme Crystal 20000 Vdihov<\/strong><strong>?<\/strong><\/h3>\n<div class=\"flex-shrink-0 flex flex-col relative items-end\">\n<div class=\"pt-0\">\n<div class=\"gizmo-bot-avatar flex h-8 w-8 items-center justify-center overflow-hidden rounded-full\">\n<div class=\"relative p-1 rounded-sm flex items-center justify-center bg-token-main-surface-primary text-token-text-primary h-8 w-8\">\n<p>&nbsp;<\/p>\n<p>Ko izberete Rmvapesale za svoje potrebe po veleprodaji vapov za enkratno uporabo, boste imeli koristi od:<\/p>\n<ul>\n<li><strong>Konkuren\u010dna cena<\/strong>: Pridobite dostop do privla\u010dnih veleprodajnih cen, ki pove\u010dajo va\u0161e poslovne mar\u017ee.<\/li>\n<li><strong>Visoka kvaliteta<\/strong>: Na\u0161i vapi so izdelani po najvi\u0161jih standardih in <span style=\"color: #ff0000\"><strong>zagotovljeno 100% originalno in pristno, sicer bo za ponarejeno blago zagotovljeno 10-kratno nadomestilo!<\/strong><\/span><\/li>\n<li><strong>Odli\u010dna storitev za stranke<\/strong>: Na\u0161a predana ekipa vam je vedno pripravljena pomagati, kar naredi va\u0161 postopek nakupa gladek in brez te\u017eav.<\/li>\n<li><strong>Hitro<\/strong>: Pri\u010dakujte hitro in zanesljivo po\u0161iljanje, ki zagotavlja, da va\u0161a naro\u010dila prispejo pravo\u010dasno, vsaki\u010d.<\/li>\n<\/ul>\n<\/div>\n<h3><\/h3>\n<div class=\"relative p-1 rounded-sm flex items-center justify-center bg-token-main-surface-primary text-token-text-primary h-8 w-8\">\n<h3><b>Pogosta vpra\u0161anja<\/b><\/h3>\n<ul>\n<li><strong>Kako uporabljati enkratno vape pero Vapme Crystal 20000 Puffs<\/strong><br \/>\nZa uporabo Vapme Crystal 20000 ga preprosto vzamete iz embala\u017ee, vdiha skozi ustnik in naprava se bo samodejno aktivirala. Ena edinstvena funkcija je dvojna aromo, ki vam omogo\u010da preklapljanje med dvema razli\u010dnima okusoma za bolj vsestransko izku\u0161njo vapinga.<\/li>\n<li><strong>Kako napolniti enkratno vape pero Vapme Crystal 20K Puffs<\/strong><br \/>\nVapme Crystal 20000 je opremljen z 700mAh polnilno baterijo. Za polnjenje uporabite priklju\u010dek Type-C. Napravo priklju\u010dite na vir napajanja z uporabo kabla Type-C, in se bo hitro napolnila za dalj\u0161e seje vapinga.<\/li>\n<li><strong>Koliko nikotina je v Vapme Crystal 20000 Puffs<\/strong><br \/>\nNivoji nikotina za Vapme Crystal 20000 Puffs niso dolo\u010deni v vsebini. Vendar pa so enkratne vape, kot je ta, obi\u010dajno na voljo v razli\u010dnih nikotinskih jakostih (0%, 2%, 5% itd.). Preverite pri prodajalcu ali na embala\u017ei izdelka za natan\u010dno vsebnost nikotina.<\/li>\n<li><strong>Koliko \u010dasa naj polnim svoj Crystal 20000 Puffs?<\/strong><br \/>\nNatan\u010den \u010das polnjenja je odvisen od vira napajanja, vendar zaradi hitrega polnjenja s Type-C naj bi se hitro napolnil. Med polnjenjem lahko spremljate napravo ali se sklicujete na morebitne indikatorje polnjenja, \u010de so na voljo, da veste, kdaj je popolnoma napolnjen.<\/li>\n<li><strong>Kje lahko kupim enkratno vape palico Vapme Crystal 20000 Puffs<\/strong><br \/>\nVapme Crystal 20000 Puffs je mogo\u010de kupiti pri prodajalcih vape, spletnih trgovinah z vape izdelki ali veleprodajnih distributerjih, ki ponujajo enkratne vape. Je priljubljena izbira tako za posamezne potro\u0161nike kot za lastnike vape trgovin. Preverite razpolo\u017eljivost v lokalnih trgovinah z vape ali brskajte po spletnih platformah, specializiranih za vapinge.<\/li>\n<\/ul>\n<\/div>\n<\/div>\n<\/div>\n<\/div>\n<h3>O po\u0161iljanju<\/h3>\n<div class=\"flex-shrink-0 flex flex-col relative items-end\">\n<div>\n<div class=\"pt-0\">\n<div class=\"gizmo-bot-avatar flex h-8 w-8 items-center justify-center overflow-hidden rounded-full\">\n<div><\/div>\n<div class=\"relative p-1 rounded-sm flex items-center justify-center bg-token-main-surface-primary text-token-text-primary h-8 w-8\"><strong>1. Katere metode po\u0161iljanja se uporabljajo?<\/strong><\/div>\n<\/div>\n<\/div>\n<\/div>\n<\/div>\n<div class=\"group\/conversation-turn relative flex w-full min-w-0 flex-col agent-turn\">\n<div class=\"flex-col gap-1 md:gap-3\">\n<div class=\"flex max-w-full flex-col flex-grow\">\n<div class=\"min-h-[20px] text-message flex w-full flex-col items-end gap-2 whitespace-normal break-words [.text-message+&amp;]:mt-5 overflow-x-auto\" dir=\"auto\" data-message-author-role=\"assistant\" data-message-id=\"22f8283b-3233-46ff-89a5-c7a41b33abda\">\n<div class=\"flex w-full flex-col gap-1 empty:hidden first:pt-[3px]\">\n<div class=\"markdown prose w-full break-words dark:prose-invert light\">\n<p>Sodelujemo z UPS, DHL, FedEx, DPD in drugimi vodilnimi prevozniki. Izbrali bomo najbolj\u0161i na\u010din po\u0161iljanja glede na va\u0161o lokacijo dostave, da zagotovimo, da boste izdelke prejeli \u010dim hitreje.<\/p>\n<\/div>\n<p><strong>2. Kako dolgo traja, da prispe?<\/strong><\/p>\n<p>Paketi, poslani v Slovenijo, obi\u010dajno prispejo v 10 delovnih dneh. Po\u0161iljanje v evropske dr\u017eave obi\u010dajno traja pribli\u017eno 12-15 delovnih dni. Zagotovili vam bomo sprotne posodobitve o statusu va\u0161ega po\u0161iljanja.<\/p>\n<\/div>\n<\/div>\n<\/div>\n<\/div>\n<\/div>\n<p>&nbsp;<\/p>\n<p>Drugi vro\u010d prodajni vape, ki vam bo morda v\u0161e\u010d:<\/p>\n<p><a href=\"https:\/\/rmvapesale.com\/sl\/product\/fumot-randm-tornado-30000-puffs-30k-music-disposable-vape\/\"><strong>RandM Tornado 30000 Vpihov\u00a0 \u00a0<span style=\"color: #ff0000\">&gt;&gt;&gt;&gt; pojdi!<\/span><\/strong><\/a><\/p>\n<p><strong><a href=\"https:\/\/rmvapesale.com\/sl\/product\/aivono-22000-rechargeable-vapes-with-display-screen\/\">Aivono Aim Fatpro 22000 vpihov <span style=\"color: #ff0000\">&gt;&gt;&gt;&gt; pojdi!<\/span><\/a>\u00a0<\/strong><\/p>\n<p><a href=\"https:\/\/rmvapesale.com\/sl\/product\/original-randm-vape-digital-puff-12000-fumot-factory-price\/\"><strong>Fumot Vape 12000 vdihov <span style=\"color: #ff0000\">&gt;&gt;&gt;&gt; pojdi!<\/span><\/strong><\/a><\/p>\n<p>&nbsp;<\/p>\n<p>&nbsp;<\/p>\n<p>Poi\u0161\u010di ve\u010d izdelkov Vape, ki so ti morda v\u0161e\u010d:<strong><em><a href=\"https:\/\/rmvapesale.com\/sl\/shop-2\/\">nakupuj zdaj &gt;&gt;&gt;<\/a><\/em><\/strong><\/p>","protected":false},"excerpt":{"rendered":"<p>Veleprodaja Vape Vapme Crystal 20000 Vpihov za Enkratno Uporabo<br \/>\nVapme Crystal 20000 vdihov dvojni okusi enkratne vape za enkratno uporabo<br \/>\nVapme Crystal 20000 dvojni kristalni vape bar na debelo<\/p>\n<p><img loading=\"lazy\" decoding=\"async\" class=\"size-full wp-image-2375\" src=\"https:\/\/rmvapesale.com\/wp-content\/uploads\/2024\/10\/image.png\" alt=\"Najbolj\u0161i Vape za enkratno uporabo\" width=\"229\" height=\"300\" \/><\/p>\n<h3><a href=\"https:\/\/wa.me\/8617776015835\"><span style=\"color: #ff0000\"><strong>WhatsApp: +86 17776015835<\/strong><\/span><\/a><\/h3>\n<p>&nbsp;<\/p>","protected":false},"featured_media":2539,"comment_status":"open","ping_status":"closed","template":"","meta":{"_uag_custom_page_level_css":"","_lmt_disableupdate":"no","_lmt_disable":"","site-sidebar-layout":"default","site-content-layout":"content-boxed-container","ast-site-content-layout":"normal-width-container","site-content-style":"boxed","site-sidebar-style":"unboxed","ast-global-header-display":"","ast-banner-title-visibility":"","ast-main-header-display":"","ast-hfb-above-header-display":"","ast-hfb-below-header-display":"","ast-hfb-mobile-header-display":"","site-post-title":"","ast-breadcrumbs-content":"","ast-featured-img":"","footer-sml-layout":"","theme-transparent-header-meta":"default","adv-header-id-meta":"","stick-header-meta":"","header-above-stick-meta":"","header-main-stick-meta":"","header-below-stick-meta":"","astra-migrate-meta-layouts":"set","ast-page-background-enabled":"default","ast-page-background-meta":{"desktop":{"background-color":"var(--ast-global-color-4)","background-image":"","background-repeat":"repeat","background-position":"center center","background-size":"auto","background-attachment":"scroll","background-type":"","background-media":"","overlay-type":"","overlay-color":"","overlay-opacity":"","overlay-gradient":""},"tablet":{"background-color":"","background-image":"","background-repeat":"repeat","background-position":"center center","background-size":"auto","background-attachment":"scroll","background-type":"","background-media":"","overlay-type":"","overlay-color":"","overlay-opacity":"","overlay-gradient":""},"mobile":{"background-color":"","background-image":"","background-repeat":"repeat","background-position":"center center","background-size":"auto","background-attachment":"scroll","background-type":"","background-media":"","overlay-type":"","overlay-color":"","overlay-opacity":"","overlay-gradient":""}},"ast-content-background-meta":{"desktop":{"background-color":"var(--ast-global-color-5)","background-image":"","background-repeat":"repeat","background-position":"center center","background-size":"auto","background-attachment":"scroll","background-type":"","background-media":"","overlay-type":"","overlay-color":"","overlay-opacity":"","overlay-gradient":""},"tablet":{"background-color":"var(--ast-global-color-5)","background-image":"","background-repeat":"repeat","background-position":"center center","background-size":"auto","background-attachment":"scroll","background-type":"","background-media":"","overlay-type":"","overlay-color":"","overlay-opacity":"","overlay-gradient":""},"mobile":{"background-color":"var(--ast-global-color-5)","background-image":"","background-repeat":"repeat","background-position":"center center","background-size":"auto","background-attachment":"scroll","background-type":"","background-media":"","overlay-type":"","overlay-color":"","overlay-opacity":"","overlay-gradient":""}},"_joinchat":[]},"product_brand":[],"product_cat":[15,25,123,26,28,135,27,137,136,30],"product_tag":[146,188,124,155,186,38,165,166,120],"class_list":{"0":"post-2540","1":"product","2":"type-product","3":"status-publish","4":"has-post-thumbnail","6":"product_cat-new-vape-this-week","7":"product_cat-germany-best-selling-vape","8":"product_cat-italy-wholesale-vape","9":"product_cat-netherlands-hot-sale-vape","10":"product_cat-poland-hot-sale-vape","11":"product_cat-spain-best-hot-sale-vape","12":"product_cat-fance-hot-sale-vape","13":"product_cat-rechargeable-vapes","14":"product_cat-smart-screen-vapes","15":"product_cat-minimum-order-quantity-50pcs","16":"product_tag-best-hot-sale-vape","17":"product_tag-buy-vapes-online","18":"product_tag-crystal-vape","19":"product_tag-digital-display-box","20":"product_tag-fumot-30k","21":"product_tag-randm-vape","22":"product_tag-rechargeable-vapes","23":"product_tag-tornado-vape","24":"product_tag-vape-wholesale","25":"desktop-align-left","26":"tablet-align-left","27":"mobile-align-left","29":"first","30":"instock","31":"sale","32":"shipping-taxable","33":"purchasable","34":"product-type-simple"},"uagb_featured_image_src":{"full":["https:\/\/rmvapesale.com\/wp-content\/uploads\/2024\/10\/Wholesale-Vape-Vapme-Crystal-20000-Puffs-Disposable.jpg",800,800,false],"thumbnail":["https:\/\/rmvapesale.com\/wp-content\/uploads\/2024\/10\/Wholesale-Vape-Vapme-Crystal-20000-Puffs-Disposable-150x150.jpg",150,150,true],"medium":["https:\/\/rmvapesale.com\/wp-content\/uploads\/2024\/10\/Wholesale-Vape-Vapme-Crystal-20000-Puffs-Disposable-300x300.jpg",300,300,true],"medium_large":["https:\/\/rmvapesale.com\/wp-content\/uploads\/2024\/10\/Wholesale-Vape-Vapme-Crystal-20000-Puffs-Disposable-768x768.jpg",768,768,true],"large":["https:\/\/rmvapesale.com\/wp-content\/uploads\/2024\/10\/Wholesale-Vape-Vapme-Crystal-20000-Puffs-Disposable.jpg",800,800,false],"1536x1536":["https:\/\/rmvapesale.com\/wp-content\/uploads\/2024\/10\/Wholesale-Vape-Vapme-Crystal-20000-Puffs-Disposable.jpg",800,800,false],"2048x2048":["https:\/\/rmvapesale.com\/wp-content\/uploads\/2024\/10\/Wholesale-Vape-Vapme-Crystal-20000-Puffs-Disposable.jpg",800,800,false],"trp-custom-language-flag":["https:\/\/rmvapesale.com\/wp-content\/uploads\/2024\/10\/Wholesale-Vape-Vapme-Crystal-20000-Puffs-Disposable.jpg",12,12,false],"woocommerce_thumbnail":["https:\/\/rmvapesale.com\/wp-content\/uploads\/2024\/10\/Wholesale-Vape-Vapme-Crystal-20000-Puffs-Disposable-300x300.jpg",300,300,true],"woocommerce_single":["https:\/\/rmvapesale.com\/wp-content\/uploads\/2024\/10\/Wholesale-Vape-Vapme-Crystal-20000-Puffs-Disposable-600x600.jpg",600,600,true],"woocommerce_gallery_thumbnail":["https:\/\/rmvapesale.com\/wp-content\/uploads\/2024\/10\/Wholesale-Vape-Vapme-Crystal-20000-Puffs-Disposable-100x100.jpg",100,100,true],"wcpr-photo-reviews":["https:\/\/rmvapesale.com\/wp-content\/uploads\/2024\/10\/Wholesale-Vape-Vapme-Crystal-20000-Puffs-Disposable.jpg",500,500,false]},"uagb_author_info":{"display_name":"AMY","author_link":"https:\/\/rmvapesale.com\/sl\/author\/"},"uagb_comment_info":0,"uagb_excerpt":"Wholesale Vape Vapme Crystal 20000 Puffs Disposable Vapme Crystal 20000 Puffs Dual Flavors Disposable Vape Vapme Crystal 20000 Double Crystal Vape Bar Wholesale WhatsApp: +86 17776015835 &nbsp;","_links":{"self":[{"href":"https:\/\/rmvapesale.com\/sl\/wp-json\/wp\/v2\/product\/2540","targetHints":{"allow":["GET"]}}],"collection":[{"href":"https:\/\/rmvapesale.com\/sl\/wp-json\/wp\/v2\/product"}],"about":[{"href":"https:\/\/rmvapesale.com\/sl\/wp-json\/wp\/v2\/types\/product"}],"replies":[{"embeddable":true,"href":"https:\/\/rmvapesale.com\/sl\/wp-json\/wp\/v2\/comments?post=2540"}],"wp:featuredmedia":[{"embeddable":true,"href":"https:\/\/rmvapesale.com\/sl\/wp-json\/wp\/v2\/media\/2539"}],"wp:attachment":[{"href":"https:\/\/rmvapesale.com\/sl\/wp-json\/wp\/v2\/media?parent=2540"}],"wp:term":[{"taxonomy":"product_brand","embeddable":true,"href":"https:\/\/rmvapesale.com\/sl\/wp-json\/wp\/v2\/product_brand?post=2540"},{"taxonomy":"product_cat","embeddable":true,"href":"https:\/\/rmvapesale.com\/sl\/wp-json\/wp\/v2\/product_cat?post=2540"},{"taxonomy":"product_tag","embeddable":true,"href":"https:\/\/rmvapesale.com\/sl\/wp-json\/wp\/v2\/product_tag?post=2540"}],"curies":[{"name":"wp","href":"https:\/\/api.w.org\/{rel}","templated":true}]}}