{"id":2554,"date":"2024-10-25T06:27:27","date_gmt":"2024-10-25T06:27:27","guid":{"rendered":"https:\/\/rmvapesale.com\/?post_type=product&#038;p=2554"},"modified":"2024-10-25T07:32:34","modified_gmt":"2024-10-25T07:32:34","slug":"aivono-aim-lost-mary-6500-puff-disposable-vape-box-wholesale","status":"publish","type":"product","link":"https:\/\/rmvapesale.com\/sl\/product\/aivono-aim-lost-mary-6500-puff-disposable-vape-box-wholesale\/","title":{"rendered":"AIVONO AIM Lost Mary 6500 Vdihov, \u0161katla za enkratno uporabo Vape na debelo"},"content":{"rendered":"<div class=\"B2VR9 CJHX3e\">\n<div class=\"wyccme\">\n<h1 class=\"LC20lb MBeuO DKV0Md\">AIVONO AIM Lost Mary 6500 Vdihov, \u0161katla za enkratno uporabo Vape na debelo<\/h1>\n<div class=\"flex-shrink-0 flex flex-col relative items-end\">\n<div class=\"pt-0\">\n<div class=\"gizmo-bot-avatar flex h-8 w-8 items-center justify-center overflow-hidden rounded-full\">\n<div class=\"relative p-1 rounded-sm flex items-center justify-center bg-token-main-surface-primary text-token-text-primary h-8 w-8\">\n<p>AIVONO AIM Lost Mary 6500 Puff <strong>\u0160katla za vape za enkratno uporabo<\/strong> je vrhunska izbira v <strong>kategoriji vape s 6500 vpihi<\/strong> , zasnovana za zagotavljanje dolgotrajne in okusne izku\u0161nje. Z veliko prostornino e-teko\u010dine 13 ml je ta kompaktna in prenosna <strong>\u0161katla za vape<\/strong> popolna za uporabnike vape, ki i\u0161\u010dejo mo\u017enost z veliko vpihi in malo vzdr\u017eevanja. Lost Mary 6500, ki ga poganja 650 mAh polnilna baterija in uporablja vmesnik za polnjenje Type-C, zagotavlja dosledno delovanje s hitrimi in enostavnimi polnjenji, zaradi \u010desar je idealna mo\u017enost za tiste, ki raziskujejo <strong>polnilni vapes<\/strong>.<\/p>\n<p>Ta <strong>vape za enkratno uporabo<\/strong> zagotavlja do 6500 vpihov in ima napredno tehnologijo MESH tuljave, ki ponuja gladek, bogat okus z vsakim vdihom. Njegov nastavljiv sistem pretoka zraka omogo\u010da uporabnikom, da prilagodijo svojo izku\u0161njo vapinga, od tesnej\u0161ih do ohlapnej\u0161ih potegov. Naprava, ki je na voljo v 10 edinstvenih okusih, ustreza razli\u010dnim \u017eeljam, zaradi \u010desar je najbolj\u0161a izbira za <strong>trgovina z vape izdelki<\/strong> lastnike in tiste, ki \u017eelijo <strong>kupite vape na spletu<\/strong>.<\/p>\n<p>Ne glede na to, ali ste <strong>lastnik vape bara<\/strong> i\u0161\u010de <strong>veleprodajne vape<\/strong> za va\u0161e podjetje ali posameznika, ki i\u0161\u010de priro\u010dno in dolgotrajno mo\u017enost, je <strong>AIVONO<\/strong> AIM 6500 Puff zasnovan za zadovoljstvo. S svojo kakovostno izdelavo in uporabniku usmerjenimi funkcijami je pripravljen biti eden izmed <strong>najbolj\u0161ih vape za enkratno uporabo leta 2024<\/strong>.<\/p>\n<\/div>\n<\/div>\n<\/div>\n<\/div>\n<\/div>\n<\/div>\n<p><strong>Kontaktirajte Amy, da dobite pravi odgovor in kupon za vape!<\/strong><\/p>\n<p><img loading=\"lazy\" decoding=\"async\" class=\"size-full wp-image-1978\" src=\"https:\/\/rmvapesale.com\/wp-content\/uploads\/2024\/09\/Disposable-Vape-Wholesale.jpg\" alt=\"Vape za enkratno uporabo na debelo\" width=\"229\" height=\"300\" \/><\/p>\n<h3><a href=\"https:\/\/wa.me\/8617776015835\" target=\"_blank\" rel=\"noopener\"><span style=\"color: #ff0000\"><strong>WhatsApp: +86 17776015835<\/strong><\/span><\/a><\/h3>\n<p>&nbsp;<\/p>\n<h2><\/h2>\n<h2><strong>AIVONO Lost Mary 6500 Vape za enkratno uporabo<\/strong><strong>\u00a0<\/strong><strong>Klju\u010dne zna\u010dilnosti<\/strong><\/h2>\n<p>&nbsp;<\/p>\n<p>Kapaciteta poda: 13 ml<br \/>\nBaterija: 650 Mah<br \/>\nVpihov: 6500 vpihov<br \/>\nPolnjenje: Vmesnik tipa C<br \/>\nKapaciteta: 13 ml<br \/>\nOkusi: 10 okusov<\/p>\n<h2><strong>Najbolj\u0161i okus za <\/strong><strong>Vape za polnjenje AIVONO Lost Mary 6500 Puff<\/strong><\/h2>\n<p>Ta naprava AIVONO Lost Mary 6500 Puff\u00a0 <strong>\u0161katla za vape<\/strong> ponuja <strong>12 vznemirljivih okusih<\/strong>, od pikantnega izbruha <strong>Blue Razz Limonada<\/strong> do osve\u017eujo\u010de hladnosti <strong>Ledena lubenica<\/strong> in tropske me\u0161anice <strong>Mango Breskev Ananas<\/strong>. Ne glede na to, ali imate raje sladke, sadne ali ledene okuse, ima Vapme Spacex nekaj za vsak okus.<\/p>\n<p>1. Aloe current ice (Led iz aloe vere in ribeza)<span style=\"color: #ff0000\"><strong>&gt;&gt;&gt;&gt; Vro\u010de!<\/strong><\/span><br \/>\n2. Cherry cantaloupe (\u010ce\u0161nja in melona)<br \/>\n3. strawberry ice cream (Sladoled z okusom jagode)<br \/>\n4. strawberry kiwi ice (Led z okusom jagode in kivija)<br \/>\n5. pineapple coconut ice (Led z okusom ananasa in kokosa)<br \/>\n6. Lemon mint (Limona in meta)<br \/>\n7. White peach grapefruit melon (Bela breskev, grenivka in melona)<br \/>\n8. watermelon bubble gum ice (Led z okusom lubenice in \u017eve\u010dilnega gumija)<span style=\"color: #ff0000\"><strong>&gt;&gt;&gt;&gt; Najbolj\u0161e!<\/strong><\/span><br \/>\n9. strawberry ice (Jagodni led)<span style=\"color: #ff0000\"><strong>&gt;&gt;&gt;&gt; Vro\u010de!<\/strong><\/span><\/p>\n<figure id=\"attachment_2549\" aria-describedby=\"caption-attachment-2549\" style=\"width: 600px\" class=\"wp-caption alignnone\"><img loading=\"lazy\" decoding=\"async\" class=\"wp-image-2549 size-full\" src=\"https:\/\/rmvapesale.com\/wp-content\/uploads\/2024\/10\/AIM-PUFFSTAR-6500-Puffs-Disposable-Vape-Flavor.jpg\" alt=\"AIM PUFFSTAR 6500 Vpihov Razpolo\u017eljivi Vape Okus\" width=\"600\" height=\"600\" srcset=\"https:\/\/rmvapesale.com\/wp-content\/uploads\/2024\/10\/AIM-PUFFSTAR-6500-Puffs-Disposable-Vape-Flavor.jpg 600w, https:\/\/rmvapesale.com\/wp-content\/uploads\/2024\/10\/AIM-PUFFSTAR-6500-Puffs-Disposable-Vape-Flavor-300x300.jpg 300w, https:\/\/rmvapesale.com\/wp-content\/uploads\/2024\/10\/AIM-PUFFSTAR-6500-Puffs-Disposable-Vape-Flavor-150x150.jpg 150w, https:\/\/rmvapesale.com\/wp-content\/uploads\/2024\/10\/AIM-PUFFSTAR-6500-Puffs-Disposable-Vape-Flavor-100x100.jpg 100w\" sizes=\"auto, (max-width: 600px) 100vw, 600px\" \/><figcaption id=\"caption-attachment-2549\" class=\"wp-caption-text\">AIM PUFFSTAR 6500 Vpihov Razpolo\u017eljivi Vape Okus<\/figcaption><\/figure>\n<p>&nbsp;<\/p>\n<h3><strong>Zakaj izbrati Rmvapesale za AIVONO Lost Mary 6500 Razpolo\u017eljivi Vape<\/strong><strong>?<\/strong><\/h3>\n<div class=\"flex-shrink-0 flex flex-col relative items-end\">\n<div class=\"pt-0\">\n<div class=\"gizmo-bot-avatar flex h-8 w-8 items-center justify-center overflow-hidden rounded-full\">\n<div class=\"relative p-1 rounded-sm flex items-center justify-center bg-token-main-surface-primary text-token-text-primary h-8 w-8\">\n<p>&nbsp;<\/p>\n<p>Ko izberete Rmvapesale za svoje potrebe po veleprodaji vapov za enkratno uporabo, boste imeli koristi od:<\/p>\n<ul>\n<li><strong>Konkuren\u010dna cena<\/strong>: Pridobite dostop do privla\u010dnih veleprodajnih cen, ki pove\u010dajo va\u0161e poslovne mar\u017ee.<\/li>\n<li><strong>Visoka kvaliteta<\/strong>: Na\u0161i vapi so izdelani po najvi\u0161jih standardih in <span style=\"color: #ff0000\"><strong>zagotovljeno 100% originalno in pristno, sicer bo za ponarejeno blago zagotovljeno 10-kratno nadomestilo!<\/strong><\/span><\/li>\n<li><strong>Odli\u010dna storitev za stranke<\/strong>: Na\u0161a predana ekipa vam je vedno pripravljena pomagati, kar naredi va\u0161 postopek nakupa gladek in brez te\u017eav.<\/li>\n<li><strong>Hitro<\/strong>: Pri\u010dakujte hitro in zanesljivo po\u0161iljanje, ki zagotavlja, da va\u0161a naro\u010dila prispejo pravo\u010dasno, vsaki\u010d.<\/li>\n<\/ul>\n<\/div>\n<h3><\/h3>\n<div class=\"relative p-1 rounded-sm flex items-center justify-center bg-token-main-surface-primary text-token-text-primary h-8 w-8\">\n<h3><b>Polnilni Vape AIVONO Lost Mary 6500 Vpihov Pogosta vpra\u0161anja<\/b><\/h3>\n<ul>\n<li><strong>Kako napolniti AIVONO 6500 polnilni razpolo\u017eljivi vape<\/strong><br \/>\nAIVONO Lost Mary 6500 Vpihov se polni preko Type-C vmesnika za polnjenje. Za polnjenje priklju\u010dite Type-C kabel na vir napajanja in 650mAh baterija se bo hitro napolnila, kar omogo\u010da dalj\u0161e seanse vapinga.<\/li>\n<li><strong>Koliko nikotina je v AIVONO Lost Mary 6500 Vpihov<\/strong><br \/>\nVsebnost nikotina za AIVONO Lost Mary 6500 Vpihov ni navedena v vsebini. Vendar pa so razpolo\u017eljivi vapeji, kot je ta, pogosto na voljo v razli\u010dnih stopnjah nikotina, kot sta 2% (20mg) ali 5% (50mg), da ustrezajo razli\u010dnim \u017eeljam. Za natan\u010dne informacije se lahko obrnete na prodajalca ali embala\u017eo.<\/li>\n<li><strong>Koliko \u010dasa naj polnim svojo \u0161katlico Lost Mary 6500 Razpolo\u017eljivi Vape Vape?<\/strong><br \/>\nSpecifi\u010den \u010das polnjenja je odvisen od vira napajanja, vendar bi morala zmo\u017enost hitrega polnjenja Type-C omogo\u010diti relativno hitro polnjenje. Med polnjenjem spremljajte napravo in priporo\u010dljivo je, da se sklicujete na morebitne indikatorje polnjenja, da veste, kdaj je popolnoma napolnjena.<\/li>\n<li><strong>Kje lahko kupim AIVONO Lost Mary 6500 Razpolo\u017eljivi Vape?<\/strong><br \/>\nAIVONO Lost Mary 6500 Razpolo\u017eljivi Vape lahko kupite v <strong>trgovinah z vape izdelki<\/strong>, na spletnih platformah, kjer lahko <strong>kupite vape na spletu<\/strong>, ali od <strong>dobaviteljev vape izdelkov na debelo<\/strong> . Preverite pri spletnih prodajalcih vape izdelkov ali v lokalnih trgovinah za razpolo\u017eljivost.<\/li>\n<li><strong>Kateri so najbolj\u0161i razpolo\u017eljivi vapeji leta 2024?<\/strong><br \/>\nNekateri izmed najbolj\u0161ih razpolo\u017eljivih vapejev leta 2024 vklju\u010dujejo:<\/p>\n<ul>\n<li><strong>AIVONO Lost Mary 6500 Vpihov<\/strong>: Znan po veliki kapaciteti e-teko\u010dine, polnilni bateriji in nastavljivem pretoku zraka.<\/li>\n<li><strong>Vapme Crystal 20000 Vpihov<\/strong>: Vklju\u010duje funkcionalnost dvojnega okusa za vsestransko izku\u0161njo vapinga.<\/li>\n<li><strong>Fumot RandM Tornado 30000 Vpihov<\/strong>: Izstopa s svojimi RGB lu\u010dmi, sinhroniziranimi z glasbo.<\/li>\n<li><strong>Aivono Fatpro 22000 Vpihov<\/strong>: Ponuja prilagodljiv pretok zraka in napredno tehnologijo mre\u017easte tuljave.<\/li>\n<\/ul>\n<\/li>\n<\/ul>\n<\/div>\n<\/div>\n<\/div>\n<\/div>\n<h3>O po\u0161iljanju<\/h3>\n<div class=\"flex-shrink-0 flex flex-col relative items-end\">\n<div>\n<div class=\"pt-0\">\n<div class=\"gizmo-bot-avatar flex h-8 w-8 items-center justify-center overflow-hidden rounded-full\">\n<div><\/div>\n<div class=\"relative p-1 rounded-sm flex items-center justify-center bg-token-main-surface-primary text-token-text-primary h-8 w-8\"><strong>1. Katere metode po\u0161iljanja se uporabljajo?<\/strong><\/div>\n<\/div>\n<\/div>\n<\/div>\n<\/div>\n<div class=\"group\/conversation-turn relative flex w-full min-w-0 flex-col agent-turn\">\n<div class=\"flex-col gap-1 md:gap-3\">\n<div class=\"flex max-w-full flex-col flex-grow\">\n<div class=\"min-h-[20px] text-message flex w-full flex-col items-end gap-2 whitespace-normal break-words [.text-message+&amp;]:mt-5 overflow-x-auto\" dir=\"auto\" data-message-author-role=\"assistant\" data-message-id=\"22f8283b-3233-46ff-89a5-c7a41b33abda\">\n<div class=\"flex w-full flex-col gap-1 empty:hidden first:pt-[3px]\">\n<div class=\"markdown prose w-full break-words dark:prose-invert light\">\n<p>Sodelujemo z UPS, DHL, FedEx, DPD in drugimi vodilnimi prevozniki. Izbrali bomo najbolj\u0161i na\u010din po\u0161iljanja glede na va\u0161o lokacijo dostave, da zagotovimo, da boste izdelke prejeli \u010dim hitreje.<\/p>\n<\/div>\n<p><strong>2. Kako dolgo traja, da prispe?<\/strong><\/p>\n<p>Paketi, poslani v Slovenijo, obi\u010dajno prispejo v 10 delovnih dneh. Po\u0161iljanje v evropske dr\u017eave obi\u010dajno traja pribli\u017eno 12-15 delovnih dni. Zagotovili vam bomo sprotne posodobitve o statusu va\u0161ega po\u0161iljanja.<\/p>\n<\/div>\n<\/div>\n<\/div>\n<\/div>\n<\/div>\n<p>&nbsp;<\/p>\n<p>Drugi vro\u010d prodajni vape, ki vam bo morda v\u0161e\u010d:<\/p>\n<p><a href=\"https:\/\/rmvapesale.com\/sl\/product\/fumot-randm-tornado-30000-puffs-30k-music-disposable-vape\/\"><strong>RandM Tornado 30000 Vpihov\u00a0 \u00a0<span style=\"color: #ff0000\">&gt;&gt;&gt;&gt; pojdi!<\/span><\/strong><\/a><\/p>\n<p><strong><a href=\"https:\/\/rmvapesale.com\/sl\/product\/vapme-crystal-20000-puffs-20k-double-flavor-rechargeable-vapes\/\">Vapme Crystal 20000 Vpihov <span style=\"color: #ff0000\">&gt;&gt;&gt;&gt; pojdi!<\/span><\/a>\u00a0<\/strong><\/p>\n<p><a href=\"https:\/\/rmvapesale.com\/sl\/product\/original-randm-vape-digital-puff-12000-fumot-factory-price\/\"><strong>Fumot Vape 12000 vdihov <span style=\"color: #ff0000\">&gt;&gt;&gt;&gt; pojdi!<\/span><\/strong><\/a><\/p>\n<p>&nbsp;<\/p>\n<p>&nbsp;<\/p>\n<p>Poi\u0161\u010di ve\u010d izdelkov Vape, ki so ti morda v\u0161e\u010d:<strong><em><a href=\"https:\/\/rmvapesale.com\/sl\/shop-2\/\">nakupuj zdaj &gt;&gt;&gt;<\/a><\/em><\/strong><\/p>","protected":false},"excerpt":{"rendered":"<p>AIVONO AIM 6500 Spletna trgovina za vape \u0161katle<br \/>\nLost Mary 6500 Puff Polnilna Vape palica<br \/>\nAIVONO Lost Mary 6500 Veleprodaja \u0161katel za vape za enkratno uporabo<\/p>\n<p><img loading=\"lazy\" decoding=\"async\" class=\"size-full wp-image-2375\" src=\"https:\/\/rmvapesale.com\/wp-content\/uploads\/2024\/10\/image.png\" alt=\"Najbolj\u0161i Vape za enkratno uporabo\" width=\"229\" height=\"300\" \/><\/p>\n<h3><a href=\"https:\/\/wa.me\/8617776015835\"><span style=\"color: #ff0000\"><strong>WhatsApp: +86 17776015835<\/strong><\/span><\/a><\/h3>\n<p>&nbsp;<\/p>","protected":false},"featured_media":2552,"comment_status":"open","ping_status":"closed","template":"","meta":{"_uag_custom_page_level_css":"","_lmt_disableupdate":"no","_lmt_disable":"","site-sidebar-layout":"default","site-content-layout":"content-boxed-container","ast-site-content-layout":"normal-width-container","site-content-style":"boxed","site-sidebar-style":"unboxed","ast-global-header-display":"","ast-banner-title-visibility":"","ast-main-header-display":"","ast-hfb-above-header-display":"","ast-hfb-below-header-display":"","ast-hfb-mobile-header-display":"","site-post-title":"","ast-breadcrumbs-content":"","ast-featured-img":"","footer-sml-layout":"","theme-transparent-header-meta":"default","adv-header-id-meta":"","stick-header-meta":"","header-above-stick-meta":"","header-main-stick-meta":"","header-below-stick-meta":"","astra-migrate-meta-layouts":"set","ast-page-background-enabled":"default","ast-page-background-meta":{"desktop":{"background-color":"var(--ast-global-color-4)","background-image":"","background-repeat":"repeat","background-position":"center center","background-size":"auto","background-attachment":"scroll","background-type":"","background-media":"","overlay-type":"","overlay-color":"","overlay-opacity":"","overlay-gradient":""},"tablet":{"background-color":"","background-image":"","background-repeat":"repeat","background-position":"center center","background-size":"auto","background-attachment":"scroll","background-type":"","background-media":"","overlay-type":"","overlay-color":"","overlay-opacity":"","overlay-gradient":""},"mobile":{"background-color":"","background-image":"","background-repeat":"repeat","background-position":"center center","background-size":"auto","background-attachment":"scroll","background-type":"","background-media":"","overlay-type":"","overlay-color":"","overlay-opacity":"","overlay-gradient":""}},"ast-content-background-meta":{"desktop":{"background-color":"var(--ast-global-color-5)","background-image":"","background-repeat":"repeat","background-position":"center center","background-size":"auto","background-attachment":"scroll","background-type":"","background-media":"","overlay-type":"","overlay-color":"","overlay-opacity":"","overlay-gradient":""},"tablet":{"background-color":"var(--ast-global-color-5)","background-image":"","background-repeat":"repeat","background-position":"center center","background-size":"auto","background-attachment":"scroll","background-type":"","background-media":"","overlay-type":"","overlay-color":"","overlay-opacity":"","overlay-gradient":""},"mobile":{"background-color":"var(--ast-global-color-5)","background-image":"","background-repeat":"repeat","background-position":"center center","background-size":"auto","background-attachment":"scroll","background-type":"","background-media":"","overlay-type":"","overlay-color":"","overlay-opacity":"","overlay-gradient":""}},"_joinchat":[]},"product_brand":[],"product_cat":[15,25,123,26,28,135,27,137,136,30],"product_tag":[146,188,167,189,190,165,120],"class_list":{"0":"post-2554","1":"product","2":"type-product","3":"status-publish","4":"has-post-thumbnail","6":"product_cat-new-vape-this-week","7":"product_cat-germany-best-selling-vape","8":"product_cat-italy-wholesale-vape","9":"product_cat-netherlands-hot-sale-vape","10":"product_cat-poland-hot-sale-vape","11":"product_cat-spain-best-hot-sale-vape","12":"product_cat-fance-hot-sale-vape","13":"product_cat-rechargeable-vapes","14":"product_cat-smart-screen-vapes","15":"product_cat-minimum-order-quantity-50pcs","16":"product_tag-best-hot-sale-vape","17":"product_tag-buy-vapes-online","18":"product_tag-disposable-vape-with-screen","19":"product_tag-lost-mary-vape","20":"product_tag-puff-6500","21":"product_tag-rechargeable-vapes","22":"product_tag-vape-wholesale","23":"desktop-align-left","24":"tablet-align-left","25":"mobile-align-left","27":"first","28":"instock","29":"sale","30":"shipping-taxable","31":"purchasable","32":"product-type-simple"},"uagb_featured_image_src":{"full":["https:\/\/rmvapesale.com\/wp-content\/uploads\/2024\/10\/AIM-PUFFSTAR-6500.jpg",600,600,false],"thumbnail":["https:\/\/rmvapesale.com\/wp-content\/uploads\/2024\/10\/AIM-PUFFSTAR-6500-150x150.jpg",150,150,true],"medium":["https:\/\/rmvapesale.com\/wp-content\/uploads\/2024\/10\/AIM-PUFFSTAR-6500-300x300.jpg",300,300,true],"medium_large":["https:\/\/rmvapesale.com\/wp-content\/uploads\/2024\/10\/AIM-PUFFSTAR-6500.jpg",600,600,false],"large":["https:\/\/rmvapesale.com\/wp-content\/uploads\/2024\/10\/AIM-PUFFSTAR-6500.jpg",600,600,false],"1536x1536":["https:\/\/rmvapesale.com\/wp-content\/uploads\/2024\/10\/AIM-PUFFSTAR-6500.jpg",600,600,false],"2048x2048":["https:\/\/rmvapesale.com\/wp-content\/uploads\/2024\/10\/AIM-PUFFSTAR-6500.jpg",600,600,false],"trp-custom-language-flag":["https:\/\/rmvapesale.com\/wp-content\/uploads\/2024\/10\/AIM-PUFFSTAR-6500.jpg",12,12,false],"woocommerce_thumbnail":["https:\/\/rmvapesale.com\/wp-content\/uploads\/2024\/10\/AIM-PUFFSTAR-6500-300x300.jpg",300,300,true],"woocommerce_single":["https:\/\/rmvapesale.com\/wp-content\/uploads\/2024\/10\/AIM-PUFFSTAR-6500.jpg",600,600,false],"woocommerce_gallery_thumbnail":["https:\/\/rmvapesale.com\/wp-content\/uploads\/2024\/10\/AIM-PUFFSTAR-6500-100x100.jpg",100,100,true],"wcpr-photo-reviews":["https:\/\/rmvapesale.com\/wp-content\/uploads\/2024\/10\/AIM-PUFFSTAR-6500.jpg",500,500,false]},"uagb_author_info":{"display_name":"AMY","author_link":"https:\/\/rmvapesale.com\/sl\/author\/"},"uagb_comment_info":0,"uagb_excerpt":"AIVONO AIM 6500 Puff Box Vape Shop Online Lost Mary 6500 Puff Rechargable Vape Bar AIVONO Lost Mary 6500 Puff Disposable Vape Box Wholesale WhatsApp: +86 17776015835 &nbsp;","_links":{"self":[{"href":"https:\/\/rmvapesale.com\/sl\/wp-json\/wp\/v2\/product\/2554","targetHints":{"allow":["GET"]}}],"collection":[{"href":"https:\/\/rmvapesale.com\/sl\/wp-json\/wp\/v2\/product"}],"about":[{"href":"https:\/\/rmvapesale.com\/sl\/wp-json\/wp\/v2\/types\/product"}],"replies":[{"embeddable":true,"href":"https:\/\/rmvapesale.com\/sl\/wp-json\/wp\/v2\/comments?post=2554"}],"wp:featuredmedia":[{"embeddable":true,"href":"https:\/\/rmvapesale.com\/sl\/wp-json\/wp\/v2\/media\/2552"}],"wp:attachment":[{"href":"https:\/\/rmvapesale.com\/sl\/wp-json\/wp\/v2\/media?parent=2554"}],"wp:term":[{"taxonomy":"product_brand","embeddable":true,"href":"https:\/\/rmvapesale.com\/sl\/wp-json\/wp\/v2\/product_brand?post=2554"},{"taxonomy":"product_cat","embeddable":true,"href":"https:\/\/rmvapesale.com\/sl\/wp-json\/wp\/v2\/product_cat?post=2554"},{"taxonomy":"product_tag","embeddable":true,"href":"https:\/\/rmvapesale.com\/sl\/wp-json\/wp\/v2\/product_tag?post=2554"}],"curies":[{"name":"wp","href":"https:\/\/api.w.org\/{rel}","templated":true}]}}