{"id":2562,"date":"2024-10-25T07:04:35","date_gmt":"2024-10-25T07:04:35","guid":{"rendered":"https:\/\/rmvapesale.com\/?post_type=product&#038;p=2562"},"modified":"2024-10-25T07:28:33","modified_gmt":"2024-10-25T07:28:33","slug":"elf-world-i15-pro-12000-rechargeable-disposable-vape-pod","status":"publish","type":"product","link":"https:\/\/rmvapesale.com\/sl\/product\/elf-world-i15-pro-12000-rechargeable-disposable-vape-pod\/","title":{"rendered":"Elf World i15 Pro 12000 Polnilna vape pod za enkratno uporabo"},"content":{"rendered":"<div class=\"B2VR9 CJHX3e\">\n<div class=\"wyccme\">\n<h1 class=\"LC20lb MBeuO DKV0Md\">Elf World i15 Pro 12000 Polnilna vape pod za enkratno uporabo<\/h1>\n<div class=\"flex-shrink-0 flex flex-col relative items-end\">\n<div class=\"pt-0\">\n<div class=\"gizmo-bot-avatar flex h-8 w-8 items-center justify-center overflow-hidden rounded-full\">\n<div class=\"relative p-1 rounded-sm flex items-center justify-center bg-token-main-surface-primary text-token-text-primary h-8 w-8\">\n<p>The <strong>Elf World i15 Pro 12000 Polnilna vape pod za enkratno uporabo<\/strong> postavlja nov standard za MTL vaping z napredno tehnologijo, elegantnim dizajnom in impresivno vzdr\u017eljivostjo. Zasnovan z ergonomsko obliko, ta naprava udobno le\u017ei v roki, zaradi \u010desar ni le vape, temve\u010d tudi prefinjen dodatek. Namenjen tako izku\u0161enim vaperjem kot za\u010detnikom, ta vape z vdihom 12 zdru\u017euje stil in funkcionalnost v eni kompaktni obliki.<\/p>\n<p>Z <strong>12000 vdihov<\/strong> na napravo, <strong>Elf World <\/strong>i15 Pro ponuja dolgo uporabo, ki se kosa z drugimi vrhunskimi mo\u017enostmi na<strong> vape za enkratno uporabo<\/strong> trgu. Napaja ga <strong>650mAh integrirana baterija<\/strong> in opremljeno z <strong>Type-C<\/strong>, ta <strong>vape za enkratno uporabo z mo\u017enostjo ponovnega polnjenja<\/strong> je zasnovana za brezskrbno, dosledno uporabo. Naprava se hitro segreje za gladek, dosleden vapor z vsakim vdihom, kar naredi va\u0161e vaping izku\u0161njo prijetno in priro\u010dno.<\/p>\n<p>The <strong>Elf World 12000 vdihov vape<\/strong> se prav tako pona\u0161a z <strong>sistemom na poteg<\/strong>, kar poenostavlja postopek vapenja, in njen \u017eivahen zaslon omogo\u010da enostavno spremljanje \u017eivljenjske dobe baterije. Z vzdr\u017eljivo konstrukcijo je ta vape podloga izdelana za vsakodnevno uporabo, hkrati pa ohranja eleganten zaklju\u010dek, ki doda prefinjenost va\u0161i vaping izku\u0161nji.<\/p>\n<\/div>\n<\/div>\n<\/div>\n<\/div>\n<\/div>\n<\/div>\n<p><strong>Kontaktirajte Amy, da dobite pravi odgovor in kupon za vape!<\/strong><\/p>\n<p><img loading=\"lazy\" decoding=\"async\" class=\"size-full wp-image-1978\" src=\"https:\/\/rmvapesale.com\/wp-content\/uploads\/2024\/09\/Disposable-Vape-Wholesale.jpg\" alt=\"Vape za enkratno uporabo na debelo\" width=\"229\" height=\"300\" \/><\/p>\n<h3><a href=\"https:\/\/wa.me\/8617776015835\" target=\"_blank\" rel=\"noopener\"><span style=\"color: #ff0000\"><strong>WhatsApp: +86 17776015835<\/strong><\/span><\/a><\/h3>\n<p>&nbsp;<\/p>\n<h2><\/h2>\n<h2><strong>Elf World i15 Pro 12000 Polnilna vape pod za enkratno uporabo <\/strong><strong>Klju\u010dne zna\u010dilnosti<\/strong><\/h2>\n<p>Vrsta izdelka: Enkratni vape<br \/>\nVdihov: 12000 vdihov<br \/>\nKapaciteta e-tekline: 18mL<br \/>\nMo\u010d nikotina: 5%<br \/>\nStruktura tuljave: Mre\u017easta tuljava<br \/>\nKapaciteta baterije: 650 mAh<br \/>\nVhod za polnjenje: Type-C<br \/>\nLED zaslon prikazuje raven e-juica in baterije<\/p>\n<p>&nbsp;<\/p>\n<h2><strong>Najbolj\u0161i okus za <\/strong><strong>Ponovno polnljiva vape Elf World 12000 vdihov<\/strong><\/h2>\n<p>&nbsp;<\/p>\n<p>1. Breskev Mango<br \/>\n2. Grozdni led<br \/>\n3. Vanilija Casta Tobak<br \/>\n4. Lubenica \u017dve\u010dilni Gumi <span style=\"color: #ff0000\"><strong>&gt;&gt;&gt;&gt; Vro\u010de!<\/strong><\/span><br \/>\n5. Jagodno Sladoled<br \/>\n6. Kivi Pasijonov Sad Guava<br \/>\n7. Lubenica Led<br \/>\n8. Rde\u010da malina Lubenica<br \/>\n9. Me\u0161ane jagodi\u010devje <span style=\"color: #ff0000\"><strong>&gt;&gt;&gt;&gt; Najbolj\u0161e!<\/strong><\/span><br \/>\n10. Jagodni led <span style=\"color: #ff0000\"><strong>&gt;&gt;&gt;&gt; Vro\u010de!<\/strong><\/span><\/p>\n<figure id=\"attachment_2560\" aria-describedby=\"caption-attachment-2560\" style=\"width: 800px\" class=\"wp-caption alignnone\"><img loading=\"lazy\" decoding=\"async\" class=\"wp-image-2560 size-full\" src=\"https:\/\/rmvapesale.com\/wp-content\/uploads\/2024\/10\/ELFWORLD-I15-Pro-Disposable-Vape-Kit-12000-Puffs.jpg\" alt=\"ELFWORLD I15 Pro komplet za enkratni vape 12000 vdihov\" width=\"800\" height=\"800\" srcset=\"https:\/\/rmvapesale.com\/wp-content\/uploads\/2024\/10\/ELFWORLD-I15-Pro-Disposable-Vape-Kit-12000-Puffs.jpg 800w, https:\/\/rmvapesale.com\/wp-content\/uploads\/2024\/10\/ELFWORLD-I15-Pro-Disposable-Vape-Kit-12000-Puffs-300x300.jpg 300w, https:\/\/rmvapesale.com\/wp-content\/uploads\/2024\/10\/ELFWORLD-I15-Pro-Disposable-Vape-Kit-12000-Puffs-150x150.jpg 150w, https:\/\/rmvapesale.com\/wp-content\/uploads\/2024\/10\/ELFWORLD-I15-Pro-Disposable-Vape-Kit-12000-Puffs-768x768.jpg 768w, https:\/\/rmvapesale.com\/wp-content\/uploads\/2024\/10\/ELFWORLD-I15-Pro-Disposable-Vape-Kit-12000-Puffs-600x600.jpg 600w, https:\/\/rmvapesale.com\/wp-content\/uploads\/2024\/10\/ELFWORLD-I15-Pro-Disposable-Vape-Kit-12000-Puffs-100x100.jpg 100w\" sizes=\"auto, (max-width: 800px) 100vw, 800px\" \/><figcaption id=\"caption-attachment-2560\" class=\"wp-caption-text\">ELFWORLD I15 Pro komplet za enkratni vape 12000 vdihov<\/figcaption><\/figure>\n<h3><strong>Zakaj izbrati Rmvapesale za Elf World i15 Pro 12000 Ponovno polnljivo enkratno vape<\/strong><strong>?<\/strong><\/h3>\n<div class=\"flex-shrink-0 flex flex-col relative items-end\">\n<div class=\"pt-0\">\n<div class=\"gizmo-bot-avatar flex h-8 w-8 items-center justify-center overflow-hidden rounded-full\">\n<div class=\"relative p-1 rounded-sm flex items-center justify-center bg-token-main-surface-primary text-token-text-primary h-8 w-8\">\n<p>&nbsp;<\/p>\n<p>Ko izberete Rmvapesale za svoje potrebe po veleprodaji vapov za enkratno uporabo, boste imeli koristi od:<\/p>\n<ul>\n<li><strong>Konkuren\u010dna cena<\/strong>: Pridobite dostop do privla\u010dnih veleprodajnih cen, ki pove\u010dajo va\u0161e poslovne mar\u017ee.<\/li>\n<li><strong>Visoka kvaliteta<\/strong>: Na\u0161i vapi so izdelani po najvi\u0161jih standardih in <span style=\"color: #ff0000\"><strong>zagotovljeno 100% originalno in pristno, sicer bo za ponarejeno blago zagotovljeno 10-kratno nadomestilo!<\/strong><\/span><\/li>\n<li><strong>Odli\u010dna storitev za stranke<\/strong>: Na\u0161a predana ekipa vam je vedno pripravljena pomagati, kar naredi va\u0161 postopek nakupa gladek in brez te\u017eav.<\/li>\n<li><strong>Hitro<\/strong>: Pri\u010dakujte hitro in zanesljivo po\u0161iljanje, ki zagotavlja, da va\u0161a naro\u010dila prispejo pravo\u010dasno, vsaki\u010d.<\/li>\n<\/ul>\n<\/div>\n<h3><\/h3>\n<div class=\"relative p-1 rounded-sm flex items-center justify-center bg-token-main-surface-primary text-token-text-primary h-8 w-8\">\n<h3><b>Pogosta vpra\u0161anja o ponovni polnljivi vape Elf World i15 Pro 12000 vdihov<\/b><\/h3>\n<ul>\n<li><strong>Kako napolniti Elf World Bar i15 Pro 12000 ponovno polnljivo enkratno vape<\/strong><br \/>\nElf World i15 Pro 12000 je opremljen z 650mAh baterijo, ki jo je mogo\u010de ponovno napolniti. Za polnjenje priklju\u010dite napravo na vir napajanja z uporabo vhoda Type-C. Ta funkcija hitrega polnjenja omogo\u010da enostavno ponovno polnjenje in hitro vrnitev k vapingu.<\/li>\n<li><strong>Koliko nikotina je v Elf World Bar 12000 vdihih<\/strong><br \/>\nMo\u010d nikotina za Elf World i15 Pro 12000 ni dolo\u010dena v vsebini. Enkratne vape obi\u010dajno prihajajo z razli\u010dnimi ravnmi nikotina, kot so 2% (20 mg) ali 5% (50 mg). Preverite embala\u017eo izdelka ali se posvetujte z prodajalcem za natan\u010dne informacije o nikotinu.<\/li>\n<li><strong>Koliko \u010dasa naj polnim svoj Elf World 12000 enkratno vape?<\/strong><br \/>\nNatan\u010den \u010das polnjenja je odvisen od vira napajanja, vendar z hitrim polnjenjem Type-C naj bi se hitro napolnilo. Baterijski status naprave lahko spremljate na zaslonu, ki ka\u017ee, ko je baterija popolnoma napolnjena.<\/li>\n<li><strong>Kje lahko kupim Elf World Bar i15 Pro 12000 enkratno vape?<\/strong><br \/>\nThe Elf World i15 Pro 12000 je mogo\u010de kupiti v vape trgovinah, spletnih trgovcih, ki ponujajo <strong>ve\u010dnamenski vejp<\/strong>, ali <strong>dobaviteljev vape izdelkov na debelo<\/strong> dobaviteljih. Za razpolo\u017eljivost preverite spletne vape trgovine ali lokalne vape trgovine.<\/li>\n<li><strong>Kateri so najbolj\u0161i razpolo\u017eljivi vapeji leta 2024?<\/strong><br \/>\nNekateri izmed najbolj\u0161ih razpolo\u017eljivih vapejev leta 2024 vklju\u010dujejo:<\/p>\n<ul>\n<li><strong>Elf World i15 Pro 12000<\/strong>: Znano po svoji kapaciteti 12000 vdihov, polnilni bateriji in zasnovi osredoto\u010deni na MTL.<\/li>\n<li><strong>AIVONO Lost Mary 6500 Vpihov<\/strong>: Ponuja nastavljiv pretok zraka in kompaktno zasnovo za visoko prenosljivost.<\/li>\n<li><strong>Vapme Crystal 20000 Vpihov<\/strong>: Nudi funkcionalnost Double Flavor in polnjenje s Type-C.<\/li>\n<li><strong>Fumot RandM Tornado 30000 Vpihov<\/strong>: Edinstveno z RGB lu\u010dmi, usklajenimi z glasbo, in velikim kapacitetom vdihov.<\/li>\n<\/ul>\n<\/li>\n<\/ul>\n<\/div>\n<\/div>\n<\/div>\n<\/div>\n<h3>O po\u0161iljanju<\/h3>\n<div class=\"flex-shrink-0 flex flex-col relative items-end\">\n<div>\n<div class=\"pt-0\">\n<div class=\"gizmo-bot-avatar flex h-8 w-8 items-center justify-center overflow-hidden rounded-full\">\n<div><\/div>\n<div class=\"relative p-1 rounded-sm flex items-center justify-center bg-token-main-surface-primary text-token-text-primary h-8 w-8\"><strong>1. Katere metode po\u0161iljanja se uporabljajo?<\/strong><\/div>\n<\/div>\n<\/div>\n<\/div>\n<\/div>\n<div class=\"group\/conversation-turn relative flex w-full min-w-0 flex-col agent-turn\">\n<div class=\"flex-col gap-1 md:gap-3\">\n<div class=\"flex max-w-full flex-col flex-grow\">\n<div class=\"min-h-[20px] text-message flex w-full flex-col items-end gap-2 whitespace-normal break-words [.text-message+&amp;]:mt-5 overflow-x-auto\" dir=\"auto\" data-message-author-role=\"assistant\" data-message-id=\"22f8283b-3233-46ff-89a5-c7a41b33abda\">\n<div class=\"flex w-full flex-col gap-1 empty:hidden first:pt-[3px]\">\n<div class=\"markdown prose w-full break-words dark:prose-invert light\">\n<p>Sodelujemo z UPS, DHL, FedEx, DPD in drugimi vodilnimi prevozniki. Izbrali bomo najbolj\u0161i na\u010din po\u0161iljanja glede na va\u0161o lokacijo dostave, da zagotovimo, da boste izdelke prejeli \u010dim hitreje.<\/p>\n<\/div>\n<p><strong>2. Kako dolgo traja, da prispe?<\/strong><\/p>\n<p>Paketi, poslani v Slovenijo, obi\u010dajno prispejo v 10 delovnih dneh. Po\u0161iljanje v evropske dr\u017eave obi\u010dajno traja pribli\u017eno 12-15 delovnih dni. Zagotovili vam bomo sprotne posodobitve o statusu va\u0161ega po\u0161iljanja.<\/p>\n<\/div>\n<\/div>\n<\/div>\n<\/div>\n<\/div>\n<p>&nbsp;<\/p>\n<p>Drugi vro\u010d prodajni vape, ki vam bo morda v\u0161e\u010d:<\/p>\n<p><a href=\"https:\/\/rmvapesale.com\/sl\/product\/fumot-randm-tornado-30000-puffs-30k-music-disposable-vape\/\"><strong>RandM Tornado 30000 Vpihov\u00a0 \u00a0<span style=\"color: #ff0000\">&gt;&gt;&gt;&gt; pojdi!<\/span><\/strong><\/a><\/p>\n<p><strong><a href=\"https:\/\/rmvapesale.com\/sl\/product\/rechargeable-vape-vapme-spacex-22000-puff-wholesale\/\">Vapme Spacex 22000 Vdihov <span style=\"color: #ff0000\">&gt;&gt;&gt;&gt; pojdi!<\/span><\/a>\u00a0<\/strong><\/p>\n<p><a href=\"https:\/\/rmvapesale.com\/sl\/product\/original-randm-vape-digital-puff-12000-fumot-factory-price\/\"><strong>Fumot Vape 12000 vdihov <span style=\"color: #ff0000\">&gt;&gt;&gt;&gt; pojdi!<\/span><\/strong><\/a><\/p>\n<p>&nbsp;<\/p>\n<p>&nbsp;<\/p>\n<p>Poi\u0161\u010di ve\u010d izdelkov Vape, ki so ti morda v\u0161e\u010d:<strong><em><a href=\"https:\/\/rmvapesale.com\/sl\/shop-2\/\">nakupuj zdaj &gt;&gt;&gt;<\/a><\/em><\/strong><\/p>","protected":false},"excerpt":{"rendered":"<p>ELFWORLD i15 Pro 12000 Vdihov na veliko enkratnih vape-ov<br \/>\nElf World i15 Pro Ultra Slim enkratni vape 12K vdihov<br \/>\nELFWORLD I15 Pro komplet za enkratni vape 12000 vdihov<\/p>\n<p><img loading=\"lazy\" decoding=\"async\" class=\"size-full wp-image-2375\" src=\"https:\/\/rmvapesale.com\/wp-content\/uploads\/2024\/10\/image.png\" alt=\"Najbolj\u0161i Vape za enkratno uporabo\" width=\"229\" height=\"300\" \/><\/p>\n<h3><a href=\"https:\/\/wa.me\/8617776015835\"><span style=\"color: #ff0000\"><strong>WhatsApp: +86 17776015835<\/strong><\/span><\/a><\/h3>\n<p>&nbsp;<\/p>","protected":false},"featured_media":2558,"comment_status":"open","ping_status":"closed","template":"","meta":{"_uag_custom_page_level_css":"","_lmt_disableupdate":"no","_lmt_disable":"","site-sidebar-layout":"default","site-content-layout":"content-boxed-container","ast-site-content-layout":"normal-width-container","site-content-style":"boxed","site-sidebar-style":"unboxed","ast-global-header-display":"","ast-banner-title-visibility":"","ast-main-header-display":"","ast-hfb-above-header-display":"","ast-hfb-below-header-display":"","ast-hfb-mobile-header-display":"","site-post-title":"","ast-breadcrumbs-content":"","ast-featured-img":"","footer-sml-layout":"","theme-transparent-header-meta":"default","adv-header-id-meta":"","stick-header-meta":"","header-above-stick-meta":"","header-main-stick-meta":"","header-below-stick-meta":"","astra-migrate-meta-layouts":"set","ast-page-background-enabled":"default","ast-page-background-meta":{"desktop":{"background-color":"var(--ast-global-color-4)","background-image":"","background-repeat":"repeat","background-position":"center center","background-size":"auto","background-attachment":"scroll","background-type":"","background-media":"","overlay-type":"","overlay-color":"","overlay-opacity":"","overlay-gradient":""},"tablet":{"background-color":"","background-image":"","background-repeat":"repeat","background-position":"center center","background-size":"auto","background-attachment":"scroll","background-type":"","background-media":"","overlay-type":"","overlay-color":"","overlay-opacity":"","overlay-gradient":""},"mobile":{"background-color":"","background-image":"","background-repeat":"repeat","background-position":"center center","background-size":"auto","background-attachment":"scroll","background-type":"","background-media":"","overlay-type":"","overlay-color":"","overlay-opacity":"","overlay-gradient":""}},"ast-content-background-meta":{"desktop":{"background-color":"var(--ast-global-color-5)","background-image":"","background-repeat":"repeat","background-position":"center center","background-size":"auto","background-attachment":"scroll","background-type":"","background-media":"","overlay-type":"","overlay-color":"","overlay-opacity":"","overlay-gradient":""},"tablet":{"background-color":"var(--ast-global-color-5)","background-image":"","background-repeat":"repeat","background-position":"center center","background-size":"auto","background-attachment":"scroll","background-type":"","background-media":"","overlay-type":"","overlay-color":"","overlay-opacity":"","overlay-gradient":""},"mobile":{"background-color":"var(--ast-global-color-5)","background-image":"","background-repeat":"repeat","background-position":"center center","background-size":"auto","background-attachment":"scroll","background-type":"","background-media":"","overlay-type":"","overlay-color":"","overlay-opacity":"","overlay-gradient":""}},"_joinchat":[]},"product_brand":[],"product_cat":[15,25,123,26,28,135,27,137,136,30],"product_tag":[146,188,167,165,191,120],"class_list":{"0":"post-2562","1":"product","2":"type-product","3":"status-publish","4":"has-post-thumbnail","6":"product_cat-new-vape-this-week","7":"product_cat-germany-best-selling-vape","8":"product_cat-italy-wholesale-vape","9":"product_cat-netherlands-hot-sale-vape","10":"product_cat-poland-hot-sale-vape","11":"product_cat-spain-best-hot-sale-vape","12":"product_cat-fance-hot-sale-vape","13":"product_cat-rechargeable-vapes","14":"product_cat-smart-screen-vapes","15":"product_cat-minimum-order-quantity-50pcs","16":"product_tag-best-hot-sale-vape","17":"product_tag-buy-vapes-online","18":"product_tag-disposable-vape-with-screen","19":"product_tag-rechargeable-vapes","20":"product_tag-vape-box","21":"product_tag-vape-wholesale","22":"desktop-align-left","23":"tablet-align-left","24":"mobile-align-left","26":"first","27":"instock","28":"sale","29":"shipping-taxable","30":"purchasable","31":"product-type-simple"},"uagb_featured_image_src":{"full":["https:\/\/rmvapesale.com\/wp-content\/uploads\/2024\/10\/ELFWORLD-I15-Pro-12000-Puffs.png",800,800,false],"thumbnail":["https:\/\/rmvapesale.com\/wp-content\/uploads\/2024\/10\/ELFWORLD-I15-Pro-12000-Puffs-150x150.png",150,150,true],"medium":["https:\/\/rmvapesale.com\/wp-content\/uploads\/2024\/10\/ELFWORLD-I15-Pro-12000-Puffs-300x300.png",300,300,true],"medium_large":["https:\/\/rmvapesale.com\/wp-content\/uploads\/2024\/10\/ELFWORLD-I15-Pro-12000-Puffs-768x768.png",768,768,true],"large":["https:\/\/rmvapesale.com\/wp-content\/uploads\/2024\/10\/ELFWORLD-I15-Pro-12000-Puffs.png",800,800,false],"1536x1536":["https:\/\/rmvapesale.com\/wp-content\/uploads\/2024\/10\/ELFWORLD-I15-Pro-12000-Puffs.png",800,800,false],"2048x2048":["https:\/\/rmvapesale.com\/wp-content\/uploads\/2024\/10\/ELFWORLD-I15-Pro-12000-Puffs.png",800,800,false],"trp-custom-language-flag":["https:\/\/rmvapesale.com\/wp-content\/uploads\/2024\/10\/ELFWORLD-I15-Pro-12000-Puffs.png",12,12,false],"woocommerce_thumbnail":["https:\/\/rmvapesale.com\/wp-content\/uploads\/2024\/10\/ELFWORLD-I15-Pro-12000-Puffs-300x300.png",300,300,true],"woocommerce_single":["https:\/\/rmvapesale.com\/wp-content\/uploads\/2024\/10\/ELFWORLD-I15-Pro-12000-Puffs-600x600.png",600,600,true],"woocommerce_gallery_thumbnail":["https:\/\/rmvapesale.com\/wp-content\/uploads\/2024\/10\/ELFWORLD-I15-Pro-12000-Puffs-100x100.png",100,100,true],"wcpr-photo-reviews":["https:\/\/rmvapesale.com\/wp-content\/uploads\/2024\/10\/ELFWORLD-I15-Pro-12000-Puffs.png",500,500,false]},"uagb_author_info":{"display_name":"AMY","author_link":"https:\/\/rmvapesale.com\/sl\/author\/"},"uagb_comment_info":0,"uagb_excerpt":"ELFWORLD i15 Pro 12000 Puffs Disposable Vape Wholesale Elf World i15 Pro Ultra Slim Disposable Vape 12K Puffs ELFWORLD I15 Pro Disposable Vape Kit 12000 Puffs WhatsApp: +86 17776015835 &nbsp;","_links":{"self":[{"href":"https:\/\/rmvapesale.com\/sl\/wp-json\/wp\/v2\/product\/2562","targetHints":{"allow":["GET"]}}],"collection":[{"href":"https:\/\/rmvapesale.com\/sl\/wp-json\/wp\/v2\/product"}],"about":[{"href":"https:\/\/rmvapesale.com\/sl\/wp-json\/wp\/v2\/types\/product"}],"replies":[{"embeddable":true,"href":"https:\/\/rmvapesale.com\/sl\/wp-json\/wp\/v2\/comments?post=2562"}],"wp:featuredmedia":[{"embeddable":true,"href":"https:\/\/rmvapesale.com\/sl\/wp-json\/wp\/v2\/media\/2558"}],"wp:attachment":[{"href":"https:\/\/rmvapesale.com\/sl\/wp-json\/wp\/v2\/media?parent=2562"}],"wp:term":[{"taxonomy":"product_brand","embeddable":true,"href":"https:\/\/rmvapesale.com\/sl\/wp-json\/wp\/v2\/product_brand?post=2562"},{"taxonomy":"product_cat","embeddable":true,"href":"https:\/\/rmvapesale.com\/sl\/wp-json\/wp\/v2\/product_cat?post=2562"},{"taxonomy":"product_tag","embeddable":true,"href":"https:\/\/rmvapesale.com\/sl\/wp-json\/wp\/v2\/product_tag?post=2562"}],"curies":[{"name":"wp","href":"https:\/\/api.w.org\/{rel}","templated":true}]}}