{"id":2582,"date":"2024-10-28T06:44:31","date_gmt":"2024-10-28T06:44:31","guid":{"rendered":"https:\/\/rmvapesale.com\/?post_type=product&#038;p=2582"},"modified":"2024-10-28T07:36:05","modified_gmt":"2024-10-28T07:36:05","slug":"elfworld-plus-20000-puff-smart-disposable-vape-bulk-buy","status":"publish","type":"product","link":"https:\/\/rmvapesale.com\/sl\/product\/elfworld-plus-20000-puff-smart-disposable-vape-bulk-buy\/","title":{"rendered":"ELFWORLD Plus 20000 Vpihov Pametni vape za enkratno uporabo Nakup v razsutem stanju"},"content":{"rendered":"<div class=\"B2VR9 CJHX3e\">\n<div class=\"wyccme\">\n<h1 class=\"LC20lb MBeuO DKV0Md\">ELFWORLD Plus 20000 Vpihov Pametni vape za enkratno uporabo Nakup v razsutem stanju<\/h1>\n<div class=\"flex-shrink-0 flex flex-col relative items-end\">\n<div class=\"pt-0\">\n<div class=\"gizmo-bot-avatar flex h-8 w-8 items-center justify-center overflow-hidden rounded-full\">\n<div class=\"relative p-1 rounded-sm flex items-center justify-center bg-token-main-surface-primary text-token-text-primary h-8 w-8\">\n<p>The <strong>ELFWORLD Plus 20000 Puff Smart Disposable Vape<\/strong> je vrhunska izbira za tiste, ki i\u0161\u010dejo napredne funkcije in prilagodljivo izku\u0161njo vapinga. Ta visoko zmogljiv, <strong>vape s 20000 vdihi<\/strong> ponuja neprimerljivo dolgo \u017eivljenjsko dobo in je zasnovan z inovativnostjo in slogom, zaradi \u010desar je eden izmed <strong>najbolj\u0161ih vape za enkratno uporabo leta 2024<\/strong> za <strong>veleprodajne vape<\/strong> in posamezne nakupe.<\/p>\n<p>&nbsp;<\/p>\n<p>Ta <strong>ELFWORLD pulse vape<\/strong> ponuja izbiro dvojnega na\u010dina, ki vaperjem omogo\u010da, da prilagodijo vsako sejo, kar pove\u010duje zadovoljstvo in izbolj\u0161a vsak vdih. <strong>Konvencionalni na\u010din<\/strong>: Zagotavlja izjemnih 20.000 ciklov za podalj\u0161ano u\u017eivanje. <strong>Pulzni na\u010din<\/strong>: Zagotavlja 10.000 intenzivnih vdihov, kot nala\u0161\u010d za vaperje, ki \u017eelijo oja\u010dan okus in proizvodnjo pare.<\/p>\n<p>Ta\u00a0<strong>vape za enkratno uporabo z zaslonom<\/strong> prihaja z zaslonom v realnem \u010dasu, ki prikazuje <strong>odstotek baterije<\/strong> in preostalo mo\u010d, tako da imate vedno nadzor nad svojo izku\u0161njo vapinga. Ta funkcija je idealna za uporabnike, ki \u017eelijo natan\u010dnost in zanesljivost z vsakim vdihom.<\/p>\n<p>Zasnovan tako, da je <strong>Elegantno in funkcionalno<\/strong>, ELF WORLD Plus 20K brezhibno zdru\u017euje modno estetiko z robustno zmogljivostjo. Narejen za vaperje vseh ravni, ta enkratna e-cigaretka je na voljo za <strong>vape v razsutem stanju<\/strong>, kar je popolna izbira za <strong>trgovinah z vape izdelki<\/strong> in <strong>veleprodajne vape<\/strong> dobavitelje.<\/p>\n<p>Za tiste, ki i\u0161\u010dejo <strong>priljubljenimi znamkami vapinga<\/strong> ali preprosto \u017eelijo <strong>kupite vape na spletu<\/strong>, ELF WORLD Plus 20K postavlja nov standard v enkratnem vapingu s svojo kombinacijo sloga, vsestranskosti in naprednih funkcij.<\/p>\n<\/div>\n<\/div>\n<\/div>\n<\/div>\n<\/div>\n<\/div>\n<p><strong>Kontaktirajte Amy, da dobite pravi odgovor in kupon za vape!<\/strong><\/p>\n<p><img loading=\"lazy\" decoding=\"async\" class=\"size-full wp-image-1978\" src=\"https:\/\/rmvapesale.com\/wp-content\/uploads\/2024\/09\/Disposable-Vape-Wholesale.jpg\" alt=\"Vape za enkratno uporabo na debelo\" width=\"229\" height=\"300\" \/><\/p>\n<h3><a href=\"https:\/\/wa.me\/8617776015835\" target=\"_blank\" rel=\"noopener\"><span style=\"color: #ff0000\"><strong>WhatsApp: +86 17776015835<\/strong><\/span><\/a><\/h3>\n<p>&nbsp;<\/p>\n<h2><\/h2>\n<h2><strong>ELFWORLD Plus 20000 Puff Smart Disposable Vape <\/strong><strong>Klju\u010dne zna\u010dilnosti<\/strong><\/h2>\n<p>Vnaprej napolnjena 22 ml E-juice<br \/>\nPolnjenje z notranjo 650mAh baterijo, ki je mogo\u010de ponovno napolniti<br \/>\n\u0160tevilo pufov: Pribli\u017eno 20000 pufov<br \/>\nHD zaslon<br \/>\n2 na\u010dina vapinga: Normalno\/Boost<br \/>\nNastavitev pretoka zraka<br \/>\nDvojne mre\u017easte tuljave<br \/>\n2% 5% Nikotinska mo\u010d<br \/>\nPolnjenje s Type-C (ni vklju\u010deno)<br \/>\nAktiviranje z Vdihom<br \/>\nMTL vaping<\/p>\n<figure id=\"attachment_2576\" aria-describedby=\"caption-attachment-2576\" style=\"width: 600px\" class=\"wp-caption alignnone\"><img loading=\"lazy\" decoding=\"async\" class=\"wp-image-2576 size-full\" src=\"https:\/\/rmvapesale.com\/wp-content\/uploads\/2024\/10\/ELFWORLD-ELF-WORLD-Plus-20K-20000-Puffs-Disposable.jpg\" alt=\"ELFWORLD ELF WORLD Plus+ 20K 20000 vdihov enkratna naprava\" width=\"600\" height=\"600\" srcset=\"https:\/\/rmvapesale.com\/wp-content\/uploads\/2024\/10\/ELFWORLD-ELF-WORLD-Plus-20K-20000-Puffs-Disposable.jpg 600w, https:\/\/rmvapesale.com\/wp-content\/uploads\/2024\/10\/ELFWORLD-ELF-WORLD-Plus-20K-20000-Puffs-Disposable-300x300.jpg 300w, https:\/\/rmvapesale.com\/wp-content\/uploads\/2024\/10\/ELFWORLD-ELF-WORLD-Plus-20K-20000-Puffs-Disposable-150x150.jpg 150w, https:\/\/rmvapesale.com\/wp-content\/uploads\/2024\/10\/ELFWORLD-ELF-WORLD-Plus-20K-20000-Puffs-Disposable-100x100.jpg 100w\" sizes=\"auto, (max-width: 600px) 100vw, 600px\" \/><figcaption id=\"caption-attachment-2576\" class=\"wp-caption-text\">ELFWORLD ELF WORLD Plus+ 20K 20000 vdihov enkratna naprava<\/figcaption><\/figure>\n<h2><strong>Najbolj\u0161i okus za ELFWORLD Plus 20000 vdihov pametna enkratna vaporizacijska naprava<\/strong><\/h2>\n<p>1. Grozdna limona<br \/>\n2. Fcuking Fab<br \/>\n3. \u010ce\u0161njeva bomba <span style=\"color: #ff0000\"><strong>&gt;&gt;&gt;&gt; Vro\u010de!<\/strong><\/span><br \/>\n4. So\u010dna breskev z ledom<br \/>\n5. Jagodni u\u017eitek<br \/>\n6. Modri Razz Led <span style=\"color: #ff0000\"><strong>&gt;&gt;&gt;&gt; Vro\u010de!<\/strong><\/span><br \/>\n7. Zmajeva Melona<br \/>\n8. Borovnica Lubenica<span style=\"color: #ff0000\"><strong>&gt;&gt;&gt;&gt; Najbolj\u0161e!<\/strong><\/span><br \/>\n9. Roza Limonaada<br \/>\n10. Meksikanski Mango<br \/>\n11. Jagoda Banana<br \/>\n12. Lubenica Led<br \/>\n13. Bela Gumi Led<br \/>\n14. Jagoda Mango<br \/>\n15. Miami Mint<\/p>\n<figure id=\"attachment_2581\" aria-describedby=\"caption-attachment-2581\" style=\"width: 1024px\" class=\"wp-caption alignnone\"><img loading=\"lazy\" decoding=\"async\" class=\"wp-image-2581 size-large\" src=\"https:\/\/rmvapesale.com\/wp-content\/uploads\/2024\/10\/ELFWORLD-Plus-20K-Disposable-Vape-Pod-Wholesale-1024x716.jpg\" alt=\"ELFWORLD Plus+ 20K Disposable Vape Pod Wholesale\" width=\"1024\" height=\"716\" srcset=\"https:\/\/rmvapesale.com\/wp-content\/uploads\/2024\/10\/ELFWORLD-Plus-20K-Disposable-Vape-Pod-Wholesale-1024x716.jpg 1024w, https:\/\/rmvapesale.com\/wp-content\/uploads\/2024\/10\/ELFWORLD-Plus-20K-Disposable-Vape-Pod-Wholesale-300x210.jpg 300w, https:\/\/rmvapesale.com\/wp-content\/uploads\/2024\/10\/ELFWORLD-Plus-20K-Disposable-Vape-Pod-Wholesale-768x537.jpg 768w, https:\/\/rmvapesale.com\/wp-content\/uploads\/2024\/10\/ELFWORLD-Plus-20K-Disposable-Vape-Pod-Wholesale-1536x1074.jpg 1536w, https:\/\/rmvapesale.com\/wp-content\/uploads\/2024\/10\/ELFWORLD-Plus-20K-Disposable-Vape-Pod-Wholesale-600x419.jpg 600w, https:\/\/rmvapesale.com\/wp-content\/uploads\/2024\/10\/ELFWORLD-Plus-20K-Disposable-Vape-Pod-Wholesale.jpg 1920w\" sizes=\"auto, (max-width: 1024px) 100vw, 1024px\" \/><figcaption id=\"caption-attachment-2581\" class=\"wp-caption-text\">ELFWORLD Plus+ 20K Disposable Vape Pod Wholesale<\/figcaption><\/figure>\n<h3><strong>Zakaj izbrati Rmvapesale za ELF WORLD Plus 20000 Puf Polnljivo Zavr\u017eljivo Vape<\/strong><strong>?<\/strong><\/h3>\n<div class=\"flex-shrink-0 flex flex-col relative items-end\">\n<div class=\"pt-0\">\n<div class=\"gizmo-bot-avatar flex h-8 w-8 items-center justify-center overflow-hidden rounded-full\">\n<div class=\"relative p-1 rounded-sm flex items-center justify-center bg-token-main-surface-primary text-token-text-primary h-8 w-8\">\n<p>&nbsp;<\/p>\n<p>Ko izberete Rmvapesale za svoje potrebe po veleprodaji vapov za enkratno uporabo, boste imeli koristi od:<\/p>\n<ul>\n<li><strong>Konkuren\u010dna cena<\/strong>: Pridobite dostop do privla\u010dnih veleprodajnih cen, ki pove\u010dajo va\u0161e poslovne mar\u017ee.<\/li>\n<li><strong>Visoka kvaliteta<\/strong>: Na\u0161i vapi so izdelani po najvi\u0161jih standardih in <span style=\"color: #ff0000\"><strong>zagotovljeno 100% originalno in pristno, sicer bo za ponarejeno blago zagotovljeno 10-kratno nadomestilo!<\/strong><\/span><\/li>\n<li><strong>Odli\u010dna storitev za stranke<\/strong>: Na\u0161a predana ekipa vam je vedno pripravljena pomagati, kar naredi va\u0161 postopek nakupa gladek in brez te\u017eav.<\/li>\n<li><strong>Hitro<\/strong>: Pri\u010dakujte hitro in zanesljivo po\u0161iljanje, ki zagotavlja, da va\u0161a naro\u010dila prispejo pravo\u010dasno, vsaki\u010d.<\/li>\n<\/ul>\n<\/div>\n<h3><\/h3>\n<div class=\"relative p-1 rounded-sm flex items-center justify-center bg-token-main-surface-primary text-token-text-primary h-8 w-8\">\n<h3><b>ELFWORLD Plus 20000 Puf FAQS<\/b><\/h3>\n<ul>\n<li><strong>Kako napolniti ELFWORLD Plus 20000 Puf polnljivo zavr\u017eljivo vape<\/strong><br \/>\nELFWORLD Plus 20K ima polnljivo baterijo, ki jo je mogo\u010de napolniti prek njenega dolo\u010denega priklju\u010dka za polnjenje. Preprosto jo pove\u017eite z ustreznim polnilnikom Type-C za hitro in u\u010dinkovito polnjenje, kar pomaga zagotoviti neprekinjene seje vapinga.<\/li>\n<li><strong>Koliko nikotina je v ELFWORLD Plus 20000 Puf Pametni Zavr\u017eljivi Vape<\/strong><br \/>\nELFWORLD Plus 20K ponuja mo\u017enost z nizko vsebnostjo nikotina, natan\u010dna mo\u010d nikotina (kot so 0%, 2% ali 5%) pa ni podrobno navedena v danih vsebinah. Za natan\u010dne ravni nikotina preverite embala\u017eo izdelka ali informacije prodajalca.<\/li>\n<li><strong>Koliko \u010dasa naj polnim svoj ELFWORLD Plus 20000 Puf Zavr\u017eljivo Vape \u0160katlo?<\/strong><br \/>\n\u010cas polnjenja se lahko razlikuje glede na vir napajanja. Z tehnologijo hitrega polnjenja Type-C bo naprava verjetno pripravljena v kratkem \u010dasu. Za spremljanje napredka polnjenja in vedeti, kdaj je popolnoma napolnjena, uporabite prikazovalnik v realnem \u010dasu na napravi, ki prikazuje odstotek baterije.<\/li>\n<li><strong>Kje lahko kupim ELFWORLD Plus 20000 Puf Vape?<\/strong><br \/>\nELFWORLD Plus 20K Pametni Zavr\u017eljivi Vape lahko kupite v trgovinah z vape izdelki, <strong>vape barih<\/strong>, in <strong>veleprodajne vape<\/strong> dobaviteljih. Na voljo je tudi za spletni nakup prek razli\u010dnih platform trgovin z vape izdelki, kar olaj\u0161a nakup. <strong>kupite vape na spletu<\/strong>.<\/li>\n<li><strong>Kateri so najbolj\u0161i razpolo\u017eljivi vapeji leta 2024?<\/strong><br \/>\nNekateri najbolj\u0161i zavr\u017eljivi vape izdelki leta 2024 vklju\u010dujejo:<\/p>\n<ul>\n<li><strong>ELFWORLD Plus 20K<\/strong>: Z 20.000 pufi, dvojni na\u010dini sesanja in prikazovalnikom v realnem \u010dasu.<\/li>\n<li><strong>Elf World i15 Pro 12000<\/strong>: Visok \u0161t. pufov in polnjenje, z elegantenim dizajnom.<\/li>\n<li><strong>AIVONO Lost Mary 6500 Vpihov<\/strong>: Nastavljiv pretok zraka in kompakten dizajn.<\/li>\n<li><strong>Fumot RandM Tornado 30000 Vpihov<\/strong>: Edinstvena RGB osvetlitev in dolgotrajne zmogljivosti.<\/li>\n<\/ul>\n<\/li>\n<\/ul>\n<p>&nbsp;<\/p>\n<\/div>\n<\/div>\n<\/div>\n<\/div>\n<h3>O po\u0161iljanju<\/h3>\n<div class=\"flex-shrink-0 flex flex-col relative items-end\">\n<div>\n<div class=\"pt-0\">\n<div class=\"gizmo-bot-avatar flex h-8 w-8 items-center justify-center overflow-hidden rounded-full\">\n<div><\/div>\n<div class=\"relative p-1 rounded-sm flex items-center justify-center bg-token-main-surface-primary text-token-text-primary h-8 w-8\"><strong>1. Katere metode po\u0161iljanja se uporabljajo?<\/strong><\/div>\n<\/div>\n<\/div>\n<\/div>\n<\/div>\n<div class=\"group\/conversation-turn relative flex w-full min-w-0 flex-col agent-turn\">\n<div class=\"flex-col gap-1 md:gap-3\">\n<div class=\"flex max-w-full flex-col flex-grow\">\n<div class=\"min-h-[20px] text-message flex w-full flex-col items-end gap-2 whitespace-normal break-words [.text-message+&amp;]:mt-5 overflow-x-auto\" dir=\"auto\" data-message-author-role=\"assistant\" data-message-id=\"22f8283b-3233-46ff-89a5-c7a41b33abda\">\n<div class=\"flex w-full flex-col gap-1 empty:hidden first:pt-[3px]\">\n<div class=\"markdown prose w-full break-words dark:prose-invert light\">\n<p>Sodelujemo z UPS, DHL, FedEx, DPD in drugimi vodilnimi prevozniki. Izbrali bomo najbolj\u0161i na\u010din po\u0161iljanja glede na va\u0161o lokacijo dostave, da zagotovimo, da boste izdelke prejeli \u010dim hitreje.<\/p>\n<\/div>\n<p><strong>2. Kako dolgo traja, da prispe?<\/strong><\/p>\n<p>Paketi, poslani v Slovenijo, obi\u010dajno prispejo v 10 delovnih dneh. Po\u0161iljanje v evropske dr\u017eave obi\u010dajno traja pribli\u017eno 12-15 delovnih dni. Zagotovili vam bomo sprotne posodobitve o statusu va\u0161ega po\u0161iljanja.<\/p>\n<\/div>\n<\/div>\n<\/div>\n<\/div>\n<\/div>\n<p>&nbsp;<\/p>\n<p>Drugi vro\u010d prodajni vape, ki vam bo morda v\u0161e\u010d:<\/p>\n<p><a href=\"https:\/\/rmvapesale.com\/sl\/product\/fumot-randm-tornado-30000-puffs-30k-music-disposable-vape\/\"><strong>RandM Tornado 30000 Vpihov\u00a0 \u00a0<span style=\"color: #ff0000\">&gt;&gt;&gt;&gt; pojdi!<\/span><\/strong><\/a><\/p>\n<p><strong><a href=\"https:\/\/rmvapesale.com\/sl\/product\/rechargeable-vape-vapme-spacex-22000-puff-wholesale\/\">Vapme Spacex 22000 Vdihov <span style=\"color: #ff0000\">&gt;&gt;&gt;&gt; pojdi!<\/span><\/a>\u00a0<\/strong><\/p>\n<p><a href=\"https:\/\/rmvapesale.com\/sl\/product\/disposable-vape-poco-bl10000-puffs-wholesale\/\"><strong>POCO BL10000 Puf Zavr\u017eljivi Vape Pufov <span style=\"color: #ff0000\">&gt;&gt;&gt;&gt; pojdi!<\/span><\/strong><\/a><\/p>\n<p>&nbsp;<\/p>\n<p>&nbsp;<\/p>\n<p>Poi\u0161\u010di ve\u010d izdelkov Vape, ki so ti morda v\u0161e\u010d:<strong><em><a href=\"https:\/\/rmvapesale.com\/sl\/shop-2\/\">nakupuj zdaj &gt;&gt;&gt;<\/a><\/em><\/strong><\/p>","protected":false},"excerpt":{"rendered":"<p>Elf World Plus 20000 Puffs LED Display Screen Disposable<br \/>\nELFWORLD Plus 20000 Rechargeable Puff Vape Factory Price<br \/>\nELFWORLD Plus+ 20K Disposable Vape Pod Wholesale<br \/>\n<span style=\"color: #ff0000\">(Po\u0161iljanje iz skladi\u0161\u010da EU in traja pribli\u017eno 3-7 dni, da prispe v ve\u010dino evropskih dr\u017eav, kot so Nizozemska, Francija, Italija, \u0160panija, \u0160vica, \u0160vedska, Poljska itd.)<\/span><\/p>\n<p><img loading=\"lazy\" decoding=\"async\" class=\"size-full wp-image-2375\" src=\"https:\/\/rmvapesale.com\/wp-content\/uploads\/2024\/10\/image.png\" alt=\"Najbolj\u0161i Vape za enkratno uporabo\" width=\"229\" height=\"300\" \/><\/p>\n<h3><a href=\"https:\/\/wa.me\/8617776015835\"><span style=\"color: #ff0000\"><strong>WhatsApp: +86 17776015835<\/strong><\/span><\/a><\/h3>\n<p>&nbsp;<\/p>","protected":false},"featured_media":2580,"comment_status":"open","ping_status":"closed","template":"","meta":{"_uag_custom_page_level_css":"","_lmt_disableupdate":"no","_lmt_disable":"","site-sidebar-layout":"default","site-content-layout":"content-boxed-container","ast-site-content-layout":"normal-width-container","site-content-style":"boxed","site-sidebar-style":"unboxed","ast-global-header-display":"","ast-banner-title-visibility":"","ast-main-header-display":"","ast-hfb-above-header-display":"","ast-hfb-below-header-display":"","ast-hfb-mobile-header-display":"","site-post-title":"","ast-breadcrumbs-content":"","ast-featured-img":"","footer-sml-layout":"","ast-disable-related-posts":"","theme-transparent-header-meta":"default","adv-header-id-meta":"","stick-header-meta":"","header-above-stick-meta":"","header-main-stick-meta":"","header-below-stick-meta":"","astra-migrate-meta-layouts":"set","ast-page-background-enabled":"default","ast-page-background-meta":{"desktop":{"background-color":"var(--ast-global-color-4)","background-image":"","background-repeat":"repeat","background-position":"center center","background-size":"auto","background-attachment":"scroll","background-type":"","background-media":"","overlay-type":"","overlay-color":"","overlay-opacity":"","overlay-gradient":""},"tablet":{"background-color":"","background-image":"","background-repeat":"repeat","background-position":"center center","background-size":"auto","background-attachment":"scroll","background-type":"","background-media":"","overlay-type":"","overlay-color":"","overlay-opacity":"","overlay-gradient":""},"mobile":{"background-color":"","background-image":"","background-repeat":"repeat","background-position":"center center","background-size":"auto","background-attachment":"scroll","background-type":"","background-media":"","overlay-type":"","overlay-color":"","overlay-opacity":"","overlay-gradient":""}},"ast-content-background-meta":{"desktop":{"background-color":"var(--ast-global-color-5)","background-image":"","background-repeat":"repeat","background-position":"center center","background-size":"auto","background-attachment":"scroll","background-type":"","background-media":"","overlay-type":"","overlay-color":"","overlay-opacity":"","overlay-gradient":""},"tablet":{"background-color":"var(--ast-global-color-5)","background-image":"","background-repeat":"repeat","background-position":"center center","background-size":"auto","background-attachment":"scroll","background-type":"","background-media":"","overlay-type":"","overlay-color":"","overlay-opacity":"","overlay-gradient":""},"mobile":{"background-color":"var(--ast-global-color-5)","background-image":"","background-repeat":"repeat","background-position":"center center","background-size":"auto","background-attachment":"scroll","background-type":"","background-media":"","overlay-type":"","overlay-color":"","overlay-opacity":"","overlay-gradient":""}},"_joinchat":[]},"product_brand":[],"product_cat":[15,27,25,195,123,30,26,28,137,136,135],"product_tag":[146,188,167,194,165,191,120],"class_list":{"0":"post-2582","1":"product","2":"type-product","3":"status-publish","4":"has-post-thumbnail","6":"product_cat-new-vape-this-week","7":"product_cat-fance-hot-sale-vape","8":"product_cat-germany-best-selling-vape","9":"product_cat-germany-warehouse","10":"product_cat-italy-wholesale-vape","11":"product_cat-minimum-order-quantity-50pcs","12":"product_cat-netherlands-hot-sale-vape","13":"product_cat-poland-hot-sale-vape","14":"product_cat-rechargeable-vapes","15":"product_cat-smart-screen-vapes","16":"product_cat-spain-best-hot-sale-vape","17":"product_tag-best-hot-sale-vape","18":"product_tag-buy-vapes-online","19":"product_tag-disposable-vape-with-screen","20":"product_tag-elfworld","21":"product_tag-rechargeable-vapes","22":"product_tag-vape-box","23":"product_tag-vape-wholesale","24":"desktop-align-left","25":"tablet-align-left","26":"mobile-align-left","28":"first","29":"instock","30":"sale","31":"shipping-taxable","32":"purchasable","33":"product-type-simple"},"uagb_featured_image_src":{"full":["https:\/\/rmvapesale.com\/wp-content\/uploads\/2024\/10\/Elfworld-Plus-20000-puffs.jpg",800,800,false],"thumbnail":["https:\/\/rmvapesale.com\/wp-content\/uploads\/2024\/10\/Elfworld-Plus-20000-puffs-150x150.jpg",150,150,true],"medium":["https:\/\/rmvapesale.com\/wp-content\/uploads\/2024\/10\/Elfworld-Plus-20000-puffs-300x300.jpg",300,300,true],"medium_large":["https:\/\/rmvapesale.com\/wp-content\/uploads\/2024\/10\/Elfworld-Plus-20000-puffs-768x768.jpg",768,768,true],"large":["https:\/\/rmvapesale.com\/wp-content\/uploads\/2024\/10\/Elfworld-Plus-20000-puffs.jpg",800,800,false],"1536x1536":["https:\/\/rmvapesale.com\/wp-content\/uploads\/2024\/10\/Elfworld-Plus-20000-puffs.jpg",800,800,false],"2048x2048":["https:\/\/rmvapesale.com\/wp-content\/uploads\/2024\/10\/Elfworld-Plus-20000-puffs.jpg",800,800,false],"trp-custom-language-flag":["https:\/\/rmvapesale.com\/wp-content\/uploads\/2024\/10\/Elfworld-Plus-20000-puffs.jpg",12,12,false],"woocommerce_thumbnail":["https:\/\/rmvapesale.com\/wp-content\/uploads\/2024\/10\/Elfworld-Plus-20000-puffs-300x300.jpg",300,300,true],"woocommerce_single":["https:\/\/rmvapesale.com\/wp-content\/uploads\/2024\/10\/Elfworld-Plus-20000-puffs-600x600.jpg",600,600,true],"woocommerce_gallery_thumbnail":["https:\/\/rmvapesale.com\/wp-content\/uploads\/2024\/10\/Elfworld-Plus-20000-puffs-100x100.jpg",100,100,true],"wcpr-photo-reviews":["https:\/\/rmvapesale.com\/wp-content\/uploads\/2024\/10\/Elfworld-Plus-20000-puffs.jpg",500,500,false]},"uagb_author_info":{"display_name":"AMY","author_link":"https:\/\/rmvapesale.com\/sl\/author\/"},"uagb_comment_info":0,"uagb_excerpt":"Elf World Plus 20000 Puffs LED Display Screen Disposable ELFWORLD Plus 20000 Rechargeable Puff Vape Factory Price ELFWORLD Plus+ 20K Disposable Vape Pod Wholesale (Ship from most Germany warehouse and takes about 3-5 days\u00a0 to get arrive to most Europe countries like Netherlands, France, Italy, Spain, Switzerland, Sweden, Poland, etc. ) WhatsApp: +86 17776015835 &nbsp;","_links":{"self":[{"href":"https:\/\/rmvapesale.com\/sl\/wp-json\/wp\/v2\/product\/2582","targetHints":{"allow":["GET"]}}],"collection":[{"href":"https:\/\/rmvapesale.com\/sl\/wp-json\/wp\/v2\/product"}],"about":[{"href":"https:\/\/rmvapesale.com\/sl\/wp-json\/wp\/v2\/types\/product"}],"replies":[{"embeddable":true,"href":"https:\/\/rmvapesale.com\/sl\/wp-json\/wp\/v2\/comments?post=2582"}],"wp:featuredmedia":[{"embeddable":true,"href":"https:\/\/rmvapesale.com\/sl\/wp-json\/wp\/v2\/media\/2580"}],"wp:attachment":[{"href":"https:\/\/rmvapesale.com\/sl\/wp-json\/wp\/v2\/media?parent=2582"}],"wp:term":[{"taxonomy":"product_brand","embeddable":true,"href":"https:\/\/rmvapesale.com\/sl\/wp-json\/wp\/v2\/product_brand?post=2582"},{"taxonomy":"product_cat","embeddable":true,"href":"https:\/\/rmvapesale.com\/sl\/wp-json\/wp\/v2\/product_cat?post=2582"},{"taxonomy":"product_tag","embeddable":true,"href":"https:\/\/rmvapesale.com\/sl\/wp-json\/wp\/v2\/product_tag?post=2582"}],"curies":[{"name":"wp","href":"https:\/\/api.w.org\/{rel}","templated":true}]}}