{"id":2589,"date":"2024-10-28T08:12:17","date_gmt":"2024-10-28T08:12:17","guid":{"rendered":"https:\/\/rmvapesale.com\/?post_type=product&#038;p=2589"},"modified":"2024-10-28T08:47:41","modified_gmt":"2024-10-28T08:47:41","slug":"poco-pt12000-puffs-disposable-vape-pod-electronic-cigarette","status":"publish","type":"product","link":"https:\/\/rmvapesale.com\/sl\/product\/poco-pt12000-puffs-disposable-vape-pod-electronic-cigarette\/","title":{"rendered":"POCO PT12000 Vpihov Vapes za enkratno uporabo Pod Elektronska cigareta"},"content":{"rendered":"<div class=\"B2VR9 CJHX3e\">\n<div class=\"wyccme\">\n<h1 class=\"LC20lb MBeuO DKV0Md\">POCO PT12000 Vpihov Vapes za enkratno uporabo Pod Elektronska cigareta<\/h1>\n<div class=\"flex-shrink-0 flex flex-col relative items-end\">\n<div class=\"pt-0\">\n<div class=\"gizmo-bot-avatar flex h-8 w-8 items-center justify-center overflow-hidden rounded-full\">\n<div class=\"relative p-1 rounded-sm flex items-center justify-center bg-token-main-surface-primary text-token-text-primary h-8 w-8\">\n<p>POCO PT12000 Puffs Elektronska cigareta za enkratno uporabo postavlja standard kot ena najmo\u010dnej\u0161ih polnilnih naprav za enkratno uporabo, ki ponuja impresivnih 12.000 vdihov v elegantni, polnilni zasnovi. Ta naprava z 12k vdihi prina\u0161a drzen preobrat na trg elektronskih cigaret za enkratno uporabo z lastnostmi, zasnovanimi za zadovoljitev tudi najzahtevnej\u0161ih uporabnikov. POCO PT12000 Puffs naprava za enkratno uporabo, opremljena z visokozmogljivo mre\u017easto tuljavo, je vnaprej napolnjena z vrhunsko e-teko\u010dino z nikotinsko soljo, kar zagotavlja bogat okus in gladko paro vsaki\u010d.<\/p>\n<p>Zmogljiva 650mAh polnilna baterija in priro\u010den polnilni priklju\u010dek Type-C omogo\u010data hitro polnjenje, tako da vam nikoli ni treba \u010dakati. Nastavljiv pretok zraka uporabnikom omogo\u010da prilagajanje vsakega vdiha, ne glede na to, ali imajo raje tesnej\u0161i ali bolj odprt vlek. Z mo\u010dno 5% koncentracijo nikotinske soli je ta naprava idealna za izku\u0161ene uporabnike, ki i\u0161\u010dejo zadovoljiv ob\u010dutek v grlu.<\/p>\n<p>Idealno za veleprodajne trgovine in kupce na debelo, ki \u017eelijo kupiti naprave na spletu, POCO PT 12k vdihi zdru\u017eujejo vrhunsko kakovost in uporabniku prijazne funkcije, kar ustvarja neprekosljivo izku\u0161njo, ki izstopa od konkurence.<\/p>\n<p>&nbsp;<\/p>\n<\/div>\n<\/div>\n<\/div>\n<\/div>\n<\/div>\n<\/div>\n<p><strong>Kontaktirajte Amy, da dobite pravi odgovor in kupon za vape!<\/strong><\/p>\n<p><img loading=\"lazy\" decoding=\"async\" class=\"size-full wp-image-1978\" src=\"https:\/\/rmvapesale.com\/wp-content\/uploads\/2024\/09\/Disposable-Vape-Wholesale.jpg\" alt=\"Vape za enkratno uporabo na debelo\" width=\"229\" height=\"300\" \/><\/p>\n<h3><a href=\"https:\/\/wa.me\/8617776015835\" target=\"_blank\" rel=\"noopener\"><span style=\"color: #ff0000\"><strong>WhatsApp: +86 17776015835<\/strong><\/span><\/a><\/h3>\n<p>&nbsp;<\/p>\n<h2><\/h2>\n<h2><strong>Elektronska cigareta za enkratno uporabo POCO PT12000 <\/strong><strong>Klju\u010dne zna\u010dilnosti<\/strong><\/h2>\n<p>Nikotin: 5%<br \/>\nVpihi: 12000<br \/>\nKapaciteta: 22 ml<br \/>\nNa voljo 10 okusov<br \/>\n650 mAh, mo\u017enost ponovnega polnjenja<br \/>\nmre\u017easto tuljavo<br \/>\nType-C, polnilno<\/p>\n<figure id=\"attachment_2588\" aria-describedby=\"caption-attachment-2588\" style=\"width: 800px\" class=\"wp-caption alignnone\"><img loading=\"lazy\" decoding=\"async\" class=\"wp-image-2588 size-full\" src=\"https:\/\/rmvapesale.com\/wp-content\/uploads\/2024\/10\/Poco-pt12000-For-Sale.jpg\" alt=\"Poco Pt12000 za prodajo\" width=\"800\" height=\"800\" srcset=\"https:\/\/rmvapesale.com\/wp-content\/uploads\/2024\/10\/Poco-pt12000-For-Sale.jpg 800w, https:\/\/rmvapesale.com\/wp-content\/uploads\/2024\/10\/Poco-pt12000-For-Sale-300x300.jpg 300w, https:\/\/rmvapesale.com\/wp-content\/uploads\/2024\/10\/Poco-pt12000-For-Sale-150x150.jpg 150w, https:\/\/rmvapesale.com\/wp-content\/uploads\/2024\/10\/Poco-pt12000-For-Sale-768x768.jpg 768w, https:\/\/rmvapesale.com\/wp-content\/uploads\/2024\/10\/Poco-pt12000-For-Sale-600x600.jpg 600w, https:\/\/rmvapesale.com\/wp-content\/uploads\/2024\/10\/Poco-pt12000-For-Sale-100x100.jpg 100w\" sizes=\"auto, (max-width: 800px) 100vw, 800px\" \/><figcaption id=\"caption-attachment-2588\" class=\"wp-caption-text\">Poco Pt12000 za prodajo<\/figcaption><\/figure>\n<h2><strong>Najbolj\u0161i okusi za POCO PT12000 Puffs Elektronska cigareta za enkratno uporabo<\/strong><strong>\u00a0<\/strong><\/h2>\n<p>&nbsp;<\/p>\n<p>1. Borovnica Led<span style=\"color: #ff0000\"><strong>&gt;&gt;&gt;&gt; Vro\u010de!<\/strong><\/span><br \/>\n2. Strawberry Watermelon<br \/>\n3. \u010crni led zmajev sade\u017e jagoda<br \/>\n4. Energijska pija\u010da<br \/>\n5. Breskev Led<br \/>\n6. \u010ce\u0161nja Breskev Limonada<br \/>\n7. Borovnica Malina <span style=\"color: #ff0000\"><strong>&gt;&gt;&gt;&gt; Najbolj\u0161e!<\/strong><\/span><br \/>\n8. Jagoda Kivi<br \/>\n9. Aloe Grozdje<br \/>\n10. Jagodni led <span style=\"color: #ff0000\"><strong>&gt;&gt;&gt;&gt; Vro\u010de!<\/strong><\/span><\/p>\n<p>&nbsp;<\/p>\n<h3><strong>Zakaj izbrati Rmvapesale za <\/strong><strong>POCO PT12000 <\/strong><strong>Pufi, polnilec, vape za enkratno uporabo<\/strong><strong>?<\/strong><\/h3>\n<div class=\"flex-shrink-0 flex flex-col relative items-end\">\n<div class=\"pt-0\">\n<div class=\"gizmo-bot-avatar flex h-8 w-8 items-center justify-center overflow-hidden rounded-full\">\n<div class=\"relative p-1 rounded-sm flex items-center justify-center bg-token-main-surface-primary text-token-text-primary h-8 w-8\">\n<p>&nbsp;<\/p>\n<p>Ko izberete Rmvapesale za svoje potrebe po veleprodaji vapov za enkratno uporabo, boste imeli koristi od:<\/p>\n<ul>\n<li><strong>Konkuren\u010dna cena<\/strong>: Pridobite dostop do privla\u010dnih veleprodajnih cen, ki pove\u010dajo va\u0161e poslovne mar\u017ee.<\/li>\n<li><strong>Visoka kvaliteta<\/strong>: Na\u0161i vapi so izdelani po najvi\u0161jih standardih in <span style=\"color: #ff0000\"><strong>zagotovljeno 100% originalno in pristno, sicer bo za ponarejeno blago zagotovljeno 10-kratno nadomestilo!<\/strong><\/span><\/li>\n<li><strong>Odli\u010dna storitev za stranke<\/strong>: Na\u0161a predana ekipa vam je vedno pripravljena pomagati, kar naredi va\u0161 postopek nakupa gladek in brez te\u017eav.<\/li>\n<li><strong>Hitro<\/strong>: Pri\u010dakujte hitro in zanesljivo po\u0161iljanje, ki zagotavlja, da va\u0161a naro\u010dila prispejo pravo\u010dasno, vsaki\u010d.<\/li>\n<\/ul>\n<\/div>\n<h3><\/h3>\n<div class=\"relative p-1 rounded-sm flex items-center justify-center bg-token-main-surface-primary text-token-text-primary h-8 w-8\">\n<h3><b>Vape POCO <\/b><strong>PT12000 <\/strong><b>Pogosta vpra\u0161anja o pufih<\/b><\/h3>\n<p><strong>1. Kako napolnim vape za enkratno uporabo POCO PT 12K, ki se ga lahko polni?<\/strong><br \/>\nZa polnjenje naprave POCO PT 12000 uporabite polnilni kabel tipa C. Preprosto ga priklju\u010dite v vrata, ki se nahajajo na dnu naprave. Prepri\u010dajte se, da je priklju\u010den na zdru\u017eljiv vir napajanja za stabilno polnjenje. POCO PT 12000 je zasnovan za hitro polnjenje, tako da boste pripravljeni na vaping v hipu!<\/p>\n<p><strong>2. Koliko nikotina je v vape podu za enkratno uporabo POCO PT12000 Puffs?<\/strong><br \/>\nPOCO PT 12000 ponuja ravni nikotina 5% koncentracije nikotinske soli, kar zagotavlja mo\u010dno in zadovoljivo izku\u0161njo vapinga za tiste, ki i\u0161\u010dejo mo\u010dnej\u0161i udarec.<\/p>\n<p><strong>3. Kako dolgo naj polnim svojo \u0161katlo za enkratno uporabo POCO 12000 Puffs?<\/strong><br \/>\nZa optimalno delovanje polnite POCO 12000 pribli\u017eno 1-2 uri ali dokler ni popolnoma napolnjen. Najbolje je, da tega \u010dasa ne prese\u017eete, da ohranite zdravje baterije.<\/p>\n<p><strong>4. Kje lahko kupim vape bar POCO PT12000 Puffs?<\/strong><br \/>\nVape bar POCO PT12000 Puffs je na voljo pri mnogih spletnih prodajalcih vapeov, v vape trgovinah in izbranih veleprodajnih distributerjih vapeov. Za priro\u010dne mo\u017enosti razmislite o brskanju po priljubljenih spletnih trgovinah z vapei, kot je rmvapesale, da najdete najbolj\u0161e ponudbe.<\/p>\n<p><strong>5. Kateri so najbolj\u0161i vapei za enkratno uporabo za leto 2024?<\/strong><br \/>\nPOCO PT12000 je med najbolj\u0161imi vapei za enkratno uporabo za leto 2024 zaradi velikega \u0161tevila pufov, nastavljivega pretoka zraka, vrhunske mre\u017easte tuljave in polnilne baterije. S kakovostnim delovanjem in inovativnim dizajnom izstopa kot vrhunska izbira za dolgotrajne, okusne izku\u0161nje vapinga.<\/p>\n<\/div>\n<\/div>\n<\/div>\n<\/div>\n<h3>O po\u0161iljanju<\/h3>\n<div class=\"flex-shrink-0 flex flex-col relative items-end\">\n<div>\n<div class=\"pt-0\">\n<div class=\"gizmo-bot-avatar flex h-8 w-8 items-center justify-center overflow-hidden rounded-full\">\n<div><\/div>\n<div class=\"relative p-1 rounded-sm flex items-center justify-center bg-token-main-surface-primary text-token-text-primary h-8 w-8\"><strong>1. Katere metode po\u0161iljanja se uporabljajo?<\/strong><\/div>\n<\/div>\n<\/div>\n<\/div>\n<\/div>\n<div class=\"group\/conversation-turn relative flex w-full min-w-0 flex-col agent-turn\">\n<div class=\"flex-col gap-1 md:gap-3\">\n<div class=\"flex max-w-full flex-col flex-grow\">\n<div class=\"min-h-[20px] text-message flex w-full flex-col items-end gap-2 whitespace-normal break-words [.text-message+&amp;]:mt-5 overflow-x-auto\" dir=\"auto\" data-message-author-role=\"assistant\" data-message-id=\"22f8283b-3233-46ff-89a5-c7a41b33abda\">\n<div class=\"flex w-full flex-col gap-1 empty:hidden first:pt-[3px]\">\n<div class=\"markdown prose w-full break-words dark:prose-invert light\">\n<p>Sodelujemo z UPS, DHL, FedEx, DPD in drugimi vodilnimi prevozniki. Izbrali bomo najbolj\u0161i na\u010din po\u0161iljanja glede na va\u0161o lokacijo dostave, da zagotovimo, da boste izdelke prejeli \u010dim hitreje.<\/p>\n<\/div>\n<p><strong>2. Kako dolgo traja, da prispe?<\/strong><\/p>\n<p>Paketi, poslani v Slovenijo, obi\u010dajno prispejo v 10 delovnih dneh. Po\u0161iljanje v evropske dr\u017eave obi\u010dajno traja pribli\u017eno 12-15 delovnih dni. Zagotovili vam bomo sprotne posodobitve o statusu va\u0161ega po\u0161iljanja.<\/p>\n<\/div>\n<\/div>\n<\/div>\n<\/div>\n<\/div>\n<p>&nbsp;<\/p>\n<p>Drugi vro\u010d prodajni vape, ki vam bo morda v\u0161e\u010d:<\/p>\n<p><a href=\"https:\/\/rmvapesale.com\/sl\/product\/fumot-randm-tornado-30000-puffs-30k-music-disposable-vape\/\"><strong>RandM Tornado 30000 Vpihov\u00a0 \u00a0<span style=\"color: #ff0000\">&gt;&gt;&gt;&gt; pojdi!<\/span><\/strong><\/a><\/p>\n<p><strong><a href=\"https:\/\/rmvapesale.com\/sl\/product\/disposable-vape-poco-bl10000-puffs-wholesale\/\">POCO BL10000 Pufi <span style=\"color: #ff0000\">&gt;&gt;&gt;&gt; pojdi!<\/span><\/a>\u00a0<\/strong><\/p>\n<p><a href=\"https:\/\/rmvapesale.com\/sl\/product\/original-randm-vape-digital-puff-12000-fumot-factory-price\/\"><strong>Fumot Vape 12000 vdihov <span style=\"color: #ff0000\">&gt;&gt;&gt;&gt; pojdi!<\/span><\/strong><\/a><\/p>\n<p>&nbsp;<\/p>\n<p>&nbsp;<\/p>\n<p>Poi\u0161\u010di ve\u010d izdelkov Vape, ki so ti morda v\u0161e\u010d:<strong><em><a href=\"https:\/\/rmvapesale.com\/sl\/shop-2\/\">nakupuj zdaj &gt;&gt;&gt;<\/a><\/em><\/strong><\/p>","protected":false},"excerpt":{"rendered":"<p>POCO PT 12000 Puffs Elektronska cigareta za enkratno uporabo - Tovarni\u0161ka cena<br \/>\nSkladi\u0161\u010de v EU - POCO PT12000 Puffs Elektronska cigareta za enkratno uporabo na zalogi<br \/>\nPOCO PT 12000 Puffs Elektronska cigareta za enkratno uporabo - Veleprodaja<br \/>\n<span style=\"color: #ff0000\">(Po\u0161iljanje iz skladi\u0161\u010da EU in traja pribli\u017eno 3-7 dni, da prispe v ve\u010dino evropskih dr\u017eav, kot so Nizozemska, Francija, Italija, \u0160panija, \u0160vica, \u0160vedska, Poljska itd.)<\/span><\/p>\n<p><img loading=\"lazy\" decoding=\"async\" class=\"size-full wp-image-2375\" src=\"https:\/\/rmvapesale.com\/wp-content\/uploads\/2024\/10\/image.png\" alt=\"Najbolj\u0161i Vape za enkratno uporabo\" width=\"229\" height=\"300\" \/><\/p>\n<h3><a href=\"https:\/\/wa.me\/8617776015835\"><span style=\"color: #ff0000\"><strong>WhatsApp: +86 17776015835<\/strong><\/span><\/a><\/h3>\n<p>&nbsp;<\/p>","protected":false},"featured_media":2586,"comment_status":"open","ping_status":"closed","template":"","meta":{"_uag_custom_page_level_css":"","_lmt_disableupdate":"no","_lmt_disable":"","site-sidebar-layout":"default","site-content-layout":"content-boxed-container","ast-site-content-layout":"normal-width-container","site-content-style":"boxed","site-sidebar-style":"unboxed","ast-global-header-display":"","ast-banner-title-visibility":"","ast-main-header-display":"","ast-hfb-above-header-display":"","ast-hfb-below-header-display":"","ast-hfb-mobile-header-display":"","site-post-title":"","ast-breadcrumbs-content":"","ast-featured-img":"","footer-sml-layout":"","ast-disable-related-posts":"","theme-transparent-header-meta":"default","adv-header-id-meta":"","stick-header-meta":"","header-above-stick-meta":"","header-main-stick-meta":"","header-below-stick-meta":"","astra-migrate-meta-layouts":"set","ast-page-background-enabled":"default","ast-page-background-meta":{"desktop":{"background-color":"var(--ast-global-color-4)","background-image":"","background-repeat":"repeat","background-position":"center center","background-size":"auto","background-attachment":"scroll","background-type":"","background-media":"","overlay-type":"","overlay-color":"","overlay-opacity":"","overlay-gradient":""},"tablet":{"background-color":"","background-image":"","background-repeat":"repeat","background-position":"center center","background-size":"auto","background-attachment":"scroll","background-type":"","background-media":"","overlay-type":"","overlay-color":"","overlay-opacity":"","overlay-gradient":""},"mobile":{"background-color":"","background-image":"","background-repeat":"repeat","background-position":"center center","background-size":"auto","background-attachment":"scroll","background-type":"","background-media":"","overlay-type":"","overlay-color":"","overlay-opacity":"","overlay-gradient":""}},"ast-content-background-meta":{"desktop":{"background-color":"var(--ast-global-color-5)","background-image":"","background-repeat":"repeat","background-position":"center center","background-size":"auto","background-attachment":"scroll","background-type":"","background-media":"","overlay-type":"","overlay-color":"","overlay-opacity":"","overlay-gradient":""},"tablet":{"background-color":"var(--ast-global-color-5)","background-image":"","background-repeat":"repeat","background-position":"center center","background-size":"auto","background-attachment":"scroll","background-type":"","background-media":"","overlay-type":"","overlay-color":"","overlay-opacity":"","overlay-gradient":""},"mobile":{"background-color":"var(--ast-global-color-5)","background-image":"","background-repeat":"repeat","background-position":"center center","background-size":"auto","background-attachment":"scroll","background-type":"","background-media":"","overlay-type":"","overlay-color":"","overlay-opacity":"","overlay-gradient":""}},"_joinchat":[]},"product_brand":[],"product_cat":[15,27,25,195,123,30,26,28,137,135],"product_tag":[146,188,167,165,191,196,120],"class_list":{"0":"post-2589","1":"product","2":"type-product","3":"status-publish","4":"has-post-thumbnail","6":"product_cat-new-vape-this-week","7":"product_cat-fance-hot-sale-vape","8":"product_cat-germany-best-selling-vape","9":"product_cat-germany-warehouse","10":"product_cat-italy-wholesale-vape","11":"product_cat-minimum-order-quantity-50pcs","12":"product_cat-netherlands-hot-sale-vape","13":"product_cat-poland-hot-sale-vape","14":"product_cat-rechargeable-vapes","15":"product_cat-spain-best-hot-sale-vape","16":"product_tag-best-hot-sale-vape","17":"product_tag-buy-vapes-online","18":"product_tag-disposable-vape-with-screen","19":"product_tag-rechargeable-vapes","20":"product_tag-vape-box","21":"product_tag-vape-shop","22":"product_tag-vape-wholesale","23":"desktop-align-left","24":"tablet-align-left","25":"mobile-align-left","27":"first","28":"instock","29":"sale","30":"shipping-taxable","31":"purchasable","32":"product-type-simple"},"uagb_featured_image_src":{"full":["https:\/\/rmvapesale.com\/wp-content\/uploads\/2024\/10\/POCO-PT-12000-Puffs-Disposable-Vape.jpg",800,800,false],"thumbnail":["https:\/\/rmvapesale.com\/wp-content\/uploads\/2024\/10\/POCO-PT-12000-Puffs-Disposable-Vape-150x150.jpg",150,150,true],"medium":["https:\/\/rmvapesale.com\/wp-content\/uploads\/2024\/10\/POCO-PT-12000-Puffs-Disposable-Vape-300x300.jpg",300,300,true],"medium_large":["https:\/\/rmvapesale.com\/wp-content\/uploads\/2024\/10\/POCO-PT-12000-Puffs-Disposable-Vape-768x768.jpg",768,768,true],"large":["https:\/\/rmvapesale.com\/wp-content\/uploads\/2024\/10\/POCO-PT-12000-Puffs-Disposable-Vape.jpg",800,800,false],"1536x1536":["https:\/\/rmvapesale.com\/wp-content\/uploads\/2024\/10\/POCO-PT-12000-Puffs-Disposable-Vape.jpg",800,800,false],"2048x2048":["https:\/\/rmvapesale.com\/wp-content\/uploads\/2024\/10\/POCO-PT-12000-Puffs-Disposable-Vape.jpg",800,800,false],"trp-custom-language-flag":["https:\/\/rmvapesale.com\/wp-content\/uploads\/2024\/10\/POCO-PT-12000-Puffs-Disposable-Vape.jpg",12,12,false],"woocommerce_thumbnail":["https:\/\/rmvapesale.com\/wp-content\/uploads\/2024\/10\/POCO-PT-12000-Puffs-Disposable-Vape-300x300.jpg",300,300,true],"woocommerce_single":["https:\/\/rmvapesale.com\/wp-content\/uploads\/2024\/10\/POCO-PT-12000-Puffs-Disposable-Vape-600x600.jpg",600,600,true],"woocommerce_gallery_thumbnail":["https:\/\/rmvapesale.com\/wp-content\/uploads\/2024\/10\/POCO-PT-12000-Puffs-Disposable-Vape-100x100.jpg",100,100,true],"wcpr-photo-reviews":["https:\/\/rmvapesale.com\/wp-content\/uploads\/2024\/10\/POCO-PT-12000-Puffs-Disposable-Vape.jpg",500,500,false]},"uagb_author_info":{"display_name":"AMY","author_link":"https:\/\/rmvapesale.com\/sl\/author\/"},"uagb_comment_info":0,"uagb_excerpt":"POCO PT 12000 Puffs Disposable Vape Factory Price EU Warehouse Poco PT12000 Puffs Disposable Vape in Stock POCO PT 12000 Puffs Disposable Vape Wholesale (Ship from Germany warehouse and takes about 3-5 days\u00a0 to get arrive to most Europe countries like Netherlands, France, Italy, Spain, Switzerland, Sweden, Poland, etc. ) WhatsApp: +86 17776015835 &nbsp;","_links":{"self":[{"href":"https:\/\/rmvapesale.com\/sl\/wp-json\/wp\/v2\/product\/2589","targetHints":{"allow":["GET"]}}],"collection":[{"href":"https:\/\/rmvapesale.com\/sl\/wp-json\/wp\/v2\/product"}],"about":[{"href":"https:\/\/rmvapesale.com\/sl\/wp-json\/wp\/v2\/types\/product"}],"replies":[{"embeddable":true,"href":"https:\/\/rmvapesale.com\/sl\/wp-json\/wp\/v2\/comments?post=2589"}],"wp:featuredmedia":[{"embeddable":true,"href":"https:\/\/rmvapesale.com\/sl\/wp-json\/wp\/v2\/media\/2586"}],"wp:attachment":[{"href":"https:\/\/rmvapesale.com\/sl\/wp-json\/wp\/v2\/media?parent=2589"}],"wp:term":[{"taxonomy":"product_brand","embeddable":true,"href":"https:\/\/rmvapesale.com\/sl\/wp-json\/wp\/v2\/product_brand?post=2589"},{"taxonomy":"product_cat","embeddable":true,"href":"https:\/\/rmvapesale.com\/sl\/wp-json\/wp\/v2\/product_cat?post=2589"},{"taxonomy":"product_tag","embeddable":true,"href":"https:\/\/rmvapesale.com\/sl\/wp-json\/wp\/v2\/product_tag?post=2589"}],"curies":[{"name":"wp","href":"https:\/\/api.w.org\/{rel}","templated":true}]}}