{"id":2609,"date":"2024-10-30T08:06:20","date_gmt":"2024-10-30T08:06:20","guid":{"rendered":"https:\/\/rmvapesale.com\/?post_type=product&#038;p=2609"},"modified":"2024-10-31T03:48:31","modified_gmt":"2024-10-31T03:48:31","slug":"smart-disposable-vape-elfworld-ai-22000-puffs-led-display","status":"publish","type":"product","link":"https:\/\/rmvapesale.com\/sl\/product\/smart-disposable-vape-elfworld-ai-22000-puffs-led-display\/","title":{"rendered":"Pametna e-cigareta za enkratno uporabo ELFWORLD AI 22000 Vpihov LED Zaslon"},"content":{"rendered":"<div class=\"B2VR9 CJHX3e\">\n<div class=\"wyccme\">\n<h1 class=\"LC20lb MBeuO DKV0Md\">Pametna e-cigareta za enkratno uporabo ELFWORLD AI 22000 Vpihov LED Zaslon<\/h1>\n<div class=\"flex-shrink-0 flex flex-col relative items-end\">\n<div class=\"pt-0\">\n<div class=\"gizmo-bot-avatar flex h-8 w-8 items-center justify-center overflow-hidden rounded-full\">\n<div class=\"relative p-1 rounded-sm flex items-center justify-center bg-token-main-surface-primary text-token-text-primary h-8 w-8\">\n<p><strong>Pametna e-cigareta za enkratno uporabo ELFWORLD AI 22000 Vpihov LED Zaslon<\/strong> je vrhunska izbira za vaperje, ki i\u0161\u010dejo inovacije, slog in podalj\u0161ano izku\u0161njo vapinga. Z masivno <strong>22000 vdihov kapaciteto<\/strong>, ta velik vdih <strong>vape za enkratno uporabo<\/strong> ponuja dolgo trajajo\u010do, brezskrbno mo\u017enost tako za izku\u0161ene vaperje kot za za\u010detnike.<\/p>\n<p><strong>Eleganten dizajn in prenosljivost<\/strong><br \/>\nThe <strong>Elf World AI 22000<\/strong> poka\u017ee eleganten, modernega dizajna, izdelanega z gladkimi linijami in vrhunskim zaklju\u010dkom, ki je tako dober na otip kot na pogled. Ta <strong>\u0161katla za vape<\/strong> je kompakten in lahek, kar omogo\u010da enostavno prena\u0161anje na poti. Kljub svoji lahki konstrukciji je zasnovan za vsakodnevno uporabo, kar zagotavlja vzdr\u017eljivost brez \u017ertvovanja vrhunskega videza.<\/p>\n<p><strong>Pametna tehnologija z nastavljivim pretokom zraka<\/strong><br \/>\nKot pravi <strong>Pameten vape<\/strong>, AI 22000 ponuja prilagodljivo izku\u0161njo z mo\u017enostjo nastavljivega pretoka zraka, kar uporabnikom omogo\u010da izbiro trdote vle\u010denja, ki najbolj ustreza njihovim \u017eeljam. Ta <strong>polnilna vape<\/strong> vklju\u010duje zmogljivo baterijo in LED zaslon, ki prikazuje indikatorje za \u017eivljenjsko dobo baterije in ravni e-juice-a. Ta funkcija zagotavlja, da ste vedno obve\u0161\u010deni, kdaj je \u010das za polnjenje in pripravljeni na neprekinjene vdihove. Vhod naprave <strong>polnjenja Type-C<\/strong> nudi hitro, priro\u010dno polnjenje, idealno za zaposlene uporabnike, ki \u017eelijo zanesljiv vape.<\/p>\n<p><strong>Zaklju\u010dek<\/strong><br \/>\nELFWORLD<strong> 22000 vdihov pameten enkratni vape<\/strong>\u00a0je popolna me\u0161anica sloga, napredne tehnologije in dolgo trajajo\u010de zmogljivosti, zaradi \u010desar je eden izmed <strong>najbolj\u0161ih enkratnih vapov<\/strong> na voljo. Za tiste, ki i\u0161\u010dejo zmogljivo, vzdr\u017eljivo in bogato z funkcijami mo\u017enost, je ElfWorld AI 22000 idealna izbira. Odkrijte udobje in kakovost tega vrhunskega vapka, na voljo za nakup pri <strong>trgovinah z vape izdelki<\/strong>, <strong>spletni disposable vapes<\/strong>, ali preko <strong>vape v razsutem stanju<\/strong> mo\u017enosti za veleprodajne potrebe.<\/p>\n<\/div>\n<\/div>\n<\/div>\n<\/div>\n<\/div>\n<\/div>\n<p><strong>Kontaktirajte Amy, da dobite pravi odgovor in kupon za vape!<\/strong><\/p>\n<p><img loading=\"lazy\" decoding=\"async\" class=\"size-full wp-image-1978\" src=\"https:\/\/rmvapesale.com\/wp-content\/uploads\/2024\/09\/Disposable-Vape-Wholesale.jpg\" alt=\"Vape za enkratno uporabo na debelo\" width=\"229\" height=\"300\" \/><\/p>\n<h3><a href=\"https:\/\/wa.me\/8617776015835\" target=\"_blank\" rel=\"noopener\"><span style=\"color: #ff0000\"><strong>WhatsApp: +86 17776015835<\/strong><\/span><\/a><\/h3>\n<p>&nbsp;<\/p>\n<h2><\/h2>\n<h2><strong>ELFWORLD AI 22000 Pametni enkratni vape <\/strong><strong>Klju\u010dne zna\u010dilnosti<\/strong><\/h2>\n<ul class=\"wp-block-list\">\n<li>Vdihi: 22000 vdihov<\/li>\n<li>Koli\u010dina nikotina: 0%2%3%5%<\/li>\n<li>Kapaciteta: 26 ml<\/li>\n<li>Baterija: 650 mAh<\/li>\n<li>Material tuljave: 1.0*2 ohm dvojna mre\u017easta tuljava<\/li>\n<li>Zaslon: Digitalni zaslon<\/li>\n<li>Polnjenje: Type-C polnjenje, ponovno polnljivo<\/li>\n<li>Prilagodljiv pretok zraka<\/li>\n<li>Na voljo 10 okusov<\/li>\n<\/ul>\n<figure id=\"attachment_2619\" aria-describedby=\"caption-attachment-2619\" style=\"width: 600px\" class=\"wp-caption alignnone\"><img loading=\"lazy\" decoding=\"async\" class=\"wp-image-2619 size-full\" src=\"https:\/\/rmvapesale.com\/wp-content\/uploads\/2024\/10\/Vape-22000-Puff-Rechargeable-Disposable-Vape.png\" alt=\"Vape 22000 vdihov, ponovno polnljiv enkratni vape\" width=\"600\" height=\"849\" srcset=\"https:\/\/rmvapesale.com\/wp-content\/uploads\/2024\/10\/Vape-22000-Puff-Rechargeable-Disposable-Vape.png 600w, https:\/\/rmvapesale.com\/wp-content\/uploads\/2024\/10\/Vape-22000-Puff-Rechargeable-Disposable-Vape-212x300.png 212w\" sizes=\"auto, (max-width: 600px) 100vw, 600px\" \/><figcaption id=\"caption-attachment-2619\" class=\"wp-caption-text\">Vape 22000 vdihov, ponovno polnljiv enkratni vape<\/figcaption><\/figure>\n<h2><strong>Najbolj\u0161i okus za <\/strong><strong>ELFWORLD AI 22000 vdihov, pametni enkratni vape<\/strong><\/h2>\n<p>Ob vsakem vdihu, <strong>Elf World AI 22000<\/strong> nudi polno, mo\u010dno aromo, ki ostaja dosledna od prvega do zadnjega vdihavanja. Na voljo v \u0161iroki paleti mo\u017enosti, ta <strong>nizko nikotinsko vejpanje<\/strong> nudi zadovoljivo in gladko izku\u0161njo za vapere, ki dajo prednost kakovosti in okusu.<\/p>\n<p>1. Mango jabolko hru\u0161ka<br \/>\n2. Kul mango<br \/>\n3. Zeleno jabolko<br \/>\n4. Tigerjeva kri <span style=\"color: #ff0000\"><strong>&gt;&gt;&gt;&gt; Vro\u010de!<\/strong><\/span><br \/>\n5. Borovni\u010dev led <span style=\"color: #ff0000\"><strong>&gt;&gt;&gt;&gt; Vro\u010de!<\/strong><\/span><br \/>\n6. Meta<br \/>\n7. Me\u0161anica jagod <span style=\"color: #ff0000\"><strong>&gt;&gt;&gt;&gt; Najbolj\u0161e!<\/strong><\/span><br \/>\n8. Grozdni led<br \/>\n9. Melonov led<br \/>\n10. Borovni\u010dina meta<br \/>\n11. Jagodna ledena<br \/>\n12. So\u010dna breskev led<br \/>\n13. Modri Razz led<br \/>\n14. \u010ce\u0161njev limon<br \/>\n15. Jagoda in melona<\/p>\n<p>&nbsp;<\/p>\n<h3><strong>Zakaj izbrati Rmvapesale za ELFWORLD 22000 Pufov LED zaslon enkratne uporabe vape<\/strong><strong>?<\/strong><\/h3>\n<div class=\"flex-shrink-0 flex flex-col relative items-end\">\n<div class=\"pt-0\">\n<div class=\"gizmo-bot-avatar flex h-8 w-8 items-center justify-center overflow-hidden rounded-full\">\n<div class=\"relative p-1 rounded-sm flex items-center justify-center bg-token-main-surface-primary text-token-text-primary h-8 w-8\">\n<p>Dobrodo\u0161li v Rmvapesale, va\u0161i zaupanja vredni trgovini za vrhunske e-cigarete za enkratno uporabo. Z ve\u010d kot 5-letnimi izku\u0161njami vam ponujamo priljubljene znamke e-cigaret za enkratno uporabo, kot so Al Fakher, <a href=\"https:\/\/rmvapesale.com\/sl\/product\/vapme-crystal-7000-puffs-rechargeable-disposable-vape-price\/\">Vapme<\/a>, <a href=\"https:\/\/rmvapesale.com\/sl\/product-category\/bang-vapes\/\">Bang Vape<\/a>, Waspe, <a href=\"https:\/\/rmvapesale.com\/sl\/product\/wga-crystal-pro-max-extra-15k-puffs-disposable-vape-wholesale\/\">WGA<\/a> Vape in<a href=\"https:\/\/rmvapesale.com\/sl\/product-category\/randm-fumot-vape\/\"> RandM Vape<\/a>.<\/p>\n<p>Na\u0161a ponudba vklju\u010duje priljubljene e-cigarete, kot je <a href=\"https:\/\/rmvapesale.com\/sl\/product\/fumot-digital-box-12000-disposable-vape-pink-lemonade-flavor\/\">RandM 12k<\/a> in okusne izbire, kot je <a href=\"https:\/\/rmvapesale.com\/sl\/product\/wga-crystal-pro-max-extra-15k-puffs-disposable-vape-wholesale\/\">WGA Crystal Pro Max 15K Pufov<\/a>Vsak izdelek je izbran s poudarkom na kakovosti, vrednosti in raznolikosti, kar vam zagotavlja, da boste na\u0161li popolno ujemanje za svoje potrebe. Odkrijte izjemno storitev in \u0161iroko paleto vrhunskih izdelkov pri Rmvapesale.<\/p>\n<\/div>\n<h3><\/h3>\n<div class=\"relative p-1 rounded-sm flex items-center justify-center bg-token-main-surface-primary text-token-text-primary h-8 w-8\">\n<h3><b>ELFWORLD 22000 FAQ o vapejih<\/b><\/h3>\n<\/div>\n<p><strong>Can I bring a disposable vape on a plane?<\/strong><br \/>\nDa, enkratne vape, kot so <strong>Elf World AI 22000 Puf<\/strong> so dovoljene v letalih, vendar le v ro\u010dni prtljagi zaradi regulacij baterij. Prepri\u010dajte se, da je naprava izklju\u010dena, in preverite smernice letalske dru\u017ebe glede morebitnih omejitev pri vaping izdelkih.<\/p>\n<p><strong>Je Elf World AI 22000 Puf pametna enkratna vape dobra za za\u010detnike?<\/strong><br \/>\nDa, <strong>Elf World AI 22000 Puf<\/strong> je prijazna do za\u010detnikov. Ima uporabniku prijazen, eleganten dizajn, nastavljiv pretok zraka in priro\u010den <strong>LED zaslon<\/strong> za raven baterije in nivo e-juica, kar za\u010detnikom olaj\u0161a spremljanje uporabe.<\/p>\n<p><strong>Kateri so priljubljeni enkratni vapeji z zaslonom?<\/strong><br \/>\nMed <strong>vro\u010de prodajni enkratni vapeji<\/strong> z zaslonom, se <strong>Elf World AI 22000 Puf<\/strong> izstopa po naprednih funkcijah, dolgotrajnih 22.000 pufih in nastavljivem pretoku zraka, kar ga naredi za vrhunsko izbiro za vaperje, ki i\u0161\u010dejo visokotehnolo\u0161ko izku\u0161njo.<\/p>\n<p><strong>Kako vem, \u010de je moj Elf World pametna enkratna vape prazna?<\/strong><br \/>\nThe <strong>LED zaslonom<\/strong> za <strong>Elf World AI 22000 Puf<\/strong> nudi informacije v realnem \u010dasu o stanju baterije in nivoju e-juica, tako da lahko enostavno preverite, kdaj je vape na robu ali prazna.<\/p>\n<p><strong>Kako dolgo naj traja Elf World AI 22000 Puff vape?<\/strong><br \/>\nThe <strong>Elf World AI 22000 Puf<\/strong> je zasnovan tako, da zdr\u017ei pribli\u017eno <strong>22.000 vdihov<\/strong>, zaradi \u010desar je dolgoro\u010dna mo\u017enost tako za lahke kot pogoste vaperje. Z zmerno uporabo lahko ta naprava zdr\u017ei tedne, odvisno od posameznih navad uporabe.<\/p>\n<div class=\"relative p-1 rounded-sm flex items-center justify-center bg-token-main-surface-primary text-token-text-primary h-8 w-8\">\n<p>&nbsp;<\/p>\n<\/div>\n<\/div>\n<\/div>\n<\/div>\n<h3>O po\u0161iljanju<\/h3>\n<div class=\"flex-shrink-0 flex flex-col relative items-end\">\n<div>\n<div class=\"pt-0\">\n<div class=\"gizmo-bot-avatar flex h-8 w-8 items-center justify-center overflow-hidden rounded-full\">\n<div><\/div>\n<div class=\"relative p-1 rounded-sm flex items-center justify-center bg-token-main-surface-primary text-token-text-primary h-8 w-8\"><strong>1. Katere metode po\u0161iljanja se uporabljajo?<\/strong><\/div>\n<\/div>\n<\/div>\n<\/div>\n<\/div>\n<div class=\"group\/conversation-turn relative flex w-full min-w-0 flex-col agent-turn\">\n<div class=\"flex-col gap-1 md:gap-3\">\n<div class=\"flex max-w-full flex-col flex-grow\">\n<div class=\"min-h-[20px] text-message flex w-full flex-col items-end gap-2 whitespace-normal break-words [.text-message+&amp;]:mt-5 overflow-x-auto\" dir=\"auto\" data-message-author-role=\"assistant\" data-message-id=\"22f8283b-3233-46ff-89a5-c7a41b33abda\">\n<div class=\"flex w-full flex-col gap-1 empty:hidden first:pt-[3px]\">\n<div class=\"markdown prose w-full break-words dark:prose-invert light\">\n<p>Sodelujemo z UPS, DHL, FedEx, DPD in drugimi vodilnimi prevozniki. Izbrali bomo najbolj\u0161i na\u010din po\u0161iljanja glede na va\u0161o lokacijo dostave, da zagotovimo, da boste izdelke prejeli \u010dim hitreje.<\/p>\n<\/div>\n<p><strong>2. Kako dolgo traja, da prispe?<\/strong><\/p>\n<p>Paketi, poslani v Slovenijo, obi\u010dajno prispejo v 10 delovnih dneh. Po\u0161iljanje v evropske dr\u017eave obi\u010dajno traja pribli\u017eno 12-15 delovnih dni. Zagotovili vam bomo sprotne posodobitve o statusu va\u0161ega po\u0161iljanja.<\/p>\n<\/div>\n<\/div>\n<\/div>\n<\/div>\n<\/div>\n<p>&nbsp;<\/p>\n<p>Poi\u0161\u010di ve\u010d izdelkov Vape, ki so ti morda v\u0161e\u010d:<strong><em><a href=\"https:\/\/rmvapesale.com\/sl\/shop-2\/\">nakupuj zdaj &gt;&gt;&gt;<\/a><\/em><\/strong><\/p>","protected":false},"excerpt":{"rendered":"<p>Elf World AI 22000 vdihov zaslon prikaz enkratni vape<br \/>\nVape 22000 vdihov polnljivi enkratni e-cigaret<br \/>\nELFWORLD AI 22000 vdihov enkratni vape na debelo<\/p>\n<p><img loading=\"lazy\" decoding=\"async\" class=\"size-full wp-image-2375\" src=\"https:\/\/rmvapesale.com\/wp-content\/uploads\/2024\/10\/image.png\" alt=\"Najbolj\u0161i Vape za enkratno uporabo\" width=\"229\" height=\"300\" \/><\/p>\n<h3><a href=\"https:\/\/wa.me\/8617776015835\"><span style=\"color: #ff0000\"><strong>WhatsApp: +86 17776015835<\/strong><\/span><\/a><\/h3>\n<p>&nbsp;<\/p>","protected":false},"featured_media":2617,"comment_status":"open","ping_status":"closed","template":"","meta":{"_uag_custom_page_level_css":"","_lmt_disableupdate":"no","_lmt_disable":"","site-sidebar-layout":"default","site-content-layout":"content-boxed-container","ast-site-content-layout":"normal-width-container","site-content-style":"boxed","site-sidebar-style":"unboxed","ast-global-header-display":"","ast-banner-title-visibility":"","ast-main-header-display":"","ast-hfb-above-header-display":"","ast-hfb-below-header-display":"","ast-hfb-mobile-header-display":"","site-post-title":"","ast-breadcrumbs-content":"","ast-featured-img":"","footer-sml-layout":"","ast-disable-related-posts":"","theme-transparent-header-meta":"default","adv-header-id-meta":"","stick-header-meta":"","header-above-stick-meta":"","header-main-stick-meta":"","header-below-stick-meta":"","astra-migrate-meta-layouts":"set","ast-page-background-enabled":"default","ast-page-background-meta":{"desktop":{"background-color":"var(--ast-global-color-4)","background-image":"","background-repeat":"repeat","background-position":"center center","background-size":"auto","background-attachment":"scroll","background-type":"","background-media":"","overlay-type":"","overlay-color":"","overlay-opacity":"","overlay-gradient":""},"tablet":{"background-color":"","background-image":"","background-repeat":"repeat","background-position":"center center","background-size":"auto","background-attachment":"scroll","background-type":"","background-media":"","overlay-type":"","overlay-color":"","overlay-opacity":"","overlay-gradient":""},"mobile":{"background-color":"","background-image":"","background-repeat":"repeat","background-position":"center center","background-size":"auto","background-attachment":"scroll","background-type":"","background-media":"","overlay-type":"","overlay-color":"","overlay-opacity":"","overlay-gradient":""}},"ast-content-background-meta":{"desktop":{"background-color":"var(--ast-global-color-5)","background-image":"","background-repeat":"repeat","background-position":"center center","background-size":"auto","background-attachment":"scroll","background-type":"","background-media":"","overlay-type":"","overlay-color":"","overlay-opacity":"","overlay-gradient":""},"tablet":{"background-color":"var(--ast-global-color-5)","background-image":"","background-repeat":"repeat","background-position":"center center","background-size":"auto","background-attachment":"scroll","background-type":"","background-media":"","overlay-type":"","overlay-color":"","overlay-opacity":"","overlay-gradient":""},"mobile":{"background-color":"var(--ast-global-color-5)","background-image":"","background-repeat":"repeat","background-position":"center center","background-size":"auto","background-attachment":"scroll","background-type":"","background-media":"","overlay-type":"","overlay-color":"","overlay-opacity":"","overlay-gradient":""}},"_joinchat":[]},"product_brand":[],"product_cat":[15,27,25,195,123,30,26,28,137,136,135],"product_tag":[146,188,167,198,165,85,191,120],"class_list":{"0":"post-2609","1":"product","2":"type-product","3":"status-publish","4":"has-post-thumbnail","6":"product_cat-new-vape-this-week","7":"product_cat-fance-hot-sale-vape","8":"product_cat-germany-best-selling-vape","9":"product_cat-germany-warehouse","10":"product_cat-italy-wholesale-vape","11":"product_cat-minimum-order-quantity-50pcs","12":"product_cat-netherlands-hot-sale-vape","13":"product_cat-poland-hot-sale-vape","14":"product_cat-rechargeable-vapes","15":"product_cat-smart-screen-vapes","16":"product_cat-spain-best-hot-sale-vape","17":"product_tag-best-hot-sale-vape","18":"product_tag-buy-vapes-online","19":"product_tag-disposable-vape-with-screen","20":"product_tag-elfworld-vape","21":"product_tag-rechargeable-vapes","22":"product_tag-smart-disposable-vape","23":"product_tag-vape-box","24":"product_tag-vape-wholesale","25":"desktop-align-left","26":"tablet-align-left","27":"mobile-align-left","29":"first","30":"instock","31":"sale","32":"shipping-taxable","33":"purchasable","34":"product-type-simple"},"uagb_featured_image_src":{"full":["https:\/\/rmvapesale.com\/wp-content\/uploads\/2024\/10\/ELFWORLD-AI-22000-Puffs-Disposable-Vape.png",800,800,false],"thumbnail":["https:\/\/rmvapesale.com\/wp-content\/uploads\/2024\/10\/ELFWORLD-AI-22000-Puffs-Disposable-Vape-150x150.png",150,150,true],"medium":["https:\/\/rmvapesale.com\/wp-content\/uploads\/2024\/10\/ELFWORLD-AI-22000-Puffs-Disposable-Vape-300x300.png",300,300,true],"medium_large":["https:\/\/rmvapesale.com\/wp-content\/uploads\/2024\/10\/ELFWORLD-AI-22000-Puffs-Disposable-Vape-768x768.png",768,768,true],"large":["https:\/\/rmvapesale.com\/wp-content\/uploads\/2024\/10\/ELFWORLD-AI-22000-Puffs-Disposable-Vape.png",800,800,false],"1536x1536":["https:\/\/rmvapesale.com\/wp-content\/uploads\/2024\/10\/ELFWORLD-AI-22000-Puffs-Disposable-Vape.png",800,800,false],"2048x2048":["https:\/\/rmvapesale.com\/wp-content\/uploads\/2024\/10\/ELFWORLD-AI-22000-Puffs-Disposable-Vape.png",800,800,false],"trp-custom-language-flag":["https:\/\/rmvapesale.com\/wp-content\/uploads\/2024\/10\/ELFWORLD-AI-22000-Puffs-Disposable-Vape.png",12,12,false],"woocommerce_thumbnail":["https:\/\/rmvapesale.com\/wp-content\/uploads\/2024\/10\/ELFWORLD-AI-22000-Puffs-Disposable-Vape-300x300.png",300,300,true],"woocommerce_single":["https:\/\/rmvapesale.com\/wp-content\/uploads\/2024\/10\/ELFWORLD-AI-22000-Puffs-Disposable-Vape-600x600.png",600,600,true],"woocommerce_gallery_thumbnail":["https:\/\/rmvapesale.com\/wp-content\/uploads\/2024\/10\/ELFWORLD-AI-22000-Puffs-Disposable-Vape-100x100.png",100,100,true],"wcpr-photo-reviews":["https:\/\/rmvapesale.com\/wp-content\/uploads\/2024\/10\/ELFWORLD-AI-22000-Puffs-Disposable-Vape.png",500,500,false]},"uagb_author_info":{"display_name":"AMY","author_link":"https:\/\/rmvapesale.com\/sl\/author\/"},"uagb_comment_info":0,"uagb_excerpt":"Elf World AI 22000 Puffs Screen Display Disposable Vape Vape 22000 Puff Rechargeable Disposable E-Cigarette ELFWORLD AI 22000 Puffs Disposable Vape Wholesale WhatsApp: +86 17776015835 &nbsp;","_links":{"self":[{"href":"https:\/\/rmvapesale.com\/sl\/wp-json\/wp\/v2\/product\/2609","targetHints":{"allow":["GET"]}}],"collection":[{"href":"https:\/\/rmvapesale.com\/sl\/wp-json\/wp\/v2\/product"}],"about":[{"href":"https:\/\/rmvapesale.com\/sl\/wp-json\/wp\/v2\/types\/product"}],"replies":[{"embeddable":true,"href":"https:\/\/rmvapesale.com\/sl\/wp-json\/wp\/v2\/comments?post=2609"}],"wp:featuredmedia":[{"embeddable":true,"href":"https:\/\/rmvapesale.com\/sl\/wp-json\/wp\/v2\/media\/2617"}],"wp:attachment":[{"href":"https:\/\/rmvapesale.com\/sl\/wp-json\/wp\/v2\/media?parent=2609"}],"wp:term":[{"taxonomy":"product_brand","embeddable":true,"href":"https:\/\/rmvapesale.com\/sl\/wp-json\/wp\/v2\/product_brand?post=2609"},{"taxonomy":"product_cat","embeddable":true,"href":"https:\/\/rmvapesale.com\/sl\/wp-json\/wp\/v2\/product_cat?post=2609"},{"taxonomy":"product_tag","embeddable":true,"href":"https:\/\/rmvapesale.com\/sl\/wp-json\/wp\/v2\/product_tag?post=2609"}],"curies":[{"name":"wp","href":"https:\/\/api.w.org\/{rel}","templated":true}]}}