{"id":2628,"date":"2024-10-31T08:10:13","date_gmt":"2024-10-31T08:10:13","guid":{"rendered":"https:\/\/rmvapesale.com\/?post_type=product&#038;p=2628"},"modified":"2024-10-31T09:26:49","modified_gmt":"2024-10-31T09:26:49","slug":"bang-vape-12000-puff-rechargeable-disposable-vape-wholesale","status":"publish","type":"product","link":"https:\/\/rmvapesale.com\/sl\/product\/bang-vape-12000-puff-rechargeable-disposable-vape-wholesale\/","title":{"rendered":"Bang Vape 12000 Vpihov Polnilna Vape za enkratno uporabo Veleprodaja"},"content":{"rendered":"<div class=\"B2VR9 CJHX3e\">\n<div class=\"wyccme\">\n<h1 class=\"LC20lb MBeuO DKV0Md\">Bang Vape 12000 Vpihov Polnilna Vape za enkratno uporabo Veleprodaja<\/h1>\n<div class=\"flex-shrink-0 flex flex-col relative items-end\">\n<div class=\"pt-0\">\n<div class=\"gizmo-bot-avatar flex h-8 w-8 items-center justify-center overflow-hidden rounded-full\">\n<div class=\"relative p-1 rounded-sm flex items-center justify-center bg-token-main-surface-primary text-token-text-primary h-8 w-8\"><\/div>\n<p>The <strong>Bang Vape 12000 Vdihov, ponovno polnljiva enkratna vape<\/strong> prina\u0161a zmogljivo delovanje in raznolikost okusov, zaradi \u010desar je priljubljena vape za vsakogar, ki i\u0161\u010de vrhunsko izku\u0161njo enkratne vapinga. Z impresivnim <strong>12.000 vpihih<\/strong> in <strong>ponovno polnljivim 550mAh baterijo<\/strong>, ta <strong>Bang Vape<\/strong> je zasnovana za udobje in dolgo trajanje u\u017eivanja. The <strong>18ml kapaciteta e-tekline<\/strong> zagotavlja dosleden okus skozi celoten \u010das, nikotinske mo\u010di pa so na voljo v <strong>0%, 2% in 5%<\/strong> za prilagodljivo zadovoljstvo.<\/p>\n<p>Z enostavnim za uporabo, brez vzdr\u017eevanja zasnovanim, ta <strong>Bang Vape Disposable<\/strong> je popoln tako za za\u010detnike kot za izku\u0161ene vapere. Do\u017eivite kakovost z vsakim vdihom in u\u017eivajte v preprostosti <strong>Bang Bars<\/strong> v priro\u010dnem <strong>vape<\/strong> obliki.<\/p>\n<p>Za raziskovanje celotnega asortimana <strong>Bang Vape 12000 Vdihov<\/strong>, obi\u0161\u010dite <strong>rmvapesale<\/strong>, zaupanja vredno <strong>trgovina z vape izdelki<\/strong> ponuja <strong>veleprodajne mo\u017enosti vape<\/strong> in odli\u010dne ponudbe na <strong>Bang Box<\/strong> in druge <strong>Bang Vape za enkratno uporabo<\/strong> izdelekih.<\/p>\n<p>&nbsp;<\/p>\n<\/div>\n<\/div>\n<\/div>\n<\/div>\n<\/div>\n<p><strong>Kontaktirajte Amy, da dobite pravi odgovor in kupon za vape!<\/strong><\/p>\n<p><img loading=\"lazy\" decoding=\"async\" class=\"size-full wp-image-1978\" src=\"https:\/\/rmvapesale.com\/wp-content\/uploads\/2024\/09\/Disposable-Vape-Wholesale.jpg\" alt=\"Vape za enkratno uporabo na debelo\" width=\"229\" height=\"300\" \/><\/p>\n<h3><a href=\"https:\/\/wa.me\/8617776015835\" target=\"_blank\" rel=\"noopener\"><span style=\"color: #ff0000\"><strong>WhatsApp: +86 17776015835<\/strong><\/span><\/a><\/h3>\n<p>&nbsp;<\/p>\n<h2>Klju\u010dne zna\u010dilnosti Bang Vape 12000 Pufov:<\/h2>\n<ul>\n<li><strong>Obse\u017enih 12.000 pufov<\/strong> z gladko, dosledno dostavo<\/li>\n<li><strong>Polnljiva baterija 550mAh<\/strong> s priklju\u010dkom Type-C za hitro polnjenje<\/li>\n<li><strong>18ml kapaciteta e-tekline<\/strong> v vsakem napravi, kar zagotavlja manj pogosto zamenjavo<\/li>\n<li><strong>Mo\u017enosti nikotina<\/strong>: Izberite med 2% ali 5% za popolno izku\u0161njo<\/li>\n<li><strong>12 okusnih okusov<\/strong>: U\u017eivajte v edinstvenih mo\u017enostih, kot so <strong>Borovni\u010dev led, \u010crni zmajev led, Vi\u0161nja kola, Lubenica z \u017eve\u010dilnim gumijem in Breskev led<\/strong><\/li>\n<\/ul>\n<h2><strong>Najbolj\u0161i okus za <\/strong><strong>Polnljiva Bang Box Vape 12000<\/strong><\/h2>\n<p>The <strong>Bang Box Vape 12000<\/strong> je na voljo v 12 fantasti\u010dnih okusih, ki zadovoljujejo \u0161irok spekter okusov, od osve\u017eilnih <strong>Ledena Breskev<\/strong> in sladkih <strong>Triple Berry<\/strong> do kiselkastega <strong>Blueberry Lemon<\/strong>. Druge priljubljene mo\u017enosti vklju\u010dujejo:<\/p>\n<p>1. Lubenica <span style=\"color: #ff0000\"><strong>&gt;&gt;&gt;&gt; Vro\u010de!<\/strong><\/span><br \/>\n2.Jagoda Lubenica<br \/>\n3. Borovni\u010dev led<br \/>\n4. Borovni\u010dev malina <span style=\"color: #ff0000\"><strong>&gt;&gt;&gt;&gt; Vro\u010de!<\/strong><\/span><br \/>\n5. Jagoda Mango<br \/>\n6. \u010crni zmajev led<br \/>\n7. \u010ce\u0161nja Cola<br \/>\n8. Borovnica grozdje<br \/>\n9. Trojna jagoda <span style=\"color: #ff0000\"><strong>&gt;&gt;&gt;&gt; Najbolj\u0161e!<\/strong><\/span><br \/>\n10. Jagoda kivi<br \/>\n11. Breskova ledena<br \/>\n12.\u017dve\u010dilni gumi Lubenica<\/p>\n<figure id=\"attachment_2635\" aria-describedby=\"caption-attachment-2635\" style=\"width: 600px\" class=\"wp-caption alignnone\"><img loading=\"lazy\" decoding=\"async\" class=\"wp-image-2635 size-full\" src=\"https:\/\/rmvapesale.com\/wp-content\/uploads\/2024\/10\/Bang-Vape-Dispsable-Wholesale.jpg\" alt=\"Bang Vape Dispsable na debelo\" width=\"600\" height=\"1050\" srcset=\"https:\/\/rmvapesale.com\/wp-content\/uploads\/2024\/10\/Bang-Vape-Dispsable-Wholesale.jpg 600w, https:\/\/rmvapesale.com\/wp-content\/uploads\/2024\/10\/Bang-Vape-Dispsable-Wholesale-171x300.jpg 171w, https:\/\/rmvapesale.com\/wp-content\/uploads\/2024\/10\/Bang-Vape-Dispsable-Wholesale-585x1024.jpg 585w\" sizes=\"auto, (max-width: 600px) 100vw, 600px\" \/><figcaption id=\"caption-attachment-2635\" class=\"wp-caption-text\">Bang Vape Dispsable na debelo<\/figcaption><\/figure>\n<h3><strong>Zakaj izbrati Rmvapesale za Bang 12000 Pufov Disposabilni Vape<\/strong><strong>?<\/strong><\/h3>\n<div class=\"flex-shrink-0 flex flex-col relative items-end\">\n<div class=\"pt-0\">\n<div class=\"gizmo-bot-avatar flex h-8 w-8 items-center justify-center overflow-hidden rounded-full\">\n<div class=\"relative p-1 rounded-sm flex items-center justify-center bg-token-main-surface-primary text-token-text-primary h-8 w-8\">\n<p>Dobrodo\u0161li v Rmvapesale, va\u0161i zaupanja vredni trgovini za vrhunske e-cigarete za enkratno uporabo. Z ve\u010d kot 5-letnimi izku\u0161njami vam ponujamo priljubljene znamke e-cigaret za enkratno uporabo, kot so Al Fakher, <a href=\"https:\/\/rmvapesale.com\/sl\/product\/vapme-crystal-7000-puffs-rechargeable-disposable-vape-price\/\">Vapme<\/a>, <a href=\"https:\/\/rmvapesale.com\/sl\/product-category\/bang-vapes\/\">Bang Vape<\/a>, Waspe, <a href=\"https:\/\/rmvapesale.com\/sl\/product\/wga-crystal-pro-max-extra-15k-puffs-disposable-vape-wholesale\/\">WGA<\/a> Vape in<a href=\"https:\/\/rmvapesale.com\/sl\/product-category\/randm-fumot-vape\/\"> RandM Vape<\/a>.<\/p>\n<p>Na\u0161a ponudba vklju\u010duje priljubljene e-cigarete, kot je <a href=\"https:\/\/rmvapesale.com\/sl\/product\/bang-box-vape-tornado-40000-puff-2-5-low-nicotine\/\">Bang Box Vape 40000 Pufov<\/a> in okusne izbire, kot je <a href=\"https:\/\/rmvapesale.com\/sl\/product\/randm-tornado-25000-puffs-disposable-vape-wholesale\/\">RandM 25000 Vpihov<\/a>Vsak izdelek je izbran s poudarkom na kakovosti, vrednosti in raznolikosti, kar vam zagotavlja, da boste na\u0161li popolno ujemanje za svoje potrebe. Odkrijte izjemno storitev in \u0161iroko paleto vrhunskih izdelkov pri Rmvapesale.<\/p>\n<\/div>\n<h3><\/h3>\n<h3>Pogosta vpra\u0161anja za Bang Vape 12000 Pufov Polnljivi Disposabilni Vape<\/h3>\n<ol>\n<li><strong>Kako vem, kdaj je moja e-cigareta za enkratno uporabo prazna?<\/strong> Ko va\u0161 <strong>Bang Vape 12000 Pufov<\/strong> disposabilni vape je prazen, lahko opazite zmanj\u0161anje intenzivnosti okusa in proizvodnje pare. Poleg tega, \u010de naprava popolnoma preneha proizvajati paro, to verjetno pomeni, da je e-teko\u010dina popolnoma porabljena. Polnljiva, a hkrati disposabilna, zasnovana je za zamenjavo, ko je prazna.<\/li>\n<li><strong>Koliko \u010dasa traja polnjenje Bang 12000 Pufov?<\/strong> The <strong>Bang 12000<\/strong> ima <strong>baterijo 550mAh<\/strong> in obi\u010dajno potrebuje pribli\u017eno <strong>1\u20132 uri za popolno polnjenje<\/strong> prek svojega Type-C priklju\u010dka za polnjenje. Ta funkcija hitrega polnjenja vam zagotavlja, da se lahko hitro vrnete u\u017eivati v vapingu.<\/li>\n<li><strong>Koliko nikotina je v Bang Vape Tornado 12000?<\/strong> The <strong>Bang Vape Tornado 12000<\/strong> nudi nikotinske jakosti v <strong>2% (20mg)<\/strong> in <strong>5% (50mg)<\/strong>, kar vam omogo\u010da, da izberete raven, ki najbolj ustreza va\u0161im \u017eeljam.<\/li>\n<li><strong>Kje kupiti Bang Vapes po veleprodajnih cenah?<\/strong> Lahko kupite Bang Vapes, vklju\u010dno z <strong>Bang Vape 12000 Puff, Bang 30k Puff <\/strong>in drugimi priljubljenimi modeli, po veleprodajnih cenah na <strong>rmvapesale<\/strong>. Ta zaupanja vredna <strong>trgovina z vape izdelki<\/strong> nudi \u0161irok izbor <strong>Bang disposable vapes<\/strong> za maloprodajne in veleprodajne kupce.<\/li>\n<li><strong>Can I bring a disposable vape on a plane?<\/strong> Da, lahko prinesete disposable vape na letalo, vendar ga morate shraniti v ro\u010dni prtljagi, v skladu z letalskimi predpisi za elektronske naprave. Ne pozabite se predhodno pozanimati pri svoji letalski dru\u017ebi in ga med letom ne uporabljajte.<\/li>\n<\/ol>\n<\/div>\n<\/div>\n<\/div>\n<h3>O po\u0161iljanju<\/h3>\n<div class=\"flex-shrink-0 flex flex-col relative items-end\">\n<div>\n<div class=\"pt-0\">\n<div class=\"gizmo-bot-avatar flex h-8 w-8 items-center justify-center overflow-hidden rounded-full\">\n<div><\/div>\n<div class=\"relative p-1 rounded-sm flex items-center justify-center bg-token-main-surface-primary text-token-text-primary h-8 w-8\"><strong>1. Kak\u0161ni so na\u010dini dostave?<\/strong><\/div>\n<\/div>\n<\/div>\n<\/div>\n<\/div>\n<div class=\"group\/conversation-turn relative flex w-full min-w-0 flex-col agent-turn\">\n<div class=\"flex-col gap-1 md:gap-3\">\n<div class=\"flex max-w-full flex-col flex-grow\">\n<div class=\"min-h-[20px] text-message flex w-full flex-col items-end gap-2 whitespace-normal break-words [.text-message+&amp;]:mt-5 overflow-x-auto\" dir=\"auto\" data-message-author-role=\"assistant\" data-message-id=\"22f8283b-3233-46ff-89a5-c7a41b33abda\">\n<div class=\"flex w-full flex-col gap-1 empty:hidden first:pt-[3px]\">\n<div class=\"markdown prose w-full break-words dark:prose-invert light\">\n<p>Sodelujemo z UPS, DHL, FedEx, DPD in drugimi vodilnimi prevozniki. Izbrali bomo najbolj\u0161i na\u010din po\u0161iljanja glede na va\u0161o lokacijo dostave, da zagotovimo, da boste izdelke prejeli \u010dim hitreje.<\/p>\n<\/div>\n<p><strong>2. Kako dolgo traja, da prispe?<\/strong><\/p>\n<p>Paketi, poslani v Slovenijo, obi\u010dajno prispejo v 10 delovnih dneh. Po\u0161iljanje v evropske dr\u017eave obi\u010dajno traja pribli\u017eno 12-15 delovnih dni. Zagotovili vam bomo sprotne posodobitve o statusu va\u0161ega po\u0161iljanja.<\/p>\n<\/div>\n<\/div>\n<\/div>\n<\/div>\n<\/div>\n<p>&nbsp;<\/p>\n<p>Poi\u0161\u010di ve\u010d izdelkov Vape, ki so ti morda v\u0161e\u010d:<strong><em><a href=\"https:\/\/rmvapesale.com\/sl\/shop-2\/\">nakupuj zdaj &gt;&gt;&gt;<\/a><\/em><\/strong><\/p>","protected":false},"excerpt":{"rendered":"<p>Original Bang Vape 12000 Vdihov na debelo cena<br \/>\nBang 12000 Vdihov ponovno polnljiva vape na debelo<br \/>\nKupi Bang Disposable Vape 0% 2% 3% 5% Nikotin<\/p>\n<p><img loading=\"lazy\" decoding=\"async\" class=\"size-full wp-image-2375\" src=\"https:\/\/rmvapesale.com\/wp-content\/uploads\/2024\/10\/image.png\" alt=\"Najbolj\u0161i Vape za enkratno uporabo\" width=\"229\" height=\"300\" \/><\/p>\n<h3><a href=\"https:\/\/wa.me\/8617776015835\"><span style=\"color: #ff0000\"><strong>WhatsApp: +86 17776015835<\/strong><\/span><\/a><\/h3>\n<p>&nbsp;<\/p>","protected":false},"featured_media":2633,"comment_status":"open","ping_status":"closed","template":"","meta":{"_uag_custom_page_level_css":"","_lmt_disableupdate":"no","_lmt_disable":"","site-sidebar-layout":"default","site-content-layout":"content-boxed-container","ast-site-content-layout":"normal-width-container","site-content-style":"boxed","site-sidebar-style":"unboxed","ast-global-header-display":"","ast-banner-title-visibility":"","ast-main-header-display":"","ast-hfb-above-header-display":"","ast-hfb-below-header-display":"","ast-hfb-mobile-header-display":"","site-post-title":"","ast-breadcrumbs-content":"","ast-featured-img":"","footer-sml-layout":"","theme-transparent-header-meta":"default","adv-header-id-meta":"","stick-header-meta":"","header-above-stick-meta":"","header-main-stick-meta":"","header-below-stick-meta":"","astra-migrate-meta-layouts":"set","ast-page-background-enabled":"default","ast-page-background-meta":{"desktop":{"background-color":"var(--ast-global-color-4)","background-image":"","background-repeat":"repeat","background-position":"center center","background-size":"auto","background-attachment":"scroll","background-type":"","background-media":"","overlay-type":"","overlay-color":"","overlay-opacity":"","overlay-gradient":""},"tablet":{"background-color":"","background-image":"","background-repeat":"repeat","background-position":"center center","background-size":"auto","background-attachment":"scroll","background-type":"","background-media":"","overlay-type":"","overlay-color":"","overlay-opacity":"","overlay-gradient":""},"mobile":{"background-color":"","background-image":"","background-repeat":"repeat","background-position":"center center","background-size":"auto","background-attachment":"scroll","background-type":"","background-media":"","overlay-type":"","overlay-color":"","overlay-opacity":"","overlay-gradient":""}},"ast-content-background-meta":{"desktop":{"background-color":"var(--ast-global-color-5)","background-image":"","background-repeat":"repeat","background-position":"center center","background-size":"auto","background-attachment":"scroll","background-type":"","background-media":"","overlay-type":"","overlay-color":"","overlay-opacity":"","overlay-gradient":""},"tablet":{"background-color":"var(--ast-global-color-5)","background-image":"","background-repeat":"repeat","background-position":"center center","background-size":"auto","background-attachment":"scroll","background-type":"","background-media":"","overlay-type":"","overlay-color":"","overlay-opacity":"","overlay-gradient":""},"mobile":{"background-color":"var(--ast-global-color-5)","background-image":"","background-repeat":"repeat","background-position":"center center","background-size":"auto","background-attachment":"scroll","background-type":"","background-media":"","overlay-type":"","overlay-color":"","overlay-opacity":"","overlay-gradient":""}},"_joinchat":[]},"product_brand":[],"product_cat":[15,25,123,26,28,135,27,60,137,136,30],"product_tag":[187,199,146,188,167,165,191,120],"class_list":{"0":"post-2628","1":"product","2":"type-product","3":"status-publish","4":"has-post-thumbnail","6":"product_cat-new-vape-this-week","7":"product_cat-germany-best-selling-vape","8":"product_cat-italy-wholesale-vape","9":"product_cat-netherlands-hot-sale-vape","10":"product_cat-poland-hot-sale-vape","11":"product_cat-spain-best-hot-sale-vape","12":"product_cat-fance-hot-sale-vape","13":"product_cat-bang-vapes","14":"product_cat-rechargeable-vapes","15":"product_cat-smart-screen-vapes","16":"product_cat-minimum-order-quantity-50pcs","17":"product_tag-bang-box-vape","18":"product_tag-bang-vape","19":"product_tag-best-hot-sale-vape","20":"product_tag-buy-vapes-online","21":"product_tag-disposable-vape-with-screen","22":"product_tag-rechargeable-vapes","23":"product_tag-vape-box","24":"product_tag-vape-wholesale","25":"desktop-align-left","26":"tablet-align-left","27":"mobile-align-left","29":"first","30":"instock","31":"sale","32":"shipping-taxable","33":"purchasable","34":"product-type-simple"},"uagb_featured_image_src":{"full":["https:\/\/rmvapesale.com\/wp-content\/uploads\/2024\/10\/Bang-Rechargeable-Vape-12000-Puff-Wholesale.jpg",600,634,false],"thumbnail":["https:\/\/rmvapesale.com\/wp-content\/uploads\/2024\/10\/Bang-Rechargeable-Vape-12000-Puff-Wholesale-150x150.jpg",150,150,true],"medium":["https:\/\/rmvapesale.com\/wp-content\/uploads\/2024\/10\/Bang-Rechargeable-Vape-12000-Puff-Wholesale-284x300.jpg",284,300,true],"medium_large":["https:\/\/rmvapesale.com\/wp-content\/uploads\/2024\/10\/Bang-Rechargeable-Vape-12000-Puff-Wholesale.jpg",600,634,false],"large":["https:\/\/rmvapesale.com\/wp-content\/uploads\/2024\/10\/Bang-Rechargeable-Vape-12000-Puff-Wholesale.jpg",600,634,false],"1536x1536":["https:\/\/rmvapesale.com\/wp-content\/uploads\/2024\/10\/Bang-Rechargeable-Vape-12000-Puff-Wholesale.jpg",600,634,false],"2048x2048":["https:\/\/rmvapesale.com\/wp-content\/uploads\/2024\/10\/Bang-Rechargeable-Vape-12000-Puff-Wholesale.jpg",600,634,false],"trp-custom-language-flag":["https:\/\/rmvapesale.com\/wp-content\/uploads\/2024\/10\/Bang-Rechargeable-Vape-12000-Puff-Wholesale.jpg",11,12,false],"woocommerce_thumbnail":["https:\/\/rmvapesale.com\/wp-content\/uploads\/2024\/10\/Bang-Rechargeable-Vape-12000-Puff-Wholesale-300x300.jpg",300,300,true],"woocommerce_single":["https:\/\/rmvapesale.com\/wp-content\/uploads\/2024\/10\/Bang-Rechargeable-Vape-12000-Puff-Wholesale.jpg",600,634,false],"woocommerce_gallery_thumbnail":["https:\/\/rmvapesale.com\/wp-content\/uploads\/2024\/10\/Bang-Rechargeable-Vape-12000-Puff-Wholesale-100x100.jpg",100,100,true],"wcpr-photo-reviews":["https:\/\/rmvapesale.com\/wp-content\/uploads\/2024\/10\/Bang-Rechargeable-Vape-12000-Puff-Wholesale.jpg",473,500,false]},"uagb_author_info":{"display_name":"AMY","author_link":"https:\/\/rmvapesale.com\/sl\/author\/"},"uagb_comment_info":0,"uagb_excerpt":"Original Bang Vape 12000 Puffs Wholesale Price Bang 12000 Puffs Rechargeable Vape Bulk Buy Buy Bang Disposable Vape 0% 2% 3% 5% Nicotine WhatsApp: +86 17776015835 &nbsp;","_links":{"self":[{"href":"https:\/\/rmvapesale.com\/sl\/wp-json\/wp\/v2\/product\/2628","targetHints":{"allow":["GET"]}}],"collection":[{"href":"https:\/\/rmvapesale.com\/sl\/wp-json\/wp\/v2\/product"}],"about":[{"href":"https:\/\/rmvapesale.com\/sl\/wp-json\/wp\/v2\/types\/product"}],"replies":[{"embeddable":true,"href":"https:\/\/rmvapesale.com\/sl\/wp-json\/wp\/v2\/comments?post=2628"}],"wp:featuredmedia":[{"embeddable":true,"href":"https:\/\/rmvapesale.com\/sl\/wp-json\/wp\/v2\/media\/2633"}],"wp:attachment":[{"href":"https:\/\/rmvapesale.com\/sl\/wp-json\/wp\/v2\/media?parent=2628"}],"wp:term":[{"taxonomy":"product_brand","embeddable":true,"href":"https:\/\/rmvapesale.com\/sl\/wp-json\/wp\/v2\/product_brand?post=2628"},{"taxonomy":"product_cat","embeddable":true,"href":"https:\/\/rmvapesale.com\/sl\/wp-json\/wp\/v2\/product_cat?post=2628"},{"taxonomy":"product_tag","embeddable":true,"href":"https:\/\/rmvapesale.com\/sl\/wp-json\/wp\/v2\/product_tag?post=2628"}],"curies":[{"name":"wp","href":"https:\/\/api.w.org\/{rel}","templated":true}]}}