{"id":2670,"date":"2024-11-05T09:03:06","date_gmt":"2024-11-05T09:03:06","guid":{"rendered":"https:\/\/rmvapesale.com\/?post_type=product&#038;p=2670"},"modified":"2024-11-05T09:49:38","modified_gmt":"2024-11-05T09:49:38","slug":"elfbar-combo-25000-puffs-rechargeable-disposable-vape-wholesale","status":"publish","type":"product","link":"https:\/\/rmvapesale.com\/sl\/product\/elfbar-combo-25000-puffs-rechargeable-disposable-vape-wholesale\/","title":{"rendered":"ElfBar Combo 25000 Vpihov Veleprodaja polnilnih vape za enkratno uporabo"},"content":{"rendered":"<div class=\"B2VR9 CJHX3e\">\n<div class=\"wyccme\">\n<h1 class=\"LC20lb MBeuO DKV0Md\">ElfBar Combo 25000 Vpihov Veleprodaja polnilnih vape za enkratno uporabo<\/h1>\n<div class=\"flex-shrink-0 flex flex-col relative items-end\">\n<div class=\"pt-0\">\n<div class=\"gizmo-bot-avatar flex h-8 w-8 items-center justify-center overflow-hidden rounded-full\">\n<div class=\"relative p-1 rounded-sm flex items-center justify-center bg-token-main-surface-primary text-token-text-primary h-8 w-8\">\n<p>The <strong>Elfbar Combo 25000 Vdihov, enkratna vape<\/strong> je inovativno in vsestransko napravo za vaping, zasnovano za revolucijo va\u0161ega vaping do\u017eivetja. S elegantnim in stilskim dizajnom zdru\u017euje <strong>dva razli\u010dna okusa<\/strong> in zagotavlja <strong>dvojne na\u010dine vapinga<\/strong>, kar vam nudi neprimerljivo raznolikost in zadovoljstvo. Ta naprava izstopa med <strong>priljubljene blagovne znamke enkratnih vape naprav<\/strong> zaradi svoje vrhunske tehnologije in udobnosti.<\/p>\n<h3><strong>\u010cisti in bogati okusi<\/strong><\/h3>\n<p>U\u017eivajte v neverjetni kombinaciji okusov <strong>Zeleno jabolko<\/strong> in <strong>Dvojno jabolko Shisha<\/strong>, strokovno me\u0161ano za osve\u017eujo\u010d in shisha navdihnjen okusni do\u017eivetje. The <strong>ElfBar Pods Combo 25000<\/strong> zagotavlja, da je vsak vdih gladek in poln okusa, zaradi \u010desar je eden izmed <strong>najbolj\u0161ih vape za enkratno uporabo leta 2024<\/strong>.<\/p>\n<h3><strong>Visok \u0161t. vdihov in velika kapaciteta e-teko\u010dine<\/strong><\/h3>\n<p>U\u017eivajte do <strong>25.000 vdihov<\/strong> iz 25 ml rezervoarja za e-teko\u010dino, kar vam nudi dolgo trajno zadovoljstvo brez te\u017eav z pogostimi zamenjavami. Ta naprava je popolna za tiste, ki \u017eelijo dalj\u0161o uporabo, bodisi na poti ali za vsakodnevno u\u017eivanje.<\/p>\n<h3><strong>Pametni zaslon in napreden sistem zra\u010dnega pretoka<\/strong><\/h3>\n<p>Opremljen z <strong>pametni zaslon<\/strong>, je <strong>Elf bar Combo 25000<\/strong> nudi posodobitve v realnem \u010dasu o na\u010dinu okusa, ravni mo\u010di, stanju e-teko\u010dine in \u017eivljenjski dobi baterije. The <strong>izbolj\u0161an dvojni sistem zra\u010dnega pretoka<\/strong> nudi prilagodljive mo\u017enosti, ki izbolj\u0161ujejo va\u0161e izku\u0161nje z vapingom z \u010distim in doslednim paro.<\/p>\n<h3><strong>Polnjenje za udobje<\/strong><\/h3>\n<p>Zbogom neprijetnostim enkratnih naprav za vaping, z <strong>850mAh polnilna baterija<\/strong>. U\u010dinkovit dizajn, zdru\u017een z priro\u010dnim <strong>Hitro polnjenje Type-C<\/strong>, zagotavlja minimalno \u010dasovno izgubo med uporabo, zaradi \u010desar je izjemna izbira med <strong>polnilni vapes<\/strong>.<\/p>\n<h3><strong>Premium nikotinska jakost<\/strong><\/h3>\n<p>Z <strong>5% (50 mg) nikotinske koncentracije<\/strong>, je <strong>Elf Bar Combo 25000<\/strong> nudi zadovoljujo\u010d udarec, ki je popoln za vaperje, ki i\u0161\u010dejo mo\u010dno nikotinsko izku\u0161njo.<\/p>\n<h3><strong>Na voljo na debelo<\/strong><\/h3>\n<p>The <strong>Elfbar Combo 25000<\/strong> je na voljo pri <strong>veleprodajne mo\u017enosti vape<\/strong> cenah, zaradi \u010desar je idealna mo\u017enost za prodajalce na drobno in distributerje, ki \u017eelijo zalogo <strong>popularnih vapov<\/strong>. Obi\u0161\u010dite ugledne <strong>trgovinah z vape izdelki<\/strong> ali kupujte prek <strong>spletni disposable vapes<\/strong> dobaviteljev, da dobite najbolj\u0161e ponudbe na <strong>Elf Bar<\/strong> izdelekih.<\/p>\n<p>Za tiste, ki i\u0161\u010dejo izjemno <strong>vape<\/strong> ki brezhibno zdru\u017euje okus, inovacije in udobje, ta <strong>Elfbar Combo 25000 Vdihov<\/strong> je vrhunska izbira. Do\u017eivite najbolj\u0161e v tehnologiji vapinga s tem <strong>ELF BAR<\/strong> \u010dudom.<\/p>\n<p>Dobi svojega danes pri <strong>ELFBAR<\/strong> distributerjih in se pridru\u017ei skupnosti zadovoljnih vaperjev, ki u\u017eivajo v eni od <strong>najbolj\u0161ih blagovnih znamk e-cigaret za enkratno uporabo<\/strong> v industriji!<\/p>\n<\/div>\n<\/div>\n<\/div>\n<\/div>\n<\/div>\n<\/div>\n<p><strong>Kontaktirajte Amy, da dobite pravi odgovor in kupon za vape!<\/strong><\/p>\n<p><img loading=\"lazy\" decoding=\"async\" class=\"size-full wp-image-1978\" src=\"https:\/\/rmvapesale.com\/wp-content\/uploads\/2024\/09\/Disposable-Vape-Wholesale.jpg\" alt=\"Vape za enkratno uporabo na debelo\" width=\"229\" height=\"300\" \/><\/p>\n<h3><a href=\"https:\/\/wa.me\/8617776015835\" target=\"_blank\" rel=\"noopener\"><span style=\"color: #ff0000\"><strong>WhatsApp: +86 17776015835<\/strong><\/span><\/a><\/h3>\n<p>&nbsp;<\/p>\n<h2><\/h2>\n<h2><strong>ElfBar Combo 25000 Polnilec za vaporizator <\/strong><strong>Klju\u010dne zna\u010dilnosti<\/strong><\/h2>\n<p>Model: COMBO 25000<br \/>\nOkusi: Zeleni jabolko + Dvojno jabolko Shisha<br \/>\nVpihi: 25000<br \/>\nKoli\u010dina nikotina: 5% (50 mg)<br \/>\nKoli\u010dina teko\u010dine: 25 ml<br \/>\nBaterija<br \/>\nKapaciteta baterije: 700mAh<\/p>\n<p>&nbsp;<\/p>\n<h2><strong>Najbolj\u0161i okus za ElfBar Combo 25000 Vdihov<\/strong><\/h2>\n<p>&nbsp;<\/p>\n<p>1. Melona+Jagoda <span style=\"color: #ff0000\"><strong>&gt;&gt;&gt;&gt; Vro\u010de!<\/strong><\/span><br \/>\n2. Jabolko+Breskev s sokom<br \/>\n3. Grozd+Mareli\u010dina pija\u010da<br \/>\n4. Zeleni grozd+Grozd <span style=\"color: #ff0000\"><strong>&gt;&gt;&gt;&gt; Najbolj\u0161e!<\/strong><\/span><br \/>\n5. Zeleno jabolko+Dvojno jabolko<br \/>\n6.Limona+Ananas<br \/>\n7.Breskev Mango+Melona <span style=\"color: #ff0000\"><strong>&gt;&gt;&gt;&gt; Vro\u010de!<\/strong><\/span><\/p>\n<figure id=\"attachment_2663\" aria-describedby=\"caption-attachment-2663\" style=\"width: 286px\" class=\"wp-caption alignnone\"><img loading=\"lazy\" decoding=\"async\" class=\"size-medium wp-image-2663\" src=\"https:\/\/rmvapesale.com\/wp-content\/uploads\/2024\/11\/Elf-Bar-COMBO-25000-Disposable-Vape-286x300.jpg\" alt=\"Elf Bar COMBO 25000 Enkratna Vape naprava\" width=\"286\" height=\"300\" srcset=\"https:\/\/rmvapesale.com\/wp-content\/uploads\/2024\/11\/Elf-Bar-COMBO-25000-Disposable-Vape-286x300.jpg 286w, https:\/\/rmvapesale.com\/wp-content\/uploads\/2024\/11\/Elf-Bar-COMBO-25000-Disposable-Vape-975x1024.jpg 975w, https:\/\/rmvapesale.com\/wp-content\/uploads\/2024\/11\/Elf-Bar-COMBO-25000-Disposable-Vape-768x806.jpg 768w, https:\/\/rmvapesale.com\/wp-content\/uploads\/2024\/11\/Elf-Bar-COMBO-25000-Disposable-Vape-600x630.jpg 600w, https:\/\/rmvapesale.com\/wp-content\/uploads\/2024\/11\/Elf-Bar-COMBO-25000-Disposable-Vape.jpg 1000w\" sizes=\"auto, (max-width: 286px) 100vw, 286px\" \/><figcaption id=\"caption-attachment-2663\" class=\"wp-caption-text\">Elf Bar COMBO 25000 Enkratna Vape naprava<\/figcaption><\/figure>\n<h3><strong>Zakaj izbrati Rmvapesale za Elf Bar <\/strong><strong>Enkratna V<\/strong><strong>Veleprodaja vejpanja<\/strong><strong>?<\/strong><\/h3>\n<div class=\"flex-shrink-0 flex flex-col relative items-end\">\n<div class=\"pt-0\">\n<div class=\"gizmo-bot-avatar flex h-8 w-8 items-center justify-center overflow-hidden rounded-full\">\n<div class=\"relative p-1 rounded-sm flex items-center justify-center bg-token-main-surface-primary text-token-text-primary h-8 w-8\">\n<p>Dobrodo\u0161li v Rmvapesale, va\u0161i zaupanja vredni trgovini za vrhunske e-cigarete za enkratno uporabo. Z ve\u010d kot 5-letnimi izku\u0161njami vam ponujamo priljubljene znamke e-cigaret za enkratno uporabo, kot so Al Fakher, <a href=\"https:\/\/rmvapesale.com\/sl\/product\/vapme-crystal-7000-puffs-rechargeable-disposable-vape-price\/\">Vapme<\/a>, <a href=\"https:\/\/rmvapesale.com\/sl\/product-category\/bang-vapes\/\">Bang Vape<\/a>, Waspe, <a href=\"https:\/\/rmvapesale.com\/sl\/product\/wga-crystal-pro-max-extra-15k-puffs-disposable-vape-wholesale\/\">WGA<\/a> Vape in<a href=\"https:\/\/rmvapesale.com\/sl\/product-category\/randm-fumot-vape\/\"> RandM Vape<\/a>.<\/p>\n<p>Na\u0161a ponudba vklju\u010duje priljubljene e-cigarete, kot je <a href=\"https:\/\/rmvapesale.com\/sl\/product\/fumot-digital-box-12000-disposable-vape-pink-lemonade-flavor\/\">RandM 12k<\/a> in okusne izbire, kot je <a href=\"https:\/\/rmvapesale.com\/sl\/product\/wga-crystal-plus-20000-puff-dual-flavour-disposable-vape\/\">WGA 20K Vdihov<\/a>Vsak izdelek je izbran s poudarkom na kakovosti, vrednosti in raznolikosti, kar vam zagotavlja, da boste na\u0161li popolno ujemanje za svoje potrebe. Odkrijte izjemno storitev in \u0161iroko paleto vrhunskih izdelkov pri Rmvapesale.<\/p>\n<\/div>\n<h3><\/h3>\n<div class=\"relative p-1 rounded-sm flex items-center justify-center bg-token-main-surface-primary text-token-text-primary h-8 w-8\">\n<h3><b>Elf Bar Vape COMBO 25000 Vpihov POGOSTA VPRA\u0160ANJA<\/b><\/h3>\n<\/div>\n<h3>1. <strong>Kako vem, kdaj so moje ElfBar enkratne vape kapsule prazne?<\/strong><\/h3>\n<ul>\n<li>The <strong>pametni zaslon<\/strong> Na Elf Bar Combo 25000 jasno ka\u017ee nivo e-tekila. Ko zaslon poka\u017ee, da je stanje e-tekila nizko ali prazno, ali \u010de opazite znaten padec okusa in produkcije pare, je \u010das za zamenjavo naprave.<\/li>\n<\/ul>\n<h3>2. <strong>Koliko \u010dasa traja polnjenje ElfBar Combo 25000 Vpihov?<\/strong><\/h3>\n<ul>\n<li>Elf Bar Combo 25000 je opremljen z <strong>700 mAh polnilno baterijo<\/strong> in se hitro polni preko <strong>Type-C<\/strong>. Obi\u010dajno traja pribli\u017eno <strong>1 do 2 uri<\/strong> popolnega polnjenja, odvisno od vira napajanja.<\/li>\n<\/ul>\n<h3>3. <strong>Koliko nikotina je v Elf Bar Vape Combo 25000 Vpihov?<\/strong><\/h3>\n<ul>\n<li>Elf Bar Combo 25000 vsebuje <strong>5% (50 mg) nikotinske mo\u010di<\/strong>, kar zagotavlja mo\u010dno in zadovoljivo izku\u0161njo, primerno za tiste, ki imajo raje vi\u0161je koncentracije nikotina.<\/li>\n<\/ul>\n<h3>4. <strong>Kje lahko kupim ElfBar Combo 25000 Vpihov po veleprodajnih cenah?<\/strong><\/h3>\n<ul>\n<li>Elf Bar Combo 25000 Puff lahko kupite pri <strong>veleprodajnih cenah<\/strong> razli\u010dnih spletnih distributerjih vejpow ali specializiranih <strong>dobaviteljih veleprodaje vejpow<\/strong>. Preverite zanesljive <strong>trgovinah z vape izdelki<\/strong> in spletne trgovce, ki ponujajo <strong>mo\u017enosti nakupa na debelo<\/strong> za izdelke Elf Bar.<\/li>\n<\/ul>\n<h3>5. <strong>Can I bring a disposable vape on a plane?<\/strong><\/h3>\n<ul>\n<li>Da, lahko prinesete <strong>vape za enkratno uporabo<\/strong> na letalu, vendar mora biti zapakiran v va\u0161i <strong>ro\u010dna prtljaga<\/strong>. Prepri\u010dajte se, da je naprava izklopljena in varno shranjena, in ne pozabite preveriti predpisov dolo\u010dene letalske dru\u017ebe in pravil o vapingu v dr\u017eavi destinacije.<\/li>\n<\/ul>\n<\/div>\n<\/div>\n<\/div>\n<h3>O po\u0161iljanju<\/h3>\n<div class=\"flex-shrink-0 flex flex-col relative items-end\">\n<div>\n<div class=\"pt-0\">\n<div class=\"gizmo-bot-avatar flex h-8 w-8 items-center justify-center overflow-hidden rounded-full\">\n<div><\/div>\n<div class=\"relative p-1 rounded-sm flex items-center justify-center bg-token-main-surface-primary text-token-text-primary h-8 w-8\"><strong>1. Katere metode po\u0161iljanja se uporabljajo?<\/strong><\/div>\n<\/div>\n<\/div>\n<\/div>\n<\/div>\n<div class=\"group\/conversation-turn relative flex w-full min-w-0 flex-col agent-turn\">\n<div class=\"flex-col gap-1 md:gap-3\">\n<div class=\"flex max-w-full flex-col flex-grow\">\n<div class=\"min-h-[20px] text-message flex w-full flex-col items-end gap-2 whitespace-normal break-words [.text-message+&amp;]:mt-5 overflow-x-auto\" dir=\"auto\" data-message-author-role=\"assistant\" data-message-id=\"22f8283b-3233-46ff-89a5-c7a41b33abda\">\n<div class=\"flex w-full flex-col gap-1 empty:hidden first:pt-[3px]\">\n<div class=\"markdown prose w-full break-words dark:prose-invert light\">\n<p>Sodelujemo z UPS, DHL, FedEx, DPD in drugimi vodilnimi prevozniki. Izbrali bomo najbolj\u0161i na\u010din po\u0161iljanja glede na va\u0161o lokacijo dostave, da zagotovimo, da boste izdelke prejeli \u010dim hitreje.<\/p>\n<\/div>\n<p><strong>2. Kako dolgo traja, da prispe?<\/strong><\/p>\n<p>Paketi, poslani v Slovenijo, obi\u010dajno prispejo v 10 delovnih dneh. Po\u0161iljanje v evropske dr\u017eave obi\u010dajno traja pribli\u017eno 12-15 delovnih dni. Zagotovili vam bomo sprotne posodobitve o statusu va\u0161ega po\u0161iljanja.<\/p>\n<\/div>\n<\/div>\n<\/div>\n<\/div>\n<\/div>\n<p>&nbsp;<\/p>\n<p>Poi\u0161\u010di ve\u010d izdelkov Vape, ki so ti morda v\u0161e\u010d:<strong><em><a href=\"https:\/\/rmvapesale.com\/sl\/shop-2\/\">nakupuj zdaj &gt;&gt;&gt;<\/a><\/em><\/strong><\/p>","protected":false},"excerpt":{"rendered":"<p>ELFBAR COMBO 25000 Zeleno jabolko + Dvojno jabolko<br \/>\nELFBAR Vape COMBO 25000 vdihov, na debelo, tovarna cena<br \/>\nElfBar Pods COMBO 25000, nakup na debelo, 5% Nikotin<\/p>\n<p><img loading=\"lazy\" decoding=\"async\" class=\"size-full wp-image-2375\" src=\"https:\/\/rmvapesale.com\/wp-content\/uploads\/2024\/10\/image.png\" alt=\"Najbolj\u0161i Vape za enkratno uporabo\" width=\"229\" height=\"300\" \/><\/p>\n<h3><a href=\"https:\/\/wa.me\/8617776015835\"><span style=\"color: #ff0000\"><strong>WhatsApp: +86 17776015835<\/strong><\/span><\/a><\/h3>\n<p>&nbsp;<\/p>","protected":false},"featured_media":2662,"comment_status":"open","ping_status":"closed","template":"","meta":{"_uag_custom_page_level_css":"","_lmt_disableupdate":"no","_lmt_disable":"","site-sidebar-layout":"default","site-content-layout":"content-boxed-container","ast-site-content-layout":"normal-width-container","site-content-style":"boxed","site-sidebar-style":"unboxed","ast-global-header-display":"","ast-banner-title-visibility":"","ast-main-header-display":"","ast-hfb-above-header-display":"","ast-hfb-below-header-display":"","ast-hfb-mobile-header-display":"","site-post-title":"","ast-breadcrumbs-content":"","ast-featured-img":"","footer-sml-layout":"","ast-disable-related-posts":"","theme-transparent-header-meta":"default","adv-header-id-meta":"","stick-header-meta":"","header-above-stick-meta":"","header-main-stick-meta":"","header-below-stick-meta":"","astra-migrate-meta-layouts":"set","ast-page-background-enabled":"default","ast-page-background-meta":{"desktop":{"background-color":"var(--ast-global-color-4)","background-image":"","background-repeat":"repeat","background-position":"center center","background-size":"auto","background-attachment":"scroll","background-type":"","background-media":"","overlay-type":"","overlay-color":"","overlay-opacity":"","overlay-gradient":""},"tablet":{"background-color":"","background-image":"","background-repeat":"repeat","background-position":"center center","background-size":"auto","background-attachment":"scroll","background-type":"","background-media":"","overlay-type":"","overlay-color":"","overlay-opacity":"","overlay-gradient":""},"mobile":{"background-color":"","background-image":"","background-repeat":"repeat","background-position":"center center","background-size":"auto","background-attachment":"scroll","background-type":"","background-media":"","overlay-type":"","overlay-color":"","overlay-opacity":"","overlay-gradient":""}},"ast-content-background-meta":{"desktop":{"background-color":"var(--ast-global-color-5)","background-image":"","background-repeat":"repeat","background-position":"center center","background-size":"auto","background-attachment":"scroll","background-type":"","background-media":"","overlay-type":"","overlay-color":"","overlay-opacity":"","overlay-gradient":""},"tablet":{"background-color":"var(--ast-global-color-5)","background-image":"","background-repeat":"repeat","background-position":"center center","background-size":"auto","background-attachment":"scroll","background-type":"","background-media":"","overlay-type":"","overlay-color":"","overlay-opacity":"","overlay-gradient":""},"mobile":{"background-color":"var(--ast-global-color-5)","background-image":"","background-repeat":"repeat","background-position":"center center","background-size":"auto","background-attachment":"scroll","background-type":"","background-media":"","overlay-type":"","overlay-color":"","overlay-opacity":"","overlay-gradient":""}},"_joinchat":[]},"product_brand":[],"product_cat":[15,27,25,123,30,26,28,137,136,135],"product_tag":[146,188,200,167,201,202,165,180,120],"class_list":{"0":"post-2670","1":"product","2":"type-product","3":"status-publish","4":"has-post-thumbnail","6":"product_cat-new-vape-this-week","7":"product_cat-fance-hot-sale-vape","8":"product_cat-germany-best-selling-vape","9":"product_cat-italy-wholesale-vape","10":"product_cat-minimum-order-quantity-50pcs","11":"product_cat-netherlands-hot-sale-vape","12":"product_cat-poland-hot-sale-vape","13":"product_cat-rechargeable-vapes","14":"product_cat-smart-screen-vapes","15":"product_cat-spain-best-hot-sale-vape","16":"product_tag-best-hot-sale-vape","17":"product_tag-buy-vapes-online","18":"product_tag-disposable-hookah-wholesale","19":"product_tag-disposable-vape-with-screen","20":"product_tag-elfbar","21":"product_tag-elfbar-pods","22":"product_tag-rechargeable-vapes","23":"product_tag-shisha-bar","24":"product_tag-vape-wholesale","25":"desktop-align-left","26":"tablet-align-left","27":"mobile-align-left","29":"first","30":"instock","31":"sale","32":"shipping-taxable","33":"purchasable","34":"product-type-simple"},"uagb_featured_image_src":{"full":["https:\/\/rmvapesale.com\/wp-content\/uploads\/2024\/11\/Elf-Bar-COMBO-25000-Blackurrant-Raspberry-Grape.jpg",1000,1000,false],"thumbnail":["https:\/\/rmvapesale.com\/wp-content\/uploads\/2024\/11\/Elf-Bar-COMBO-25000-Blackurrant-Raspberry-Grape-150x150.jpg",150,150,true],"medium":["https:\/\/rmvapesale.com\/wp-content\/uploads\/2024\/11\/Elf-Bar-COMBO-25000-Blackurrant-Raspberry-Grape-300x300.jpg",300,300,true],"medium_large":["https:\/\/rmvapesale.com\/wp-content\/uploads\/2024\/11\/Elf-Bar-COMBO-25000-Blackurrant-Raspberry-Grape-768x768.jpg",768,768,true],"large":["https:\/\/rmvapesale.com\/wp-content\/uploads\/2024\/11\/Elf-Bar-COMBO-25000-Blackurrant-Raspberry-Grape.jpg",1000,1000,false],"1536x1536":["https:\/\/rmvapesale.com\/wp-content\/uploads\/2024\/11\/Elf-Bar-COMBO-25000-Blackurrant-Raspberry-Grape.jpg",1000,1000,false],"2048x2048":["https:\/\/rmvapesale.com\/wp-content\/uploads\/2024\/11\/Elf-Bar-COMBO-25000-Blackurrant-Raspberry-Grape.jpg",1000,1000,false],"trp-custom-language-flag":["https:\/\/rmvapesale.com\/wp-content\/uploads\/2024\/11\/Elf-Bar-COMBO-25000-Blackurrant-Raspberry-Grape.jpg",12,12,false],"woocommerce_thumbnail":["https:\/\/rmvapesale.com\/wp-content\/uploads\/2024\/11\/Elf-Bar-COMBO-25000-Blackurrant-Raspberry-Grape-300x300.jpg",300,300,true],"woocommerce_single":["https:\/\/rmvapesale.com\/wp-content\/uploads\/2024\/11\/Elf-Bar-COMBO-25000-Blackurrant-Raspberry-Grape-600x600.jpg",600,600,true],"woocommerce_gallery_thumbnail":["https:\/\/rmvapesale.com\/wp-content\/uploads\/2024\/11\/Elf-Bar-COMBO-25000-Blackurrant-Raspberry-Grape-100x100.jpg",100,100,true],"wcpr-photo-reviews":["https:\/\/rmvapesale.com\/wp-content\/uploads\/2024\/11\/Elf-Bar-COMBO-25000-Blackurrant-Raspberry-Grape.jpg",500,500,false]},"uagb_author_info":{"display_name":"AMY","author_link":"https:\/\/rmvapesale.com\/sl\/author\/"},"uagb_comment_info":0,"uagb_excerpt":"ELFBAR COMBO 25000 Green Apple + Double Apple ELFBAR Vape COMBO 25000 puff Wholesale Factory Price ElfBar Pods COMBO 25000 Bulk Buy 5% Nicotine WhatsApp: +86 17776015835 &nbsp;","_links":{"self":[{"href":"https:\/\/rmvapesale.com\/sl\/wp-json\/wp\/v2\/product\/2670","targetHints":{"allow":["GET"]}}],"collection":[{"href":"https:\/\/rmvapesale.com\/sl\/wp-json\/wp\/v2\/product"}],"about":[{"href":"https:\/\/rmvapesale.com\/sl\/wp-json\/wp\/v2\/types\/product"}],"replies":[{"embeddable":true,"href":"https:\/\/rmvapesale.com\/sl\/wp-json\/wp\/v2\/comments?post=2670"}],"wp:featuredmedia":[{"embeddable":true,"href":"https:\/\/rmvapesale.com\/sl\/wp-json\/wp\/v2\/media\/2662"}],"wp:attachment":[{"href":"https:\/\/rmvapesale.com\/sl\/wp-json\/wp\/v2\/media?parent=2670"}],"wp:term":[{"taxonomy":"product_brand","embeddable":true,"href":"https:\/\/rmvapesale.com\/sl\/wp-json\/wp\/v2\/product_brand?post=2670"},{"taxonomy":"product_cat","embeddable":true,"href":"https:\/\/rmvapesale.com\/sl\/wp-json\/wp\/v2\/product_cat?post=2670"},{"taxonomy":"product_tag","embeddable":true,"href":"https:\/\/rmvapesale.com\/sl\/wp-json\/wp\/v2\/product_tag?post=2670"}],"curies":[{"name":"wp","href":"https:\/\/api.w.org\/{rel}","templated":true}]}}