{"id":2718,"date":"2024-11-12T08:49:23","date_gmt":"2024-11-12T08:49:23","guid":{"rendered":"https:\/\/rmvapesale.com\/?post_type=product&#038;p=2718"},"modified":"2024-11-12T09:20:43","modified_gmt":"2024-11-12T09:20:43","slug":"randm-tornado-9000-puff-blue-razz-ice-rechargeable-diposable-vape-wholesale-price","status":"publish","type":"product","link":"https:\/\/rmvapesale.com\/sl\/product\/randm-tornado-9000-puff-blue-razz-ice-rechargeable-diposable-vape-wholesale-price\/","title":{"rendered":"RandM Tornado 9000 puff Blue Razz Ice, ponovno polnjenje, elektronska cigareta za enkratno uporabo, veleprodajna cena"},"content":{"rendered":"<div class=\"B2VR9 CJHX3e\">\n<div class=\"wyccme\">\n<h1 class=\"LC20lb MBeuO DKV0Md\">RandM Tornado 9000 puff Blue Razz Ice, ponovno polnjenje, elektronska cigareta za enkratno uporabo, veleprodajna cena<\/h1>\n<div class=\"flex-shrink-0 flex flex-col relative items-end\">\n<div class=\"pt-0\">\n<div class=\"gizmo-bot-avatar flex h-8 w-8 items-center justify-center overflow-hidden rounded-full\">\n<div class=\"relative p-1 rounded-sm flex items-center justify-center bg-token-main-surface-primary text-token-text-primary h-8 w-8\">\n<p>Izku\u0161ajte izjemno mo\u010d in okus RandM Tornado 9000 Blue Razz Ice Polnljivega Disposabilnega Vapa, zdaj na voljo po veleprodajnih cenah. Ta naprava za vaping ponuja neverjetnih ve\u010d kot 9000 vdihov, kar jo naredi idealno za tiste, ki \u017eelijo dolgotrajen vaping brez pogostega menjavanja. Vsak vape je vnaprej napolnjen z 18 ml vrhunske e-teko\u010dine s nikl salti, ki zagotavlja gladek, zadovoljujo\u010d udarec ob vsakem vdihu. Okus Blue Razz Ice zdru\u017euje so\u010dno, sladko malino z ledenim zaklju\u010dkom za osve\u017eujo\u010do izku\u0161njo vapinga, ki je popolna za vse dnevno u\u017eivanje.<\/p>\n<p>Zasnovan za udobje, RandM Tornado 9000 ima 850 mAh polnljivo baterijo, zato ga lahko enostavno napolnite s Type-C priklju\u010dkom in nadaljujete vaping brez prekinitve. Njegov aktiviran s potegom v\u017eig mehanizem omogo\u010da enostavno uporabo\u2014samo vdihnite za aktivacijo. Z \u017eivahnim dizajnom in RGB osvetlitvijo ta vape izstopa vizualno, kar ga naredi popoln dodatek v zbirki vsakega navdu\u0161enca nad vapingom. RandM 9K je izdelan za zagotavljanje doslednega okusa in kakovosti, ne glede na to, ali ste izku\u0161en vaper ali nov v vaping svetu.<\/p>\n<p>&nbsp;<\/p>\n<\/div>\n<\/div>\n<\/div>\n<\/div>\n<\/div>\n<\/div>\n<p><strong>Kontaktirajte Amy, da dobite pravi odgovor in kupon za vape!<\/strong><\/p>\n<p><img loading=\"lazy\" decoding=\"async\" class=\"size-full wp-image-1978\" src=\"https:\/\/rmvapesale.com\/wp-content\/uploads\/2024\/09\/Disposable-Vape-Wholesale.jpg\" alt=\"Vape za enkratno uporabo na debelo\" width=\"229\" height=\"300\" \/><\/p>\n<h3><a href=\"https:\/\/wa.me\/8617776015835\" target=\"_blank\" rel=\"noopener\"><span style=\"color: #ff0000\"><strong>WhatsApp: +86 17776015835<\/strong><\/span><\/a><\/h3>\n<p>&nbsp;<\/p>\n<h2><\/h2>\n<h2><strong>RandM Tornado 9000 <\/strong><strong>Klju\u010dne zna\u010dilnosti<\/strong><\/h2>\n<p>&nbsp;<\/p>\n<ul>\n<li>Ve\u010d kot 9000 vdihov za podalj\u0161ano u\u017eivanje v vapingu<\/li>\n<li>18 ml Blue Razz Ice nikl salti e-teko\u010dine za gladke udarce<\/li>\n<li>850 mAh polnilna baterija s polnjenjem Type-C<\/li>\n<li>Aktiviran s potegom, enostaven za uporabo v\u017eig mehanizem<\/li>\n<li>Vpadljiva RGB osvetlitev za edinstven videz<\/li>\n<\/ul>\n<p>&nbsp;<\/p>\n<h2><strong>Najbolj\u0161i okus RandM Tornado 9000<\/strong><\/h2>\n<p>1 Borovnica in malina <span style=\"color: #ff0000\"><strong>&gt;&gt;&gt;&gt; Vro\u010de!<\/strong><\/span><br \/>\n2 Gospod Modri <span style=\"color: #ff0000\"><strong>&gt;&gt;&gt;&gt; Vro\u010de!<\/strong><\/span><br \/>\n3 Jagoda in lubenica<br \/>\n4 Pomaran\u010dni soda<br \/>\n5 Lubenica in \u017eve\u010dilni gumi<br \/>\n6 Mavri\u010dna sladkarija<br \/>\n7 Ro\u017enata limonada <span style=\"color: #ff0000\"><strong>&gt;&gt;&gt;&gt; Vro\u010de!<\/strong><\/span><br \/>\n8 Breskev, mango in ananas<br \/>\n9 Jagoda in banana<br \/>\n10 Lush Ice<br \/>\n11 \u010crna zmajeva led<br \/>\n12 Aloe in grozdje<br \/>\n13 Blue Razz Ice<br \/>\n14 Kivi, pasijonka in guava<br \/>\n15 Gumi medvedek<br \/>\n16 Me\u0161ane jagode <span style=\"color: #ff0000\"><strong>&gt;&gt;&gt;&gt; Vro\u010de!<\/strong><\/span><br \/>\n17 Kul Mint<br \/>\n18 Malina in lubenica<br \/>\n19 Breskev in limonada<br \/>\n20 Guava led<br \/>\n21 Jagoda limonada<br \/>\n22 Lubenica Brazz led<br \/>\n23 Banana krema<br \/>\n24 Breskev in jagoda<br \/>\n25 Jagoda krema<br \/>\n26 Kisla sladkarija<br \/>\n27 Limona in limeta<br \/>\n28 \u010ce\u0161nja<br \/>\n29 Gazirana \u010de\u0161nja <span style=\"color: #ff0000\"><strong>&gt;&gt;&gt;&gt; Vro\u010de!<\/strong><\/span><br \/>\n30 Borovnica, \u010de\u0161nja in brusnica<br \/>\n31 Vimto<br \/>\n32 Skittles<br \/>\n33 \u010crna led <span style=\"color: #ff0000\"><strong>&gt;&gt;&gt;&gt; Najbolj\u0161e!<\/strong><\/span><br \/>\n34 Grozdje<br \/>\n35 Modrookusna led<br \/>\n36 Jagoda Led<br \/>\n37 Modri Razz Kush<br \/>\n38 Ledeni Pop<br \/>\n39 Borovni\u010dev Kisli Rde\u010di Raspberries<br \/>\n40 Ananas<br \/>\n41 Vi\u0161nja Breskev Limonaada<br \/>\n42 Jagoda Raspberries Vi\u0161nja Led<br \/>\n43 Trojni Mango<br \/>\n44 Jagoda Raspberries Led<br \/>\n45 Jagoda Watermelon \u017dve\u010dilni Gumi<br \/>\n46 Prime Jagoda Watermelon<br \/>\n47 Watermelon Ice<br \/>\n48 Borovni\u010dev led <span style=\"color: #ff0000\"><strong>&gt;&gt;&gt;&gt; Vro\u010de!<\/strong><\/span><br \/>\n49 Watermelon Skittle<br \/>\n50 Mango s sladoledom<br \/>\n51 Jagoda Pomp\uff08Granatno jabolko\uff09<br \/>\n52 Poletni breskev led<br \/>\n53 \u010ce\u0161nja jagoda<br \/>\n54 \u010ce\u0161nja kola<br \/>\n55 Prime Watermelon<br \/>\n56 Jagoda grozdje<br \/>\n57 Tiger Blood <span style=\"color: #ff0000\"><strong>&gt;&gt;&gt;&gt; Vro\u010de!<\/strong><\/span><br \/>\n58 Mineralna voda<\/p>\n<p>&nbsp;<\/p>\n<h3><\/h3>\n<h3><strong>Zakaj izbrati Rmvapesale za RandM Tornado 9000 <\/strong><strong>V<\/strong><strong>Veleprodaja vejpanja<\/strong><strong>?<\/strong><\/h3>\n<div class=\"flex-shrink-0 flex flex-col relative items-end\">\n<div class=\"pt-0\">\n<div class=\"gizmo-bot-avatar flex h-8 w-8 items-center justify-center overflow-hidden rounded-full\">\n<div class=\"relative p-1 rounded-sm flex items-center justify-center bg-token-main-surface-primary text-token-text-primary h-8 w-8\">\n<p>Dobrodo\u0161li v Rmvapesale, va\u0161i zaupanja vredni trgovini za vrhunske e-cigarete za enkratno uporabo. Z ve\u010d kot 5-letnimi izku\u0161njami vam ponujamo priljubljene znamke e-cigaret za enkratno uporabo, kot so Al Fakher, <a href=\"https:\/\/rmvapesale.com\/sl\/product\/vapme-crystal-7000-puffs-rechargeable-disposable-vape-price\/\">Vapme<\/a>, <a href=\"https:\/\/rmvapesale.com\/sl\/product-category\/bang-vapes\/\">Bang Vape<\/a>, Waspe, <a href=\"https:\/\/rmvapesale.com\/sl\/product\/wga-crystal-pro-max-extra-15k-puffs-disposable-vape-wholesale\/\">WGA<\/a> Vape in<a href=\"https:\/\/rmvapesale.com\/sl\/product-category\/randm-fumot-vape\/\"> RandM Vape<\/a>.<\/p>\n<p>Na\u0161a ponudba vklju\u010duje priljubljene e-cigarete, kot je <a href=\"https:\/\/rmvapesale.com\/sl\/product\/fumot-digital-box-12000-disposable-vape-pink-lemonade-flavor\/\">RandM 12k<\/a> in okusne izbire, kot je <a href=\"https:\/\/rmvapesale.com\/sl\/product\/elfbar-combo-25000-puffs-rechargeable-disposable-vape-wholesale\/\">ELFBAR Combo 25000 Puff<\/a>Vsak izdelek je izbran s poudarkom na kakovosti, vrednosti in raznolikosti, kar vam zagotavlja, da boste na\u0161li popolno ujemanje za svoje potrebe. Odkrijte izjemno storitev in \u0161iroko paleto vrhunskih izdelkov pri Rmvapesale.<\/p>\n<\/div>\n<h3><\/h3>\n<div class=\"relative p-1 rounded-sm flex items-center justify-center bg-token-main-surface-primary text-token-text-primary h-8 w-8\">\n<h3><b>Vpra\u0161anja in odgovori o ponovno polnljivem enkratnem vaporizatorju RandM 9000<\/b><\/h3>\n<ol>\n<li><strong>Kateri so priljubljeni okusi za enkratni vaporizator RandM 9000?<\/strong><br \/>\nPriljubljeni okusi za enkratni vaporizator RandM 9000 vklju\u010dujejo Blue Razz Ice, ki zdru\u017euje sladko malino z osve\u017eujo\u010dim, ledenim zaklju\u010dkom. Drugi okusi se lahko razlikujejo glede na razpolo\u017eljivost in regionalne preference.<\/li>\n<li><strong>Kako vem, kdaj je moj RandM Tornado 9000 prazen?<\/strong><br \/>\nKo je va\u0161 RandM Tornado 9000 prazen, boste opazili zmanj\u0161ano proizvodnjo pare in okusa. Poleg tega je lahko vle\u010denje \u0161ibkej\u0161e ali proizvaja malo pare, kar ka\u017ee, da je e-tek\u010dina porabljena.<\/li>\n<li><strong>Koliko \u010dasa traja polnjenje RandM 9000 puff vaporizatorja?<\/strong><br \/>\n\u010cas polnjenja za RandM Tornado 9000 se lahko razlikuje, obi\u010dajno pa traja pribli\u017eno 1-2 uri, da se popolnoma napolni baterija 850mAh prek priklju\u010dka Type-C.<\/li>\n<li><strong>Koliko nikotina je v enkratnem vaporizatorju RandM Tornado 9k puff?<\/strong><br \/>\nRandM Tornado 9000 vsebuje nikotinsko sol, vendar se natan\u010dna koncentracija nikotina lahko razlikuje glede na regijo in razli\u010dico izdelka. Najbolje je preveriti embala\u017eo ali specifikacije izdelka za natan\u010dne ravni nikotina.<\/li>\n<li><strong>Kje kupiti Fumot Tornado 9000 puff vape naprave po veleprodajni ceni?<\/strong><br \/>\nFumot Tornado 9000 puff vape naprave lahko kupite po veleprodajnih cenah pri poobla\u0161\u010denih distributerjih vape ali spletnih veleprodajnih trgovinah z vape izdelki. Veliko spletnih strani ponuja mo\u017enosti veleprodaje posebej za blagovni znamki RandM in Fumot.<\/li>\n<li><strong>Can I bring a disposable vape on a plane?<\/strong><br \/>\nDa, lahko prinesete enkratne vape naprave na letalo v ro\u010dni prtljagi, vendar jih ne smete imeti v oddani prtljagi zaradi predpisov o baterijah. Vedno preverite smernice letalske dru\u017ebe in TSA pred potovanjem.<\/li>\n<li><strong>Koliko potegov zagotavlja RandM Vape 9000 puff?<\/strong><br \/>\nEnkratna vape naprava RandM Tornado 9000 zagotavlja ve\u010d kot 9000 potegov, kar jo naredi dolgo\u017eiv\u0161o mo\u017enost v primerjavi z drugimi enkratnimi vape napravami.<\/li>\n<\/ol>\n<\/div>\n<div class=\"mb-2 flex gap-3 empty:hidden -ml-2\"><\/div>\n<p>&nbsp;<\/p>\n<\/div>\n<\/div>\n<\/div>\n<h3>O po\u0161iljanju<\/h3>\n<div class=\"flex-shrink-0 flex flex-col relative items-end\">\n<div>\n<div class=\"pt-0\">\n<div class=\"gizmo-bot-avatar flex h-8 w-8 items-center justify-center overflow-hidden rounded-full\">\n<div><\/div>\n<div class=\"relative p-1 rounded-sm flex items-center justify-center bg-token-main-surface-primary text-token-text-primary h-8 w-8\"><strong>1. Katere metode po\u0161iljanja se uporabljajo?<\/strong><\/div>\n<\/div>\n<\/div>\n<\/div>\n<\/div>\n<div class=\"group\/conversation-turn relative flex w-full min-w-0 flex-col agent-turn\">\n<div class=\"flex-col gap-1 md:gap-3\">\n<div class=\"flex max-w-full flex-col flex-grow\">\n<div class=\"min-h-[20px] text-message flex w-full flex-col items-end gap-2 whitespace-normal break-words [.text-message+&amp;]:mt-5 overflow-x-auto\" dir=\"auto\" data-message-author-role=\"assistant\" data-message-id=\"22f8283b-3233-46ff-89a5-c7a41b33abda\">\n<div class=\"flex w-full flex-col gap-1 empty:hidden first:pt-[3px]\">\n<div class=\"markdown prose w-full break-words dark:prose-invert light\">\n<p>Sodelujemo z UPS, DHL, FedEx, DPD in drugimi vodilnimi prevozniki. Izbrali bomo najbolj\u0161i na\u010din po\u0161iljanja glede na va\u0161o lokacijo dostave, da zagotovimo, da boste izdelke prejeli \u010dim hitreje.<\/p>\n<\/div>\n<p><strong>2. Kako dolgo traja, da prispe?<\/strong><\/p>\n<p>Paketi, poslani v Slovenijo, obi\u010dajno prispejo v 10 delovnih dneh. Po\u0161iljanje v evropske dr\u017eave obi\u010dajno traja pribli\u017eno 12-15 delovnih dni. Zagotovili vam bomo sprotne posodobitve o statusu va\u0161ega po\u0161iljanja.<\/p>\n<\/div>\n<\/div>\n<\/div>\n<\/div>\n<\/div>\n<p>&nbsp;<\/p>\n<p>Poi\u0161\u010di ve\u010d izdelkov Vape, ki so ti morda v\u0161e\u010d:<strong><em><a href=\"https:\/\/rmvapesale.com\/sl\/shop-2\/\">nakupuj zdaj &gt;&gt;&gt;<\/a><\/em><\/strong><\/p>","protected":false},"excerpt":{"rendered":"<p>RandM Tornado 9000 Vdihov za enkratno uporabo Vape naprava<br \/>\nRandM 9000 vdihov za enkratno uporabo Vape Vse okuse na zalogi<br \/>\nRandM Tornado 9000 vdihov 9K enkratna palica<\/p>\n<p><img loading=\"lazy\" decoding=\"async\" class=\"size-full wp-image-2375\" src=\"https:\/\/rmvapesale.com\/wp-content\/uploads\/2024\/10\/image.png\" alt=\"Najbolj\u0161i Vape za enkratno uporabo\" width=\"229\" height=\"300\" \/><\/p>\n<h3><a href=\"https:\/\/wa.me\/8617776015835\"><span style=\"color: #ff0000\"><strong>WhatsApp: +86 17776015835<\/strong><\/span><\/a><\/h3>\n<p>&nbsp;<\/p>","protected":false},"featured_media":2719,"comment_status":"open","ping_status":"closed","template":"","meta":{"_uag_custom_page_level_css":"","_lmt_disableupdate":"no","_lmt_disable":"","site-sidebar-layout":"default","site-content-layout":"content-boxed-container","ast-site-content-layout":"normal-width-container","site-content-style":"boxed","site-sidebar-style":"unboxed","ast-global-header-display":"","ast-banner-title-visibility":"","ast-main-header-display":"","ast-hfb-above-header-display":"","ast-hfb-below-header-display":"","ast-hfb-mobile-header-display":"","site-post-title":"","ast-breadcrumbs-content":"","ast-featured-img":"","footer-sml-layout":"","ast-disable-related-posts":"","theme-transparent-header-meta":"default","adv-header-id-meta":"","stick-header-meta":"","header-above-stick-meta":"","header-main-stick-meta":"","header-below-stick-meta":"","astra-migrate-meta-layouts":"set","ast-page-background-enabled":"default","ast-page-background-meta":{"desktop":{"background-color":"var(--ast-global-color-4)","background-image":"","background-repeat":"repeat","background-position":"center center","background-size":"auto","background-attachment":"scroll","background-type":"","background-media":"","overlay-type":"","overlay-color":"","overlay-opacity":"","overlay-gradient":""},"tablet":{"background-color":"","background-image":"","background-repeat":"repeat","background-position":"center center","background-size":"auto","background-attachment":"scroll","background-type":"","background-media":"","overlay-type":"","overlay-color":"","overlay-opacity":"","overlay-gradient":""},"mobile":{"background-color":"","background-image":"","background-repeat":"repeat","background-position":"center center","background-size":"auto","background-attachment":"scroll","background-type":"","background-media":"","overlay-type":"","overlay-color":"","overlay-opacity":"","overlay-gradient":""}},"ast-content-background-meta":{"desktop":{"background-color":"var(--ast-global-color-5)","background-image":"","background-repeat":"repeat","background-position":"center center","background-size":"auto","background-attachment":"scroll","background-type":"","background-media":"","overlay-type":"","overlay-color":"","overlay-opacity":"","overlay-gradient":""},"tablet":{"background-color":"var(--ast-global-color-5)","background-image":"","background-repeat":"repeat","background-position":"center center","background-size":"auto","background-attachment":"scroll","background-type":"","background-media":"","overlay-type":"","overlay-color":"","overlay-opacity":"","overlay-gradient":""},"mobile":{"background-color":"var(--ast-global-color-5)","background-image":"","background-repeat":"repeat","background-position":"center center","background-size":"auto","background-attachment":"scroll","background-type":"","background-media":"","overlay-type":"","overlay-color":"","overlay-opacity":"","overlay-gradient":""}},"_joinchat":[]},"product_brand":[],"product_cat":[15,27,25,123,30,26,28,137,136,135],"product_tag":[169,207,181,120],"class_list":{"0":"post-2718","1":"product","2":"type-product","3":"status-publish","4":"has-post-thumbnail","6":"product_cat-new-vape-this-week","7":"product_cat-fance-hot-sale-vape","8":"product_cat-germany-best-selling-vape","9":"product_cat-italy-wholesale-vape","10":"product_cat-minimum-order-quantity-50pcs","11":"product_cat-netherlands-hot-sale-vape","12":"product_cat-poland-hot-sale-vape","13":"product_cat-rechargeable-vapes","14":"product_cat-smart-screen-vapes","15":"product_cat-spain-best-hot-sale-vape","16":"product_tag-best-disposable-vape-2024","17":"product_tag-puff-vape","18":"product_tag-randm-tornado-9000","19":"product_tag-vape-wholesale","20":"desktop-align-left","21":"tablet-align-left","22":"mobile-align-left","24":"first","25":"instock","26":"sale","27":"shipping-taxable","28":"purchasable","29":"product-type-simple"},"uagb_featured_image_src":{"full":["https:\/\/rmvapesale.com\/wp-content\/uploads\/2024\/11\/RandM-Tornado-9000-BLUE-RAZZ-ICE.png",1000,1000,false],"thumbnail":["https:\/\/rmvapesale.com\/wp-content\/uploads\/2024\/11\/RandM-Tornado-9000-BLUE-RAZZ-ICE-150x150.png",150,150,true],"medium":["https:\/\/rmvapesale.com\/wp-content\/uploads\/2024\/11\/RandM-Tornado-9000-BLUE-RAZZ-ICE-300x300.png",300,300,true],"medium_large":["https:\/\/rmvapesale.com\/wp-content\/uploads\/2024\/11\/RandM-Tornado-9000-BLUE-RAZZ-ICE-768x768.png",768,768,true],"large":["https:\/\/rmvapesale.com\/wp-content\/uploads\/2024\/11\/RandM-Tornado-9000-BLUE-RAZZ-ICE.png",1000,1000,false],"1536x1536":["https:\/\/rmvapesale.com\/wp-content\/uploads\/2024\/11\/RandM-Tornado-9000-BLUE-RAZZ-ICE.png",1000,1000,false],"2048x2048":["https:\/\/rmvapesale.com\/wp-content\/uploads\/2024\/11\/RandM-Tornado-9000-BLUE-RAZZ-ICE.png",1000,1000,false],"trp-custom-language-flag":["https:\/\/rmvapesale.com\/wp-content\/uploads\/2024\/11\/RandM-Tornado-9000-BLUE-RAZZ-ICE.png",12,12,false],"woocommerce_thumbnail":["https:\/\/rmvapesale.com\/wp-content\/uploads\/2024\/11\/RandM-Tornado-9000-BLUE-RAZZ-ICE-300x300.png",300,300,true],"woocommerce_single":["https:\/\/rmvapesale.com\/wp-content\/uploads\/2024\/11\/RandM-Tornado-9000-BLUE-RAZZ-ICE-600x600.png",600,600,true],"woocommerce_gallery_thumbnail":["https:\/\/rmvapesale.com\/wp-content\/uploads\/2024\/11\/RandM-Tornado-9000-BLUE-RAZZ-ICE-100x100.png",100,100,true],"wcpr-photo-reviews":["https:\/\/rmvapesale.com\/wp-content\/uploads\/2024\/11\/RandM-Tornado-9000-BLUE-RAZZ-ICE.png",500,500,false]},"uagb_author_info":{"display_name":"AMY","author_link":"https:\/\/rmvapesale.com\/sl\/author\/"},"uagb_comment_info":0,"uagb_excerpt":"RandM Tornado 9000 Puffs Disposable Vape Device RandM 9000 puffs Disposable Vape All Flavor in Stock RandM Tornado 9000 Puff 9K Disposable Bar WhatsApp: +86 17776015835 &nbsp;","_links":{"self":[{"href":"https:\/\/rmvapesale.com\/sl\/wp-json\/wp\/v2\/product\/2718","targetHints":{"allow":["GET"]}}],"collection":[{"href":"https:\/\/rmvapesale.com\/sl\/wp-json\/wp\/v2\/product"}],"about":[{"href":"https:\/\/rmvapesale.com\/sl\/wp-json\/wp\/v2\/types\/product"}],"replies":[{"embeddable":true,"href":"https:\/\/rmvapesale.com\/sl\/wp-json\/wp\/v2\/comments?post=2718"}],"wp:featuredmedia":[{"embeddable":true,"href":"https:\/\/rmvapesale.com\/sl\/wp-json\/wp\/v2\/media\/2719"}],"wp:attachment":[{"href":"https:\/\/rmvapesale.com\/sl\/wp-json\/wp\/v2\/media?parent=2718"}],"wp:term":[{"taxonomy":"product_brand","embeddable":true,"href":"https:\/\/rmvapesale.com\/sl\/wp-json\/wp\/v2\/product_brand?post=2718"},{"taxonomy":"product_cat","embeddable":true,"href":"https:\/\/rmvapesale.com\/sl\/wp-json\/wp\/v2\/product_cat?post=2718"},{"taxonomy":"product_tag","embeddable":true,"href":"https:\/\/rmvapesale.com\/sl\/wp-json\/wp\/v2\/product_tag?post=2718"}],"curies":[{"name":"wp","href":"https:\/\/api.w.org\/{rel}","templated":true}]}}