{"id":2729,"date":"2024-11-14T06:19:37","date_gmt":"2024-11-14T06:19:37","guid":{"rendered":"https:\/\/rmvapesale.com\/?post_type=product&#038;p=2729"},"modified":"2024-11-14T06:57:21","modified_gmt":"2024-11-14T06:57:21","slug":"fumot-12000-puffs-randm-rechargeable-disposable-vape-watermelon-bubblegum-flavour-germany-wholesale-price","status":"publish","type":"product","link":"https:\/\/rmvapesale.com\/sl\/product\/fumot-12000-puffs-randm-rechargeable-disposable-vape-watermelon-bubblegum-flavour-germany-wholesale-price\/","title":{"rendered":"Fumot 12000 Vpihov RandM Polnilna Vape za Enkratno Uporabo Okus Lubenica \u017dve\u010dilni Gumi Nem\u010dija Veleprodajna Cena"},"content":{"rendered":"<div class=\"B2VR9 CJHX3e\">\n<div class=\"wyccme\">\n<h1 class=\"LC20lb MBeuO DKV0Md\">Fumot 12000 Vpihov RandM Polnilna Vape za Enkratno Uporabo Okus Lubenica \u017dve\u010dilni Gumi Nem\u010dija Veleprodajna Cena<\/h1>\n<p>&nbsp;<\/p>\n<div class=\"flex-shrink-0 flex flex-col relative items-end\">\n<div class=\"pt-0\">\n<div class=\"gizmo-bot-avatar flex h-8 w-8 items-center justify-center overflow-hidden rounded-full\">\n<div class=\"relative p-1 rounded-sm flex items-center justify-center bg-token-main-surface-primary text-token-text-primary h-8 w-8\">\n<p>Fumot 12000 Puffs RandM Rechargeable Disposable Vape v okusu Watermelon Bubblegum ponuja edinstveno, sladko in sadno izku\u0161njo vapinga. Zdru\u017euje so\u010den okus lubenice s nostalgi\u010dno sladkostjo \u017eve\u010dilnega gumija, ta Randm vape je popoln za tiste, ki u\u017eivajo v okusnih obratih z vsakim vdihom. Z visoko kapaciteto e-tekline 20 ml ta naprava ponuja impresivnih 12.000 vdihov, kar zagotavlja dolgo trajajo\u010do zabavo. Prilagojeno za veleprodajni trg Slovenije, ta izdelek Fumot 12000 predstavlja idealno mo\u017enost za prodajalce, ki \u017eelijo zalogo visokega povpra\u0161evanja, vrhunske arome.<\/p>\n<p>Opremljen z ponovno polnljivo baterijo 550mAh in USB Type-C priklju\u010dkom za polnjenje, Fumot 12000 omogo\u010da enostavno polnjenje uporabnikom, da ohranijo svoj vape pripravljen kadar koli ga potrebujejo. Integrirani LED zaslon priro\u010dno prikazuje ravni baterije in e-tekline, tako da so uporabniki vedno obve\u0161\u010deni. Napredna tehnologija mre\u017ene tuljave izbolj\u0161uje konsistenco pare, zagotavlja gladek in zadovoljujo\u010d udarec z vsakim uporabo. Na voljo v ve\u010d ravneh nikotina, vklju\u010dno z 2% in 5%, ta naprava ustreza razli\u010dnim \u017eeljam, kar jo naredi vsestransko izbiro tako za za\u010detnike kot izku\u0161ene vapere.<\/p>\n<p>&nbsp;<\/p>\n<\/div>\n<\/div>\n<\/div>\n<\/div>\n<\/div>\n<\/div>\n<p><strong>Kontaktirajte Amy, da dobite pravi odgovor in kupon za vape!<\/strong><\/p>\n<p><img loading=\"lazy\" decoding=\"async\" class=\"size-full wp-image-1978\" src=\"https:\/\/rmvapesale.com\/wp-content\/uploads\/2024\/09\/Disposable-Vape-Wholesale.jpg\" alt=\"Vape za enkratno uporabo na debelo\" width=\"229\" height=\"300\" \/><\/p>\n<h3><a href=\"https:\/\/wa.me\/8617776015835\" target=\"_blank\" rel=\"noopener\"><span style=\"color: #ff0000\"><strong>WhatsApp: +86 17776015835<\/strong><\/span><\/a><\/h3>\n<p>&nbsp;<\/p>\n<h2><\/h2>\n<h2><strong>Klju\u010dne zna\u010dilnosti Fumot 12000 Puffs<\/strong><\/h2>\n<ul>\n<li>Ve\u010d kot 9000 vdihov za podalj\u0161ano uporabo in zadovoljstvo<\/li>\n<li>18 ml e-tekline z modrim borovni\u010dem in malinami za uravnote\u017een okus<\/li>\n<li>850mAh ponovno polnljiva baterija z hitrim polnjenjem Type-C<\/li>\n<li>Aktiviran z vle\u010denjem za brezskrbno uporabo, brez gumbov<\/li>\n<li>Elegantna RGB osvetlitev dodaja barvno vizualno privla\u010dnost<\/li>\n<\/ul>\n<p>&nbsp;<\/p>\n<h2><strong>Najbolj\u0161a aroma za Fumot 12000 vdihov<\/strong><\/h2>\n<p>1 Hladna meta <span style=\"color: #ff0000\"><strong>&gt;&gt;&gt;&gt; Vro\u010de!<\/strong><\/span><br \/>\n2 Lubenica z ledom<br \/>\n3 Grozdje led<br \/>\n4 Borovnica malina <span style=\"color: #ff0000\"><strong>&gt;&gt;&gt;&gt; Vro\u010de!<\/strong><\/span><br \/>\n5 Jagoda lubenica<br \/>\n6 Jagoda banana<br \/>\n7 So\u010dno led<br \/>\n8 \u010ce\u0161nja<br \/>\n9 Jagoda led<br \/>\n10 Ledeni lizika<br \/>\n11 Ro\u017enata limonada <span style=\"color: #ff0000\"><strong>&gt;&gt;&gt;&gt; Vro\u010de!<\/strong><\/span><br \/>\n12 Mango na ledu<br \/>\n13 Me\u0161ano jagodi\u010devje<br \/>\n14 Jagodna krof<br \/>\n15 Jagoda grozdje<br \/>\n16 \u010ce\u0161nja kola<br \/>\n17 Dr. modri<br \/>\n18 Borovnica na ledu <span style=\"color: #ff0000\"><strong>&gt;&gt;&gt;&gt; Vro\u010de!<\/strong><\/span><br \/>\n19 Kivi pasijonka guava<br \/>\n20 Jagoda kivi<br \/>\n21 Breskev mango<br \/>\n22 Breskev led<br \/>\n23 Rde\u010de jabolko led<br \/>\n24 Borovni\u010deva \u017eve\u010dilna <span style=\"color: #ff0000\"><strong>&gt;&gt;&gt;&gt; Najbolj\u0161e!<\/strong><\/span><br \/>\n25 Jagodna limonada<br \/>\n26 Limonada iz modrih malin<br \/>\n27 Kisla modra malina<br \/>\n28 Jagodni Red bull<br \/>\n29 Jabol\u010dna jagodna eksplozija<br \/>\n30 Lubeni\u010din \u017eve\u010dilni gumi<br \/>\n31 Malina lubenica<br \/>\n32 \u010crni led<br \/>\n33 Borovnica, \u010de\u0161nja, brusnica<br \/>\n34 Jagodni \u0161mink (granatno jabolko)<br \/>\n35 Vimto<br \/>\n36 \u010ce\u0161nja, jagoda<br \/>\n37 Limona<br \/>\n38 Bingo Crush<br \/>\n39 Borovnica, kivi<br \/>\n40 Jabolko, cimet<\/p>\n<h3><\/h3>\n<h3><strong>Zakaj izbrati Rmvapesale za RandM Tornado 9000 <\/strong><strong>V<\/strong><strong>Veleprodaja vejpanja<\/strong><strong>?<\/strong><\/h3>\n<div class=\"flex-shrink-0 flex flex-col relative items-end\">\n<div class=\"pt-0\">\n<div class=\"gizmo-bot-avatar flex h-8 w-8 items-center justify-center overflow-hidden rounded-full\">\n<div class=\"relative p-1 rounded-sm flex items-center justify-center bg-token-main-surface-primary text-token-text-primary h-8 w-8\">\n<p>Dobrodo\u0161li v Rmvapesale, va\u0161i zaupanja vredni trgovini za vrhunske e-cigarete za enkratno uporabo. Z ve\u010d kot 5-letnimi izku\u0161njami vam ponujamo priljubljene znamke e-cigaret za enkratno uporabo, kot so Al Fakher, <a href=\"https:\/\/rmvapesale.com\/sl\/product\/vapme-crystal-7000-puffs-rechargeable-disposable-vape-price\/\">Vapme<\/a>, <a href=\"https:\/\/rmvapesale.com\/sl\/product-category\/bang-vapes\/\">Bang Vape<\/a>, Waspe, <a href=\"https:\/\/rmvapesale.com\/sl\/product\/wga-crystal-pro-max-extra-15k-puffs-disposable-vape-wholesale\/\">WGA<\/a> Vape in<a href=\"https:\/\/rmvapesale.com\/sl\/product-category\/randm-fumot-vape\/\"> RandM Vape<\/a>.<\/p>\n<p>Na\u0161a ponudba vklju\u010duje priljubljene e-cigarete, kot je <a href=\"https:\/\/rmvapesale.com\/sl\/product\/fumot-digital-box-12000-disposable-vape-pink-lemonade-flavor\/\">RandM 12000<\/a> in okusne izbire, kot je <a href=\"https:\/\/rmvapesale.com\/sl\/product\/elfbar-combo-25000-puffs-rechargeable-disposable-vape-wholesale\/\">ELFBAR Combo 25000 Puff<\/a>Vsak izdelek je izbran s poudarkom na kakovosti, vrednosti in raznolikosti, kar vam zagotavlja, da boste na\u0161li popolno ujemanje za svoje potrebe. Odkrijte izjemno storitev in \u0161iroko paleto vrhunskih izdelkov pri Rmvapesale.<\/p>\n<\/div>\n<h3><\/h3>\n<div class=\"relative p-1 rounded-sm flex items-center justify-center bg-token-main-surface-primary text-token-text-primary h-8 w-8\">\n<h3><b>Fumot 12000 vdihov ponovno polnljiva enkratna vape FAQS<\/b><\/h3>\n<p><strong>Kje kupiti Fumot 12000 digitalno \u0161katlo vape?<\/strong><br \/>\nZa najbolj\u0161e ponudbe na Fumot 12000 Puffs RandM Disposable Vape, vklju\u010dno z veleprodajnimi cenami, obi\u0161\u010dite spletno trgovino Rmvapesale.<\/p>\n<p><strong>Kateri so priljubljeni okusi za Fumot 12000 disposable vape?<\/strong><br \/>\nPriljubljeni okusi vklju\u010dujejo Modro borovnico z \u017eve\u010dilnim gumijem, Jagodo z lubenico, Lush Ice, Grape Ice in Cool Mint.<\/p>\n<p><strong>Kako vem, kdaj je moj Fumot Vape 12000 Puffs pametni vape prazen?<\/strong><br \/>\nLED zaslon bo prikazal nizke ravni e-tekline in baterije, kar bo pokazalo, kdaj je \u010das za polnjenje ali zamenjavo vape-a.<\/p>\n<p><strong>Koliko \u010dasa traja polnjenje RandM 12000 Rechargeable Vape?<\/strong><br \/>\nObi\u010dajno traja pribli\u017eno 1-2 uri, da se popolnoma napolni z uporabo polnilnika Type-C.<\/p>\n<p><strong>Koliko nikotina je v Fumot RandM 12000 Disposable Vape?<\/strong><br \/>\nNaprava je na voljo v mo\u017enostih nikotina 2% (20 mg) in 5% (50 mg).<\/p>\n<p><strong>Kje kupiti RandM 12k puff vape po veleprodajni ceni?<\/strong><br \/>\nRmvapesale spletna trgovina z vape izdelki ponuja veleprodajne cene za RandM 12000 Puffs vape.<\/p>\n<p><strong>Can I bring a disposable vape on a plane?<\/strong><br \/>\nDa, enkratne vape so dovoljene v ro\u010dni prtljagi, vendar morajo slediti predpisom letalske dru\u017ebe glede litijevih baterij.<\/p>\n<p><strong>Koliko potiskov zagotavlja RandM Fumot 12k Vape?<\/strong><br \/>\nRandM Fumot 12000 ponuja do 12.000 potiskov na napravo.<\/p>\n<p><strong>Koliko \u010dasa traja popolno polnjenje vape RandM Tornado 12000?<\/strong><br \/>\nZa popolno polnjenje vape RandM Tornado 12000 s pomo\u010djo polnilnika USB Type-C traja pribli\u017eno 1-2 uri.<\/p>\n<\/div>\n<div class=\"mb-2 flex gap-3 empty:hidden -ml-2\"><\/div>\n<p>&nbsp;<\/p>\n<\/div>\n<\/div>\n<\/div>\n<h3>O po\u0161iljanju<\/h3>\n<div class=\"flex-shrink-0 flex flex-col relative items-end\">\n<div>\n<div class=\"pt-0\">\n<div class=\"gizmo-bot-avatar flex h-8 w-8 items-center justify-center overflow-hidden rounded-full\">\n<div><\/div>\n<div class=\"relative p-1 rounded-sm flex items-center justify-center bg-token-main-surface-primary text-token-text-primary h-8 w-8\"><strong>1. Katere metode po\u0161iljanja se uporabljajo?<\/strong><\/div>\n<\/div>\n<\/div>\n<\/div>\n<\/div>\n<div class=\"group\/conversation-turn relative flex w-full min-w-0 flex-col agent-turn\">\n<div class=\"flex-col gap-1 md:gap-3\">\n<div class=\"flex max-w-full flex-col flex-grow\">\n<div class=\"min-h-[20px] text-message flex w-full flex-col items-end gap-2 whitespace-normal break-words [.text-message+&amp;]:mt-5 overflow-x-auto\" dir=\"auto\" data-message-author-role=\"assistant\" data-message-id=\"22f8283b-3233-46ff-89a5-c7a41b33abda\">\n<div class=\"flex w-full flex-col gap-1 empty:hidden first:pt-[3px]\">\n<div class=\"markdown prose w-full break-words dark:prose-invert light\">\n<p>Sodelujemo z UPS, DHL, FedEx, DPD in drugimi vodilnimi prevozniki. Izbrali bomo najbolj\u0161i na\u010din po\u0161iljanja glede na va\u0161o lokacijo dostave, da zagotovimo, da boste izdelke prejeli \u010dim hitreje.<\/p>\n<\/div>\n<p><strong>2. Kako dolgo traja, da prispe?<\/strong><\/p>\n<p>Paketi, poslani v Slovenijo, obi\u010dajno prispejo v 10 delovnih dneh. Po\u0161iljanje v evropske dr\u017eave obi\u010dajno traja pribli\u017eno 12-15 delovnih dni. Zagotovili vam bomo sprotne posodobitve o statusu va\u0161ega po\u0161iljanja.<\/p>\n<\/div>\n<\/div>\n<\/div>\n<\/div>\n<\/div>\n<p>&nbsp;<\/p>\n<p>Poi\u0161\u010di ve\u010d izdelkov Vape, ki so ti morda v\u0161e\u010d:<strong><em><a href=\"https:\/\/rmvapesale.com\/sl\/shop-2\/\">nakupuj zdaj &gt;&gt;&gt;<\/a><\/em><\/strong><\/p>","protected":false},"excerpt":{"rendered":"<p>Fumot RandM 12000 vdihov Digitalna \u0161katla enkratna vape<br \/>\nFumot 12000 ponovno polnljiva enkratna vape na veleprodajno ceno<br \/>\nRandM Vape Fumot 12000 nizka nikotinska enkratna vape 2%<\/p>\n<p><img loading=\"lazy\" decoding=\"async\" class=\"size-full wp-image-2375\" src=\"https:\/\/rmvapesale.com\/wp-content\/uploads\/2024\/10\/image.png\" alt=\"Najbolj\u0161i Vape za enkratno uporabo\" width=\"229\" height=\"300\" \/><\/p>\n<h3><a href=\"https:\/\/wa.me\/8617776015835\"><span style=\"color: #ff0000\"><strong>WhatsApp: +86 17776015835<\/strong><\/span><\/a><\/h3>\n<p>&nbsp;<\/p>","protected":false},"featured_media":2733,"comment_status":"open","ping_status":"closed","template":"","meta":{"_uag_custom_page_level_css":"","_lmt_disableupdate":"no","_lmt_disable":"","site-sidebar-layout":"default","site-content-layout":"content-boxed-container","ast-site-content-layout":"normal-width-container","site-content-style":"boxed","site-sidebar-style":"unboxed","ast-global-header-display":"","ast-banner-title-visibility":"","ast-main-header-display":"","ast-hfb-above-header-display":"","ast-hfb-below-header-display":"","ast-hfb-mobile-header-display":"","site-post-title":"","ast-breadcrumbs-content":"","ast-featured-img":"","footer-sml-layout":"","ast-disable-related-posts":"","theme-transparent-header-meta":"default","adv-header-id-meta":"","stick-header-meta":"","header-above-stick-meta":"","header-main-stick-meta":"","header-below-stick-meta":"","astra-migrate-meta-layouts":"set","ast-page-background-enabled":"default","ast-page-background-meta":{"desktop":{"background-color":"var(--ast-global-color-4)","background-image":"","background-repeat":"repeat","background-position":"center center","background-size":"auto","background-attachment":"scroll","background-type":"","background-media":"","overlay-type":"","overlay-color":"","overlay-opacity":"","overlay-gradient":""},"tablet":{"background-color":"","background-image":"","background-repeat":"repeat","background-position":"center center","background-size":"auto","background-attachment":"scroll","background-type":"","background-media":"","overlay-type":"","overlay-color":"","overlay-opacity":"","overlay-gradient":""},"mobile":{"background-color":"","background-image":"","background-repeat":"repeat","background-position":"center center","background-size":"auto","background-attachment":"scroll","background-type":"","background-media":"","overlay-type":"","overlay-color":"","overlay-opacity":"","overlay-gradient":""}},"ast-content-background-meta":{"desktop":{"background-color":"var(--ast-global-color-5)","background-image":"","background-repeat":"repeat","background-position":"center center","background-size":"auto","background-attachment":"scroll","background-type":"","background-media":"","overlay-type":"","overlay-color":"","overlay-opacity":"","overlay-gradient":""},"tablet":{"background-color":"var(--ast-global-color-5)","background-image":"","background-repeat":"repeat","background-position":"center center","background-size":"auto","background-attachment":"scroll","background-type":"","background-media":"","overlay-type":"","overlay-color":"","overlay-opacity":"","overlay-gradient":""},"mobile":{"background-color":"var(--ast-global-color-5)","background-image":"","background-repeat":"repeat","background-position":"center center","background-size":"auto","background-attachment":"scroll","background-type":"","background-media":"","overlay-type":"","overlay-color":"","overlay-opacity":"","overlay-gradient":""}},"_joinchat":[]},"product_brand":[],"product_cat":[15,27,51,25,123,30,26,28,31,137,136,135],"product_tag":[212,214,39,213,38],"class_list":{"0":"post-2729","1":"product","2":"type-product","3":"status-publish","4":"has-post-thumbnail","6":"product_cat-new-vape-this-week","7":"product_cat-fance-hot-sale-vape","8":"product_cat-fumot-vape","9":"product_cat-germany-best-selling-vape","10":"product_cat-italy-wholesale-vape","11":"product_cat-minimum-order-quantity-50pcs","12":"product_cat-netherlands-hot-sale-vape","13":"product_cat-poland-hot-sale-vape","14":"product_cat-randm-fumot-vape","15":"product_cat-rechargeable-vapes","16":"product_cat-smart-screen-vapes","17":"product_cat-spain-best-hot-sale-vape","18":"product_tag-fumot-12000","19":"product_tag-fumot-12k","20":"product_tag-fumot-vape","21":"product_tag-randm-12000","22":"product_tag-randm-vape","23":"desktop-align-left","24":"tablet-align-left","25":"mobile-align-left","27":"first","28":"instock","29":"sale","30":"shipping-taxable","31":"purchasable","32":"product-type-simple"},"uagb_featured_image_src":{"full":["https:\/\/rmvapesale.com\/wp-content\/uploads\/2024\/11\/RandM-Vape-12000-Puffs-Disposable-Vape-Cheap-Price.jpg",800,800,false],"thumbnail":["https:\/\/rmvapesale.com\/wp-content\/uploads\/2024\/11\/RandM-Vape-12000-Puffs-Disposable-Vape-Cheap-Price-150x150.jpg",150,150,true],"medium":["https:\/\/rmvapesale.com\/wp-content\/uploads\/2024\/11\/RandM-Vape-12000-Puffs-Disposable-Vape-Cheap-Price-300x300.jpg",300,300,true],"medium_large":["https:\/\/rmvapesale.com\/wp-content\/uploads\/2024\/11\/RandM-Vape-12000-Puffs-Disposable-Vape-Cheap-Price-768x768.jpg",768,768,true],"large":["https:\/\/rmvapesale.com\/wp-content\/uploads\/2024\/11\/RandM-Vape-12000-Puffs-Disposable-Vape-Cheap-Price.jpg",800,800,false],"1536x1536":["https:\/\/rmvapesale.com\/wp-content\/uploads\/2024\/11\/RandM-Vape-12000-Puffs-Disposable-Vape-Cheap-Price.jpg",800,800,false],"2048x2048":["https:\/\/rmvapesale.com\/wp-content\/uploads\/2024\/11\/RandM-Vape-12000-Puffs-Disposable-Vape-Cheap-Price.jpg",800,800,false],"trp-custom-language-flag":["https:\/\/rmvapesale.com\/wp-content\/uploads\/2024\/11\/RandM-Vape-12000-Puffs-Disposable-Vape-Cheap-Price.jpg",12,12,false],"woocommerce_thumbnail":["https:\/\/rmvapesale.com\/wp-content\/uploads\/2024\/11\/RandM-Vape-12000-Puffs-Disposable-Vape-Cheap-Price-300x300.jpg",300,300,true],"woocommerce_single":["https:\/\/rmvapesale.com\/wp-content\/uploads\/2024\/11\/RandM-Vape-12000-Puffs-Disposable-Vape-Cheap-Price-600x600.jpg",600,600,true],"woocommerce_gallery_thumbnail":["https:\/\/rmvapesale.com\/wp-content\/uploads\/2024\/11\/RandM-Vape-12000-Puffs-Disposable-Vape-Cheap-Price-100x100.jpg",100,100,true],"wcpr-photo-reviews":["https:\/\/rmvapesale.com\/wp-content\/uploads\/2024\/11\/RandM-Vape-12000-Puffs-Disposable-Vape-Cheap-Price.jpg",500,500,false]},"uagb_author_info":{"display_name":"AMY","author_link":"https:\/\/rmvapesale.com\/sl\/author\/"},"uagb_comment_info":0,"uagb_excerpt":"Fumot RandM 12000 Puffs Digital Box Disposable Vape Fumot 12000 Rechargeable Disposable Vape Wholesale Price RandM Vape Fumot 12000 Low Nicotine Disposable Vape 2% WhatsApp: +86 17776015835 &nbsp;","_links":{"self":[{"href":"https:\/\/rmvapesale.com\/sl\/wp-json\/wp\/v2\/product\/2729","targetHints":{"allow":["GET"]}}],"collection":[{"href":"https:\/\/rmvapesale.com\/sl\/wp-json\/wp\/v2\/product"}],"about":[{"href":"https:\/\/rmvapesale.com\/sl\/wp-json\/wp\/v2\/types\/product"}],"replies":[{"embeddable":true,"href":"https:\/\/rmvapesale.com\/sl\/wp-json\/wp\/v2\/comments?post=2729"}],"wp:featuredmedia":[{"embeddable":true,"href":"https:\/\/rmvapesale.com\/sl\/wp-json\/wp\/v2\/media\/2733"}],"wp:attachment":[{"href":"https:\/\/rmvapesale.com\/sl\/wp-json\/wp\/v2\/media?parent=2729"}],"wp:term":[{"taxonomy":"product_brand","embeddable":true,"href":"https:\/\/rmvapesale.com\/sl\/wp-json\/wp\/v2\/product_brand?post=2729"},{"taxonomy":"product_cat","embeddable":true,"href":"https:\/\/rmvapesale.com\/sl\/wp-json\/wp\/v2\/product_cat?post=2729"},{"taxonomy":"product_tag","embeddable":true,"href":"https:\/\/rmvapesale.com\/sl\/wp-json\/wp\/v2\/product_tag?post=2729"}],"curies":[{"name":"wp","href":"https:\/\/api.w.org\/{rel}","templated":true}]}}