{"id":2736,"date":"2024-11-15T03:15:27","date_gmt":"2024-11-15T03:15:27","guid":{"rendered":"https:\/\/rmvapesale.com\/?post_type=product&#038;p=2736"},"modified":"2024-11-15T06:57:59","modified_gmt":"2024-11-15T06:57:59","slug":"fumot-randm-digital-box-12000-puffs-disposable-vape-vimot-flavor-bulk-buy-2-5-nicotine","status":"publish","type":"product","link":"https:\/\/rmvapesale.com\/sl\/product\/fumot-randm-digital-box-12000-puffs-disposable-vape-vimot-flavor-bulk-buy-2-5-nicotine\/","title":{"rendered":"Fumot RandM Digital Box 12000 Vpihov Vape za Enkratno Uporabo Vimot Okus Nakup v Razsutem Stanju 2% 5% Nikotin"},"content":{"rendered":"<div class=\"B2VR9 CJHX3e\">\n<div class=\"wyccme\">\n<h1 class=\"LC20lb MBeuO DKV0Md\">Fumot RandM Digital Box 12000 Vpihov Vape za Enkratno Uporabo Vimot Okus Nakup v Razsutem Stanju 2% 5% Nikotin<\/h1>\n<div class=\"flex-shrink-0 flex flex-col relative items-end\">\n<div class=\"pt-0\">\n<div class=\"gizmo-bot-avatar flex h-8 w-8 items-center justify-center overflow-hidden rounded-full\">\n<div class=\"relative p-1 rounded-sm flex items-center justify-center bg-token-main-surface-primary text-token-text-primary h-8 w-8\">\n<p>Digitalna \u0161katla Fumot Randm 12000 vdihov enkratna vape, zasnovana za tiste, ki i\u0161\u010dejo dolgo trajajo\u010do zmogljivost in \u017eivahno izku\u0161njo vapinga. Ta RandM vape ima impresivno kapaciteto 20 ml e-juica, kar omogo\u010da do 12.000 vdihov na napravo, zaradi \u010desar je idealen za dalj\u0161o uporabo. Na voljo v nikotinskih mo\u010deh 2% in 5%, zadovoljuje razli\u010dne preference, ne glede na to, ali i\u0161\u010dete mo\u010dan udarec ali bla\u017ejo mo\u017enost. Ta Fumot 12000 opremljen z digitalnim prikazovalnikom, ki vam omogo\u010da spremljanje ravni e-tekline in baterije, tako da nikoli ne boste ostali nepripravljeni. Udoben polnilni vhod Type-C skupaj z 850mAh ponovno polnljivo baterijo zagotavlja hitro in u\u010dinkovito polnjenje, da boste lahko nadaljevali.<\/p>\n<p>Digitalna \u0161katla Randm 12000 vdihov enkratna vape v okusu Vimot prina\u0161a odlo\u010den okus in mo\u010dne oblake, popolne za celodnevno vapovanje. Z robustno konstrukcijo in elegantnim dizajnom se ta RandM 12000 vape udobno prilega v va\u0161o roko in \u017eep. Ne glede na to, ali ste prilo\u017enostni vaporer ali ljubitelj udobja enkratnih naprav, Fumot 12k ponuja zadovoljivo, enostavno uporabo za visokokakovostno vapovanje. Na voljo so mo\u017enosti nakupa na debelo pri Rmvapesale, kar jo naredi odli\u010dno izbiro za veleprodajne kupce, ki \u017eelijo zadovoljiti visoko povpra\u0161evanje z zanesljivo, okusno in u\u010dinkovito vape napravo po veleprodajni ceni.<\/p>\n<p>&nbsp;<\/p>\n<\/div>\n<\/div>\n<\/div>\n<\/div>\n<\/div>\n<\/div>\n<p><strong>Kontaktirajte Amy, da dobite pravi odgovor in kupon za vape!<\/strong><\/p>\n<p><img loading=\"lazy\" decoding=\"async\" class=\"size-full wp-image-1978\" src=\"https:\/\/rmvapesale.com\/wp-content\/uploads\/2024\/09\/Disposable-Vape-Wholesale.jpg\" alt=\"Vape za enkratno uporabo na debelo\" width=\"229\" height=\"300\" \/><\/p>\n<h3><a href=\"https:\/\/wa.me\/8617776015835\" target=\"_blank\" rel=\"noopener\"><span style=\"color: #ff0000\"><strong>WhatsApp: +86 17776015835<\/strong><\/span><\/a><\/h3>\n<p>&nbsp;<\/p>\n<h2><\/h2>\n<h2><strong>Klju\u010dne lastnosti Randm 12000 vdihov<\/strong><\/h2>\n<ul>\n<li>Dolgotrajnih 12.000 vdihov z 20 ml e-juica<\/li>\n<li>Polnilna 850 mAh baterija z vrati Type-C<\/li>\n<li>Digitalni prikazovalnik za stanje e-tekline in baterije<\/li>\n<li>Na voljo v mo\u017enostih nikotina 0%, 2%, 3% in 5%<\/li>\n<li>Mo\u017enosti nakupa na debelo za veleprodajo<\/li>\n<\/ul>\n<p>&nbsp;<\/p>\n<h2><strong>Najbolj\u0161a aroma za Fumot 12000 vdihov<\/strong><\/h2>\n<p>1 Hladna meta <span style=\"color: #ff0000\"><strong>&gt;&gt;&gt;&gt; Vro\u010de!<\/strong><\/span><br \/>\n2 Lubenica z ledom<br \/>\n3 Grozdje led<br \/>\n4 Borovnica malina <span style=\"color: #ff0000\"><strong>&gt;&gt;&gt;&gt; Vro\u010de!<\/strong><\/span><br \/>\n5 Jagoda lubenica<br \/>\n6 Jagoda banana<br \/>\n7 So\u010dno led<br \/>\n8 \u010ce\u0161nja<br \/>\n9 Jagoda led<br \/>\n10 Ledeni lizika<br \/>\n11 Ro\u017enata limonada <span style=\"color: #ff0000\"><strong>&gt;&gt;&gt;&gt; Vro\u010de!<\/strong><\/span><br \/>\n12 Mango na ledu<br \/>\n13 Me\u0161ano jagodi\u010devje<br \/>\n14 Jagodna krof<br \/>\n15 Jagoda grozdje<br \/>\n16 \u010ce\u0161nja kola<br \/>\n17 Dr. modri<br \/>\n18 Borovnica na ledu <span style=\"color: #ff0000\"><strong>&gt;&gt;&gt;&gt; Vro\u010de!<\/strong><\/span><br \/>\n19 Kivi pasijonka guava<br \/>\n20 Jagoda kivi<br \/>\n21 Breskev mango<br \/>\n22 Breskev led<br \/>\n23 Rde\u010de jabolko led<br \/>\n24 Borovni\u010deva \u017eve\u010dilna <span style=\"color: #ff0000\"><strong>&gt;&gt;&gt;&gt; Najbolj\u0161e!<\/strong><\/span><br \/>\n25 Jagodna limonada<br \/>\n26 Limonada iz modrih malin<br \/>\n27 Kisla modra malina<br \/>\n28 Jagodni Red bull<br \/>\n29 Jabol\u010dna jagodna eksplozija<br \/>\n30 Lubeni\u010din \u017eve\u010dilni gumi<br \/>\n31 Malina lubenica<br \/>\n32 \u010crni led<br \/>\n33 Borovnica, \u010de\u0161nja, brusnica<br \/>\n34 Jagodni \u0161mink (granatno jabolko)<br \/>\n35 Vimto<br \/>\n36 \u010ce\u0161nja, jagoda<br \/>\n37 Limona<br \/>\n38 Bingo Crush<br \/>\n39 Borovnica, kivi<br \/>\n40 Jabolko, cimet<\/p>\n<h3><\/h3>\n<h3><strong>Zakaj izbrati Rmvapesale za RandM Digital Box 12000 <\/strong><strong>V<\/strong><strong>Veleprodaja vejpanja<\/strong><strong>?<\/strong><\/h3>\n<div class=\"flex-shrink-0 flex flex-col relative items-end\">\n<div class=\"pt-0\">\n<div class=\"gizmo-bot-avatar flex h-8 w-8 items-center justify-center overflow-hidden rounded-full\">\n<div class=\"relative p-1 rounded-sm flex items-center justify-center bg-token-main-surface-primary text-token-text-primary h-8 w-8\">\n<p>Dobrodo\u0161li v Rmvapesale, va\u0161i zaupanja vredni trgovini za vrhunske e-cigarete za enkratno uporabo. Z ve\u010d kot 5-letnimi izku\u0161njami vam ponujamo priljubljene znamke e-cigaret za enkratno uporabo, kot so Al Fakher, <a href=\"https:\/\/rmvapesale.com\/sl\/product\/vapme-crystal-7000-puffs-rechargeable-disposable-vape-price\/\">Vapme<\/a>, <a href=\"https:\/\/rmvapesale.com\/sl\/product-category\/bang-vapes\/\">Bang Vape<\/a>, Waspe, <a href=\"https:\/\/rmvapesale.com\/sl\/product\/wga-crystal-pro-max-extra-15k-puffs-disposable-vape-wholesale\/\">WGA<\/a> Vape in<a href=\"https:\/\/rmvapesale.com\/sl\/product-category\/randm-fumot-vape\/\"> RandM Vape<\/a>.<\/p>\n<p>Na\u0161a ponudba vklju\u010duje priljubljene e-cigarete, kot je <a href=\"https:\/\/rmvapesale.com\/sl\/product\/fumot-digital-box-12000-disposable-vape-pink-lemonade-flavor\/\">RandM 12000<\/a> in okusne izbire, kot je <a href=\"https:\/\/rmvapesale.com\/sl\/product\/wga-crystal-pro-max-extra-15k-puffs-disposable-vape-wholesale\/\">WGA 15K<\/a>Vsak izdelek je izbran s poudarkom na kakovosti, vrednosti in raznolikosti, kar vam zagotavlja, da boste na\u0161li popolno ujemanje za svoje potrebe. Odkrijte izjemno storitev in \u0161iroko paleto vrhunskih izdelkov pri Rmvapesale.<\/p>\n<\/div>\n<h3><\/h3>\n<div class=\"relative p-1 rounded-sm flex items-center justify-center bg-token-main-surface-primary text-token-text-primary h-8 w-8\">\n<h3><b>Fumot 12000 vdihov ponovno polnljiva enkratna vape FAQS<\/b><\/h3>\n<div class=\"flex-shrink-0 flex flex-col relative items-end\">\n<div>\n<div class=\"pt-0\">\n<div class=\"gizmo-bot-avatar flex h-8 w-8 items-center justify-center overflow-hidden rounded-full\">\n<div class=\"relative p-1 rounded-sm flex items-center justify-center bg-token-main-surface-primary text-token-text-primary h-8 w-8\"><\/div>\n<\/div>\n<\/div>\n<\/div>\n<\/div>\n<div class=\"group\/conversation-turn relative flex w-full min-w-0 flex-col agent-turn\">\n<div class=\"flex-col gap-1 md:gap-3\">\n<div class=\"flex max-w-full flex-col flex-grow\">\n<div class=\"min-h-8 text-message flex w-full flex-col items-end gap-2 whitespace-normal break-words [.text-message+&amp;]:mt-5\" dir=\"auto\" data-message-author-role=\"assistant\" data-message-id=\"00c9b302-bc9c-4550-94ba-5a295efa2be3\" data-message-model-slug=\"gpt-4o\">\n<div class=\"flex w-full flex-col gap-1 empty:hidden first:pt-[3px]\">\n<div class=\"markdown prose w-full break-words dark:prose-invert light\">\n<ol>\n<li><strong>Koliko vdihov zagotavlja Fumot 12000 Digitalna \u0161katla vape?<\/strong><br \/>\nFumot 12000 Digitalna \u0161katla vape zagotavlja do 12.000 vdihov.<\/li>\n<li><strong>Katera je priljubljena arome za RandM 12000 enkratno vape?<\/strong><br \/>\nPriljubljene arome za RandM 12000 enkratno vape so zelo raznolike, vendar so sadne me\u0161anice, meta in sladice pogosto med najljub\u0161imi uporabnikov.<\/li>\n<li><strong>Kako vem, kdaj je moja polnilna elektronska cigareta Fumot Vape 12000 prazna?<\/strong><br \/>\nFumot 12000 Digitalna \u0161katla vape ima digitalni prikazovalnik, ki prikazuje raven e-tekline. Ko je indikator ravni e-tekline nizek ali prazen, je \u010das za zamenjavo naprave ali polnjenje, \u010de je model z mo\u017enostjo polnjenja.<\/li>\n<li><strong>Koliko nikotina vsebuje Fumot Digitalna \u0161katla 12000 enkratna vape?<\/strong><br \/>\nFumot Digitalna \u0161katla 12000 enkratna vape ponuja nikotinske mo\u010di 0%, 2%, 3% in 5%, kar uporabnikom omogo\u010da izbiro glede na njihove preference.<\/li>\n<li><strong>Kako dolgo traja, da se vape Fumot 12000 box popolnoma napolni?<\/strong><br \/>\nZ 850mAh ponovno polnljivo baterijo in vhodom Type-C, Fumot 12000 vape obi\u010dajno potrebuje pribli\u017eno 1-2 uri za popolno polnitev, odvisno od vira napajanja.<\/li>\n<li><strong>Kje kupiti RandM Digitalna \u0161katla 12000 vdihov vape po veleprodajni ceni?<\/strong><br \/>\nLahko kupite RandM Digital Box 12000 vapov s penastimi napravami po veleprodajnih cenah na <a href=\"https:\/\/rmvapesale.com\/sl\/\" target=\"_new\" rel=\"noopener\">Rmvapesale<\/a>, spletni trgovini z vapami, znani po veleprodajnih zalogah vape izdelkov.<\/li>\n<li><strong>Can I bring a disposable vape on a plane?<\/strong><br \/>\nDa, lahko na letalo vzamete enkratno vapno, vendar mora biti shranjeno v va\u0161i ro\u010dni prtljagi. Vendar preverite politiko letalske dru\u017ebe, saj se lahko omejitve razlikujejo.<\/li>\n<\/ol>\n<\/div>\n<\/div>\n<\/div>\n<\/div>\n<\/div>\n<\/div>\n<\/div>\n<div class=\"mb-2 flex gap-3 empty:hidden -ml-2\"><\/div>\n<p>&nbsp;<\/p>\n<\/div>\n<\/div>\n<\/div>\n<h3>O po\u0161iljanju<\/h3>\n<div class=\"flex-shrink-0 flex flex-col relative items-end\">\n<div>\n<div class=\"pt-0\">\n<div class=\"gizmo-bot-avatar flex h-8 w-8 items-center justify-center overflow-hidden rounded-full\">\n<div><\/div>\n<div class=\"relative p-1 rounded-sm flex items-center justify-center bg-token-main-surface-primary text-token-text-primary h-8 w-8\"><strong>1. Katere metode po\u0161iljanja se uporabljajo?<\/strong><\/div>\n<\/div>\n<\/div>\n<\/div>\n<\/div>\n<div class=\"group\/conversation-turn relative flex w-full min-w-0 flex-col agent-turn\">\n<div class=\"flex-col gap-1 md:gap-3\">\n<div class=\"flex max-w-full flex-col flex-grow\">\n<div class=\"min-h-[20px] text-message flex w-full flex-col items-end gap-2 whitespace-normal break-words [.text-message+&amp;]:mt-5 overflow-x-auto\" dir=\"auto\" data-message-author-role=\"assistant\" data-message-id=\"22f8283b-3233-46ff-89a5-c7a41b33abda\">\n<div class=\"flex w-full flex-col gap-1 empty:hidden first:pt-[3px]\">\n<div class=\"markdown prose w-full break-words dark:prose-invert light\">\n<p>Sodelujemo z UPS, DHL, FedEx, DPD in drugimi vodilnimi prevozniki. Izbrali bomo najbolj\u0161i na\u010din po\u0161iljanja glede na va\u0161o lokacijo dostave, da zagotovimo, da boste izdelke prejeli \u010dim hitreje.<\/p>\n<\/div>\n<p><strong>2. Kako dolgo traja, da prispe?<\/strong><\/p>\n<p>Paketi, poslani v Slovenijo, obi\u010dajno prispejo v 10 delovnih dneh. Po\u0161iljanje v evropske dr\u017eave obi\u010dajno traja pribli\u017eno 12-15 delovnih dni. Zagotovili vam bomo sprotne posodobitve o statusu va\u0161ega po\u0161iljanja.<\/p>\n<\/div>\n<\/div>\n<\/div>\n<\/div>\n<\/div>\n<p>&nbsp;<\/p>\n<p>Poi\u0161\u010di ve\u010d izdelkov Vape, ki so ti morda v\u0161e\u010d:<strong><em><a href=\"https:\/\/rmvapesale.com\/sl\/shop-2\/\">nakupuj zdaj &gt;&gt;&gt;<\/a><\/em><\/strong><\/p>","protected":false},"excerpt":{"rendered":"<p>Fumot RandM 12000 vdihov Digitalna \u0161katla enkratna vape<br \/>\nFumot 12000 ponovno polnljiva enkratna vape na veleprodajno ceno<br \/>\nRandM Vape Fumot 12000 nizka nikotinska enkratna vape 2%<\/p>\n<p><img loading=\"lazy\" decoding=\"async\" class=\"size-full wp-image-2375\" src=\"https:\/\/rmvapesale.com\/wp-content\/uploads\/2024\/10\/image.png\" alt=\"Najbolj\u0161i Vape za enkratno uporabo\" width=\"229\" height=\"300\" \/><\/p>\n<h3><a href=\"https:\/\/wa.me\/8617776015835\"><span style=\"color: #ff0000\"><strong>WhatsApp: +86 17776015835<\/strong><\/span><\/a><\/h3>\n<p>&nbsp;<\/p>","protected":false},"featured_media":2732,"comment_status":"open","ping_status":"closed","template":"","meta":{"_uag_custom_page_level_css":"","_lmt_disableupdate":"no","_lmt_disable":"","site-sidebar-layout":"default","site-content-layout":"content-boxed-container","ast-site-content-layout":"normal-width-container","site-content-style":"boxed","site-sidebar-style":"unboxed","ast-global-header-display":"","ast-banner-title-visibility":"","ast-main-header-display":"","ast-hfb-above-header-display":"","ast-hfb-below-header-display":"","ast-hfb-mobile-header-display":"","site-post-title":"","ast-breadcrumbs-content":"","ast-featured-img":"","footer-sml-layout":"","ast-disable-related-posts":"","theme-transparent-header-meta":"default","adv-header-id-meta":"","stick-header-meta":"","header-above-stick-meta":"","header-main-stick-meta":"","header-below-stick-meta":"","astra-migrate-meta-layouts":"set","ast-page-background-enabled":"default","ast-page-background-meta":{"desktop":{"background-color":"var(--ast-global-color-4)","background-image":"","background-repeat":"repeat","background-position":"center center","background-size":"auto","background-attachment":"scroll","background-type":"","background-media":"","overlay-type":"","overlay-color":"","overlay-opacity":"","overlay-gradient":""},"tablet":{"background-color":"","background-image":"","background-repeat":"repeat","background-position":"center center","background-size":"auto","background-attachment":"scroll","background-type":"","background-media":"","overlay-type":"","overlay-color":"","overlay-opacity":"","overlay-gradient":""},"mobile":{"background-color":"","background-image":"","background-repeat":"repeat","background-position":"center center","background-size":"auto","background-attachment":"scroll","background-type":"","background-media":"","overlay-type":"","overlay-color":"","overlay-opacity":"","overlay-gradient":""}},"ast-content-background-meta":{"desktop":{"background-color":"var(--ast-global-color-5)","background-image":"","background-repeat":"repeat","background-position":"center center","background-size":"auto","background-attachment":"scroll","background-type":"","background-media":"","overlay-type":"","overlay-color":"","overlay-opacity":"","overlay-gradient":""},"tablet":{"background-color":"var(--ast-global-color-5)","background-image":"","background-repeat":"repeat","background-position":"center center","background-size":"auto","background-attachment":"scroll","background-type":"","background-media":"","overlay-type":"","overlay-color":"","overlay-opacity":"","overlay-gradient":""},"mobile":{"background-color":"var(--ast-global-color-5)","background-image":"","background-repeat":"repeat","background-position":"center center","background-size":"auto","background-attachment":"scroll","background-type":"","background-media":"","overlay-type":"","overlay-color":"","overlay-opacity":"","overlay-gradient":""}},"_joinchat":[]},"product_brand":[],"product_cat":[15,27,51,25,123,30,26,28,31,137,136,135],"product_tag":[212,214,39,213,38],"class_list":{"0":"post-2736","1":"product","2":"type-product","3":"status-publish","4":"has-post-thumbnail","6":"product_cat-new-vape-this-week","7":"product_cat-fance-hot-sale-vape","8":"product_cat-fumot-vape","9":"product_cat-germany-best-selling-vape","10":"product_cat-italy-wholesale-vape","11":"product_cat-minimum-order-quantity-50pcs","12":"product_cat-netherlands-hot-sale-vape","13":"product_cat-poland-hot-sale-vape","14":"product_cat-randm-fumot-vape","15":"product_cat-rechargeable-vapes","16":"product_cat-smart-screen-vapes","17":"product_cat-spain-best-hot-sale-vape","18":"product_tag-fumot-12000","19":"product_tag-fumot-12k","20":"product_tag-fumot-vape","21":"product_tag-randm-12000","22":"product_tag-randm-vape","23":"desktop-align-left","24":"tablet-align-left","25":"mobile-align-left","27":"first","28":"instock","29":"sale","30":"shipping-taxable","31":"purchasable","32":"product-type-simple"},"uagb_featured_image_src":{"full":["https:\/\/rmvapesale.com\/wp-content\/uploads\/2024\/11\/RandM-Digital-12000-Puffs-Disposable-Vape-Wholesale.jpg",800,800,false],"thumbnail":["https:\/\/rmvapesale.com\/wp-content\/uploads\/2024\/11\/RandM-Digital-12000-Puffs-Disposable-Vape-Wholesale-150x150.jpg",150,150,true],"medium":["https:\/\/rmvapesale.com\/wp-content\/uploads\/2024\/11\/RandM-Digital-12000-Puffs-Disposable-Vape-Wholesale-300x300.jpg",300,300,true],"medium_large":["https:\/\/rmvapesale.com\/wp-content\/uploads\/2024\/11\/RandM-Digital-12000-Puffs-Disposable-Vape-Wholesale-768x768.jpg",768,768,true],"large":["https:\/\/rmvapesale.com\/wp-content\/uploads\/2024\/11\/RandM-Digital-12000-Puffs-Disposable-Vape-Wholesale.jpg",800,800,false],"1536x1536":["https:\/\/rmvapesale.com\/wp-content\/uploads\/2024\/11\/RandM-Digital-12000-Puffs-Disposable-Vape-Wholesale.jpg",800,800,false],"2048x2048":["https:\/\/rmvapesale.com\/wp-content\/uploads\/2024\/11\/RandM-Digital-12000-Puffs-Disposable-Vape-Wholesale.jpg",800,800,false],"trp-custom-language-flag":["https:\/\/rmvapesale.com\/wp-content\/uploads\/2024\/11\/RandM-Digital-12000-Puffs-Disposable-Vape-Wholesale.jpg",12,12,false],"woocommerce_thumbnail":["https:\/\/rmvapesale.com\/wp-content\/uploads\/2024\/11\/RandM-Digital-12000-Puffs-Disposable-Vape-Wholesale-300x300.jpg",300,300,true],"woocommerce_single":["https:\/\/rmvapesale.com\/wp-content\/uploads\/2024\/11\/RandM-Digital-12000-Puffs-Disposable-Vape-Wholesale-600x600.jpg",600,600,true],"woocommerce_gallery_thumbnail":["https:\/\/rmvapesale.com\/wp-content\/uploads\/2024\/11\/RandM-Digital-12000-Puffs-Disposable-Vape-Wholesale-100x100.jpg",100,100,true],"wcpr-photo-reviews":["https:\/\/rmvapesale.com\/wp-content\/uploads\/2024\/11\/RandM-Digital-12000-Puffs-Disposable-Vape-Wholesale.jpg",500,500,false]},"uagb_author_info":{"display_name":"AMY","author_link":"https:\/\/rmvapesale.com\/sl\/author\/"},"uagb_comment_info":0,"uagb_excerpt":"Fumot RandM 12000 Puffs Digital Box Disposable Vape Fumot 12000 Rechargeable Disposable Vape Wholesale Price RandM Vape Fumot 12000 Low Nicotine Disposable Vape 2% WhatsApp: +86 17776015835 &nbsp;","_links":{"self":[{"href":"https:\/\/rmvapesale.com\/sl\/wp-json\/wp\/v2\/product\/2736","targetHints":{"allow":["GET"]}}],"collection":[{"href":"https:\/\/rmvapesale.com\/sl\/wp-json\/wp\/v2\/product"}],"about":[{"href":"https:\/\/rmvapesale.com\/sl\/wp-json\/wp\/v2\/types\/product"}],"replies":[{"embeddable":true,"href":"https:\/\/rmvapesale.com\/sl\/wp-json\/wp\/v2\/comments?post=2736"}],"wp:featuredmedia":[{"embeddable":true,"href":"https:\/\/rmvapesale.com\/sl\/wp-json\/wp\/v2\/media\/2732"}],"wp:attachment":[{"href":"https:\/\/rmvapesale.com\/sl\/wp-json\/wp\/v2\/media?parent=2736"}],"wp:term":[{"taxonomy":"product_brand","embeddable":true,"href":"https:\/\/rmvapesale.com\/sl\/wp-json\/wp\/v2\/product_brand?post=2736"},{"taxonomy":"product_cat","embeddable":true,"href":"https:\/\/rmvapesale.com\/sl\/wp-json\/wp\/v2\/product_cat?post=2736"},{"taxonomy":"product_tag","embeddable":true,"href":"https:\/\/rmvapesale.com\/sl\/wp-json\/wp\/v2\/product_tag?post=2736"}],"curies":[{"name":"wp","href":"https:\/\/api.w.org\/{rel}","templated":true}]}}