{"id":2737,"date":"2024-11-15T06:58:13","date_gmt":"2024-11-15T06:58:13","guid":{"rendered":"https:\/\/rmvapesale.com\/?post_type=product&#038;p=2737"},"modified":"2024-11-15T07:19:53","modified_gmt":"2024-11-15T07:19:53","slug":"randm-vape-fumot-12000-digital-box-strawberry-watermelon-flavor-low-nicotine-disposable-vape","status":"publish","type":"product","link":"https:\/\/rmvapesale.com\/sl\/product\/randm-vape-fumot-12000-digital-box-strawberry-watermelon-flavor-low-nicotine-disposable-vape\/","title":{"rendered":"RandM Vape Fumot 12k Digital Box z okusom jagode in lubenice, nizka vsebnost nikotina, elektronska cigareta za enkratno uporabo"},"content":{"rendered":"<div class=\"B2VR9 CJHX3e\">\n<div class=\"wyccme\">\n<h1 class=\"LC20lb MBeuO DKV0Md\">RandM Vape Fumot 12000 Digital Box Jagoda Lubenica Aroma Nizka Nikotinska Vape za enkratno uporabo<\/h1>\n<div class=\"flex-shrink-0 flex flex-col relative items-end\">\n<div class=\"pt-0\">\n<div class=\"gizmo-bot-avatar flex h-8 w-8 items-center justify-center overflow-hidden rounded-full\">\n<div class=\"relative p-1 rounded-sm flex items-center justify-center bg-token-main-surface-primary text-token-text-primary h-8 w-8\">\n<p>&nbsp;<\/p>\n<p>RandM Vape Fumot 12000 Digital Box v aromi jagode in lubenice je popolna izbira za tiste, ki u\u017eivajo v gladki, sadni izku\u0161nji vape z mo\u017enostjo nizke nikotinske vsebnosti. Ta naprava za enkratno uporabo ponuja impresivnih 12.000 vdihov, kar jo uvr\u0161\u010da med najdlje trajajo\u010de izbire na trgu. Vsak vdih prina\u0161a osve\u017eujo\u010d izbruh sladke jagode, ki jo uravnote\u017ei so\u010dna lubenica, kar vam daje zadovoljiv okusni profil, zaradi katerega se boste vra\u010dali po ve\u010d. Ta vape, zasnovan z rezervoarjem za e-teko\u010dino visoke zmogljivosti 20 ml, zagotavlja, da imate dovolj arome za celotno \u017eivljenjsko dobo 12.000 vdihov brez potrebe po ponovnem polnjenju.<\/p>\n<p>Fumot 12000 Digital Box, opremljen s priro\u010dnim digitalnim zaslonom, na prvi pogled prikazuje nivo baterije in e-teko\u010dine, kar vas obve\u0161\u010da in odpravlja ugibanje. Njegova 850 mAh polnilna baterija s polnjenjem Type-C zagotavlja hitro in u\u010dinkovito polnjenje, da lahko vapate brez prekinitev. Z nizko vsebnostjo nikotina je ta vape idealen za uporabnike, ki i\u0161\u010dejo bla\u017ejo nikotinsko izku\u0161njo, medtem ko \u0161e vedno u\u017eivajo v bogatem okusu in zadovoljivi pari. Kompakten in enostaven za uporabo, Fumot 12000 je zasnovan tako, da nudi vrhunsko izku\u0161njo vapenja brez te\u017eav.<\/p>\n<\/div>\n<\/div>\n<\/div>\n<\/div>\n<\/div>\n<\/div>\n<p><strong>Kontaktirajte Amy, da dobite pravi odgovor in kupon za vape!<\/strong><\/p>\n<p><img loading=\"lazy\" decoding=\"async\" class=\"size-full wp-image-1978\" src=\"https:\/\/rmvapesale.com\/wp-content\/uploads\/2024\/09\/Disposable-Vape-Wholesale.jpg\" alt=\"Vape za enkratno uporabo na debelo\" width=\"229\" height=\"300\" \/><\/p>\n<h3><a href=\"https:\/\/wa.me\/8617776015835\" target=\"_blank\" rel=\"noopener\"><span style=\"color: #ff0000\"><strong>WhatsApp: +86 17776015835<\/strong><\/span><\/a><\/h3>\n<p>&nbsp;<\/p>\n<h2><\/h2>\n<h2><strong>Klju\u010dne lastnosti Randm 12000 vdihov<\/strong><\/h2>\n<ul>\n<li>Do 12.000 vdihov za podalj\u0161ano uporabo<\/li>\n<li>Mo\u017enost nizke nikotinske vsebnosti za bolj gladko izku\u0161njo<\/li>\n<li>20 ml prostornine e-teko\u010dine z digitalnim zaslonom<\/li>\n<li>850 mAh polnilna baterija s polnjenjem Type-C<\/li>\n<li>Osve\u017eujo\u010da aroma jagode in lubenice<\/li>\n<\/ul>\n<p>&nbsp;<\/p>\n<h2><strong>Najbolj\u0161a aroma za Fumot 12000 vdihov<\/strong><\/h2>\n<p>1 Hladna meta <span style=\"color: #ff0000\"><strong>&gt;&gt;&gt;&gt; Vro\u010de!<\/strong><\/span><br \/>\n2 Lubenica z ledom<br \/>\n3 Grozdje led<br \/>\n4 Borovnica malina <span style=\"color: #ff0000\"><strong>&gt;&gt;&gt;&gt; Vro\u010de!<\/strong><\/span><br \/>\n5 Jagoda lubenica<br \/>\n6 Jagoda banana<br \/>\n7 So\u010dno led<br \/>\n8 \u010ce\u0161nja<br \/>\n9 Jagoda led<br \/>\n10 Ledeni lizika<br \/>\n11 Ro\u017enata limonada <span style=\"color: #ff0000\"><strong>&gt;&gt;&gt;&gt; Vro\u010de!<\/strong><\/span><br \/>\n12 Mango na ledu<br \/>\n13 Me\u0161ano jagodi\u010devje<br \/>\n14 Jagodna krof<br \/>\n15 Jagoda grozdje<br \/>\n16 \u010ce\u0161nja kola<br \/>\n17 Dr. modri<br \/>\n18 Borovnica na ledu <span style=\"color: #ff0000\"><strong>&gt;&gt;&gt;&gt; Vro\u010de!<\/strong><\/span><br \/>\n19 Kivi pasijonka guava<br \/>\n20 Jagoda kivi<br \/>\n21 Breskev mango<br \/>\n22 Breskev led<br \/>\n23 Rde\u010de jabolko led<br \/>\n24 Borovni\u010deva \u017eve\u010dilna <span style=\"color: #ff0000\"><strong>&gt;&gt;&gt;&gt; Najbolj\u0161e!<\/strong><\/span><br \/>\n25 Jagodna limonada<br \/>\n26 Limonada iz modrih malin<br \/>\n27 Kisla modra malina<br \/>\n28 Jagodni Red bull<br \/>\n29 Jabol\u010dna jagodna eksplozija<br \/>\n30 Lubeni\u010din \u017eve\u010dilni gumi<br \/>\n31 Malina lubenica<br \/>\n32 \u010crni led<br \/>\n33 Borovnica, \u010de\u0161nja, brusnica<br \/>\n34 Jagodni \u0161mink (granatno jabolko)<br \/>\n35 Vimto<br \/>\n36 \u010ce\u0161nja, jagoda<br \/>\n37 Limona<br \/>\n38 Bingo Crush<br \/>\n39 Borovnica, kivi<br \/>\n40 Jabolko, cimet<\/p>\n<h3><\/h3>\n<h3><strong>Zakaj izbrati Rmvapesale za RandM Digital Box 12000 <\/strong><strong>V<\/strong><strong>Veleprodaja vejpanja<\/strong><strong>?<\/strong><\/h3>\n<div class=\"flex-shrink-0 flex flex-col relative items-end\">\n<div class=\"pt-0\">\n<div class=\"gizmo-bot-avatar flex h-8 w-8 items-center justify-center overflow-hidden rounded-full\">\n<div class=\"relative p-1 rounded-sm flex items-center justify-center bg-token-main-surface-primary text-token-text-primary h-8 w-8\">\n<p>Dobrodo\u0161li v Rmvapesale, va\u0161i zaupanja vredni trgovini za vrhunske e-cigarete za enkratno uporabo. Z ve\u010d kot 5-letnimi izku\u0161njami vam ponujamo priljubljene znamke e-cigaret za enkratno uporabo, kot so Al Fakher, <a href=\"https:\/\/rmvapesale.com\/sl\/product\/vapme-crystal-7000-puffs-rechargeable-disposable-vape-price\/\">Vapme<\/a>, <a href=\"https:\/\/rmvapesale.com\/sl\/product-category\/bang-vapes\/\">Bang Vape<\/a>, Waspe, <a href=\"https:\/\/rmvapesale.com\/sl\/product\/wga-crystal-pro-max-extra-15k-puffs-disposable-vape-wholesale\/\">WGA<\/a> Vape in<a href=\"https:\/\/rmvapesale.com\/sl\/product-category\/randm-fumot-vape\/\"> RandM Vape<\/a>.<\/p>\n<p>Na\u0161a ponudba vklju\u010duje priljubljene e-cigarete, kot je <a href=\"https:\/\/rmvapesale.com\/sl\/product\/fumot-digital-box-12000-disposable-vape-pink-lemonade-flavor\/\">RandM 12000 vdihov<\/a> in okusne izbire, kot je <a href=\"https:\/\/rmvapesale.com\/sl\/product\/wga-crystal-pro-max-extra-15k-puffs-disposable-vape-wholesale\/\">WGA 15K<\/a>Vsak izdelek je izbran s poudarkom na kakovosti, vrednosti in raznolikosti, kar vam zagotavlja, da boste na\u0161li popolno ujemanje za svoje potrebe. Odkrijte izjemno storitev in \u0161iroko paleto vrhunskih izdelkov pri Rmvapesale.<\/p>\n<\/div>\n<h3><\/h3>\n<div class=\"relative p-1 rounded-sm flex items-center justify-center bg-token-main-surface-primary text-token-text-primary h-8 w-8\">\n<h3><b>RandM 12000 Puffs Rechargeable Disposable Vape FAQS<\/b><\/h3>\n<div class=\"group\/conversation-turn relative flex w-full min-w-0 flex-col agent-turn\">\n<div class=\"flex-col gap-1 md:gap-3\">\n<div class=\"flex max-w-full flex-col flex-grow\">\n<div class=\"min-h-8 text-message flex w-full flex-col items-end gap-2 whitespace-normal break-words [.text-message+&amp;]:mt-5\" dir=\"auto\" data-message-author-role=\"assistant\" data-message-id=\"00c9b302-bc9c-4550-94ba-5a295efa2be3\" data-message-model-slug=\"gpt-4o\">\n<div class=\"flex w-full flex-col gap-1 empty:hidden first:pt-[3px]\">\n<div class=\"markdown prose w-full break-words dark:prose-invert light\">\n<div class=\"flex-shrink-0 flex flex-col relative items-end\">\n<div>\n<div class=\"pt-0\">\n<div class=\"gizmo-bot-avatar flex h-8 w-8 items-center justify-center overflow-hidden rounded-full\">\n<div class=\"relative p-1 rounded-sm flex items-center justify-center bg-token-main-surface-primary text-token-text-primary h-8 w-8\"><\/div>\n<\/div>\n<\/div>\n<\/div>\n<\/div>\n<div class=\"group\/conversation-turn relative flex w-full min-w-0 flex-col agent-turn\">\n<div class=\"flex-col gap-1 md:gap-3\">\n<div class=\"flex max-w-full flex-col flex-grow\">\n<div class=\"min-h-8 text-message flex w-full flex-col items-end gap-2 whitespace-normal break-words [.text-message+&amp;]:mt-5\" dir=\"auto\" data-message-author-role=\"assistant\" data-message-id=\"a3dc01bd-23b0-4fd7-bb9a-7827522cefd8\" data-message-model-slug=\"gpt-4o\">\n<div class=\"flex w-full flex-col gap-1 empty:hidden first:pt-[3px]\">\n<div class=\"markdown prose w-full break-words dark:prose-invert light\">\n<ol>\n<li><strong>Koliko vdihov zagotavlja elektronska cigareta Fumot 12000?<\/strong><br \/>\nFumot 12000 Digital Box Vape zagotavlja do 12.000 vdihov in s tem nudi podalj\u0161ano izku\u0161njo vapinga.<\/li>\n<li><strong>Kateri so priljubljeni okusi za e-cigareto za enkratno uporabo RandM 12000 Digital Box?<\/strong><br \/>\nPopular flavors for the RandM 12000 Digital Box disposable vape include Strawberry Watermelon, Blue Razz, Grape Ice, and Cool Mint, known for their refreshing and smooth profiles.<\/li>\n<li><strong>Kako vem, kdaj je moja polnilna elektronska cigareta Fumot Vape 12000 prazna?<\/strong><br \/>\nFumot 12000 Digital Box Vape vklju\u010duje digitalni zaslon, ki prikazuje nivo e-teko\u010dine. Ko indikator e-teko\u010dine poka\u017ee nizko ali prazno, je \u010das za zamenjavo naprave.<\/li>\n<li><strong>Koliko nikotina je v Fumot Digital Box 12000 Puffs Disposable Vape?<\/strong><br \/>\nFumot Digital Box 12000 Puffs Disposable Vape je na voljo v razli\u010dnih jakostih nikotina, obi\u010dajno vklju\u010dno z mo\u017enostmi, kot so 0%, 2%, 3% in 5% nikotina.<\/li>\n<li><strong>Kako dolgo traja, da se vape Fumot 12000 box popolnoma napolni?<\/strong><br \/>\nThe Fumot 12000 Digital Box Vape features an 850mAh battery and charges fully in approximately 1.5 to 2 hours via a Type-C charging port.<\/li>\n<li><strong>Where to buy Fumot RandM Digital Box 12000 puff Vapes in Wholesale Price?<\/strong><br \/>\nZa veleprodajne cene Vape Fumot RandM Digital Box 12000 vpihov obi\u0161\u010dite <strong>Rmvapesale online vape shop<\/strong> for competitive bulk-buy options.<\/li>\n<li><strong>Can I bring a disposable vape on a plane?<\/strong><br \/>\nDa, v letalo lahko vzamete vape za enkratno uporabo, vendar mora biti shranjen v va\u0161i ro\u010dni prtljagi, saj litijeve baterije niso dovoljene v oddani prtljagi. Pred potovanjem vedno preverite predpise letalske dru\u017ebe in lokalne predpise.<\/li>\n<\/ol>\n<\/div>\n<\/div>\n<\/div>\n<\/div>\n<\/div>\n<\/div>\n<\/div>\n<\/div>\n<\/div>\n<\/div>\n<\/div>\n<\/div>\n<\/div>\n<div class=\"mb-2 flex gap-3 empty:hidden -ml-2\"><\/div>\n<p>&nbsp;<\/p>\n<\/div>\n<\/div>\n<\/div>\n<h3>O po\u0161iljanju<\/h3>\n<div class=\"flex-shrink-0 flex flex-col relative items-end\">\n<div>\n<div class=\"pt-0\">\n<div class=\"gizmo-bot-avatar flex h-8 w-8 items-center justify-center overflow-hidden rounded-full\">\n<div><\/div>\n<div class=\"relative p-1 rounded-sm flex items-center justify-center bg-token-main-surface-primary text-token-text-primary h-8 w-8\"><strong>1. Katere metode po\u0161iljanja se uporabljajo?<\/strong><\/div>\n<\/div>\n<\/div>\n<\/div>\n<\/div>\n<div class=\"group\/conversation-turn relative flex w-full min-w-0 flex-col agent-turn\">\n<div class=\"flex-col gap-1 md:gap-3\">\n<div class=\"flex max-w-full flex-col flex-grow\">\n<div class=\"min-h-[20px] text-message flex w-full flex-col items-end gap-2 whitespace-normal break-words [.text-message+&amp;]:mt-5 overflow-x-auto\" dir=\"auto\" data-message-author-role=\"assistant\" data-message-id=\"22f8283b-3233-46ff-89a5-c7a41b33abda\">\n<div class=\"flex w-full flex-col gap-1 empty:hidden first:pt-[3px]\">\n<div class=\"markdown prose w-full break-words dark:prose-invert light\">\n<p>Sodelujemo z UPS, DHL, FedEx, DPD in drugimi vodilnimi prevozniki. Izbrali bomo najbolj\u0161i na\u010din po\u0161iljanja glede na va\u0161o lokacijo dostave, da zagotovimo, da boste izdelke prejeli \u010dim hitreje.<\/p>\n<\/div>\n<p><strong>2. Kako dolgo traja, da prispe?<\/strong><\/p>\n<p>Paketi, poslani v Slovenijo, obi\u010dajno prispejo v 10 delovnih dneh. Po\u0161iljanje v evropske dr\u017eave obi\u010dajno traja pribli\u017eno 12-15 delovnih dni. Zagotovili vam bomo sprotne posodobitve o statusu va\u0161ega po\u0161iljanja.<\/p>\n<\/div>\n<\/div>\n<\/div>\n<\/div>\n<\/div>\n<p>&nbsp;<\/p>\n<p>Poi\u0161\u010di ve\u010d izdelkov Vape, ki so ti morda v\u0161e\u010d:<strong><em><a href=\"https:\/\/rmvapesale.com\/sl\/shop-2\/\">nakupuj zdaj &gt;&gt;&gt;<\/a><\/em><\/strong><\/p>","protected":false},"excerpt":{"rendered":"<p>Fumot Digital Box 12000 Vape za enkratno uporabo<br \/>\nRandM Vape Fumot Digital Box 12000 Puff Razsuta nakup<br \/>\nFumot 12000 Vape za enkratno uporabo Vse arome na zalogi na debelo<\/p>\n<p><img loading=\"lazy\" decoding=\"async\" class=\"size-full wp-image-2375\" src=\"https:\/\/rmvapesale.com\/wp-content\/uploads\/2024\/10\/image.png\" alt=\"Najbolj\u0161i Vape za enkratno uporabo\" width=\"229\" height=\"300\" \/><\/p>\n<h3><a href=\"https:\/\/wa.me\/8617776015835\"><span style=\"color: #ff0000\"><strong>WhatsApp: +86 17776015835<\/strong><\/span><\/a><\/h3>\n<p>&nbsp;<\/p>","protected":false},"featured_media":2731,"comment_status":"open","ping_status":"closed","template":"","meta":{"_uag_custom_page_level_css":"","_lmt_disableupdate":"no","_lmt_disable":"","site-sidebar-layout":"default","site-content-layout":"content-boxed-container","ast-site-content-layout":"normal-width-container","site-content-style":"boxed","site-sidebar-style":"unboxed","ast-global-header-display":"","ast-banner-title-visibility":"","ast-main-header-display":"","ast-hfb-above-header-display":"","ast-hfb-below-header-display":"","ast-hfb-mobile-header-display":"","site-post-title":"","ast-breadcrumbs-content":"","ast-featured-img":"","footer-sml-layout":"","ast-disable-related-posts":"","theme-transparent-header-meta":"default","adv-header-id-meta":"","stick-header-meta":"","header-above-stick-meta":"","header-main-stick-meta":"","header-below-stick-meta":"","astra-migrate-meta-layouts":"set","ast-page-background-enabled":"default","ast-page-background-meta":{"desktop":{"background-color":"var(--ast-global-color-4)","background-image":"","background-repeat":"repeat","background-position":"center center","background-size":"auto","background-attachment":"scroll","background-type":"","background-media":"","overlay-type":"","overlay-color":"","overlay-opacity":"","overlay-gradient":""},"tablet":{"background-color":"","background-image":"","background-repeat":"repeat","background-position":"center center","background-size":"auto","background-attachment":"scroll","background-type":"","background-media":"","overlay-type":"","overlay-color":"","overlay-opacity":"","overlay-gradient":""},"mobile":{"background-color":"","background-image":"","background-repeat":"repeat","background-position":"center center","background-size":"auto","background-attachment":"scroll","background-type":"","background-media":"","overlay-type":"","overlay-color":"","overlay-opacity":"","overlay-gradient":""}},"ast-content-background-meta":{"desktop":{"background-color":"var(--ast-global-color-5)","background-image":"","background-repeat":"repeat","background-position":"center center","background-size":"auto","background-attachment":"scroll","background-type":"","background-media":"","overlay-type":"","overlay-color":"","overlay-opacity":"","overlay-gradient":""},"tablet":{"background-color":"var(--ast-global-color-5)","background-image":"","background-repeat":"repeat","background-position":"center center","background-size":"auto","background-attachment":"scroll","background-type":"","background-media":"","overlay-type":"","overlay-color":"","overlay-opacity":"","overlay-gradient":""},"mobile":{"background-color":"var(--ast-global-color-5)","background-image":"","background-repeat":"repeat","background-position":"center center","background-size":"auto","background-attachment":"scroll","background-type":"","background-media":"","overlay-type":"","overlay-color":"","overlay-opacity":"","overlay-gradient":""}},"_joinchat":[]},"product_brand":[],"product_cat":[15,27,51,25,123,30,26,28,31,137,136,135],"product_tag":[212,214,39,213,38],"class_list":{"0":"post-2737","1":"product","2":"type-product","3":"status-publish","4":"has-post-thumbnail","6":"product_cat-new-vape-this-week","7":"product_cat-fance-hot-sale-vape","8":"product_cat-fumot-vape","9":"product_cat-germany-best-selling-vape","10":"product_cat-italy-wholesale-vape","11":"product_cat-minimum-order-quantity-50pcs","12":"product_cat-netherlands-hot-sale-vape","13":"product_cat-poland-hot-sale-vape","14":"product_cat-randm-fumot-vape","15":"product_cat-rechargeable-vapes","16":"product_cat-smart-screen-vapes","17":"product_cat-spain-best-hot-sale-vape","18":"product_tag-fumot-12000","19":"product_tag-fumot-12k","20":"product_tag-fumot-vape","21":"product_tag-randm-12000","22":"product_tag-randm-vape","23":"desktop-align-left","24":"tablet-align-left","25":"mobile-align-left","27":"first","28":"instock","29":"sale","30":"shipping-taxable","31":"purchasable","32":"product-type-simple"},"uagb_featured_image_src":{"full":["https:\/\/rmvapesale.com\/wp-content\/uploads\/2024\/11\/RandM-12000-Disposable-Vape-Bulk-Buy.jpg",800,800,false],"thumbnail":["https:\/\/rmvapesale.com\/wp-content\/uploads\/2024\/11\/RandM-12000-Disposable-Vape-Bulk-Buy-150x150.jpg",150,150,true],"medium":["https:\/\/rmvapesale.com\/wp-content\/uploads\/2024\/11\/RandM-12000-Disposable-Vape-Bulk-Buy-300x300.jpg",300,300,true],"medium_large":["https:\/\/rmvapesale.com\/wp-content\/uploads\/2024\/11\/RandM-12000-Disposable-Vape-Bulk-Buy-768x768.jpg",768,768,true],"large":["https:\/\/rmvapesale.com\/wp-content\/uploads\/2024\/11\/RandM-12000-Disposable-Vape-Bulk-Buy.jpg",800,800,false],"1536x1536":["https:\/\/rmvapesale.com\/wp-content\/uploads\/2024\/11\/RandM-12000-Disposable-Vape-Bulk-Buy.jpg",800,800,false],"2048x2048":["https:\/\/rmvapesale.com\/wp-content\/uploads\/2024\/11\/RandM-12000-Disposable-Vape-Bulk-Buy.jpg",800,800,false],"trp-custom-language-flag":["https:\/\/rmvapesale.com\/wp-content\/uploads\/2024\/11\/RandM-12000-Disposable-Vape-Bulk-Buy.jpg",12,12,false],"woocommerce_thumbnail":["https:\/\/rmvapesale.com\/wp-content\/uploads\/2024\/11\/RandM-12000-Disposable-Vape-Bulk-Buy-300x300.jpg",300,300,true],"woocommerce_single":["https:\/\/rmvapesale.com\/wp-content\/uploads\/2024\/11\/RandM-12000-Disposable-Vape-Bulk-Buy-600x600.jpg",600,600,true],"woocommerce_gallery_thumbnail":["https:\/\/rmvapesale.com\/wp-content\/uploads\/2024\/11\/RandM-12000-Disposable-Vape-Bulk-Buy-100x100.jpg",100,100,true],"wcpr-photo-reviews":["https:\/\/rmvapesale.com\/wp-content\/uploads\/2024\/11\/RandM-12000-Disposable-Vape-Bulk-Buy.jpg",500,500,false]},"uagb_author_info":{"display_name":"AMY","author_link":"https:\/\/rmvapesale.com\/sl\/author\/"},"uagb_comment_info":0,"uagb_excerpt":"Fumot Digital Box 12000 Disposable Vape RandM Vape Fumot Digital Box 12000 Puff Bulk Buy Fumot 12000 Disposable Vape All Flavor in Stock Wholesale WhatsApp: +86 17776015835 &nbsp;","_links":{"self":[{"href":"https:\/\/rmvapesale.com\/sl\/wp-json\/wp\/v2\/product\/2737","targetHints":{"allow":["GET"]}}],"collection":[{"href":"https:\/\/rmvapesale.com\/sl\/wp-json\/wp\/v2\/product"}],"about":[{"href":"https:\/\/rmvapesale.com\/sl\/wp-json\/wp\/v2\/types\/product"}],"replies":[{"embeddable":true,"href":"https:\/\/rmvapesale.com\/sl\/wp-json\/wp\/v2\/comments?post=2737"}],"wp:featuredmedia":[{"embeddable":true,"href":"https:\/\/rmvapesale.com\/sl\/wp-json\/wp\/v2\/media\/2731"}],"wp:attachment":[{"href":"https:\/\/rmvapesale.com\/sl\/wp-json\/wp\/v2\/media?parent=2737"}],"wp:term":[{"taxonomy":"product_brand","embeddable":true,"href":"https:\/\/rmvapesale.com\/sl\/wp-json\/wp\/v2\/product_brand?post=2737"},{"taxonomy":"product_cat","embeddable":true,"href":"https:\/\/rmvapesale.com\/sl\/wp-json\/wp\/v2\/product_cat?post=2737"},{"taxonomy":"product_tag","embeddable":true,"href":"https:\/\/rmvapesale.com\/sl\/wp-json\/wp\/v2\/product_tag?post=2737"}],"curies":[{"name":"wp","href":"https:\/\/api.w.org\/{rel}","templated":true}]}}