{"id":2751,"date":"2024-11-18T03:50:24","date_gmt":"2024-11-18T03:50:24","guid":{"rendered":"https:\/\/rmvapesale.com\/?post_type=product&#038;p=2751"},"modified":"2024-11-18T07:14:21","modified_gmt":"2024-11-18T07:14:21","slug":"jnr-falcon-x-18000-puffs-rechargeable-disposable-vape-wholesale-cheap-price","status":"publish","type":"product","link":"https:\/\/rmvapesale.com\/sl\/product\/jnr-falcon-x-18000-puffs-rechargeable-disposable-vape-wholesale-cheap-price\/","title":{"rendered":"JNR Falcon X 18000 Vpihov Polnilna Vape za Enkratno Uporabo Veleprodajna Ugodna Cena"},"content":{"rendered":"<div class=\"B2VR9 CJHX3e\">\n<div class=\"wyccme\">\n<h1 class=\"LC20lb MBeuO DKV0Md\">JNR Falcon X 18000 Vpihov Polnilna Vape za Enkratno Uporabo Veleprodajna Ugodna Cena<\/h1>\n<div class=\"flex-shrink-0 flex flex-col relative items-end\">\n<div class=\"pt-0\">\n<div class=\"gizmo-bot-avatar flex h-8 w-8 items-center justify-center overflow-hidden rounded-full\">\n<div class=\"relative p-1 rounded-sm flex items-center justify-center bg-token-main-surface-primary text-token-text-primary h-8 w-8\">\n<p>The <strong>JNR Falcon X 18000 Vdihov za enkratno uporabo, polnljiv <\/strong>je napredna naprava zasnovana za zagotavljanje neverjetnega <strong>18.000 vdihov<\/strong> zadovoljivega, aromati\u010dnega vapinga. Prednapolnjena z <strong>24 ml vrhunske e-teko\u010dine<\/strong>, ta naprava je na voljo v nizu 2% <strong>mo\u017enosti z nizko vsebnostjo nikotina<\/strong> ki ustrezajo vsem \u017eeljam. Elegantna, kristalno jasna zasnova je tako stilska kot funkcionalna, omogo\u010da enostavno spremljanje preostale e-teko\u010dine. Izbirajte med <strong>28 vrhunskimi okusi<\/strong>, vklju\u010dno z najljub\u0161imi med strankami, kot so <strong>Jagoda Kivi<\/strong>, <strong>Blue Razz Ice<\/strong>, in <strong>Vi\u0161njeva cola<\/strong>, za nepozabno izku\u0161njo vapinga, prilagojeno va\u0161emu okusu.<\/p>\n<p>The <strong>JNR 18000 Vdihov za enkratno uporabo<\/strong> je napajan z dolgo trajajo\u010do <strong>950mAh polnljivo baterijo<\/strong>, ki zagotavlja dosledno delovanje od prvega do zadnjega vdihavanja. Vgrajen zaslon vas obve\u0161\u010da o ravni baterije in e-teko\u010dine, tako da nikoli niste nepripravljeni. Idealno za veleprodajne kupce, ta JNR 18000 naprava je priljubljena izbira za stranke, ki i\u0161\u010dejo visokokapacitetno, zanesljivo napravo, ki zdru\u017euje udobje, stil in izjemno vrednost.<\/p>\n<\/div>\n<\/div>\n<\/div>\n<\/div>\n<\/div>\n<\/div>\n<p><strong>Kontaktirajte Amy, da dobite pravi odgovor in kupon za vape!<\/strong><\/p>\n<p><img loading=\"lazy\" decoding=\"async\" class=\"size-full wp-image-1978\" src=\"https:\/\/rmvapesale.com\/wp-content\/uploads\/2024\/09\/Disposable-Vape-Wholesale.jpg\" alt=\"Vape za enkratno uporabo na debelo\" width=\"229\" height=\"300\" \/><\/p>\n<h3><a href=\"https:\/\/wa.me\/8617776015835\" target=\"_blank\" rel=\"noopener\"><span style=\"color: #ff0000\"><strong>WhatsApp: +86 17776015835<\/strong><\/span><\/a><\/h3>\n<p>&nbsp;<\/p>\n<h2><\/h2>\n<h2><strong>Klju\u010dne zna\u010dilnosti JNR Falcon X 18000 Vdihov<\/strong><\/h2>\n<ul>\n<li>Do <strong>18.000 vdihov<\/strong> z vsako napravo<\/li>\n<li><strong>950mAh polnljivo baterijo<\/strong> za dolgo trajanje napajanja<\/li>\n<li>Predhodno napolnjen z <strong>24ml vrhunski e-tekila<\/strong><\/li>\n<li>Zaslon za prikaz ravni baterije in e-tekila<\/li>\n<li>Na voljo v <strong>28 edinstvenih okusov z nizko vsebnostjo nikotina<\/strong><\/li>\n<\/ul>\n<figure id=\"attachment_2745\" aria-describedby=\"caption-attachment-2745\" style=\"width: 800px\" class=\"wp-caption alignnone\"><img loading=\"lazy\" decoding=\"async\" class=\"wp-image-2745 size-full\" src=\"https:\/\/rmvapesale.com\/wp-content\/uploads\/2024\/11\/JNR-18000-Puff-Disposable-Vape.jpg\" alt=\"JNR 18000 Vdihljiv enkratni vape\" width=\"800\" height=\"800\" srcset=\"https:\/\/rmvapesale.com\/wp-content\/uploads\/2024\/11\/JNR-18000-Puff-Disposable-Vape.jpg 800w, https:\/\/rmvapesale.com\/wp-content\/uploads\/2024\/11\/JNR-18000-Puff-Disposable-Vape-300x300.jpg 300w, https:\/\/rmvapesale.com\/wp-content\/uploads\/2024\/11\/JNR-18000-Puff-Disposable-Vape-150x150.jpg 150w, https:\/\/rmvapesale.com\/wp-content\/uploads\/2024\/11\/JNR-18000-Puff-Disposable-Vape-768x768.jpg 768w, https:\/\/rmvapesale.com\/wp-content\/uploads\/2024\/11\/JNR-18000-Puff-Disposable-Vape-600x600.jpg 600w, https:\/\/rmvapesale.com\/wp-content\/uploads\/2024\/11\/JNR-18000-Puff-Disposable-Vape-100x100.jpg 100w\" sizes=\"auto, (max-width: 800px) 100vw, 800px\" \/><figcaption id=\"caption-attachment-2745\" class=\"wp-caption-text\">JNR 18000 Vdihljiv enkratni vape<\/figcaption><\/figure>\n<h2><strong>Najbolj\u0161i okus za JNR JNR Falcon X 18000 vdihov<\/strong><\/h2>\n<p>1.Blue Razz Ice <span style=\"color: #ff0000\"><strong>&gt;&gt;&gt;&gt; Vro\u010de!<\/strong><\/span><br \/>\n2. Borovnica Rde\u010da malina <span style=\"color: #ff0000\"><strong>&gt;&gt;&gt;&gt; Vro\u010de!<\/strong><\/span><br \/>\n3. Hladna meta<br \/>\n4. Kivi Lubenica Led<br \/>\n5. Grozd Led<br \/>\n6. Jagoda Kivi<br \/>\n7. Jagoda Lubenica Led<br \/>\n8. Lubenica Led<br \/>\n9. Ledena jagoda<br \/>\n10. Me\u0161ano jagodi\u010devje <span style=\"color: #ff0000\"><strong>&gt;&gt;&gt;&gt; Najbolj\u0161e!<\/strong><\/span><br \/>\n11. Lubenica \u017eve\u010dilni gumi <span style=\"color: #ff0000\"><strong>&gt;&gt;&gt;&gt; Vro\u010de!<\/strong><\/span><br \/>\n12. Kislo Jabolko Led<br \/>\n13. Breskev Led<br \/>\n14. Jagodni eksplozija<br \/>\n15. Borovnica Rde\u010da malina \u010de\u0161nja<br \/>\n16. \u010ce\u0161nja Jagoda<br \/>\n17. Jagoda Banana<br \/>\n18. Borovnica Kivi<br \/>\n19. Passion Fruit Kiwi<br \/>\n20. Bela breskev Razz<br \/>\n21. Modri Razz \u010de\u0161nja<br \/>\n22. \u010ce\u0161nja Watermelon Freeze<br \/>\n23. \u010ce\u0161nja Cola<br \/>\n24. Banana Ice<br \/>\n25. Skittles<br \/>\n26. Trojni melona<br \/>\n27. Gospod Modri <span style=\"color: #ff0000\"><strong>&gt;&gt;&gt;&gt; Vro\u010de!<\/strong><\/span><br \/>\n28. \u010ce\u0161nja Ice<br \/>\n29. Watermelon Lychee<\/p>\n<p>&nbsp;<\/p>\n<h3><strong>Zakaj izbrati Rmvapesale za JNR 18000 Puffs <\/strong><strong>V<\/strong><strong>Veleprodaja vejpanja<\/strong><strong>?<\/strong><\/h3>\n<div class=\"flex-shrink-0 flex flex-col relative items-end\">\n<div class=\"pt-0\">\n<div class=\"gizmo-bot-avatar flex h-8 w-8 items-center justify-center overflow-hidden rounded-full\">\n<div class=\"relative p-1 rounded-sm flex items-center justify-center bg-token-main-surface-primary text-token-text-primary h-8 w-8\">\n<p>Dobrodo\u0161li v Rmvapesale, va\u0161i zaupanja vredni trgovini za vrhunske e-cigarete za enkratno uporabo. Z ve\u010d kot 5-letnimi izku\u0161njami vam ponujamo priljubljene znamke e-cigaret za enkratno uporabo, kot so Al Fakher, <a href=\"https:\/\/rmvapesale.com\/sl\/product\/vapme-crystal-7000-puffs-rechargeable-disposable-vape-price\/\">Vapme<\/a>, <a href=\"https:\/\/rmvapesale.com\/sl\/product-category\/bang-vapes\/\">Bang Vape<\/a>, Waspe, <a href=\"https:\/\/rmvapesale.com\/sl\/product\/wga-crystal-pro-max-extra-15k-puffs-disposable-vape-wholesale\/\">WGA<\/a> Vape in<a href=\"https:\/\/rmvapesale.com\/sl\/product-category\/randm-fumot-vape\/\"> RandM Vape<\/a>.<\/p>\n<p>Na\u0161a ponudba vklju\u010duje priljubljene e-cigarete, kot je <a href=\"https:\/\/rmvapesale.com\/sl\/product\/fumot-randm-12000-strawberry-kiwi-flavor-disposable-vape-wholesale-netherlands\/\">RandM 12000 vdihov<\/a> in okusne izbire, kot je <a href=\"https:\/\/rmvapesale.com\/sl\/product\/wga-crystal-pro-max-extra-15k-puffs-disposable-vape-wholesale\/\">WGA 15K<\/a>Vsak izdelek je izbran s poudarkom na kakovosti, vrednosti in raznolikosti, kar vam zagotavlja, da boste na\u0161li popolno ujemanje za svoje potrebe. Odkrijte izjemno storitev in \u0161iroko paleto vrhunskih izdelkov pri Rmvapesale.<\/p>\n<\/div>\n<h3><\/h3>\n<div class=\"relative p-1 rounded-sm flex items-center justify-center bg-token-main-surface-primary text-token-text-primary h-8 w-8\">\n<h3><b>Pogosta vpra\u0161anja o JNR 18000 Puffs Rechargeable Disposable Vape<\/b><\/h3>\n<div class=\"group\/conversation-turn relative flex w-full min-w-0 flex-col agent-turn\">\n<div class=\"flex-col gap-1 md:gap-3\">\n<div class=\"flex max-w-full flex-col flex-grow\">\n<div class=\"min-h-8 text-message flex w-full flex-col items-end gap-2 whitespace-normal break-words [.text-message+&amp;]:mt-5\" dir=\"auto\" data-message-author-role=\"assistant\" data-message-id=\"00c9b302-bc9c-4550-94ba-5a295efa2be3\" data-message-model-slug=\"gpt-4o\">\n<div class=\"flex w-full flex-col gap-1 empty:hidden first:pt-[3px]\">\n<div class=\"markdown prose w-full break-words dark:prose-invert light\">\n<div class=\"flex-shrink-0 flex flex-col relative items-end\">\n<div>\n<div class=\"pt-0\">\n<div class=\"gizmo-bot-avatar flex h-8 w-8 items-center justify-center overflow-hidden rounded-full\">\n<div class=\"relative p-1 rounded-sm flex items-center justify-center bg-token-main-surface-primary text-token-text-primary h-8 w-8\">\n<div class=\"flex-shrink-0 flex flex-col relative items-end\">\n<div>\n<div class=\"pt-0\">\n<div class=\"gizmo-bot-avatar flex h-8 w-8 items-center justify-center overflow-hidden rounded-full\">\n<div class=\"relative p-1 rounded-sm flex items-center justify-center bg-token-main-surface-primary text-token-text-primary h-8 w-8\">\n<ul>\n<li><strong>Koliko potegov zagotavlja JNR Falcon X 18000 Puffs Rechargeable Vape?<\/strong><br \/>\nJNR Falcon X ponuja do <strong>18.000 vdihov<\/strong>, kar ga uvr\u0161\u010da med najdalj trajajo\u010de razpolo\u017eljive enkratne vape.<\/li>\n<li><strong>Kateri so priljubljeni okusi za JNR Falcon X 18000 Digital Box vape?<\/strong><br \/>\nPriljubljeni okusi vklju\u010dujejo <strong>Jagoda Watermelon Ice<\/strong>, <strong>Blue Razz Ice<\/strong>, <strong>Vi\u0161njeva cola<\/strong>, <strong>Ledena Breskev<\/strong>, in <strong>Me\u0161ano jagodi\u010devje<\/strong>.<\/li>\n<li><strong>Kako vem, kdaj je moj JNR Vape JNR18000 Puffs prazen?<\/strong><br \/>\nJNR Falcon X ima <strong>digitalnim zaslonom<\/strong> ki prikazuje preostalo koli\u010dino e-tekline in nivo baterije, kar vam pomaga spremljati, kdaj je zmanjkalo ali je prazno.<\/li>\n<li><strong>Koliko nikotina je v JNR 18000 Puffs Disposable Vape?<\/strong><br \/>\nJNR 18000 Puffs Disposable Vape je na voljo z <strong>2% (20mg)<\/strong> or <strong>5% (50mg)<\/strong> nikotinske soli, ki ustreza razli\u010dnim \u017eeljam.<\/li>\n<li><strong>Koliko \u010dasa traja polnjenje JNR 18000 Disposable Vape do konca?<\/strong><br \/>\nZ uporabo njegovega <strong>Type-C hitrega polnjenja<\/strong>, JNR 18000 obi\u010dajno polni popolnoma v <strong>1 do 1,5 ure<\/strong>.<\/li>\n<li><strong>Kje kupiti JNR Falcon X 18000 Vapes po veleprodajni ceni?<\/strong><br \/>\nZa najbolj\u0161e veleprodajne cene priporo\u010damo, da obi\u0161\u010dete <strong>Rmvapesale<\/strong>, spletno trgovino z vape izdelki, ki ponuja konkuren\u010dne ponudbe za nakup na debelo.<\/li>\n<\/ul>\n<\/div>\n<\/div>\n<\/div>\n<\/div>\n<\/div>\n<\/div>\n<\/div>\n<\/div>\n<\/div>\n<\/div>\n<div class=\"group\/conversation-turn relative flex w-full min-w-0 flex-col agent-turn\">\n<div class=\"flex-col gap-1 md:gap-3\">\n<div class=\"flex max-w-full flex-col flex-grow\">\n<div class=\"min-h-8 text-message flex w-full flex-col items-end gap-2 whitespace-normal break-words [.text-message+&amp;]:mt-5\" dir=\"auto\" data-message-author-role=\"assistant\" data-message-id=\"a3dc01bd-23b0-4fd7-bb9a-7827522cefd8\" data-message-model-slug=\"gpt-4o\">\n<div class=\"flex w-full flex-col gap-1 empty:hidden first:pt-[3px]\">\n<div class=\"markdown prose w-full break-words dark:prose-invert light\">\n<p>&nbsp;<\/p>\n<\/div>\n<\/div>\n<\/div>\n<\/div>\n<\/div>\n<\/div>\n<\/div>\n<\/div>\n<\/div>\n<\/div>\n<\/div>\n<\/div>\n<\/div>\n<div class=\"mb-2 flex gap-3 empty:hidden -ml-2\"><\/div>\n<p>&nbsp;<\/p>\n<\/div>\n<\/div>\n<\/div>\n<h3>O po\u0161iljanju<\/h3>\n<div class=\"flex-shrink-0 flex flex-col relative items-end\">\n<div>\n<div class=\"pt-0\">\n<div class=\"gizmo-bot-avatar flex h-8 w-8 items-center justify-center overflow-hidden rounded-full\">\n<div><\/div>\n<div class=\"relative p-1 rounded-sm flex items-center justify-center bg-token-main-surface-primary text-token-text-primary h-8 w-8\"><strong>1. Katere metode po\u0161iljanja se uporabljajo?<\/strong><\/div>\n<\/div>\n<\/div>\n<\/div>\n<\/div>\n<div class=\"group\/conversation-turn relative flex w-full min-w-0 flex-col agent-turn\">\n<div class=\"flex-col gap-1 md:gap-3\">\n<div class=\"flex max-w-full flex-col flex-grow\">\n<div class=\"min-h-[20px] text-message flex w-full flex-col items-end gap-2 whitespace-normal break-words [.text-message+&amp;]:mt-5 overflow-x-auto\" dir=\"auto\" data-message-author-role=\"assistant\" data-message-id=\"22f8283b-3233-46ff-89a5-c7a41b33abda\">\n<div class=\"flex w-full flex-col gap-1 empty:hidden first:pt-[3px]\">\n<div class=\"markdown prose w-full break-words dark:prose-invert light\">\n<p>Sodelujemo z UPS, DHL, FedEx, DPD in drugimi vodilnimi prevozniki. Izbrali bomo najbolj\u0161i na\u010din po\u0161iljanja glede na va\u0161o lokacijo dostave, da zagotovimo, da boste izdelke prejeli \u010dim hitreje.<\/p>\n<\/div>\n<p><strong>2. Kako dolgo traja, da prispe?<\/strong><\/p>\n<p>Paketi, poslani v Slovenijo, obi\u010dajno prispejo v 10 delovnih dneh. Po\u0161iljanje v evropske dr\u017eave obi\u010dajno traja pribli\u017eno 12-15 delovnih dni. Zagotovili vam bomo sprotne posodobitve o statusu va\u0161ega po\u0161iljanja.<\/p>\n<\/div>\n<\/div>\n<\/div>\n<\/div>\n<\/div>\n<p>&nbsp;<\/p>\n<p>Poi\u0161\u010di ve\u010d izdelkov Vape, ki so ti morda v\u0161e\u010d:<strong><em><a href=\"https:\/\/rmvapesale.com\/sl\/shop-2\/\">nakupuj zdaj &gt;&gt;&gt;<\/a><\/em><\/strong><\/p>","protected":false},"excerpt":{"rendered":"<p>The <strong>JNR Falcon X 18000 Vdihov za enkratno uporabo, polnljiv <\/strong>je napredna naprava zasnovana za zagotavljanje neverjetnega <strong>18.000 vdihov<\/strong> zadovoljivega, aromati\u010dnega vapinga. Prednapolnjena z <strong>24 ml vrhunske e-teko\u010dine<\/strong>, ta naprava je na voljo v nizu 2% <strong>mo\u017enosti z nizko vsebnostjo nikotina<\/strong> ki ustrezajo vsem \u017eeljam.<\/p>\n<p><img loading=\"lazy\" decoding=\"async\" class=\"size-full wp-image-2375\" src=\"https:\/\/rmvapesale.com\/wp-content\/uploads\/2024\/10\/image.png\" alt=\"Najbolj\u0161i Vape za enkratno uporabo\" width=\"229\" height=\"300\" \/><\/p>\n<h3><a href=\"https:\/\/wa.me\/8617776015835\"><span style=\"color: #ff0000\"><strong>WhatsApp: +86 17776015835<\/strong><\/span><\/a><\/h3>\n<p>&nbsp;<\/p>","protected":false},"featured_media":2748,"comment_status":"open","ping_status":"closed","template":"","meta":{"_uag_custom_page_level_css":"","_lmt_disableupdate":"no","_lmt_disable":"","site-sidebar-layout":"default","site-content-layout":"content-boxed-container","ast-site-content-layout":"normal-width-container","site-content-style":"boxed","site-sidebar-style":"unboxed","ast-global-header-display":"","ast-banner-title-visibility":"","ast-main-header-display":"","ast-hfb-above-header-display":"","ast-hfb-below-header-display":"","ast-hfb-mobile-header-display":"","site-post-title":"","ast-breadcrumbs-content":"","ast-featured-img":"","footer-sml-layout":"","theme-transparent-header-meta":"default","adv-header-id-meta":"","stick-header-meta":"","header-above-stick-meta":"","header-main-stick-meta":"","header-below-stick-meta":"","astra-migrate-meta-layouts":"set","ast-page-background-enabled":"default","ast-page-background-meta":{"desktop":{"background-color":"var(--ast-global-color-4)","background-image":"","background-repeat":"repeat","background-position":"center center","background-size":"auto","background-attachment":"scroll","background-type":"","background-media":"","overlay-type":"","overlay-color":"","overlay-opacity":"","overlay-gradient":""},"tablet":{"background-color":"","background-image":"","background-repeat":"repeat","background-position":"center center","background-size":"auto","background-attachment":"scroll","background-type":"","background-media":"","overlay-type":"","overlay-color":"","overlay-opacity":"","overlay-gradient":""},"mobile":{"background-color":"","background-image":"","background-repeat":"repeat","background-position":"center center","background-size":"auto","background-attachment":"scroll","background-type":"","background-media":"","overlay-type":"","overlay-color":"","overlay-opacity":"","overlay-gradient":""}},"ast-content-background-meta":{"desktop":{"background-color":"var(--ast-global-color-5)","background-image":"","background-repeat":"repeat","background-position":"center center","background-size":"auto","background-attachment":"scroll","background-type":"","background-media":"","overlay-type":"","overlay-color":"","overlay-opacity":"","overlay-gradient":""},"tablet":{"background-color":"var(--ast-global-color-5)","background-image":"","background-repeat":"repeat","background-position":"center center","background-size":"auto","background-attachment":"scroll","background-type":"","background-media":"","overlay-type":"","overlay-color":"","overlay-opacity":"","overlay-gradient":""},"mobile":{"background-color":"var(--ast-global-color-5)","background-image":"","background-repeat":"repeat","background-position":"center center","background-size":"auto","background-attachment":"scroll","background-type":"","background-media":"","overlay-type":"","overlay-color":"","overlay-opacity":"","overlay-gradient":""}},"_joinchat":[]},"product_brand":[],"product_cat":[15,25,123,26,28,135,27,137,30],"product_tag":[218,217,205],"class_list":{"0":"post-2751","1":"product","2":"type-product","3":"status-publish","4":"has-post-thumbnail","6":"product_cat-new-vape-this-week","7":"product_cat-germany-best-selling-vape","8":"product_cat-italy-wholesale-vape","9":"product_cat-netherlands-hot-sale-vape","10":"product_cat-poland-hot-sale-vape","11":"product_cat-spain-best-hot-sale-vape","12":"product_cat-fance-hot-sale-vape","13":"product_cat-rechargeable-vapes","14":"product_cat-minimum-order-quantity-50pcs","15":"product_tag-jnr-18000-puffs","16":"product_tag-jnr-falcon-x-18000","17":"product_tag-jnr-vape","18":"desktop-align-left","19":"tablet-align-left","20":"mobile-align-left","22":"first","23":"instock","24":"sale","25":"shipping-taxable","26":"purchasable","27":"product-type-simple"},"uagb_featured_image_src":{"full":["https:\/\/rmvapesale.com\/wp-content\/uploads\/2024\/11\/JNR-Falcon-X-18000-Disposable-Vape-Box.jpg",800,800,false],"thumbnail":["https:\/\/rmvapesale.com\/wp-content\/uploads\/2024\/11\/JNR-Falcon-X-18000-Disposable-Vape-Box-150x150.jpg",150,150,true],"medium":["https:\/\/rmvapesale.com\/wp-content\/uploads\/2024\/11\/JNR-Falcon-X-18000-Disposable-Vape-Box-300x300.jpg",300,300,true],"medium_large":["https:\/\/rmvapesale.com\/wp-content\/uploads\/2024\/11\/JNR-Falcon-X-18000-Disposable-Vape-Box-768x768.jpg",768,768,true],"large":["https:\/\/rmvapesale.com\/wp-content\/uploads\/2024\/11\/JNR-Falcon-X-18000-Disposable-Vape-Box.jpg",800,800,false],"1536x1536":["https:\/\/rmvapesale.com\/wp-content\/uploads\/2024\/11\/JNR-Falcon-X-18000-Disposable-Vape-Box.jpg",800,800,false],"2048x2048":["https:\/\/rmvapesale.com\/wp-content\/uploads\/2024\/11\/JNR-Falcon-X-18000-Disposable-Vape-Box.jpg",800,800,false],"trp-custom-language-flag":["https:\/\/rmvapesale.com\/wp-content\/uploads\/2024\/11\/JNR-Falcon-X-18000-Disposable-Vape-Box.jpg",12,12,false],"woocommerce_thumbnail":["https:\/\/rmvapesale.com\/wp-content\/uploads\/2024\/11\/JNR-Falcon-X-18000-Disposable-Vape-Box-300x300.jpg",300,300,true],"woocommerce_single":["https:\/\/rmvapesale.com\/wp-content\/uploads\/2024\/11\/JNR-Falcon-X-18000-Disposable-Vape-Box-600x600.jpg",600,600,true],"woocommerce_gallery_thumbnail":["https:\/\/rmvapesale.com\/wp-content\/uploads\/2024\/11\/JNR-Falcon-X-18000-Disposable-Vape-Box-100x100.jpg",100,100,true],"wcpr-photo-reviews":["https:\/\/rmvapesale.com\/wp-content\/uploads\/2024\/11\/JNR-Falcon-X-18000-Disposable-Vape-Box.jpg",500,500,false]},"uagb_author_info":{"display_name":"AMY","author_link":"https:\/\/rmvapesale.com\/sl\/author\/"},"uagb_comment_info":0,"uagb_excerpt":"The JNR Falcon X 18000 Puffs Rechargeable Disposable Vape is a cutting-edge device designed to deliver up to an incredible 18,000 puffs of satisfying, flavorful vaping. Pre-filled with 24ml of premium e-liquid, this device is available in an array of 2% low nicotine options that cater to every preference. WhatsApp: +86 17776015835 &nbsp;","_links":{"self":[{"href":"https:\/\/rmvapesale.com\/sl\/wp-json\/wp\/v2\/product\/2751","targetHints":{"allow":["GET"]}}],"collection":[{"href":"https:\/\/rmvapesale.com\/sl\/wp-json\/wp\/v2\/product"}],"about":[{"href":"https:\/\/rmvapesale.com\/sl\/wp-json\/wp\/v2\/types\/product"}],"replies":[{"embeddable":true,"href":"https:\/\/rmvapesale.com\/sl\/wp-json\/wp\/v2\/comments?post=2751"}],"wp:featuredmedia":[{"embeddable":true,"href":"https:\/\/rmvapesale.com\/sl\/wp-json\/wp\/v2\/media\/2748"}],"wp:attachment":[{"href":"https:\/\/rmvapesale.com\/sl\/wp-json\/wp\/v2\/media?parent=2751"}],"wp:term":[{"taxonomy":"product_brand","embeddable":true,"href":"https:\/\/rmvapesale.com\/sl\/wp-json\/wp\/v2\/product_brand?post=2751"},{"taxonomy":"product_cat","embeddable":true,"href":"https:\/\/rmvapesale.com\/sl\/wp-json\/wp\/v2\/product_cat?post=2751"},{"taxonomy":"product_tag","embeddable":true,"href":"https:\/\/rmvapesale.com\/sl\/wp-json\/wp\/v2\/product_tag?post=2751"}],"curies":[{"name":"wp","href":"https:\/\/api.w.org\/{rel}","templated":true}]}}