{"id":2767,"date":"2024-11-21T08:44:14","date_gmt":"2024-11-21T08:44:14","guid":{"rendered":"https:\/\/rmvapesale.com\/?post_type=product&#038;p=2767"},"modified":"2024-11-21T09:11:37","modified_gmt":"2024-11-21T09:11:37","slug":"jnr-alien-10000-puffs-rechargeable-disposable-vape-bulk-price","status":"publish","type":"product","link":"https:\/\/rmvapesale.com\/sl\/product\/jnr-alien-10000-puffs-rechargeable-disposable-vape-bulk-price\/","title":{"rendered":"JNR Alien 10000 Vpihov Polnilna Vape za Enkratno Uporabo - Cena za Ve\u010dje Koli\u010dine"},"content":{"rendered":"<div class=\"B2VR9 CJHX3e\">\n<div class=\"wyccme\">\n<h1 class=\"LC20lb MBeuO DKV0Md\">JNR Alien 10000 Vpihov Polnilna Vape za Enkratno Uporabo - Cena za Ve\u010dje Koli\u010dine<\/h1>\n<div class=\"flex-shrink-0 flex flex-col relative items-end\">\n<div class=\"pt-0\">\n<div class=\"gizmo-bot-avatar flex h-8 w-8 items-center justify-center overflow-hidden rounded-full\">\n<div class=\"relative p-1 rounded-sm flex items-center justify-center bg-token-main-surface-primary text-token-text-primary h-8 w-8\">\n<p>The <strong>JNR Alien 10000 vdihov polnilna e-cigareta za enkratno uporabo<\/strong> je zasnovan za tiste, ki jim je pomembna tako priro\u010dnost kot zmogljivost. S predhodno napolnjeno <strong>20 ml prostornino e-teko\u010dine<\/strong>, ta naprava ponuja do <strong>10.000 vdihov<\/strong>, zagotavlja podalj\u0161ane seje vapinga brez pogostega menjavanja. Napajano z zanesljivim <strong>850mAh polnilna baterija<\/strong>, zagotavlja dosledno proizvodnjo pare, napredni <strong>tehnologija mre\u017easte tuljave<\/strong> pove\u010duje tako okus kot oblak za vi\u0161jo izku\u0161njo. Alien JNR 10000 zasnovan za <strong>MTL (usta-do-plju\u010da) vaping<\/strong>, ta naprava ima brezskrbni <strong>mehanizem z aktivacijo s potegom<\/strong>, zaradi \u010desar je popolna za uporabnike, ki \u017eelijo preprostost brez kompromisov pri zmogljivosti.<\/p>\n<p>Kompakten in prenosljiv, <strong>JNR Alien 10000 Polnljivi Vape<\/strong> je idealen za vaping na poti. Polnljiva baterija podpira dolgo uporabo, lahka zasnova pa omogo\u010da enostavno prena\u0161anje. Z <strong>5% mo\u010djo nikotina<\/strong>, zagotavlja zadovoljiv udarec, ki ustreza uporabnikom, ki i\u0161\u010dejo mo\u010dan, a hkrati gladek vaping. Ne glede na to, ali ste prodajalec ali kupec na debelo, <strong>JNR Alien 10000 Pufov<\/strong> nudi izjemno vrednost po <strong>ceni na debelo<\/strong>, zaradi \u010desar je izjemen izdelek za veleprodajo vapov.<\/p>\n<\/div>\n<\/div>\n<\/div>\n<\/div>\n<\/div>\n<\/div>\n<p><strong>Kontaktirajte Amy, da dobite pravi odgovor in kupon za vape!<\/strong><\/p>\n<p><img loading=\"lazy\" decoding=\"async\" class=\"size-full wp-image-1978\" src=\"https:\/\/rmvapesale.com\/wp-content\/uploads\/2024\/09\/Disposable-Vape-Wholesale.jpg\" alt=\"Vape za enkratno uporabo na debelo\" width=\"229\" height=\"300\" \/><\/p>\n<h3><a href=\"https:\/\/wa.me\/8617776015835\" target=\"_blank\" rel=\"noopener\"><span style=\"color: #ff0000\"><strong>WhatsApp: +86 17776015835<\/strong><\/span><\/a><\/h3>\n<p>&nbsp;<\/p>\n<h2><\/h2>\n<h2><strong>Klju\u010dne zna\u010dilnosti JNR Alien 10000 Pufov<\/strong><\/h2>\n<ul>\n<li><strong>Zagotavlja do 10.000 pufov na napravo<\/strong><\/li>\n<li><strong>20 ml e-tekline vnaprej napolnjene za manj zamenjav<\/strong><\/li>\n<li><strong>850mAh ponovno polnljiva baterija za dalj\u0161e seanse<\/strong><\/li>\n<li><strong>Tehnologija mre\u017enih tuljav izbolj\u0161uje okus in paro<\/strong><\/li>\n<li><strong>Kompakten, aktiviran s potegom dizajn za breznaporen vaping<\/strong><\/li>\n<\/ul>\n<h2><\/h2>\n<h2><strong>Najbolj\u0161i okus za JNR Alien 10kPuffs<\/strong><\/h2>\n<p>1. \u010crna Zmajeva Led<br \/>\n2. Modra malina \u010de\u0161nja <span style=\"color: #ff0000\"><strong>&gt;&gt;&gt;&gt; Vro\u010de!<\/strong><\/span><br \/>\n3. Modra malina led <span style=\"color: #ff0000\"><strong>&gt;&gt;&gt;&gt; Vro\u010de!<\/strong><\/span><br \/>\n4. Borovni\u010dev mehur\u010dek z \u017eve\u010dilnim gumijem<br \/>\n5. Borovnica, \u010de\u0161nja in brusnica<br \/>\n6. Borovnica na ledu<br \/>\n7. Borovnica, kisla malina<br \/>\n8. Gazirana \u010de\u0161nja kola<br \/>\n9. Grozdna Led<br \/>\n10. Guava Led<br \/>\n11. Kivi, pasijonski sad in guava<br \/>\n12. Jagoda in kivi<br \/>\n13. Me\u0161ana jagodi\u010dja<br \/>\n14. G. Modri<br \/>\n15. Pasijonski sad<br \/>\n16. Breskova jagoda<br \/>\n17. Breskova borovni\u010dina sladica<br \/>\n18. Breskova Led<br \/>\n19. Breskev Mango Ananas <span style=\"color: #ff0000\"><strong>&gt;&gt;&gt;&gt; Vro\u010de!<\/strong><\/span><br \/>\n20. Kislije Jabolko<br \/>\n21. Jagoda Banana<br \/>\n22. Jagoda Led<br \/>\n23. Jagoda Rde\u010da Riba \u010crni Led <span style=\"color: #ff0000\"><strong>&gt;&gt;&gt;&gt; Najbolj\u0161e!<\/strong><\/span><br \/>\n24. Jagoda Melona Led<br \/>\n25. Jagoda Melona Limona<br \/>\n26. Melona \u017dve\u010dilni Gumi<br \/>\n27. Melona Led<br \/>\n28. Banana Led<br \/>\n29. Borovni\u010dev Kivi<br \/>\n30. Vi\u0161nja Jagoda<br \/>\n31. Cola Led<br \/>\n32. Hladni Meta<br \/>\n33. Dvojno Jabolko<br \/>\n34. Gumi Medved<br \/>\n35. Razko\u0161na Led<br \/>\n36. Malina Watermelon<br \/>\n37. Jagodna Sladkarija Led<br \/>\n38. Jagodna Pi\u00f1a Colada<br \/>\n39. Jagoda Granatno Jabolko<br \/>\n40. Jagoda Malina Led<br \/>\n41. Tropski Udar<br \/>\n42. Watermelon Brazz Led<br \/>\n43. Watermelon Litchi<\/p>\n<p>&nbsp;<\/p>\n<h3><strong>Zakaj izbrati Rmvapesale za Alien JNR 10000 Pufov <\/strong><strong>V<\/strong><strong>Veleprodaja vejpanja<\/strong><strong>?<\/strong><\/h3>\n<div class=\"flex-shrink-0 flex flex-col relative items-end\">\n<div class=\"pt-0\">\n<div class=\"gizmo-bot-avatar flex h-8 w-8 items-center justify-center overflow-hidden rounded-full\">\n<div class=\"relative p-1 rounded-sm flex items-center justify-center bg-token-main-surface-primary text-token-text-primary h-8 w-8\">\n<p>Dobrodo\u0161li v Rmvapesale, va\u0161i zaupanja vredni trgovini za vrhunske e-cigarete za enkratno uporabo. Z ve\u010d kot 5-letnimi izku\u0161njami vam ponujamo priljubljene znamke e-cigaret za enkratno uporabo, kot so Al Fakher, <a href=\"https:\/\/rmvapesale.com\/sl\/product-category\/bang-vapes\/\">Bang Vape<\/a>, Waspe, WGA Vape in<a href=\"https:\/\/rmvapesale.com\/sl\/product-category\/randm-fumot-vape\/\"> RandM Vape<\/a>.<\/p>\n<p>Na\u0161a ponudba vklju\u010duje priljubljene e-cigarete, kot je <a href=\"https:\/\/rmvapesale.com\/sl\/product\/randm-tornado-15000-puffs-vape-wholesale\/\">RandM Tornado 15000<\/a> in bogate izbire okusov, kot je Vapme 70000. Vsak izdelek je izbran s poudarkom na kakovosti, vrednosti in raznolikosti, kar zagotavlja, da boste na\u0161li popolno ujemanje za va\u0161e potrebe. Odkrijte izjemno storitev in \u0161iroko paleto vrhunskih izdelkov pri Rmvapesale.<\/p>\n<\/div>\n<h3><\/h3>\n<div class=\"relative p-1 rounded-sm flex items-center justify-center bg-token-main-surface-primary text-token-text-primary h-8 w-8\">\n<h3><b> Pogosta vpra\u0161anja za <\/b><b>Alien JNR 10000 Polnilec za enkratno uporabo Vape<\/b><\/h3>\n<div class=\"group\/conversation-turn relative flex w-full min-w-0 flex-col agent-turn\">\n<div class=\"flex-col gap-1 md:gap-3\">\n<div class=\"flex max-w-full flex-col flex-grow\">\n<div class=\"min-h-8 text-message flex w-full flex-col items-end gap-2 whitespace-normal break-words [.text-message+&amp;]:mt-5\" dir=\"auto\" data-message-author-role=\"assistant\" data-message-id=\"00c9b302-bc9c-4550-94ba-5a295efa2be3\" data-message-model-slug=\"gpt-4o\">\n<div class=\"flex w-full flex-col gap-1 empty:hidden first:pt-[3px]\">\n<div class=\"markdown prose w-full break-words dark:prose-invert light\">\n<div class=\"flex-shrink-0 flex flex-col relative items-end\">\n<div>\n<div class=\"pt-0\">\n<div class=\"gizmo-bot-avatar flex h-8 w-8 items-center justify-center overflow-hidden rounded-full\">\n<div class=\"relative p-1 rounded-sm flex items-center justify-center bg-token-main-surface-primary text-token-text-primary h-8 w-8\">\n<div class=\"flex-shrink-0 flex flex-col relative items-end\">\n<div>\n<div class=\"pt-0\">\n<div class=\"gizmo-bot-avatar flex h-8 w-8 items-center justify-center overflow-hidden rounded-full\">\n<div class=\"relative p-1 rounded-sm flex items-center justify-center bg-token-main-surface-primary text-token-text-primary h-8 w-8\">\n<p><strong>1. Koliko nikotina je v JNR 10000 Vape za enkratno uporabo?<\/strong><br \/>\nThe <strong>JNR Alien 10k Vape za enkratno uporabo<\/strong> vsebuje <strong>5% mo\u010d nikotina (50mg)<\/strong>, ki ponuja mo\u010dno, a gladko nikotinsko izku\u0161njo.<\/p>\n<p><strong>2. Kje lahko kupim JNR Alien 10k Puffs po veleprodajni ceni?<\/strong><br \/>\nLahko kupite <strong>JNR Alien 10k Puffs<\/strong> at <strong>veleprodajnih cenah<\/strong> prek zaupanja vrednih veletrgovcev z vape izdelki, distributerjev ali spletnih platform, specializiranih za prodajo vape izdelkov na debelo.<\/p>\n<p><strong>3. Kako vem, kdaj je moj JNR 10000 Puffs Smart Vape prazen?<\/strong><br \/>\nVa\u0161 <strong>JNR 10000 Vape<\/strong> je morda prazen, \u010de opazite za\u017egan ali neprijeten okus, zmanj\u0161ano proizvodnjo pare ali naprava ne deluje ve\u010d, ko jo uporabljate.<\/p>\n<p><strong>4. Kako dolgo traja okus v JNR 10000 vape pisalu za enkratno uporabo?<\/strong><br \/>\nOkusi v <strong>JNR Alien 10000<\/strong> ostanejo dosledni in zadovoljivi skozi celotno \u017eivljenjsko dobo <strong>10.000 vdihov<\/strong>, kar zagotavlja brezkompromisen okus.<\/p>\n<p><strong>5. Kateri so priljubljeni okusi za JNR Alien 10k Puffs vape pisalo za enkratno uporabo?<\/strong><br \/>\nNajbolj\u0161i okusi za <strong>JNR Alien 10k Puffs<\/strong> vklju\u010dujejo Mango Ice, Strawberry Watermelon, Blueberry Raspberry in Cool Mint, ki ustrezajo razli\u010dnim preferencam.<\/p>\n<p><strong>6. Koliko vdihov ponuja JNR 10000 Vape?<\/strong><br \/>\nThe <strong>JNR Alien 10k Vape<\/strong> ponuja <strong>10.000 vdihov<\/strong>, zaradi \u010desar je dolgotrajna in priro\u010dna mo\u017enost tako za strastne kot ob\u010dasne uporabnike vape.<\/p>\n<p><strong>Kako dolgo traja polnjenje JNR 30000 Puffs polnilnega vejpa?<\/strong><br \/>\nThe <strong>JNR 10000 Puffs Vape<\/strong> popolnoma se napolni pribli\u017eno <strong>1 do 1,5 ure<\/strong>, zahvaljujo\u010d u\u010dinkovitemu <strong>Type-C<\/strong>.<\/p>\n<\/div>\n<\/div>\n<\/div>\n<\/div>\n<\/div>\n<\/div>\n<\/div>\n<\/div>\n<\/div>\n<\/div>\n<div class=\"group\/conversation-turn relative flex w-full min-w-0 flex-col agent-turn\">\n<div class=\"flex-col gap-1 md:gap-3\">\n<div class=\"flex max-w-full flex-col flex-grow\">\n<div class=\"min-h-8 text-message flex w-full flex-col items-end gap-2 whitespace-normal break-words [.text-message+&amp;]:mt-5\" dir=\"auto\" data-message-author-role=\"assistant\" data-message-id=\"a3dc01bd-23b0-4fd7-bb9a-7827522cefd8\" data-message-model-slug=\"gpt-4o\">\n<div class=\"flex w-full flex-col gap-1 empty:hidden first:pt-[3px]\"><\/div>\n<\/div>\n<\/div>\n<\/div>\n<\/div>\n<\/div>\n<\/div>\n<\/div>\n<\/div>\n<\/div>\n<\/div>\n<\/div>\n<\/div>\n<\/div>\n<\/div>\n<h3>O po\u0161iljanju<\/h3>\n<div class=\"flex-shrink-0 flex flex-col relative items-end\">\n<div>\n<div class=\"pt-0\">\n<div class=\"gizmo-bot-avatar flex h-8 w-8 items-center justify-center overflow-hidden rounded-full\">\n<div><\/div>\n<div class=\"relative p-1 rounded-sm flex items-center justify-center bg-token-main-surface-primary text-token-text-primary h-8 w-8\"><strong>1. Katere metode po\u0161iljanja se uporabljajo?<\/strong><\/div>\n<\/div>\n<\/div>\n<\/div>\n<\/div>\n<div class=\"group\/conversation-turn relative flex w-full min-w-0 flex-col agent-turn\">\n<div class=\"flex-col gap-1 md:gap-3\">\n<div class=\"flex max-w-full flex-col flex-grow\">\n<div class=\"min-h-[20px] text-message flex w-full flex-col items-end gap-2 whitespace-normal break-words [.text-message+&amp;]:mt-5 overflow-x-auto\" dir=\"auto\" data-message-author-role=\"assistant\" data-message-id=\"22f8283b-3233-46ff-89a5-c7a41b33abda\">\n<div class=\"flex w-full flex-col gap-1 empty:hidden first:pt-[3px]\">\n<div class=\"markdown prose w-full break-words dark:prose-invert light\">\n<p>Sodelujemo z UPS, DHL, FedEx, DPD in drugimi vodilnimi prevozniki. Izbrali bomo najbolj\u0161i na\u010din po\u0161iljanja glede na va\u0161o lokacijo dostave, da zagotovimo, da boste izdelke prejeli \u010dim hitreje.<\/p>\n<\/div>\n<p><strong>2. Kako dolgo traja, da prispe?<\/strong><\/p>\n<p>Paketi, poslani v Slovenijo, obi\u010dajno prispejo v 10 delovnih dneh. Po\u0161iljanje v evropske dr\u017eave obi\u010dajno traja pribli\u017eno 12-15 delovnih dni. Zagotovili vam bomo sprotne posodobitve o statusu va\u0161ega po\u0161iljanja.<\/p>\n<\/div>\n<\/div>\n<\/div>\n<\/div>\n<\/div>\n<p>&nbsp;<\/p>\n<p>Poi\u0161\u010di ve\u010d izdelkov Vape, ki so ti morda v\u0161e\u010d:<strong><em><a href=\"https:\/\/rmvapesale.com\/sl\/shop-2\/\">nakupuj zdaj &gt;&gt;&gt;<\/a><\/em><\/strong><\/p>","protected":false},"excerpt":{"rendered":"<p>The <strong>JNR Alien 10000 vdihov polnilna e-cigareta za enkratno uporabo<\/strong> je zasnovan za tiste, ki jim je pomembna tako priro\u010dnost kot zmogljivost. S predhodno napolnjeno <strong>20 ml prostornino e-teko\u010dine<\/strong>, ta naprava ponuja do <strong>10.000 vdihov<\/strong>, kar zagotavlja dolgotrajno uporabo brez pogostih zamenjav.<\/p>\n<p><img loading=\"lazy\" decoding=\"async\" class=\"size-full wp-image-2375\" src=\"https:\/\/rmvapesale.com\/wp-content\/uploads\/2024\/10\/image.png\" alt=\"Najbolj\u0161i Vape za enkratno uporabo\" width=\"229\" height=\"300\" \/><\/p>\n<h3><a href=\"https:\/\/wa.me\/8617776015835\"><span style=\"color: #ff0000\"><strong>WhatsApp: +86 17776015835<\/strong><\/span><\/a><\/h3>\n<p>&nbsp;<\/p>","protected":false},"featured_media":2762,"comment_status":"open","ping_status":"closed","template":"","meta":{"_uag_custom_page_level_css":"","_lmt_disableupdate":"no","_lmt_disable":"","site-sidebar-layout":"default","site-content-layout":"content-boxed-container","ast-site-content-layout":"normal-width-container","site-content-style":"boxed","site-sidebar-style":"unboxed","ast-global-header-display":"","ast-banner-title-visibility":"","ast-main-header-display":"","ast-hfb-above-header-display":"","ast-hfb-below-header-display":"","ast-hfb-mobile-header-display":"","site-post-title":"","ast-breadcrumbs-content":"","ast-featured-img":"","footer-sml-layout":"","ast-disable-related-posts":"","theme-transparent-header-meta":"default","adv-header-id-meta":"","stick-header-meta":"","header-above-stick-meta":"","header-main-stick-meta":"","header-below-stick-meta":"","astra-migrate-meta-layouts":"set","ast-page-background-enabled":"default","ast-page-background-meta":{"desktop":{"background-color":"var(--ast-global-color-4)","background-image":"","background-repeat":"repeat","background-position":"center center","background-size":"auto","background-attachment":"scroll","background-type":"","background-media":"","overlay-type":"","overlay-color":"","overlay-opacity":"","overlay-gradient":""},"tablet":{"background-color":"","background-image":"","background-repeat":"repeat","background-position":"center center","background-size":"auto","background-attachment":"scroll","background-type":"","background-media":"","overlay-type":"","overlay-color":"","overlay-opacity":"","overlay-gradient":""},"mobile":{"background-color":"","background-image":"","background-repeat":"repeat","background-position":"center center","background-size":"auto","background-attachment":"scroll","background-type":"","background-media":"","overlay-type":"","overlay-color":"","overlay-opacity":"","overlay-gradient":""}},"ast-content-background-meta":{"desktop":{"background-color":"var(--ast-global-color-5)","background-image":"","background-repeat":"repeat","background-position":"center center","background-size":"auto","background-attachment":"scroll","background-type":"","background-media":"","overlay-type":"","overlay-color":"","overlay-opacity":"","overlay-gradient":""},"tablet":{"background-color":"var(--ast-global-color-5)","background-image":"","background-repeat":"repeat","background-position":"center center","background-size":"auto","background-attachment":"scroll","background-type":"","background-media":"","overlay-type":"","overlay-color":"","overlay-opacity":"","overlay-gradient":""},"mobile":{"background-color":"var(--ast-global-color-5)","background-image":"","background-repeat":"repeat","background-position":"center center","background-size":"auto","background-attachment":"scroll","background-type":"","background-media":"","overlay-type":"","overlay-color":"","overlay-opacity":"","overlay-gradient":""}},"_joinchat":[]},"product_brand":[],"product_cat":[15,27,25,123,30,26,28,137,136,135],"product_tag":[223,224,205],"class_list":{"0":"post-2767","1":"product","2":"type-product","3":"status-publish","4":"has-post-thumbnail","6":"product_cat-new-vape-this-week","7":"product_cat-fance-hot-sale-vape","8":"product_cat-germany-best-selling-vape","9":"product_cat-italy-wholesale-vape","10":"product_cat-minimum-order-quantity-50pcs","11":"product_cat-netherlands-hot-sale-vape","12":"product_cat-poland-hot-sale-vape","13":"product_cat-rechargeable-vapes","14":"product_cat-smart-screen-vapes","15":"product_cat-spain-best-hot-sale-vape","16":"product_tag-jnr","17":"product_tag-jnr-10000","18":"product_tag-jnr-vape","19":"desktop-align-left","20":"tablet-align-left","21":"mobile-align-left","23":"first","24":"instock","25":"sale","26":"shipping-taxable","27":"purchasable","28":"product-type-simple"},"uagb_featured_image_src":{"full":["https:\/\/rmvapesale.com\/wp-content\/uploads\/2024\/11\/JNR-Alien-10000-Puffs-Bulk-Price.png",800,800,false],"thumbnail":["https:\/\/rmvapesale.com\/wp-content\/uploads\/2024\/11\/JNR-Alien-10000-Puffs-Bulk-Price-150x150.png",150,150,true],"medium":["https:\/\/rmvapesale.com\/wp-content\/uploads\/2024\/11\/JNR-Alien-10000-Puffs-Bulk-Price-300x300.png",300,300,true],"medium_large":["https:\/\/rmvapesale.com\/wp-content\/uploads\/2024\/11\/JNR-Alien-10000-Puffs-Bulk-Price-768x768.png",768,768,true],"large":["https:\/\/rmvapesale.com\/wp-content\/uploads\/2024\/11\/JNR-Alien-10000-Puffs-Bulk-Price.png",800,800,false],"1536x1536":["https:\/\/rmvapesale.com\/wp-content\/uploads\/2024\/11\/JNR-Alien-10000-Puffs-Bulk-Price.png",800,800,false],"2048x2048":["https:\/\/rmvapesale.com\/wp-content\/uploads\/2024\/11\/JNR-Alien-10000-Puffs-Bulk-Price.png",800,800,false],"trp-custom-language-flag":["https:\/\/rmvapesale.com\/wp-content\/uploads\/2024\/11\/JNR-Alien-10000-Puffs-Bulk-Price.png",12,12,false],"woocommerce_thumbnail":["https:\/\/rmvapesale.com\/wp-content\/uploads\/2024\/11\/JNR-Alien-10000-Puffs-Bulk-Price-300x300.png",300,300,true],"woocommerce_single":["https:\/\/rmvapesale.com\/wp-content\/uploads\/2024\/11\/JNR-Alien-10000-Puffs-Bulk-Price-600x600.png",600,600,true],"woocommerce_gallery_thumbnail":["https:\/\/rmvapesale.com\/wp-content\/uploads\/2024\/11\/JNR-Alien-10000-Puffs-Bulk-Price-100x100.png",100,100,true],"wcpr-photo-reviews":["https:\/\/rmvapesale.com\/wp-content\/uploads\/2024\/11\/JNR-Alien-10000-Puffs-Bulk-Price.png",500,500,false]},"uagb_author_info":{"display_name":"AMY","author_link":"https:\/\/rmvapesale.com\/sl\/author\/"},"uagb_comment_info":0,"uagb_excerpt":"The JNR Alien 10000 Puffs Rechargeable Disposable Vape is engineered for those who prioritize both convenience and performance. With a pre-filled 20ml e-liquid capacity, this device offers up to 10,000 puffs, ensuring extended vaping sessions without frequent replacements. WhatsApp: +86 17776015835 &nbsp;","_links":{"self":[{"href":"https:\/\/rmvapesale.com\/sl\/wp-json\/wp\/v2\/product\/2767","targetHints":{"allow":["GET"]}}],"collection":[{"href":"https:\/\/rmvapesale.com\/sl\/wp-json\/wp\/v2\/product"}],"about":[{"href":"https:\/\/rmvapesale.com\/sl\/wp-json\/wp\/v2\/types\/product"}],"replies":[{"embeddable":true,"href":"https:\/\/rmvapesale.com\/sl\/wp-json\/wp\/v2\/comments?post=2767"}],"wp:featuredmedia":[{"embeddable":true,"href":"https:\/\/rmvapesale.com\/sl\/wp-json\/wp\/v2\/media\/2762"}],"wp:attachment":[{"href":"https:\/\/rmvapesale.com\/sl\/wp-json\/wp\/v2\/media?parent=2767"}],"wp:term":[{"taxonomy":"product_brand","embeddable":true,"href":"https:\/\/rmvapesale.com\/sl\/wp-json\/wp\/v2\/product_brand?post=2767"},{"taxonomy":"product_cat","embeddable":true,"href":"https:\/\/rmvapesale.com\/sl\/wp-json\/wp\/v2\/product_cat?post=2767"},{"taxonomy":"product_tag","embeddable":true,"href":"https:\/\/rmvapesale.com\/sl\/wp-json\/wp\/v2\/product_tag?post=2767"}],"curies":[{"name":"wp","href":"https:\/\/api.w.org\/{rel}","templated":true}]}}