{"id":2782,"date":"2024-11-26T06:22:12","date_gmt":"2024-11-26T06:22:12","guid":{"rendered":"https:\/\/rmvapesale.com\/?post_type=product&#038;p=2782"},"modified":"2024-11-26T06:36:14","modified_gmt":"2024-11-26T06:36:14","slug":"jnr-phonevape-30000-30k-smart-disposable-vape-wholesale","status":"publish","type":"product","link":"https:\/\/rmvapesale.com\/sl\/product\/jnr-phonevape-30000-30k-smart-disposable-vape-wholesale\/","title":{"rendered":"Veleprodaja pametnih uparjalnikov za enkratno uporabo JNR PhoneVape 30000 30K"},"content":{"rendered":"<div class=\"B2VR9 CJHX3e\">\n<div class=\"wyccme\">\n<h1 class=\"LC20lb MBeuO DKV0Md\">Veleprodaja pametnih uparjalnikov za enkratno uporabo JNR PhoneVape 30000 30K<\/h1>\n<div class=\"flex-shrink-0 flex flex-col relative items-end\">\n<div class=\"pt-0\">\n<div class=\"gizmo-bot-avatar flex h-8 w-8 items-center justify-center overflow-hidden rounded-full\">\n<div class=\"relative p-1 rounded-sm flex items-center justify-center bg-token-main-surface-primary text-token-text-primary h-8 w-8\">\n<p>The <strong>JNR PhoneVape 30000 Pametna enkratna vape<\/strong>, revolucionarna naprava, ki zdru\u017euje najnaprednej\u0161o tehnologijo z izjemno zmogljivostjo. Zasnovano za sodobne vaperje, ta pametna enkratna vape ponuja obse\u017eno <strong>30.000 vpihov<\/strong> in <strong>Obi\u010dajni na\u010din<\/strong> in <strong>18.000 vdihov<\/strong> in <strong>Pulzni na\u010din<\/strong>, zaradi \u010desar je popoln za dolgotrajno uporabo. Njegova <strong>polni zaslon<\/strong> nudi podatke v realnem \u010dasu, vklju\u010dno z \u017eivljenjsko dobo baterije, ravnijo e-tekale, \u010dasom in celo koledarskimi funkcijami, vas obve\u0161\u010da v vsakem trenutku. Z njegovim <strong>nastavljivim sistemom pretoka zraka<\/strong>, lahko prilagodite intenzivnost svojega vle\u010denja glede na va\u0161e \u017eelje. Popoln tako za spro\u0161\u010dene kot za izku\u0161ene uporabnike, <strong>JNR PhoneVape<\/strong> pove\u010duje udobje v vapingu na naslednjo raven.<\/p>\n<p>Kar lo\u010duje <strong>JNR PhoneVape 30K<\/strong> je njegova <strong>pametne funkcije<\/strong>. Ta naprava podpira <strong>obvestila o klicih in sporo\u010dilih<\/strong>, <strong>nadzor kamere na daljavo<\/strong> funkcijo, in edinstveno <strong>Najdi svojo vape<\/strong> funkcijo preko njegovega <strong>Integracija aplikacije WearinOS<\/strong>. Njegovo <strong>na\u010din zaklepanja<\/strong> zagotavlja varnost, ko ni v uporabi, medtem ko <strong>Type-C polnljiva baterija<\/strong> se popolnoma napolni v samo <strong>1,5 do 2 uri<\/strong>, zagotavlja dosledno mo\u010d za dalj\u0161e seje vapinga. Na voljo v razli\u010dnih okusih, vklju\u010dno z <strong>Blue Razz Ice<\/strong> in <strong>Strawberry Ice<\/strong>, ta polnljivi enkratni vape zagotavlja tako zadovoljstvo kot slog. Veliki kupci lahko izkoristijo konkuren\u010dne cene, zaradi \u010desar je <strong>JNR PhoneVape 30000<\/strong> nepremagljiva izbira za nakup na debelo.<\/p>\n<\/div>\n<\/div>\n<\/div>\n<\/div>\n<\/div>\n<\/div>\n<p><strong>Kontaktirajte Amy, da dobite pravi odgovor in kupon za vape!<\/strong><\/p>\n<p><img loading=\"lazy\" decoding=\"async\" class=\"size-full wp-image-1978\" src=\"https:\/\/rmvapesale.com\/wp-content\/uploads\/2024\/09\/Disposable-Vape-Wholesale.jpg\" alt=\"Vape za enkratno uporabo na debelo\" width=\"229\" height=\"300\" \/><\/p>\n<h3><a href=\"https:\/\/wa.me\/8617776015835\" target=\"_blank\" rel=\"noopener\"><span style=\"color: #ff0000\"><strong>WhatsApp: +86 17776015835<\/strong><\/span><\/a><\/h3>\n<p>&nbsp;<\/p>\n<h2><\/h2>\n<h2><strong>JNR PhoneVape 30000 Puffs Klju\u010dne zna\u010dilnosti<\/strong><\/h2>\n<ul>\n<li><strong>Ogromno \u0161tevilo vdihov<\/strong>: Do 30.000 potiskov v obi\u010dajnem na\u010dinu, 18.000 v pulznem na\u010dinu.<\/li>\n<li><strong>Pametna zaslonka<\/strong>: Podatki v realnem \u010dasu o \u010dasu, bateriji in ravni e-juice.<\/li>\n<li><strong>Napredne funkcije<\/strong>: Obvestila o klicih in sporo\u010dilih, daljinski upravljalnik kamere in Najdi svoj vape.<\/li>\n<li><strong>Polnilna baterija<\/strong>: Hitro polnjenje Type-C za 1,5 do 2 uri.<\/li>\n<li><strong>Prilagodljiv pretok zraka<\/strong>: Nastavljiv pretok zraka za osebno izku\u0161njo vapinga.<\/li>\n<\/ul>\n<h2><strong>Najljub\u0161i okus za JNR Phone Vape 30000<\/strong><\/h2>\n<p>1.Blue Razz Ice <span style=\"color: #ff0000\"><strong>&gt;&gt;&gt;&gt; Vro\u010de!<\/strong><\/span><br \/>\n2.Strawberry Ice<br \/>\n3.Lubenica Led<br \/>\n4.Miami Mint <span style=\"color: #ff0000\"><strong>&gt;&gt;&gt;&gt; Vro\u010de!<\/strong><\/span><br \/>\n5. Banana led<br \/>\n6. \u010ce\u0161nje, jagoda, malina <span style=\"color: #ff0000\"><strong>&gt;&gt;&gt;&gt; Najbolj\u0161e!<\/strong><\/span><br \/>\n7. Kislo jabolko led<br \/>\n8. Borovnica Lubenica<br \/>\n9. Breskev, mango, lubenica<br \/>\n10. Fcuking Fab<\/p>\n<p>&nbsp;<\/p>\n<h3><strong>Zakaj izbrati Rmvapesale za JNR PhoneVape 30K Puffs <\/strong><strong>V<\/strong><strong>Veleprodaja vejpanja<\/strong><strong>?<\/strong><\/h3>\n<div class=\"flex-shrink-0 flex flex-col relative items-end\">\n<div class=\"pt-0\">\n<div class=\"gizmo-bot-avatar flex h-8 w-8 items-center justify-center overflow-hidden rounded-full\">\n<div class=\"relative p-1 rounded-sm flex items-center justify-center bg-token-main-surface-primary text-token-text-primary h-8 w-8\">\n<p>Dobrodo\u0161li v Rmvapesale, va\u0161i zaupanja vredni trgovini za vrhunske e-cigarete za enkratno uporabo. Z ve\u010d kot 5-letnimi izku\u0161njami vam ponujamo priljubljene znamke e-cigaret za enkratno uporabo, kot so Al Fakher, <a href=\"https:\/\/rmvapesale.com\/sl\/product-category\/bang-vapes\/\">Bang Vape<\/a>, Waspe, WGA Vape in<a href=\"https:\/\/rmvapesale.com\/sl\/product-category\/randm-fumot-vape\/\"> RandM Vape<\/a>.<\/p>\n<p>Na\u0161a ponudba vklju\u010duje priljubljene e-cigarete, kot je <a href=\"https:\/\/rmvapesale.com\/sl\/product\/randm-tornado-15000-puffs-vape-wholesale\/\">RandM Tornado 15000<\/a> in bogate izbire okusov, kot je Vapme 70000. Vsak izdelek je izbran s poudarkom na kakovosti, vrednosti in raznolikosti, kar zagotavlja, da boste na\u0161li popolno ujemanje za va\u0161e potrebe. Odkrijte izjemno storitev in \u0161iroko paleto vrhunskih izdelkov pri Rmvapesale.<\/p>\n<\/div>\n<h3><\/h3>\n<div class=\"relative p-1 rounded-sm flex items-center justify-center bg-token-main-surface-primary text-token-text-primary h-8 w-8\">\n<h3><b> Pogosta vpra\u0161anja za JNR Phone Vape 30K<\/b><b>\u00a0Vape za enkratno uporabo, ki ga je mogo\u010de polniti<\/b><\/h3>\n<div class=\"group\/conversation-turn relative flex w-full min-w-0 flex-col agent-turn\">\n<div class=\"flex-col gap-1 md:gap-3\">\n<div class=\"flex max-w-full flex-col flex-grow\">\n<div class=\"min-h-8 text-message flex w-full flex-col items-end gap-2 whitespace-normal break-words [.text-message+&amp;]:mt-5\" dir=\"auto\" data-message-author-role=\"assistant\" data-message-id=\"00c9b302-bc9c-4550-94ba-5a295efa2be3\" data-message-model-slug=\"gpt-4o\">\n<div class=\"flex w-full flex-col gap-1 empty:hidden first:pt-[3px]\">\n<div class=\"markdown prose w-full break-words dark:prose-invert light\">\n<div class=\"flex-shrink-0 flex flex-col relative items-end\">\n<div>\n<div class=\"pt-0\">\n<div class=\"gizmo-bot-avatar flex h-8 w-8 items-center justify-center overflow-hidden rounded-full\">\n<div class=\"relative p-1 rounded-sm flex items-center justify-center bg-token-main-surface-primary text-token-text-primary h-8 w-8\">\n<div class=\"flex-shrink-0 flex flex-col relative items-end\">\n<div>\n<div class=\"pt-0\">\n<div class=\"gizmo-bot-avatar flex h-8 w-8 items-center justify-center overflow-hidden rounded-full\">\n<div class=\"relative p-1 rounded-sm flex items-center justify-center bg-token-main-surface-primary text-token-text-primary h-8 w-8\">\n<ul>\n<li><strong>Kje kupiti JNR PhoneVape 30000 Puffs po veleprodajni ceni v Sloveniji<\/strong><br \/>\nLahko kupite <strong>JNR PhoneVape 30000 Puffs<\/strong> po veleprodajnih cenah na spletu prek zaupanja vrednih platform za veleprodajo vaping izdelkov ali distributerjev, ki nudijo mednarodno dostavo v Slovenijo. Prepri\u010dajte se, da i\u0161\u010dete popuste za ve\u010dje koli\u010dine ali poobla\u0161\u010dene prodajalce za konkuren\u010dne cene.<\/li>\n<li><strong>Koliko vdihov zagotavlja JNR PhoneVape 30000 Vape?<\/strong><br \/>\nThe <strong>JNR PhoneVape 30000 Vape<\/strong> nudi do <strong>30.000 vdihov v obi\u010dajnem na\u010dinu<\/strong> in <strong>18.000 vdihov v Pulse na\u010dinu<\/strong>, zaradi \u010desar je popoln za podalj\u0161ano uporabo.<\/li>\n<li><strong>Kako dolgo trajajo priljubljene arome za JNR Phone Vape 30000 enkratne vape peres?<\/strong><br \/>\n\u017divljenjska doba priljubljenih arom, kot so <strong>Blue Razz Ice<\/strong> or <strong>Ledena Breskev<\/strong> je odvisna od vzorcev uporabe. Obi\u010dajno lahko z <strong>30.000 vpihov<\/strong>, traja tedne ali celo mesece za povpre\u010dne uporabnike.<\/li>\n<li><strong>Kak\u0161ne so priljubljene arome za JNR PhoneVape 30k Puffs enkratne vape peres?<\/strong><br \/>\nPriljubljeni okusi za <strong>JNR PhoneVape 30k Puffs<\/strong> vklju\u010dujejo <strong>Blue Razz Ice<\/strong>, <strong>Ledena Breskev<\/strong>, in druge sadne, ledene me\u0161anice, ki zagotavljajo osve\u017eujo\u010d in dosleden okus.<\/li>\n<li><strong>Koliko \u010dasa traja polnjenje JNR PhoneVape 30k Puffs ponovno polnljive vape?<\/strong><br \/>\nThe <strong>JNR PhoneVape 30k Puffs ponovno polnljiva vape<\/strong> traja pribli\u017eno <strong>1,5 do 2 uri<\/strong> za popolno polnjenje prek svojega <strong>Type-C<\/strong>.<\/li>\n<li><strong>Koliko nikotina je v JNR Phone Vape 30000 enkratni vape?<\/strong><br \/>\nThe <strong>JNR Phone Vape 30000 enkratni vape<\/strong> vsebuje <strong>2% (20mg\/ml) nikotinska mo\u010d<\/strong>, ki ponuja bolj gladko in milej\u0161o izku\u0161njo vapinga, primerna za uporabnike z nizko vsebnostjo nikotina.<\/li>\n<\/ul>\n<\/div>\n<\/div>\n<\/div>\n<\/div>\n<\/div>\n<\/div>\n<\/div>\n<\/div>\n<\/div>\n<\/div>\n<div class=\"group\/conversation-turn relative flex w-full min-w-0 flex-col agent-turn\">\n<div class=\"flex-col gap-1 md:gap-3\">\n<div class=\"flex max-w-full flex-col flex-grow\">\n<div class=\"min-h-8 text-message flex w-full flex-col items-end gap-2 whitespace-normal break-words [.text-message+&amp;]:mt-5\" dir=\"auto\" data-message-author-role=\"assistant\" data-message-id=\"a3dc01bd-23b0-4fd7-bb9a-7827522cefd8\" data-message-model-slug=\"gpt-4o\">\n<div class=\"flex w-full flex-col gap-1 empty:hidden first:pt-[3px]\"><\/div>\n<\/div>\n<\/div>\n<\/div>\n<\/div>\n<\/div>\n<\/div>\n<\/div>\n<\/div>\n<\/div>\n<\/div>\n<\/div>\n<\/div>\n<\/div>\n<\/div>\n<h3>O po\u0161iljanju<\/h3>\n<div class=\"flex-shrink-0 flex flex-col relative items-end\">\n<div>\n<div class=\"pt-0\">\n<div class=\"gizmo-bot-avatar flex h-8 w-8 items-center justify-center overflow-hidden rounded-full\">\n<div><\/div>\n<div class=\"relative p-1 rounded-sm flex items-center justify-center bg-token-main-surface-primary text-token-text-primary h-8 w-8\"><strong>1. Katere metode po\u0161iljanja se uporabljajo?<\/strong><\/div>\n<\/div>\n<\/div>\n<\/div>\n<\/div>\n<div class=\"group\/conversation-turn relative flex w-full min-w-0 flex-col agent-turn\">\n<div class=\"flex-col gap-1 md:gap-3\">\n<div class=\"flex max-w-full flex-col flex-grow\">\n<div class=\"min-h-[20px] text-message flex w-full flex-col items-end gap-2 whitespace-normal break-words [.text-message+&amp;]:mt-5 overflow-x-auto\" dir=\"auto\" data-message-author-role=\"assistant\" data-message-id=\"22f8283b-3233-46ff-89a5-c7a41b33abda\">\n<div class=\"flex w-full flex-col gap-1 empty:hidden first:pt-[3px]\">\n<div class=\"markdown prose w-full break-words dark:prose-invert light\">\n<p>Sodelujemo z UPS, DHL, FedEx, DPD in drugimi vodilnimi prevozniki. Izbrali bomo najbolj\u0161i na\u010din po\u0161iljanja glede na va\u0161o lokacijo dostave, da zagotovimo, da boste izdelke prejeli \u010dim hitreje.<\/p>\n<\/div>\n<p><strong>2. Kako dolgo traja, da prispe?<\/strong><\/p>\n<p>Paketi, poslani v Slovenijo, obi\u010dajno prispejo v 10 delovnih dneh. Po\u0161iljanje v evropske dr\u017eave obi\u010dajno traja pribli\u017eno 12-15 delovnih dni. Zagotovili vam bomo sprotne posodobitve o statusu va\u0161ega po\u0161iljanja.<\/p>\n<\/div>\n<\/div>\n<\/div>\n<\/div>\n<\/div>\n<p>&nbsp;<\/p>\n<p>Poi\u0161\u010di ve\u010d izdelkov Vape, ki so ti morda v\u0161e\u010d:<strong><em><a href=\"https:\/\/rmvapesale.com\/sl\/shop-2\/\">nakupuj zdaj &gt;&gt;&gt;<\/a><\/em><\/strong><\/p>","protected":false},"excerpt":{"rendered":"<p>The <strong>JNR PhoneVape 30000 Pametna enkratna vape <\/strong>zasnovano za sodobne vaperje, ponuja obse\u017eno <strong>30.000 vpihov<\/strong> in <strong>Obi\u010dajni na\u010din<\/strong> in <strong>18.000 vdihov<\/strong> in <strong>Pulzni na\u010din<\/strong>, zaradi \u010desar je popoln za dolgotrajno uporabo.<\/p>\n<p><img loading=\"lazy\" decoding=\"async\" class=\"size-full wp-image-2375\" src=\"https:\/\/rmvapesale.com\/wp-content\/uploads\/2024\/10\/image.png\" alt=\"Najbolj\u0161i Vape za enkratno uporabo\" width=\"229\" height=\"300\" \/><\/p>\n<h3><a href=\"https:\/\/wa.me\/8617776015835\"><span style=\"color: #ff0000\"><strong>WhatsApp: +86 17776015835<\/strong><\/span><\/a><\/h3>\n<p>&nbsp;<\/p>","protected":false},"featured_media":2778,"comment_status":"open","ping_status":"closed","template":"","meta":{"_uag_custom_page_level_css":"","_lmt_disableupdate":"no","_lmt_disable":"","site-sidebar-layout":"default","site-content-layout":"content-boxed-container","ast-site-content-layout":"normal-width-container","site-content-style":"boxed","site-sidebar-style":"unboxed","ast-global-header-display":"","ast-banner-title-visibility":"","ast-main-header-display":"","ast-hfb-above-header-display":"","ast-hfb-below-header-display":"","ast-hfb-mobile-header-display":"","site-post-title":"","ast-breadcrumbs-content":"","ast-featured-img":"","footer-sml-layout":"","theme-transparent-header-meta":"default","adv-header-id-meta":"","stick-header-meta":"","header-above-stick-meta":"","header-main-stick-meta":"","header-below-stick-meta":"","astra-migrate-meta-layouts":"set","ast-page-background-enabled":"default","ast-page-background-meta":{"desktop":{"background-color":"var(--ast-global-color-4)","background-image":"","background-repeat":"repeat","background-position":"center center","background-size":"auto","background-attachment":"scroll","background-type":"","background-media":"","overlay-type":"","overlay-color":"","overlay-opacity":"","overlay-gradient":""},"tablet":{"background-color":"","background-image":"","background-repeat":"repeat","background-position":"center center","background-size":"auto","background-attachment":"scroll","background-type":"","background-media":"","overlay-type":"","overlay-color":"","overlay-opacity":"","overlay-gradient":""},"mobile":{"background-color":"","background-image":"","background-repeat":"repeat","background-position":"center center","background-size":"auto","background-attachment":"scroll","background-type":"","background-media":"","overlay-type":"","overlay-color":"","overlay-opacity":"","overlay-gradient":""}},"ast-content-background-meta":{"desktop":{"background-color":"var(--ast-global-color-5)","background-image":"","background-repeat":"repeat","background-position":"center center","background-size":"auto","background-attachment":"scroll","background-type":"","background-media":"","overlay-type":"","overlay-color":"","overlay-opacity":"","overlay-gradient":""},"tablet":{"background-color":"var(--ast-global-color-5)","background-image":"","background-repeat":"repeat","background-position":"center center","background-size":"auto","background-attachment":"scroll","background-type":"","background-media":"","overlay-type":"","overlay-color":"","overlay-opacity":"","overlay-gradient":""},"mobile":{"background-color":"var(--ast-global-color-5)","background-image":"","background-repeat":"repeat","background-position":"center center","background-size":"auto","background-attachment":"scroll","background-type":"","background-media":"","overlay-type":"","overlay-color":"","overlay-opacity":"","overlay-gradient":""}},"_joinchat":[]},"product_brand":[],"product_cat":[15,25,123,26,28,135,27,137,136,30],"product_tag":[223,230,231,205,229,228],"class_list":{"0":"post-2782","1":"product","2":"type-product","3":"status-publish","4":"has-post-thumbnail","6":"product_cat-new-vape-this-week","7":"product_cat-germany-best-selling-vape","8":"product_cat-italy-wholesale-vape","9":"product_cat-netherlands-hot-sale-vape","10":"product_cat-poland-hot-sale-vape","11":"product_cat-spain-best-hot-sale-vape","12":"product_cat-fance-hot-sale-vape","13":"product_cat-rechargeable-vapes","14":"product_cat-smart-screen-vapes","15":"product_cat-minimum-order-quantity-50pcs","16":"product_tag-jnr","17":"product_tag-jnr-phonevape-30000","18":"product_tag-jnr-phonevape-30k","19":"product_tag-jnr-vape","20":"product_tag-smart-disposable-vapes","21":"product_tag-touch-screen-vape","22":"desktop-align-left","23":"tablet-align-left","24":"mobile-align-left","26":"first","27":"instock","28":"sale","29":"shipping-taxable","30":"purchasable","31":"product-type-simple"},"uagb_featured_image_src":{"full":["https:\/\/rmvapesale.com\/wp-content\/uploads\/2024\/11\/JNR-Phone-Vape-30000-Disposable-Vape-Wholeale.png",1126,1126,false],"thumbnail":["https:\/\/rmvapesale.com\/wp-content\/uploads\/2024\/11\/JNR-Phone-Vape-30000-Disposable-Vape-Wholeale-150x150.png",150,150,true],"medium":["https:\/\/rmvapesale.com\/wp-content\/uploads\/2024\/11\/JNR-Phone-Vape-30000-Disposable-Vape-Wholeale-300x300.png",300,300,true],"medium_large":["https:\/\/rmvapesale.com\/wp-content\/uploads\/2024\/11\/JNR-Phone-Vape-30000-Disposable-Vape-Wholeale-768x768.png",768,768,true],"large":["https:\/\/rmvapesale.com\/wp-content\/uploads\/2024\/11\/JNR-Phone-Vape-30000-Disposable-Vape-Wholeale-1024x1024.png",1024,1024,true],"1536x1536":["https:\/\/rmvapesale.com\/wp-content\/uploads\/2024\/11\/JNR-Phone-Vape-30000-Disposable-Vape-Wholeale.png",1126,1126,false],"2048x2048":["https:\/\/rmvapesale.com\/wp-content\/uploads\/2024\/11\/JNR-Phone-Vape-30000-Disposable-Vape-Wholeale.png",1126,1126,false],"trp-custom-language-flag":["https:\/\/rmvapesale.com\/wp-content\/uploads\/2024\/11\/JNR-Phone-Vape-30000-Disposable-Vape-Wholeale.png",12,12,false],"woocommerce_thumbnail":["https:\/\/rmvapesale.com\/wp-content\/uploads\/2024\/11\/JNR-Phone-Vape-30000-Disposable-Vape-Wholeale-300x300.png",300,300,true],"woocommerce_single":["https:\/\/rmvapesale.com\/wp-content\/uploads\/2024\/11\/JNR-Phone-Vape-30000-Disposable-Vape-Wholeale-600x600.png",600,600,true],"woocommerce_gallery_thumbnail":["https:\/\/rmvapesale.com\/wp-content\/uploads\/2024\/11\/JNR-Phone-Vape-30000-Disposable-Vape-Wholeale-100x100.png",100,100,true],"wcpr-photo-reviews":["https:\/\/rmvapesale.com\/wp-content\/uploads\/2024\/11\/JNR-Phone-Vape-30000-Disposable-Vape-Wholeale.png",500,500,false]},"uagb_author_info":{"display_name":"AMY","author_link":"https:\/\/rmvapesale.com\/sl\/author\/"},"uagb_comment_info":0,"uagb_excerpt":"The JNR PhoneVape 30000 Smart Disposable Vape designed for modern vapers, offers a massive 30,000 puffs in Regular Mode and 18,000 puffs in Pulse Mode, making it perfect for long-lasting use. WhatsApp: +86 17776015835 &nbsp;","_links":{"self":[{"href":"https:\/\/rmvapesale.com\/sl\/wp-json\/wp\/v2\/product\/2782","targetHints":{"allow":["GET"]}}],"collection":[{"href":"https:\/\/rmvapesale.com\/sl\/wp-json\/wp\/v2\/product"}],"about":[{"href":"https:\/\/rmvapesale.com\/sl\/wp-json\/wp\/v2\/types\/product"}],"replies":[{"embeddable":true,"href":"https:\/\/rmvapesale.com\/sl\/wp-json\/wp\/v2\/comments?post=2782"}],"wp:featuredmedia":[{"embeddable":true,"href":"https:\/\/rmvapesale.com\/sl\/wp-json\/wp\/v2\/media\/2778"}],"wp:attachment":[{"href":"https:\/\/rmvapesale.com\/sl\/wp-json\/wp\/v2\/media?parent=2782"}],"wp:term":[{"taxonomy":"product_brand","embeddable":true,"href":"https:\/\/rmvapesale.com\/sl\/wp-json\/wp\/v2\/product_brand?post=2782"},{"taxonomy":"product_cat","embeddable":true,"href":"https:\/\/rmvapesale.com\/sl\/wp-json\/wp\/v2\/product_cat?post=2782"},{"taxonomy":"product_tag","embeddable":true,"href":"https:\/\/rmvapesale.com\/sl\/wp-json\/wp\/v2\/product_tag?post=2782"}],"curies":[{"name":"wp","href":"https:\/\/api.w.org\/{rel}","templated":true}]}}