{"id":2837,"date":"2024-12-03T09:44:45","date_gmt":"2024-12-03T09:44:45","guid":{"rendered":"https:\/\/rmvapesale.com\/?post_type=product&#038;p=2837"},"modified":"2024-12-03T09:55:28","modified_gmt":"2024-12-03T09:55:28","slug":"randm-12000-digital-box-disposable-vape-wholesale-price","status":"publish","type":"product","link":"https:\/\/rmvapesale.com\/sl\/product\/randm-12000-digital-box-disposable-vape-wholesale-price\/","title":{"rendered":"RandM 12000 Digital Box Vape za enkratno uporabo, veleprodajna cena"},"content":{"rendered":"<div class=\"B2VR9 CJHX3e\">\n<div class=\"wyccme\">\n<h1 class=\"LC20lb MBeuO DKV0Md\">RandM 12000 Digital Box Vape za enkratno uporabo, veleprodajna cena<\/h1>\n<div class=\"flex-shrink-0 flex flex-col relative items-end\">\n<div class=\"pt-0\">\n<div class=\"gizmo-bot-avatar flex h-8 w-8 items-center justify-center overflow-hidden rounded-full\">\n<div class=\"relative p-1 rounded-sm flex items-center justify-center bg-token-main-surface-primary text-token-text-primary h-8 w-8\">\n<p>The <strong>RandM Digital 12000<\/strong> nastavi nov mejnik v udobnosti in zmogljivosti vapinga, zaradi \u010desar je nujen za posamezne uporabnike in <strong>veleprodajne mo\u017enosti vape<\/strong> kupce. To <strong>vape za enkratno uporabo z mo\u017enostjo ponovnega polnjenja<\/strong> nudi neverjetno <strong>ve\u010d kot 12.000 vdihov<\/strong>, zagotavlja dolgo trajno zadovoljstvo, ki ustreza tako prilo\u017enostnim kot pogostim vaperjem.<\/p>\n<p>Napajano z <strong>850mAh polnilna baterija<\/strong>, je naprava zasnovana za dalj\u0161o uporabo. Vklju\u010ditev <strong>Hitro polnjenje Type-C<\/strong> omogo\u010da hitro vklop, da ste pripravljeni na vaping kadarkoli, kjerkoli. To je popolno za tiste, ki cenijo zanesljiv, enostaven za uporabo vape, ki ne kompromitira kakovosti.<\/p>\n<p>The <strong>RandM Vape 12000<\/strong> je prednapolnjen z <strong>20 ml vrhunske e teko\u010dine<\/strong>, ki zagotavlja gladke in dosledne okuse z vsakim vdihom. Njegova <strong>tehnologija mre\u017easte tuljave<\/strong> pove\u010duje proizvodnjo pare, zaradi \u010desar je vsak vdih bogat in zadovoljujo\u010d. Z \u0161iroko paleto okusnih okusov je <strong>RandM 12k<\/strong> zagotovljen, da bo vsak na\u0161el nekaj zase, ne glede na to, ali imate radi sadne, mentolne ali sladice navdihnjene mo\u017enosti.<\/p>\n<p>Kar resni\u010dno lo\u010di <strong>RandM 12000 vdihov<\/strong> je njegov inovativni <strong>LED zaslon na enkratno uporabo vape<\/strong> dizajn. Digitalni zaslon priro\u010dno prikazuje tako \u017eivljenjsko dobo baterije kot tudi preostale ravni e-teko\u010dine, tako da ste vedno obve\u0161\u010deni in pod nadzorom. Njegov <strong>preprost a hkrati eleganten dizajn<\/strong> zagotavlja prenosljivost brez \u017ertvovanja funkcionalnosti, zaradi \u010desar je idealen spremljevalec za vapiranje na poti.<\/p>\n<p>Popoln za tiste, ki i\u0161\u010dejo <strong>disposable vape z nizko vsebnostjo nikotina<\/strong>, je <strong>RandM 12000<\/strong> nudi mo\u017enosti za razli\u010dne preference. Ne glede na to, ali raziskujete najnovej\u0161e v <strong>Fumot Vape<\/strong> inovacijah ali i\u0161\u010dete vrhunske izdelke, kot je <strong>RandM 12k<\/strong>, je ta naprava zasnovana tako, da prese\u017ee pri\u010dakovanja. Vlagajte v <strong>RandM Digital 12000<\/strong> za brezhibno, polno okusa vapiranje, ki traja.<\/p>\n<\/div>\n<\/div>\n<\/div>\n<\/div>\n<\/div>\n<\/div>\n<p><strong>Kontaktirajte Amy, da dobite pravi odgovor in kupon za vape!<\/strong><\/p>\n<p><img loading=\"lazy\" decoding=\"async\" class=\"size-full wp-image-1978\" src=\"https:\/\/rmvapesale.com\/wp-content\/uploads\/2024\/09\/Disposable-Vape-Wholesale.jpg\" alt=\"Vape za enkratno uporabo na debelo\" width=\"229\" height=\"300\" \/><\/p>\n<h3><a href=\"https:\/\/wa.me\/8617776015835\" target=\"_blank\" rel=\"noopener\"><span style=\"color: #ff0000\"><strong>WhatsApp: +86 17776015835<\/strong><\/span><\/a><\/h3>\n<p>&nbsp;<\/p>\n<h2><\/h2>\n<h2><strong>RandM 12000 Klju\u010dne zna\u010dilnosti<\/strong><\/h2>\n<p>Vdihi: 12000+ vdihov<br \/>\nVrsta tuljave: mre\u017easta tuljava<br \/>\nE-teko\u010dina: 20 ml prednapolnjena e-teko\u010dina<br \/>\nKapaciteta baterije: Polnljiva notranja 850 mAh<br \/>\nVrsta polnjenja: Type-C polnjenje<br \/>\nVapiji z Nizkim Nikotinom za enkratno uporabo<br \/>\nPreprost in atmosferi\u010den videz<br \/>\nDigitalni zaslon, ki prikazuje preostalo baterijo in teko\u010dino.<\/p>\n<h2><strong>Najbolj\u0161i okus za RandM 12k<\/strong><\/h2>\n<p>1 Hladna meta<br \/>\n2 Lubenica z ledom<br \/>\n3 Grozdje led<br \/>\n4 Borovnica malina<br \/>\n5 Jagoda lubenica<br \/>\n6 Jagoda banana<br \/>\n7 So\u010dno led<br \/>\n8 \u010ce\u0161nja<br \/>\n9 Jagoda led<br \/>\n10 Ledeni lizika<br \/>\n11 Ro\u017enata limonada<br \/>\n12 Mango na ledu<br \/>\n13 Me\u0161ano jagodi\u010devje<br \/>\n14 Jagodna krof<br \/>\n15 Jagoda grozdje<br \/>\n16 \u010ce\u0161nja kola<br \/>\n17 Dr. modri<br \/>\n18 Borovnica na ledu<br \/>\n19 Kivi pasijonka guava<br \/>\n20 Jagoda kivi<br \/>\n21 Breskev mango<br \/>\n22 Breskev led<br \/>\n23 Rde\u010de jabolko led<br \/>\n24 Borovni\u010deva \u017eve\u010dilna<br \/>\n25 Jagodna limonada<br \/>\n26 Limonada iz modrih malin<br \/>\n27 Kisla modra malina<br \/>\n28 Jagodni Red bull<br \/>\n29 Jabol\u010dna jagodna eksplozija<br \/>\n30 Lubeni\u010din \u017eve\u010dilni gumi<br \/>\n31 Malina lubenica<br \/>\n32 \u010crni led<br \/>\n33 Borovnica, \u010de\u0161nja, brusnica<br \/>\n34 Jagodni \u0161mink (granatno jabolko)<br \/>\n35 Vimto<br \/>\n36 \u010ce\u0161nja, jagoda<br \/>\n37 Limona<br \/>\n38 Bingo Crush<br \/>\n39 Borovnica, kivi<br \/>\n40 Jabolko, cimet<\/p>\n<p>&nbsp;<\/p>\n<h3><strong>Zakaj izbrati Rmvapesale za Fumot Vape 12k <\/strong><strong>V<\/strong><strong>Veleprodaja vejpanja<\/strong><strong>?<\/strong><\/h3>\n<div class=\"flex-shrink-0 flex flex-col relative items-end\">\n<div class=\"pt-0\">\n<div class=\"gizmo-bot-avatar flex h-8 w-8 items-center justify-center overflow-hidden rounded-full\">\n<div class=\"relative p-1 rounded-sm flex items-center justify-center bg-token-main-surface-primary text-token-text-primary h-8 w-8\">\n<p>Dobrodo\u0161li v Rmvapesale, va\u0161i zaupanja vredni trgovini za vrhunske e-cigarete za enkratno uporabo. Z ve\u010d kot 5-letnimi izku\u0161njami vam ponujamo priljubljene znamke e-cigaret za enkratno uporabo, kot so Al Fakher, <a href=\"https:\/\/rmvapesale.com\/sl\/product-category\/bang-vapes\/\">Bang Vape<\/a>, Waspe, WGA Vape in<a href=\"https:\/\/rmvapesale.com\/sl\/product-category\/randm-fumot-vape\/\"> RandM Vape<\/a>.<\/p>\n<p>Na\u0161a ponudba vklju\u010duje priljubljene e-cigarete, kot je <a href=\"https:\/\/rmvapesale.com\/sl\/product\/randm-tornado-15000-puffs-vape-wholesale\/\">RandM Tornado 15000<\/a> in bogate izbire okusov, kot je Vapme 70000. Vsak izdelek je izbran s poudarkom na kakovosti, vrednosti in raznolikosti, kar zagotavlja, da boste na\u0161li popolno ujemanje za va\u0161e potrebe. Odkrijte izjemno storitev in \u0161iroko paleto vrhunskih izdelkov pri Rmvapesale.<\/p>\n<\/div>\n<h3><\/h3>\n<div class=\"relative p-1 rounded-sm flex items-center justify-center bg-token-main-surface-primary text-token-text-primary h-8 w-8\">\n<h3><b> Pogosta vpra\u0161anja o RandM Vape 15000 <\/b><b>Vape za enkratno uporabo, ki ga je mogo\u010de polniti<\/b><\/h3>\n<div class=\"group\/conversation-turn relative flex w-full min-w-0 flex-col agent-turn\">\n<div class=\"flex-col gap-1 md:gap-3\">\n<div class=\"flex max-w-full flex-col flex-grow\">\n<div class=\"min-h-8 text-message flex w-full flex-col items-end gap-2 whitespace-normal break-words [.text-message+&amp;]:mt-5\" dir=\"auto\" data-message-author-role=\"assistant\" data-message-id=\"00c9b302-bc9c-4550-94ba-5a295efa2be3\" data-message-model-slug=\"gpt-4o\">\n<div class=\"flex w-full flex-col gap-1 empty:hidden first:pt-[3px]\">\n<div class=\"markdown prose w-full break-words dark:prose-invert light\">\n<div class=\"flex-shrink-0 flex flex-col relative items-end\">\n<div>\n<div class=\"pt-0\">\n<div class=\"gizmo-bot-avatar flex h-8 w-8 items-center justify-center overflow-hidden rounded-full\">\n<div class=\"relative p-1 rounded-sm flex items-center justify-center bg-token-main-surface-primary text-token-text-primary h-8 w-8\">\n<div class=\"flex-shrink-0 flex flex-col relative items-end\">\n<div>\n<div class=\"pt-0\">\n<div class=\"gizmo-bot-avatar flex h-8 w-8 items-center justify-center overflow-hidden rounded-full\">\n<div class=\"relative p-1 rounded-sm flex items-center justify-center bg-token-main-surface-primary text-token-text-primary h-8 w-8\">\n<p>&nbsp;<\/p>\n<p><strong>1. Kje kupiti Fumot RandM 12000 vdih po veleprodajni ceni v Sloveniji<\/strong><br \/>\nThe <strong>Fumot RandM 12000 vdih<\/strong> se lahko kupi po veleprodajnih cenah od poobla\u0161\u010denih <strong>veleprodajne mo\u017enosti vape<\/strong> distributerjev v Sloveniji ali zanesljivih spletnih trgovcev, specializiranih za <strong>RandM Vape<\/strong> izdelek. Preverite pristnost dobavitelja in skladnost z EU standardi za vaporizacijo.<\/p>\n<p><strong>2. Koliko potegov zagotavlja Fumot 12k potegov?<\/strong><br \/>\nThe <strong>Fumot 12k<\/strong> nudi ve\u010d kot <strong>12.000 vpihih<\/strong>, kar ga naredi za vrhunsko izbiro za dolgotrajno uporabo.<\/p>\n<p><strong>3. Kako dolgo traja priljubljena enkratna e-cigaretka RandM 12000?<\/strong><br \/>\nThe <strong>Enkratna e-cigaretka RandM 12000<\/strong> lahko traja do dva tedna za zmerne uporabnike, odvisno od pogostosti uporabe in velikosti potega.<\/p>\n<p><strong>4. Kak\u0161ni so priljubljeni okusi za RandM Vape 12000 Puffs enkratno \u0161katlo?<\/strong><br \/>\nPriljubljeni okusi za <strong>RandM Vape 12000 vdihov<\/strong> vklju\u010duje mo\u017enosti, navdihnjene s sadjem, kot so Mango Ice, Watermelon in Strawberry, skupaj z menthol in sladkimi okusi, da vsak najde nekaj zase.<\/p>\n<p><strong>5. Koliko \u010dasa traja polnjenje Fumot RandM 12000 Rechargeable Vape?<\/strong><br \/>\nThe <strong>Fumot RandM 12000 Rechargeable Vape<\/strong> traja pribli\u017eno <strong>1-2 uri<\/strong> za popolno polnjenje z uporabo svojega <strong>Hitro polnjenje Type-C<\/strong> sistema.<\/p>\n<p><strong>6. Koliko nikotina je v RandM 12k Digital Disposable Vape?<\/strong><br \/>\nThe <strong>RandM 12k Digital Disposable Vape<\/strong> je na voljo v <b>2%, 5% <\/b>mo\u017enosti, ki nudijo prilagodljivost uporabnikom z razli\u010dnimi \u017eeljami.<\/p>\n<\/div>\n<\/div>\n<\/div>\n<\/div>\n<\/div>\n<\/div>\n<\/div>\n<\/div>\n<\/div>\n<\/div>\n<div class=\"group\/conversation-turn relative flex w-full min-w-0 flex-col agent-turn\">\n<div class=\"flex-col gap-1 md:gap-3\">\n<div class=\"flex max-w-full flex-col flex-grow\">\n<div class=\"min-h-8 text-message flex w-full flex-col items-end gap-2 whitespace-normal break-words [.text-message+&amp;]:mt-5\" dir=\"auto\" data-message-author-role=\"assistant\" data-message-id=\"a3dc01bd-23b0-4fd7-bb9a-7827522cefd8\" data-message-model-slug=\"gpt-4o\">\n<div class=\"flex w-full flex-col gap-1 empty:hidden first:pt-[3px]\"><\/div>\n<\/div>\n<\/div>\n<\/div>\n<\/div>\n<\/div>\n<\/div>\n<\/div>\n<\/div>\n<\/div>\n<\/div>\n<\/div>\n<\/div>\n<\/div>\n<\/div>\n<h3>O po\u0161iljanju<\/h3>\n<div class=\"flex-shrink-0 flex flex-col relative items-end\">\n<div>\n<div class=\"pt-0\">\n<div class=\"gizmo-bot-avatar flex h-8 w-8 items-center justify-center overflow-hidden rounded-full\">\n<div><\/div>\n<div class=\"relative p-1 rounded-sm flex items-center justify-center bg-token-main-surface-primary text-token-text-primary h-8 w-8\"><strong>1. Katere metode po\u0161iljanja se uporabljajo?<\/strong><\/div>\n<\/div>\n<\/div>\n<\/div>\n<\/div>\n<div class=\"group\/conversation-turn relative flex w-full min-w-0 flex-col agent-turn\">\n<div class=\"flex-col gap-1 md:gap-3\">\n<div class=\"flex max-w-full flex-col flex-grow\">\n<div class=\"min-h-[20px] text-message flex w-full flex-col items-end gap-2 whitespace-normal break-words [.text-message+&amp;]:mt-5 overflow-x-auto\" dir=\"auto\" data-message-author-role=\"assistant\" data-message-id=\"22f8283b-3233-46ff-89a5-c7a41b33abda\">\n<div class=\"flex w-full flex-col gap-1 empty:hidden first:pt-[3px]\">\n<div class=\"markdown prose w-full break-words dark:prose-invert light\">\n<p>Sodelujemo z UPS, DHL, FedEx, DPD in drugimi vodilnimi prevozniki. Izbrali bomo najbolj\u0161i na\u010din po\u0161iljanja glede na va\u0161o lokacijo dostave, da zagotovimo, da boste izdelke prejeli \u010dim hitreje.<\/p>\n<\/div>\n<p><strong>2. Kako dolgo traja, da prispe?<\/strong><\/p>\n<p>Paketi, poslani v Slovenijo, obi\u010dajno prispejo v 10 delovnih dneh. Po\u0161iljanje v evropske dr\u017eave obi\u010dajno traja pribli\u017eno 12-15 delovnih dni. Zagotovili vam bomo sprotne posodobitve o statusu va\u0161ega po\u0161iljanja.<\/p>\n<\/div>\n<\/div>\n<\/div>\n<\/div>\n<\/div>\n<p>&nbsp;<\/p>\n<p>Poi\u0161\u010di ve\u010d izdelkov Vape, ki so ti morda v\u0161e\u010d:<strong><em><a href=\"https:\/\/rmvapesale.com\/sl\/shop-2\/\">nakupuj zdaj &gt;&gt;&gt;<\/a><\/em><\/strong><\/p>","protected":false},"excerpt":{"rendered":"<p>Randm 12000 Vdihov Fumot Digitalni enkratni Vape<br \/>\nRandm 12000 Fumot Digitalna \u0161katla Vape na debelo<br \/>\nFumot RandM Digitalna \u0161katla 12k Vape na debelo<\/p>\n<p><img loading=\"lazy\" decoding=\"async\" class=\"size-full wp-image-2375\" src=\"https:\/\/rmvapesale.com\/wp-content\/uploads\/2024\/10\/image.png\" alt=\"Najbolj\u0161i Vape za enkratno uporabo\" width=\"229\" height=\"300\" \/><\/p>\n<h3><a href=\"https:\/\/wa.me\/8617776015835\"><span style=\"color: #ff0000\"><strong>WhatsApp: +86 17776015835<\/strong><\/span><\/a><\/h3>\n<p>&nbsp;<\/p>","protected":false},"featured_media":2836,"comment_status":"open","ping_status":"closed","template":"","meta":{"_uag_custom_page_level_css":"","_lmt_disableupdate":"no","_lmt_disable":"","site-sidebar-layout":"default","site-content-layout":"content-boxed-container","ast-site-content-layout":"normal-width-container","site-content-style":"boxed","site-sidebar-style":"unboxed","ast-global-header-display":"","ast-banner-title-visibility":"","ast-main-header-display":"","ast-hfb-above-header-display":"","ast-hfb-below-header-display":"","ast-hfb-mobile-header-display":"","site-post-title":"","ast-breadcrumbs-content":"","ast-featured-img":"","footer-sml-layout":"","ast-disable-related-posts":"","theme-transparent-header-meta":"default","adv-header-id-meta":"","stick-header-meta":"","header-above-stick-meta":"","header-main-stick-meta":"","header-below-stick-meta":"","astra-migrate-meta-layouts":"set","ast-page-background-enabled":"default","ast-page-background-meta":{"desktop":{"background-color":"var(--ast-global-color-4)","background-image":"","background-repeat":"repeat","background-position":"center center","background-size":"auto","background-attachment":"scroll","background-type":"","background-media":"","overlay-type":"","overlay-color":"","overlay-opacity":"","overlay-gradient":""},"tablet":{"background-color":"","background-image":"","background-repeat":"repeat","background-position":"center center","background-size":"auto","background-attachment":"scroll","background-type":"","background-media":"","overlay-type":"","overlay-color":"","overlay-opacity":"","overlay-gradient":""},"mobile":{"background-color":"","background-image":"","background-repeat":"repeat","background-position":"center center","background-size":"auto","background-attachment":"scroll","background-type":"","background-media":"","overlay-type":"","overlay-color":"","overlay-opacity":"","overlay-gradient":""}},"ast-content-background-meta":{"desktop":{"background-color":"var(--ast-global-color-5)","background-image":"","background-repeat":"repeat","background-position":"center center","background-size":"auto","background-attachment":"scroll","background-type":"","background-media":"","overlay-type":"","overlay-color":"","overlay-opacity":"","overlay-gradient":""},"tablet":{"background-color":"var(--ast-global-color-5)","background-image":"","background-repeat":"repeat","background-position":"center center","background-size":"auto","background-attachment":"scroll","background-type":"","background-media":"","overlay-type":"","overlay-color":"","overlay-opacity":"","overlay-gradient":""},"mobile":{"background-color":"var(--ast-global-color-5)","background-image":"","background-repeat":"repeat","background-position":"center center","background-size":"auto","background-attachment":"scroll","background-type":"","background-media":"","overlay-type":"","overlay-color":"","overlay-opacity":"","overlay-gradient":""}},"_joinchat":[]},"product_brand":[],"product_cat":[15,27,51,25,123,30,26,28,31,137,136,135],"product_tag":[214,39,213,237,38],"class_list":{"0":"post-2837","1":"product","2":"type-product","3":"status-publish","4":"has-post-thumbnail","6":"product_cat-new-vape-this-week","7":"product_cat-fance-hot-sale-vape","8":"product_cat-fumot-vape","9":"product_cat-germany-best-selling-vape","10":"product_cat-italy-wholesale-vape","11":"product_cat-minimum-order-quantity-50pcs","12":"product_cat-netherlands-hot-sale-vape","13":"product_cat-poland-hot-sale-vape","14":"product_cat-randm-fumot-vape","15":"product_cat-rechargeable-vapes","16":"product_cat-smart-screen-vapes","17":"product_cat-spain-best-hot-sale-vape","18":"product_tag-fumot-12k","19":"product_tag-fumot-vape","20":"product_tag-randm-12000","21":"product_tag-randm-12k","22":"product_tag-randm-vape","23":"desktop-align-left","24":"tablet-align-left","25":"mobile-align-left","27":"first","28":"instock","29":"sale","30":"shipping-taxable","31":"purchasable","32":"product-type-simple"},"uagb_featured_image_src":{"full":["https:\/\/rmvapesale.com\/wp-content\/uploads\/2024\/12\/RandM-Digital-Box-12000-Puff-Disposable-Vape.jpg",1300,1300,false],"thumbnail":["https:\/\/rmvapesale.com\/wp-content\/uploads\/2024\/12\/RandM-Digital-Box-12000-Puff-Disposable-Vape-150x150.jpg",150,150,true],"medium":["https:\/\/rmvapesale.com\/wp-content\/uploads\/2024\/12\/RandM-Digital-Box-12000-Puff-Disposable-Vape-300x300.jpg",300,300,true],"medium_large":["https:\/\/rmvapesale.com\/wp-content\/uploads\/2024\/12\/RandM-Digital-Box-12000-Puff-Disposable-Vape-768x768.jpg",768,768,true],"large":["https:\/\/rmvapesale.com\/wp-content\/uploads\/2024\/12\/RandM-Digital-Box-12000-Puff-Disposable-Vape-1024x1024.jpg",1024,1024,true],"1536x1536":["https:\/\/rmvapesale.com\/wp-content\/uploads\/2024\/12\/RandM-Digital-Box-12000-Puff-Disposable-Vape.jpg",1300,1300,false],"2048x2048":["https:\/\/rmvapesale.com\/wp-content\/uploads\/2024\/12\/RandM-Digital-Box-12000-Puff-Disposable-Vape.jpg",1300,1300,false],"trp-custom-language-flag":["https:\/\/rmvapesale.com\/wp-content\/uploads\/2024\/12\/RandM-Digital-Box-12000-Puff-Disposable-Vape.jpg",12,12,false],"woocommerce_thumbnail":["https:\/\/rmvapesale.com\/wp-content\/uploads\/2024\/12\/RandM-Digital-Box-12000-Puff-Disposable-Vape-300x300.jpg",300,300,true],"woocommerce_single":["https:\/\/rmvapesale.com\/wp-content\/uploads\/2024\/12\/RandM-Digital-Box-12000-Puff-Disposable-Vape-600x600.jpg",600,600,true],"woocommerce_gallery_thumbnail":["https:\/\/rmvapesale.com\/wp-content\/uploads\/2024\/12\/RandM-Digital-Box-12000-Puff-Disposable-Vape-100x100.jpg",100,100,true],"wcpr-photo-reviews":["https:\/\/rmvapesale.com\/wp-content\/uploads\/2024\/12\/RandM-Digital-Box-12000-Puff-Disposable-Vape.jpg",500,500,false]},"uagb_author_info":{"display_name":"AMY","author_link":"https:\/\/rmvapesale.com\/sl\/author\/"},"uagb_comment_info":0,"uagb_excerpt":"Randm 12000 Puffs Fumot Digital Disposable Vape Randm 12000 Fumot Digital Box Vape Wholesale Fumot RandM Digital Box 12k Vape Bulk Price WhatsApp: +86 17776015835 &nbsp;","_links":{"self":[{"href":"https:\/\/rmvapesale.com\/sl\/wp-json\/wp\/v2\/product\/2837","targetHints":{"allow":["GET"]}}],"collection":[{"href":"https:\/\/rmvapesale.com\/sl\/wp-json\/wp\/v2\/product"}],"about":[{"href":"https:\/\/rmvapesale.com\/sl\/wp-json\/wp\/v2\/types\/product"}],"replies":[{"embeddable":true,"href":"https:\/\/rmvapesale.com\/sl\/wp-json\/wp\/v2\/comments?post=2837"}],"wp:featuredmedia":[{"embeddable":true,"href":"https:\/\/rmvapesale.com\/sl\/wp-json\/wp\/v2\/media\/2836"}],"wp:attachment":[{"href":"https:\/\/rmvapesale.com\/sl\/wp-json\/wp\/v2\/media?parent=2837"}],"wp:term":[{"taxonomy":"product_brand","embeddable":true,"href":"https:\/\/rmvapesale.com\/sl\/wp-json\/wp\/v2\/product_brand?post=2837"},{"taxonomy":"product_cat","embeddable":true,"href":"https:\/\/rmvapesale.com\/sl\/wp-json\/wp\/v2\/product_cat?post=2837"},{"taxonomy":"product_tag","embeddable":true,"href":"https:\/\/rmvapesale.com\/sl\/wp-json\/wp\/v2\/product_tag?post=2837"}],"curies":[{"name":"wp","href":"https:\/\/api.w.org\/{rel}","templated":true}]}}