{"id":2862,"date":"2024-12-13T09:20:35","date_gmt":"2024-12-13T09:20:35","guid":{"rendered":"https:\/\/rmvapesale.com\/?post_type=product&#038;p=2862"},"modified":"2024-12-13T09:26:19","modified_gmt":"2024-12-13T09:26:19","slug":"vapsolo-twins-20000-2-flavour-in-1-disposable-vape-bulk-buy-price","status":"publish","type":"product","link":"https:\/\/rmvapesale.com\/sl\/product\/vapsolo-twins-20000-2-flavour-in-1-disposable-vape-bulk-buy-price\/","title":{"rendered":"Vapsolo Twins 20000 Vpihov 2 Okusa v 1 Vape za enkratno uporabo, cena za nakup v razsutem stanju"},"content":{"rendered":"<div class=\"B2VR9 CJHX3e\">\n<div class=\"wyccme\">\n<div class=\"flex-shrink-0 flex flex-col relative items-end\">\n<div class=\"pt-0\">\n<div class=\"gizmo-bot-avatar flex h-8 w-8 items-center justify-center overflow-hidden rounded-full\">\n<div class=\"relative p-1 rounded-sm flex items-center justify-center bg-token-main-surface-primary text-token-text-primary h-8 w-8\">\n<div class=\"flex-shrink-0 flex flex-col relative items-end\">\n<div class=\"pt-0\">\n<div class=\"gizmo-bot-avatar flex h-8 w-8 items-center justify-center overflow-hidden rounded-full\">\n<h1 class=\"relative p-1 rounded-sm flex items-center justify-center bg-token-main-surface-primary text-token-text-primary h-8 w-8\">Vapsolo Twins 20000 Vpihov 2 Okusa v 1 Vape za enkratno uporabo, cena za nakup v razsutem stanju<\/h1>\n<\/div>\n<\/div>\n<\/div>\n<\/div>\n<\/div>\n<\/div>\n<\/div>\n<div class=\"group\/conversation-turn relative flex w-full min-w-0 flex-col agent-turn\">\n<div class=\"flex-col gap-1 md:gap-3\">\n<div class=\"flex max-w-full flex-col flex-grow\">\n<div class=\"min-h-8 text-message flex w-full flex-col items-end gap-2 whitespace-normal break-words text-start [.text-message+&amp;]:mt-5\" dir=\"auto\" data-message-author-role=\"assistant\" data-message-id=\"80ece0c4-ead1-4ed9-a9f0-ddc22582b4f4\" data-message-model-slug=\"gpt-4o\">\n<div class=\"flex w-full flex-col gap-1 empty:hidden first:pt-[3px]\">\n<div class=\"markdown prose w-full break-words dark:prose-invert light\">\n<h3><\/h3>\n<\/div>\n<\/div>\n<\/div>\n<\/div>\n<\/div>\n<\/div>\n<div class=\"flex-shrink-0 flex flex-col relative items-end\">\n<div class=\"pt-0\">\n<div class=\"gizmo-bot-avatar flex h-8 w-8 items-center justify-center overflow-hidden rounded-full\">\n<div class=\"relative p-1 rounded-sm flex items-center justify-center bg-token-main-surface-primary text-token-text-primary h-8 w-8\">\n<p>Izbolj\u0161ajte svojo izku\u0161njo vapinga z <strong>Vapsolo Twins 20000 2 okusa v 1 Vape za enkratno uporabo<\/strong>, popolna re\u0161itev za raznolikost in udobje. Naprava, ki se pona\u0161a z revolucionarnim <strong>sistemom z dvema rezervoarjema<\/strong>, ponuja dva razli\u010dna okusa v eni sami, elegantni vape napravi. Z <strong>ogromno zmogljivostjo 20.000 vdihov<\/strong> in <strong>25-mililitrskim rezervoarjem e-teko\u010dine<\/strong>, zagotavlja dolgotrajno u\u017eivanje brez prekinitev. Opremljena z <strong>650mAh polnilna baterija<\/strong> in hitrim polnjenjem Type-C, ta <strong>vape za enkratno uporabo<\/strong> zdru\u017euje vzdr\u017eljivost in prijaznost do okolja. Napredna <strong>tehnologija mre\u017easte tuljave<\/strong> zagotavlja gladko paro in drzen okus, medtem ko <strong>nastavljiv pretok zraka<\/strong> ponuja prilagojeno izku\u0161njo vapinga. Ne glede na to, ali kupujete za osebno uporabo ali i\u0161\u010dete <strong>veleprodajne mo\u017enosti vape<\/strong> cene za va\u0161e podjetje, je ta izdelek <strong>disposable vape z nizko vsebnostjo nikotina<\/strong> vrhunska izbira.<\/p>\n<\/div>\n<\/div>\n<\/div>\n<\/div>\n<\/div>\n<\/div>\n<p><strong>Kontaktirajte Amy, da dobite pravi odgovor in kupon za vape!<\/strong><\/p>\n<p><img loading=\"lazy\" decoding=\"async\" class=\"size-full wp-image-1978\" src=\"https:\/\/rmvapesale.com\/wp-content\/uploads\/2024\/09\/Disposable-Vape-Wholesale.jpg\" alt=\"Vape za enkratno uporabo na debelo\" width=\"229\" height=\"300\" \/><\/p>\n<h3><a href=\"https:\/\/wa.me\/8617776015835\" target=\"_blank\" rel=\"noopener\"><span style=\"color: #ff0000\"><strong>WhatsApp: +86 17776015835<\/strong><\/span><\/a><\/h3>\n<h2><\/h2>\n<h2><strong>Glavne zna\u010dilnosti Vapsolo Twins 20000<\/strong><\/h2>\n<h3><\/h3>\n<ol>\n<li><strong>Dvojna priro\u010dnost okusov:<\/strong> U\u017eivajte v dveh okusih hkrati z inovativno zasnovo z dvojnim rezervoarjem.<\/li>\n<li><strong>Dolgotrajna uporaba:<\/strong> Ponuja impresivno <strong>20.000 vpihi<\/strong>, kot nala\u0161\u010d za dalj\u0161e vapiranje.<\/li>\n<li><strong>Baterija za ponovno polnjenje:<\/strong> Napaja ga zanesljiva baterija s 650 mAh s hitrim polnjenjem Type-C.<\/li>\n<li><strong>Velikodu\u0161en rezervoar za e-teko\u010dino:<\/strong> Predhodno napolnjen z <strong>25 ml vrhunske e-teko\u010dine<\/strong> za manj polnjenj.<\/li>\n<li><strong>Vsestranskost nikotina:<\/strong> Na voljo v <strong>21 mg\/ml in 51 mg\/ml nikotinskih mo\u017enosti<\/strong> za vse preference.<\/li>\n<li><strong>Vrhunska proizvodnja pare:<\/strong> Vsebuje napredno <strong>tehnologija mre\u017easte tuljave<\/strong> za bogato, dosledno paro.<\/li>\n<li><strong>Prilagodljiva izku\u0161nja:<\/strong> Nastavljiv nadzor pretoka zraka za prilagojena vapiranja.<\/li>\n<li><strong>Kompaktna<\/strong> Prenosna zasnova, kot nala\u0161\u010d za vsakodnevno uporabo.<\/li>\n<li><strong>Enostavno upravljanje:<\/strong> Sistem, ki se aktivira z vdihom, za enostavno uparjanje.<\/li>\n<li><strong>Prednost mno\u017ei\u010dnega dolo\u010danja cen:<\/strong> Idealno za veleprodajne kupce, ki i\u0161\u010dejo vrednost in kakovost<\/li>\n<\/ol>\n<h2><\/h2>\n<h2><strong>Seznam okusov Vapsolo 20000<\/strong><\/h2>\n<p>1. Limona in limeta<br \/>\n2. Grozdje z ledom<br \/>\n3. Ananas in kokos<br \/>\n4. Pomaran\u010da, mango in lubenica<br \/>\n5. Borovnica z ledom<br \/>\n6. Lubenica z ledom<br \/>\n7.Jagoda Banana<br \/>\n8.Jagoda Malina \u010ce\u0161nja Led<br \/>\n9.Modra Malina Limonada<br \/>\n10.Lubenica Led<br \/>\n11.Trojna Lubenica<br \/>\n12.\u010crni Led Zmajev Sade\u017e Jagoda<br \/>\n13.Ananas Kokos<br \/>\n14.Jagodni Led<br \/>\n15.Jagoda Kivi<br \/>\n16.Trojna Lubenica<\/p>\n<p>&nbsp;<\/p>\n<h3><strong>Zakaj Izbrati Rmvapesale za Vapsolo Twins 20k Vpihov <\/strong><strong>V<\/strong><strong>Veleprodaja vejpanja<\/strong><strong>?<\/strong><\/h3>\n<div class=\"flex-shrink-0 flex flex-col relative items-end\">\n<div class=\"pt-0\">\n<div class=\"gizmo-bot-avatar flex h-8 w-8 items-center justify-center overflow-hidden rounded-full\">\n<div class=\"relative p-1 rounded-sm flex items-center justify-center bg-token-main-surface-primary text-token-text-primary h-8 w-8\">\n<p>Dobrodo\u0161li v Rmvapesale, va\u0161i zaupanja vredni trgovini za vrhunske e-cigarete za enkratno uporabo. Z ve\u010d kot 5-letnimi izku\u0161njami vam ponujamo priljubljene znamke e-cigaret za enkratno uporabo, kot so Al Fakher, <a href=\"https:\/\/rmvapesale.com\/sl\/product-category\/bang-vapes\/\">Bang Vape<\/a>, Waspe, WGA Vape in<a href=\"https:\/\/rmvapesale.com\/sl\/product-category\/randm-fumot-vape\/\"> RandM Vape<\/a>.<\/p>\n<p>Na\u0161a ponudba vklju\u010duje priljubljene e-cigarete, kot je <a href=\"https:\/\/rmvapesale.com\/sl\/product\/randm-tornado-15000-puffs-vape-wholesale\/\">RandM Tornado 15000<\/a> in bogate izbire okusov, kot je Vapme 70000. Vsak izdelek je izbran s poudarkom na kakovosti, vrednosti in raznolikosti, kar zagotavlja, da boste na\u0161li popolno ujemanje za va\u0161e potrebe. Odkrijte izjemno storitev in \u0161iroko paleto vrhunskih izdelkov pri Rmvapesale.<\/p>\n<\/div>\n<h3><\/h3>\n<div class=\"relative p-1 rounded-sm flex items-center justify-center bg-token-main-surface-primary text-token-text-primary h-8 w-8\">\n<h3><b> Pogosta Vpra\u0161anja za Vapsolo Twins 20000 <\/b><b>Vape za enkratno uporabo, ki ga je mogo\u010de polniti<\/b><\/h3>\n<div class=\"group\/conversation-turn relative flex w-full min-w-0 flex-col agent-turn\">\n<div class=\"flex-col gap-1 md:gap-3\">\n<div class=\"flex max-w-full flex-col flex-grow\">\n<div class=\"min-h-8 text-message flex w-full flex-col items-end gap-2 whitespace-normal break-words [.text-message+&amp;]:mt-5\" dir=\"auto\" data-message-author-role=\"assistant\" data-message-id=\"00c9b302-bc9c-4550-94ba-5a295efa2be3\" data-message-model-slug=\"gpt-4o\">\n<div class=\"flex w-full flex-col gap-1 empty:hidden first:pt-[3px]\">\n<div class=\"markdown prose w-full break-words dark:prose-invert light\">\n<div class=\"flex-shrink-0 flex flex-col relative items-end\">\n<div class=\"pt-0\">\n<div class=\"gizmo-bot-avatar flex h-8 w-8 items-center justify-center overflow-hidden rounded-full\">\n<div class=\"relative p-1 rounded-sm flex items-center justify-center bg-token-main-surface-primary text-token-text-primary h-8 w-8\">\n<div class=\"flex-shrink-0 flex flex-col relative items-end\">\n<div class=\"pt-0\">\n<div class=\"gizmo-bot-avatar flex h-8 w-8 items-center justify-center overflow-hidden rounded-full\">\n<div class=\"relative p-1 rounded-sm flex items-center justify-center bg-token-main-surface-primary text-token-text-primary h-8 w-8\">\n<ol>\n<li><strong>Katere okuse lahko u\u017eivam z Vapsolo Twins 20000?<\/strong><br \/>\nSistem z dvojnim rezervoarjem vam omogo\u010da, da hkrati u\u017eivate v dveh razli\u010dnih okusih, kar dodaja raznolikost va\u0161i izku\u0161nji vapinga.<\/li>\n<li><strong>Koliko vpihov nudi ta naprava?<\/strong><br \/>\nThe <strong>Vapsolo Twins 20000<\/strong> ponuja do <strong>20.000 vpihi<\/strong>, kar zagotavlja dolgotrajno uporabo.<\/li>\n<li><strong>Ali se lahko Vapsolo Twins napolni?<\/strong><br \/>\nDa, vklju\u010duje <strong>650mAh polnilna baterija<\/strong> s polnjenjem tipa C za hitro in priro\u010dno ponovno polnjenje.<\/li>\n<li><strong>Kak\u0161ne ravni nikotina so na voljo za to napravo?<\/strong><br \/>\nTa <strong>vape za enkratno uporabo<\/strong> na voljo je v <strong>2% in 5% jakosti nikotina<\/strong>, ki ustrezajo razli\u010dnim \u017eeljam uporabnikov.<\/li>\n<li><strong>Zakaj je Vapsolo Twins 20000 idealen za veleprodajne kupce?<\/strong><br \/>\nNjegova <strong>cena za nakup na debelo<\/strong>, dolgotrajno delovanje in edinstvena funkcija dveh okusov ga naredijo priljubljeno izbiro za preprodajalce.<\/li>\n<\/ol>\n<\/div>\n<\/div>\n<\/div>\n<\/div>\n<\/div>\n<\/div>\n<\/div>\n<\/div>\n<div class=\"group\/conversation-turn relative flex w-full min-w-0 flex-col agent-turn\">\n<div class=\"flex-col gap-1 md:gap-3\">\n<div class=\"flex max-w-full flex-col flex-grow\">\n<div class=\"min-h-8 text-message flex w-full flex-col items-end gap-2 whitespace-normal break-words [.text-message+&amp;]:mt-5\" dir=\"auto\" data-message-author-role=\"assistant\" data-message-id=\"a3dc01bd-23b0-4fd7-bb9a-7827522cefd8\" data-message-model-slug=\"gpt-4o\">\n<div class=\"flex w-full flex-col gap-1 empty:hidden first:pt-[3px]\"><\/div>\n<\/div>\n<\/div>\n<\/div>\n<\/div>\n<\/div>\n<\/div>\n<\/div>\n<\/div>\n<\/div>\n<\/div>\n<\/div>\n<\/div>\n<\/div>\n<\/div>\n<h3>O po\u0161iljanju<\/h3>\n<div class=\"flex-shrink-0 flex flex-col relative items-end\">\n<div>\n<div class=\"pt-0\">\n<div class=\"gizmo-bot-avatar flex h-8 w-8 items-center justify-center overflow-hidden rounded-full\">\n<div><\/div>\n<div class=\"relative p-1 rounded-sm flex items-center justify-center bg-token-main-surface-primary text-token-text-primary h-8 w-8\"><strong>1. Katere metode po\u0161iljanja se uporabljajo?<\/strong><\/div>\n<\/div>\n<\/div>\n<\/div>\n<\/div>\n<div class=\"group\/conversation-turn relative flex w-full min-w-0 flex-col agent-turn\">\n<div class=\"flex-col gap-1 md:gap-3\">\n<div class=\"flex max-w-full flex-col flex-grow\">\n<div class=\"min-h-[20px] text-message flex w-full flex-col items-end gap-2 whitespace-normal break-words [.text-message+&amp;]:mt-5 overflow-x-auto\" dir=\"auto\" data-message-author-role=\"assistant\" data-message-id=\"22f8283b-3233-46ff-89a5-c7a41b33abda\">\n<div class=\"flex w-full flex-col gap-1 empty:hidden first:pt-[3px]\">\n<div class=\"markdown prose w-full break-words dark:prose-invert light\">\n<p>Sodelujemo z UPS, DHL, FedEx, DPD in drugimi vodilnimi prevozniki. Izbrali bomo najbolj\u0161i na\u010din po\u0161iljanja glede na va\u0161o lokacijo dostave, da zagotovimo, da boste izdelke prejeli \u010dim hitreje.<\/p>\n<\/div>\n<p><strong>2. Kako dolgo traja, da prispe?<\/strong><\/p>\n<p>Paketi, poslani v Slovenijo, obi\u010dajno prispejo v 10 delovnih dneh. Po\u0161iljanje v evropske dr\u017eave obi\u010dajno traja pribli\u017eno 12-15 delovnih dni. Zagotovili vam bomo sprotne posodobitve o statusu va\u0161ega po\u0161iljanja.<\/p>\n<\/div>\n<\/div>\n<\/div>\n<\/div>\n<\/div>\n<p>&nbsp;<\/p>\n<p>Poi\u0161\u010di ve\u010d izdelkov Vape, ki so ti morda v\u0161e\u010d:<strong><em><a href=\"https:\/\/rmvapesale.com\/sl\/shop-2\/\">nakupuj zdaj &gt;&gt;&gt;<\/a><\/em><\/strong><\/p>","protected":false},"excerpt":{"rendered":"<p>Vapsolo Twins 20000 Puffs 2 okusa v 1 Vape za enkratno uporabo, veleprodaja<br \/>\nVapsolo Twins 20000 2 okusa v 1 Vape za ponovno polnjenje za enkratno uporabo, veleprodajna cena<br \/>\nPriljubljena Vape pisalo za enkratno uporabo Vapsolo Twins 20000 Puffs, ugodna cena za veleprodajo<\/p>\n<p><strong>Kontaktirajte Amy, da dobite pravi odgovor in kupon za vape!<\/strong><\/p>\n<p><img loading=\"lazy\" decoding=\"async\" class=\"size-full wp-image-2375\" src=\"https:\/\/rmvapesale.com\/wp-content\/uploads\/2024\/10\/image.png\" alt=\"Najbolj\u0161i Vape za enkratno uporabo\" width=\"229\" height=\"300\" \/><\/p>\n<h3><a href=\"https:\/\/wa.me\/8617776015835\"><span style=\"color: #ff0000\"><strong>WhatsApp: +86 17776015835<\/strong><\/span><\/a><\/h3>\n<p>&nbsp;<\/p>","protected":false},"featured_media":2860,"comment_status":"open","ping_status":"closed","template":"","meta":{"_uag_custom_page_level_css":"","_lmt_disableupdate":"no","_lmt_disable":"","site-sidebar-layout":"default","site-content-layout":"content-boxed-container","ast-site-content-layout":"normal-width-container","site-content-style":"boxed","site-sidebar-style":"unboxed","ast-global-header-display":"","ast-banner-title-visibility":"","ast-main-header-display":"","ast-hfb-above-header-display":"","ast-hfb-below-header-display":"","ast-hfb-mobile-header-display":"","site-post-title":"","ast-breadcrumbs-content":"","ast-featured-img":"","footer-sml-layout":"","ast-disable-related-posts":"","theme-transparent-header-meta":"default","adv-header-id-meta":"","stick-header-meta":"","header-above-stick-meta":"","header-main-stick-meta":"","header-below-stick-meta":"","astra-migrate-meta-layouts":"set","ast-page-background-enabled":"default","ast-page-background-meta":{"desktop":{"background-color":"var(--ast-global-color-4)","background-image":"","background-repeat":"repeat","background-position":"center center","background-size":"auto","background-attachment":"scroll","background-type":"","background-media":"","overlay-type":"","overlay-color":"","overlay-opacity":"","overlay-gradient":""},"tablet":{"background-color":"","background-image":"","background-repeat":"repeat","background-position":"center center","background-size":"auto","background-attachment":"scroll","background-type":"","background-media":"","overlay-type":"","overlay-color":"","overlay-opacity":"","overlay-gradient":""},"mobile":{"background-color":"","background-image":"","background-repeat":"repeat","background-position":"center center","background-size":"auto","background-attachment":"scroll","background-type":"","background-media":"","overlay-type":"","overlay-color":"","overlay-opacity":"","overlay-gradient":""}},"ast-content-background-meta":{"desktop":{"background-color":"var(--ast-global-color-5)","background-image":"","background-repeat":"repeat","background-position":"center center","background-size":"auto","background-attachment":"scroll","background-type":"","background-media":"","overlay-type":"","overlay-color":"","overlay-opacity":"","overlay-gradient":""},"tablet":{"background-color":"var(--ast-global-color-5)","background-image":"","background-repeat":"repeat","background-position":"center center","background-size":"auto","background-attachment":"scroll","background-type":"","background-media":"","overlay-type":"","overlay-color":"","overlay-opacity":"","overlay-gradient":""},"mobile":{"background-color":"var(--ast-global-color-5)","background-image":"","background-repeat":"repeat","background-position":"center center","background-size":"auto","background-attachment":"scroll","background-type":"","background-media":"","overlay-type":"","overlay-color":"","overlay-opacity":"","overlay-gradient":""}},"_joinchat":[]},"product_brand":[],"product_cat":[15,27,25,123,30,26,28,137,136,135],"product_tag":[40,111,243,241,242],"class_list":{"0":"post-2862","1":"product","2":"type-product","3":"status-publish","4":"has-post-thumbnail","6":"product_cat-new-vape-this-week","7":"product_cat-fance-hot-sale-vape","8":"product_cat-germany-best-selling-vape","9":"product_cat-italy-wholesale-vape","10":"product_cat-minimum-order-quantity-50pcs","11":"product_cat-netherlands-hot-sale-vape","12":"product_cat-poland-hot-sale-vape","13":"product_cat-rechargeable-vapes","14":"product_cat-smart-screen-vapes","15":"product_cat-spain-best-hot-sale-vape","16":"product_tag-hot-sale-vape","17":"product_tag-low-nicotine-disposable-vape","18":"product_tag-vapsolo","19":"product_tag-vapsolo-twins-20000","20":"product_tag-vapsolo-twins-20k","21":"desktop-align-left","22":"tablet-align-left","23":"mobile-align-left","25":"first","26":"instock","27":"sale","28":"shipping-taxable","29":"purchasable","30":"product-type-simple"},"uagb_featured_image_src":{"full":["https:\/\/rmvapesale.com\/wp-content\/uploads\/2024\/12\/VapSolo-Twins-20000-Disposable-Vape.jpg",1126,1126,false],"thumbnail":["https:\/\/rmvapesale.com\/wp-content\/uploads\/2024\/12\/VapSolo-Twins-20000-Disposable-Vape-150x150.jpg",150,150,true],"medium":["https:\/\/rmvapesale.com\/wp-content\/uploads\/2024\/12\/VapSolo-Twins-20000-Disposable-Vape-300x300.jpg",300,300,true],"medium_large":["https:\/\/rmvapesale.com\/wp-content\/uploads\/2024\/12\/VapSolo-Twins-20000-Disposable-Vape-768x768.jpg",768,768,true],"large":["https:\/\/rmvapesale.com\/wp-content\/uploads\/2024\/12\/VapSolo-Twins-20000-Disposable-Vape-1024x1024.jpg",1024,1024,true],"1536x1536":["https:\/\/rmvapesale.com\/wp-content\/uploads\/2024\/12\/VapSolo-Twins-20000-Disposable-Vape.jpg",1126,1126,false],"2048x2048":["https:\/\/rmvapesale.com\/wp-content\/uploads\/2024\/12\/VapSolo-Twins-20000-Disposable-Vape.jpg",1126,1126,false],"trp-custom-language-flag":["https:\/\/rmvapesale.com\/wp-content\/uploads\/2024\/12\/VapSolo-Twins-20000-Disposable-Vape.jpg",12,12,false],"woocommerce_thumbnail":["https:\/\/rmvapesale.com\/wp-content\/uploads\/2024\/12\/VapSolo-Twins-20000-Disposable-Vape-300x300.jpg",300,300,true],"woocommerce_single":["https:\/\/rmvapesale.com\/wp-content\/uploads\/2024\/12\/VapSolo-Twins-20000-Disposable-Vape-600x600.jpg",600,600,true],"woocommerce_gallery_thumbnail":["https:\/\/rmvapesale.com\/wp-content\/uploads\/2024\/12\/VapSolo-Twins-20000-Disposable-Vape-100x100.jpg",100,100,true],"wcpr-photo-reviews":["https:\/\/rmvapesale.com\/wp-content\/uploads\/2024\/12\/VapSolo-Twins-20000-Disposable-Vape.jpg",500,500,false]},"uagb_author_info":{"display_name":"AMY","author_link":"https:\/\/rmvapesale.com\/sl\/author\/"},"uagb_comment_info":0,"uagb_excerpt":"Vapsolo Twins 20000 Puffs 2 Flavour in 1 Disposable Vape Wholesale Vapsolo Twins 20000 2 Flavour in 1 Rechargeable Disposable Vape Wholesale Price Hot Sell Disposable Vape Pen Vapsolo Twins 20000 Puffs Bulk Buy Cheap Price Contact Amy to get right reply and vape coupon! WhatsApp: +86 17776015835 &nbsp;","_links":{"self":[{"href":"https:\/\/rmvapesale.com\/sl\/wp-json\/wp\/v2\/product\/2862","targetHints":{"allow":["GET"]}}],"collection":[{"href":"https:\/\/rmvapesale.com\/sl\/wp-json\/wp\/v2\/product"}],"about":[{"href":"https:\/\/rmvapesale.com\/sl\/wp-json\/wp\/v2\/types\/product"}],"replies":[{"embeddable":true,"href":"https:\/\/rmvapesale.com\/sl\/wp-json\/wp\/v2\/comments?post=2862"}],"wp:featuredmedia":[{"embeddable":true,"href":"https:\/\/rmvapesale.com\/sl\/wp-json\/wp\/v2\/media\/2860"}],"wp:attachment":[{"href":"https:\/\/rmvapesale.com\/sl\/wp-json\/wp\/v2\/media?parent=2862"}],"wp:term":[{"taxonomy":"product_brand","embeddable":true,"href":"https:\/\/rmvapesale.com\/sl\/wp-json\/wp\/v2\/product_brand?post=2862"},{"taxonomy":"product_cat","embeddable":true,"href":"https:\/\/rmvapesale.com\/sl\/wp-json\/wp\/v2\/product_cat?post=2862"},{"taxonomy":"product_tag","embeddable":true,"href":"https:\/\/rmvapesale.com\/sl\/wp-json\/wp\/v2\/product_tag?post=2862"}],"curies":[{"name":"wp","href":"https:\/\/api.w.org\/{rel}","templated":true}]}}