{"id":2868,"date":"2024-12-20T07:11:14","date_gmt":"2024-12-20T07:11:14","guid":{"rendered":"https:\/\/rmvapesale.com\/?post_type=product&#038;p=2868"},"modified":"2024-12-20T07:19:31","modified_gmt":"2024-12-20T07:19:31","slug":"aivono-aim-flash-35000-puffs-curved-smart-screen-disposable-vape-wholesale","status":"publish","type":"product","link":"https:\/\/rmvapesale.com\/sl\/product\/aivono-aim-flash-35000-puffs-curved-smart-screen-disposable-vape-wholesale\/","title":{"rendered":"Aivono Aim Flash 35000 Vdihov, ukrivljen pametni zaslon, za enkratno uporabo Vape na debelo"},"content":{"rendered":"<div class=\"B2VR9 CJHX3e\">\n<div class=\"wyccme\">\n<div class=\"flex-shrink-0 flex flex-col relative items-end\">\n<div class=\"pt-0\">\n<div class=\"gizmo-bot-avatar flex h-8 w-8 items-center justify-center overflow-hidden rounded-full\">\n<div class=\"relative p-1 rounded-sm flex items-center justify-center bg-token-main-surface-primary text-token-text-primary h-8 w-8\">\n<div class=\"flex-shrink-0 flex flex-col relative items-end\">\n<div class=\"pt-0\">\n<div class=\"gizmo-bot-avatar flex h-8 w-8 items-center justify-center overflow-hidden rounded-full\">\n<h1 class=\"relative p-1 rounded-sm flex items-center justify-center bg-token-main-surface-primary text-token-text-primary h-8 w-8\">Aivono Aim Flash 35000 Vdihov, ukrivljen pametni zaslon, za enkratno uporabo Vape na debelo<\/h1>\n<\/div>\n<\/div>\n<\/div>\n<\/div>\n<\/div>\n<\/div>\n<\/div>\n<div class=\"group\/conversation-turn relative flex w-full min-w-0 flex-col agent-turn\">\n<div class=\"flex-col gap-1 md:gap-3\">\n<div class=\"flex max-w-full flex-col flex-grow\">\n<div class=\"min-h-8 text-message flex w-full flex-col items-end gap-2 whitespace-normal break-words text-start [.text-message+&amp;]:mt-5\" dir=\"auto\" data-message-author-role=\"assistant\" data-message-id=\"80ece0c4-ead1-4ed9-a9f0-ddc22582b4f4\" data-message-model-slug=\"gpt-4o\">\n<div class=\"flex w-full flex-col gap-1 empty:hidden first:pt-[3px]\">\n<div class=\"markdown prose w-full break-words dark:prose-invert light\">\n<h3><\/h3>\n<\/div>\n<\/div>\n<\/div>\n<\/div>\n<\/div>\n<\/div>\n<div class=\"flex-shrink-0 flex flex-col relative items-end\">\n<div class=\"pt-0\">\n<div class=\"gizmo-bot-avatar flex h-8 w-8 items-center justify-center overflow-hidden rounded-full\">\n<div class=\"relative p-1 rounded-sm flex items-center justify-center bg-token-main-surface-primary text-token-text-primary h-8 w-8\">\n<p>The <strong>AIVONO AIM FLASH 35000 Vdihov na enkratno uporabo Vape<\/strong> z <strong>Curved pametni zaslon<\/strong> dolo\u010da udobje, zmogljivost in slog v industriji vapinga. Ta napredni aparat zagotavlja do <strong>35.000 vpihi<\/strong>, kar ga naredi idealno izbiro za dalj\u0161o uporabo ob ohranjanju vrhunske arome in kakovosti pare.<\/p>\n<p>Napaja ga zanesljiv <strong>850mAh baterija iz \u010distega kobalta za ponovno polnjenje<\/strong>, s hitrim polnjenjem Type-C za zagotavljanje nemotenega vapinga. Izstopajo\u010da lastnost je <strong>ukrivljen pametni zaslon<\/strong>, ki prikazuje informacije v realnem \u010dasu o <strong>nivoji baterije<\/strong>, <strong>kapaciteti e-tekline<\/strong>, in <strong>statistikah uporabe<\/strong> za intuitivno izku\u0161njo vapinga. Prilagodljivost je klju\u010dna, z <strong>nastavljiv pretok zraka<\/strong> in <strong>nastavitvami mo\u010di<\/strong> za prilagoditev zmogljivosti va\u0161im \u017eeljam. The <strong>tehnologija dvojne mre\u017easte tuljave<\/strong> izbolj\u0161uje tako dostavo okusa kot proizvodnjo pare.<\/p>\n<p>Na voljo v 15 okusnih okusih, kot so <strong>Strawberry Ice<\/strong> in <strong>Blue Razz<\/strong>, ta e-cigaret je popoln za vsak okus. Na voljo so mo\u017enosti veleprodaje in nakupa na debelo, kar ga naredi cenovno ugodno izbiro za osebno uporabo ali prodajo na drobno.<\/p>\n<\/div>\n<\/div>\n<\/div>\n<\/div>\n<\/div>\n<\/div>\n<p><strong>Kontaktirajte Amy, da dobite pravi odgovor in kupon za vape!<\/strong><\/p>\n<p><img loading=\"lazy\" decoding=\"async\" class=\"size-full wp-image-1978\" src=\"https:\/\/rmvapesale.com\/wp-content\/uploads\/2024\/09\/Disposable-Vape-Wholesale.jpg\" alt=\"Vape za enkratno uporabo na debelo\" width=\"229\" height=\"300\" \/><\/p>\n<h3><a href=\"https:\/\/wa.me\/8617776015835\" target=\"_blank\" rel=\"noopener\"><span style=\"color: #ff0000\"><strong>WhatsApp: +86 17776015835<\/strong><\/span><\/a><\/h3>\n<h2><\/h2>\n<h2><strong>Aivono Flash 35000 Klju\u010dne Zna\u010dilnosti<\/strong><\/h2>\n<h3><\/h3>\n<ol>\n<li><strong>35.000 Vpihov:<\/strong> Visok \u0161t. vdiha za dolgo trajno zadovoljstvo.<\/li>\n<li><strong>Ukrojen Pametni Zaslon:<\/strong> Prikazuje posodobitve v realnem \u010dasu o stanju baterije, vdiha in ravni e-teko\u010dine.<\/li>\n<li><strong>Baterija za ponovno polnjenje:<\/strong> <strong>850mAh \u010dista baterija kobalta<\/strong> z hitrim polnjenjem Type-C.<\/li>\n<li><strong>Nastavljiv pretok zraka:<\/strong> Prilagodljiv dvostopenjski pretok zraka za osebno prilagoditev vdiha.<\/li>\n<li><strong>Dvojni mre\u017eni tuljav:<\/strong> Izbolj\u0161ano proizvodnjo okusa in gladko kakovost pare.<\/li>\n<li><strong>Varnost zaklepa za otroke:<\/strong> Vgrajena varnostna funkcija za brezskrbno uporabo.<\/li>\n<li><strong>Raznolikost okusov:<\/strong> Izberite med <strong>15 raznolikimi okusi<\/strong> za vsak okus.<\/li>\n<li><strong>Cenik na debelo:<\/strong> Dostopne mo\u017enosti nakupa na debelo za osebno ali maloprodajno uporabo.<\/li>\n<\/ol>\n<figure id=\"attachment_2865\" aria-describedby=\"caption-attachment-2865\" style=\"width: 800px\" class=\"wp-caption alignnone\"><img loading=\"lazy\" decoding=\"async\" class=\"wp-image-2865 size-full\" src=\"https:\/\/rmvapesale.com\/wp-content\/uploads\/2024\/12\/Aivono-Aim-Flash-35K-Wholesale-Disposable-Price.jpg\" alt=\"Aivono Aim Flash 35K veleprodajna cena za enkratno uporabo\" width=\"800\" height=\"800\" srcset=\"https:\/\/rmvapesale.com\/wp-content\/uploads\/2024\/12\/Aivono-Aim-Flash-35K-Wholesale-Disposable-Price.jpg 800w, https:\/\/rmvapesale.com\/wp-content\/uploads\/2024\/12\/Aivono-Aim-Flash-35K-Wholesale-Disposable-Price-300x300.jpg 300w, https:\/\/rmvapesale.com\/wp-content\/uploads\/2024\/12\/Aivono-Aim-Flash-35K-Wholesale-Disposable-Price-150x150.jpg 150w, https:\/\/rmvapesale.com\/wp-content\/uploads\/2024\/12\/Aivono-Aim-Flash-35K-Wholesale-Disposable-Price-768x768.jpg 768w, https:\/\/rmvapesale.com\/wp-content\/uploads\/2024\/12\/Aivono-Aim-Flash-35K-Wholesale-Disposable-Price-600x600.jpg 600w, https:\/\/rmvapesale.com\/wp-content\/uploads\/2024\/12\/Aivono-Aim-Flash-35K-Wholesale-Disposable-Price-100x100.jpg 100w\" sizes=\"auto, (max-width: 800px) 100vw, 800px\" \/><figcaption id=\"caption-attachment-2865\" class=\"wp-caption-text\">Aivono Aim Flash 35K veleprodajna cena za enkratno uporabo<\/figcaption><\/figure>\n<p><strong style=\"font-size: 1.7em\">Aivono Aim Flash 35000 seznam okusov<\/strong><\/p>\n<ol>\n<li>Strawberry Ice<\/li>\n<li>Jagoda Lubenica<\/li>\n<li>Malina \u010de\u0161nja<\/li>\n<li>Blue Razz<\/li>\n<li>Limona Meta<\/li>\n<li>Breskova sok<\/li>\n<li>Borovnica grozd<\/li>\n<li>Ledena lubenica<\/li>\n<li>Jabolko jagoda<\/li>\n<li>Mango ananas<\/li>\n<li>Modri ran\u010d<\/li>\n<li>Sladoled jagoda<\/li>\n<li>Grape Ice<\/li>\n<li>Me\u0161ano jagodi\u010devje<\/li>\n<li>Jagoda Kivi<\/li>\n<\/ol>\n<p>&nbsp;<\/p>\n<h3><strong>Zakaj izbrati Rmvapesale za Aivono Flash 35000 Pufov <\/strong><strong>V<\/strong><strong>Veleprodaja vejpanja<\/strong><strong>?<\/strong><\/h3>\n<div class=\"flex-shrink-0 flex flex-col relative items-end\">\n<div class=\"pt-0\">\n<div class=\"gizmo-bot-avatar flex h-8 w-8 items-center justify-center overflow-hidden rounded-full\">\n<div class=\"relative p-1 rounded-sm flex items-center justify-center bg-token-main-surface-primary text-token-text-primary h-8 w-8\">\n<p>Dobrodo\u0161li v Rmvapesale, va\u0161i zaupanja vredni trgovini za vrhunske e-cigarete za enkratno uporabo. Z ve\u010d kot 5-letnimi izku\u0161njami vam ponujamo priljubljene znamke e-cigaret za enkratno uporabo, kot so Al Fakher, <a href=\"https:\/\/rmvapesale.com\/sl\/product-category\/bang-vapes\/\">Bang Vape<\/a>, Waspe, WGA Vape in<a href=\"https:\/\/rmvapesale.com\/sl\/product-category\/randm-fumot-vape\/\"> RandM Vape<\/a>.<\/p>\n<p>Na\u0161a ponudba vklju\u010duje priljubljene e-cigarete, kot je <a href=\"https:\/\/rmvapesale.com\/sl\/product\/randm-tornado-15000-puffs-vape-wholesale\/\">RandM Tornado 15000<\/a> in bogate izbire okusov, kot je Vapme 70000. Vsak izdelek je izbran s poudarkom na kakovosti, vrednosti in raznolikosti, kar zagotavlja, da boste na\u0161li popolno ujemanje za va\u0161e potrebe. Odkrijte izjemno storitev in \u0161iroko paleto vrhunskih izdelkov pri Rmvapesale.<\/p>\n<\/div>\n<h3><\/h3>\n<div class=\"relative p-1 rounded-sm flex items-center justify-center bg-token-main-surface-primary text-token-text-primary h-8 w-8\">\n<h3><b> Pogosta vpra\u0161anja za Aivono Aim Flash 35000 <\/b><b>Vape za enkratno uporabo, ki ga je mogo\u010de polniti<\/b><\/h3>\n<div class=\"group\/conversation-turn relative flex w-full min-w-0 flex-col agent-turn\">\n<div class=\"flex-col gap-1 md:gap-3\">\n<div class=\"flex max-w-full flex-col flex-grow\">\n<div class=\"min-h-8 text-message flex w-full flex-col items-end gap-2 whitespace-normal break-words [.text-message+&amp;]:mt-5\" dir=\"auto\" data-message-author-role=\"assistant\" data-message-id=\"00c9b302-bc9c-4550-94ba-5a295efa2be3\" data-message-model-slug=\"gpt-4o\">\n<div class=\"flex w-full flex-col gap-1 empty:hidden first:pt-[3px]\">\n<div class=\"markdown prose w-full break-words dark:prose-invert light\">\n<div class=\"flex-shrink-0 flex flex-col relative items-end\">\n<div class=\"pt-0\">\n<div class=\"gizmo-bot-avatar flex h-8 w-8 items-center justify-center overflow-hidden rounded-full\">\n<div class=\"relative p-1 rounded-sm flex items-center justify-center bg-token-main-surface-primary text-token-text-primary h-8 w-8\">\n<div class=\"flex-shrink-0 flex flex-col relative items-end\">\n<div class=\"pt-0\">\n<div class=\"gizmo-bot-avatar flex h-8 w-8 items-center justify-center overflow-hidden rounded-full\">\n<div class=\"relative p-1 rounded-sm flex items-center justify-center bg-token-main-surface-primary text-token-text-primary h-8 w-8\">\n<h3><\/h3>\n<ol>\n<li><strong>Koliko pufov zagotavlja AIVONO AIM FLASH 35000?<\/strong><br \/>\nTa naprava zagotavlja do <strong>35.000 vpihi<\/strong>, zaradi \u010desar je ena najbolj vzdr\u017eljivih enkratnih vapov na voljo.<\/li>\n<li><strong>Kaj naredi zakrivljen zaslon pametnega zaslona edinstvenega?<\/strong><br \/>\nThe <strong>ukrivljen pametni zaslon<\/strong> nudi podatke v realnem \u010dasu o va\u0161ih statistikah vapinga, vklju\u010dno z \u017eivljenjsko dobo baterije in ravnijo e-teko\u010dine, za bolj informirano izku\u0161njo.<\/li>\n<li><strong>Ali lahko napolnim AIVONO AIM FLASH 35000?<\/strong><br \/>\nDa, ima <strong>850mAh polnilna baterija<\/strong> z <strong>hiter polnjenje s Type-C<\/strong> za nemoteno uporabo.<\/li>\n<li><strong>Kak\u0161ne okuse ponuja ta naprava?<\/strong><br \/>\nObstaja <strong>15 osupljivih okusov<\/strong>, vklju\u010dno z <strong>Blue Razz<\/strong>, <strong>Mango ananas<\/strong>, in <strong>Sladoled jagoda<\/strong>, da zadovolji vsak okus.<\/li>\n<li><strong>Kje lahko kupim AIVONO AIM FLASH 35000 po veleprodajnih cenah?<\/strong><br \/>\nObi\u0161\u010dite <strong>Sivvape spletna trgovina z vapami<\/strong> za nakup <strong>AIVONO AIM FLASH 35000<\/strong> po nepremagljivih <strong>veleprodajnih cenah<\/strong>\u2014popoln za osebno uporabo ali potrebe maloprodajnega poslovanja!<\/li>\n<\/ol>\n<\/div>\n<\/div>\n<\/div>\n<\/div>\n<\/div>\n<\/div>\n<\/div>\n<\/div>\n<div class=\"group\/conversation-turn relative flex w-full min-w-0 flex-col agent-turn\">\n<div class=\"flex-col gap-1 md:gap-3\">\n<div class=\"flex max-w-full flex-col flex-grow\">\n<div class=\"min-h-8 text-message flex w-full flex-col items-end gap-2 whitespace-normal break-words [.text-message+&amp;]:mt-5\" dir=\"auto\" data-message-author-role=\"assistant\" data-message-id=\"a3dc01bd-23b0-4fd7-bb9a-7827522cefd8\" data-message-model-slug=\"gpt-4o\">\n<div class=\"flex w-full flex-col gap-1 empty:hidden first:pt-[3px]\"><\/div>\n<\/div>\n<\/div>\n<\/div>\n<\/div>\n<\/div>\n<\/div>\n<\/div>\n<\/div>\n<\/div>\n<\/div>\n<\/div>\n<\/div>\n<\/div>\n<\/div>\n<h3>O po\u0161iljanju<\/h3>\n<div class=\"flex-shrink-0 flex flex-col relative items-end\">\n<div>\n<div class=\"pt-0\">\n<div class=\"gizmo-bot-avatar flex h-8 w-8 items-center justify-center overflow-hidden rounded-full\">\n<div><\/div>\n<div class=\"relative p-1 rounded-sm flex items-center justify-center bg-token-main-surface-primary text-token-text-primary h-8 w-8\"><strong>1. Katere metode po\u0161iljanja se uporabljajo?<\/strong><\/div>\n<\/div>\n<\/div>\n<\/div>\n<\/div>\n<div class=\"group\/conversation-turn relative flex w-full min-w-0 flex-col agent-turn\">\n<div class=\"flex-col gap-1 md:gap-3\">\n<div class=\"flex max-w-full flex-col flex-grow\">\n<div class=\"min-h-[20px] text-message flex w-full flex-col items-end gap-2 whitespace-normal break-words [.text-message+&amp;]:mt-5 overflow-x-auto\" dir=\"auto\" data-message-author-role=\"assistant\" data-message-id=\"22f8283b-3233-46ff-89a5-c7a41b33abda\">\n<div class=\"flex w-full flex-col gap-1 empty:hidden first:pt-[3px]\">\n<div class=\"markdown prose w-full break-words dark:prose-invert light\">\n<p>Sodelujemo z UPS, DHL, FedEx, DPD in drugimi vodilnimi prevozniki. Izbrali bomo najbolj\u0161i na\u010din po\u0161iljanja glede na va\u0161o lokacijo dostave, da zagotovimo, da boste izdelke prejeli \u010dim hitreje.<\/p>\n<\/div>\n<p><strong>2. Kako dolgo traja, da prispe?<\/strong><\/p>\n<p>Paketi, poslani v Slovenijo, obi\u010dajno prispejo v 10 delovnih dneh. Po\u0161iljanje v evropske dr\u017eave obi\u010dajno traja pribli\u017eno 12-15 delovnih dni. Zagotovili vam bomo sprotne posodobitve o statusu va\u0161ega po\u0161iljanja.<\/p>\n<\/div>\n<\/div>\n<\/div>\n<\/div>\n<\/div>\n<p>&nbsp;<\/p>\n<p>Poi\u0161\u010di ve\u010d izdelkov Vape, ki so ti morda v\u0161e\u010d:<strong><em><a href=\"https:\/\/rmvapesale.com\/sl\/shop-2\/\">nakupuj zdaj &gt;&gt;&gt;<\/a><\/em><\/strong><\/p>","protected":false},"excerpt":{"rendered":"<p>Aivono Aim Flash 35000 Vdihov na enkratno uporabo Vape na debelo<br \/>\nAivono Flash 35000 Priporo\u010dljivo za ponovno polnjenje na voljo na debelo<br \/>\nTop prodaja enkratna vape peresa Aivono Flash 35k Nakup na debelo poceni cena<\/p>\n<p><strong>Kontaktirajte Amy, da dobite pravi odgovor in kupon za vape!<\/strong><\/p>\n<p><img loading=\"lazy\" decoding=\"async\" class=\"size-full wp-image-2375\" src=\"https:\/\/rmvapesale.com\/wp-content\/uploads\/2024\/10\/image.png\" alt=\"Najbolj\u0161i Vape za enkratno uporabo\" width=\"229\" height=\"300\" \/><\/p>\n<h3><a href=\"https:\/\/wa.me\/8617776015835\"><span style=\"color: #ff0000\"><strong>WhatsApp: +86 17776015835<\/strong><\/span><\/a><\/h3>\n<p>&nbsp;<\/p>","protected":false},"featured_media":2867,"comment_status":"open","ping_status":"closed","template":"","meta":{"_uag_custom_page_level_css":"","_lmt_disableupdate":"no","_lmt_disable":"","site-sidebar-layout":"default","site-content-layout":"content-boxed-container","ast-site-content-layout":"normal-width-container","site-content-style":"boxed","site-sidebar-style":"unboxed","ast-global-header-display":"","ast-banner-title-visibility":"","ast-main-header-display":"","ast-hfb-above-header-display":"","ast-hfb-below-header-display":"","ast-hfb-mobile-header-display":"","site-post-title":"","ast-breadcrumbs-content":"","ast-featured-img":"","footer-sml-layout":"","ast-disable-related-posts":"","theme-transparent-header-meta":"default","adv-header-id-meta":"","stick-header-meta":"","header-above-stick-meta":"","header-main-stick-meta":"","header-below-stick-meta":"","astra-migrate-meta-layouts":"set","ast-page-background-enabled":"default","ast-page-background-meta":{"desktop":{"background-color":"var(--ast-global-color-4)","background-image":"","background-repeat":"repeat","background-position":"center center","background-size":"auto","background-attachment":"scroll","background-type":"","background-media":"","overlay-type":"","overlay-color":"","overlay-opacity":"","overlay-gradient":""},"tablet":{"background-color":"","background-image":"","background-repeat":"repeat","background-position":"center center","background-size":"auto","background-attachment":"scroll","background-type":"","background-media":"","overlay-type":"","overlay-color":"","overlay-opacity":"","overlay-gradient":""},"mobile":{"background-color":"","background-image":"","background-repeat":"repeat","background-position":"center center","background-size":"auto","background-attachment":"scroll","background-type":"","background-media":"","overlay-type":"","overlay-color":"","overlay-opacity":"","overlay-gradient":""}},"ast-content-background-meta":{"desktop":{"background-color":"var(--ast-global-color-5)","background-image":"","background-repeat":"repeat","background-position":"center center","background-size":"auto","background-attachment":"scroll","background-type":"","background-media":"","overlay-type":"","overlay-color":"","overlay-opacity":"","overlay-gradient":""},"tablet":{"background-color":"var(--ast-global-color-5)","background-image":"","background-repeat":"repeat","background-position":"center center","background-size":"auto","background-attachment":"scroll","background-type":"","background-media":"","overlay-type":"","overlay-color":"","overlay-opacity":"","overlay-gradient":""},"mobile":{"background-color":"var(--ast-global-color-5)","background-image":"","background-repeat":"repeat","background-position":"center center","background-size":"auto","background-attachment":"scroll","background-type":"","background-media":"","overlay-type":"","overlay-color":"","overlay-opacity":"","overlay-gradient":""}},"_joinchat":[]},"product_brand":[],"product_cat":[15,27,25,123,30,26,28,137,136,135],"product_tag":[244,245,40,111,243],"class_list":{"0":"post-2868","1":"product","2":"type-product","3":"status-publish","4":"has-post-thumbnail","6":"product_cat-new-vape-this-week","7":"product_cat-fance-hot-sale-vape","8":"product_cat-germany-best-selling-vape","9":"product_cat-italy-wholesale-vape","10":"product_cat-minimum-order-quantity-50pcs","11":"product_cat-netherlands-hot-sale-vape","12":"product_cat-poland-hot-sale-vape","13":"product_cat-rechargeable-vapes","14":"product_cat-smart-screen-vapes","15":"product_cat-spain-best-hot-sale-vape","16":"product_tag-aivono-flash-35000","17":"product_tag-aivono-vape","18":"product_tag-hot-sale-vape","19":"product_tag-low-nicotine-disposable-vape","20":"product_tag-vapsolo","21":"desktop-align-left","22":"tablet-align-left","23":"mobile-align-left","25":"first","26":"instock","27":"sale","28":"shipping-taxable","29":"purchasable","30":"product-type-simple"},"uagb_featured_image_src":{"full":["https:\/\/rmvapesale.com\/wp-content\/uploads\/2024\/12\/Low-Nicotine-Vape-Aivono-Aim-Flash-35000.jpg",800,800,false],"thumbnail":["https:\/\/rmvapesale.com\/wp-content\/uploads\/2024\/12\/Low-Nicotine-Vape-Aivono-Aim-Flash-35000-150x150.jpg",150,150,true],"medium":["https:\/\/rmvapesale.com\/wp-content\/uploads\/2024\/12\/Low-Nicotine-Vape-Aivono-Aim-Flash-35000-300x300.jpg",300,300,true],"medium_large":["https:\/\/rmvapesale.com\/wp-content\/uploads\/2024\/12\/Low-Nicotine-Vape-Aivono-Aim-Flash-35000-768x768.jpg",768,768,true],"large":["https:\/\/rmvapesale.com\/wp-content\/uploads\/2024\/12\/Low-Nicotine-Vape-Aivono-Aim-Flash-35000.jpg",800,800,false],"1536x1536":["https:\/\/rmvapesale.com\/wp-content\/uploads\/2024\/12\/Low-Nicotine-Vape-Aivono-Aim-Flash-35000.jpg",800,800,false],"2048x2048":["https:\/\/rmvapesale.com\/wp-content\/uploads\/2024\/12\/Low-Nicotine-Vape-Aivono-Aim-Flash-35000.jpg",800,800,false],"trp-custom-language-flag":["https:\/\/rmvapesale.com\/wp-content\/uploads\/2024\/12\/Low-Nicotine-Vape-Aivono-Aim-Flash-35000.jpg",12,12,false],"woocommerce_thumbnail":["https:\/\/rmvapesale.com\/wp-content\/uploads\/2024\/12\/Low-Nicotine-Vape-Aivono-Aim-Flash-35000-300x300.jpg",300,300,true],"woocommerce_single":["https:\/\/rmvapesale.com\/wp-content\/uploads\/2024\/12\/Low-Nicotine-Vape-Aivono-Aim-Flash-35000-600x600.jpg",600,600,true],"woocommerce_gallery_thumbnail":["https:\/\/rmvapesale.com\/wp-content\/uploads\/2024\/12\/Low-Nicotine-Vape-Aivono-Aim-Flash-35000-100x100.jpg",100,100,true],"wcpr-photo-reviews":["https:\/\/rmvapesale.com\/wp-content\/uploads\/2024\/12\/Low-Nicotine-Vape-Aivono-Aim-Flash-35000.jpg",500,500,false]},"uagb_author_info":{"display_name":"AMY","author_link":"https:\/\/rmvapesale.com\/sl\/author\/"},"uagb_comment_info":0,"uagb_excerpt":"Aivono Aim Flash 35000 Puffs Disposable Vape Wholesale Aivono Flash 35000 Rechargeable Disposable Vape Wholesale Price Hot Sell Disposable Vape Pen Aivono Flash 35k Bulk Buy Cheap Price Contact Amy to get right reply and vape coupon! WhatsApp: +86 17776015835 &nbsp;","_links":{"self":[{"href":"https:\/\/rmvapesale.com\/sl\/wp-json\/wp\/v2\/product\/2868","targetHints":{"allow":["GET"]}}],"collection":[{"href":"https:\/\/rmvapesale.com\/sl\/wp-json\/wp\/v2\/product"}],"about":[{"href":"https:\/\/rmvapesale.com\/sl\/wp-json\/wp\/v2\/types\/product"}],"replies":[{"embeddable":true,"href":"https:\/\/rmvapesale.com\/sl\/wp-json\/wp\/v2\/comments?post=2868"}],"wp:featuredmedia":[{"embeddable":true,"href":"https:\/\/rmvapesale.com\/sl\/wp-json\/wp\/v2\/media\/2867"}],"wp:attachment":[{"href":"https:\/\/rmvapesale.com\/sl\/wp-json\/wp\/v2\/media?parent=2868"}],"wp:term":[{"taxonomy":"product_brand","embeddable":true,"href":"https:\/\/rmvapesale.com\/sl\/wp-json\/wp\/v2\/product_brand?post=2868"},{"taxonomy":"product_cat","embeddable":true,"href":"https:\/\/rmvapesale.com\/sl\/wp-json\/wp\/v2\/product_cat?post=2868"},{"taxonomy":"product_tag","embeddable":true,"href":"https:\/\/rmvapesale.com\/sl\/wp-json\/wp\/v2\/product_tag?post=2868"}],"curies":[{"name":"wp","href":"https:\/\/api.w.org\/{rel}","templated":true}]}}