{"id":2876,"date":"2024-12-23T09:17:23","date_gmt":"2024-12-23T09:17:23","guid":{"rendered":"https:\/\/rmvapesale.com\/?post_type=product&#038;p=2876"},"modified":"2024-12-23T09:39:15","modified_gmt":"2024-12-23T09:39:15","slug":"bood-pulse-pro-50000-puff-50k-low-nicotine-disposable-vape-wholesale-bulk-buy-price","status":"publish","type":"product","link":"https:\/\/rmvapesale.com\/sl\/product\/bood-pulse-pro-50000-puff-50k-low-nicotine-disposable-vape-wholesale-bulk-buy-price\/","title":{"rendered":"Bood Pulse PRO 50000 Vpihov 50k Nizka Vsebnost Nikotina Vape za Enkratno Uporabo Veleprodaja Nakup po Ugodni Ceni"},"content":{"rendered":"<div class=\"B2VR9 CJHX3e\">\n<div class=\"wyccme\">\n<div class=\"flex-shrink-0 flex flex-col relative items-end\">\n<div class=\"pt-0\">\n<div class=\"gizmo-bot-avatar flex h-8 w-8 items-center justify-center overflow-hidden rounded-full\">\n<div class=\"relative p-1 rounded-sm flex items-center justify-center bg-token-main-surface-primary text-token-text-primary h-8 w-8\">\n<div class=\"flex-shrink-0 flex flex-col relative items-end\">\n<div class=\"pt-0\">\n<div class=\"gizmo-bot-avatar flex h-8 w-8 items-center justify-center overflow-hidden rounded-full\">\n<h1 class=\"relative p-1 rounded-sm flex items-center justify-center bg-token-main-surface-primary text-token-text-primary h-8 w-8\">Bood Pulse PRO 50000 Vpihov 50k Nizka Vsebnost Nikotina Vape za Enkratno Uporabo Veleprodaja Nakup po Ugodni Ceni<\/h1>\n<\/div>\n<\/div>\n<\/div>\n<\/div>\n<\/div>\n<\/div>\n<\/div>\n<div class=\"group\/conversation-turn relative flex w-full min-w-0 flex-col agent-turn\">\n<div class=\"flex-col gap-1 md:gap-3\">\n<div class=\"flex max-w-full flex-col flex-grow\">\n<div class=\"min-h-8 text-message flex w-full flex-col items-end gap-2 whitespace-normal break-words text-start [.text-message+&amp;]:mt-5\" dir=\"auto\" data-message-author-role=\"assistant\" data-message-id=\"80ece0c4-ead1-4ed9-a9f0-ddc22582b4f4\" data-message-model-slug=\"gpt-4o\">\n<div class=\"flex w-full flex-col gap-1 empty:hidden first:pt-[3px]\">\n<div class=\"markdown prose w-full break-words dark:prose-invert light\">\n<h3><\/h3>\n<\/div>\n<\/div>\n<\/div>\n<\/div>\n<\/div>\n<\/div>\n<div class=\"flex-shrink-0 flex flex-col relative items-end\">\n<div class=\"pt-0\">\n<div class=\"gizmo-bot-avatar flex h-8 w-8 items-center justify-center overflow-hidden rounded-full\">\n<div class=\"relative p-1 rounded-sm flex items-center justify-center bg-token-main-surface-primary text-token-text-primary h-8 w-8\">\n<p>Izbolj\u0161ajte svojo izku\u0161njo vapinga z <strong>Bood Pulse PRO 50000 Vpihov Nizka Vsebnost Nikotina Vape za Enkratno Uporabo<\/strong>, prava inovacija v <strong>znamkami vapov za enkratno uporabo<\/strong>. Ta <strong>vape s 50k vpihi<\/strong> je zasnovan za uporabnike, ki cenijo zmogljivost, dolgo \u017eivljenjsko dobo in stil.<\/p>\n<p>Opremljen z <strong>400mAh polnilna baterija<\/strong> in <strong>Hitro polnjenje Type-C<\/strong>, zagotavlja, da je va\u0161a naprava vedno pripravljena. S svojo <strong>28ml kapaciteto e-teko\u010dine<\/strong>, ta vape ponuja do <strong>50.000 vpihov v Normalnem Na\u010dinu<\/strong> or <strong>25.000 vpihov v Pulse Na\u010dinu<\/strong>, ki ustreza \u0161irokemu spektru preferenc. The <strong>LED pametni zaslon<\/strong> omogo\u010da enostavno spremljanje \u0161tevila vdihov, \u017eivljenjske dobe baterije in na\u010dina vejpanja.<\/p>\n<p>Na voljo po <strong>ugodnih veleprodajnih cenah za vape za enkratno uporabo<\/strong>, je <strong>Bood Pulse PRO 50000<\/strong> zdru\u017euje vrhunske funkcije in cenovno dostopnost, zaradi \u010desar je idealen za osebno uporabo ali <strong>nakup v velikih koli\u010dinah<\/strong> potrebe. Izbirajte med razli\u010dnimi neustavljivimi okusi in u\u017eivajte v gladki, okusni in prilagojeni izku\u0161nji vejpanja.<\/p>\n<\/div>\n<\/div>\n<\/div>\n<\/div>\n<\/div>\n<\/div>\n<p><strong>Kontaktirajte Amy, da dobite pravi odgovor in kupon za vape!<\/strong><\/p>\n<p><img loading=\"lazy\" decoding=\"async\" class=\"size-full wp-image-1978\" src=\"https:\/\/rmvapesale.com\/wp-content\/uploads\/2024\/09\/Disposable-Vape-Wholesale.jpg\" alt=\"Vape za enkratno uporabo na debelo\" width=\"229\" height=\"300\" \/><\/p>\n<h3><a href=\"https:\/\/wa.me\/8617776015835\" target=\"_blank\" rel=\"noopener\"><span style=\"color: #ff0000\"><strong>WhatsApp: +86 17776015835<\/strong><\/span><\/a><\/h3>\n<p>&nbsp;<\/p>\n<p><strong style=\"font-size: 1.7em\">Klju\u010dne lastnosti Bood Pulse PRO 50000<\/strong><\/p>\n<ol>\n<li><strong>Ogromna kapaciteta 50.000 vdihov:<\/strong> Dolgotrajno vejpanje z <strong>Normalnim in pulznim na\u010dinom<\/strong> za dodatno vsestranskost.<\/li>\n<li><strong>Baterija za ponovno polnjenje:<\/strong> <strong>400mAh baterija<\/strong> s hitrim polnjenjem Type-C zagotavlja udobje.<\/li>\n<li><strong>Pametni LED zaslon:<\/strong> Spremljajte \u0161tevilo vdihov, stanje baterije in nastavitve na\u010dina brez te\u017eav.<\/li>\n<li><strong>Velika kapaciteta e-teko\u010dine:<\/strong> 28ml rezervoar zagotavlja podalj\u0161ano vejpanje brez pogostega polnjenja.<\/li>\n<li><strong>Prilagodljivi na\u010dini uparjanja:<\/strong> Dva na\u010dina \u2013 Normal za dolgo \u017eivljenjsko dobo in Pulse za intenzivnost.<\/li>\n<li><strong>Nizke mo\u017enosti nikotina:<\/strong> Na voljo v 0%, 2% ali 5% nikotinu za prilagojeno izku\u0161njo.<\/li>\n<li><strong>Ugodne veleprodajne cene:<\/strong> Popolno za <strong>poceni vejpe<\/strong> iskalce in kupce na debelo.<\/li>\n<\/ol>\n<p><strong style=\"font-size: 1.7em\">Najbolje prodajan okus za Bood Pulse PRO 50000\u00a0<\/strong><\/p>\n<p>1.MELONA ANANAS POMARAN\u010cA<br \/>\n2. BOROVNI\u010cEVA KISLA MALINA<br \/>\n3. LUBENICA KIWI<br \/>\n4. BOROVNICA LUBENICA<br \/>\n5. SLADOLED Z \u010cRNO ROBIDO<br \/>\n6. TROJNA MELONA<br \/>\n7. SLADOLED Z JAGODO<br \/>\n8. SLADOLED Z JAGODO IN LUBENICO<br \/>\n9. DVOJNA LIMONADA<br \/>\n10. GROZDJE BRUSNICA BOROVNICA MALINA<\/p>\n<p>&nbsp;<\/p>\n<figure id=\"attachment_2875\" aria-describedby=\"caption-attachment-2875\" style=\"width: 800px\" class=\"wp-caption alignnone\"><img loading=\"lazy\" decoding=\"async\" class=\"wp-image-2875 size-full\" src=\"https:\/\/rmvapesale.com\/wp-content\/uploads\/2024\/12\/Puff-50k-Bood-Pulse-50000-Puff-Disposable-Vape-Wholesale.jpg\" alt=\"Veleprodaja Puff 50k Bood Pulse 50000 Puff za enkratno uporabo\" width=\"800\" height=\"800\" srcset=\"https:\/\/rmvapesale.com\/wp-content\/uploads\/2024\/12\/Puff-50k-Bood-Pulse-50000-Puff-Disposable-Vape-Wholesale.jpg 800w, https:\/\/rmvapesale.com\/wp-content\/uploads\/2024\/12\/Puff-50k-Bood-Pulse-50000-Puff-Disposable-Vape-Wholesale-300x300.jpg 300w, https:\/\/rmvapesale.com\/wp-content\/uploads\/2024\/12\/Puff-50k-Bood-Pulse-50000-Puff-Disposable-Vape-Wholesale-150x150.jpg 150w, https:\/\/rmvapesale.com\/wp-content\/uploads\/2024\/12\/Puff-50k-Bood-Pulse-50000-Puff-Disposable-Vape-Wholesale-768x768.jpg 768w, https:\/\/rmvapesale.com\/wp-content\/uploads\/2024\/12\/Puff-50k-Bood-Pulse-50000-Puff-Disposable-Vape-Wholesale-600x600.jpg 600w, https:\/\/rmvapesale.com\/wp-content\/uploads\/2024\/12\/Puff-50k-Bood-Pulse-50000-Puff-Disposable-Vape-Wholesale-100x100.jpg 100w\" sizes=\"auto, (max-width: 800px) 100vw, 800px\" \/><figcaption id=\"caption-attachment-2875\" class=\"wp-caption-text\">Veleprodaja Puff 50k Bood Pulse 50000 Puff za enkratno uporabo<\/figcaption><\/figure>\n<p>&nbsp;<\/p>\n<h3><strong>Zakaj izbrati Rmvapesale za Bood Pulse PRO 50000 Vpihov <\/strong><strong>V<\/strong><strong>Veleprodaja vejpanja<\/strong><strong>?<\/strong><\/h3>\n<div class=\"flex-shrink-0 flex flex-col relative items-end\">\n<div class=\"pt-0\">\n<div class=\"gizmo-bot-avatar flex h-8 w-8 items-center justify-center overflow-hidden rounded-full\">\n<div class=\"relative p-1 rounded-sm flex items-center justify-center bg-token-main-surface-primary text-token-text-primary h-8 w-8\">\n<p>Dobrodo\u0161li v Rmvapesale, va\u0161i zaupanja vredni trgovini za vrhunske e-cigarete za enkratno uporabo. Z ve\u010d kot 5-letnimi izku\u0161njami vam ponujamo priljubljene znamke e-cigaret za enkratno uporabo, kot so Al Fakher, <a href=\"https:\/\/rmvapesale.com\/sl\/product-category\/bang-vapes\/\">Bang Vape<\/a>, Waspe, WGA Vape in<a href=\"https:\/\/rmvapesale.com\/sl\/product-category\/randm-fumot-vape\/\"> RandM Vape<\/a>.<\/p>\n<p>Na\u0161a ponudba vklju\u010duje priljubljene e-cigarete, kot je <a href=\"https:\/\/rmvapesale.com\/sl\/product\/randm-tornado-15000-puffs-vape-wholesale\/\">RandM Tornado 15000<\/a> in bogate izbire okusov, kot je Vapme 70000. Vsak izdelek je izbran s poudarkom na kakovosti, vrednosti in raznolikosti, kar zagotavlja, da boste na\u0161li popolno ujemanje za va\u0161e potrebe. Odkrijte izjemno storitev in \u0161iroko paleto vrhunskih izdelkov pri Rmvapesale.<\/p>\n<\/div>\n<h3><\/h3>\n<div class=\"relative p-1 rounded-sm flex items-center justify-center bg-token-main-surface-primary text-token-text-primary h-8 w-8\">\n<h3><b> Pogosta vpra\u0161anja o Bood Pulse 50000 <\/b><b>Vape za enkratno uporabo, ki ga je mogo\u010de polniti<\/b><\/h3>\n<div class=\"group\/conversation-turn relative flex w-full min-w-0 flex-col agent-turn\">\n<div class=\"flex-col gap-1 md:gap-3\">\n<div class=\"flex max-w-full flex-col flex-grow\">\n<div class=\"min-h-8 text-message flex w-full flex-col items-end gap-2 whitespace-normal break-words [.text-message+&amp;]:mt-5\" dir=\"auto\" data-message-author-role=\"assistant\" data-message-id=\"00c9b302-bc9c-4550-94ba-5a295efa2be3\" data-message-model-slug=\"gpt-4o\">\n<div class=\"flex w-full flex-col gap-1 empty:hidden first:pt-[3px]\">\n<div class=\"markdown prose w-full break-words dark:prose-invert light\">\n<div class=\"flex-shrink-0 flex flex-col relative items-end\">\n<div class=\"pt-0\">\n<div class=\"gizmo-bot-avatar flex h-8 w-8 items-center justify-center overflow-hidden rounded-full\">\n<div class=\"relative p-1 rounded-sm flex items-center justify-center bg-token-main-surface-primary text-token-text-primary h-8 w-8\">\n<div class=\"flex-shrink-0 flex flex-col relative items-end\">\n<div class=\"pt-0\">\n<div class=\"gizmo-bot-avatar flex h-8 w-8 items-center justify-center overflow-hidden rounded-full\">\n<div class=\"relative p-1 rounded-sm flex items-center justify-center bg-token-main-surface-primary text-token-text-primary h-8 w-8\">\n<h3><\/h3>\n<ol>\n<li><strong>Koliko vpihov zagotavlja Bood Pulse PRO 50000?<\/strong><br \/>\nNaprava zagotavlja <strong>50.000 vpihov v Normalnem Na\u010dinu<\/strong> in <strong>25.000 vpihov v Pulse Na\u010dinu<\/strong>, kar zagotavlja dolgo \u017eivljenjsko dobo.<\/li>\n<li><strong>Kak\u0161en je namen LED pametnega zaslona?<\/strong><br \/>\nThe <strong>LED zaslon<\/strong> uporabnikom omogo\u010da enostavno spremljanje \u0161tevila vpihov, \u017eivljenjske dobe baterije in izbranega na\u010dina vejpanja.<\/li>\n<li><strong>Ali lahko ponovno napolnim Bood 50000 puff vape za enkratno uporabo?<\/strong><br \/>\nDa, ima <strong>400mAh polnilna baterija<\/strong> s hitrim polnjenjem Type-C za va\u0161e udobje.<\/li>\n<li><strong>Katere ravni nikotina so na voljo?<\/strong><br \/>\nThe <strong>Bood 50000<\/strong> ponuja mo\u017enosti nikotina 0%, 2% in 5%, ki ustrezajo va\u0161im \u017eeljam.<\/li>\n<li><strong>Kje lahko kupim Bood Pulse PRO 50k po veleprodajnih cenah?<\/strong><br \/>\nObi\u0161\u010dite <strong>Rmvapesale spletno trgovino z vape izdelki<\/strong> za nakup <strong>Bood Pulse PRO 50k Puff Nizko Nikotinska Vape za Enkratno Uporabo<\/strong> po nepremagljivih <strong>veleprodajnih cenah za nakup v razsutem stanju<\/strong>!<\/li>\n<\/ol>\n<\/div>\n<\/div>\n<\/div>\n<\/div>\n<\/div>\n<\/div>\n<\/div>\n<\/div>\n<div class=\"group\/conversation-turn relative flex w-full min-w-0 flex-col agent-turn\">\n<div class=\"flex-col gap-1 md:gap-3\">\n<div class=\"flex max-w-full flex-col flex-grow\">\n<div class=\"min-h-8 text-message flex w-full flex-col items-end gap-2 whitespace-normal break-words [.text-message+&amp;]:mt-5\" dir=\"auto\" data-message-author-role=\"assistant\" data-message-id=\"a3dc01bd-23b0-4fd7-bb9a-7827522cefd8\" data-message-model-slug=\"gpt-4o\">\n<div class=\"flex w-full flex-col gap-1 empty:hidden first:pt-[3px]\"><\/div>\n<\/div>\n<\/div>\n<\/div>\n<\/div>\n<\/div>\n<\/div>\n<\/div>\n<\/div>\n<\/div>\n<\/div>\n<\/div>\n<\/div>\n<\/div>\n<\/div>\n<h3>O po\u0161iljanju<\/h3>\n<div class=\"flex-shrink-0 flex flex-col relative items-end\">\n<div>\n<div class=\"pt-0\">\n<div class=\"gizmo-bot-avatar flex h-8 w-8 items-center justify-center overflow-hidden rounded-full\">\n<div><\/div>\n<div class=\"relative p-1 rounded-sm flex items-center justify-center bg-token-main-surface-primary text-token-text-primary h-8 w-8\"><strong>1. Katere metode po\u0161iljanja se uporabljajo?<\/strong><\/div>\n<\/div>\n<\/div>\n<\/div>\n<\/div>\n<div class=\"group\/conversation-turn relative flex w-full min-w-0 flex-col agent-turn\">\n<div class=\"flex-col gap-1 md:gap-3\">\n<div class=\"flex max-w-full flex-col flex-grow\">\n<div class=\"min-h-[20px] text-message flex w-full flex-col items-end gap-2 whitespace-normal break-words [.text-message+&amp;]:mt-5 overflow-x-auto\" dir=\"auto\" data-message-author-role=\"assistant\" data-message-id=\"22f8283b-3233-46ff-89a5-c7a41b33abda\">\n<div class=\"flex w-full flex-col gap-1 empty:hidden first:pt-[3px]\">\n<div class=\"markdown prose w-full break-words dark:prose-invert light\">\n<p>Sodelujemo z UPS, DHL, FedEx, DPD in drugimi vodilnimi prevozniki. Izbrali bomo najbolj\u0161i na\u010din po\u0161iljanja glede na va\u0161o lokacijo dostave, da zagotovimo, da boste izdelke prejeli \u010dim hitreje.<\/p>\n<\/div>\n<p><strong>2. Kako dolgo traja, da prispe?<\/strong><\/p>\n<p>Paketi, poslani v Slovenijo, obi\u010dajno prispejo v 10 delovnih dneh. Po\u0161iljanje v evropske dr\u017eave obi\u010dajno traja pribli\u017eno 12-15 delovnih dni. Zagotovili vam bomo sprotne posodobitve o statusu va\u0161ega po\u0161iljanja.<\/p>\n<\/div>\n<\/div>\n<\/div>\n<\/div>\n<\/div>\n<p>&nbsp;<\/p>\n<p>Poi\u0161\u010di ve\u010d izdelkov Vape, ki so ti morda v\u0161e\u010d:<strong><em><a href=\"https:\/\/rmvapesale.com\/sl\/shop-2\/\">nakupuj zdaj &gt;&gt;&gt;<\/a><\/em><\/strong><\/p>","protected":false},"excerpt":{"rendered":"<p>Bood Pulse PRO 50000 Vpihov Vape za Enkratno Uporabo Veleprodaja<br \/>\nBood Pulse PRO 50000 Polnilni Vape za Enkratno Uporabo Veleprodajna Cena<br \/>\nVro\u010da Prodaja Vape Pisalo za Enkratno Uporabo Bood Pulse PRO 50000 Nakup v Velikih Koli\u010dinah Poceni Cena<\/p>\n<p><strong>Kontaktirajte Amy, da dobite pravi odgovor in kupon za vape!<\/strong><\/p>\n<p><img loading=\"lazy\" decoding=\"async\" class=\"size-full wp-image-2375\" src=\"https:\/\/rmvapesale.com\/wp-content\/uploads\/2024\/10\/image.png\" alt=\"Najbolj\u0161i Vape za enkratno uporabo\" width=\"229\" height=\"300\" \/><\/p>\n<h3><a href=\"https:\/\/wa.me\/8617776015835\"><span style=\"color: #ff0000\"><strong>WhatsApp: +86 17776015835<\/strong><\/span><\/a><\/h3>\n<p>&nbsp;<\/p>","protected":false},"featured_media":2874,"comment_status":"open","ping_status":"closed","template":"","meta":{"_uag_custom_page_level_css":"","_lmt_disableupdate":"no","_lmt_disable":"","site-sidebar-layout":"default","site-content-layout":"content-boxed-container","ast-site-content-layout":"normal-width-container","site-content-style":"boxed","site-sidebar-style":"unboxed","ast-global-header-display":"","ast-banner-title-visibility":"","ast-main-header-display":"","ast-hfb-above-header-display":"","ast-hfb-below-header-display":"","ast-hfb-mobile-header-display":"","site-post-title":"","ast-breadcrumbs-content":"","ast-featured-img":"","footer-sml-layout":"","theme-transparent-header-meta":"default","adv-header-id-meta":"","stick-header-meta":"","header-above-stick-meta":"","header-main-stick-meta":"","header-below-stick-meta":"","astra-migrate-meta-layouts":"set","ast-page-background-enabled":"default","ast-page-background-meta":{"desktop":{"background-color":"var(--ast-global-color-4)","background-image":"","background-repeat":"repeat","background-position":"center center","background-size":"auto","background-attachment":"scroll","background-type":"","background-media":"","overlay-type":"","overlay-color":"","overlay-opacity":"","overlay-gradient":""},"tablet":{"background-color":"","background-image":"","background-repeat":"repeat","background-position":"center center","background-size":"auto","background-attachment":"scroll","background-type":"","background-media":"","overlay-type":"","overlay-color":"","overlay-opacity":"","overlay-gradient":""},"mobile":{"background-color":"","background-image":"","background-repeat":"repeat","background-position":"center center","background-size":"auto","background-attachment":"scroll","background-type":"","background-media":"","overlay-type":"","overlay-color":"","overlay-opacity":"","overlay-gradient":""}},"ast-content-background-meta":{"desktop":{"background-color":"var(--ast-global-color-5)","background-image":"","background-repeat":"repeat","background-position":"center center","background-size":"auto","background-attachment":"scroll","background-type":"","background-media":"","overlay-type":"","overlay-color":"","overlay-opacity":"","overlay-gradient":""},"tablet":{"background-color":"var(--ast-global-color-5)","background-image":"","background-repeat":"repeat","background-position":"center center","background-size":"auto","background-attachment":"scroll","background-type":"","background-media":"","overlay-type":"","overlay-color":"","overlay-opacity":"","overlay-gradient":""},"mobile":{"background-color":"var(--ast-global-color-5)","background-image":"","background-repeat":"repeat","background-position":"center center","background-size":"auto","background-attachment":"scroll","background-type":"","background-media":"","overlay-type":"","overlay-color":"","overlay-opacity":"","overlay-gradient":""}},"_joinchat":[]},"product_brand":[],"product_cat":[15,25,123,26,28,135,27,137,136,30],"product_tag":[146,131,247,248,40,111,243],"class_list":{"0":"post-2876","1":"product","2":"type-product","3":"status-publish","4":"has-post-thumbnail","6":"product_cat-new-vape-this-week","7":"product_cat-germany-best-selling-vape","8":"product_cat-italy-wholesale-vape","9":"product_cat-netherlands-hot-sale-vape","10":"product_cat-poland-hot-sale-vape","11":"product_cat-spain-best-hot-sale-vape","12":"product_cat-fance-hot-sale-vape","13":"product_cat-rechargeable-vapes","14":"product_cat-smart-screen-vapes","15":"product_cat-minimum-order-quantity-50pcs","16":"product_tag-best-hot-sale-vape","17":"product_tag-big-puff-vape","18":"product_tag-bood-pulse-pro-50000","19":"product_tag-bood-vape","20":"product_tag-hot-sale-vape","21":"product_tag-low-nicotine-disposable-vape","22":"product_tag-vapsolo","23":"desktop-align-left","24":"tablet-align-left","25":"mobile-align-left","27":"first","28":"instock","29":"sale","30":"shipping-taxable","31":"purchasable","32":"product-type-simple"},"uagb_featured_image_src":{"full":["https:\/\/rmvapesale.com\/wp-content\/uploads\/2024\/12\/Bood-Pulse-50000-Puff-Low-Nicotine-Disposable-Vape.jpg",800,800,false],"thumbnail":["https:\/\/rmvapesale.com\/wp-content\/uploads\/2024\/12\/Bood-Pulse-50000-Puff-Low-Nicotine-Disposable-Vape-150x150.jpg",150,150,true],"medium":["https:\/\/rmvapesale.com\/wp-content\/uploads\/2024\/12\/Bood-Pulse-50000-Puff-Low-Nicotine-Disposable-Vape-300x300.jpg",300,300,true],"medium_large":["https:\/\/rmvapesale.com\/wp-content\/uploads\/2024\/12\/Bood-Pulse-50000-Puff-Low-Nicotine-Disposable-Vape-768x768.jpg",768,768,true],"large":["https:\/\/rmvapesale.com\/wp-content\/uploads\/2024\/12\/Bood-Pulse-50000-Puff-Low-Nicotine-Disposable-Vape.jpg",800,800,false],"1536x1536":["https:\/\/rmvapesale.com\/wp-content\/uploads\/2024\/12\/Bood-Pulse-50000-Puff-Low-Nicotine-Disposable-Vape.jpg",800,800,false],"2048x2048":["https:\/\/rmvapesale.com\/wp-content\/uploads\/2024\/12\/Bood-Pulse-50000-Puff-Low-Nicotine-Disposable-Vape.jpg",800,800,false],"trp-custom-language-flag":["https:\/\/rmvapesale.com\/wp-content\/uploads\/2024\/12\/Bood-Pulse-50000-Puff-Low-Nicotine-Disposable-Vape.jpg",12,12,false],"woocommerce_thumbnail":["https:\/\/rmvapesale.com\/wp-content\/uploads\/2024\/12\/Bood-Pulse-50000-Puff-Low-Nicotine-Disposable-Vape-300x300.jpg",300,300,true],"woocommerce_single":["https:\/\/rmvapesale.com\/wp-content\/uploads\/2024\/12\/Bood-Pulse-50000-Puff-Low-Nicotine-Disposable-Vape-600x600.jpg",600,600,true],"woocommerce_gallery_thumbnail":["https:\/\/rmvapesale.com\/wp-content\/uploads\/2024\/12\/Bood-Pulse-50000-Puff-Low-Nicotine-Disposable-Vape-100x100.jpg",100,100,true],"wcpr-photo-reviews":["https:\/\/rmvapesale.com\/wp-content\/uploads\/2024\/12\/Bood-Pulse-50000-Puff-Low-Nicotine-Disposable-Vape.jpg",500,500,false]},"uagb_author_info":{"display_name":"AMY","author_link":"https:\/\/rmvapesale.com\/sl\/author\/"},"uagb_comment_info":0,"uagb_excerpt":"Bood Pulse PRO 50000 Puffs Disposable Vape Wholesale Bood Pulse PRO 50000 Rechargeable Disposable Vape Wholesale Price Hot Sell Disposable Vape Pen Bood Pulse PRO 50000 Bulk Buy Cheap Price Contact Amy to get right reply and vape coupon! WhatsApp: +86 17776015835 &nbsp;","_links":{"self":[{"href":"https:\/\/rmvapesale.com\/sl\/wp-json\/wp\/v2\/product\/2876","targetHints":{"allow":["GET"]}}],"collection":[{"href":"https:\/\/rmvapesale.com\/sl\/wp-json\/wp\/v2\/product"}],"about":[{"href":"https:\/\/rmvapesale.com\/sl\/wp-json\/wp\/v2\/types\/product"}],"replies":[{"embeddable":true,"href":"https:\/\/rmvapesale.com\/sl\/wp-json\/wp\/v2\/comments?post=2876"}],"wp:featuredmedia":[{"embeddable":true,"href":"https:\/\/rmvapesale.com\/sl\/wp-json\/wp\/v2\/media\/2874"}],"wp:attachment":[{"href":"https:\/\/rmvapesale.com\/sl\/wp-json\/wp\/v2\/media?parent=2876"}],"wp:term":[{"taxonomy":"product_brand","embeddable":true,"href":"https:\/\/rmvapesale.com\/sl\/wp-json\/wp\/v2\/product_brand?post=2876"},{"taxonomy":"product_cat","embeddable":true,"href":"https:\/\/rmvapesale.com\/sl\/wp-json\/wp\/v2\/product_cat?post=2876"},{"taxonomy":"product_tag","embeddable":true,"href":"https:\/\/rmvapesale.com\/sl\/wp-json\/wp\/v2\/product_tag?post=2876"}],"curies":[{"name":"wp","href":"https:\/\/api.w.org\/{rel}","templated":true}]}}