{"id":2884,"date":"2024-12-26T08:14:24","date_gmt":"2024-12-26T08:14:24","guid":{"rendered":"https:\/\/rmvapesale.com\/?post_type=product&#038;p=2884"},"modified":"2024-12-26T08:29:44","modified_gmt":"2024-12-26T08:29:44","slug":"vookbar-cyber-pro-30000-puffs-bluetooth-vape-2-low-nicotine-rechargeable-bulk-buy-wholesale-price","status":"publish","type":"product","link":"https:\/\/rmvapesale.com\/sl\/product\/vookbar-cyber-pro-30000-puffs-bluetooth-vape-2-low-nicotine-rechargeable-bulk-buy-wholesale-price\/","title":{"rendered":"Vookbar Cyber Pro 30000 Vpihov Bluetooth Vape 2% Nizka vsebnost nikotina, mo\u017enost ponovnega polnjenja, nakup v razsutem stanju, veleprodajna cena"},"content":{"rendered":"<div class=\"B2VR9 CJHX3e\">\n<div class=\"wyccme\">\n<div class=\"flex-shrink-0 flex flex-col relative items-end\">\n<div class=\"pt-0\">\n<div class=\"gizmo-bot-avatar flex h-8 w-8 items-center justify-center overflow-hidden rounded-full\">\n<div class=\"relative p-1 rounded-sm flex items-center justify-center bg-token-main-surface-primary text-token-text-primary h-8 w-8\">\n<div class=\"flex-shrink-0 flex flex-col relative items-end\">\n<div class=\"pt-0\">\n<div class=\"gizmo-bot-avatar flex h-8 w-8 items-center justify-center overflow-hidden rounded-full\">\n<h1 class=\"relative p-1 rounded-sm flex items-center justify-center bg-token-main-surface-primary text-token-text-primary h-8 w-8\">Vookbar Cyber Pro 30000 Vpihov Bluetooth Vape 2% Nizka vsebnost nikotina, mo\u017enost ponovnega polnjenja, nakup v razsutem stanju, veleprodajna cena<\/h1>\n<\/div>\n<\/div>\n<\/div>\n<\/div>\n<\/div>\n<\/div>\n<\/div>\n<div class=\"group\/conversation-turn relative flex w-full min-w-0 flex-col agent-turn\">\n<div class=\"flex-col gap-1 md:gap-3\">\n<div class=\"flex max-w-full flex-col flex-grow\">\n<div class=\"min-h-8 text-message flex w-full flex-col items-end gap-2 whitespace-normal break-words text-start [.text-message+&amp;]:mt-5\" dir=\"auto\" data-message-author-role=\"assistant\" data-message-id=\"80ece0c4-ead1-4ed9-a9f0-ddc22582b4f4\" data-message-model-slug=\"gpt-4o\">\n<div class=\"flex w-full flex-col gap-1 empty:hidden first:pt-[3px]\">\n<div class=\"markdown prose w-full break-words dark:prose-invert light\">\n<h3><\/h3>\n<\/div>\n<\/div>\n<\/div>\n<\/div>\n<\/div>\n<\/div>\n<div class=\"flex-shrink-0 flex flex-col relative items-end\">\n<div class=\"pt-0\">\n<div class=\"gizmo-bot-avatar flex h-8 w-8 items-center justify-center overflow-hidden rounded-full\">\n<div class=\"relative p-1 rounded-sm flex items-center justify-center bg-token-main-surface-primary text-token-text-primary h-8 w-8\">\n<p>The <strong>Vookbar Cyber Pro 30000 Vdihi<\/strong> je revolucionaren enkratni vape, ki zdru\u017euje napredno tehnologijo s elegantnim dizajnom, prilagojen za tiste, ki cenijo stil in zmogljivost. Ne glede na to, ali ste za\u010detnik ali izku\u0161en navdu\u0161enec, ta naprava ponuja izjemno izku\u0161njo.<\/p>\n<h4><strong>Neprimerljiva kapaciteta vdihov<\/strong><\/h4>\n<p>Nudi impresivno <strong>30.000 vpihov<\/strong>, Vookbar Cyber Pro omogo\u010da dalj\u0161o uporabo, odstranjuje te\u017eave z pogostimi zamenjavami. Z <strong>22 ml kapaciteto e-tekline<\/strong>, zagotavlja dolgo trajajo\u010do u\u017eivanje okusa brez stalnih polnjenj.<\/p>\n<h4><strong>Mo\u010dna baterija in priro\u010dno polnjenje<\/strong><\/h4>\n<p>Opremljen z vzdr\u017eljivo <strong>650mAh polnilna baterija<\/strong>, ta vape se prilagaja va\u0161emu na\u010dinu \u017eivljenja. Funkcija <strong>Hitro polnjenje Type-C<\/strong> pomeni, da se lahko hitro napolni in takoj vrnete k vapingu.<\/p>\n<h4><strong>Bogate arome in gladek vapor<\/strong><\/h4>\n<p>The <strong>dvojni mre\u017eni tuljavi sistem<\/strong> izbolj\u0161uje tako okus kot proizvodnjo pare, zagotavlja gosto, zadovoljivo oblakov vsaki\u010d. Nastavljiv dizajn pretoka zraka vam omogo\u010da, da prilagodite vle\u010denje glede na va\u0161e osebne preference, kar zagotavlja prilagojeno vaping izku\u0161njo.<\/p>\n<h4><strong>Intuitivna tehnologija na dotik<\/strong><\/h4>\n<p>The <strong>zaslon na dotik 2,1 palca<\/strong> postavlja nadzor na dosegljivost prstov. Enostavno spremljajte nastavitve naprave, in z <strong>zdru\u017eljivost Bluetooth<\/strong>, ga pove\u017eite z aplikacijo Wearinos za popolno prilagoditev\u2014nastavite nastavitve, nastavite osebne ozadje in celo posnemite oddaljene selfije.<\/p>\n<h4><strong>Ve\u010dnamenski in varen<\/strong><\/h4>\n<p>Poleg vapinga, Vookbar Cyber Pro ponuja dodatne funkcije, kot so mini igre in obvestila s socialnih medijev, brezhibno se vklju\u010duje v va\u0161e vsakdanje \u017eivljenje. Zasnovan je z <strong>otro\u0161ko zaklepanje<\/strong> za dodatno varnost, kar ga naredi zanesljivo izbiro za gospodinjstva.<\/p>\n<h4><strong>Mo\u017enosti nikotina za vsako \u017eeljo<\/strong><\/h4>\n<p>Na voljo v <strong>0 %, 2 %, 3 % in 5 % vsebnostjo nikotina<\/strong>, Vookbar Cyber Pro zadovolji \u0161irok spekter uporabnikov, od tistih, ki i\u0161\u010dejo mo\u017enosti brez nikotina, do tistih, ki \u017eelijo mo\u010dnej\u0161i udarec.<\/p>\n<h3><strong>Izbolj\u0161ajte svojo vaporsko izku\u0161njo<\/strong><\/h3>\n<p>The <strong>Vookbar Cyber Pro 30000 Vdihi<\/strong> ni le enkratna e-cigareta za enkratno uporabo\u2014je inovativna naprava, zasnovana za sodobne vapere. Zdru\u017euje udobje, tehnologijo in vrhunsko zmogljivost, kar jo naredi ultimativno izbiro tako za veleprodajne kupce kot za posamezne uporabnike.<\/p>\n<\/div>\n<\/div>\n<\/div>\n<\/div>\n<\/div>\n<\/div>\n<p><strong>Kontaktirajte Amy, da dobite pravi odgovor in kupon za vape!<\/strong><\/p>\n<p><img loading=\"lazy\" decoding=\"async\" class=\"size-full wp-image-1978\" src=\"https:\/\/rmvapesale.com\/wp-content\/uploads\/2024\/09\/Disposable-Vape-Wholesale.jpg\" alt=\"Vape za enkratno uporabo na debelo\" width=\"229\" height=\"300\" \/><\/p>\n<h3><a href=\"https:\/\/wa.me\/8617776015835\" target=\"_blank\" rel=\"noopener\"><span style=\"color: #ff0000\"><strong>WhatsApp: +86 17776015835<\/strong><\/span><\/a><\/h3>\n<p>&nbsp;<\/p>\n<p><strong style=\"font-size: 1.7em\">Vookbar Cyber Pro 30000 Klju\u010dne zna\u010dilnosti<\/strong><\/p>\n<p>Vdih: 30.000 vdihov<br \/>\nVolumen e teko\u010dine: 22 ml<br \/>\nBaterija: 650 mAh polnljiva baterija<br \/>\nDvojna mre\u017easta tuljava<br \/>\nPametni zaslon na dotik za nadzor<br \/>\nobvestila, in \u0161e ve\u010d.<br \/>\nNikotina: 0%, 2%, 3%, in 5%<\/p>\n<p><strong style=\"font-size: 1.7em\">Najbolj prodajni okus za Vookbar Cyber Pro 30000 <\/strong><\/p>\n<p>Ta Vookbar Cyber Pro 30000 ponuja \u017eivahno me\u0161anico okusov, od sadnih klasi\u010dnih, kot je <strong>Breskev Mango<\/strong> in <strong>Jagoda Lubenica<\/strong> do osve\u017eujo\u010dih ledenih me\u0161anic, kot so <strong>Blue Razz Ice<\/strong> in <strong>Ledena lubenica<\/strong>.<\/p>\n<p>1. Modri razz led\u00a0 <span style=\"color: #ff0000\"><strong>&gt;&gt;&gt;&gt; Vro\u010de!<\/strong><\/span><br \/>\n2. Breskev led<br \/>\n3. Grozdni led<br \/>\n4. Jagoda lubenica<br \/>\n5. Jagoda banana <span style=\"color: #ff0000\"><strong>&gt;&gt;&gt;&gt; Vro\u010de!<\/strong><\/span><br \/>\n6. \u010ce\u0161nja lubenica<br \/>\n7. Lubenica led<br \/>\n8. Breskev mango<br \/>\n9. Jagoda kivij<br \/>\n10. Bela jagoda led<br \/>\n11.Bela \u017eelatinasta ledena kocka <span style=\"color: #ff0000\"><strong>&gt;&gt;&gt;&gt; Vro\u010de!<\/strong><\/span><br \/>\n12.Zamrznjena pinacolada<br \/>\n13.Fcking fab <span style=\"color: #ff0000\"><strong>&gt;&gt;&gt;&gt; Najbolj\u0161e!<\/strong><\/span><br \/>\n14.Mojito me\u0161ane jagode<\/p>\n<h3><strong>Zakaj izbrati Rmvapesale za Vookbar Cyber Pro 30000 <\/strong><strong>V<\/strong><strong>Veleprodaja vejpanja<\/strong><strong>?<\/strong><\/h3>\n<div class=\"flex-shrink-0 flex flex-col relative items-end\">\n<div class=\"pt-0\">\n<div class=\"gizmo-bot-avatar flex h-8 w-8 items-center justify-center overflow-hidden rounded-full\">\n<div class=\"relative p-1 rounded-sm flex items-center justify-center bg-token-main-surface-primary text-token-text-primary h-8 w-8\">\n<p>Dobrodo\u0161li v Rmvapesale, va\u0161i zaupanja vredni trgovini za vrhunske e-cigarete za enkratno uporabo. Z ve\u010d kot 5-letnimi izku\u0161njami vam ponujamo priljubljene znamke e-cigaret za enkratno uporabo, kot so Al Fakher, <a href=\"https:\/\/rmvapesale.com\/sl\/product-category\/bang-vapes\/\">Bang Vape<\/a>, Waspe, WGA Vape in<a href=\"https:\/\/rmvapesale.com\/sl\/product-category\/randm-fumot-vape\/\"> RandM Vape<\/a>.<\/p>\n<p>Na\u0161a ponudba vklju\u010duje priljubljene e-cigarete, kot je <a href=\"https:\/\/rmvapesale.com\/sl\/product\/randm-tornado-15000-puffs-vape-wholesale\/\">RandM Tornado 15000<\/a> in bogate izbire okusov, kot je Vapme 70000. Vsak izdelek je izbran s poudarkom na kakovosti, vrednosti in raznolikosti, kar zagotavlja, da boste na\u0161li popolno ujemanje za va\u0161e potrebe. Odkrijte izjemno storitev in \u0161iroko paleto vrhunskih izdelkov pri Rmvapesale.<\/p>\n<\/div>\n<figure id=\"attachment_2878\" aria-describedby=\"caption-attachment-2878\" style=\"width: 1000px\" class=\"wp-caption alignnone\"><img loading=\"lazy\" decoding=\"async\" class=\"wp-image-2878 size-full\" src=\"https:\/\/rmvapesale.com\/wp-content\/uploads\/2024\/12\/Bluetooth-Vape-Wholesale.jpg\" alt=\"Bluetooth veleprodaja vapinga\" width=\"1000\" height=\"1000\" srcset=\"https:\/\/rmvapesale.com\/wp-content\/uploads\/2024\/12\/Bluetooth-Vape-Wholesale.jpg 1000w, https:\/\/rmvapesale.com\/wp-content\/uploads\/2024\/12\/Bluetooth-Vape-Wholesale-300x300.jpg 300w, https:\/\/rmvapesale.com\/wp-content\/uploads\/2024\/12\/Bluetooth-Vape-Wholesale-150x150.jpg 150w, https:\/\/rmvapesale.com\/wp-content\/uploads\/2024\/12\/Bluetooth-Vape-Wholesale-768x768.jpg 768w, https:\/\/rmvapesale.com\/wp-content\/uploads\/2024\/12\/Bluetooth-Vape-Wholesale-600x600.jpg 600w, https:\/\/rmvapesale.com\/wp-content\/uploads\/2024\/12\/Bluetooth-Vape-Wholesale-100x100.jpg 100w\" sizes=\"auto, (max-width: 1000px) 100vw, 1000px\" \/><figcaption id=\"caption-attachment-2878\" class=\"wp-caption-text\">Bluetooth veleprodaja vapinga<\/figcaption><\/figure>\n<div class=\"relative p-1 rounded-sm flex items-center justify-center bg-token-main-surface-primary text-token-text-primary h-8 w-8\">\n<h3><b> Pogosta vpra\u0161anja za Vookbar Cyber Pro 30k <\/b><b>Vape za enkratno uporabo, ki ga je mogo\u010de polniti<\/b><\/h3>\n<div class=\"group\/conversation-turn relative flex w-full min-w-0 flex-col agent-turn\">\n<div class=\"flex-col gap-1 md:gap-3\">\n<div class=\"flex max-w-full flex-col flex-grow\">\n<div class=\"min-h-8 text-message flex w-full flex-col items-end gap-2 whitespace-normal break-words [.text-message+&amp;]:mt-5\" dir=\"auto\" data-message-author-role=\"assistant\" data-message-id=\"00c9b302-bc9c-4550-94ba-5a295efa2be3\" data-message-model-slug=\"gpt-4o\">\n<div class=\"flex w-full flex-col gap-1 empty:hidden first:pt-[3px]\">\n<div class=\"markdown prose w-full break-words dark:prose-invert light\">\n<div class=\"group\/conversation-turn relative flex w-full min-w-0 flex-col agent-turn\">\n<div class=\"flex-col gap-1 md:gap-3\">\n<div class=\"flex max-w-full flex-col flex-grow\">\n<div class=\"min-h-8 text-message flex w-full flex-col items-end gap-2 whitespace-normal break-words [.text-message+&amp;]:mt-5\" dir=\"auto\" data-message-author-role=\"assistant\" data-message-id=\"a3dc01bd-23b0-4fd7-bb9a-7827522cefd8\" data-message-model-slug=\"gpt-4o\">\n<div class=\"flex w-full flex-col gap-1 empty:hidden first:pt-[3px]\">\n<div class=\"flex max-w-full flex-col flex-grow\">\n<div class=\"min-h-8 text-message flex w-full flex-col items-end gap-2 whitespace-normal break-words text-start [.text-message+&amp;]:mt-5\" dir=\"auto\" data-message-author-role=\"assistant\" data-message-id=\"c0465b59-d7ac-4705-be53-31711ce42a0f\" data-message-model-slug=\"gpt-4o\">\n<div class=\"flex w-full flex-col gap-1 empty:hidden first:pt-[3px]\">\n<div class=\"markdown prose w-full break-words dark:prose-invert light\">\n<ol>\n<li><strong>Kaj naredi Vookbar Cyber Pro 30000 Puffs edinstven?<\/strong><br \/>\nVookbar Cyber Pro ima impresivno <strong>kapaciteto 30.000 potiskov<\/strong>, <strong>zaslon na dotik 2,1 palca<\/strong>, in napredno Bluetooth povezavo, zaradi \u010desar je ve\u010dnamenska naprava za vaping.<\/li>\n<li><strong>Kako zaslon na dotik izbolj\u0161a izku\u0161njo vapinga?<\/strong><br \/>\nThe <strong>zaslon na dotik<\/strong> omogo\u010da intuitivno navigacijo po funkcijah, kot so stanje baterije, ravni e-teko\u010dine in prilagodljive nastavitve prek aplikacije Wearinos, vklju\u010dno z personalizacijo ozadja in daljinskim na\u010dinom za selfije.<\/li>\n<li><strong>Kak\u0161ne nikotinske jakosti so na voljo za Vookbar 30000?<\/strong><br \/>\nTa naprava ustreza razli\u010dnim \u017eeljam z <strong>0%, 2%, 3% in 5% mo\u017enostmi nikotina<\/strong>, zaradi \u010desar je primerna tako za ob\u010dasne uporabnike kot za izku\u0161ene vapere.<\/li>\n<li><strong>Kako napolnim Vookbar Cyber Pro 30000?<\/strong><br \/>\nVookbar Cyber Pro je napajan z <strong>650mAh polnilna baterija<\/strong> in prihaja z <strong>Type-C<\/strong> za hitro in u\u010dinkovito polnjenje.<\/li>\n<li><strong>Vklju\u010duje Vookbar Cyber Pro 30k kak\u0161ne varnostne funkcije?<\/strong><br \/>\nDa, vklju\u010duje <strong>otro\u0161ko zaklepanje<\/strong> funkcija za zagotavljanje varnosti in miru, \u0161e posebej v gospodinjstvih z otroki.<\/li>\n<\/ol>\n<\/div>\n<\/div>\n<\/div>\n<\/div>\n<div class=\"mb-2 flex gap-3 empty:hidden -ml-2\"><\/div>\n<\/div>\n<\/div>\n<\/div>\n<\/div>\n<\/div>\n<\/div>\n<\/div>\n<\/div>\n<\/div>\n<\/div>\n<\/div>\n<\/div>\n<\/div>\n<\/div>\n<\/div>\n<h3>O po\u0161iljanju<\/h3>\n<div class=\"flex-shrink-0 flex flex-col relative items-end\">\n<div>\n<div class=\"pt-0\">\n<div class=\"gizmo-bot-avatar flex h-8 w-8 items-center justify-center overflow-hidden rounded-full\">\n<div><\/div>\n<div class=\"relative p-1 rounded-sm flex items-center justify-center bg-token-main-surface-primary text-token-text-primary h-8 w-8\"><strong>1. Katere metode po\u0161iljanja se uporabljajo?<\/strong><\/div>\n<\/div>\n<\/div>\n<\/div>\n<\/div>\n<div class=\"group\/conversation-turn relative flex w-full min-w-0 flex-col agent-turn\">\n<div class=\"flex-col gap-1 md:gap-3\">\n<div class=\"flex max-w-full flex-col flex-grow\">\n<div class=\"min-h-[20px] text-message flex w-full flex-col items-end gap-2 whitespace-normal break-words [.text-message+&amp;]:mt-5 overflow-x-auto\" dir=\"auto\" data-message-author-role=\"assistant\" data-message-id=\"22f8283b-3233-46ff-89a5-c7a41b33abda\">\n<div class=\"flex w-full flex-col gap-1 empty:hidden first:pt-[3px]\">\n<div class=\"markdown prose w-full break-words dark:prose-invert light\">\n<p>Sodelujemo z UPS, DHL, FedEx, DPD in drugimi vodilnimi prevozniki. Izbrali bomo najbolj\u0161i na\u010din po\u0161iljanja glede na va\u0161o lokacijo dostave, da zagotovimo, da boste izdelke prejeli \u010dim hitreje.<\/p>\n<\/div>\n<p><strong>2. Kako dolgo traja, da prispe?<\/strong><\/p>\n<p>Paketi, poslani v Slovenijo, obi\u010dajno prispejo v 10 delovnih dneh. Po\u0161iljanje v evropske dr\u017eave obi\u010dajno traja pribli\u017eno 12-15 delovnih dni. Zagotovili vam bomo sprotne posodobitve o statusu va\u0161ega po\u0161iljanja.<\/p>\n<\/div>\n<\/div>\n<\/div>\n<\/div>\n<\/div>\n<p>&nbsp;<\/p>\n<p>Poi\u0161\u010di ve\u010d izdelkov Vape, ki so ti morda v\u0161e\u010d:<strong><em><a href=\"https:\/\/rmvapesale.com\/sl\/shop-2\/\">nakupuj zdaj &gt;&gt;&gt;<\/a><\/em><\/strong><\/p>","protected":false},"excerpt":{"rendered":"<p>Vookbar Cyber Pro 30000 Vdihov za enkratno uporabo na debelo<br \/>\nVookbar Cyber Pro 30k ponovno polnljiva enkratna vape na debelo Cena<br \/>\nPriljubljen enkratni vape peres Vookbar Cyber Pro 30000 Nakup na debelo Poceni cena<\/p>\n<p><strong>Kontaktirajte Amy, da dobite pravi odgovor in kupon za vape!<\/strong><\/p>\n<p><img loading=\"lazy\" decoding=\"async\" class=\"size-full wp-image-2375\" src=\"https:\/\/rmvapesale.com\/wp-content\/uploads\/2024\/10\/image.png\" alt=\"Najbolj\u0161i Vape za enkratno uporabo\" width=\"229\" height=\"300\" \/><\/p>\n<h3><a href=\"https:\/\/wa.me\/8617776015835\"><span style=\"color: #ff0000\"><strong>WhatsApp: +86 17776015835<\/strong><\/span><\/a><\/h3>\n<p>&nbsp;<\/p>","protected":false},"featured_media":2880,"comment_status":"open","ping_status":"closed","template":"","meta":{"_uag_custom_page_level_css":"","_lmt_disableupdate":"no","_lmt_disable":"","site-sidebar-layout":"default","site-content-layout":"content-boxed-container","ast-site-content-layout":"normal-width-container","site-content-style":"boxed","site-sidebar-style":"unboxed","ast-global-header-display":"","ast-banner-title-visibility":"","ast-main-header-display":"","ast-hfb-above-header-display":"","ast-hfb-below-header-display":"","ast-hfb-mobile-header-display":"","site-post-title":"","ast-breadcrumbs-content":"","ast-featured-img":"","footer-sml-layout":"","ast-disable-related-posts":"","theme-transparent-header-meta":"default","adv-header-id-meta":"","stick-header-meta":"","header-above-stick-meta":"","header-main-stick-meta":"","header-below-stick-meta":"","astra-migrate-meta-layouts":"set","ast-page-background-enabled":"default","ast-page-background-meta":{"desktop":{"background-color":"var(--ast-global-color-4)","background-image":"","background-repeat":"repeat","background-position":"center center","background-size":"auto","background-attachment":"scroll","background-type":"","background-media":"","overlay-type":"","overlay-color":"","overlay-opacity":"","overlay-gradient":""},"tablet":{"background-color":"","background-image":"","background-repeat":"repeat","background-position":"center center","background-size":"auto","background-attachment":"scroll","background-type":"","background-media":"","overlay-type":"","overlay-color":"","overlay-opacity":"","overlay-gradient":""},"mobile":{"background-color":"","background-image":"","background-repeat":"repeat","background-position":"center center","background-size":"auto","background-attachment":"scroll","background-type":"","background-media":"","overlay-type":"","overlay-color":"","overlay-opacity":"","overlay-gradient":""}},"ast-content-background-meta":{"desktop":{"background-color":"var(--ast-global-color-5)","background-image":"","background-repeat":"repeat","background-position":"center center","background-size":"auto","background-attachment":"scroll","background-type":"","background-media":"","overlay-type":"","overlay-color":"","overlay-opacity":"","overlay-gradient":""},"tablet":{"background-color":"var(--ast-global-color-5)","background-image":"","background-repeat":"repeat","background-position":"center center","background-size":"auto","background-attachment":"scroll","background-type":"","background-media":"","overlay-type":"","overlay-color":"","overlay-opacity":"","overlay-gradient":""},"mobile":{"background-color":"var(--ast-global-color-5)","background-image":"","background-repeat":"repeat","background-position":"center center","background-size":"auto","background-attachment":"scroll","background-type":"","background-media":"","overlay-type":"","overlay-color":"","overlay-opacity":"","overlay-gradient":""}},"_joinchat":[]},"product_brand":[],"product_cat":[15,27,25,123,30,26,28,137,136,135],"product_tag":[146,131,40,111,250,249],"class_list":{"0":"post-2884","1":"product","2":"type-product","3":"status-publish","4":"has-post-thumbnail","6":"product_cat-new-vape-this-week","7":"product_cat-fance-hot-sale-vape","8":"product_cat-germany-best-selling-vape","9":"product_cat-italy-wholesale-vape","10":"product_cat-minimum-order-quantity-50pcs","11":"product_cat-netherlands-hot-sale-vape","12":"product_cat-poland-hot-sale-vape","13":"product_cat-rechargeable-vapes","14":"product_cat-smart-screen-vapes","15":"product_cat-spain-best-hot-sale-vape","16":"product_tag-best-hot-sale-vape","17":"product_tag-big-puff-vape","18":"product_tag-hot-sale-vape","19":"product_tag-low-nicotine-disposable-vape","20":"product_tag-vookbar-30000","21":"product_tag-vookbar-cyber-pro-30000","22":"desktop-align-left","23":"tablet-align-left","24":"mobile-align-left","26":"first","27":"instock","28":"sale","29":"shipping-taxable","30":"purchasable","31":"product-type-simple"},"uagb_featured_image_src":{"full":["https:\/\/rmvapesale.com\/wp-content\/uploads\/2024\/12\/Vookbar-Cyber-\u200b\u200bPro-30000-Bluetooth-Vape-Bulk-Buy.jpg",1000,1000,false],"thumbnail":["https:\/\/rmvapesale.com\/wp-content\/uploads\/2024\/12\/Vookbar-Cyber-\u200b\u200bPro-30000-Bluetooth-Vape-Bulk-Buy-150x150.jpg",150,150,true],"medium":["https:\/\/rmvapesale.com\/wp-content\/uploads\/2024\/12\/Vookbar-Cyber-\u200b\u200bPro-30000-Bluetooth-Vape-Bulk-Buy-300x300.jpg",300,300,true],"medium_large":["https:\/\/rmvapesale.com\/wp-content\/uploads\/2024\/12\/Vookbar-Cyber-\u200b\u200bPro-30000-Bluetooth-Vape-Bulk-Buy-768x768.jpg",768,768,true],"large":["https:\/\/rmvapesale.com\/wp-content\/uploads\/2024\/12\/Vookbar-Cyber-\u200b\u200bPro-30000-Bluetooth-Vape-Bulk-Buy.jpg",1000,1000,false],"1536x1536":["https:\/\/rmvapesale.com\/wp-content\/uploads\/2024\/12\/Vookbar-Cyber-\u200b\u200bPro-30000-Bluetooth-Vape-Bulk-Buy.jpg",1000,1000,false],"2048x2048":["https:\/\/rmvapesale.com\/wp-content\/uploads\/2024\/12\/Vookbar-Cyber-\u200b\u200bPro-30000-Bluetooth-Vape-Bulk-Buy.jpg",1000,1000,false],"trp-custom-language-flag":["https:\/\/rmvapesale.com\/wp-content\/uploads\/2024\/12\/Vookbar-Cyber-\u200b\u200bPro-30000-Bluetooth-Vape-Bulk-Buy.jpg",12,12,false],"woocommerce_thumbnail":["https:\/\/rmvapesale.com\/wp-content\/uploads\/2024\/12\/Vookbar-Cyber-\u200b\u200bPro-30000-Bluetooth-Vape-Bulk-Buy-300x300.jpg",300,300,true],"woocommerce_single":["https:\/\/rmvapesale.com\/wp-content\/uploads\/2024\/12\/Vookbar-Cyber-\u200b\u200bPro-30000-Bluetooth-Vape-Bulk-Buy-600x600.jpg",600,600,true],"woocommerce_gallery_thumbnail":["https:\/\/rmvapesale.com\/wp-content\/uploads\/2024\/12\/Vookbar-Cyber-\u200b\u200bPro-30000-Bluetooth-Vape-Bulk-Buy-100x100.jpg",100,100,true],"wcpr-photo-reviews":["https:\/\/rmvapesale.com\/wp-content\/uploads\/2024\/12\/Vookbar-Cyber-\u200b\u200bPro-30000-Bluetooth-Vape-Bulk-Buy.jpg",500,500,false]},"uagb_author_info":{"display_name":"AMY","author_link":"https:\/\/rmvapesale.com\/sl\/author\/"},"uagb_comment_info":0,"uagb_excerpt":"Vookbar Cyber Pro 30000 Puffs Disposable Vape Wholesale Vookbar Cyber Pro 30k Rechargeable Disposable Vape Wholesale Price Hot Sell Disposable Vape Pen Vookbar Cyber Pro 30000 Bulk Buy Cheap Price Contact Amy to get right reply and vape coupon! WhatsApp: +86 17776015835 &nbsp;","_links":{"self":[{"href":"https:\/\/rmvapesale.com\/sl\/wp-json\/wp\/v2\/product\/2884","targetHints":{"allow":["GET"]}}],"collection":[{"href":"https:\/\/rmvapesale.com\/sl\/wp-json\/wp\/v2\/product"}],"about":[{"href":"https:\/\/rmvapesale.com\/sl\/wp-json\/wp\/v2\/types\/product"}],"replies":[{"embeddable":true,"href":"https:\/\/rmvapesale.com\/sl\/wp-json\/wp\/v2\/comments?post=2884"}],"wp:featuredmedia":[{"embeddable":true,"href":"https:\/\/rmvapesale.com\/sl\/wp-json\/wp\/v2\/media\/2880"}],"wp:attachment":[{"href":"https:\/\/rmvapesale.com\/sl\/wp-json\/wp\/v2\/media?parent=2884"}],"wp:term":[{"taxonomy":"product_brand","embeddable":true,"href":"https:\/\/rmvapesale.com\/sl\/wp-json\/wp\/v2\/product_brand?post=2884"},{"taxonomy":"product_cat","embeddable":true,"href":"https:\/\/rmvapesale.com\/sl\/wp-json\/wp\/v2\/product_cat?post=2884"},{"taxonomy":"product_tag","embeddable":true,"href":"https:\/\/rmvapesale.com\/sl\/wp-json\/wp\/v2\/product_tag?post=2884"}],"curies":[{"name":"wp","href":"https:\/\/api.w.org\/{rel}","templated":true}]}}