{"id":2911,"date":"2025-01-08T08:18:28","date_gmt":"2025-01-08T08:18:28","guid":{"rendered":"https:\/\/rmvapesale.com\/?post_type=product&#038;p=2911"},"modified":"2025-01-08T08:52:15","modified_gmt":"2025-01-08T08:52:15","slug":"jnr-mega-shisha-hookah-100000-100k-puffs-disposable-vape-a-premium-vaping-experience","status":"publish","type":"product","link":"https:\/\/rmvapesale.com\/sl\/product\/jnr-mega-shisha-hookah-100000-100k-puffs-disposable-vape-a-premium-vaping-experience\/","title":{"rendered":"JNR Mega Shisha Hookah 100000 100k Vpihov Enkratna Vape Naprava: Vrhunska Izku\u0161nja Vapinga"},"content":{"rendered":"<div class=\"B2VR9 CJHX3e\">\n<div class=\"wyccme\">\n<div class=\"flex-shrink-0 flex flex-col relative items-end\">\n<div class=\"pt-0\">\n<div class=\"gizmo-bot-avatar flex h-8 w-8 items-center justify-center overflow-hidden rounded-full\">\n<div class=\"relative p-1 rounded-sm flex items-center justify-center bg-token-main-surface-primary text-token-text-primary h-8 w-8\">\n<div class=\"flex-shrink-0 flex flex-col relative items-end\">\n<div class=\"pt-0\">\n<div class=\"gizmo-bot-avatar flex h-8 w-8 items-center justify-center overflow-hidden rounded-full\">\n<h1 class=\"relative p-1 rounded-sm flex items-center justify-center bg-token-main-surface-primary text-token-text-primary h-8 w-8\">JNR Mega Shisha Hookah 100000 100k Vpihov Enkratna Vape Naprava: Vrhunska Izku\u0161nja Vapinga<\/h1>\n<\/div>\n<\/div>\n<\/div>\n<\/div>\n<\/div>\n<\/div>\n<\/div>\n<div class=\"group\/conversation-turn relative flex w-full min-w-0 flex-col agent-turn\">\n<div class=\"flex-col gap-1 md:gap-3\">\n<div class=\"flex max-w-full flex-col flex-grow\">\n<div class=\"min-h-8 text-message flex w-full flex-col items-end gap-2 whitespace-normal break-words text-start [.text-message+&amp;]:mt-5\" dir=\"auto\" data-message-author-role=\"assistant\" data-message-id=\"80ece0c4-ead1-4ed9-a9f0-ddc22582b4f4\" data-message-model-slug=\"gpt-4o\">\n<div class=\"flex w-full flex-col gap-1 empty:hidden first:pt-[3px]\">\n<div class=\"markdown prose w-full break-words dark:prose-invert light\"><\/div>\n<\/div>\n<\/div>\n<\/div>\n<\/div>\n<\/div>\n<div class=\"flex-shrink-0 flex flex-col relative items-end\">\n<div class=\"pt-0\">\n<div class=\"gizmo-bot-avatar flex h-8 w-8 items-center justify-center overflow-hidden rounded-full\">\n<div class=\"relative p-1 rounded-sm flex items-center justify-center bg-token-main-surface-primary text-token-text-primary h-8 w-8\">\n<p>The <strong>JNR Mega Shisha Hookah 100000 Vdihov Zavr\u017eeni Vape<\/strong> je prelomna naprava zasnovana za tiste, ki zahtevajo podalj\u0161ano in vrhunsko izku\u0161njo vapinga. Z impresivno <strong>100.000 vdihov<\/strong> trajnostjo, ta naprava zagotavlja dolgo trajajo\u010do u\u017eivanje, ponuja dosledno, gladko paro z vsakim vdihom.<\/p>\n<h2><strong>Klju\u010dne lastnosti:<\/strong><\/h2>\n<ol>\n<li><strong>Obse\u017ena kapaciteta e-tekline<\/strong><br \/>\nOpremljen z <strong>60mL rezervoar za e-tekline<\/strong>, JNR Mega Shisha zagotavlja obilno zalogo vape soka, kar vam omogo\u010da u\u017eivanje v dalj\u0161ih seansah brez pogostega polnjenja. V kombinaciji z <strong>2% nikotinsko mo\u010djo<\/strong>, ta vapor ponuja zadovoljivo izku\u0161njo, ki dose\u017ee popolno ravnovesje med okusom in gladkostjo.<\/li>\n<li><strong>Mo\u010dna polnilna baterija<\/strong><br \/>\nThe <strong>2200mAh polnilna baterija<\/strong> zagotavlja dovolj mo\u010di za dolge seanse. Z <strong>Hitro polnjenje Type-C<\/strong>, boste porabili manj \u010dasa za \u010dakanje, da se naprava napolni, in ve\u010d \u010dasa za u\u017eivanje v vapingu. Ta funkcija naredi JNR Mega Shisha zanesljivo in priro\u010dno mo\u017enost za tiste, ki so vedno v gibanju.<\/li>\n<li><strong>Pametni zaslon za spremljanje<\/strong><br \/>\nA <strong>pametni zaslon<\/strong> vgrajen v napravo ponuja informacije v realnem \u010dasu o ravni baterije in e-tekline. Ta funkcija vam daje popoln nadzor nad va\u0161o vaping izku\u0161njo, tako da lahko enostavno spremljate, kdaj je \u010das za polnjenje ali dopolnitev, s \u010dimer se izognete prekinitvam v seansi.<\/li>\n<li><strong>Dvojni oblikovani ustnik<\/strong><br \/>\nThe <strong>dvojni oblikovani ustnik<\/strong> je izstopajo\u010da lastnost, ki omogo\u010da bolj prilagodljivo izku\u0161njo vapinga. Ne glede na to, ali u\u017eivate v napravi samostojno ali jo delite s prijatelji, ta zasnova nudi ve\u010djo vsestranskost. Izbolj\u0161a va\u0161o izku\u0161njo, zaradi \u010desar je idealna za dru\u017eabne seje ali osebno sprostitev.<\/li>\n<li><strong>Optimizirane zmogljivosti in varnost<\/strong><br \/>\nThe <strong>8-sekundni najve\u010dji \u010das vle\u010denja<\/strong> zagotavlja, da vsak vdih zagotavlja optimalno proizvodnjo pare, medtem ko <strong>samodejni varnostni sistem<\/strong> prepre\u010duje pregrevanje. Ta dodatna varnostna funkcija zagotavlja gladko in brezskrbno izku\u0161njo vapinga, kar vam daje mir ob vsakem uporabi.<\/li>\n<li><strong>DTL vaping za bogato paro<\/strong><br \/>\nZasnovano za <strong>Direct-to-Lung (DTL) vaping<\/strong>, JNR Mega Shisha proizvaja gladko in gosto paro z vsakim vdihom. Zasnova naprave in sistem za dostavo pare sta optimizirana za tiste, ki u\u017eivajo v globokih, zadovoljivih oblakih, ki izbolj\u0161ajo celotno izku\u0161njo.<\/li>\n<li><strong>Izbolj\u0161ana estetika in funkcionalnost<\/strong><br \/>\nS stilno <strong>svetlobno dihanje<\/strong> in <strong>zdru\u017eljivost z namiznimi vodnimi pipe<\/strong>, JNR Mega Shisha ne le da dobro deluje\u2014temve\u010d tudi doda estetski pridih va\u0161i vaping postavitvi. Svetle\u010da svetloba in zdru\u017eljivost z tradicionalnimi vodnimi pipami naredijo ta izdelek izstopajo\u010d, popoln za vsakogar, ki ceni eleganco in ritual kulture vodnih pip.<\/li>\n<\/ol>\n<h3><strong>Zakaj izbrati JNR Mega Shisha 100000 Vdihov Disposabilno Vapo?<\/strong><\/h3>\n<p>\u010ce i\u0161\u010dete <strong>visoko zmogljiv disposable vape<\/strong> ki zdru\u017euje dolgo\u017eivost, mo\u010d in inovacije, <strong>JNR Mega Shisha 100k<\/strong>\u00a0je vrhunska izbira. Njegova velika kapaciteta e teko\u010dine, ponovno polnljiva baterija, pametne funkcije in DTL zasnova vapinga ga naredijo izstopajo\u010dega na trgu. Ne glede na to, ali ste izku\u0161en vaper ali za\u010detnik, ta naprava ponuja vse, kar potrebujete za vrhunsko izku\u0161njo, od gladkega pare do dolgotrajnih sej.<\/p>\n<p>Z <strong>12 raznolikih okusov<\/strong>, prilagodljive mo\u017enosti, in dodane prednosti <strong>svetlobno dihanje<\/strong> in <strong>zdru\u017eljivosti z nargilo<\/strong>, JNR Mega Shisha ponuja ve\u010d kot le paro\u2014je popolna, razko\u0161na izku\u0161nja vapinga. Idealno za tiste, ki \u017eelijo tako funkcionalnost kot stil, ta naprava je nujen dodatek v zbirki vsakega vaperja.<\/p>\n<\/div>\n<p>&nbsp;<\/p>\n<\/div>\n<\/div>\n<\/div>\n<\/div>\n<\/div>\n<p><strong>Kontaktirajte Amy, da dobite pravi odgovor in kupon za vape!<\/strong><\/p>\n<p><img loading=\"lazy\" decoding=\"async\" class=\"size-full wp-image-1978\" src=\"https:\/\/rmvapesale.com\/wp-content\/uploads\/2024\/09\/Disposable-Vape-Wholesale.jpg\" alt=\"Vape za enkratno uporabo na debelo\" width=\"229\" height=\"300\" \/><\/p>\n<h3><a href=\"https:\/\/wa.me\/8617776015835\" target=\"_blank\" rel=\"noopener\"><span style=\"color: #ff0000\"><strong>WhatsApp: +86 17776015835<\/strong><\/span><\/a><\/h3>\n<p>&nbsp;<\/p>\n<h2><strong style=\"font-size: 1.7em\">JNR Mega Shisha Nargila 100000 Klju\u010dne Zna\u010dilnosti<\/strong><\/h2>\n<ul>\n<li><strong>Mo\u010d Nikotina:<\/strong>\u00a02%<\/li>\n<li><strong>Vdihov:<\/strong>\u00a0Do 100000 vdihov<\/li>\n<li><strong>Kapaciteta e teko\u010dine:<\/strong>\u00a060mL<\/li>\n<li><strong>Kapaciteta baterije:<\/strong>\u00a02200mAh polnljiva<\/li>\n<li><strong>Na\u010din polnjenja:<\/strong>\u00a0Hitro polnjenje Type-C<\/li>\n<li><strong>Na\u010din vapinga:<\/strong>\u00a0DVL (Direct to Lung) vaping<\/li>\n<li><strong>Dihalna lu\u010dka:<\/strong>\u00a0Vizualni u\u010dinek ob vsakem vdihu<\/li>\n<li><strong>Pametni zaslon:<\/strong>\u00a0Posodobitve v realnem \u010dasu o ravni baterije in e teko\u010dine<\/li>\n<li><strong>Usta:<\/strong>\u00a0Dvojna usta za skupno ali solo vaping<\/li>\n<li><strong>Najdalj\u0161i \u010das vapinga:<\/strong>\u00a08 sekund na vdih<\/li>\n<li><strong>Za\u0161\u010dita:<\/strong>\u00a0Samodejna za\u0161\u010dita pred prevelikim \u010dasom uporabe<\/li>\n<li><strong>Zdru\u017eljivost z namiznim vodnim pipom:<\/strong>\u00a0Idealno za vaping v slogu vodnega pipe<\/li>\n<li><strong>Okusi:<\/strong>\u00a012 okusnih mo\u017enosti za izbiro<\/li>\n<\/ul>\n<h2><strong style=\"font-size: 1.7em\">Najbolj prodajan okus za JNR Mega Shisha Hookah 100k<\/strong><\/h2>\n<p>Ta JNR Mega Shisha Hookah 100000 Enkratna Vapa je na voljo v <strong>12 vznemirljivih okusih<\/strong>, ponuja razli\u010dne mo\u017enosti za zadovoljevanje razli\u010dnih okusov. Od sadnih do mentolnih do eksoti\u010dnih me\u0161anic, za vsakogar se najde nekaj. Ta \u0161irok izbor zagotavlja, da vedno najdete okus, ki ustreza va\u0161emu razpolo\u017eenju, zaradi \u010desar je vsestranska izbira za vse vaperje. Prosimo, poi\u0161\u010dite najbolj prodajan okus za to ponovno polnljivo enkratno vapo glede na na\u0161e prodajne podatke in mnenja strank.<\/p>\n<p>1. Dve Jabolki<strong> <span style=\"color: #ff0000\">&gt;&gt;&gt;&gt; Najbolj\u0161e!<\/span><\/strong><br \/>\n2. Blueberry Ice (Borovnica led) <span style=\"color: #ff0000\"><strong>&gt;&gt;&gt;&gt; Vro\u010de!<\/strong><\/span><br \/>\n3. Grozdna meta<br \/>\n4. Havaji<br \/>\n5. Kivi, Passionski sad, Guava<br \/>\n6. Lady Killa <span style=\"color: #ff0000\"><strong>&gt;&gt;&gt;&gt; Vro\u010de!<\/strong><\/span><br \/>\n7. Love 66<br \/>\n8. Lush Ice<br \/>\n9. Magic Love<br \/>\n10. Mi Amor <span style=\"color: #ff0000\"><strong>&gt;&gt;&gt;&gt; Vro\u010de!<\/strong><\/span><br \/>\n11. Pehota Ice<br \/>\n12. Jagodni Punch<\/p>\n<figure id=\"attachment_2908\" aria-describedby=\"caption-attachment-2908\" style=\"width: 1000px\" class=\"wp-caption alignnone\"><img loading=\"lazy\" decoding=\"async\" class=\"wp-image-2908 size-full\" src=\"https:\/\/rmvapesale.com\/wp-content\/uploads\/2025\/01\/JNR-Mega-Shisha-Hookah-100000-100K-Puffs.webp\" alt=\"JNR Mega Shisha Hookah 100000 100K Vdihov\" width=\"1000\" height=\"1000\" srcset=\"https:\/\/rmvapesale.com\/wp-content\/uploads\/2025\/01\/JNR-Mega-Shisha-Hookah-100000-100K-Puffs.webp 1000w, https:\/\/rmvapesale.com\/wp-content\/uploads\/2025\/01\/JNR-Mega-Shisha-Hookah-100000-100K-Puffs-300x300.webp 300w, https:\/\/rmvapesale.com\/wp-content\/uploads\/2025\/01\/JNR-Mega-Shisha-Hookah-100000-100K-Puffs-150x150.webp 150w, https:\/\/rmvapesale.com\/wp-content\/uploads\/2025\/01\/JNR-Mega-Shisha-Hookah-100000-100K-Puffs-768x768.webp 768w, https:\/\/rmvapesale.com\/wp-content\/uploads\/2025\/01\/JNR-Mega-Shisha-Hookah-100000-100K-Puffs-600x600.webp 600w, https:\/\/rmvapesale.com\/wp-content\/uploads\/2025\/01\/JNR-Mega-Shisha-Hookah-100000-100K-Puffs-100x100.webp 100w\" sizes=\"auto, (max-width: 1000px) 100vw, 1000px\" \/><figcaption id=\"caption-attachment-2908\" class=\"wp-caption-text\">JNR Mega Shisha Hookah 100000 100K Vdihov<\/figcaption><\/figure>\n<h3>Podroben pregled JNR Mega Shisha Hookah 100k<\/h3>\n<h3><\/h3>\n<ol>\n<li><strong>Dve Jabolki<\/strong>: Sve\u017e in osve\u017eujo\u010d me\u0161anica sladkih in kislih jabolk.<\/li>\n<li><strong>Love 66<\/strong>: Gladka in sladka me\u0161anica jagodi\u010dja z dotikom tropskega pridiha.<\/li>\n<li><strong>Lady Killa<\/strong>: Drzna fuzija sadnih in cvetli\u010dnih not, ki ponuja edinstven preobrat.<\/li>\n<li><strong>Jagodni Punc<\/strong>: Sladek, kiselkast okus jagod z udarcem citrusov.<\/li>\n<li><strong>Lush Ice<\/strong>: Hladen, osve\u017eujo\u010d kombinacija sladke lubenice in ledenega mentola.<\/li>\n<li><strong>Grozdna meta<\/strong>: Gladka me\u0161anica sladkih, so\u010dnih grozdov z osve\u017eujo\u010dim metinim zaklju\u010dkom.<\/li>\n<li><strong>\u010carobna Ljubezen<\/strong>: \u010carobna me\u0161anica eksoti\u010dnega sadja z gladkim in sladkim zaklju\u010dkom.<\/li>\n<li><strong>Ledena Breskev<\/strong>: So\u010den okus breskve v kombinaciji z osve\u017eujo\u010dim mentolom.<\/li>\n<li><strong>Ledene Borovnice<\/strong>: Sladke borovnice z hladnim, ledenim mentolnim priokusom.<\/li>\n<li><strong>Havaji<\/strong>: Tropska me\u0161anica sade\u017eev, ki zajame esenco havajskega raja.<\/li>\n<li><strong>Kivi, Pasijonka, Guava<\/strong>: Kisel in tropski me\u0161anica kivija, pasijonke in guave.<\/li>\n<li><strong>Mi Amor<\/strong>: Romanti\u010dna me\u0161anica sadne sladkosti z namigom eksoti\u010dnih okusov.<\/li>\n<\/ol>\n<h3><\/h3>\n<h4><strong>Zakaj izbrati Rmvapesale za JNR Mega Shisha Hookah 100k Pufov\u00a0 <\/strong><strong>V<\/strong><strong>Veleprodaja vejpanja<\/strong><strong>?<\/strong><\/h4>\n<div class=\"flex-shrink-0 flex flex-col relative items-end\">\n<div class=\"pt-0\">\n<div class=\"gizmo-bot-avatar flex h-8 w-8 items-center justify-center overflow-hidden rounded-full\">\n<div class=\"relative p-1 rounded-sm flex items-center justify-center bg-token-main-surface-primary text-token-text-primary h-8 w-8\">\n<p>Dobrodo\u0161li v Rmvapesale, va\u0161i zaupanja vredni trgovini za vrhunske e-cigarete za enkratno uporabo. Z ve\u010d kot 5-letnimi izku\u0161njami vam ponujamo priljubljene znamke e-cigaret za enkratno uporabo, kot so Al Fakher, <a href=\"https:\/\/rmvapesale.com\/sl\/product-category\/bang-vapes\/\">Bang Vape<\/a>, Waspe, WGA Vape in<a href=\"https:\/\/rmvapesale.com\/sl\/product-category\/randm-fumot-vape\/\"> RandM Vape<\/a>.<\/p>\n<p>Na\u0161a ponudba vklju\u010duje priljubljene e-cigarete, kot je <a href=\"https:\/\/rmvapesale.com\/sl\/product\/randm-tornado-15000-puffs-vape-wholesale\/\">RandM Tornado 15000<\/a> in bogate izbire okusov, kot je Vapme 70000. Vsak izdelek je izbran s poudarkom na kakovosti, vrednosti in raznolikosti, kar zagotavlja, da boste na\u0161li popolno ujemanje za va\u0161e potrebe. Odkrijte izjemno storitev in \u0161iroko paleto vrhunskih izdelkov pri Rmvapesale.<\/p>\n<p>&nbsp;<\/p>\n<h3><b style=\"font-size: 1.5em;font-style: inherit\">Pogosta vpra\u0161anja za JNR Shisha Hookah 100000 <\/b><b style=\"font-size: 1.5em;font-style: inherit\">Vape za enkratno uporabo, ki ga je mogo\u010de polniti<\/b><\/h3>\n<\/div>\n<h3><\/h3>\n<ol>\n<li><strong>Kaj naredi JNR Mega Shisha 100.000 Pufov tako dolgo trajajo\u010do?<\/strong><br \/>\nThe <strong>nepri\u010dakovano vzdr\u017eljiv<\/strong> JNR Mega Shisha ponuja do <strong>100.000 vdihov<\/strong>, z veliko <strong>60mL kapaciteto e-tekline<\/strong> in <strong>2200mAh polnilna baterija<\/strong> ki zagotavlja podalj\u0161ano izku\u0161njo vapinga.<\/li>\n<li><strong>Kako deluje pametni zaslon na JNR Shisha 100.000 Pufov?<\/strong><br \/>\nThe <strong>inovativno<\/strong> pametni zaslon zagotavlja posodobitve v realnem \u010dasu o ravni baterije in e-tekline, kar vam omogo\u010da natan\u010den nadzor nad va\u0161imi vaping seansami.<\/li>\n<li><strong>Ali lahko delim JNR Mega Shisha 100.000 Pufov z drugimi?<\/strong><br \/>\nDa, <strong>vsestranski<\/strong> dvojni dizajn ustnika ga naredi popolnega tako za samostojno u\u017eivanje kot za deljenje s prijatelji, ponuja prilagodljivo izku\u0161njo vapinga.<\/li>\n<li><strong>Je JNR Mega Shisha 100.000 Vdihov primeren za vaping neposredno v plju\u010da?<\/strong><br \/>\nSeveda! The <strong>premium<\/strong> dizajn JNR Mega Shisha je optimiziran za <strong>Vaping neposredno v plju\u010da (DTL)<\/strong> in zagotavlja bogat in gladek hlap z vsakim vdihom.<\/li>\n<li><strong>Kako JNR Mega Shisha 100.000 Vdihov zagotavlja varno vapiranje?<\/strong><br \/>\nThe <strong>varno in zanesljivo<\/strong> avtomatski za\u0161\u010ditni sistem prepre\u010duje pregrevanje, medtem ko <strong>8-sekundni najve\u010dji \u010das vle\u010denja<\/strong> zagotavlja optimalno proizvodnjo hlapa brez ogro\u017eanja varnosti.<\/li>\n<\/ol>\n<p>&nbsp;<\/p>\n<\/div>\n<\/div>\n<\/div>\n<h3>O po\u0161iljanju<\/h3>\n<div class=\"flex-shrink-0 flex flex-col relative items-end\">\n<div>\n<div class=\"pt-0\">\n<div class=\"gizmo-bot-avatar flex h-8 w-8 items-center justify-center overflow-hidden rounded-full\">\n<div><\/div>\n<div class=\"relative p-1 rounded-sm flex items-center justify-center bg-token-main-surface-primary text-token-text-primary h-8 w-8\"><strong>1. Katere metode po\u0161iljanja se uporabljajo?<\/strong><\/div>\n<\/div>\n<\/div>\n<\/div>\n<\/div>\n<div class=\"group\/conversation-turn relative flex w-full min-w-0 flex-col agent-turn\">\n<div class=\"flex-col gap-1 md:gap-3\">\n<div class=\"flex max-w-full flex-col flex-grow\">\n<div class=\"min-h-[20px] text-message flex w-full flex-col items-end gap-2 whitespace-normal break-words [.text-message+&amp;]:mt-5 overflow-x-auto\" dir=\"auto\" data-message-author-role=\"assistant\" data-message-id=\"22f8283b-3233-46ff-89a5-c7a41b33abda\">\n<div class=\"flex w-full flex-col gap-1 empty:hidden first:pt-[3px]\">\n<div class=\"markdown prose w-full break-words dark:prose-invert light\">\n<p>Sodelujemo z UPS, DHL, FedEx, DPD in drugimi vodilnimi prevozniki. Izbrali bomo najbolj\u0161i na\u010din po\u0161iljanja glede na va\u0161o lokacijo dostave, da zagotovimo, da boste izdelke prejeli \u010dim hitreje.<\/p>\n<\/div>\n<p><strong>2. Kako dolgo traja, da prispe?<\/strong><\/p>\n<p>Paketi, poslani v Slovenijo, obi\u010dajno prispejo v 10 delovnih dneh. Po\u0161iljanje v evropske dr\u017eave obi\u010dajno traja pribli\u017eno 12-15 delovnih dni. Zagotovili vam bomo sprotne posodobitve o statusu va\u0161ega po\u0161iljanja.<\/p>\n<\/div>\n<\/div>\n<\/div>\n<\/div>\n<\/div>\n<p><strong><span style=\"color: #ff0000\">Druga vro\u010da prodaja Shisha Hookah Disposable Vape: <a href=\"https:\/\/rmvapesale.com\/sl\/product\/fihp-shisha-hookah-15000-pro-disposable-vape-wholesale\/\">FIHP Shisha Hookah 15000 Vdihov<\/a>, <a href=\"https:\/\/rmvapesale.com\/sl\/product\/vape-wholesale-lavande-bm-18000-puffs-shisha-hookah-bar\/\">VOPK Shisha Hookah BAR 20000, Lavanda BM18000 Vdihov Shisha Vape<\/a><\/span><\/strong><\/p>\n<p>&nbsp;<\/p>\n<p>Poi\u0161\u010di ve\u010d izdelkov Vape, ki so ti morda v\u0161e\u010d:<strong><em><a href=\"https:\/\/rmvapesale.com\/sl\/shop-2\/\">nakupuj zdaj &gt;&gt;&gt;<\/a><\/em><\/strong><\/p>","protected":false},"excerpt":{"rendered":"<p>JNR Mega Shisha Hookah 100K Vdihov Zavr\u017eeni Vape Veliko Ceno na Debelo<br \/>\nJNR Mega Shisha Hookah 100000 100K Vdihov Velika Kapaciteta<br \/>\nJNR Shisha Hookah 100K Zavr\u017eeni Vape 2% Nizka Nikotinska Vsebnost<\/p>\n<p><strong>Kontaktirajte Amy, da dobite pravi odgovor in kupon za vape!<\/strong><\/p>\n<p><img loading=\"lazy\" decoding=\"async\" class=\"size-full wp-image-2375\" src=\"https:\/\/rmvapesale.com\/wp-content\/uploads\/2024\/10\/image.png\" alt=\"Najbolj\u0161i Vape za enkratno uporabo\" width=\"229\" height=\"300\" \/><\/p>\n<h3><a href=\"https:\/\/wa.me\/8617776015835\"><span style=\"color: #ff0000\"><strong>WhatsApp: +86 17776015835<\/strong><\/span><\/a><\/h3>\n<p>&nbsp;<\/p>","protected":false},"featured_media":2910,"comment_status":"open","ping_status":"closed","template":"","meta":{"_uag_custom_page_level_css":"","_lmt_disableupdate":"no","_lmt_disable":"","site-sidebar-layout":"default","site-content-layout":"content-boxed-container","ast-site-content-layout":"normal-width-container","site-content-style":"boxed","site-sidebar-style":"unboxed","ast-global-header-display":"","ast-banner-title-visibility":"","ast-main-header-display":"","ast-hfb-above-header-display":"","ast-hfb-below-header-display":"","ast-hfb-mobile-header-display":"","site-post-title":"","ast-breadcrumbs-content":"","ast-featured-img":"","footer-sml-layout":"","ast-disable-related-posts":"","theme-transparent-header-meta":"default","adv-header-id-meta":"","stick-header-meta":"","header-above-stick-meta":"","header-main-stick-meta":"","header-below-stick-meta":"","astra-migrate-meta-layouts":"set","ast-page-background-enabled":"default","ast-page-background-meta":{"desktop":{"background-color":"var(--ast-global-color-4)","background-image":"","background-repeat":"repeat","background-position":"center center","background-size":"auto","background-attachment":"scroll","background-type":"","background-media":"","overlay-type":"","overlay-color":"","overlay-opacity":"","overlay-gradient":""},"tablet":{"background-color":"","background-image":"","background-repeat":"repeat","background-position":"center center","background-size":"auto","background-attachment":"scroll","background-type":"","background-media":"","overlay-type":"","overlay-color":"","overlay-opacity":"","overlay-gradient":""},"mobile":{"background-color":"","background-image":"","background-repeat":"repeat","background-position":"center center","background-size":"auto","background-attachment":"scroll","background-type":"","background-media":"","overlay-type":"","overlay-color":"","overlay-opacity":"","overlay-gradient":""}},"ast-content-background-meta":{"desktop":{"background-color":"var(--ast-global-color-5)","background-image":"","background-repeat":"repeat","background-position":"center center","background-size":"auto","background-attachment":"scroll","background-type":"","background-media":"","overlay-type":"","overlay-color":"","overlay-opacity":"","overlay-gradient":""},"tablet":{"background-color":"var(--ast-global-color-5)","background-image":"","background-repeat":"repeat","background-position":"center center","background-size":"auto","background-attachment":"scroll","background-type":"","background-media":"","overlay-type":"","overlay-color":"","overlay-opacity":"","overlay-gradient":""},"mobile":{"background-color":"var(--ast-global-color-5)","background-image":"","background-repeat":"repeat","background-position":"center center","background-size":"auto","background-attachment":"scroll","background-type":"","background-media":"","overlay-type":"","overlay-color":"","overlay-opacity":"","overlay-gradient":""}},"_joinchat":[]},"product_brand":[],"product_cat":[15,260,27,25,123,30,26,28,137,136,135],"product_tag":[146,131,40,263,111,103],"class_list":{"0":"post-2911","1":"product","2":"type-product","3":"status-publish","4":"has-post-thumbnail","6":"product_cat-new-vape-this-week","7":"product_cat-100k-puff-disposable-vape","8":"product_cat-fance-hot-sale-vape","9":"product_cat-germany-best-selling-vape","10":"product_cat-italy-wholesale-vape","11":"product_cat-minimum-order-quantity-50pcs","12":"product_cat-netherlands-hot-sale-vape","13":"product_cat-poland-hot-sale-vape","14":"product_cat-rechargeable-vapes","15":"product_cat-smart-screen-vapes","16":"product_cat-spain-best-hot-sale-vape","17":"product_tag-best-hot-sale-vape","18":"product_tag-big-puff-vape","19":"product_tag-hot-sale-vape","20":"product_tag-jnr-mega-shisha-hookah-100000","21":"product_tag-low-nicotine-disposable-vape","22":"product_tag-shisha-hookah","23":"desktop-align-left","24":"tablet-align-left","25":"mobile-align-left","27":"first","28":"instock","29":"sale","30":"shipping-taxable","31":"purchasable","32":"product-type-simple"},"uagb_featured_image_src":{"full":["https:\/\/rmvapesale.com\/wp-content\/uploads\/2025\/01\/JNR-Shisha-Hookah-100K-Rechargeable-Disposable-Vape.webp",1000,1000,false],"thumbnail":["https:\/\/rmvapesale.com\/wp-content\/uploads\/2025\/01\/JNR-Shisha-Hookah-100K-Rechargeable-Disposable-Vape-150x150.webp",150,150,true],"medium":["https:\/\/rmvapesale.com\/wp-content\/uploads\/2025\/01\/JNR-Shisha-Hookah-100K-Rechargeable-Disposable-Vape-300x300.webp",300,300,true],"medium_large":["https:\/\/rmvapesale.com\/wp-content\/uploads\/2025\/01\/JNR-Shisha-Hookah-100K-Rechargeable-Disposable-Vape-768x768.webp",768,768,true],"large":["https:\/\/rmvapesale.com\/wp-content\/uploads\/2025\/01\/JNR-Shisha-Hookah-100K-Rechargeable-Disposable-Vape.webp",1000,1000,false],"1536x1536":["https:\/\/rmvapesale.com\/wp-content\/uploads\/2025\/01\/JNR-Shisha-Hookah-100K-Rechargeable-Disposable-Vape.webp",1000,1000,false],"2048x2048":["https:\/\/rmvapesale.com\/wp-content\/uploads\/2025\/01\/JNR-Shisha-Hookah-100K-Rechargeable-Disposable-Vape.webp",1000,1000,false],"trp-custom-language-flag":["https:\/\/rmvapesale.com\/wp-content\/uploads\/2025\/01\/JNR-Shisha-Hookah-100K-Rechargeable-Disposable-Vape.webp",12,12,false],"woocommerce_thumbnail":["https:\/\/rmvapesale.com\/wp-content\/uploads\/2025\/01\/JNR-Shisha-Hookah-100K-Rechargeable-Disposable-Vape-300x300.webp",300,300,true],"woocommerce_single":["https:\/\/rmvapesale.com\/wp-content\/uploads\/2025\/01\/JNR-Shisha-Hookah-100K-Rechargeable-Disposable-Vape-600x600.webp",600,600,true],"woocommerce_gallery_thumbnail":["https:\/\/rmvapesale.com\/wp-content\/uploads\/2025\/01\/JNR-Shisha-Hookah-100K-Rechargeable-Disposable-Vape-100x100.webp",100,100,true],"wcpr-photo-reviews":["https:\/\/rmvapesale.com\/wp-content\/uploads\/2025\/01\/JNR-Shisha-Hookah-100K-Rechargeable-Disposable-Vape.webp",500,500,false]},"uagb_author_info":{"display_name":"AMY","author_link":"https:\/\/rmvapesale.com\/sl\/author\/"},"uagb_comment_info":0,"uagb_excerpt":"JNR Mega Shisha Hookah 100K Puffs Disposable Vape Wholesale Price JNR Mega Shisha Hookah 100000 100K Puffs Large Capacity JNR Shisha Hookah 100K Disposable Vape 2% Low Nicotine Contact Amy to get right reply and vape coupon! WhatsApp: +86 17776015835 &nbsp;","_links":{"self":[{"href":"https:\/\/rmvapesale.com\/sl\/wp-json\/wp\/v2\/product\/2911","targetHints":{"allow":["GET"]}}],"collection":[{"href":"https:\/\/rmvapesale.com\/sl\/wp-json\/wp\/v2\/product"}],"about":[{"href":"https:\/\/rmvapesale.com\/sl\/wp-json\/wp\/v2\/types\/product"}],"replies":[{"embeddable":true,"href":"https:\/\/rmvapesale.com\/sl\/wp-json\/wp\/v2\/comments?post=2911"}],"wp:featuredmedia":[{"embeddable":true,"href":"https:\/\/rmvapesale.com\/sl\/wp-json\/wp\/v2\/media\/2910"}],"wp:attachment":[{"href":"https:\/\/rmvapesale.com\/sl\/wp-json\/wp\/v2\/media?parent=2911"}],"wp:term":[{"taxonomy":"product_brand","embeddable":true,"href":"https:\/\/rmvapesale.com\/sl\/wp-json\/wp\/v2\/product_brand?post=2911"},{"taxonomy":"product_cat","embeddable":true,"href":"https:\/\/rmvapesale.com\/sl\/wp-json\/wp\/v2\/product_cat?post=2911"},{"taxonomy":"product_tag","embeddable":true,"href":"https:\/\/rmvapesale.com\/sl\/wp-json\/wp\/v2\/product_tag?post=2911"}],"curies":[{"name":"wp","href":"https:\/\/api.w.org\/{rel}","templated":true}]}}