{"id":2976,"date":"2025-01-22T07:46:21","date_gmt":"2025-01-22T07:46:21","guid":{"rendered":"https:\/\/rmvapesale.com\/?post_type=product&#038;p=2976"},"modified":"2025-01-22T08:11:09","modified_gmt":"2025-01-22T08:11:09","slug":"waspe-crystal-40000-puffs-double-flavor-led-display-disposable-vape-bulk-buy","status":"publish","type":"product","link":"https:\/\/rmvapesale.com\/sl\/product\/waspe-crystal-40000-puffs-double-flavor-led-display-disposable-vape-bulk-buy\/","title":{"rendered":"WASPE Crystal 40000 Vpihov Dvojni Okus LED Zaslon Vape za Enkratno Uporabo Nakup v Razsutem Stanju"},"content":{"rendered":"<div class=\"B2VR9 CJHX3e\">\n<div class=\"wyccme\">\n<div class=\"flex-shrink-0 flex flex-col relative items-end\">\n<div class=\"pt-0\">\n<div class=\"gizmo-bot-avatar flex h-8 w-8 items-center justify-center overflow-hidden rounded-full\">\n<div class=\"relative p-1 rounded-sm flex items-center justify-center bg-token-main-surface-primary text-token-text-primary h-8 w-8\">\n<div class=\"flex-shrink-0 flex flex-col relative items-end\">\n<div class=\"pt-0\">\n<div class=\"gizmo-bot-avatar flex h-8 w-8 items-center justify-center overflow-hidden rounded-full\">\n<h1 class=\"relative p-1 rounded-sm flex items-center justify-center bg-token-main-surface-primary text-token-text-primary h-8 w-8\">WASPE Crystal 40000 Vpihov Dvojni Okus LED Zaslon Vape za Enkratno Uporabo Nakup v Razsutem Stanju<\/h1>\n<\/div>\n<\/div>\n<\/div>\n<\/div>\n<\/div>\n<\/div>\n<\/div>\n<div class=\"group\/conversation-turn relative flex w-full min-w-0 flex-col agent-turn\">\n<div class=\"flex-col gap-1 md:gap-3\">\n<div class=\"flex max-w-full flex-col flex-grow\">\n<div class=\"min-h-8 text-message flex w-full flex-col items-end gap-2 whitespace-normal break-words text-start [.text-message+&amp;]:mt-5\" dir=\"auto\" data-message-author-role=\"assistant\" data-message-id=\"80ece0c4-ead1-4ed9-a9f0-ddc22582b4f4\" data-message-model-slug=\"gpt-4o\">\n<p>The <strong>WASPE Crystal 40000 Vpihov Vape za Enkratno Uporabo z Dvojnim Okusom<\/strong> je zasnovan za uporabnike vape, ki si \u017eelijo dolgotrajno delovanje z dodatno prednostjo <strong>LED zaslonom<\/strong> in <strong>cenovne dostopnosti pri nakupu v razsutem stanju<\/strong>. Ne glede na to, ali ste ob\u010dasni uporabnik ali podjetje, ki i\u0161\u010de prilo\u017enosti za veleprodajo, ta <strong>vrhunska blagovna znamka vape za enkratno uporabo<\/strong> zagotavlja kakovost, priro\u010dnost in stro\u0161kovno u\u010dinkovitost.<\/p>\n<p>Z ogromnimi <strong>40.000 vpihi<\/strong>ta naprava odpravlja potrebo po pogostih zamenjavah. Edinstvena <strong>dvojni okus<\/strong> funkcija omogo\u010da uporabnikom preklapljanje med dvema vznemirljivima okusoma brez napora, kar zagotavlja raznolikost in zadovoljstvo v vsakem vdihu.<\/p>\n<p>A <strong>jasen LED zaslon<\/strong> prikazuje \u017eivljenjsko dobo baterije in nivo e-teko\u010dine, kar vam daje popoln nadzor nad va\u0161o izku\u0161njo vapinga. Funkcija <strong>nastavljiv pretok zraka<\/strong> vam omogo\u010da, da prilagodite svoj poteg, ne glede na to, ali imate raje gladek, zra\u010den vdih ali mo\u010dnej\u0161i udarec.<\/p>\n<p>Vsebuje <strong>32 ml vrhunske e-teko\u010dine<\/strong>ta vape ponuja dolgotrajno izku\u0161njo brez te\u017eav s ponovnim polnjenjem. Na voljo v <strong>0%, 2% in 5% jakostih nikotina<\/strong>je primeren za \u0161irok spekter uporabnikov vape, od tistih, ki imajo raje mo\u017enosti brez nikotina, do tistih, ki u\u017eivajo mo\u010dnej\u0161i udarec.<\/p>\n<p>Vgrajeni <strong>850mAh polnilna baterija<\/strong> podpira hitro polnjenje Type-C, kar olaj\u0161a ohranjanje naprave napolnjene. S svojo lahko in prenosno zasnovo je popoln spremljevalec za vaping na poti. Poleg tega so <strong>mo\u017enosti nakupa v velikih koli\u010dinah<\/strong> odli\u010dna izbira za trgovce na drobno in debelo, ki i\u0161\u010dejo cenovno ugodne vape za enkratno uporabo.<\/p>\n<\/div>\n<\/div>\n<\/div>\n<\/div>\n<div class=\"flex-shrink-0 flex flex-col relative items-end\">\n<div class=\"pt-0\">\n<div class=\"gizmo-bot-avatar flex h-8 w-8 items-center justify-center overflow-hidden rounded-full\">\n<p>&nbsp;<\/p>\n<\/div>\n<\/div>\n<\/div>\n<\/div>\n<\/div>\n<p><strong>Kontaktirajte Amy, da dobite pravi odgovor in kupon za vape!<\/strong><\/p>\n<p><img loading=\"lazy\" decoding=\"async\" class=\"size-full wp-image-1978\" src=\"https:\/\/rmvapesale.com\/wp-content\/uploads\/2024\/09\/Disposable-Vape-Wholesale.jpg\" alt=\"Vape za enkratno uporabo na debelo\" width=\"229\" height=\"300\" \/><\/p>\n<h3><a href=\"https:\/\/wa.me\/8617776015835\" target=\"_blank\" rel=\"noopener\"><span style=\"color: #ff0000\"><strong>WhatsApp: +86 17776015835<\/strong><\/span><\/a><\/h3>\n<p>&nbsp;<\/p>\n<h3><strong style=\"font-size: 1.7em\">WASPE Crystal 40000 Vpihov Klju\u010dne lastnosti izdelka<\/strong><\/h3>\n<ol>\n<li><strong>Vpihi<\/strong>: 40000<\/li>\n<li><strong>Dvojni okusi<\/strong>: 20000 Vpihov + 20000 Vpihov = 40000 Vpihov<\/li>\n<li><strong>Mo\u010d nikotina<\/strong>: 0% \/ 2% \/ 3% \/ 5%<\/li>\n<li><strong>Predhodno napolnjena kapaciteta<\/strong>: 32mL<\/li>\n<li><strong>Kapaciteta baterije<\/strong>: 850mAh<\/li>\n<li><strong>Vrata za polnjenje<\/strong>: USB Type-C<\/li>\n<li><strong>Delovanje<\/strong>: Aktivacija z vdihom<\/li>\n<li><strong>0.9ohm Dvojna mre\u017easta tuljava<\/strong><\/li>\n<li><strong>LED zaslon<\/strong><\/li>\n<li><strong>Indikator nivoja baterije<\/strong><\/li>\n<li><strong>Indikator nivoja e-teko\u010dine<\/strong><\/li>\n<\/ol>\n<p><img loading=\"lazy\" decoding=\"async\" class=\"wp-image-2965 size-full\" src=\"https:\/\/rmvapesale.com\/wp-content\/uploads\/2025\/01\/WASPE-40000-Puffs-Crystal-Disposable-Vape.webp\" alt=\"WASPE 40000 Vpihov Kristalna Vape za Enkratno Uporabo\" width=\"1000\" height=\"1000\" srcset=\"https:\/\/rmvapesale.com\/wp-content\/uploads\/2025\/01\/WASPE-40000-Puffs-Crystal-Disposable-Vape.webp 1000w, https:\/\/rmvapesale.com\/wp-content\/uploads\/2025\/01\/WASPE-40000-Puffs-Crystal-Disposable-Vape-300x300.webp 300w, https:\/\/rmvapesale.com\/wp-content\/uploads\/2025\/01\/WASPE-40000-Puffs-Crystal-Disposable-Vape-150x150.webp 150w, https:\/\/rmvapesale.com\/wp-content\/uploads\/2025\/01\/WASPE-40000-Puffs-Crystal-Disposable-Vape-768x768.webp 768w, https:\/\/rmvapesale.com\/wp-content\/uploads\/2025\/01\/WASPE-40000-Puffs-Crystal-Disposable-Vape-600x600.webp 600w, https:\/\/rmvapesale.com\/wp-content\/uploads\/2025\/01\/WASPE-40000-Puffs-Crystal-Disposable-Vape-100x100.webp 100w\" sizes=\"auto, (max-width: 1000px) 100vw, 1000px\" \/><\/p>\n<h3><strong style=\"font-size: 1.7em\">Najbolj\u0161a aroma za WASPE Crystal 40000 Vpihov<\/strong><strong style=\"font-size: 1.7em\">\u00a0Vape<\/strong><\/h3>\n<p>S svojimi <strong>impresivnim \u0161tevilom vpihov, naprednimi funkcijami in ugodnimi veleprodajnimi cenami<\/strong>je vape WASPE Crystal 40000 Puffs obvezen za uporabnike vape in trgovce na drobno. Naro\u010dite \u0161e danes in izkusite vaping v najbolj\u0161i obliki!<\/p>\n<p>1. Lubenica Led<br \/>\n2. Borovnica Led<br \/>\n3. Me\u0161ano Jagodi\u010devje <span style=\"color: #ff0000\"><strong>&gt;&gt;&gt;&gt; Vro\u010de!<\/strong><\/span><br \/>\n4. Grozdje Led<br \/>\n5. Jagoda Banana<br \/>\n6. Breskev Led<br \/>\n7. Jagoda Malina \u010ce\u0161nja <span style=\"color: #ff0000\"><strong>&gt;&gt;&gt;&gt; Najbolj\u0161e!<\/strong><\/span><br \/>\n8. Borovnica Malina<br \/>\n9. Jagoda Kivi<br \/>\n10. Bonbon iz borovnic<br \/>\n11. Jagoda Red Bull <span style=\"color: #ff0000\"><strong>&gt;&gt;&gt;&gt; Vro\u010de!<\/strong><\/span><br \/>\n12. Red Bull Led<\/p>\n<p>&nbsp;<\/p>\n<h3><strong>Zakaj izbrati Rmvapesale za WASPE Crystal 40000 Vpihov <\/strong><strong>V<\/strong><strong>Veleprodaja vejpanja<\/strong><strong>?<\/strong><\/h3>\n<div class=\"flex-shrink-0 flex flex-col relative items-end\">\n<div class=\"pt-0\">\n<div class=\"gizmo-bot-avatar flex h-8 w-8 items-center justify-center overflow-hidden rounded-full\">\n<p>Ker se konkurenca na trgu e-cigaret za enkratno uporabo pove\u010duje, je Rmvapesale, vodilni svetovni ponudnik veleprodajnih re\u0161itev za vape za enkratno uporabo, lansiral Vapsolo DG 18000 Puffs Disposable Vape. Ta pionirski izdelek pritegne pozornost s svojo edinstveno estetiko in modnim dizajnom. S \u0161iroko paleto sadnih okusov zadovoljuje \u0161irok spekter okusov potro\u0161nikov, hkrati pa poudarja inovativnost in vsestranskost.<\/p>\n<p class=\"relative p-1 rounded-sm flex items-center justify-center bg-token-main-surface-primary text-token-text-primary h-8 w-8\">Rmvapesale je va\u0161a zaupanja vredna trgovina z vape za vrhunske vape za enkratno uporabo. Z ve\u010d kot 5 leti izku\u0161enj vam ponujamo priljubljene blagovne znamke vape za enkratno uporabo, kot so Al Fakher, JNR Vape, Vapsolo Vape, Vapme Vape, <a href=\"https:\/\/rmvapesale.com\/sl\/product-category\/bang-vapes\/\">Bang Vape<\/a>, Waspe Vape, WGA Vape in<a href=\"https:\/\/rmvapesale.com\/sl\/product-category\/randm-fumot-vape\/\"> RandM Vape<\/a>. Na\u0161a ponudba vklju\u010duje vro\u010de vape za enkratno uporabo, kot je <a href=\"https:\/\/rmvapesale.com\/sl\/product\/aivono-aim-flash-35000-puffs-curved-smart-screen-disposable-vape-wholesale\/\">AIVONO Flash 35000 Vpihov<\/a> in okusne izbire, kot je<a href=\"https:\/\/rmvapesale.com\/sl\/product\/crystal-vape-uwin-shisha-hookah-20k-20000-puffs-wholesale-best-price\/\"> UWIN Shisha Hoohak 20000<\/a>Vsak izdelek je izbran s poudarkom na kakovosti, vrednosti in raznolikosti, kar vam zagotavlja, da boste na\u0161li popolno ujemanje za svoje potrebe. Odkrijte izjemno storitev in \u0161iroko paleto vrhunskih izdelkov pri Rmvapesale.<\/p>\n<p>&nbsp;<\/p>\n<p class=\"relative p-1 rounded-sm flex items-center justify-center bg-token-main-surface-primary text-token-text-primary h-8 w-8\"><b style=\"font-size: 1.5em;font-style: inherit\">Pogosta vpra\u0161anja o WASPE Crystal 40000 Vpihih <\/b><b style=\"font-size: 1.5em;font-style: inherit\">Vape za enkratno uporabo, ki ga je mogo\u010de polniti<\/b><\/p>\n<ol>\n<li><strong>Kje lahko kupim WASPE Crystal 40000 Vpihov v razsutem stanju?<\/strong>\n<ul>\n<li>Naro\u010dila v razsutem stanju lahko kupite pri <a href=\"https:\/\/rmvapesale.com\/sl\/\" target=\"_new\" rel=\"noopener\">Rmvapesale<\/a> po konkuren\u010dnih veleprodajnih cenah.<\/li>\n<\/ul>\n<\/li>\n<li><strong>Kaj prikazuje LED zaslon?<\/strong>\n<ul>\n<li>Zaslon zagotavlja sprotne posodobitve o odstotku baterije in nivojih e-teko\u010dine.<\/li>\n<\/ul>\n<\/li>\n<li><strong>Ali lahko prilagodim pretok zraka na tem vapeu?<\/strong>\n<ul>\n<li>Da, nastavljiva funkcija pretoka zraka vam omogo\u010da, da prilagodite svojo izku\u0161njo vapinga.<\/li>\n<\/ul>\n<\/li>\n<li><strong>Kako dolgo zdr\u017ei baterija 850 mAh?<\/strong>\n<ul>\n<li>Ponuja podalj\u0161ano uporabo in jo je mogo\u010de ve\u010dkrat napolniti za neprekinjeno u\u017eivanje.<\/li>\n<\/ul>\n<\/li>\n<li><strong>Ali je WASPE Crystal primeren za vaping brez nikotina?<\/strong>\n<ul>\n<li>Da, mo\u017enost nikotina 0% je popolna za uporabnike, ki i\u0161\u010dejo izku\u0161njo brez nikotina.<\/li>\n<\/ul>\n<\/li>\n<\/ol>\n<\/div>\n<\/div>\n<\/div>\n<h2>Kako naro\u010diti?<\/h2>\n<div class=\"flex-shrink-0 flex flex-col relative items-end\">\n<div class=\"pt-0\">\n<div class=\"gizmo-bot-avatar flex h-8 w-8 items-center justify-center overflow-hidden rounded-full\">\n<div>\n<p><strong>1. Katere na\u010dine pla\u010dila sprejemate?<\/strong><br \/>\n<span class=\"selectable-text copyable-text false\">Za pla\u010dilo ponujamo ban\u010dno nakazilo in Western Union. Ve\u010dina na\u0161ih strank iz Evrope izbere ban\u010dno nakazilo, imamo lokalni ban\u010dni ra\u010dun, na katerega lahko pla\u010date na na\u0161 IBAN ra\u010dun brez stro\u0161kov obdelave. <\/span>.<\/p>\n<p><strong>2. Kako lahko sledim svojemu naro\u010dilu?<\/strong><br \/>\nKo je paket odposlan, <span class=\"selectable-text copyable-text false\">vam bomo ponudili \u0161tevilko za sledenje za referenco, prav tako bomo posodabljali status, dokler ne prejmete tovora<\/span>.<\/p>\n<p><strong>3. Koliko \u010dasa traja, da prispe?<\/strong><\/p>\n<ul>\n<li>Po\u0161iljanje iz <strong>skladi\u0161\u010d na Kitajskem<\/strong> traja pribli\u017eno <strong>7-14 delovnih dni<\/strong>.<\/li>\n<li>Po\u0161iljanje iz <strong>Evropska skladi\u0161\u010da<\/strong> obi\u010dajno traja <strong>3-6 delovnih dni<\/strong>.<\/li>\n<\/ul>\n<p><strong>4. Kako lahko dobim hitrej\u0161o dostavo?<\/strong><br \/>\nZa hitrej\u0161o dostavo priporo\u010damo naro\u010dilo iz na\u0161ega <strong>Evropskega skladi\u0161\u010da<\/strong>, ki ponuja hitrej\u0161e dobavne roke.<\/p>\n<p><strong>5. Kaj \u010de prejmem po\u0161kodovan ali pokvarjen izdelek?<\/strong><br \/>\n\u010ce je va\u0161 izdelek po\u0161kodovan ali pokvarjen, se obrnite na slu\u017ebo za pomo\u010d uporabnikom za <strong>zamenjavo ali povra\u010dilo kupnine<\/strong>.<\/p>\n<p><strong>6. Kako lahko stopim v stik s slu\u017ebo za pomo\u010d uporabnikom?<\/strong><br \/>\nLahko nas dose\u017eete preko<strong>\u00a0WhatsApp-a ali klepeta v \u017eivo<\/strong> na na\u0161i spletni strani za pomo\u010d.<\/p>\n<\/div>\n<div class=\"relative p-1 rounded-sm flex items-center justify-center bg-token-main-surface-primary text-token-text-primary h-8 w-8\"><strong>7. Katere na\u010dine po\u0161iljanja uporabljate?<\/strong><\/div>\n<\/div>\n<\/div>\n<\/div>\n<div class=\"group\/conversation-turn relative flex w-full min-w-0 flex-col agent-turn\">\n<div class=\"flex-col gap-1 md:gap-3\">\n<div class=\"flex max-w-full flex-col flex-grow\">\n<div class=\"min-h-[20px] text-message flex w-full flex-col items-end gap-2 whitespace-normal break-words [.text-message+&amp;]:mt-5 overflow-x-auto\" dir=\"auto\" data-message-author-role=\"assistant\" data-message-id=\"22f8283b-3233-46ff-89a5-c7a41b33abda\">\n<div class=\"flex w-full flex-col gap-1 empty:hidden first:pt-[3px]\">\n<div class=\"markdown prose w-full break-words dark:prose-invert light\">\n<p>Sodelujemo z UPS, DHL, FedEx, DPD in drugimi vodilnimi prevozniki. Izbrali bomo najbolj\u0161i na\u010din po\u0161iljanja glede na va\u0161o lokacijo dostave, da zagotovimo, da boste izdelke prejeli \u010dim hitreje.<\/p>\n<\/div>\n<\/div>\n<\/div>\n<\/div>\n<\/div>\n<\/div>\n<p>Poi\u0161\u010di ve\u010d izdelkov Vape, ki so ti morda v\u0161e\u010d:<strong><em><a href=\"https:\/\/rmvapesale.com\/sl\/shop-2\/\">nakupuj zdaj &gt;&gt;&gt;<\/a><\/em><\/strong><\/p>","protected":false},"excerpt":{"rendered":"<p>WASPE Crystal 40k Vdihov Dvojni okus Polnilni vape za enkratno uporabo<br \/>\nWASPE Crystal 40000 Vdihov Dvojni okus Vape za enkratno uporabo Ve\u010dji nakup<br \/>\nWASPE Crystal 40000 Vdihov 2 v 1 Okus Pametni zaslon Veleprodaja za enkratno uporabo<\/p>\n<p><strong>Kontaktirajte Amy, da dobite pravi odgovor in kupon za vape!<\/strong><\/p>\n<p><img loading=\"lazy\" decoding=\"async\" class=\"size-full wp-image-2375\" src=\"https:\/\/rmvapesale.com\/wp-content\/uploads\/2024\/10\/image.png\" alt=\"Najbolj\u0161i Vape za enkratno uporabo\" width=\"229\" height=\"300\" \/><\/p>\n<h3><a href=\"https:\/\/wa.me\/8617776015835\"><span style=\"color: #ff0000\"><strong>WhatsApp: +86 17776015835<\/strong><\/span><\/a><\/h3>\n<p>&nbsp;<\/p>","protected":false},"featured_media":2975,"comment_status":"open","ping_status":"closed","template":"","meta":{"_uag_custom_page_level_css":"","_lmt_disableupdate":"no","_lmt_disable":"","site-sidebar-layout":"default","site-content-layout":"content-boxed-container","ast-site-content-layout":"normal-width-container","site-content-style":"boxed","site-sidebar-style":"unboxed","ast-global-header-display":"","ast-banner-title-visibility":"","ast-main-header-display":"","ast-hfb-above-header-display":"","ast-hfb-below-header-display":"","ast-hfb-mobile-header-display":"","site-post-title":"","ast-breadcrumbs-content":"","ast-featured-img":"","footer-sml-layout":"","theme-transparent-header-meta":"default","adv-header-id-meta":"","stick-header-meta":"","header-above-stick-meta":"","header-main-stick-meta":"","header-below-stick-meta":"","astra-migrate-meta-layouts":"set","ast-page-background-enabled":"default","ast-page-background-meta":{"desktop":{"background-color":"var(--ast-global-color-4)","background-image":"","background-repeat":"repeat","background-position":"center center","background-size":"auto","background-attachment":"scroll","background-type":"","background-media":"","overlay-type":"","overlay-color":"","overlay-opacity":"","overlay-gradient":""},"tablet":{"background-color":"","background-image":"","background-repeat":"repeat","background-position":"center center","background-size":"auto","background-attachment":"scroll","background-type":"","background-media":"","overlay-type":"","overlay-color":"","overlay-opacity":"","overlay-gradient":""},"mobile":{"background-color":"","background-image":"","background-repeat":"repeat","background-position":"center center","background-size":"auto","background-attachment":"scroll","background-type":"","background-media":"","overlay-type":"","overlay-color":"","overlay-opacity":"","overlay-gradient":""}},"ast-content-background-meta":{"desktop":{"background-color":"var(--ast-global-color-5)","background-image":"","background-repeat":"repeat","background-position":"center center","background-size":"auto","background-attachment":"scroll","background-type":"","background-media":"","overlay-type":"","overlay-color":"","overlay-opacity":"","overlay-gradient":""},"tablet":{"background-color":"var(--ast-global-color-5)","background-image":"","background-repeat":"repeat","background-position":"center center","background-size":"auto","background-attachment":"scroll","background-type":"","background-media":"","overlay-type":"","overlay-color":"","overlay-opacity":"","overlay-gradient":""},"mobile":{"background-color":"var(--ast-global-color-5)","background-image":"","background-repeat":"repeat","background-position":"center center","background-size":"auto","background-attachment":"scroll","background-type":"","background-media":"","overlay-type":"","overlay-color":"","overlay-opacity":"","overlay-gradient":""}},"_joinchat":[]},"product_brand":[],"product_cat":[15,289,290,291,292,298,293,295,299,274,258,25,123,26,28,135,27,137,136,30],"product_tag":[146,124,222,64,40,111,300,221],"class_list":{"0":"post-2976","1":"product","2":"type-product","3":"status-publish","4":"has-post-thumbnail","6":"product_cat-new-vape-this-week","7":"product_cat-big-puffs-disposable-vapes","8":"product_cat-crystal-disposable-vapes","9":"product_cat-dual-mesh-disposable-vapes","10":"product_cat-digital-disposable-vapes","11":"product_cat-double-flavor-disposable-vapes","12":"product_cat-low-nicotine-disposable-vapes","13":"product_cat-rechargeable-disposable-vapes","14":"product_cat-smart-screen-disposable-vapes","15":"product_cat-waspe-fihp-vape","16":"product_cat-40000-puff-disposable-vape","17":"product_cat-germany-best-selling-vape","18":"product_cat-italy-wholesale-vape","19":"product_cat-netherlands-hot-sale-vape","20":"product_cat-poland-hot-sale-vape","21":"product_cat-spain-best-hot-sale-vape","22":"product_cat-fance-hot-sale-vape","23":"product_cat-rechargeable-vapes","24":"product_cat-smart-screen-vapes","25":"product_cat-minimum-order-quantity-50pcs","26":"product_tag-best-hot-sale-vape","27":"product_tag-crystal-vape","28":"product_tag-double-flavor-vape","29":"product_tag-dual-flavour-vape","30":"product_tag-hot-sale-vape","31":"product_tag-low-nicotine-disposable-vape","32":"product_tag-waspe-crystal-40000","33":"product_tag-waspe-vape","34":"desktop-align-left","35":"tablet-align-left","36":"mobile-align-left","38":"first","39":"instock","40":"sale","41":"shipping-taxable","42":"purchasable","43":"product-type-simple"},"uagb_featured_image_src":{"full":["https:\/\/rmvapesale.com\/wp-content\/uploads\/2025\/01\/WASPE-40000-Puffs-Crystal-Disposable-Vape-Wholesale.webp",1000,1000,false],"thumbnail":["https:\/\/rmvapesale.com\/wp-content\/uploads\/2025\/01\/WASPE-40000-Puffs-Crystal-Disposable-Vape-Wholesale-150x150.webp",150,150,true],"medium":["https:\/\/rmvapesale.com\/wp-content\/uploads\/2025\/01\/WASPE-40000-Puffs-Crystal-Disposable-Vape-Wholesale-300x300.webp",300,300,true],"medium_large":["https:\/\/rmvapesale.com\/wp-content\/uploads\/2025\/01\/WASPE-40000-Puffs-Crystal-Disposable-Vape-Wholesale-768x768.webp",768,768,true],"large":["https:\/\/rmvapesale.com\/wp-content\/uploads\/2025\/01\/WASPE-40000-Puffs-Crystal-Disposable-Vape-Wholesale.webp",1000,1000,false],"1536x1536":["https:\/\/rmvapesale.com\/wp-content\/uploads\/2025\/01\/WASPE-40000-Puffs-Crystal-Disposable-Vape-Wholesale.webp",1000,1000,false],"2048x2048":["https:\/\/rmvapesale.com\/wp-content\/uploads\/2025\/01\/WASPE-40000-Puffs-Crystal-Disposable-Vape-Wholesale.webp",1000,1000,false],"trp-custom-language-flag":["https:\/\/rmvapesale.com\/wp-content\/uploads\/2025\/01\/WASPE-40000-Puffs-Crystal-Disposable-Vape-Wholesale.webp",12,12,false],"woocommerce_thumbnail":["https:\/\/rmvapesale.com\/wp-content\/uploads\/2025\/01\/WASPE-40000-Puffs-Crystal-Disposable-Vape-Wholesale-300x300.webp",300,300,true],"woocommerce_single":["https:\/\/rmvapesale.com\/wp-content\/uploads\/2025\/01\/WASPE-40000-Puffs-Crystal-Disposable-Vape-Wholesale-600x600.webp",600,600,true],"woocommerce_gallery_thumbnail":["https:\/\/rmvapesale.com\/wp-content\/uploads\/2025\/01\/WASPE-40000-Puffs-Crystal-Disposable-Vape-Wholesale-100x100.webp",100,100,true],"wcpr-photo-reviews":["https:\/\/rmvapesale.com\/wp-content\/uploads\/2025\/01\/WASPE-40000-Puffs-Crystal-Disposable-Vape-Wholesale.webp",500,500,false]},"uagb_author_info":{"display_name":"AMY","author_link":"https:\/\/rmvapesale.com\/sl\/author\/"},"uagb_comment_info":0,"uagb_excerpt":"WASPE Crystal 40k Puff Twins Flavor Rechargeable Disposable Vape WASPE Crystal 40000 Puffs Dual Flavors Disposable Vape Bulk Buy WASPE Crystal 40000 Puffs 2 in 1 Flavor Smart Screen Wholesale Disposable Contact Amy to get right reply and vape coupon! WhatsApp: +86 17776015835 &nbsp;","_links":{"self":[{"href":"https:\/\/rmvapesale.com\/sl\/wp-json\/wp\/v2\/product\/2976","targetHints":{"allow":["GET"]}}],"collection":[{"href":"https:\/\/rmvapesale.com\/sl\/wp-json\/wp\/v2\/product"}],"about":[{"href":"https:\/\/rmvapesale.com\/sl\/wp-json\/wp\/v2\/types\/product"}],"replies":[{"embeddable":true,"href":"https:\/\/rmvapesale.com\/sl\/wp-json\/wp\/v2\/comments?post=2976"}],"wp:featuredmedia":[{"embeddable":true,"href":"https:\/\/rmvapesale.com\/sl\/wp-json\/wp\/v2\/media\/2975"}],"wp:attachment":[{"href":"https:\/\/rmvapesale.com\/sl\/wp-json\/wp\/v2\/media?parent=2976"}],"wp:term":[{"taxonomy":"product_brand","embeddable":true,"href":"https:\/\/rmvapesale.com\/sl\/wp-json\/wp\/v2\/product_brand?post=2976"},{"taxonomy":"product_cat","embeddable":true,"href":"https:\/\/rmvapesale.com\/sl\/wp-json\/wp\/v2\/product_cat?post=2976"},{"taxonomy":"product_tag","embeddable":true,"href":"https:\/\/rmvapesale.com\/sl\/wp-json\/wp\/v2\/product_tag?post=2976"}],"curies":[{"name":"wp","href":"https:\/\/api.w.org\/{rel}","templated":true}]}}