{"id":3011,"date":"2025-01-26T03:15:11","date_gmt":"2025-01-26T03:15:11","guid":{"rendered":"https:\/\/rmvapesale.com\/?post_type=product&#038;p=3011"},"modified":"2025-01-23T03:29:52","modified_gmt":"2025-01-23T03:29:52","slug":"vapsolo-dg-18000-puffs-smart-screen-puff-18k-disposable-vape-wholesale-electronic-cigarette-discount-price","status":"publish","type":"product","link":"https:\/\/rmvapesale.com\/sl\/product\/vapsolo-dg-18000-puffs-smart-screen-puff-18k-disposable-vape-wholesale-electronic-cigarette-discount-price\/","title":{"rendered":"Vapsolo DG 18000 Vpihov Pametni Zaslon Vpihov 18k Razpolo\u017eljiva Vape Veleprodaja Elektronska Cigareta Diskontna Cena"},"content":{"rendered":"<div class=\"B2VR9 CJHX3e\">\n<div class=\"wyccme\">\n<div class=\"flex-shrink-0 flex flex-col relative items-end\">\n<div class=\"pt-0\">\n<div class=\"gizmo-bot-avatar flex h-8 w-8 items-center justify-center overflow-hidden rounded-full\">\n<div class=\"relative p-1 rounded-sm flex items-center justify-center bg-token-main-surface-primary text-token-text-primary h-8 w-8\">\n<div class=\"flex-shrink-0 flex flex-col relative items-end\">\n<div class=\"pt-0\">\n<div class=\"gizmo-bot-avatar flex h-8 w-8 items-center justify-center overflow-hidden rounded-full\">\n<h1 class=\"relative p-1 rounded-sm flex items-center justify-center bg-token-main-surface-primary text-token-text-primary h-8 w-8\">Vapsolo DG 18000 Vpihov Pametni Zaslon Vpihov 18k Razpolo\u017eljiva Vape Veleprodaja Elektronska Cigareta Diskontna Cena<\/h1>\n<\/div>\n<\/div>\n<\/div>\n<\/div>\n<\/div>\n<\/div>\n<\/div>\n<div class=\"group\/conversation-turn relative flex w-full min-w-0 flex-col agent-turn\">\n<div class=\"flex-col gap-1 md:gap-3\">\n<div class=\"flex max-w-full flex-col flex-grow\">\n<div class=\"min-h-8 text-message flex w-full flex-col items-end gap-2 whitespace-normal break-words text-start [.text-message+&amp;]:mt-5\" dir=\"auto\" data-message-author-role=\"assistant\" data-message-id=\"80ece0c4-ead1-4ed9-a9f0-ddc22582b4f4\" data-message-model-slug=\"gpt-4o\">\n<p>I\u0161\u010dete visoko zmogljiv <strong>vape za enkratno uporabo<\/strong> z impresivnim \u0161tevilom vpihov in najnovej\u0161imi funkcijami? Potem je <strong>Vapsolo DG 18000 Vpihov Pametni Zaslon Vape za Enkratno Uporabo<\/strong> va\u0161a popolna izbira! Zasnovan za uporabnike vape, ki hrepenijo po dolgotrajnem zadovoljstvu, ta naprava ponuja kar <strong>18.000 vpihov<\/strong>, <strong>nastavljiv pretok zraka<\/strong>in vrhunski <strong>pametni zaslon<\/strong>vse po dostopni <strong>veleprodajni ceni<\/strong>.<\/p>\n<p>Ta vape ima <strong>Pametni Na\u010din<\/strong> ki samodejno prilagaja mo\u010d in nastavitve glede na va\u0161e navade pri vapingu, kar zagotavlja optimalno izku\u0161njo vsaki\u010d. Potrebujete mo\u010dnej\u0161i udarec? Aktivirajte <strong>Na\u010din Pove\u010danja<\/strong> za dodaten sunek intenzivnosti in zadovoljstva.<\/p>\n<p>The <strong>nastavljiv nadzor pretoka zraka<\/strong> vam omogo\u010da natan\u010dno nastavitev va\u0161e izku\u0161nje vapinga, ne glede na to, ali imate raje tesen, intenziven udarec ali gladko, zra\u010dno vle\u010denje. Poleg tega <strong>pametni zaslon<\/strong> zagotavlja vpogled v \u017eivljenjsko dobo baterije in \u0161tevilo vdihov v realnem \u010dasu, tako da boste vedno vedeli, kdaj je \u010das za ponovno polnjenje.<\/p>\n<p>Opremljen z <strong>650mAh baterija, ki jo je mogo\u010de polniti<\/strong> in hitrim polnjenjem Type-C, lahko u\u017eivate v neprekinjenem vapingu s hitrimi in u\u010dinkovitimi polnjenji. Izbirajte med <strong>jakostmi nikotina 2% ali 5%<\/strong>, ki poskrbijo tako za ob\u010dasne uporabnike vapinga kot za tiste, ki i\u0161\u010dejo mo\u010dnej\u0161i nikotinski udarec.<\/p>\n<p>Za kupce na debelo Vapsolo DG 18000 ponuja neprekosljivo vrednost z <strong>veleprodajnimi cenami<\/strong>, zaradi \u010desar je idealna izbira za trgovce na drobno in distributerje.<\/p>\n<\/div>\n<\/div>\n<\/div>\n<\/div>\n<div class=\"flex-shrink-0 flex flex-col relative items-end\">\n<div class=\"pt-0\">\n<div class=\"gizmo-bot-avatar flex h-8 w-8 items-center justify-center overflow-hidden rounded-full\">\n<p>&nbsp;<\/p>\n<\/div>\n<\/div>\n<\/div>\n<\/div>\n<\/div>\n<p><strong>Kontaktirajte Amy, da dobite pravi odgovor in kupon za vape!<\/strong><\/p>\n<p><img loading=\"lazy\" decoding=\"async\" class=\"size-full wp-image-1978\" src=\"https:\/\/rmvapesale.com\/wp-content\/uploads\/2024\/09\/Disposable-Vape-Wholesale.jpg\" alt=\"Vape za enkratno uporabo na debelo\" width=\"229\" height=\"300\" \/><\/p>\n<h3><a href=\"https:\/\/wa.me\/8617776015835\" target=\"_blank\" rel=\"noopener\"><span style=\"color: #ff0000\"><strong>WhatsApp: +86 17776015835<\/strong><\/span><\/a><\/h3>\n<p>&nbsp;<\/p>\n<h3><strong style=\"font-size: 1.7em\">Klju\u010dne lastnosti izdelka Vapsolo DG 18000 Puffs<\/strong><\/h3>\n<p>\u2611 Nikotin: 2% 5%<br \/>\n\u2611 Pametni na\u010din: 18000 Vdihov<br \/>\nNa\u010din Boost: 9000 Vdihov<br \/>\n\u2611 Kapaciteta: 28 ml<br \/>\n\u2611 650mah mo\u017enost ponovnega polnjenja<br \/>\n\u2611 0,90 \u03a9 mre\u017easta tuljava<br \/>\n\u2611 Nastavljiv pretok zraka<br \/>\n\u2611 Pametni zaslon: kapaciteta baterije\/kapaciteta e-teko\u010dine<br \/>\n\u2611 Na voljo 10 okusov<\/p>\n<p>&nbsp;<\/p>\n<figure id=\"attachment_3007\" aria-describedby=\"caption-attachment-3007\" style=\"width: 300px\" class=\"wp-caption alignnone\"><img loading=\"lazy\" decoding=\"async\" class=\"size-medium wp-image-3007\" src=\"https:\/\/rmvapesale.com\/wp-content\/uploads\/2025\/01\/Vapsolo-DG-18000-Puffs-Disposable-Vape-Bulk-Buy-300x300.webp\" alt=\"Vapsolo DG 18000 Vpihov Vape za enkratno uporabo - nakup v razsutem stanju\" width=\"300\" height=\"300\" srcset=\"https:\/\/rmvapesale.com\/wp-content\/uploads\/2025\/01\/Vapsolo-DG-18000-Puffs-Disposable-Vape-Bulk-Buy-300x300.webp 300w, https:\/\/rmvapesale.com\/wp-content\/uploads\/2025\/01\/Vapsolo-DG-18000-Puffs-Disposable-Vape-Bulk-Buy-150x150.webp 150w, https:\/\/rmvapesale.com\/wp-content\/uploads\/2025\/01\/Vapsolo-DG-18000-Puffs-Disposable-Vape-Bulk-Buy-768x768.webp 768w, https:\/\/rmvapesale.com\/wp-content\/uploads\/2025\/01\/Vapsolo-DG-18000-Puffs-Disposable-Vape-Bulk-Buy-600x600.webp 600w, https:\/\/rmvapesale.com\/wp-content\/uploads\/2025\/01\/Vapsolo-DG-18000-Puffs-Disposable-Vape-Bulk-Buy-100x100.webp 100w, https:\/\/rmvapesale.com\/wp-content\/uploads\/2025\/01\/Vapsolo-DG-18000-Puffs-Disposable-Vape-Bulk-Buy.webp 1000w\" sizes=\"auto, (max-width: 300px) 100vw, 300px\" \/><figcaption id=\"caption-attachment-3007\" class=\"wp-caption-text\">Vapsolo DG 18000 Vpihov Vape za enkratno uporabo - nakup v razsutem stanju<\/figcaption><\/figure>\n<h3><strong style=\"font-size: 1.7em\">Najbolje prodajani okusi za Vapsolo DG 18000 Vpihov<\/strong><strong style=\"font-size: 1.7em\">\u00a0Vape<\/strong><\/h3>\n<p>1. Breskev Mango Ananas <span style=\"color: #ff0000\"><strong>&gt;&gt;&gt; Vro\u010de!<\/strong><\/span><br \/>\n2. Pasijonka Kivi Led<br \/>\n3. Borovnica \u010ce\u0161nja Brusnica <span style=\"color: #ff0000\"><strong>&gt;&gt;&gt; Vro\u010de!<\/strong><\/span><br \/>\n4. Lubenica Led<br \/>\n5. Jagoda Kiwi<br \/>\n6. Limona Limeta<br \/>\n7. Jagoda Banana<br \/>\n8. Red Bull<br \/>\n9. Me\u0161ano jagodi\u010devje <span style=\"color: #ff0000\"><strong>&gt;&gt;&gt; Najbolj\u0161e!<\/strong><\/span><br \/>\n10. Prime Jagoda Lubenica<\/p>\n<p>&nbsp;<\/p>\n<h3><strong>Zakaj izbrati Rmvapesale za Vapsolo DG 18000 Vpihov <\/strong><strong>V<\/strong><strong>Veleprodaja vejpanja<\/strong><strong>?<\/strong><\/h3>\n<div class=\"flex-shrink-0 flex flex-col relative items-end\">\n<div class=\"pt-0\">\n<div class=\"gizmo-bot-avatar flex h-8 w-8 items-center justify-center overflow-hidden rounded-full\">\n<p>Ker se konkurenca na trgu e-cigaret za enkratno uporabo pove\u010duje, je Rmvapesale, vodilni svetovni ponudnik veleprodajnih re\u0161itev za vape za enkratno uporabo, lansiral Vapsolo DG 18000 Puffs Disposable Vape. Ta pionirski izdelek pritegne pozornost s svojo edinstveno estetiko in modnim dizajnom. S \u0161iroko paleto sadnih okusov zadovoljuje \u0161irok spekter okusov potro\u0161nikov, hkrati pa poudarja inovativnost in vsestranskost.<\/p>\n<p class=\"relative p-1 rounded-sm flex items-center justify-center bg-token-main-surface-primary text-token-text-primary h-8 w-8\">Rmvapesale je va\u0161a zaupanja vredna trgovina z vape za vrhunske vape za enkratno uporabo. Z ve\u010d kot 5 leti izku\u0161enj vam ponujamo priljubljene blagovne znamke vape za enkratno uporabo, kot so Al Fakher, JNR Vape, Vapsolo Vape, Vapme Vape, <a href=\"https:\/\/rmvapesale.com\/sl\/product-category\/bang-vapes\/\">Bang Vape<\/a>, Waspe Vape, WGA Vape in<a href=\"https:\/\/rmvapesale.com\/sl\/product-category\/randm-fumot-vape\/\"> RandM Vape<\/a>. Na\u0161a ponudba vklju\u010duje vro\u010de vape za enkratno uporabo, kot je <a href=\"https:\/\/rmvapesale.com\/sl\/product\/waspe-crystal-40000-puffs-double-flavor-led-display-disposable-vape-bulk-buy\/\">WASPE Crystal 40000 Vpihov<\/a> in okusne izbire, kot je<a href=\"https:\/\/rmvapesale.com\/sl\/product\/aivono-fatman-15000-puffs-vape-disposable-e-cigarettes-mtl\/\"> AIVONO Shisha Hoohak 15000<\/a>Vsak izdelek je izbran s poudarkom na kakovosti, vrednosti in raznolikosti, kar vam zagotavlja, da boste na\u0161li popolno ujemanje za svoje potrebe. Odkrijte izjemno storitev in \u0161iroko paleto vrhunskih izdelkov pri Rmvapesale.<\/p>\n<p>&nbsp;<\/p>\n<p class=\"relative p-1 rounded-sm flex items-center justify-center bg-token-main-surface-primary text-token-text-primary h-8 w-8\"><b style=\"font-size: 1.5em;font-style: inherit\">Pogosta vpra\u0161anja o Vapsolo DG 18k Vpihih <\/b><b style=\"font-size: 1.5em;font-style: inherit\">Vape za enkratno uporabo, ki ga je mogo\u010de polniti<\/b><\/p>\n<ol>\n<li><strong>Kje lahko kupim Vapsolo DG 18000 Puffs Disposable Vape po veleprodajnih cenah?<\/strong>\n<ul>\n<li>Kupite ga lahko po veleprodajnih cenah pri <a href=\"https:\/\/rmvapesale.com\/sl\/\" target=\"_new\" rel=\"noopener\">Rmvapesale<\/a>, ki ponuja koli\u010dinske popuste in po\u0161iljanje po vsem svetu.<\/li>\n<\/ul>\n<\/li>\n<li><strong>Kako pomaga pametni zaslon?<\/strong>\n<ul>\n<li>Zaslon prikazuje odstotek baterije v realnem \u010dasu in \u0161tevilo vpihov, tako da ste ves \u010das obve\u0161\u010deni.<\/li>\n<\/ul>\n<\/li>\n<li><strong>Ali lahko prilagodim pretok zraka na Vapsolo 18000 Vpihov?<\/strong>\n<ul>\n<li>Da, nastavljiv pretok zraka vam omogo\u010da, da prilagodite svojo izku\u0161njo vapinga od tesnih do gladkih potegov.<\/li>\n<\/ul>\n<\/li>\n<li><strong>Katere ravni nikotina so na voljo?<\/strong>\n<ul>\n<li>Ta naprava je na voljo z jakostjo nikotina 2% in 5%, da ustreza razli\u010dnim \u017eeljam.<\/li>\n<\/ul>\n<\/li>\n<li><strong>Kako dolgo zdr\u017ei baterija 650 mAh?<\/strong>\n<ul>\n<li>Baterija za ponovno polnjenje ponuja dolge \u010dase uporabe in jo je mogo\u010de hitro napolniti prek Type-C za podalj\u0161ane seje vapinga.<\/li>\n<\/ul>\n<\/li>\n<\/ol>\n<\/div>\n<\/div>\n<\/div>\n<h2>Kako naro\u010diti?<\/h2>\n<div class=\"flex-shrink-0 flex flex-col relative items-end\">\n<div class=\"pt-0\">\n<div class=\"gizmo-bot-avatar flex h-8 w-8 items-center justify-center overflow-hidden rounded-full\">\n<div>\n<p><strong>1. Katere na\u010dine pla\u010dila sprejemate?<\/strong><br \/>\n<span class=\"selectable-text copyable-text false\">Za pla\u010dilo ponujamo ban\u010dno nakazilo in Western Union. Ve\u010dina na\u0161ih strank iz Evrope izbere ban\u010dno nakazilo, imamo lokalni ban\u010dni ra\u010dun, na katerega lahko pla\u010date na na\u0161 IBAN ra\u010dun brez stro\u0161kov obdelave. <\/span>.<\/p>\n<p><strong>2. Kako lahko sledim svojemu naro\u010dilu?<\/strong><br \/>\nKo je paket odposlan, <span class=\"selectable-text copyable-text false\">vam bomo ponudili \u0161tevilko za sledenje za referenco, prav tako bomo posodabljali status, dokler ne prejmete tovora<\/span>.<\/p>\n<p><strong>3. Koliko \u010dasa traja, da prispe?<\/strong><\/p>\n<ul>\n<li>Po\u0161iljanje iz <strong>skladi\u0161\u010d na Kitajskem<\/strong> traja pribli\u017eno <strong>7-14 delovnih dni<\/strong>.<\/li>\n<li>Po\u0161iljanje iz <strong>Evropska skladi\u0161\u010da<\/strong> obi\u010dajno traja <strong>3-6 delovnih dni<\/strong>.<\/li>\n<\/ul>\n<p><strong>4. Kako lahko dobim hitrej\u0161o dostavo?<\/strong><br \/>\nZa hitrej\u0161o dostavo priporo\u010damo naro\u010dilo iz na\u0161ega <strong>Evropskega skladi\u0161\u010da<\/strong>, ki ponuja hitrej\u0161e dobavne roke.<\/p>\n<p><strong>5. Kaj \u010de prejmem po\u0161kodovan ali pokvarjen izdelek?<\/strong><br \/>\n\u010ce je va\u0161 izdelek po\u0161kodovan ali pokvarjen, se obrnite na slu\u017ebo za pomo\u010d uporabnikom za <strong>zamenjavo ali povra\u010dilo kupnine<\/strong>.<\/p>\n<p><strong>6. Kako lahko stopim v stik s slu\u017ebo za pomo\u010d uporabnikom?<\/strong><br \/>\nLahko nas dose\u017eete preko<strong>\u00a0WhatsApp-a ali klepeta v \u017eivo<\/strong> na na\u0161i spletni strani za pomo\u010d.<\/p>\n<\/div>\n<div class=\"relative p-1 rounded-sm flex items-center justify-center bg-token-main-surface-primary text-token-text-primary h-8 w-8\"><strong>7. Katere na\u010dine po\u0161iljanja uporabljate?<\/strong><\/div>\n<\/div>\n<\/div>\n<\/div>\n<div class=\"group\/conversation-turn relative flex w-full min-w-0 flex-col agent-turn\">\n<div class=\"flex-col gap-1 md:gap-3\">\n<div class=\"flex max-w-full flex-col flex-grow\">\n<div class=\"min-h-[20px] text-message flex w-full flex-col items-end gap-2 whitespace-normal break-words [.text-message+&amp;]:mt-5 overflow-x-auto\" dir=\"auto\" data-message-author-role=\"assistant\" data-message-id=\"22f8283b-3233-46ff-89a5-c7a41b33abda\">\n<div class=\"flex w-full flex-col gap-1 empty:hidden first:pt-[3px]\">\n<div class=\"markdown prose w-full break-words dark:prose-invert light\">\n<p>Sodelujemo z UPS, DHL, FedEx, DPD in drugimi vodilnimi prevozniki. Izbrali bomo najbolj\u0161i na\u010din po\u0161iljanja glede na va\u0161o lokacijo dostave, da zagotovimo, da boste izdelke prejeli \u010dim hitreje.<\/p>\n<\/div>\n<\/div>\n<\/div>\n<\/div>\n<\/div>\n<\/div>\n<p>Poi\u0161\u010di ve\u010d izdelkov Vape, ki so ti morda v\u0161e\u010d:<strong><em><a href=\"https:\/\/rmvapesale.com\/sl\/shop-2\/\">nakupuj zdaj &gt;&gt;&gt;<\/a><\/em><\/strong><\/p>","protected":false},"excerpt":{"rendered":"<p>Vapsolo DG 18000 Vpihov Dvojni Okus Polnilna Vape za Enkratno Uporabo<br \/>\nVapsolo DG 18k Vpihov Vro\u010da Prodaja Vape za Enkratno Uporabo Nakup v Razsutem Stanju<br \/>\nVapsolo DG 18000 Vpihov LED Zaslon Pametni Zaslon Veleprodaja za Enkratno Uporabo<\/p>\n<p><strong>Kontaktirajte Amy, da dobite pravi odgovor in kupon za vape!<\/strong><\/p>\n<p><img loading=\"lazy\" decoding=\"async\" class=\"size-full wp-image-2375\" src=\"https:\/\/rmvapesale.com\/wp-content\/uploads\/2024\/10\/image.png\" alt=\"Najbolj\u0161i Vape za enkratno uporabo\" width=\"229\" height=\"300\" \/><\/p>\n<h3><a href=\"https:\/\/wa.me\/8617776015835\"><span style=\"color: #ff0000\"><strong>WhatsApp: +86 17776015835<\/strong><\/span><\/a><\/h3>\n<p>&nbsp;<\/p>","protected":false},"featured_media":3006,"comment_status":"open","ping_status":"closed","template":"","meta":{"_uag_custom_page_level_css":"","_lmt_disableupdate":"no","_lmt_disable":"","site-sidebar-layout":"default","site-content-layout":"content-boxed-container","ast-site-content-layout":"normal-width-container","site-content-style":"boxed","site-sidebar-style":"unboxed","ast-global-header-display":"","ast-banner-title-visibility":"","ast-main-header-display":"","ast-hfb-above-header-display":"","ast-hfb-below-header-display":"","ast-hfb-mobile-header-display":"","site-post-title":"","ast-breadcrumbs-content":"","ast-featured-img":"","footer-sml-layout":"","theme-transparent-header-meta":"default","adv-header-id-meta":"","stick-header-meta":"","header-above-stick-meta":"","header-main-stick-meta":"","header-below-stick-meta":"","astra-migrate-meta-layouts":"set","ast-page-background-enabled":"default","ast-page-background-meta":{"desktop":{"background-color":"var(--ast-global-color-4)","background-image":"","background-repeat":"repeat","background-position":"center center","background-size":"auto","background-attachment":"scroll","background-type":"","background-media":"","overlay-type":"","overlay-color":"","overlay-opacity":"","overlay-gradient":""},"tablet":{"background-color":"","background-image":"","background-repeat":"repeat","background-position":"center center","background-size":"auto","background-attachment":"scroll","background-type":"","background-media":"","overlay-type":"","overlay-color":"","overlay-opacity":"","overlay-gradient":""},"mobile":{"background-color":"","background-image":"","background-repeat":"repeat","background-position":"center center","background-size":"auto","background-attachment":"scroll","background-type":"","background-media":"","overlay-type":"","overlay-color":"","overlay-opacity":"","overlay-gradient":""}},"ast-content-background-meta":{"desktop":{"background-color":"var(--ast-global-color-5)","background-image":"","background-repeat":"repeat","background-position":"center center","background-size":"auto","background-attachment":"scroll","background-type":"","background-media":"","overlay-type":"","overlay-color":"","overlay-opacity":"","overlay-gradient":""},"tablet":{"background-color":"var(--ast-global-color-5)","background-image":"","background-repeat":"repeat","background-position":"center center","background-size":"auto","background-attachment":"scroll","background-type":"","background-media":"","overlay-type":"","overlay-color":"","overlay-opacity":"","overlay-gradient":""},"mobile":{"background-color":"var(--ast-global-color-5)","background-image":"","background-repeat":"repeat","background-position":"center center","background-size":"auto","background-attachment":"scroll","background-type":"","background-media":"","overlay-type":"","overlay-color":"","overlay-opacity":"","overlay-gradient":""}},"_joinchat":[]},"product_brand":[],"product_cat":[15,289,290,291,292,298,293,295,299,275,25,123,26,28,135,27,137,136,30],"product_tag":[146,222,64,40,111,302,301],"class_list":{"0":"post-3011","1":"product","2":"type-product","3":"status-publish","4":"has-post-thumbnail","6":"product_cat-new-vape-this-week","7":"product_cat-big-puffs-disposable-vapes","8":"product_cat-crystal-disposable-vapes","9":"product_cat-dual-mesh-disposable-vapes","10":"product_cat-digital-disposable-vapes","11":"product_cat-double-flavor-disposable-vapes","12":"product_cat-low-nicotine-disposable-vapes","13":"product_cat-rechargeable-disposable-vapes","14":"product_cat-smart-screen-disposable-vapes","15":"product_cat-vapsolo-vape","16":"product_cat-germany-best-selling-vape","17":"product_cat-italy-wholesale-vape","18":"product_cat-netherlands-hot-sale-vape","19":"product_cat-poland-hot-sale-vape","20":"product_cat-spain-best-hot-sale-vape","21":"product_cat-fance-hot-sale-vape","22":"product_cat-rechargeable-vapes","23":"product_cat-smart-screen-vapes","24":"product_cat-minimum-order-quantity-50pcs","25":"product_tag-best-hot-sale-vape","26":"product_tag-double-flavor-vape","27":"product_tag-dual-flavour-vape","28":"product_tag-hot-sale-vape","29":"product_tag-low-nicotine-disposable-vape","30":"product_tag-vapsolo-dg-18000","31":"product_tag-vapsolo-vape","32":"desktop-align-left","33":"tablet-align-left","34":"mobile-align-left","36":"first","37":"instock","38":"sale","39":"shipping-taxable","40":"purchasable","41":"product-type-simple"},"uagb_featured_image_src":{"full":["https:\/\/rmvapesale.com\/wp-content\/uploads\/2025\/01\/Vapsolo-DG-18000-Puff-Disposable-Vape-Cheap-Price.webp",1000,1000,false],"thumbnail":["https:\/\/rmvapesale.com\/wp-content\/uploads\/2025\/01\/Vapsolo-DG-18000-Puff-Disposable-Vape-Cheap-Price-150x150.webp",150,150,true],"medium":["https:\/\/rmvapesale.com\/wp-content\/uploads\/2025\/01\/Vapsolo-DG-18000-Puff-Disposable-Vape-Cheap-Price-300x300.webp",300,300,true],"medium_large":["https:\/\/rmvapesale.com\/wp-content\/uploads\/2025\/01\/Vapsolo-DG-18000-Puff-Disposable-Vape-Cheap-Price-768x768.webp",768,768,true],"large":["https:\/\/rmvapesale.com\/wp-content\/uploads\/2025\/01\/Vapsolo-DG-18000-Puff-Disposable-Vape-Cheap-Price.webp",1000,1000,false],"1536x1536":["https:\/\/rmvapesale.com\/wp-content\/uploads\/2025\/01\/Vapsolo-DG-18000-Puff-Disposable-Vape-Cheap-Price.webp",1000,1000,false],"2048x2048":["https:\/\/rmvapesale.com\/wp-content\/uploads\/2025\/01\/Vapsolo-DG-18000-Puff-Disposable-Vape-Cheap-Price.webp",1000,1000,false],"trp-custom-language-flag":["https:\/\/rmvapesale.com\/wp-content\/uploads\/2025\/01\/Vapsolo-DG-18000-Puff-Disposable-Vape-Cheap-Price.webp",12,12,false],"woocommerce_thumbnail":["https:\/\/rmvapesale.com\/wp-content\/uploads\/2025\/01\/Vapsolo-DG-18000-Puff-Disposable-Vape-Cheap-Price-300x300.webp",300,300,true],"woocommerce_single":["https:\/\/rmvapesale.com\/wp-content\/uploads\/2025\/01\/Vapsolo-DG-18000-Puff-Disposable-Vape-Cheap-Price-600x600.webp",600,600,true],"woocommerce_gallery_thumbnail":["https:\/\/rmvapesale.com\/wp-content\/uploads\/2025\/01\/Vapsolo-DG-18000-Puff-Disposable-Vape-Cheap-Price-100x100.webp",100,100,true],"wcpr-photo-reviews":["https:\/\/rmvapesale.com\/wp-content\/uploads\/2025\/01\/Vapsolo-DG-18000-Puff-Disposable-Vape-Cheap-Price.webp",500,500,false]},"uagb_author_info":{"display_name":"AMY","author_link":"https:\/\/rmvapesale.com\/sl\/author\/"},"uagb_comment_info":0,"uagb_excerpt":"Vapsolo DG 18000 Puffs Twins Flavor Rechargeable Disposable Vape Vapsolo DG 18k Puff Hot Sale\u00a0Disposable Vape Bulk Buy Vapsolo DG 18000 Puffs LED Display\u00a0Smart Screen Wholesale Disposable Contact Amy to get right reply and vape coupon! WhatsApp: +86 17776015835 &nbsp;","_links":{"self":[{"href":"https:\/\/rmvapesale.com\/sl\/wp-json\/wp\/v2\/product\/3011","targetHints":{"allow":["GET"]}}],"collection":[{"href":"https:\/\/rmvapesale.com\/sl\/wp-json\/wp\/v2\/product"}],"about":[{"href":"https:\/\/rmvapesale.com\/sl\/wp-json\/wp\/v2\/types\/product"}],"replies":[{"embeddable":true,"href":"https:\/\/rmvapesale.com\/sl\/wp-json\/wp\/v2\/comments?post=3011"}],"wp:featuredmedia":[{"embeddable":true,"href":"https:\/\/rmvapesale.com\/sl\/wp-json\/wp\/v2\/media\/3006"}],"wp:attachment":[{"href":"https:\/\/rmvapesale.com\/sl\/wp-json\/wp\/v2\/media?parent=3011"}],"wp:term":[{"taxonomy":"product_brand","embeddable":true,"href":"https:\/\/rmvapesale.com\/sl\/wp-json\/wp\/v2\/product_brand?post=3011"},{"taxonomy":"product_cat","embeddable":true,"href":"https:\/\/rmvapesale.com\/sl\/wp-json\/wp\/v2\/product_cat?post=3011"},{"taxonomy":"product_tag","embeddable":true,"href":"https:\/\/rmvapesale.com\/sl\/wp-json\/wp\/v2\/product_tag?post=3011"}],"curies":[{"name":"wp","href":"https:\/\/api.w.org\/{rel}","templated":true}]}}