{"id":3014,"date":"2025-01-30T07:39:46","date_gmt":"2025-01-30T07:39:46","guid":{"rendered":"https:\/\/rmvapesale.com\/?post_type=product&#038;p=3014"},"modified":"2025-01-23T08:01:17","modified_gmt":"2025-01-23T08:01:17","slug":"bang-box-30000-30k-puffs-double-taste-rechargeable-disposable-vape-0-2-5-nicotine-led-display-factory-price","status":"publish","type":"product","link":"https:\/\/rmvapesale.com\/sl\/product\/bang-box-30000-30k-puffs-double-taste-rechargeable-disposable-vape-0-2-5-nicotine-led-display-factory-price\/","title":{"rendered":"Bang Box 30000 30k Vpihov Dvojni Okus Polnilna Vape za Enkratno Uporabo 0% 2% 5% Nikotin LED Zaslon Tovarni\u0161ka Cena"},"content":{"rendered":"<div class=\"B2VR9 CJHX3e\">\n<div class=\"wyccme\">\n<div class=\"flex-shrink-0 flex flex-col relative items-end\">\n<div class=\"pt-0\">\n<div class=\"gizmo-bot-avatar flex h-8 w-8 items-center justify-center overflow-hidden rounded-full\">\n<div class=\"relative p-1 rounded-sm flex items-center justify-center bg-token-main-surface-primary text-token-text-primary h-8 w-8\">\n<div class=\"flex-shrink-0 flex flex-col relative items-end\">\n<div class=\"pt-0\">\n<div class=\"gizmo-bot-avatar flex h-8 w-8 items-center justify-center overflow-hidden rounded-full\">\n<div class=\"flex-shrink-0 flex flex-col relative items-end\">\n<div class=\"pt-0\">\n<div class=\"gizmo-bot-avatar flex h-8 w-8 items-center justify-center overflow-hidden rounded-full\">\n<h1 class=\"relative p-1 rounded-sm flex items-center justify-center bg-token-main-surface-primary text-token-text-primary h-8 w-8\">Bang Box 30000 30k Vpihov Dvojni Okus Polnilna Vape za Enkratno Uporabo 0% 2% 5% Nikotin LED Zaslon Tovarni\u0161ka Cena<\/h1>\n<\/div>\n<\/div>\n<\/div>\n<\/div>\n<\/div>\n<\/div>\n<\/div>\n<\/div>\n<\/div>\n<\/div>\n<div class=\"group\/conversation-turn relative flex w-full min-w-0 flex-col agent-turn\">\n<div class=\"flex-col gap-1 md:gap-3\">\n<div class=\"flex max-w-full flex-col flex-grow\">\n<div class=\"min-h-8 text-message flex w-full flex-col items-end gap-2 whitespace-normal break-words text-start [.text-message+&amp;]:mt-5\" dir=\"auto\" data-message-author-role=\"assistant\" data-message-id=\"80ece0c4-ead1-4ed9-a9f0-ddc22582b4f4\" data-message-model-slug=\"gpt-4o\">\n<p>The <strong>Bang Box 30000 Vpihov Dvojni Okus Polnilna Vape za Enkratno Uporabo<\/strong> je najbolj\u0161a izbira za uporabnike vape, ki i\u0161\u010dejo <strong>dolgotrajno delovanje, prilagodljive funkcije in nepremagljivo veleprodajno ceno<\/strong>. Zasnovan za zagotavljanje do <strong>30.000 vpihov<\/strong>, ta <strong>polnilna vape<\/strong> zagotavlja podalj\u0161ano izku\u0161njo vapinga z inovativno <strong>Dvojni okus<\/strong> funkcijo, ki vam omogo\u010da u\u017eivanje <strong>dveh okusov v eni napravi<\/strong>.<\/p>\n<p>Predhodno napolnjen z ogromno <strong>36 ml e-teko\u010dine<\/strong>, Bang 30K zagotavlja neprekinjeno u\u017eivanje brez te\u017eav s pogostim polnjenjem. Ne glede na to, ali ste ljubitelj <strong>vape z nizko vsebnostjo nikotina<\/strong> ali imate raje mo\u010dnej\u0161i udarec, ta naprava ponuja vsestranske <strong>mo\u017enosti jakosti nikotina<\/strong>, na voljo v <strong>0%, 2%, 3% in 5%<\/strong>, ki ustreza vsem \u017eeljam.<\/p>\n<p>Opremljen z <strong>Mre\u017ena tuljava 1,0 \u03a9<\/strong>, vape zagotavlja gladko paro polnega okusa z vsakim vdihom. The <strong>nastavljiv pretok zraka<\/strong> sistem vam omogo\u010da, da prilagodite svoj poteg, in ponuja bodisi tesen, intenziven vdih ali bolj ohlapno izku\u0161njo, polno oblakov.<\/p>\n<p>Pametni <strong>LED zaslon<\/strong> vas obve\u0161\u010da o nivoju baterije in e-teko\u010dine, kar zagotavlja, da imate vedno nadzor. Z <strong>550 mAh baterijo za ponovno polnjenje<\/strong> in <strong>Type-C<\/strong>, boste u\u017eivali v hitrem in u\u010dinkovitem polnjenju, da bo va\u0161a naprava za vejpanje vedno pripravljena, kadar koli jo potrebujete.<\/p>\n<p>Popolno za <strong>kupci veleprodajnih e-cigaret za enkratno uporabo<\/strong>, je ta naprava na voljo po <strong>tovarni\u0161ki ceni<\/strong>, zaradi \u010desar je odli\u010dna izbira tako za trgovce na drobno kot za posamezne uporabnike, ki \u017eelijo <strong>kupovati v velikih koli\u010dinah<\/strong>.<\/p>\n<\/div>\n<\/div>\n<\/div>\n<\/div>\n<div class=\"flex-shrink-0 flex flex-col relative items-end\">\n<div class=\"pt-0\">\n<div class=\"gizmo-bot-avatar flex h-8 w-8 items-center justify-center overflow-hidden rounded-full\">\n<p>&nbsp;<\/p>\n<\/div>\n<\/div>\n<\/div>\n<\/div>\n<\/div>\n<p><strong>Kontaktirajte Amy, da dobite pravi odgovor in kupon za vape!<\/strong><\/p>\n<p><img loading=\"lazy\" decoding=\"async\" class=\"size-full wp-image-1978\" src=\"https:\/\/rmvapesale.com\/wp-content\/uploads\/2024\/09\/Disposable-Vape-Wholesale.jpg\" alt=\"Vape za enkratno uporabo na debelo\" width=\"229\" height=\"300\" \/><\/p>\n<h3><a href=\"https:\/\/wa.me\/8617776015835\" target=\"_blank\" rel=\"noopener\"><span style=\"color: #ff0000\"><strong>WhatsApp: +86 17776015835<\/strong><\/span><\/a><\/h3>\n<h3><\/h3>\n<h3><strong style=\"font-size: 1.7em\">Klju\u010dne zna\u010dilnosti izdelka Bang Box 30000 30k Vpihov<\/strong><\/h3>\n<ul>\n<li><strong>Kapaciteta 30.000 vpihov:<\/strong> U\u017eivajte v dolgotrajnem vejpanju brez nenehnih zamenjav.<\/li>\n<li><strong>36 ml predhodno napolnjene e-teko\u010dine:<\/strong> Velika kapaciteta za nemoteno izku\u0161njo vejpanja.<\/li>\n<li><strong>Funkcija dvojnega okusa:<\/strong> Preklapljajte med dvema razli\u010dnima okusoma za raznolikost v vsakem vpihu.<\/li>\n<li><strong>Mo\u017enosti nikotina:<\/strong> Na voljo v jakostih 0%, 2%, 3% in 5%, da ustrezajo razli\u010dnim \u017eeljam.<\/li>\n<li><strong>Baterija za ponovno polnjenje:<\/strong> 550 mAh baterija s hitrim polnjenjem Type-C za udobje.<\/li>\n<li><strong>Pametni LED zaslon:<\/strong> Enostavno spremljajte \u017eivljenjsko dobo baterije in nivo e-teko\u010dine.<\/li>\n<li><strong>Nastavljiv pretok zraka:<\/strong> Prilagodite svoj vdih z razli\u010dnimi nastavitvami pretoka zraka<\/li>\n<\/ul>\n<p><img loading=\"lazy\" decoding=\"async\" class=\"wp-image-2984 size-full\" src=\"https:\/\/rmvapesale.com\/wp-content\/uploads\/2025\/01\/Bang-Box-30000-Puffs-Disposable-Vape-Bulk-Buy.webp\" alt=\"Nakup Bang Box 30000 Vpihov Vape za enkratno uporabo na debelo\" width=\"1000\" height=\"1000\" srcset=\"https:\/\/rmvapesale.com\/wp-content\/uploads\/2025\/01\/Bang-Box-30000-Puffs-Disposable-Vape-Bulk-Buy.webp 1000w, https:\/\/rmvapesale.com\/wp-content\/uploads\/2025\/01\/Bang-Box-30000-Puffs-Disposable-Vape-Bulk-Buy-300x300.webp 300w, https:\/\/rmvapesale.com\/wp-content\/uploads\/2025\/01\/Bang-Box-30000-Puffs-Disposable-Vape-Bulk-Buy-150x150.webp 150w, https:\/\/rmvapesale.com\/wp-content\/uploads\/2025\/01\/Bang-Box-30000-Puffs-Disposable-Vape-Bulk-Buy-768x768.webp 768w, https:\/\/rmvapesale.com\/wp-content\/uploads\/2025\/01\/Bang-Box-30000-Puffs-Disposable-Vape-Bulk-Buy-600x600.webp 600w, https:\/\/rmvapesale.com\/wp-content\/uploads\/2025\/01\/Bang-Box-30000-Puffs-Disposable-Vape-Bulk-Buy-100x100.webp 100w\" sizes=\"auto, (max-width: 1000px) 100vw, 1000px\" \/><\/p>\n<h3><strong style=\"font-size: 1.7em\">Najbolje prodajani okusi za Bang Box 30000 30k Vpihov<\/strong><strong style=\"font-size: 1.7em\">\u00a0Vape<\/strong><\/h3>\n<p>1. Jagoda kivi\/lubenica led<br \/>\n2. Jagoda kivi\/jagoda lubenica <span style=\"color: #ff0000\"><strong>&gt;&gt;&gt;&gt; Vro\u010de!<\/strong><\/span><br \/>\n3. Sok breskve\/Led z okusom borovnice<br \/>\n4. Led z okusom borovnice\/Kivi, pasijonka, guava<br \/>\n5. Led z okusom kisle maline in borovnice\/Me\u0161ano sadje <span style=\"color: #ff0000\"><strong>&gt;&gt;&gt;&gt; Vro\u010de!<\/strong><\/span><br \/>\n6. Led s trojnimi jagodami\/Mango z jagodo<br \/>\n7. \u017dve\u010dilni gumi z okusom lubenice\/Lubenica z jagodo<br \/>\n8. Led z okusom borovnice\/Led z okusom lubenice<br \/>\n9. Lubenica z jagodo\/Kivi, pasijonka, guava<br \/>\n10. Led s \u010drnim zmajem\/Mango, breskev, lubenica<br \/>\n11. Led z modro malino\/Dvojno grozdje<br \/>\n12. Modri ledeni maline\/Jagodni mango <span style=\"color: #ff0000\"><strong>&gt;&gt;&gt;&gt; Najbolj\u0161e!<\/strong><\/span><\/p>\n<h3><strong>Zakaj izbrati Rmvapesale za Bang Box 30k Vpihov <\/strong><strong>V<\/strong><strong>Veleprodaja vejpanja<\/strong><strong>?<\/strong><\/h3>\n<div class=\"flex-shrink-0 flex flex-col relative items-end\">\n<div class=\"pt-0\">\n<div class=\"gizmo-bot-avatar flex h-8 w-8 items-center justify-center overflow-hidden rounded-full\">\n<p>Ker se konkurenca na trgu e-cigaret za enkratno uporabo pove\u010duje, je Rmvapesale, vodilni svetovni ponudnik veleprodajnih re\u0161itev za vape za enkratno uporabo, lansiral Vapsolo DG 18000 Puffs Disposable Vape. Ta pionirski izdelek pritegne pozornost s svojo edinstveno estetiko in modnim dizajnom. S \u0161iroko paleto sadnih okusov zadovoljuje \u0161irok spekter okusov potro\u0161nikov, hkrati pa poudarja inovativnost in vsestranskost.<\/p>\n<p class=\"relative p-1 rounded-sm flex items-center justify-center bg-token-main-surface-primary text-token-text-primary h-8 w-8\">Rmvapesale je va\u0161a zaupanja vredna trgovina z vape za vrhunske vape za enkratno uporabo. Z ve\u010d kot 5 leti izku\u0161enj vam ponujamo priljubljene blagovne znamke vape za enkratno uporabo, kot so Al Fakher, JNR Vape, Vapsolo Vape, Vapme Vape, <a href=\"https:\/\/rmvapesale.com\/sl\/product-category\/bang-vapes\/\">Bang Vape<\/a>, Waspe Vape, WGA Vape in<a href=\"https:\/\/rmvapesale.com\/sl\/product-category\/randm-fumot-vape\/\"> RandM Vape<\/a>. Na\u0161a ponudba vklju\u010duje vro\u010de vape za enkratno uporabo, kot je <a href=\"https:\/\/rmvapesale.com\/sl\/product\/vopk-tornado-15000-puffs-disposable-vape-led-display\/\">VOPK Tornado 15000 Puffs<\/a> in okusne izbire, kot je<a href=\"https:\/\/rmvapesale.com\/sl\/product\/waspe-15000-puffs-digital-box-original-wholesale\/\"> WASPE 15000 VPIHOV<\/a>Vsak izdelek je izbran s poudarkom na kakovosti, vrednosti in raznolikosti, kar vam zagotavlja, da boste na\u0161li popolno ujemanje za svoje potrebe. Odkrijte izjemno storitev in \u0161iroko paleto vrhunskih izdelkov pri Rmvapesale.<\/p>\n<p class=\"relative p-1 rounded-sm flex items-center justify-center bg-token-main-surface-primary text-token-text-primary h-8 w-8\"><b style=\"font-size: 1.5em;font-style: inherit\">Pogosta vpra\u0161anja o BangBox 30000 30k Vpihih <\/b><b style=\"font-size: 1.5em;font-style: inherit\">Vape za enkratno uporabo, ki ga je mogo\u010de polniti<\/b><\/p>\n<ol>\n<li><strong>Kje lahko kupim Bang 30000 Vpihov Vape za enkratno uporabo po veleprodajnih cenah?<\/strong>\n<ul>\n<li>Kupite ga lahko po tovarni\u0161kih cenah pri <a href=\"https:\/\/rmvapesale.com\/sl\/\" target=\"_new\" rel=\"noopener\">Rmvapesale<\/a>, ki ponuja najbolj\u0161e ponudbe za trgovce na drobno in distributerje v Sloveniji.<\/li>\n<\/ul>\n<\/li>\n<li><strong>Kako deluje funkcija dvojnega okusa?<\/strong>\n<ul>\n<li>Naprava vam omogo\u010da preklapljanje med dvema okusoma, kar zagotavlja edinstveno in dinami\u010dno izku\u0161njo vapinga.<\/li>\n<\/ul>\n<\/li>\n<li><strong>Katere ravni nikotina so na voljo v tem vapeu za enkratno uporabo?<\/strong>\n<ul>\n<li>Bang 30K je na voljo v jakostih nikotina 0%, 2%, 3% in 5%, kar ustreza razli\u010dnim \u017eeljam pri vapingu.<\/li>\n<\/ul>\n<\/li>\n<li><strong>Ali je Bang 30000 Vpihov vape mogo\u010de ponovno napolniti?<\/strong>\n<ul>\n<li>Da, ima 550 mAh baterijo za ponovno polnjenje s priklju\u010dkom za polnjenje Type-C za hitro in u\u010dinkovito polnjenje.<\/li>\n<\/ul>\n<\/li>\n<li><strong>Ali ima naprava funkcijo nastavitve pretoka zraka?<\/strong>\n<ul>\n<li>Da, nastavljiv nadzor pretoka zraka vam omogo\u010da, da prilagodite svoj slog vapinga od tesnih potegov do zra\u010dnih oblakov.<\/li>\n<\/ul>\n<\/li>\n<\/ol>\n<\/div>\n<\/div>\n<\/div>\n<h2>Kako naro\u010diti?<\/h2>\n<div class=\"flex-shrink-0 flex flex-col relative items-end\">\n<div class=\"pt-0\">\n<div class=\"gizmo-bot-avatar flex h-8 w-8 items-center justify-center overflow-hidden rounded-full\">\n<div>\n<p><strong>1. Katere na\u010dine pla\u010dila sprejemate?<\/strong><br \/>\n<span class=\"selectable-text copyable-text false\">Za pla\u010dilo ponujamo ban\u010dno nakazilo in Western Union. Ve\u010dina na\u0161ih strank iz Evrope izbere ban\u010dno nakazilo, imamo lokalni ban\u010dni ra\u010dun, na katerega lahko pla\u010date na na\u0161 IBAN ra\u010dun brez stro\u0161kov obdelave. <\/span>.<\/p>\n<p><strong>2. Kako lahko sledim svojemu naro\u010dilu?<\/strong><br \/>\nKo je paket odposlan, <span class=\"selectable-text copyable-text false\">vam bomo ponudili \u0161tevilko za sledenje za referenco, prav tako bomo posodabljali status, dokler ne prejmete tovora<\/span>.<\/p>\n<p><strong>3. Koliko \u010dasa traja, da prispe?<\/strong><\/p>\n<ul>\n<li>Po\u0161iljanje iz <strong>skladi\u0161\u010d na Kitajskem<\/strong> traja pribli\u017eno <strong>7-14 delovnih dni<\/strong>.<\/li>\n<li>Po\u0161iljanje iz <strong>Evropska skladi\u0161\u010da<\/strong> obi\u010dajno traja <strong>3-6 delovnih dni<\/strong>.<\/li>\n<\/ul>\n<p><strong>4. Kako lahko dobim hitrej\u0161o dostavo?<\/strong><br \/>\nZa hitrej\u0161o dostavo priporo\u010damo naro\u010dilo iz na\u0161ega <strong>Evropskega skladi\u0161\u010da<\/strong>, ki ponuja hitrej\u0161e dobavne roke.<\/p>\n<p><strong>5. Kaj \u010de prejmem po\u0161kodovan ali pokvarjen izdelek?<\/strong><br \/>\n\u010ce je va\u0161 izdelek po\u0161kodovan ali pokvarjen, se obrnite na slu\u017ebo za pomo\u010d uporabnikom za <strong>zamenjavo ali povra\u010dilo kupnine<\/strong>.<\/p>\n<p><strong>6. Kako lahko stopim v stik s slu\u017ebo za pomo\u010d uporabnikom?<\/strong><br \/>\nLahko nas dose\u017eete preko<strong>\u00a0WhatsApp-a ali klepeta v \u017eivo<\/strong> na na\u0161i spletni strani za pomo\u010d.<\/p>\n<\/div>\n<div class=\"relative p-1 rounded-sm flex items-center justify-center bg-token-main-surface-primary text-token-text-primary h-8 w-8\"><strong>7. Katere na\u010dine po\u0161iljanja uporabljate?<\/strong><\/div>\n<\/div>\n<\/div>\n<\/div>\n<div class=\"group\/conversation-turn relative flex w-full min-w-0 flex-col agent-turn\">\n<div class=\"flex-col gap-1 md:gap-3\">\n<div class=\"flex max-w-full flex-col flex-grow\">\n<div class=\"min-h-[20px] text-message flex w-full flex-col items-end gap-2 whitespace-normal break-words [.text-message+&amp;]:mt-5 overflow-x-auto\" dir=\"auto\" data-message-author-role=\"assistant\" data-message-id=\"22f8283b-3233-46ff-89a5-c7a41b33abda\">\n<div class=\"flex w-full flex-col gap-1 empty:hidden first:pt-[3px]\">\n<div class=\"markdown prose w-full break-words dark:prose-invert light\">\n<p>Sodelujemo z UPS, DHL, FedEx, DPD in drugimi vodilnimi prevozniki. Izbrali bomo najbolj\u0161i na\u010din po\u0161iljanja glede na va\u0161o lokacijo dostave, da zagotovimo, da boste izdelke prejeli \u010dim hitreje.<\/p>\n<\/div>\n<\/div>\n<\/div>\n<\/div>\n<\/div>\n<\/div>\n<p>Poi\u0161\u010di ve\u010d izdelkov Vape, ki so ti morda v\u0161e\u010d:<strong><em><a href=\"https:\/\/rmvapesale.com\/sl\/shop-2\/\">nakupuj zdaj &gt;&gt;&gt;<\/a><\/em><\/strong><\/p>","protected":false},"excerpt":{"rendered":"<p>Bang Box 30000 30k vdihov, ponovno polnjenje, elektronska cigareta za enkratno uporabo, poceni cena<br \/>\nBang Box 30000 30k vdihov, vro\u010da razprodaja, elektronska cigareta za enkratno uporabo, mno\u017ei\u010dni nakup<br \/>\nBangBox 30000 vdihov, LED zaslon, pametni zaslon, elektronska cigareta za enkratno uporabo, veleprodaja<\/p>\n<p><strong>Kontaktirajte Amy, da dobite pravi odgovor in kupon za vape!<\/strong><\/p>\n<p><img loading=\"lazy\" decoding=\"async\" class=\"size-full wp-image-2375\" src=\"https:\/\/rmvapesale.com\/wp-content\/uploads\/2024\/10\/image.png\" alt=\"Najbolj\u0161i Vape za enkratno uporabo\" width=\"229\" height=\"300\" \/><\/p>\n<h3><a href=\"https:\/\/wa.me\/8617776015835\"><span style=\"color: #ff0000\"><strong>WhatsApp: +86 17776015835<\/strong><\/span><\/a><\/h3>\n<p>&nbsp;<\/p>","protected":false},"featured_media":2983,"comment_status":"open","ping_status":"closed","template":"","meta":{"_uag_custom_page_level_css":"","_lmt_disableupdate":"no","_lmt_disable":"","site-sidebar-layout":"default","site-content-layout":"content-boxed-container","ast-site-content-layout":"normal-width-container","site-content-style":"boxed","site-sidebar-style":"unboxed","ast-global-header-display":"","ast-banner-title-visibility":"","ast-main-header-display":"","ast-hfb-above-header-display":"","ast-hfb-below-header-display":"","ast-hfb-mobile-header-display":"","site-post-title":"","ast-breadcrumbs-content":"","ast-featured-img":"","footer-sml-layout":"","ast-disable-related-posts":"","theme-transparent-header-meta":"default","adv-header-id-meta":"","stick-header-meta":"","header-above-stick-meta":"","header-main-stick-meta":"","header-below-stick-meta":"","astra-migrate-meta-layouts":"set","ast-page-background-enabled":"default","ast-page-background-meta":{"desktop":{"background-color":"var(--ast-global-color-4)","background-image":"","background-repeat":"repeat","background-position":"center center","background-size":"auto","background-attachment":"scroll","background-type":"","background-media":"","overlay-type":"","overlay-color":"","overlay-opacity":"","overlay-gradient":""},"tablet":{"background-color":"","background-image":"","background-repeat":"repeat","background-position":"center center","background-size":"auto","background-attachment":"scroll","background-type":"","background-media":"","overlay-type":"","overlay-color":"","overlay-opacity":"","overlay-gradient":""},"mobile":{"background-color":"","background-image":"","background-repeat":"repeat","background-position":"center center","background-size":"auto","background-attachment":"scroll","background-type":"","background-media":"","overlay-type":"","overlay-color":"","overlay-opacity":"","overlay-gradient":""}},"ast-content-background-meta":{"desktop":{"background-color":"var(--ast-global-color-5)","background-image":"","background-repeat":"repeat","background-position":"center center","background-size":"auto","background-attachment":"scroll","background-type":"","background-media":"","overlay-type":"","overlay-color":"","overlay-opacity":"","overlay-gradient":""},"tablet":{"background-color":"var(--ast-global-color-5)","background-image":"","background-repeat":"repeat","background-position":"center center","background-size":"auto","background-attachment":"scroll","background-type":"","background-media":"","overlay-type":"","overlay-color":"","overlay-opacity":"","overlay-gradient":""},"mobile":{"background-color":"var(--ast-global-color-5)","background-image":"","background-repeat":"repeat","background-position":"center center","background-size":"auto","background-attachment":"scroll","background-type":"","background-media":"","overlay-type":"","overlay-color":"","overlay-opacity":"","overlay-gradient":""}},"_joinchat":[]},"product_brand":[],"product_cat":[15,253,273,60,289,290,292,291,27,25,123,293,30,26,28,295,137,299,136,135],"product_tag":[307,146,222,64,40,111,306],"class_list":{"0":"post-3014","1":"product","2":"type-product","3":"status-publish","4":"has-post-thumbnail","6":"product_cat-new-vape-this-week","7":"product_cat-15000-puff-disposable-vape","8":"product_cat-bang-box-vape","9":"product_cat-bang-vapes","10":"product_cat-big-puffs-disposable-vapes","11":"product_cat-crystal-disposable-vapes","12":"product_cat-digital-disposable-vapes","13":"product_cat-dual-mesh-disposable-vapes","14":"product_cat-fance-hot-sale-vape","15":"product_cat-germany-best-selling-vape","16":"product_cat-italy-wholesale-vape","17":"product_cat-low-nicotine-disposable-vapes","18":"product_cat-minimum-order-quantity-50pcs","19":"product_cat-netherlands-hot-sale-vape","20":"product_cat-poland-hot-sale-vape","21":"product_cat-rechargeable-disposable-vapes","22":"product_cat-rechargeable-vapes","23":"product_cat-smart-screen-disposable-vapes","24":"product_cat-smart-screen-vapes","25":"product_cat-spain-best-hot-sale-vape","26":"product_tag-bang-box-30000","27":"product_tag-best-hot-sale-vape","28":"product_tag-double-flavor-vape","29":"product_tag-dual-flavour-vape","30":"product_tag-hot-sale-vape","31":"product_tag-low-nicotine-disposable-vape","32":"product_tag-puff-bar","33":"desktop-align-left","34":"tablet-align-left","35":"mobile-align-left","37":"first","38":"instock","39":"sale","40":"shipping-taxable","41":"purchasable","42":"product-type-simple"},"uagb_featured_image_src":{"full":["https:\/\/rmvapesale.com\/wp-content\/uploads\/2025\/01\/Bang-Box-30000-30k-Puffs-Double-Rechargeable-Disposable-Vape-Wholesale.webp",1000,1000,false],"thumbnail":["https:\/\/rmvapesale.com\/wp-content\/uploads\/2025\/01\/Bang-Box-30000-30k-Puffs-Double-Rechargeable-Disposable-Vape-Wholesale-150x150.webp",150,150,true],"medium":["https:\/\/rmvapesale.com\/wp-content\/uploads\/2025\/01\/Bang-Box-30000-30k-Puffs-Double-Rechargeable-Disposable-Vape-Wholesale-300x300.webp",300,300,true],"medium_large":["https:\/\/rmvapesale.com\/wp-content\/uploads\/2025\/01\/Bang-Box-30000-30k-Puffs-Double-Rechargeable-Disposable-Vape-Wholesale-768x768.webp",768,768,true],"large":["https:\/\/rmvapesale.com\/wp-content\/uploads\/2025\/01\/Bang-Box-30000-30k-Puffs-Double-Rechargeable-Disposable-Vape-Wholesale.webp",1000,1000,false],"1536x1536":["https:\/\/rmvapesale.com\/wp-content\/uploads\/2025\/01\/Bang-Box-30000-30k-Puffs-Double-Rechargeable-Disposable-Vape-Wholesale.webp",1000,1000,false],"2048x2048":["https:\/\/rmvapesale.com\/wp-content\/uploads\/2025\/01\/Bang-Box-30000-30k-Puffs-Double-Rechargeable-Disposable-Vape-Wholesale.webp",1000,1000,false],"trp-custom-language-flag":["https:\/\/rmvapesale.com\/wp-content\/uploads\/2025\/01\/Bang-Box-30000-30k-Puffs-Double-Rechargeable-Disposable-Vape-Wholesale.webp",12,12,false],"woocommerce_thumbnail":["https:\/\/rmvapesale.com\/wp-content\/uploads\/2025\/01\/Bang-Box-30000-30k-Puffs-Double-Rechargeable-Disposable-Vape-Wholesale-300x300.webp",300,300,true],"woocommerce_single":["https:\/\/rmvapesale.com\/wp-content\/uploads\/2025\/01\/Bang-Box-30000-30k-Puffs-Double-Rechargeable-Disposable-Vape-Wholesale-600x600.webp",600,600,true],"woocommerce_gallery_thumbnail":["https:\/\/rmvapesale.com\/wp-content\/uploads\/2025\/01\/Bang-Box-30000-30k-Puffs-Double-Rechargeable-Disposable-Vape-Wholesale-100x100.webp",100,100,true],"wcpr-photo-reviews":["https:\/\/rmvapesale.com\/wp-content\/uploads\/2025\/01\/Bang-Box-30000-30k-Puffs-Double-Rechargeable-Disposable-Vape-Wholesale.webp",500,500,false]},"uagb_author_info":{"display_name":"AMY","author_link":"https:\/\/rmvapesale.com\/sl\/author\/"},"uagb_comment_info":0,"uagb_excerpt":"Bang Box 30000 30k Puff\u00a0 Bar Rechargeable Disposable Vape Cheap Price Bang Box 30000 30k Puffs Hot Sale Disposable Vape Pen Bulk Buy BangBox 30000 Puffs\u00a0 LED Display Smart Screen Disposable Vape Wholesale Contact Amy to get right reply and vape coupon! WhatsApp: +86 17776015835 &nbsp;","_links":{"self":[{"href":"https:\/\/rmvapesale.com\/sl\/wp-json\/wp\/v2\/product\/3014","targetHints":{"allow":["GET"]}}],"collection":[{"href":"https:\/\/rmvapesale.com\/sl\/wp-json\/wp\/v2\/product"}],"about":[{"href":"https:\/\/rmvapesale.com\/sl\/wp-json\/wp\/v2\/types\/product"}],"replies":[{"embeddable":true,"href":"https:\/\/rmvapesale.com\/sl\/wp-json\/wp\/v2\/comments?post=3014"}],"wp:featuredmedia":[{"embeddable":true,"href":"https:\/\/rmvapesale.com\/sl\/wp-json\/wp\/v2\/media\/2983"}],"wp:attachment":[{"href":"https:\/\/rmvapesale.com\/sl\/wp-json\/wp\/v2\/media?parent=3014"}],"wp:term":[{"taxonomy":"product_brand","embeddable":true,"href":"https:\/\/rmvapesale.com\/sl\/wp-json\/wp\/v2\/product_brand?post=3014"},{"taxonomy":"product_cat","embeddable":true,"href":"https:\/\/rmvapesale.com\/sl\/wp-json\/wp\/v2\/product_cat?post=3014"},{"taxonomy":"product_tag","embeddable":true,"href":"https:\/\/rmvapesale.com\/sl\/wp-json\/wp\/v2\/product_tag?post=3014"}],"curies":[{"name":"wp","href":"https:\/\/api.w.org\/{rel}","templated":true}]}}