{"id":3015,"date":"2025-02-02T08:01:52","date_gmt":"2025-02-02T08:01:52","guid":{"rendered":"https:\/\/rmvapesale.com\/?post_type=product&#038;p=3015"},"modified":"2025-01-23T08:19:44","modified_gmt":"2025-01-23T08:19:44","slug":"smart-screen-disposable-vape-bang-king-35000-puff-35k-rechargeable-disposable-vape-0-2-5-nicotine-factory-price","status":"publish","type":"product","link":"https:\/\/rmvapesale.com\/sl\/product\/smart-screen-disposable-vape-bang-king-35000-puff-35k-rechargeable-disposable-vape-0-2-5-nicotine-factory-price\/","title":{"rendered":"Pametni zaslon za enkratno uporabo Vape Bang King 35000 Vpihov 35k Polnilna Vape za enkratno uporabo 0% 2% 5% Nikotinska tovarni\u0161ka cena"},"content":{"rendered":"<div class=\"B2VR9 CJHX3e\">\n<div class=\"wyccme\">\n<div class=\"flex-shrink-0 flex flex-col relative items-end\">\n<div class=\"pt-0\">\n<div class=\"gizmo-bot-avatar flex h-8 w-8 items-center justify-center overflow-hidden rounded-full\">\n<div class=\"relative p-1 rounded-sm flex items-center justify-center bg-token-main-surface-primary text-token-text-primary h-8 w-8\">\n<div class=\"flex-shrink-0 flex flex-col relative items-end\">\n<div class=\"pt-0\">\n<div class=\"gizmo-bot-avatar flex h-8 w-8 items-center justify-center overflow-hidden rounded-full\">\n<div class=\"flex-shrink-0 flex flex-col relative items-end\">\n<div class=\"pt-0\">\n<div class=\"gizmo-bot-avatar flex h-8 w-8 items-center justify-center overflow-hidden rounded-full\">\n<h1 class=\"relative p-1 rounded-sm flex items-center justify-center bg-token-main-surface-primary text-token-text-primary h-8 w-8\">Pametni zaslon za enkratno uporabo Vape Bang King 35000 Vpihov 35k Polnilna Vape za enkratno uporabo 0% 2% 5% Nikotinska tovarni\u0161ka cena<\/h1>\n<\/div>\n<\/div>\n<\/div>\n<\/div>\n<\/div>\n<\/div>\n<\/div>\n<\/div>\n<\/div>\n<\/div>\n<div class=\"group\/conversation-turn relative flex w-full min-w-0 flex-col agent-turn\">\n<div class=\"flex-col gap-1 md:gap-3\">\n<div class=\"flex max-w-full flex-col flex-grow\">\n<div class=\"min-h-8 text-message flex w-full flex-col items-end gap-2 whitespace-normal break-words text-start [.text-message+&amp;]:mt-5\" dir=\"auto\" data-message-author-role=\"assistant\" data-message-id=\"80ece0c4-ead1-4ed9-a9f0-ddc22582b4f4\" data-message-model-slug=\"gpt-4o\">\n<p>I\u0161\u010dete <strong>polnilno vape za enkratno uporabo z velikim \u0161tevilom vpihov<\/strong> s pametnimi funkcijami? The <strong>Bang King 35000 Vpihov Pametni zaslon Vape za enkratno uporabo<\/strong> je odli\u010dna izbira za uporabnike vape, ki zahtevajo <strong>veliko kapaciteto vpihov, nastavljiv pretok zraka in ve\u010d stopenj nikotina<\/strong>, vse po <strong>nizki veleprodajni ceni<\/strong>. Z neverjetnimi <strong>35.000 vpihov<\/strong>, ta vape zagotavlja dolgotrajno u\u017eivanje, zaradi \u010desar je eden izmed <strong>najbolj priljubljenih vape za enkratno uporabo<\/strong> na trgu.<\/p>\n<p>Predhodno napolnjen z <strong>23 ml e-teko\u010dine<\/strong>, Bang King zagotavlja okusno izku\u0161njo vapinga brez te\u017eav in brez pogostega polnjenja. Napreden <strong>0,6 \u03a9 uporovna tuljava<\/strong> zagotavlja gladko in zadovoljivo proizvodnjo pare, medtem ko inovativni <strong>pametni zaslon<\/strong> vas obve\u0161\u010da s sprotnimi posodobitvami o nivojih e-teko\u010dine in baterije.<\/p>\n<p>Zasnovan za udobje, je <strong>850mAh polnilna baterija<\/strong> podpira <strong>Hitro polnjenje Type-C<\/strong>, kar vam omogo\u010da hitro vrnitev k vejpanju. Ne glede na to, ali imate raje <strong>nizko nikotinsko vejpanje<\/strong> ali mo\u010dnej\u0161i udarec, Bang King ponuja ve\u010d jakosti nikotina, vklju\u010dno z <strong>0%, 2%, 3% in 5%<\/strong>, ki ustreza vsem \u017eeljam.<\/p>\n<p>Vsebuje <strong>nastavljiv pretok zraka<\/strong>, lahko natan\u010dno nastavite svojo izku\u0161njo vejpanja za tesnej\u0161i poteg ali bolj gladek, zra\u010den udarec. Poleg tega je na voljo <strong>12 okusnih okusov<\/strong> na izbiro, tako da se za vsak okus najde nekaj.<\/p>\n<p>Idealno za <strong>kupce na debelo in distributerje vape<\/strong>, ta naprava je na voljo po <strong>tovarni\u0161ko direktni ceni<\/strong>, zaradi \u010desar je odli\u010dna mo\u017enost za tiste, ki \u017eelijo <strong>kupiti vape za enkratno uporabo v velikih koli\u010dinah<\/strong>.<\/p>\n<\/div>\n<\/div>\n<\/div>\n<\/div>\n<div class=\"flex-shrink-0 flex flex-col relative items-end\">\n<div class=\"pt-0\">\n<div class=\"gizmo-bot-avatar flex h-8 w-8 items-center justify-center overflow-hidden rounded-full\">\n<p>&nbsp;<\/p>\n<\/div>\n<\/div>\n<\/div>\n<\/div>\n<\/div>\n<p><strong>Kontaktirajte Amy, da dobite pravi odgovor in kupon za vape!<\/strong><\/p>\n<p><img loading=\"lazy\" decoding=\"async\" class=\"size-full wp-image-1978\" src=\"https:\/\/rmvapesale.com\/wp-content\/uploads\/2024\/09\/Disposable-Vape-Wholesale.jpg\" alt=\"Vape za enkratno uporabo na debelo\" width=\"229\" height=\"300\" \/><\/p>\n<h3><a href=\"https:\/\/wa.me\/8617776015835\" target=\"_blank\" rel=\"noopener\"><span style=\"color: #ff0000\"><strong>WhatsApp: +86 17776015835<\/strong><\/span><\/a><\/h3>\n<h3><\/h3>\n<h3><strong style=\"font-size: 1.7em\">Klju\u010dne lastnosti izdelka Bang King 35000 Puff<\/strong><\/h3>\n<ul>\n<li><strong>Ogromnih 35.000 vdihov:<\/strong> U\u017eivajte v dolgotrajnem vejpanju brez pogostih zamenjav.<\/li>\n<li><strong>23 ml Kapaciteta e-teko\u010dine:<\/strong> Zagotavlja dolgotrajno u\u017eivanje brez potrebe po ponovnem polnjenju.<\/li>\n<li><strong>Pametni zaslon:<\/strong> Spremlja \u0161tevilo vdihov in nivo baterije v realnem \u010dasu.<\/li>\n<li><strong>Mo\u017enosti nikotina:<\/strong> Na voljo v 0%, 2%, 3% in 5%, da ustreza vsem uporabnikom.<\/li>\n<li><strong>Polnilna baterija 850 mAh:<\/strong> Dolgotrajna zmogljivost s hitrim polnjenjem Type-C.<\/li>\n<li><strong>Nastavljiv nadzor pretoka zraka:<\/strong> Prilagodite svoj poteg za popoln zadetek.<\/li>\n<li><strong>Za\u0161\u010dita pred suhim zgorevanjem:<\/strong> Zagotavlja gladko in dosledno izku\u0161njo vapinga.<\/li>\n<li><strong>12 mo\u017enosti okusa:<\/strong> \u0160irok izbor okusov za zadovoljitev vsakega okusa.<\/li>\n<\/ul>\n<figure id=\"attachment_2996\" aria-describedby=\"caption-attachment-2996\" style=\"width: 800px\" class=\"wp-caption alignnone\"><img loading=\"lazy\" decoding=\"async\" class=\"wp-image-2996 size-full\" src=\"https:\/\/rmvapesale.com\/wp-content\/uploads\/2025\/01\/Bang-King-Vape-35000-Puffs-Disposable-Vapes-Bulk-Buy.webp\" alt=\"Bang King Vape 35000 Vpihov Nakup Razpolo\u017eljivih Vapeov na Debelo\" width=\"800\" height=\"800\" srcset=\"https:\/\/rmvapesale.com\/wp-content\/uploads\/2025\/01\/Bang-King-Vape-35000-Puffs-Disposable-Vapes-Bulk-Buy.webp 800w, https:\/\/rmvapesale.com\/wp-content\/uploads\/2025\/01\/Bang-King-Vape-35000-Puffs-Disposable-Vapes-Bulk-Buy-300x300.webp 300w, https:\/\/rmvapesale.com\/wp-content\/uploads\/2025\/01\/Bang-King-Vape-35000-Puffs-Disposable-Vapes-Bulk-Buy-150x150.webp 150w, https:\/\/rmvapesale.com\/wp-content\/uploads\/2025\/01\/Bang-King-Vape-35000-Puffs-Disposable-Vapes-Bulk-Buy-768x768.webp 768w, https:\/\/rmvapesale.com\/wp-content\/uploads\/2025\/01\/Bang-King-Vape-35000-Puffs-Disposable-Vapes-Bulk-Buy-600x600.webp 600w, https:\/\/rmvapesale.com\/wp-content\/uploads\/2025\/01\/Bang-King-Vape-35000-Puffs-Disposable-Vapes-Bulk-Buy-100x100.webp 100w\" sizes=\"auto, (max-width: 800px) 100vw, 800px\" \/><figcaption id=\"caption-attachment-2996\" class=\"wp-caption-text\">Bang King Vape 35000 Vpihov Nakup Razpolo\u017eljivih Vapeov na Debelo<\/figcaption><\/figure>\n<h3><strong style=\"font-size: 1.7em\">Najbolj\u0161a aroma za Bang King 35000 Vpihov<\/strong><strong style=\"font-size: 1.7em\">\u00a0Vape<\/strong><\/h3>\n<p>The <strong>Bang King 35000 Vpihov Polnilni Razpolo\u017eljivi Vape<\/strong> ponuja <strong>vrhunsko izku\u0161njo vapinga<\/strong> z <strong>pametno tehnologijo<\/strong>, zaradi \u010desar je prva izbira za osebno uporabo in veleprodajno distribucijo. Naro\u010dite zdaj in u\u017eivajte v vrhunskem razpolo\u017eljivem vapingu!<\/p>\n<ol>\n<li>Jagoda Mango<\/li>\n<li>Love66<\/li>\n<li>Blue Razz Ice<\/li>\n<li>Jagoda Lubenica<\/li>\n<li>Limona Meta<\/li>\n<li>Dvojno Jabolko<\/li>\n<li>Energijska Pija\u010da<\/li>\n<li>Ledena Breskev<\/li>\n<li>Jagoda Kivi<\/li>\n<li>Grape Ice<\/li>\n<li>Ledene Borovnice<\/li>\n<li>Lubenica<\/li>\n<\/ol>\n<h3><strong>Zakaj izbrati Rmvapesale za Bang King 35000 Vpihov\u00a0 <\/strong><strong>V<\/strong><strong>Veleprodaja vejpanja<\/strong><strong>?<\/strong><\/h3>\n<div class=\"flex-shrink-0 flex flex-col relative items-end\">\n<div class=\"pt-0\">\n<div class=\"gizmo-bot-avatar flex h-8 w-8 items-center justify-center overflow-hidden rounded-full\">\n<p>Ker se konkurenca na trgu e-cigaret za enkratno uporabo stopnjuje, je Rmvapesale, vodilni svetovni ponudnik veleprodajnih re\u0161itev za vape za enkratno uporabo, lansiral Uwin 35000 Smart Screen Disposable Vape. Ta pionirski izdelek pritegne pozornost s svojo edinstveno estetiko in modnim dizajnom. S \u0161iroko paleto sadnih okusov zadovoljuje \u0161irok spekter okusov potro\u0161nikov, hkrati pa poudarja inovativnost in vsestranskost.<\/p>\n<p class=\"relative p-1 rounded-sm flex items-center justify-center bg-token-main-surface-primary text-token-text-primary h-8 w-8\">Rmvapesale je va\u0161a zaupanja vredna trgovina z vape za vrhunske vape za enkratno uporabo. Z ve\u010d kot 5 leti izku\u0161enj vam ponujamo priljubljene blagovne znamke vape za enkratno uporabo, kot so Al Fakher, JNR Vape, Vapsolo Vape, Vapme Vape, <a href=\"https:\/\/rmvapesale.com\/sl\/product-category\/bang-vapes\/\">Bang Vape<\/a>, Waspe Vape, WGA Vape in<a href=\"https:\/\/rmvapesale.com\/sl\/product-category\/randm-fumot-vape\/\"> RandM Vape<\/a>. Na\u0161a ponudba vklju\u010duje vro\u010de vape za enkratno uporabo, kot je <a href=\"https:\/\/rmvapesale.com\/sl\/product\/vopk-tornado-15000-puffs-disposable-vape-led-display\/\">VOPK Tornado 15000 Puffs<\/a> in okusne izbire, kot je<a href=\"https:\/\/rmvapesale.com\/sl\/product\/elf-box-ls15000-puffs-shisha-hookah-disposable-vape\/\"> ELF BOX shisha Hooka 15000 VPIHOV<\/a>Vsak izdelek je izbran s poudarkom na kakovosti, vrednosti in raznolikosti, kar vam zagotavlja, da boste na\u0161li popolno ujemanje za svoje potrebe. Odkrijte izjemno storitev in \u0161iroko paleto vrhunskih izdelkov pri Rmvapesale.<\/p>\n<p class=\"relative p-1 rounded-sm flex items-center justify-center bg-token-main-surface-primary text-token-text-primary h-8 w-8\"><b style=\"font-size: 1.5em;font-style: inherit\">Pogosta vpra\u0161anja o Bang King 35000 Vpihih <\/b><b style=\"font-size: 1.5em;font-style: inherit\">Vape za enkratno uporabo, ki ga je mogo\u010de polniti<\/b><\/p>\n<ol>\n<li><strong>Kje lahko kupim Bang King 35000 Vpihov Razpolo\u017eljivi Vape po veleprodajnih cenah?<\/strong>\n<ul>\n<li>Najbolj\u0161e cene neposredno iz tovarne lahko dobite pri <a href=\"https:\/\/rmvapesale.com\/sl\/\" target=\"_new\" rel=\"noopener\">Rmvapesale<\/a>, va\u0161em zaupanja vrednem viru za veleprodajo vape za enkratno uporabo.<\/li>\n<\/ul>\n<\/li>\n<li><strong>Ali je Bang King 35000 vape mogo\u010de ponovno napolniti?<\/strong>\n<ul>\n<li>Da, ima 850mAh baterijo za ponovno polnjenje in podpira hitro polnjenje Type-C.<\/li>\n<\/ul>\n<\/li>\n<li><strong>Kak\u0161ne so na voljo jakosti nikotina?<\/strong>\n<ul>\n<li>Ta vape je na voljo v nivojih nikotina 0%, 2%, 3% in 5%, da ustreza razli\u010dnim \u017eeljam.<\/li>\n<\/ul>\n<\/li>\n<li><strong>Kako deluje zaslon Smart Screen?<\/strong>\n<ul>\n<li>Zaslon zagotavlja informacije v realnem \u010dasu o \u017eivljenjski dobi baterije in nivojih e-teko\u010dine, kar zagotavlja, da ste vedno obve\u0161\u010deni.<\/li>\n<\/ul>\n<\/li>\n<li><strong>Ali Bang King 35K ponuja nastavljiv pretok zraka?<\/strong>\n<ul>\n<li>Da, funkcija nastavljivega pretoka zraka vam omogo\u010da, da prilagodite svoj stil vapinga za tesnej\u0161i ali ohlapnej\u0161i poteg.<\/li>\n<\/ul>\n<\/li>\n<\/ol>\n<\/div>\n<\/div>\n<\/div>\n<h2>Kako naro\u010diti?<\/h2>\n<div class=\"flex-shrink-0 flex flex-col relative items-end\">\n<div class=\"pt-0\">\n<div class=\"gizmo-bot-avatar flex h-8 w-8 items-center justify-center overflow-hidden rounded-full\">\n<div>\n<p><strong>1. Katere na\u010dine pla\u010dila sprejemate?<\/strong><br \/>\n<span class=\"selectable-text copyable-text false\">Za pla\u010dilo ponujamo ban\u010dno nakazilo in Western Union. Ve\u010dina na\u0161ih strank iz Evrope izbere ban\u010dno nakazilo, imamo lokalni ban\u010dni ra\u010dun, na katerega lahko pla\u010date na na\u0161 IBAN ra\u010dun brez stro\u0161kov obdelave. <\/span>.<\/p>\n<p><strong>2. Kako lahko sledim svojemu naro\u010dilu?<\/strong><br \/>\nKo je paket odposlan, <span class=\"selectable-text copyable-text false\">vam bomo ponudili \u0161tevilko za sledenje za referenco, prav tako bomo posodabljali status, dokler ne prejmete tovora<\/span>.<\/p>\n<p><strong>3. Koliko \u010dasa traja, da prispe?<\/strong><\/p>\n<ul>\n<li>Po\u0161iljanje iz <strong>skladi\u0161\u010d na Kitajskem<\/strong> traja pribli\u017eno <strong>7-14 delovnih dni<\/strong>.<\/li>\n<li>Po\u0161iljanje iz <strong>Evropska skladi\u0161\u010da<\/strong> obi\u010dajno traja <strong>3-6 delovnih dni<\/strong>.<\/li>\n<\/ul>\n<p><strong>4. Kako lahko dobim hitrej\u0161o dostavo?<\/strong><br \/>\nZa hitrej\u0161o dostavo priporo\u010damo naro\u010dilo iz na\u0161ega <strong>Evropskega skladi\u0161\u010da<\/strong>, ki ponuja hitrej\u0161e dobavne roke.<\/p>\n<p><strong>5. Kaj \u010de prejmem po\u0161kodovan ali pokvarjen izdelek?<\/strong><br \/>\n\u010ce je va\u0161 izdelek po\u0161kodovan ali pokvarjen, se obrnite na slu\u017ebo za pomo\u010d uporabnikom za <strong>zamenjavo ali povra\u010dilo kupnine<\/strong>.<\/p>\n<p><strong>6. Kako lahko stopim v stik s slu\u017ebo za pomo\u010d uporabnikom?<\/strong><br \/>\nLahko nas dose\u017eete preko<strong>\u00a0WhatsApp-a ali klepeta v \u017eivo<\/strong> na na\u0161i spletni strani za pomo\u010d.<\/p>\n<\/div>\n<div class=\"relative p-1 rounded-sm flex items-center justify-center bg-token-main-surface-primary text-token-text-primary h-8 w-8\"><strong>7. Katere na\u010dine po\u0161iljanja uporabljate?<\/strong><\/div>\n<\/div>\n<\/div>\n<\/div>\n<div class=\"group\/conversation-turn relative flex w-full min-w-0 flex-col agent-turn\">\n<div class=\"flex-col gap-1 md:gap-3\">\n<div class=\"flex max-w-full flex-col flex-grow\">\n<div class=\"min-h-[20px] text-message flex w-full flex-col items-end gap-2 whitespace-normal break-words [.text-message+&amp;]:mt-5 overflow-x-auto\" dir=\"auto\" data-message-author-role=\"assistant\" data-message-id=\"22f8283b-3233-46ff-89a5-c7a41b33abda\">\n<div class=\"flex w-full flex-col gap-1 empty:hidden first:pt-[3px]\">\n<div class=\"markdown prose w-full break-words dark:prose-invert light\">\n<p>Sodelujemo z UPS, DHL, FedEx, DPD in drugimi vodilnimi prevozniki. Izbrali bomo najbolj\u0161i na\u010din po\u0161iljanja glede na va\u0161o lokacijo dostave, da zagotovimo, da boste izdelke prejeli \u010dim hitreje.<\/p>\n<\/div>\n<\/div>\n<\/div>\n<\/div>\n<\/div>\n<\/div>\n<p>Poi\u0161\u010di ve\u010d izdelkov Vape, ki so ti morda v\u0161e\u010d:<strong><em><a href=\"https:\/\/rmvapesale.com\/sl\/shop-2\/\">nakupuj zdaj &gt;&gt;&gt;<\/a><\/em><\/strong><\/p>","protected":false},"excerpt":{"rendered":"<p>Bang King 35000 Vdihov Bar Polnljivi enkratni Vape Poceni Cena<br \/>\nBang King 35k Vdihov Priljubljen enkratni Vape Pero Na Koli\u010dino<br \/>\nBangKing 35000 Vdihov LED Zaslon Pametni Zaslon Enkratni Vape Veliko<\/p>\n<p><strong>Kontaktirajte Amy, da dobite pravi odgovor in kupon za vape!<\/strong><\/p>\n<p><img loading=\"lazy\" decoding=\"async\" class=\"size-full wp-image-2375\" src=\"https:\/\/rmvapesale.com\/wp-content\/uploads\/2024\/10\/image.png\" alt=\"Najbolj\u0161i Vape za enkratno uporabo\" width=\"229\" height=\"300\" \/><\/p>\n<h3><a href=\"https:\/\/wa.me\/8617776015835\"><span style=\"color: #ff0000\"><strong>WhatsApp: +86 17776015835<\/strong><\/span><\/a><\/h3>\n<p>&nbsp;<\/p>","protected":false},"featured_media":2995,"comment_status":"open","ping_status":"closed","template":"","meta":{"_uag_custom_page_level_css":"","_lmt_disableupdate":"no","_lmt_disable":"","site-sidebar-layout":"default","site-content-layout":"content-boxed-container","ast-site-content-layout":"normal-width-container","site-content-style":"boxed","site-sidebar-style":"unboxed","ast-global-header-display":"","ast-banner-title-visibility":"","ast-main-header-display":"","ast-hfb-above-header-display":"","ast-hfb-below-header-display":"","ast-hfb-mobile-header-display":"","site-post-title":"","ast-breadcrumbs-content":"","ast-featured-img":"","footer-sml-layout":"","ast-disable-related-posts":"","theme-transparent-header-meta":"default","adv-header-id-meta":"","stick-header-meta":"","header-above-stick-meta":"","header-main-stick-meta":"","header-below-stick-meta":"","astra-migrate-meta-layouts":"set","ast-page-background-enabled":"default","ast-page-background-meta":{"desktop":{"background-color":"var(--ast-global-color-4)","background-image":"","background-repeat":"repeat","background-position":"center center","background-size":"auto","background-attachment":"scroll","background-type":"","background-media":"","overlay-type":"","overlay-color":"","overlay-opacity":"","overlay-gradient":""},"tablet":{"background-color":"","background-image":"","background-repeat":"repeat","background-position":"center center","background-size":"auto","background-attachment":"scroll","background-type":"","background-media":"","overlay-type":"","overlay-color":"","overlay-opacity":"","overlay-gradient":""},"mobile":{"background-color":"","background-image":"","background-repeat":"repeat","background-position":"center center","background-size":"auto","background-attachment":"scroll","background-type":"","background-media":"","overlay-type":"","overlay-color":"","overlay-opacity":"","overlay-gradient":""}},"ast-content-background-meta":{"desktop":{"background-color":"var(--ast-global-color-5)","background-image":"","background-repeat":"repeat","background-position":"center center","background-size":"auto","background-attachment":"scroll","background-type":"","background-media":"","overlay-type":"","overlay-color":"","overlay-opacity":"","overlay-gradient":""},"tablet":{"background-color":"var(--ast-global-color-5)","background-image":"","background-repeat":"repeat","background-position":"center center","background-size":"auto","background-attachment":"scroll","background-type":"","background-media":"","overlay-type":"","overlay-color":"","overlay-opacity":"","overlay-gradient":""},"mobile":{"background-color":"var(--ast-global-color-5)","background-image":"","background-repeat":"repeat","background-position":"center center","background-size":"auto","background-attachment":"scroll","background-type":"","background-media":"","overlay-type":"","overlay-color":"","overlay-opacity":"","overlay-gradient":""}},"_joinchat":[]},"product_brand":[],"product_cat":[15,246,279,60,289,292,291,27,25,123,293,30,26,28,295,137,299,136,135],"product_tag":[308,76,199,146,64,40,111,306],"class_list":{"0":"post-3015","1":"product","2":"type-product","3":"status-publish","4":"has-post-thumbnail","6":"product_cat-new-vape-this-week","7":"product_cat-35000-puffs-disposable-vape","8":"product_cat-bang-king-vape","9":"product_cat-bang-vapes","10":"product_cat-big-puffs-disposable-vapes","11":"product_cat-digital-disposable-vapes","12":"product_cat-dual-mesh-disposable-vapes","13":"product_cat-fance-hot-sale-vape","14":"product_cat-germany-best-selling-vape","15":"product_cat-italy-wholesale-vape","16":"product_cat-low-nicotine-disposable-vapes","17":"product_cat-minimum-order-quantity-50pcs","18":"product_cat-netherlands-hot-sale-vape","19":"product_cat-poland-hot-sale-vape","20":"product_cat-rechargeable-disposable-vapes","21":"product_cat-rechargeable-vapes","22":"product_cat-smart-screen-disposable-vapes","23":"product_cat-smart-screen-vapes","24":"product_cat-spain-best-hot-sale-vape","25":"product_tag-bang-king-35000","26":"product_tag-bang-king-vape","27":"product_tag-bang-vape","28":"product_tag-best-hot-sale-vape","29":"product_tag-dual-flavour-vape","30":"product_tag-hot-sale-vape","31":"product_tag-low-nicotine-disposable-vape","32":"product_tag-puff-bar","33":"desktop-align-left","34":"tablet-align-left","35":"mobile-align-left","37":"first","38":"instock","39":"sale","40":"shipping-taxable","41":"purchasable","42":"product-type-simple"},"uagb_featured_image_src":{"full":["https:\/\/rmvapesale.com\/wp-content\/uploads\/2025\/01\/Bang-King-35k-Puffs-Disposable-Vapes-Wholesale.webp",800,800,false],"thumbnail":["https:\/\/rmvapesale.com\/wp-content\/uploads\/2025\/01\/Bang-King-35k-Puffs-Disposable-Vapes-Wholesale-150x150.webp",150,150,true],"medium":["https:\/\/rmvapesale.com\/wp-content\/uploads\/2025\/01\/Bang-King-35k-Puffs-Disposable-Vapes-Wholesale-300x300.webp",300,300,true],"medium_large":["https:\/\/rmvapesale.com\/wp-content\/uploads\/2025\/01\/Bang-King-35k-Puffs-Disposable-Vapes-Wholesale-768x768.webp",768,768,true],"large":["https:\/\/rmvapesale.com\/wp-content\/uploads\/2025\/01\/Bang-King-35k-Puffs-Disposable-Vapes-Wholesale.webp",800,800,false],"1536x1536":["https:\/\/rmvapesale.com\/wp-content\/uploads\/2025\/01\/Bang-King-35k-Puffs-Disposable-Vapes-Wholesale.webp",800,800,false],"2048x2048":["https:\/\/rmvapesale.com\/wp-content\/uploads\/2025\/01\/Bang-King-35k-Puffs-Disposable-Vapes-Wholesale.webp",800,800,false],"trp-custom-language-flag":["https:\/\/rmvapesale.com\/wp-content\/uploads\/2025\/01\/Bang-King-35k-Puffs-Disposable-Vapes-Wholesale.webp",12,12,false],"woocommerce_thumbnail":["https:\/\/rmvapesale.com\/wp-content\/uploads\/2025\/01\/Bang-King-35k-Puffs-Disposable-Vapes-Wholesale-300x300.webp",300,300,true],"woocommerce_single":["https:\/\/rmvapesale.com\/wp-content\/uploads\/2025\/01\/Bang-King-35k-Puffs-Disposable-Vapes-Wholesale-600x600.webp",600,600,true],"woocommerce_gallery_thumbnail":["https:\/\/rmvapesale.com\/wp-content\/uploads\/2025\/01\/Bang-King-35k-Puffs-Disposable-Vapes-Wholesale-100x100.webp",100,100,true],"wcpr-photo-reviews":["https:\/\/rmvapesale.com\/wp-content\/uploads\/2025\/01\/Bang-King-35k-Puffs-Disposable-Vapes-Wholesale.webp",500,500,false]},"uagb_author_info":{"display_name":"AMY","author_link":"https:\/\/rmvapesale.com\/sl\/author\/"},"uagb_comment_info":0,"uagb_excerpt":"Bang King 35000 Puff\u00a0 Bar Rechargeable Disposable Vape Cheap Price Bang King 35k Puff Popular Disposable Vape Pen Bulk Buy BangKing 35000 Puff LED Display Smart Screen Disposable Vape Wholesale Contact Amy to get right reply and vape coupon! WhatsApp: +86 17776015835 &nbsp;","_links":{"self":[{"href":"https:\/\/rmvapesale.com\/sl\/wp-json\/wp\/v2\/product\/3015","targetHints":{"allow":["GET"]}}],"collection":[{"href":"https:\/\/rmvapesale.com\/sl\/wp-json\/wp\/v2\/product"}],"about":[{"href":"https:\/\/rmvapesale.com\/sl\/wp-json\/wp\/v2\/types\/product"}],"replies":[{"embeddable":true,"href":"https:\/\/rmvapesale.com\/sl\/wp-json\/wp\/v2\/comments?post=3015"}],"wp:featuredmedia":[{"embeddable":true,"href":"https:\/\/rmvapesale.com\/sl\/wp-json\/wp\/v2\/media\/2995"}],"wp:attachment":[{"href":"https:\/\/rmvapesale.com\/sl\/wp-json\/wp\/v2\/media?parent=3015"}],"wp:term":[{"taxonomy":"product_brand","embeddable":true,"href":"https:\/\/rmvapesale.com\/sl\/wp-json\/wp\/v2\/product_brand?post=3015"},{"taxonomy":"product_cat","embeddable":true,"href":"https:\/\/rmvapesale.com\/sl\/wp-json\/wp\/v2\/product_cat?post=3015"},{"taxonomy":"product_tag","embeddable":true,"href":"https:\/\/rmvapesale.com\/sl\/wp-json\/wp\/v2\/product_tag?post=3015"}],"curies":[{"name":"wp","href":"https:\/\/api.w.org\/{rel}","templated":true}]}}