{"id":3017,"date":"2025-02-04T08:19:58","date_gmt":"2025-02-04T08:19:58","guid":{"rendered":"https:\/\/rmvapesale.com\/?post_type=product&#038;p=3017"},"modified":"2025-08-21T11:39:48","modified_gmt":"2025-08-21T11:39:48","slug":"uwin-crystal-35000-smart-screen-disposable-vape-puff-35k-rechargeable-disposable-vape-pen-bulk-buy","status":"publish","type":"product","link":"https:\/\/rmvapesale.com\/sl\/product\/uwin-crystal-35000-smart-screen-disposable-vape-puff-35k-rechargeable-disposable-vape-pen-bulk-buy\/","title":{"rendered":"Uwin 35000 Pametni zaslon za enkratno uporabo Vape Puff 35k Polnilna pisala za enkratno uporabo Vape Nakup v razsutem stanju"},"content":{"rendered":"<div class=\"B2VR9 CJHX3e\">\n<div class=\"wyccme\">\n<div class=\"flex-shrink-0 flex flex-col relative items-end\">\n<div class=\"pt-0\">\n<div class=\"gizmo-bot-avatar flex h-8 w-8 items-center justify-center overflow-hidden rounded-full\">\n<div class=\"relative p-1 rounded-sm flex items-center justify-center bg-token-main-surface-primary text-token-text-primary h-8 w-8\">\n<div class=\"flex-shrink-0 flex flex-col relative items-end\">\n<div class=\"pt-0\">\n<div class=\"gizmo-bot-avatar flex h-8 w-8 items-center justify-center overflow-hidden rounded-full\">\n<div class=\"flex-shrink-0 flex flex-col relative items-end\">\n<div class=\"pt-0\">\n<div class=\"gizmo-bot-avatar flex h-8 w-8 items-center justify-center overflow-hidden rounded-full\">\n<h1 class=\"relative p-1 rounded-sm flex items-center justify-center bg-token-main-surface-primary text-token-text-primary h-8 w-8\">Uwin 35000 Pametni zaslon za enkratno uporabo Vape Puff 35k Polnilna pisala za enkratno uporabo Vape Nakup v razsutem stanju<\/h1>\n<\/div>\n<\/div>\n<\/div>\n<\/div>\n<\/div>\n<\/div>\n<\/div>\n<\/div>\n<\/div>\n<\/div>\n<div class=\"group\/conversation-turn relative flex w-full min-w-0 flex-col agent-turn\">\n<div class=\"flex-col gap-1 md:gap-3\">\n<div class=\"flex max-w-full flex-col flex-grow\">\n<div class=\"min-h-8 text-message flex w-full flex-col items-end gap-2 whitespace-normal break-words text-start [.text-message+&amp;]:mt-5\" dir=\"auto\" data-message-author-role=\"assistant\" data-message-id=\"80ece0c4-ead1-4ed9-a9f0-ddc22582b4f4\" data-message-model-slug=\"gpt-4o\">\n<p>The <strong>Uwin Crystal 35000 Pametni zaslon za enkratno uporabo Vape<\/strong>, ki spreminja pravila igre v svetu <strong>polnilnih vape naprav za enkratno uporabo<\/strong>. Z neverjetnimi <strong>35.000 vpihi<\/strong>je ta naprava zasnovana za uporabnike vape, ki hrepenijo po <strong>dolgotrajni zmogljivosti, prilagodljivem pretoku zraka in \u017eivahni RGB osvetlitvi, ki utripa v ritmu glasbe<\/strong>, kar doda pridih vznemirjenja vsaki seji vape.<\/p>\n<p>Predhodno napolnjen z va\u0161o najljub\u0161o e-teko\u010dino, Uwin Crystal ponuja <strong>16 edinstvenih okusov<\/strong>, kar zagotavlja, da se za vsakogar najde nekaj. Ne glede na to, ali imate raje <strong>nizko nikotinsko vejpanje<\/strong> ali bolj intenzivno izku\u0161njo, je to pisalo za vape na voljo v <strong>0%, 2%, 3% in 5% ravneh nikotina<\/strong>, zaradi \u010desar je popoln za vse \u017eelje.<\/p>\n<p>The <strong>pametni zaslon<\/strong> vam omogo\u010da enostavno spremljanje \u017eivljenjske dobe baterije in \u0161tevila vpihov, kar zagotavlja, da imate vedno nadzor. Napaja ga <strong>650 mAh polnilna kobaltova baterija<\/strong>, naprava podpira <strong>Hitro polnjenje Type-C<\/strong>, tako da lahko hitro vklopite in nadaljujete z vapingom.<\/p>\n<p>Zasnovan z <strong>Mre\u017ena tuljava 1,0 \u03a9<\/strong>, Uwin Crystal zagotavlja gladko, enakomerno paro z bogatim okusom pri vsakem vdihu. The <strong>nastavljiv pretok zraka<\/strong> funkcija vam omogo\u010da, da prilagodite svoj vdih za bolj tesen ali ohlapen poteg, kar ponuja prilagodljivost za MTL in DTL uporabnike.<\/p>\n<p>Popolno za <strong>kupci veleprodajnih e-cigaret za enkratno uporabo<\/strong>, vsaka \u0161katla vsebuje <strong>160 kosov<\/strong>, s skupno te\u017eo <strong>21 kg<\/strong>, zaradi \u010desar je stro\u0161kovno u\u010dinkovita re\u0161itev za trgovce na drobno, ki \u017eelijo <strong>kupiti e-cigarete za enkratno uporabo v velikih koli\u010dinah po veleprodajnih cenah<\/strong>.<\/p>\n<\/div>\n<\/div>\n<\/div>\n<\/div>\n<div class=\"flex-shrink-0 flex flex-col relative items-end\">\n<div class=\"pt-0\">\n<div class=\"gizmo-bot-avatar flex h-8 w-8 items-center justify-center overflow-hidden rounded-full\">\n<p>&nbsp;<\/p>\n<\/div>\n<\/div>\n<\/div>\n<\/div>\n<\/div>\n<p><strong>Kontaktirajte Amy, da dobite pravi odgovor in kupon za vape!<\/strong><\/p>\n<p><img loading=\"lazy\" decoding=\"async\" class=\"size-full wp-image-1978\" src=\"https:\/\/rmvapesale.com\/wp-content\/uploads\/2024\/09\/Disposable-Vape-Wholesale.jpg\" alt=\"Vape za enkratno uporabo na debelo\" width=\"229\" height=\"300\" \/><\/p>\n<h3><a href=\"https:\/\/wa.me\/8617776015835\" target=\"_blank\" rel=\"noopener\"><span style=\"color: #ff0000\"><strong>WhatsApp: +86 17776015835<\/strong><\/span><\/a><\/h3>\n<h3><\/h3>\n<h3><strong style=\"font-size: 1.7em\">Klju\u010dne lastnosti izdelka Uwin 35000 Puff<\/strong><\/h3>\n<ul>\n<li><strong>Kapaciteta 35.000 vdihov:<\/strong> U\u017eivajte v podalj\u0161anih sejah vapinga brez prekinitev.<\/li>\n<li><strong>Jakosti nikotina:<\/strong> Na voljo v 0%, 2%, 3% in 5%, da se ujemajo z va\u0161imi \u017eeljami pri vapingu.<\/li>\n<li><strong>650 mAh polnilna baterija:<\/strong> Kobaltova baterija s hitrim polnjenjem Type-C za dolgotrajno mo\u010d.<\/li>\n<li><strong>Pametni zaslon:<\/strong> Z lahkoto spremljajte nivo baterije in \u0161tevilo vdihov.<\/li>\n<li><strong>16 mo\u017enosti okusa:<\/strong> \u0160iroka izbira okusov za vsakogar.<\/li>\n<li><strong>Mre\u017easta tuljava 1,0\u03a9:<\/strong> Zagotavlja gladko proizvodnjo pare in dosledno podajanje okusa.<\/li>\n<li><strong>Nastavljiv nadzor pretoka zraka:<\/strong> Prilagodite svojo izku\u0161njo vapinga z lahkoto.<\/li>\n<li><strong>RGB lu\u010di se sinhronizirajo z glasbo:<\/strong> Dinami\u010dna osvetlitev izbolj\u0161a va\u0161 stil vapinga.<\/li>\n<li><strong>Mo\u017enost nakupa v razsutem stanju:<\/strong> 160 kosov na karton, idealno za veleprodajne kupce.<\/li>\n<\/ul>\n<figure id=\"attachment_3002\" aria-describedby=\"caption-attachment-3002\" style=\"width: 1024px\" class=\"wp-caption alignnone\"><img loading=\"lazy\" decoding=\"async\" class=\"wp-image-3002 size-large\" src=\"https:\/\/rmvapesale.com\/wp-content\/uploads\/2025\/01\/Tornado-Vape-35000-Puffs-Disposable-Vape-1024x1024.jpg\" alt=\"Tornado Vape 35000 Vpihov Vape za enkratno uporabo\" width=\"1024\" height=\"1024\" srcset=\"https:\/\/rmvapesale.com\/wp-content\/uploads\/2025\/01\/Tornado-Vape-35000-Puffs-Disposable-Vape-1024x1024.jpg 1024w, https:\/\/rmvapesale.com\/wp-content\/uploads\/2025\/01\/Tornado-Vape-35000-Puffs-Disposable-Vape-300x300.jpg 300w, https:\/\/rmvapesale.com\/wp-content\/uploads\/2025\/01\/Tornado-Vape-35000-Puffs-Disposable-Vape-150x150.jpg 150w, https:\/\/rmvapesale.com\/wp-content\/uploads\/2025\/01\/Tornado-Vape-35000-Puffs-Disposable-Vape-768x768.jpg 768w, https:\/\/rmvapesale.com\/wp-content\/uploads\/2025\/01\/Tornado-Vape-35000-Puffs-Disposable-Vape-600x600.jpg 600w, https:\/\/rmvapesale.com\/wp-content\/uploads\/2025\/01\/Tornado-Vape-35000-Puffs-Disposable-Vape-100x100.jpg 100w, https:\/\/rmvapesale.com\/wp-content\/uploads\/2025\/01\/Tornado-Vape-35000-Puffs-Disposable-Vape.jpg 1126w\" sizes=\"auto, (max-width: 1024px) 100vw, 1024px\" \/><figcaption id=\"caption-attachment-3002\" class=\"wp-caption-text\">Tornado Vape 35000 Vpihov Vape za enkratno uporabo<\/figcaption><\/figure>\n<h3><strong style=\"font-size: 1.7em\">Najbolj\u0161a aroma za Uwin 35000 Puff<\/strong><strong style=\"font-size: 1.7em\">\u00a0Vape<\/strong><\/h3>\n<p>1. Borovnica malina <span style=\"color: #ff0000\"><strong>&gt;&gt;&gt; Vro\u010de!<\/strong><\/span><br \/>\n2. Grozdni led<br \/>\n3. Jagoda lubenica <span style=\"color: #ff0000\"><strong>&gt;&gt;&gt; Vro\u010de!<\/strong><\/span><br \/>\n4. Borovnica na ledu<br \/>\n5. Lubenica led<br \/>\n6. \u010ce\u0161njev led<br \/>\n7. Jagoda Malina \u010ce\u0161njev led <span style=\"color: #ff0000\"><strong>&gt;&gt;&gt; Vro\u010de!<\/strong><\/span><br \/>\n8. Kivi Marakuja Guava<br \/>\n9. Ledena jagoda<br \/>\n10. Breskev Mango Ananas<br \/>\n11. Borovnica \u010ce\u0161nja Brusnica <span style=\"color: #ff0000\"><strong>&gt;&gt;&gt; Vro\u010de!<\/strong><\/span><br \/>\n12. Breskev Jagodi\u010devje<br \/>\n13. \u010ce\u0161njeva Cola<br \/>\n14. Me\u0161ano jagodi\u010devje <span style=\"color: #ff0000\"><strong>&gt;&gt;&gt; Najbolj\u0161e!<\/strong><\/span><br \/>\n15. Gospod Modri <span style=\"color: #ff0000\"><strong>&gt;&gt;&gt; Vro\u010de!<\/strong><\/span><br \/>\n16. Poletna breskev led<\/p>\n<p>The <strong>Uwin Crystal 35000 Pametni zaslon za enkratno uporabo Vape<\/strong> je odli\u010dna izbira za uporabnike elektronskih cigaret, ki zahtevajo <strong>visoko zmogljivost, bogate okuse in napredne funkcije<\/strong>. Ne glede na to, ali kupujete zase ali \u017eelite <strong>kupovati v velikih koli\u010dinah<\/strong>, ta vape zagotavlja izjemno vrednost po neprekosljivi ceni. Naro\u010dite svojega \u0161e danes in u\u017eivajte v vrhunski izku\u0161nji vapinga Uwin 35000 Smart Screen Disposable Vape Puff 35k Polnilna Vape pisala za enkratno uporabo Nakup v razsutem stanju<\/p>\n<h3><strong>Zakaj izbrati Rmvapesale za Uwin 35000 Vpihov\u00a0 <\/strong><strong>V<\/strong><strong>Veleprodaja vejpanja<\/strong><strong>?<\/strong><\/h3>\n<div class=\"flex-shrink-0 flex flex-col relative items-end\">\n<div class=\"pt-0\">\n<div class=\"gizmo-bot-avatar flex h-8 w-8 items-center justify-center overflow-hidden rounded-full\">\n<p>Ker se konkurenca na trgu e-cigaret za enkratno uporabo stopnjuje, je Rmvapesale, vodilni svetovni ponudnik veleprodajnih re\u0161itev za vape za enkratno uporabo, lansiral Uwin 35000 Smart Screen Disposable Vape. Ta pionirski izdelek pritegne pozornost s svojo edinstveno estetiko in modnim dizajnom. S \u0161iroko paleto sadnih okusov zadovoljuje \u0161irok spekter okusov potro\u0161nikov, hkrati pa poudarja inovativnost in vsestranskost.<\/p>\n<p class=\"relative p-1 rounded-sm flex items-center justify-center bg-token-main-surface-primary text-token-text-primary h-8 w-8\">Rmvapesale je va\u0161a zaupanja vredna trgovina z vape za vrhunske vape za enkratno uporabo. Z ve\u010d kot 5 leti izku\u0161enj vam ponujamo priljubljene blagovne znamke vape za enkratno uporabo, kot so Al Fakher, JNR Vape, Vapsolo Vape, Vapme Vape, <a href=\"https:\/\/rmvapesale.com\/sl\/product-category\/bang-vapes\/\">Bang Vape<\/a>, Waspe Vape, WGA Vape in<a href=\"https:\/\/rmvapesale.com\/sl\/product-category\/randm-fumot-vape\/\"> RandM Vape<\/a>. Na\u0161a ponudba vklju\u010duje vro\u010de vape za enkratno uporabo, kot je <a href=\"https:\/\/rmvapesale.com\/sl\/product\/vozol-gear-power-20000-puff-disposable-vape\/\">Vozol Gear 20000 Vpihov<\/a> in okusne izbire, kot je<a href=\"https:\/\/rmvapesale.com\/sl\/product\/elf-box-shisha-16000-puffs-led-display-disposable-vape\/\"> ELF BOX shisha Hooka 16000 VPIHOV<\/a>Vsak izdelek je izbran s poudarkom na kakovosti, vrednosti in raznolikosti, kar vam zagotavlja, da boste na\u0161li popolno ujemanje za svoje potrebe. Odkrijte izjemno storitev in \u0161iroko paleto vrhunskih izdelkov pri Rmvapesale.<\/p>\n<p class=\"relative p-1 rounded-sm flex items-center justify-center bg-token-main-surface-primary text-token-text-primary h-8 w-8\"><b style=\"font-size: 1.5em;font-style: inherit\">Pogosta vpra\u0161anja o Uwin 35000 <\/b><b style=\"font-size: 1.5em;font-style: inherit\">Vape za enkratno uporabo, ki ga je mogo\u010de polniti<\/b><\/p>\n<ol>\n<li><strong>Kje lahko kupim Uwin Crystal 35000 Disposable Vape po veleprodajnih cenah?<\/strong>\n<ul>\n<li>Kupite ga lahko po tovarni\u0161kih cenah pri <a href=\"https:\/\/rmvapesale.com\/sl\/\" target=\"_new\" rel=\"noopener\">Rmvapesale<\/a>, va\u0161em zaupanja vrednem viru za veleprodajo vape za enkratno uporabo.<\/li>\n<\/ul>\n<\/li>\n<li><strong>Ali je Uwin Crystal 35000 vape mogo\u010de ponovno napolniti?<\/strong>\n<ul>\n<li>Da, ima 650 mAh kobaltno baterijo za ponovno polnjenje s priklju\u010dkom Type-C za hitro polnjenje.<\/li>\n<\/ul>\n<\/li>\n<li><strong>Kak\u0161ne so na voljo jakosti nikotina za ta vape?<\/strong>\n<ul>\n<li>Uwin Crystal je na voljo v \u0161tirih jakostih nikotina: 0 %, 2 %, 3 % in 5 %, kar ustreza razli\u010dnim \u017eeljam pri vejpanju.<\/li>\n<\/ul>\n<\/li>\n<li><strong>Kako deluje zaslon Smart Screen?<\/strong>\n<ul>\n<li>Zaslon zagotavlja posodobitve v realnem \u010dasu o \u0161tevilu vpihov in stanju baterije, kar zagotavlja, da ste vedno obve\u0161\u010deni.<\/li>\n<\/ul>\n<\/li>\n<li><strong>Ali ima Uwin Crystal nastavljiv pretok zraka?<\/strong>\n<ul>\n<li>Da, vklju\u010duje sistem za nastavitev pretoka zraka, da prilagodite svoj slog vejpanja za popoln vpih.<\/li>\n<\/ul>\n<\/li>\n<\/ol>\n<\/div>\n<\/div>\n<\/div>\n<h2>Kako naro\u010diti?<\/h2>\n<div class=\"flex-shrink-0 flex flex-col relative items-end\">\n<div class=\"pt-0\">\n<div class=\"gizmo-bot-avatar flex h-8 w-8 items-center justify-center overflow-hidden rounded-full\">\n<div>\n<p><strong>1. Katere na\u010dine pla\u010dila sprejemate?<\/strong><br \/>\n<span class=\"selectable-text copyable-text false\">Za pla\u010dilo ponujamo ban\u010dno nakazilo in Western Union. Ve\u010dina na\u0161ih strank iz Evrope izbere ban\u010dno nakazilo, imamo lokalni ban\u010dni ra\u010dun, na katerega lahko pla\u010date na na\u0161 IBAN ra\u010dun brez stro\u0161kov obdelave. <\/span>.<\/p>\n<p><strong>2. Kako lahko sledim svojemu naro\u010dilu?<\/strong><br \/>\nKo je paket odposlan, <span class=\"selectable-text copyable-text false\">vam bomo ponudili \u0161tevilko za sledenje za referenco, prav tako bomo posodabljali status, dokler ne prejmete tovora<\/span>.<\/p>\n<p><strong>3. Koliko \u010dasa traja, da prispe?<\/strong><\/p>\n<ul>\n<li>Po\u0161iljanje iz <strong>skladi\u0161\u010d na Kitajskem<\/strong> traja pribli\u017eno <strong>7-14 delovnih dni<\/strong>.<\/li>\n<li>Po\u0161iljanje iz <strong>Evropska skladi\u0161\u010da<\/strong> obi\u010dajno traja <strong>3-6 delovnih dni<\/strong>.<\/li>\n<\/ul>\n<p><strong>4. Kako lahko dobim hitrej\u0161o dostavo?<\/strong><br \/>\nZa hitrej\u0161o dostavo priporo\u010damo naro\u010dilo iz na\u0161ega <strong>Evropskega skladi\u0161\u010da<\/strong>, ki ponuja hitrej\u0161e dobavne roke.<\/p>\n<p><strong>5. Kaj \u010de prejmem po\u0161kodovan ali pokvarjen izdelek?<\/strong><br \/>\n\u010ce je va\u0161 izdelek po\u0161kodovan ali pokvarjen, se obrnite na slu\u017ebo za pomo\u010d uporabnikom za <strong>zamenjavo ali povra\u010dilo kupnine<\/strong>.<\/p>\n<p><strong>6. Kako lahko stopim v stik s slu\u017ebo za pomo\u010d uporabnikom?<\/strong><br \/>\nLahko nas dose\u017eete preko<strong>\u00a0WhatsApp-a ali klepeta v \u017eivo<\/strong> na na\u0161i spletni strani za pomo\u010d.<\/p>\n<\/div>\n<div class=\"relative p-1 rounded-sm flex items-center justify-center bg-token-main-surface-primary text-token-text-primary h-8 w-8\"><strong>7. Katere na\u010dine po\u0161iljanja uporabljate?<\/strong><\/div>\n<\/div>\n<\/div>\n<\/div>\n<div class=\"group\/conversation-turn relative flex w-full min-w-0 flex-col agent-turn\">\n<div class=\"flex-col gap-1 md:gap-3\">\n<div class=\"flex max-w-full flex-col flex-grow\">\n<div class=\"min-h-[20px] text-message flex w-full flex-col items-end gap-2 whitespace-normal break-words [.text-message+&amp;]:mt-5 overflow-x-auto\" dir=\"auto\" data-message-author-role=\"assistant\" data-message-id=\"22f8283b-3233-46ff-89a5-c7a41b33abda\">\n<div class=\"flex w-full flex-col gap-1 empty:hidden first:pt-[3px]\">\n<div class=\"markdown prose w-full break-words dark:prose-invert light\">\n<p>Sodelujemo z UPS, DHL, FedEx, DPD in drugimi vodilnimi prevozniki. Izbrali bomo najbolj\u0161i na\u010din po\u0161iljanja glede na va\u0161o lokacijo dostave, da zagotovimo, da boste izdelke prejeli \u010dim hitreje.<\/p>\n<\/div>\n<\/div>\n<\/div>\n<\/div>\n<\/div>\n<\/div>\n<p>Poi\u0161\u010di ve\u010d izdelkov Vape, ki so ti morda v\u0161e\u010d:<strong><em><a href=\"https:\/\/rmvapesale.com\/sl\/shop-2\/\">nakupuj zdaj &gt;&gt;&gt;<\/a><\/em><\/strong><\/p>","protected":false},"excerpt":{"rendered":"<p>Pametni zaslon Vape Uwin 35000 Puff Bar Polnljivi enkratni Vape Po ugodni ceni<br \/>\nUwin 35000 Puff Priljubljen enkratni Vape Pen na debelo<br \/>\nNajbolj\u0161i Uwin 35000 35k Puff LED zaslon Pametni zaslon Enkratni Vape na debelo<\/p>\n<p><strong>Kontaktirajte Amy, da dobite pravi odgovor in kupon za vape!<\/strong><\/p>\n<p><img loading=\"lazy\" decoding=\"async\" class=\"size-full wp-image-2375\" src=\"https:\/\/rmvapesale.com\/wp-content\/uploads\/2024\/10\/image.png\" alt=\"Najbolj\u0161i Vape za enkratno uporabo\" width=\"229\" height=\"300\" \/><\/p>\n<h3><a href=\"https:\/\/wa.me\/8617776015835\"><span style=\"color: #ff0000\"><strong>WhatsApp: +86 17776015835<\/strong><\/span><\/a><\/h3>\n<p>&nbsp;<\/p>","protected":false},"featured_media":3001,"comment_status":"open","ping_status":"closed","template":"","meta":{"_uag_custom_page_level_css":"","_lmt_disableupdate":"no","_lmt_disable":"","site-sidebar-layout":"default","site-content-layout":"content-boxed-container","ast-site-content-layout":"normal-width-container","site-content-style":"boxed","site-sidebar-style":"unboxed","ast-global-header-display":"","ast-banner-title-visibility":"","ast-main-header-display":"","ast-hfb-above-header-display":"","ast-hfb-below-header-display":"","ast-hfb-mobile-header-display":"","site-post-title":"","ast-breadcrumbs-content":"","ast-featured-img":"","footer-sml-layout":"","ast-disable-related-posts":"","theme-transparent-header-meta":"default","adv-header-id-meta":"","stick-header-meta":"","header-above-stick-meta":"","header-main-stick-meta":"","header-below-stick-meta":"","astra-migrate-meta-layouts":"set","ast-page-background-enabled":"default","ast-page-background-meta":{"desktop":{"background-color":"var(--ast-global-color-4)","background-image":"","background-repeat":"repeat","background-position":"center center","background-size":"auto","background-attachment":"scroll","background-type":"","background-media":"","overlay-type":"","overlay-color":"","overlay-opacity":"","overlay-gradient":""},"tablet":{"background-color":"","background-image":"","background-repeat":"repeat","background-position":"center center","background-size":"auto","background-attachment":"scroll","background-type":"","background-media":"","overlay-type":"","overlay-color":"","overlay-opacity":"","overlay-gradient":""},"mobile":{"background-color":"","background-image":"","background-repeat":"repeat","background-position":"center center","background-size":"auto","background-attachment":"scroll","background-type":"","background-media":"","overlay-type":"","overlay-color":"","overlay-opacity":"","overlay-gradient":""}},"ast-content-background-meta":{"desktop":{"background-color":"var(--ast-global-color-5)","background-image":"","background-repeat":"repeat","background-position":"center center","background-size":"auto","background-attachment":"scroll","background-type":"","background-media":"","overlay-type":"","overlay-color":"","overlay-opacity":"","overlay-gradient":""},"tablet":{"background-color":"var(--ast-global-color-5)","background-image":"","background-repeat":"repeat","background-position":"center center","background-size":"auto","background-attachment":"scroll","background-type":"","background-media":"","overlay-type":"","overlay-color":"","overlay-opacity":"","overlay-gradient":""},"mobile":{"background-color":"var(--ast-global-color-5)","background-image":"","background-repeat":"repeat","background-position":"center center","background-size":"auto","background-attachment":"scroll","background-type":"","background-media":"","overlay-type":"","overlay-color":"","overlay-opacity":"","overlay-gradient":""}},"_joinchat":[]},"product_brand":[],"product_cat":[15,246,289,292,291,27,25,123,293,30,26,28,295,137,299,136,135,282],"product_tag":[146,64,40,111,310,306,309],"class_list":{"0":"post-3017","1":"product","2":"type-product","3":"status-publish","4":"has-post-thumbnail","6":"product_cat-new-vape-this-week","7":"product_cat-35000-puffs-disposable-vape","8":"product_cat-big-puffs-disposable-vapes","9":"product_cat-digital-disposable-vapes","10":"product_cat-dual-mesh-disposable-vapes","11":"product_cat-fance-hot-sale-vape","12":"product_cat-germany-best-selling-vape","13":"product_cat-italy-wholesale-vape","14":"product_cat-low-nicotine-disposable-vapes","15":"product_cat-minimum-order-quantity-50pcs","16":"product_cat-netherlands-hot-sale-vape","17":"product_cat-poland-hot-sale-vape","18":"product_cat-rechargeable-disposable-vapes","19":"product_cat-rechargeable-vapes","20":"product_cat-smart-screen-disposable-vapes","21":"product_cat-smart-screen-vapes","22":"product_cat-spain-best-hot-sale-vape","23":"product_cat-uwin-vape","24":"product_tag-best-hot-sale-vape","25":"product_tag-dual-flavour-vape","26":"product_tag-hot-sale-vape","27":"product_tag-low-nicotine-disposable-vape","28":"product_tag-puff-35k","29":"product_tag-puff-bar","30":"product_tag-uwin-35000","31":"desktop-align-left","32":"tablet-align-left","33":"mobile-align-left","35":"first","36":"instock","37":"sale","38":"shipping-taxable","39":"purchasable","40":"product-type-simple"},"uagb_featured_image_src":{"full":["https:\/\/rmvapesale.com\/wp-content\/uploads\/2025\/01\/Tornado-Vape-35000-UWIN-Disposable-Vape.jpg",1126,1126,false],"thumbnail":["https:\/\/rmvapesale.com\/wp-content\/uploads\/2025\/01\/Tornado-Vape-35000-UWIN-Disposable-Vape-150x150.jpg",150,150,true],"medium":["https:\/\/rmvapesale.com\/wp-content\/uploads\/2025\/01\/Tornado-Vape-35000-UWIN-Disposable-Vape-300x300.jpg",300,300,true],"medium_large":["https:\/\/rmvapesale.com\/wp-content\/uploads\/2025\/01\/Tornado-Vape-35000-UWIN-Disposable-Vape-768x768.jpg",768,768,true],"large":["https:\/\/rmvapesale.com\/wp-content\/uploads\/2025\/01\/Tornado-Vape-35000-UWIN-Disposable-Vape-1024x1024.jpg",1024,1024,true],"1536x1536":["https:\/\/rmvapesale.com\/wp-content\/uploads\/2025\/01\/Tornado-Vape-35000-UWIN-Disposable-Vape.jpg",1126,1126,false],"2048x2048":["https:\/\/rmvapesale.com\/wp-content\/uploads\/2025\/01\/Tornado-Vape-35000-UWIN-Disposable-Vape.jpg",1126,1126,false],"trp-custom-language-flag":["https:\/\/rmvapesale.com\/wp-content\/uploads\/2025\/01\/Tornado-Vape-35000-UWIN-Disposable-Vape.jpg",12,12,false],"woocommerce_thumbnail":["https:\/\/rmvapesale.com\/wp-content\/uploads\/2025\/01\/Tornado-Vape-35000-UWIN-Disposable-Vape-300x300.jpg",300,300,true],"woocommerce_single":["https:\/\/rmvapesale.com\/wp-content\/uploads\/2025\/01\/Tornado-Vape-35000-UWIN-Disposable-Vape-600x600.jpg",600,600,true],"woocommerce_gallery_thumbnail":["https:\/\/rmvapesale.com\/wp-content\/uploads\/2025\/01\/Tornado-Vape-35000-UWIN-Disposable-Vape-100x100.jpg",100,100,true],"wcpr-photo-reviews":["https:\/\/rmvapesale.com\/wp-content\/uploads\/2025\/01\/Tornado-Vape-35000-UWIN-Disposable-Vape.jpg",500,500,false]},"uagb_author_info":{"display_name":"AMY","author_link":"https:\/\/rmvapesale.com\/sl\/author\/"},"uagb_comment_info":0,"uagb_excerpt":"Smart Screen Vape Uwin 35000 Puff\u00a0 Bar Rechargeable Disposable Vape Cheap Price Uwin 35000 Puff Popular Disposable Vape Pen Bulk Buy Best Uwin 35000 35k Puff LED Display Smart Screen Disposable Vape Wholesale Contact Amy to get right reply and vape coupon! WhatsApp: +86 17776015835 &nbsp;","_links":{"self":[{"href":"https:\/\/rmvapesale.com\/sl\/wp-json\/wp\/v2\/product\/3017","targetHints":{"allow":["GET"]}}],"collection":[{"href":"https:\/\/rmvapesale.com\/sl\/wp-json\/wp\/v2\/product"}],"about":[{"href":"https:\/\/rmvapesale.com\/sl\/wp-json\/wp\/v2\/types\/product"}],"replies":[{"embeddable":true,"href":"https:\/\/rmvapesale.com\/sl\/wp-json\/wp\/v2\/comments?post=3017"}],"wp:featuredmedia":[{"embeddable":true,"href":"https:\/\/rmvapesale.com\/sl\/wp-json\/wp\/v2\/media\/3001"}],"wp:attachment":[{"href":"https:\/\/rmvapesale.com\/sl\/wp-json\/wp\/v2\/media?parent=3017"}],"wp:term":[{"taxonomy":"product_brand","embeddable":true,"href":"https:\/\/rmvapesale.com\/sl\/wp-json\/wp\/v2\/product_brand?post=3017"},{"taxonomy":"product_cat","embeddable":true,"href":"https:\/\/rmvapesale.com\/sl\/wp-json\/wp\/v2\/product_cat?post=3017"},{"taxonomy":"product_tag","embeddable":true,"href":"https:\/\/rmvapesale.com\/sl\/wp-json\/wp\/v2\/product_tag?post=3017"}],"curies":[{"name":"wp","href":"https:\/\/api.w.org\/{rel}","templated":true}]}}