{"id":370,"date":"2021-08-20T11:50:58","date_gmt":"2021-08-20T11:50:58","guid":{"rendered":"https:\/\/rmvapesale.com\/product\/hybrid-cleansing-balm\/"},"modified":"2025-01-20T03:10:16","modified_gmt":"2025-01-20T03:10:16","slug":"randm-vape-al-fakher-10000-puffs-vape-wholesale","status":"publish","type":"product","link":"https:\/\/rmvapesale.com\/sl\/product\/randm-vape-al-fakher-10000-puffs-vape-wholesale\/","title":{"rendered":"Randm Vape Al Fakher 10000 VDIHOV VAPE Veleprodajna Cena Fumot SHISHA 10K"},"content":{"rendered":"<h1><strong>Randm Vape Al Fakher 10000 VDIHOV VAPE Veleprodajna Cena Fumot SHISHA 10K<\/strong><\/h1>\n<p>Randm Vape Al Fakher 10000 je revolucionaren DTL (Direct To Lung) Vape za ponovno polnjenje, ki na novo definira odli\u010dnost vapinga. Z LED indikatorjem zagotavlja sprotne posodobitve o nivojih e-teko\u010dine in mo\u010di, kar zagotavlja, da imate vedno nadzor. S priro\u010dnim priklju\u010dkom Type-C, ki se nahaja na njegovem dnu, je polnjenje tega vape-a enostavno in hitro.<\/p>\n<p>Predhodno napolnjen z 18 ml e-teko\u010dine, Shisha bar 10000 zagotavlja jakost nikotina 0,5 %, kar ponuja do osupljivih 10.000 vdihov v testnem okolju. Vendar ne gre samo za koli\u010dino \u2013 ta vape se pona\u0161a s tehnologijo Mesh Coil, ki vklju\u010duje nizko uporno tuljavo 0,6 ohma za najve\u010djo grelno povr\u0161ino. Poslovite se od suhih udarcev in neenakomerne porazdelitve okusa; zasnova Mesh Coil zagotavlja dosledno segrevanje, kar ima za posledico bolj gladke vdihe in bogatej\u0161o proizvodnjo pare.<\/p>\n<p>Zdaj je ta Randm Vape Al Fakher vape vro\u010da prodaja v ve\u010dini evropskih dr\u017eav, kot so Nem\u010dija, Nizozemska, Francija, Italija, \u0160vica, \u0160vedska, \u0160panija, Poljska, Belgija, Avstrija, Norve\u0161ka, Danska itd., kar je dobra izbira za trgovce na drobno, ki i\u0161\u010dejo stro\u0161kovno u\u010dinkovit vape za enkratno uporabo z veleprodajno ceno za nakup v razsutem stanju.<\/p>\n<p><strong>Dodaj prodajno vodjo AMY na whatsapp <a href=\"https:\/\/wa.me\/8617776015835\" target=\"_blank\" rel=\"noopener\">+86-17776015835<\/a> prejmite ve\u010dji popust!<\/strong><\/p>\n<p><img loading=\"lazy\" decoding=\"async\" class=\"size-medium wp-image-1814\" src=\"https:\/\/rmvapesale.com\/wp-content\/uploads\/2024\/04\/whatsapp-amy-229x300.jpg\" alt=\"whatsapp amy\" width=\"229\" height=\"300\" srcset=\"https:\/\/rmvapesale.com\/wp-content\/uploads\/2024\/04\/whatsapp-amy-229x300.jpg 229w, https:\/\/rmvapesale.com\/wp-content\/uploads\/2024\/04\/whatsapp-amy-783x1024.jpg 783w, https:\/\/rmvapesale.com\/wp-content\/uploads\/2024\/04\/whatsapp-amy-768x1005.jpg 768w, https:\/\/rmvapesale.com\/wp-content\/uploads\/2024\/04\/whatsapp-amy-600x785.jpg 600w, https:\/\/rmvapesale.com\/wp-content\/uploads\/2024\/04\/whatsapp-amy.jpg 990w\" sizes=\"auto, (max-width: 229px) 100vw, 229px\" \/><\/p>\n<h2>Randm Vape Al Fakher 10000 vpihov - Pogosta vpra\u0161anja<\/h2>\n<p><strong>1. Kaj je vklju\u010deno v Randm Vape Al Fakher 10000 PUFFS VAPE<\/strong><\/p>\n<ul>\n<li>Vsak paket vklju\u010duje eno polnilno napravo za vejpanje DTL (Direct To Lung), prednapolnjeno z 18 ml e-teko\u010dine in opremljeno z LED indikatorjem. Poleg tega paket vsebuje kabel za polnjenje Type-C za priro\u010dno polnjenje.<\/li>\n<\/ul>\n<p><strong>2. Koliko vdihov lahko pri\u010dakujem od naprave Fumot Vape Shisha 10000 Puff?<\/strong><\/p>\n<ul>\n<li>Shisha 10000 se pona\u0161a z impresivnimi 10.000 vdihi (v testnem okolju), kar zagotavlja dalj\u0161o uporabo in trajno zadovoljstvo.<\/li>\n<\/ul>\n<p><strong>3. Kak\u0161no jakost nikotina ponuja Randm Shisha 10000 puffs?<\/strong><\/p>\n<ul>\n<li>Shisha 10000 je predhodno napolnjena z e-teko\u010dino z 0,5 % jakostjo nikotina, kar zagotavlja uravnote\u017eeno izku\u0161njo vapinga.<\/li>\n<\/ul>\n<p><strong>4. Ali lahko izberem svoj najljub\u0161i okus pri Shisha 10k vape Fumot?<\/strong><\/p>\n<ul>\n<li>Da, seveda! Shisha 10000 ponuja izbor 34 okusov, ki zadovoljujejo razli\u010dne preference in zagotavljajo, da se za vsakogar najde nekaj.<\/li>\n<\/ul>\n<p><strong>3. Kako tehnologija mre\u017easte tuljave izbolj\u0161a izku\u0161njo vapinga?<\/strong><\/p>\n<ul>\n<li>Tehnologija mre\u017easte tuljave, vgrajena v Randm Vape Fumot Shisha 10000, ima nizko upornostno tuljavo 0,6ohm, ki pove\u010duje grelno povr\u0161ino za bolj gladke vdihe in bogatej\u0161o proizvodnjo pare. Ta tehnologija zagotavlja dosledno in enakomerno segrevanje e-teko\u010dine, kar zagotavlja brezhibno izku\u0161njo okusa.<\/li>\n<\/ul>\n<p><strong>6. Ali je Fumot AI FAKHER <\/strong><strong>Shisha 10000 PUFFS, enostavno polnjenje?<\/strong><\/p>\n<ul>\n<li>Da, RANDM Shisha 10000 PUFFS ima na dnu priklju\u010dek Type-C za hitro in priro\u010dno polnjenje. Preprosto priklju\u010dite prilo\u017eeni kabel za polnjenje Type-C na vir napajanja za hitro obnavljanje energije baterije.<\/li>\n<\/ul>\n<p><strong>7. Ali lahko nadzorujem pretok zraka pri veleprodaji FUMOT VAPE Shisha 10K PUFFS?<\/strong><\/p>\n<ul>\n<li>Da, Shisha 10000 je opremljena z nadzorom pretoka zraka, kar uporabnikom omogo\u010da, da prilagodijo pretok zraka svojim \u017eeljam za prilagojeno izku\u0161njo vapinga.<\/li>\n<\/ul>\n<p><strong>8. Ali je VELEPRODAJA FUMOT RANDM VAPE Shisha 10000 primerna tako za za\u010detnike kot za izku\u0161ene uporabnike vape?<\/strong><\/p>\n<ul>\n<li>Seveda! Shisha 10000 je zasnovana tako, da ustreza potrebam tako za\u010detnikov kot izku\u0161enih uporabnikov vape, saj ponuja enostavnost uporabe, napredne funkcije in izjemno zmogljivost za vse.<\/li>\n<\/ul>\n<p><strong>9. Kaj naj storim, \u010de imam dodatna vpra\u0161anja ali potrebujem pomo\u010d?<\/strong><\/p>\n<ul>\n<li>\u010ce imate dodatna vpra\u0161anja ali potrebujete pomo\u010d pri Randm Vape Al Fakher 10000 PUFFS VAPE<\/li>\n<\/ul>\n<p>Poi\u0161\u010di ve\u010d izdelkov Vape, ki so ti morda v\u0161e\u010d:<em><a href=\"https:\/\/rmvapesale.com\/sl\/shop-2\/\">nakupujte zdaj\u00a0<\/a><\/em><\/p>\n<p>drugi vro\u010de prodajani vape, ki bi vam morda bili v\u0161e\u010d:<\/p>","protected":false},"excerpt":{"rendered":"<p class=\"LC20lb MBeuO DKV0Md\">Fumot Shisha 10000 DTL Vape za enkratno uporabo<br \/>\nRANDM SHISHA 10000 PUFF Vape AI FAKHER<br \/>\nFumot Crown Bar 10k Veleprodajna Vape Polnilna<br \/>\n<strong>Kontaktirajte Amy za ve\u010dji popust in ni\u017eji MOQ Vape<\/strong><\/p>\n<p><img loading=\"lazy\" decoding=\"async\" class=\"size-medium wp-image-1814\" src=\"https:\/\/rmvapesale.com\/wp-content\/uploads\/2024\/04\/whatsapp-amy-229x300.jpg\" alt=\"whatsapp amy\" width=\"229\" height=\"300\" srcset=\"https:\/\/rmvapesale.com\/wp-content\/uploads\/2024\/04\/whatsapp-amy-229x300.jpg 229w, https:\/\/rmvapesale.com\/wp-content\/uploads\/2024\/04\/whatsapp-amy-783x1024.jpg 783w, https:\/\/rmvapesale.com\/wp-content\/uploads\/2024\/04\/whatsapp-amy-768x1005.jpg 768w, https:\/\/rmvapesale.com\/wp-content\/uploads\/2024\/04\/whatsapp-amy-600x785.jpg 600w, https:\/\/rmvapesale.com\/wp-content\/uploads\/2024\/04\/whatsapp-amy.jpg 990w\" sizes=\"auto, (max-width: 229px) 100vw, 229px\" \/><\/p>\n<h3><span style=\"color: #ff0000\"><strong>WhatsApp: +86 17776015835<\/strong><\/span><\/h3>","protected":false},"featured_media":1852,"comment_status":"open","ping_status":"closed","template":"","meta":{"_uag_custom_page_level_css":"","_lmt_disableupdate":"no","_lmt_disable":"","site-sidebar-layout":"default","site-content-layout":"content-boxed-container","ast-site-content-layout":"normal-width-container","site-content-style":"boxed","site-sidebar-style":"unboxed","ast-global-header-display":"","ast-banner-title-visibility":"","ast-main-header-display":"","ast-hfb-above-header-display":"","ast-hfb-below-header-display":"","ast-hfb-mobile-header-display":"","site-post-title":"","ast-breadcrumbs-content":"","ast-featured-img":"","footer-sml-layout":"","theme-transparent-header-meta":"default","adv-header-id-meta":"","stick-header-meta":"","header-above-stick-meta":"","header-main-stick-meta":"","header-below-stick-meta":"","astra-migrate-meta-layouts":"set","ast-page-background-enabled":"default","ast-page-background-meta":{"desktop":{"background-color":"var(--ast-global-color-4)","background-image":"","background-repeat":"repeat","background-position":"center center","background-size":"auto","background-attachment":"scroll","background-type":"","background-media":"","overlay-type":"","overlay-color":"","overlay-opacity":"","overlay-gradient":""},"tablet":{"background-color":"","background-image":"","background-repeat":"repeat","background-position":"center center","background-size":"auto","background-attachment":"scroll","background-type":"","background-media":"","overlay-type":"","overlay-color":"","overlay-opacity":"","overlay-gradient":""},"mobile":{"background-color":"","background-image":"","background-repeat":"repeat","background-position":"center center","background-size":"auto","background-attachment":"scroll","background-type":"","background-media":"","overlay-type":"","overlay-color":"","overlay-opacity":"","overlay-gradient":""}},"ast-content-background-meta":{"desktop":{"background-color":"var(--ast-global-color-5)","background-image":"","background-repeat":"repeat","background-position":"center center","background-size":"auto","background-attachment":"scroll","background-type":"","background-media":"","overlay-type":"","overlay-color":"","overlay-opacity":"","overlay-gradient":""},"tablet":{"background-color":"var(--ast-global-color-5)","background-image":"","background-repeat":"repeat","background-position":"center center","background-size":"auto","background-attachment":"scroll","background-type":"","background-media":"","overlay-type":"","overlay-color":"","overlay-opacity":"","overlay-gradient":""},"mobile":{"background-color":"var(--ast-global-color-5)","background-image":"","background-repeat":"repeat","background-position":"center center","background-size":"auto","background-attachment":"scroll","background-type":"","background-media":"","overlay-type":"","overlay-color":"","overlay-opacity":"","overlay-gradient":""}},"_joinchat":[]},"product_brand":[],"product_cat":[25,289,293,295,299,271,51,123,26,28,135,27,31,137,136,15,30],"product_tag":[39,40,41,38,37],"class_list":{"0":"post-370","1":"product","2":"type-product","3":"status-publish","4":"has-post-thumbnail","6":"product_cat-germany-best-selling-vape","7":"product_cat-big-puffs-disposable-vapes","8":"product_cat-low-nicotine-disposable-vapes","9":"product_cat-rechargeable-disposable-vapes","10":"product_cat-smart-screen-disposable-vapes","11":"product_cat-10000-puff-disposable-vape","12":"product_cat-fumot-vape","13":"product_cat-italy-wholesale-vape","14":"product_cat-netherlands-hot-sale-vape","15":"product_cat-poland-hot-sale-vape","16":"product_cat-spain-best-hot-sale-vape","17":"product_cat-fance-hot-sale-vape","18":"product_cat-randm-fumot-vape","19":"product_cat-rechargeable-vapes","20":"product_cat-smart-screen-vapes","21":"product_cat-new-vape-this-week","22":"product_cat-minimum-order-quantity-50pcs","23":"product_tag-fumot-vape","24":"product_tag-hot-sale-vape","25":"product_tag-original-factory-vape","26":"product_tag-randm-vape","27":"product_tag-wholesale-vape-price","28":"desktop-align-left","29":"tablet-align-left","30":"mobile-align-left","32":"first","33":"instock","34":"sale","35":"shipping-taxable","36":"purchasable","37":"product-type-simple"},"uagb_featured_image_src":{"full":["https:\/\/rmvapesale.com\/wp-content\/uploads\/2024\/04\/FUMOT-VAPE-SHISHA-AL-FAKHER-10K-PUFFS-VAPE.jpg",375,666,false],"thumbnail":["https:\/\/rmvapesale.com\/wp-content\/uploads\/2024\/04\/FUMOT-VAPE-SHISHA-AL-FAKHER-10K-PUFFS-VAPE-150x150.jpg",150,150,true],"medium":["https:\/\/rmvapesale.com\/wp-content\/uploads\/2024\/04\/FUMOT-VAPE-SHISHA-AL-FAKHER-10K-PUFFS-VAPE-169x300.jpg",169,300,true],"medium_large":["https:\/\/rmvapesale.com\/wp-content\/uploads\/2024\/04\/FUMOT-VAPE-SHISHA-AL-FAKHER-10K-PUFFS-VAPE.jpg",375,666,false],"large":["https:\/\/rmvapesale.com\/wp-content\/uploads\/2024\/04\/FUMOT-VAPE-SHISHA-AL-FAKHER-10K-PUFFS-VAPE.jpg",375,666,false],"1536x1536":["https:\/\/rmvapesale.com\/wp-content\/uploads\/2024\/04\/FUMOT-VAPE-SHISHA-AL-FAKHER-10K-PUFFS-VAPE.jpg",375,666,false],"2048x2048":["https:\/\/rmvapesale.com\/wp-content\/uploads\/2024\/04\/FUMOT-VAPE-SHISHA-AL-FAKHER-10K-PUFFS-VAPE.jpg",375,666,false],"trp-custom-language-flag":["https:\/\/rmvapesale.com\/wp-content\/uploads\/2024\/04\/FUMOT-VAPE-SHISHA-AL-FAKHER-10K-PUFFS-VAPE.jpg",7,12,false],"woocommerce_thumbnail":["https:\/\/rmvapesale.com\/wp-content\/uploads\/2024\/04\/FUMOT-VAPE-SHISHA-AL-FAKHER-10K-PUFFS-VAPE-300x300.jpg",300,300,true],"woocommerce_single":["https:\/\/rmvapesale.com\/wp-content\/uploads\/2024\/04\/FUMOT-VAPE-SHISHA-AL-FAKHER-10K-PUFFS-VAPE.jpg",375,666,false],"woocommerce_gallery_thumbnail":["https:\/\/rmvapesale.com\/wp-content\/uploads\/2024\/04\/FUMOT-VAPE-SHISHA-AL-FAKHER-10K-PUFFS-VAPE-100x100.jpg",100,100,true],"wcpr-photo-reviews":["https:\/\/rmvapesale.com\/wp-content\/uploads\/2024\/04\/FUMOT-VAPE-SHISHA-AL-FAKHER-10K-PUFFS-VAPE.jpg",282,500,false]},"uagb_author_info":{"display_name":"yannazhan","author_link":"https:\/\/rmvapesale.com\/sl\/author\/"},"uagb_comment_info":0,"uagb_excerpt":"Fumot Shisha 10000 DTL Disposable Vape RANDM SHISHA 10000 PUFF Vape AI FAKHER Fumot Crown Bar 10k Wholesale Vape Rechargeable Contact Amy For More Discount And Lower MOQ Vape WhatsApp: +86 17776015835","_links":{"self":[{"href":"https:\/\/rmvapesale.com\/sl\/wp-json\/wp\/v2\/product\/370","targetHints":{"allow":["GET"]}}],"collection":[{"href":"https:\/\/rmvapesale.com\/sl\/wp-json\/wp\/v2\/product"}],"about":[{"href":"https:\/\/rmvapesale.com\/sl\/wp-json\/wp\/v2\/types\/product"}],"replies":[{"embeddable":true,"href":"https:\/\/rmvapesale.com\/sl\/wp-json\/wp\/v2\/comments?post=370"}],"wp:featuredmedia":[{"embeddable":true,"href":"https:\/\/rmvapesale.com\/sl\/wp-json\/wp\/v2\/media\/1852"}],"wp:attachment":[{"href":"https:\/\/rmvapesale.com\/sl\/wp-json\/wp\/v2\/media?parent=370"}],"wp:term":[{"taxonomy":"product_brand","embeddable":true,"href":"https:\/\/rmvapesale.com\/sl\/wp-json\/wp\/v2\/product_brand?post=370"},{"taxonomy":"product_cat","embeddable":true,"href":"https:\/\/rmvapesale.com\/sl\/wp-json\/wp\/v2\/product_cat?post=370"},{"taxonomy":"product_tag","embeddable":true,"href":"https:\/\/rmvapesale.com\/sl\/wp-json\/wp\/v2\/product_tag?post=370"}],"curies":[{"name":"wp","href":"https:\/\/api.w.org\/{rel}","templated":true}]}}