{"id":1869,"date":"2024-04-29T08:45:44","date_gmt":"2024-04-29T08:45:44","guid":{"rendered":"https:\/\/rmvapesale.com\/?post_type=product&#038;p=1869"},"modified":"2025-01-20T03:11:06","modified_gmt":"2025-01-20T03:11:06","slug":"jnr-shisha-vape-15000-puffs-wholesale-price-with-screen-vape","status":"publish","type":"product","link":"https:\/\/rmvapesale.com\/sv\/product\/jnr-shisha-vape-15000-puffs-wholesale-price-with-screen-vape\/","title":{"rendered":"VOPK SHISHA VAPE 15000 BL\u00c5SER GROSSISTPRIS JNR MED SK\u00c4RM VAPE"},"content":{"rendered":"<h1>VOPK SHISHA VAPE 15000 BL\u00c5SER GROSSISTPRIS JNR MED SK\u00c4RM VAPE<\/h1>\n<p>VOPK SHISHA VAPE 15000 PUFFS JNR \u00e4r en premium eng\u00e5ngsvapepenna utformad speciellt f\u00f6r Direct-to-Lung (DTL)-entusiaster. Med en imponerande kapacitet p\u00e5 15 000 puffar s\u00e4kerst\u00e4ller denna enhet en l\u00e5ngvarig och tillfredsst\u00e4llande vapingupplevelse. Den interna strukturen inkluderar en 0,6 ohm meshspole som ger \u00f6verl\u00e4gsen \u00e5ngproduktion och rika smaker, vilket g\u00f6r den idealisk f\u00f6r de som uppskattar djupa lungtag. Enheten \u00e4r utrustad med 20 ml e-juice, vilket m\u00f6jligg\u00f6r l\u00e4ngre vaping-sessioner.<\/p>\n<p>Anv\u00e4ndare kan v\u00e4lja mellan olika nikotinstyrkor, inklusive 0%, 2%, 3% eller 5%, f\u00f6r att tillgodose olika preferenser. VOPK Shisha Hookah \u00e5teruppladdningsbara vape drivs av ett p\u00e5litligt 600mAh batteri, vilket s\u00e4kerst\u00e4ller konsekvent prestanda under hela dess livsl\u00e4ngd, och har en Type-C-laddningsport f\u00f6r snabb uppladdning.<\/p>\n<p>VOPK Shisha bar 15000 finns i tio l\u00e4ckra smaker som Double Apple och Watermelon Ice, denna vapepenna kombinerar stil, funktionalitet och m\u00e5ngsidighet, vilket g\u00f6r den till ett f\u00f6rstahandsval f\u00f6r vapers som s\u00f6ker en h\u00f6gkvalitativ upplevelse.<\/p>\n<p><strong>L\u00e4gg till f\u00f6rs\u00e4ljningschef AMY f\u00f6r att f\u00e5 vapekupong!<\/strong><\/p>\n<p><img loading=\"lazy\" decoding=\"async\" class=\"size-medium wp-image-1814\" src=\"https:\/\/rmvapesale.com\/wp-content\/uploads\/2024\/04\/whatsapp-amy-229x300.jpg\" alt=\"whatsapp amy\" width=\"229\" height=\"300\" srcset=\"https:\/\/rmvapesale.com\/wp-content\/uploads\/2024\/04\/whatsapp-amy-229x300.jpg 229w, https:\/\/rmvapesale.com\/wp-content\/uploads\/2024\/04\/whatsapp-amy-783x1024.jpg 783w, https:\/\/rmvapesale.com\/wp-content\/uploads\/2024\/04\/whatsapp-amy-768x1005.jpg 768w, https:\/\/rmvapesale.com\/wp-content\/uploads\/2024\/04\/whatsapp-amy-600x785.jpg 600w, https:\/\/rmvapesale.com\/wp-content\/uploads\/2024\/04\/whatsapp-amy.jpg 990w\" sizes=\"auto, (max-width: 229px) 100vw, 229px\" \/><\/p>\n<p><span style=\"color: #ff0000\"><strong>whatsapp <a style=\"color: #ff0000\" href=\"https:\/\/wa.me\/8617776015835\" target=\"_blank\" rel=\"noopener\">+86-17776015835<\/a><\/strong><\/span><\/p>\n<h2>VOPK Shisha Hookah 15000 15K Puffar Smaklista:<\/h2>\n<p>1. Double Apple<br \/>\n2. Double Melon Mint<br \/>\n3. Vindruva Mynta<br \/>\n4. Juicy Peach<br \/>\n5. Lady Killa<br \/>\n6. Mix Berry Ice<br \/>\n7. Ananas Kokosn\u00f6t<br \/>\n8. Red Berry Slush<br \/>\n9. Watermelon Ice<br \/>\n10. White Mamba<\/p>\n<h2>VOPK JNR SHISHA VAPE 15000 PUFF: Grossistpris med sk\u00e4rm Vape \u2013 Produkt FAQ<\/h2>\n<p>1. Vad \u00e4r det som g\u00f6r VOPK JNR SHISHA VAPE 15000 Puffar speciell?<\/p>\n<p>VOPK JNR SHISHA VAPE 15K PUFF<span style=\"font-size: 16px\">\u00a0stickar ut f\u00f6r sin h\u00f6ga puffkapacitet, med upp till 15000 puffar per enhet, vilket s\u00e4kerst\u00e4ller l\u00e5ngvarig njutning.<\/span><\/p>\n<p>2. Vilken typ av hantverk k\u00e4nnetecknar VOPK JNR SHISHA VAPE 15K PUFF-enheten?<\/p>\n<p>VOPK VAPE SHISHA 15000 PUFF-enheten har en tv\u00e5f\u00e4rgad design kompletterad med UV-tryck, vilket ger ett visuellt sl\u00e5ende utseende och noggrant hantverk.<br \/>\n3. Vilken typ av coil anv\u00e4nder VOPK VAPE SHISHA 15000 Puffar och vad \u00e4r VOPK VAPE SHISHA 15K PUFF resistansen?<\/p>\n<p>VOPK VAPE SHISHA 15K PUFFAR anv\u00e4nder mesh coil-teknologi med en resistans p\u00e5 0,6 ohm\/m, vilket s\u00e4kerst\u00e4ller stabil prestanda och en smidig vapingupplevelse.<br \/>\n4. Hur mycket e-juice kan atomizern VOPK JNR SHISHA 15000 PUFF rymma?<\/p>\n<p>VOPK JNR SHISHA 15000 Puffar-atomizern har en kapacitet p\u00e5 20 ml, vilket m\u00f6jligg\u00f6r l\u00e5ngvariga vaping-sessioner utan frekventa p\u00e5fyllningar.<br \/>\n5. Vilket material \u00e4r coil gjord av i VOPK JNR SHISHA 15K PUFF?<\/p>\n<p>VOPK JNR SHISHA 15K PUFFS-coilen \u00e4r tillverkad av h\u00f6gkvalitativ mesh coil-material, vilket s\u00e4kerst\u00e4ller utm\u00e4rkt \u00e5ngproduktion och ren smakleverans.<br \/>\n6. Vad \u00e4r batterikapaciteten f\u00f6r VOPK JNR VAPE 15000 PUFF-enheten?<\/p>\n<p>VOPK JNR VAPE 15000 Puffar har ett kraftfullt 600mAh-batteri, vilket ger l\u00e5ngvarig och p\u00e5litlig str\u00f6mf\u00f6rs\u00f6rjning f\u00f6r oavbrutna vaping-sessioner.<br \/>\n7. Vilken typ av batteri anv\u00e4nder VOPK JNR VAPE 15K PUFF?<\/p>\n<p>VOPK JNR VAPE 15K PUFFS-enheten anv\u00e4nder batterimodellen 18250, som \u00e4r k\u00e4nd f\u00f6r sin h\u00e5llbarhet och l\u00e5ng livsl\u00e4ngd.<br \/>\n8. Hur l\u00e4nge b\u00f6r jag ladda min 15000 PUFF JNR SHISHA VAPE VOPK?<\/p>\n<p>15000 PUFF VAPE SHISHA VOPK \u00e4r utrustad med en bekv\u00e4m Type-C-laddningsport, vilket m\u00f6jligg\u00f6r snabb och effektiv laddning och minimerar stillest\u00e5ndstid.<br \/>\n9. Vilken vapingstil passar 15000 PUFF JNR SHISHA VOPK f\u00f6r?<\/p>\n<p>VOPK SHISHA VAPE 15000 PUFFAR \u00e4r l\u00e4mplig f\u00f6r Direct-To-Lung (DTL) vaping, vilket erbjuder en rik och tillfredsst\u00e4llande vapingupplevelse.<br \/>\n10. Hur s\u00e4kerst\u00e4ller 15000 PUFF JNR VAPE VOPK anv\u00e4ndarkomfort?<\/p>\n<p>Med sin h\u00f6ga puffkapacitet, visuellt tilltalande design och avancerad coil-teknologi prioriterar VOPK SHISHA VAPE 15000 PUFFAR anv\u00e4ndarn\u00f6jdhet och bekv\u00e4mlhet, vilket g\u00f6r den till ett idealiskt val f\u00f6r b\u00e5de nyb\u00f6rjare och erfarna vapers.<\/p>\n<p>&nbsp;<\/p>\n<p>Hitta fler vape-produkter du kanske gillar:<em><a href=\"https:\/\/rmvapesale.com\/sv\/shop-2\/\">handla nu\u00a0<\/a><\/em><\/p>\n<p>Andra heta s\u00e4ljande vapes du kanske gillar:<\/p>","protected":false},"excerpt":{"rendered":"<p class=\"LC20lb MBeuO DKV0Md\">15K PUFFAR JNR VAPE VOPK Grossistpris<br \/>\n15K PUFFAR JNR SHISHA VOPK Fabrikspris<br \/>\n15K PUFFAR VAPE SHISHA VOPK Rabattpris<br \/>\n<strong>Kontakta Amy f\u00f6r mer rabatt och l\u00e4gre minsta best\u00e4llningskvantitet f\u00f6r Vape<\/strong><\/p>\n<p><img loading=\"lazy\" decoding=\"async\" class=\"size-medium wp-image-1814\" src=\"https:\/\/rmvapesale.com\/wp-content\/uploads\/2024\/04\/whatsapp-amy-229x300.jpg\" alt=\"whatsapp amy\" width=\"229\" height=\"300\" srcset=\"https:\/\/rmvapesale.com\/wp-content\/uploads\/2024\/04\/whatsapp-amy-229x300.jpg 229w, https:\/\/rmvapesale.com\/wp-content\/uploads\/2024\/04\/whatsapp-amy-783x1024.jpg 783w, https:\/\/rmvapesale.com\/wp-content\/uploads\/2024\/04\/whatsapp-amy-768x1005.jpg 768w, https:\/\/rmvapesale.com\/wp-content\/uploads\/2024\/04\/whatsapp-amy-600x785.jpg 600w, https:\/\/rmvapesale.com\/wp-content\/uploads\/2024\/04\/whatsapp-amy.jpg 990w\" sizes=\"auto, (max-width: 229px) 100vw, 229px\" \/><\/p>\n<h3><span style=\"color: #ff0000\"><strong>WhatsApp: +86 17776015835<\/strong><\/span><\/h3>","protected":false},"featured_media":1864,"comment_status":"open","ping_status":"closed","template":"","meta":{"_uag_custom_page_level_css":"","_lmt_disableupdate":"no","_lmt_disable":"","site-sidebar-layout":"default","site-content-layout":"content-boxed-container","ast-site-content-layout":"normal-width-container","site-content-style":"boxed","site-sidebar-style":"unboxed","ast-global-header-display":"","ast-banner-title-visibility":"","ast-main-header-display":"","ast-hfb-above-header-display":"","ast-hfb-below-header-display":"","ast-hfb-mobile-header-display":"","site-post-title":"","ast-breadcrumbs-content":"","ast-featured-img":"","footer-sml-layout":"","theme-transparent-header-meta":"default","adv-header-id-meta":"","stick-header-meta":"","header-above-stick-meta":"","header-main-stick-meta":"","header-below-stick-meta":"","astra-migrate-meta-layouts":"set","ast-page-background-enabled":"default","ast-page-background-meta":{"desktop":{"background-color":"var(--ast-global-color-4)","background-image":"","background-repeat":"repeat","background-position":"center center","background-size":"auto","background-attachment":"scroll","background-type":"","background-media":"","overlay-type":"","overlay-color":"","overlay-opacity":"","overlay-gradient":""},"tablet":{"background-color":"","background-image":"","background-repeat":"repeat","background-position":"center center","background-size":"auto","background-attachment":"scroll","background-type":"","background-media":"","overlay-type":"","overlay-color":"","overlay-opacity":"","overlay-gradient":""},"mobile":{"background-color":"","background-image":"","background-repeat":"repeat","background-position":"center center","background-size":"auto","background-attachment":"scroll","background-type":"","background-media":"","overlay-type":"","overlay-color":"","overlay-opacity":"","overlay-gradient":""}},"ast-content-background-meta":{"desktop":{"background-color":"var(--ast-global-color-5)","background-image":"","background-repeat":"repeat","background-position":"center center","background-size":"auto","background-attachment":"scroll","background-type":"","background-media":"","overlay-type":"","overlay-color":"","overlay-opacity":"","overlay-gradient":""},"tablet":{"background-color":"var(--ast-global-color-5)","background-image":"","background-repeat":"repeat","background-position":"center center","background-size":"auto","background-attachment":"scroll","background-type":"","background-media":"","overlay-type":"","overlay-color":"","overlay-opacity":"","overlay-gradient":""},"mobile":{"background-color":"var(--ast-global-color-5)","background-image":"","background-repeat":"repeat","background-position":"center center","background-size":"auto","background-attachment":"scroll","background-type":"","background-media":"","overlay-type":"","overlay-color":"","overlay-opacity":"","overlay-gradient":""}},"_joinchat":[]},"product_brand":[],"product_cat":[25,289,293,295,296,280,26,28,27,31,61,137,136,15,30],"product_tag":[44,40,41,43,42,37],"class_list":{"0":"post-1869","1":"product","2":"type-product","3":"status-publish","4":"has-post-thumbnail","6":"product_cat-germany-best-selling-vape","7":"product_cat-big-puffs-disposable-vapes","8":"product_cat-low-nicotine-disposable-vapes","9":"product_cat-rechargeable-disposable-vapes","10":"product_cat-shisha-hookah-disposable-vapes","11":"product_cat-vopk-vape","12":"product_cat-netherlands-hot-sale-vape","13":"product_cat-poland-hot-sale-vape","14":"product_cat-fance-hot-sale-vape","15":"product_cat-randm-fumot-vape","16":"product_cat-15000-puffs-disposable-vapes","17":"product_cat-rechargeable-vapes","18":"product_cat-smart-screen-vapes","19":"product_cat-new-vape-this-week","20":"product_cat-minimum-order-quantity-50pcs","21":"product_tag-15k-puffs-15000-vape-wholesale","22":"product_tag-hot-sale-vape","23":"product_tag-original-factory-vape","24":"product_tag-shisha-vape","25":"product_tag-vopk-vape","26":"product_tag-wholesale-vape-price","27":"desktop-align-left","28":"tablet-align-left","29":"mobile-align-left","31":"first","32":"instock","33":"sale","34":"shipping-taxable","35":"purchasable","36":"product-type-simple"},"uagb_featured_image_src":{"full":["https:\/\/rmvapesale.com\/wp-content\/uploads\/2024\/04\/VOPK-SHISHA-VAPE-15K-PUFFS-PRICE.jpg",500,500,false],"thumbnail":["https:\/\/rmvapesale.com\/wp-content\/uploads\/2024\/04\/VOPK-SHISHA-VAPE-15K-PUFFS-PRICE-150x150.jpg",150,150,true],"medium":["https:\/\/rmvapesale.com\/wp-content\/uploads\/2024\/04\/VOPK-SHISHA-VAPE-15K-PUFFS-PRICE-300x300.jpg",300,300,true],"medium_large":["https:\/\/rmvapesale.com\/wp-content\/uploads\/2024\/04\/VOPK-SHISHA-VAPE-15K-PUFFS-PRICE.jpg",500,500,false],"large":["https:\/\/rmvapesale.com\/wp-content\/uploads\/2024\/04\/VOPK-SHISHA-VAPE-15K-PUFFS-PRICE.jpg",500,500,false],"1536x1536":["https:\/\/rmvapesale.com\/wp-content\/uploads\/2024\/04\/VOPK-SHISHA-VAPE-15K-PUFFS-PRICE.jpg",500,500,false],"2048x2048":["https:\/\/rmvapesale.com\/wp-content\/uploads\/2024\/04\/VOPK-SHISHA-VAPE-15K-PUFFS-PRICE.jpg",500,500,false],"trp-custom-language-flag":["https:\/\/rmvapesale.com\/wp-content\/uploads\/2024\/04\/VOPK-SHISHA-VAPE-15K-PUFFS-PRICE.jpg",12,12,false],"woocommerce_thumbnail":["https:\/\/rmvapesale.com\/wp-content\/uploads\/2024\/04\/VOPK-SHISHA-VAPE-15K-PUFFS-PRICE-300x300.jpg",300,300,true],"woocommerce_single":["https:\/\/rmvapesale.com\/wp-content\/uploads\/2024\/04\/VOPK-SHISHA-VAPE-15K-PUFFS-PRICE.jpg",500,500,false],"woocommerce_gallery_thumbnail":["https:\/\/rmvapesale.com\/wp-content\/uploads\/2024\/04\/VOPK-SHISHA-VAPE-15K-PUFFS-PRICE-100x100.jpg",100,100,true],"wcpr-photo-reviews":["https:\/\/rmvapesale.com\/wp-content\/uploads\/2024\/04\/VOPK-SHISHA-VAPE-15K-PUFFS-PRICE.jpg",500,500,false]},"uagb_author_info":{"display_name":"yannazhan","author_link":"https:\/\/rmvapesale.com\/sv\/author\/"},"uagb_comment_info":0,"uagb_excerpt":"15K PUFFS JNR VAPE VOPK Wholesale Price 15K PUFFS JNR SHISHA VOPK Factory Price 15K PUFFS VAPE SHISHA VOPK Discount Price Contact Amy For More Discount And Lower MOQ Vape WhatsApp: +86 17776015835","_links":{"self":[{"href":"https:\/\/rmvapesale.com\/sv\/wp-json\/wp\/v2\/product\/1869","targetHints":{"allow":["GET"]}}],"collection":[{"href":"https:\/\/rmvapesale.com\/sv\/wp-json\/wp\/v2\/product"}],"about":[{"href":"https:\/\/rmvapesale.com\/sv\/wp-json\/wp\/v2\/types\/product"}],"replies":[{"embeddable":true,"href":"https:\/\/rmvapesale.com\/sv\/wp-json\/wp\/v2\/comments?post=1869"}],"wp:featuredmedia":[{"embeddable":true,"href":"https:\/\/rmvapesale.com\/sv\/wp-json\/wp\/v2\/media\/1864"}],"wp:attachment":[{"href":"https:\/\/rmvapesale.com\/sv\/wp-json\/wp\/v2\/media?parent=1869"}],"wp:term":[{"taxonomy":"product_brand","embeddable":true,"href":"https:\/\/rmvapesale.com\/sv\/wp-json\/wp\/v2\/product_brand?post=1869"},{"taxonomy":"product_cat","embeddable":true,"href":"https:\/\/rmvapesale.com\/sv\/wp-json\/wp\/v2\/product_cat?post=1869"},{"taxonomy":"product_tag","embeddable":true,"href":"https:\/\/rmvapesale.com\/sv\/wp-json\/wp\/v2\/product_tag?post=1869"}],"curies":[{"name":"wp","href":"https:\/\/api.w.org\/{rel}","templated":true}]}}