{"id":1886,"date":"2024-05-15T08:46:17","date_gmt":"2024-05-15T08:46:17","guid":{"rendered":"https:\/\/rmvapesale.com\/?post_type=product&#038;p=1886"},"modified":"2024-10-21T08:52:11","modified_gmt":"2024-10-21T08:52:11","slug":"original-randm-vape-digital-puff-12000-fumot-factory-price","status":"publish","type":"product","link":"https:\/\/rmvapesale.com\/sv\/product\/original-randm-vape-digital-puff-12000-fumot-factory-price\/","title":{"rendered":"Original Randm Vape Digital Puff 12000 FUMOT Fabrikspris"},"content":{"rendered":"<h1>Original Randm Vape Digital Puff 12000 FUMOT Fabrikspris<\/h1>\n<p>Det senaste <strong>Original Randm Vape Digital Puff 12000<\/strong>, det perfekta valet f\u00f6r att expandera din marknad i Sverige som Tyskland, Nederl\u00e4nderna, Frankrike, Italien, Spanien, Schweiz, Sverige, Polen, etc. Denna avancerade vaping-enhet har inte bara utm\u00e4rkt prestanda utan erbjuder ocks\u00e5 ett brett utbud av smaker f\u00f6r att tillgodose olika konsumentpreferenser.<\/p>\n<p>Den <strong>Fumot Digital Box 12000 Eng\u00e5ngsvape<\/strong> \u00e4r utrustad med en kapacitet p\u00e5 20 ml e-juice, vilket ger upp till 12 000 puff per enhet, vilket s\u00e4kerst\u00e4ller l\u00e5ngvarig njutning f\u00f6r anv\u00e4ndare. Den har ett integrerat 850mAh uppladdningsbart batteri med en bekv\u00e4m batteri- och e-juicevisning, s\u00e5 att anv\u00e4ndare enkelt kan \u00f6vervaka \u00e5terst\u00e5ende kraft och e-juice niv\u00e5er f\u00f6r en problemfri vaping-upplevelse.<\/p>\n<p>Vi erbjuder ett brett utbud av smaker, inklusive Cool Mint, Watermelon Ice, Grape Ice, Blueberry Raspberry, Strawberry Watermelon och m\u00e5nga fler, totalt 24 unika alternativ. Till exempel ger Cool Mint en uppfriskande och sval k\u00e4nsla, medan Watermelon Ice kombinerar s\u00f6ta och iskalla noter f\u00f6r en h\u00e4rlig upplevelse, perfekt f\u00f6r varma sommardagar.<\/p>\n<p>Dessutom, <strong>Fumot Digital Randm 12000 Eng\u00e5ngsvape<\/strong> anv\u00e4nder avancerad nikotinsaltsteknologi, tillg\u00e4nglig i 0%, 2%, 3% och 5% nikotinkoncentrationer, vilket g\u00f6r att anv\u00e4ndare kan v\u00e4lja den niv\u00e5 som passar deras behov b\u00e4st.<\/p>\n<p>Som VAPE grossist kan du dra nytta av v\u00e5ra fabrikspriser, vilket s\u00e4kerst\u00e4ller maximal kostnadseffektivitet. V\u00e5r minsta best\u00e4llningskvantitet \u00e4r endast 50 stycken, perfekt f\u00f6r grossister som importerar e-cigaretter fr\u00e5n Kina f\u00f6r f\u00f6rsta g\u00e5ngen. Vi erbjuder ocks\u00e5 24-timmars kundsupport och hanterar all tullklarering, vilket g\u00f6r din k\u00f6pprocess smidig och bekymmersfri.<\/p>\n<p><strong>L\u00e4gg till s\u00e4ljchef AMY p\u00e5 WhatsApp <a href=\"https:\/\/wa.me\/8617776015835\" target=\"_blank\" rel=\"noopener\">+86-17776015835<\/a> f\u00e5 mer rabatt!<\/strong><\/p>\n<p><img loading=\"lazy\" decoding=\"async\" class=\"size-medium wp-image-1814\" src=\"https:\/\/rmvapesale.com\/wp-content\/uploads\/2024\/04\/whatsapp-amy-229x300.jpg\" alt=\"whatsapp amy\" width=\"229\" height=\"300\" srcset=\"https:\/\/rmvapesale.com\/wp-content\/uploads\/2024\/04\/whatsapp-amy-229x300.jpg 229w, https:\/\/rmvapesale.com\/wp-content\/uploads\/2024\/04\/whatsapp-amy-783x1024.jpg 783w, https:\/\/rmvapesale.com\/wp-content\/uploads\/2024\/04\/whatsapp-amy-768x1005.jpg 768w, https:\/\/rmvapesale.com\/wp-content\/uploads\/2024\/04\/whatsapp-amy-600x785.jpg 600w, https:\/\/rmvapesale.com\/wp-content\/uploads\/2024\/04\/whatsapp-amy.jpg 990w\" sizes=\"auto, (max-width: 229px) 100vw, 229px\" \/><\/p>\n<h2>Specifikationer f\u00f6r FUMOT PUFF 12000 Eng\u00e5ngsvape:<\/h2>\n<p>Nikotininneh\u00e5llsalternativ: 0%, 2%, 3% och 5%<br \/>\nUpp till 12000 puff<br \/>\nF\u00f6rfylld med 20 ml e-juice<br \/>\n850mAh uppladdningsbart batteri<br \/>\n0.9\u03a9 Mesh-spole<br \/>\n40 tillg\u00e4ngliga smaker<\/p>\n<h2>Popul\u00e4r smak f\u00f6r randm vape Digital 12000 Puff<\/h2>\n<p>1 Cool Mint<br \/>\n2 Vattenmelon Is<br \/>\n3 Druv Is<br \/>\n4 Bl\u00e5b\u00e4r Hallon <strong><span style=\"color: #ff0000\">&gt;&gt;&gt;Het\uff01<\/span><\/strong><br \/>\n5 Jordgubbsvattenmelon<br \/>\n6 Jordgubbsbanan<br \/>\n7 Frodig Is<br \/>\n8 K\u00f6rsb\u00e4r<br \/>\n9 Jordgubbsis<br \/>\n10 Isglass<br \/>\n11 Rosa Lemonad <strong><span style=\"color: #ff0000\">&gt;&gt;&gt;B\u00e4st\uff01<\/span><\/strong><br \/>\n12 Mango p\u00e5 is<br \/>\n13 Blandade B\u00e4r<br \/>\n14 Jordgubbsmunk<br \/>\n15 Jordgubbsdruva<br \/>\n16 K\u00f6rsb\u00e4rscola<br \/>\n17 Dr bl\u00e5<br \/>\n18 Bl\u00e5b\u00e4r p\u00e5 is<br \/>\n19 Kiwi passionsfrukt guava<br \/>\n20 Jordgubbskiwi<br \/>\n21 Persika mango<br \/>\n22 Persika is<br \/>\n23 R\u00f6tt \u00c4pple is<br \/>\n24 Bl\u00e5b\u00e4rstuggummi<br \/>\n25 B\u00e4rlemonad<br \/>\n26 Bl\u00e5 hallonlemonad<br \/>\n27 Sura bl\u00e5hallon <strong><span style=\"color: #ff0000\">&gt;&gt;&gt;Het\uff01<\/span><\/strong><br \/>\n28 Jordgubb Red Bull<br \/>\n29 \u00c4pple- och b\u00e4rsm\u00e4ll<br \/>\n30 Vattenmelon bubbelgum<br \/>\n31 Hallon vattenmelon<br \/>\n32 Svart is<br \/>\n33 Bl\u00e5b\u00e4r k\u00f6rsb\u00e4r tranb\u00e4r <strong><span style=\"color: #ff0000\">&gt;&gt;&gt;Het\uff01<\/span><\/strong><br \/>\n34 Jordgubb granat\u00e4pple<br \/>\n35 Vimto <strong><span style=\"color: #ff0000\">&gt;&gt;&gt;Het\uff01<\/span><\/strong><br \/>\n36 K\u00f6rsb\u00e4rsb\u00e4r<br \/>\n37 Citron<br \/>\n38 Bingo Crush<br \/>\n39 Bl\u00e5b\u00e4r kiwi<br \/>\n40 \u00c4pple Kanel<\/p>\n<figure id=\"attachment_2480\" aria-describedby=\"caption-attachment-2480\" style=\"width: 600px\" class=\"wp-caption alignnone\"><img loading=\"lazy\" decoding=\"async\" class=\"wp-image-2480 size-full\" src=\"https:\/\/rmvapesale.com\/wp-content\/uploads\/2024\/10\/Fumot-Digital-Box-12000-Disposable-Vape.jpg\" alt=\"Fumot Digital Box 12000 Eng\u00e5ngsvape\" width=\"600\" height=\"600\" srcset=\"https:\/\/rmvapesale.com\/wp-content\/uploads\/2024\/10\/Fumot-Digital-Box-12000-Disposable-Vape.jpg 600w, https:\/\/rmvapesale.com\/wp-content\/uploads\/2024\/10\/Fumot-Digital-Box-12000-Disposable-Vape-300x300.jpg 300w, https:\/\/rmvapesale.com\/wp-content\/uploads\/2024\/10\/Fumot-Digital-Box-12000-Disposable-Vape-150x150.jpg 150w, https:\/\/rmvapesale.com\/wp-content\/uploads\/2024\/10\/Fumot-Digital-Box-12000-Disposable-Vape-100x100.jpg 100w\" sizes=\"auto, (max-width: 600px) 100vw, 600px\" \/><figcaption id=\"caption-attachment-2480\" class=\"wp-caption-text\">Fumot Digital Box 12000 Eng\u00e5ngsvape<\/figcaption><\/figure>\n<h2>Saker du kanske vill veta om Fumot Digital Puff 12000 Vape innan du k\u00f6per i bulk.<\/h2>\n<p><strong>Q1: Vilka nikotinalternativ finns tillg\u00e4ngliga f\u00f6r Fumot Randm Digital 12000 Puffs Vape?<\/strong><\/p>\n<ul>\n<li>Den <strong>Original Fumot Vape Digital 12000 Puffs<\/strong> erbjuder nikotinsaltkoncentrationer p\u00e5 0%, 2%, 3% och 5%.<\/li>\n<\/ul>\n<p><strong>Q2: Hur m\u00e5nga smaker finns tillg\u00e4ngliga f\u00f6r denna produkt?<\/strong><\/p>\n<ul>\n<li>Den <strong>Original Randm Digital Vape 12k Puffs<\/strong> finns i 24 olika smaker, inklusive Cool Mint, Watermelon Ice, Grape Ice och fler.<\/li>\n<\/ul>\n<p><strong>Q3: Vad \u00e4r e-v\u00e4tskevolymen och puffantalet f\u00f6r denna enhet?<\/strong><\/p>\n<ul>\n<li>Den <strong>Original Randm Vape Digital Puffs 12000<\/strong> har en e-v\u00e4tskevolym p\u00e5 20 ml och ger upp till 12 000 puffar per enhet.<\/li>\n<\/ul>\n<p><strong>Q4: \u00c4r batteriet uppladdningsbart och hur kan jag \u00f6vervaka dess status?<\/strong><\/p>\n<ul>\n<li>Ja, <strong>Original Randm Digital Vape 12k Puffs<\/strong> har ett integrerat 850mAh uppladdningsbart batteri med en display f\u00f6r att \u00f6vervaka batteri- och e-v\u00e4tskeniv\u00e5er.<\/li>\n<\/ul>\n<p><strong>Q5: Vad \u00e4r minsta best\u00e4llningsm\u00e4ngd och vilken support erbjuder ni f\u00f6r nya import\u00f6rer?<\/strong><\/p>\n<ul>\n<li>V\u00e5r minsta best\u00e4llningsm\u00e4ngd \u00e4r 50 stycken. Vi erbjuder kundsupport dygnet runt och hanterar all tullklarering, vilket g\u00f6r det idealiskt f\u00f6r f\u00f6rstag\u00e5ngsimport\u00f6rer fr\u00e5n Sverige.<\/li>\n<\/ul>\n<p><strong>Q6: Hur \u00e4r produkten f\u00f6rpackad f\u00f6r grossistk\u00f6p?<\/strong><\/p>\n<ul>\n<li>Den <strong>Original Fumot Digital Vape 12k Puffs<\/strong> \u00e4r f\u00f6rpackad med 10 stycken i en displayl\u00e5da och 200 stycken i en kartong.<\/li>\n<\/ul>\n<p><strong>Q7: Finns det n\u00e5gra fabriksprisalternativ tillg\u00e4ngliga f\u00f6r bulkink\u00f6p?<\/strong><\/p>\n<ul>\n<li>Ja, vi erbjuder <strong>Original Fumot Vape Digital 12k Puffs Fabrikspris<\/strong> alternativ f\u00f6r bulkink\u00f6p f\u00f6r att s\u00e4kerst\u00e4lla att du f\u00e5r b\u00e4sta v\u00e4rde.<\/li>\n<\/ul>\n<p><strong>Q8: Kan jag f\u00e5 konkurrenskraftiga priser f\u00f6r stora best\u00e4llningar?<\/strong><\/p>\n<ul>\n<li>Absolut, vi tillhandah\u00e5ller <strong>Original Randm Digital Vape 12k Puffar Partipris<\/strong> f\u00f6r att hj\u00e4lpa dig maximera vinstmarginalerna f\u00f6r din vape-verksamhet.<\/li>\n<\/ul>\n<p>Hitta fler vape-produkter du kanske gillar:<em><a href=\"https:\/\/rmvapesale.com\/sv\/shop-2\/\">handla nu\u00a0<\/a><\/em><\/p>\n<p>Andra heta s\u00e4ljande vapes du kanske gillar:<\/p>\n<p><a href=\"https:\/\/rmvapesale.com\/sv\/product\/jnr-shisha-vape-15000-puffs-wholesale-price-with-screen-vape\/\">VOPK SHISHA 15K<\/a><\/p>\n<p><a href=\"https:\/\/rmvapesale.com\/sv\/product\/randm-vape-al-fakher-10000-puffs-vape-wholesale\/\">randm vape AI FAKHER 15k vape<\/a><\/p>\n<p><a href=\"https:\/\/rmvapesale.com\/sv\/product\/randm-tornado-15000-puffs-15k-vape-recharge-fumot-original-vape-factory-price\/\">Fumot digital box Puff 12000<\/a><\/p>","protected":false},"excerpt":{"rendered":"<p class=\"LC20lb MBeuO DKV0Md\">Original Fumot Vape Digital 12 000 Puff Fabrikspris<br \/>\nOriginal Fumot Vape Digital 12k Puff Pris Partihandel<br \/>\nFumot Vape RandM Digital 12000 Pris Billigt<br \/>\n<strong>Kontakta Amy f\u00f6r mer rabatt och l\u00e4gre minsta best\u00e4llningskvantitet f\u00f6r Vape<\/strong><\/p>\n<p><img loading=\"lazy\" decoding=\"async\" class=\"size-medium wp-image-1814\" src=\"https:\/\/rmvapesale.com\/wp-content\/uploads\/2024\/04\/whatsapp-amy-229x300.jpg\" alt=\"whatsapp amy\" width=\"229\" height=\"300\" srcset=\"https:\/\/rmvapesale.com\/wp-content\/uploads\/2024\/04\/whatsapp-amy-229x300.jpg 229w, https:\/\/rmvapesale.com\/wp-content\/uploads\/2024\/04\/whatsapp-amy-783x1024.jpg 783w, https:\/\/rmvapesale.com\/wp-content\/uploads\/2024\/04\/whatsapp-amy-768x1005.jpg 768w, https:\/\/rmvapesale.com\/wp-content\/uploads\/2024\/04\/whatsapp-amy-600x785.jpg 600w, https:\/\/rmvapesale.com\/wp-content\/uploads\/2024\/04\/whatsapp-amy.jpg 990w\" sizes=\"auto, (max-width: 229px) 100vw, 229px\" \/><\/p>\n<h3><span style=\"color: #ff0000\"><strong>WhatsApp: +86 17776015835<\/strong><\/span><\/h3>","protected":false},"featured_media":2485,"comment_status":"open","ping_status":"closed","template":"","meta":{"_uag_custom_page_level_css":"","_lmt_disableupdate":"no","_lmt_disable":"","site-sidebar-layout":"default","site-content-layout":"content-boxed-container","ast-site-content-layout":"normal-width-container","site-content-style":"boxed","site-sidebar-style":"unboxed","ast-global-header-display":"","ast-banner-title-visibility":"","ast-main-header-display":"","ast-hfb-above-header-display":"","ast-hfb-below-header-display":"","ast-hfb-mobile-header-display":"","site-post-title":"","ast-breadcrumbs-content":"","ast-featured-img":"","footer-sml-layout":"","theme-transparent-header-meta":"default","adv-header-id-meta":"","stick-header-meta":"","header-above-stick-meta":"","header-main-stick-meta":"","header-below-stick-meta":"","astra-migrate-meta-layouts":"set","ast-page-background-enabled":"default","ast-page-background-meta":{"desktop":{"background-color":"var(--ast-global-color-4)","background-image":"","background-repeat":"repeat","background-position":"center center","background-size":"auto","background-attachment":"scroll","background-type":"","background-media":"","overlay-type":"","overlay-color":"","overlay-opacity":"","overlay-gradient":""},"tablet":{"background-color":"","background-image":"","background-repeat":"repeat","background-position":"center center","background-size":"auto","background-attachment":"scroll","background-type":"","background-media":"","overlay-type":"","overlay-color":"","overlay-opacity":"","overlay-gradient":""},"mobile":{"background-color":"","background-image":"","background-repeat":"repeat","background-position":"center center","background-size":"auto","background-attachment":"scroll","background-type":"","background-media":"","overlay-type":"","overlay-color":"","overlay-opacity":"","overlay-gradient":""}},"ast-content-background-meta":{"desktop":{"background-color":"var(--ast-global-color-5)","background-image":"","background-repeat":"repeat","background-position":"center center","background-size":"auto","background-attachment":"scroll","background-type":"","background-media":"","overlay-type":"","overlay-color":"","overlay-opacity":"","overlay-gradient":""},"tablet":{"background-color":"var(--ast-global-color-5)","background-image":"","background-repeat":"repeat","background-position":"center center","background-size":"auto","background-attachment":"scroll","background-type":"","background-media":"","overlay-type":"","overlay-color":"","overlay-opacity":"","overlay-gradient":""},"mobile":{"background-color":"var(--ast-global-color-5)","background-image":"","background-repeat":"repeat","background-position":"center center","background-size":"auto","background-attachment":"scroll","background-type":"","background-media":"","overlay-type":"","overlay-color":"","overlay-opacity":"","overlay-gradient":""}},"_joinchat":[]},"product_brand":[],"product_cat":[25,26,28,27,31,15,30],"product_tag":[45,46,39,40,111,41,38,165,37],"class_list":{"0":"post-1886","1":"product","2":"type-product","3":"status-publish","4":"has-post-thumbnail","6":"product_cat-germany-best-selling-vape","7":"product_cat-netherlands-hot-sale-vape","8":"product_cat-poland-hot-sale-vape","9":"product_cat-fance-hot-sale-vape","10":"product_cat-randm-fumot-vape","11":"product_cat-new-vape-this-week","12":"product_cat-minimum-order-quantity-50pcs","13":"product_tag-12k-vape-puff-12000","14":"product_tag-digital-box-12000-puff-original","15":"product_tag-fumot-vape","16":"product_tag-hot-sale-vape","17":"product_tag-low-nicotine-disposable-vape","18":"product_tag-original-factory-vape","19":"product_tag-randm-vape","20":"product_tag-rechargeable-vapes","21":"product_tag-wholesale-vape-price","22":"desktop-align-left","23":"tablet-align-left","24":"mobile-align-left","26":"first","27":"instock","28":"sale","29":"shipping-taxable","30":"purchasable","31":"product-type-simple"},"uagb_featured_image_src":{"full":["https:\/\/rmvapesale.com\/wp-content\/uploads\/2024\/10\/Randm-Vape-12000-Puffs.jpg",600,600,false],"thumbnail":["https:\/\/rmvapesale.com\/wp-content\/uploads\/2024\/10\/Randm-Vape-12000-Puffs-150x150.jpg",150,150,true],"medium":["https:\/\/rmvapesale.com\/wp-content\/uploads\/2024\/10\/Randm-Vape-12000-Puffs-300x300.jpg",300,300,true],"medium_large":["https:\/\/rmvapesale.com\/wp-content\/uploads\/2024\/10\/Randm-Vape-12000-Puffs.jpg",600,600,false],"large":["https:\/\/rmvapesale.com\/wp-content\/uploads\/2024\/10\/Randm-Vape-12000-Puffs.jpg",600,600,false],"1536x1536":["https:\/\/rmvapesale.com\/wp-content\/uploads\/2024\/10\/Randm-Vape-12000-Puffs.jpg",600,600,false],"2048x2048":["https:\/\/rmvapesale.com\/wp-content\/uploads\/2024\/10\/Randm-Vape-12000-Puffs.jpg",600,600,false],"trp-custom-language-flag":["https:\/\/rmvapesale.com\/wp-content\/uploads\/2024\/10\/Randm-Vape-12000-Puffs.jpg",12,12,false],"woocommerce_thumbnail":["https:\/\/rmvapesale.com\/wp-content\/uploads\/2024\/10\/Randm-Vape-12000-Puffs-300x300.jpg",300,300,true],"woocommerce_single":["https:\/\/rmvapesale.com\/wp-content\/uploads\/2024\/10\/Randm-Vape-12000-Puffs.jpg",600,600,false],"woocommerce_gallery_thumbnail":["https:\/\/rmvapesale.com\/wp-content\/uploads\/2024\/10\/Randm-Vape-12000-Puffs-100x100.jpg",100,100,true],"wcpr-photo-reviews":["https:\/\/rmvapesale.com\/wp-content\/uploads\/2024\/10\/Randm-Vape-12000-Puffs.jpg",500,500,false]},"uagb_author_info":{"display_name":"yannazhan","author_link":"https:\/\/rmvapesale.com\/sv\/author\/"},"uagb_comment_info":0,"uagb_excerpt":"Original Fumot Vape Digital 12ooo Puffs Factory Price Original Fumot Vape Digital 12k Puffs Price Bulk Buy Fumot Vape RandM Digital 12000 Price Cheap Contact Amy For More Discount And Lower MOQ Vape WhatsApp: +86 17776015835","_links":{"self":[{"href":"https:\/\/rmvapesale.com\/sv\/wp-json\/wp\/v2\/product\/1886","targetHints":{"allow":["GET"]}}],"collection":[{"href":"https:\/\/rmvapesale.com\/sv\/wp-json\/wp\/v2\/product"}],"about":[{"href":"https:\/\/rmvapesale.com\/sv\/wp-json\/wp\/v2\/types\/product"}],"replies":[{"embeddable":true,"href":"https:\/\/rmvapesale.com\/sv\/wp-json\/wp\/v2\/comments?post=1886"}],"wp:featuredmedia":[{"embeddable":true,"href":"https:\/\/rmvapesale.com\/sv\/wp-json\/wp\/v2\/media\/2485"}],"wp:attachment":[{"href":"https:\/\/rmvapesale.com\/sv\/wp-json\/wp\/v2\/media?parent=1886"}],"wp:term":[{"taxonomy":"product_brand","embeddable":true,"href":"https:\/\/rmvapesale.com\/sv\/wp-json\/wp\/v2\/product_brand?post=1886"},{"taxonomy":"product_cat","embeddable":true,"href":"https:\/\/rmvapesale.com\/sv\/wp-json\/wp\/v2\/product_cat?post=1886"},{"taxonomy":"product_tag","embeddable":true,"href":"https:\/\/rmvapesale.com\/sv\/wp-json\/wp\/v2\/product_tag?post=1886"}],"curies":[{"name":"wp","href":"https:\/\/api.w.org\/{rel}","templated":true}]}}