{"id":1892,"date":"2024-05-15T09:27:34","date_gmt":"2024-05-15T09:27:34","guid":{"rendered":"https:\/\/rmvapesale.com\/?post_type=product&#038;p=1892"},"modified":"2024-10-22T08:17:31","modified_gmt":"2024-10-22T08:17:31","slug":"original-randm-tornado-9000-puffs-vape-fumot-factory-price-cheap","status":"publish","type":"product","link":"https:\/\/rmvapesale.com\/sv\/product\/original-randm-tornado-9000-puffs-vape-fumot-factory-price-cheap\/","title":{"rendered":"Original RANDM TORNADO 9000 Puffs Vape Fumot Fabrikspris Billigt"},"content":{"rendered":"<h1>Original RANDM TORNADO 9000 Puffs Vape Fumot Fabrikspris Billigt<\/h1>\n<p>Fumot Vape RANDM TORNADO 9000 Puffs, en banbrytande eng\u00e5ngs vape-enhet skr\u00e4ddarsydd f\u00f6r att m\u00f6ta behoven hos kr\u00e4sna europeiska grossister. Konstruerad med precision och innovation, utlovar denna enhet en exceptionell vaping-upplevelse som kombinerar h\u00f6g prestanda med ett omfattande smakutbud.<\/p>\n<p>Med sina avancerade funktioner sticker Fumot vape 9000 ut bland sina konkurrenter. Utrustad med en mesh-spole och ett integrerat 850mAh uppladdningsbart batteri, s\u00e4kerst\u00e4ller den smidig och konsekvent \u00e5ngproduktion f\u00f6r l\u00e5ngvarig njutning. Enheten erbjuder ett urval av nikotinsaltkoncentrationer fr\u00e5n 0% till 5%, som tillgodoser olika preferenser.<\/p>\n<p>Men det som verkligen skiljer RANDM TORNADO 9000 fr\u00e5n m\u00e4ngden \u00e4r dess omfattande smakutbud. Med 43 frestande alternativ att v\u00e4lja mellan, inklusive klassiker som Lush Ice och Strawberry Lemonade, samt unika blandningar som Honeydew Ice Cream och Pina Colada, finns det n\u00e5got som passar varje gom.<\/p>\n<p>Om du \u00e4r en vape-s\u00e4ljare och s\u00f6ker h\u00f6gkvalitativa vape-produkter till konkurrenskraftiga priser.<\/p>\n<p><strong>L\u00e4gg till s\u00e4ljchef AMY p\u00e5 WhatsApp <a href=\"https:\/\/wa.me\/8617776015835\" target=\"_blank\" rel=\"noopener\">+86-17776015835<\/a> f\u00e5 mer rabatt!<\/strong><\/p>\n<p><img loading=\"lazy\" decoding=\"async\" class=\"size-medium wp-image-1814\" src=\"https:\/\/rmvapesale.com\/wp-content\/uploads\/2024\/04\/whatsapp-amy-229x300.jpg\" alt=\"whatsapp amy\" width=\"229\" height=\"300\" srcset=\"https:\/\/rmvapesale.com\/wp-content\/uploads\/2024\/04\/whatsapp-amy-229x300.jpg 229w, https:\/\/rmvapesale.com\/wp-content\/uploads\/2024\/04\/whatsapp-amy-783x1024.jpg 783w, https:\/\/rmvapesale.com\/wp-content\/uploads\/2024\/04\/whatsapp-amy-768x1005.jpg 768w, https:\/\/rmvapesale.com\/wp-content\/uploads\/2024\/04\/whatsapp-amy-600x785.jpg 600w, https:\/\/rmvapesale.com\/wp-content\/uploads\/2024\/04\/whatsapp-amy.jpg 990w\" sizes=\"auto, (max-width: 229px) 100vw, 229px\" \/><\/p>\n<h3>Specifikationer F\u00d6R FUMOT PUFF 9000 Eng\u00e5ngs Vape-enhet:<\/h3>\n<p>Nikotininneh\u00e5llsalternativ: 0%, 2%, 3% och 5%<br \/>\nUpp till 9000 bloss<br \/>\nF\u00f6rfylld med 18 ml e-v\u00e4tska<br \/>\n850mAh uppladdningsbart batteri<br \/>\n0.9\u03a9 Mesh-spole<br \/>\n43 tillg\u00e4ngliga smaker i lager<\/p>\n<figure id=\"attachment_1930\" aria-describedby=\"caption-attachment-1930\" style=\"width: 800px\" class=\"wp-caption alignnone\"><img loading=\"lazy\" decoding=\"async\" class=\"wp-image-1930 size-full\" src=\"https:\/\/rmvapesale.com\/wp-content\/uploads\/2024\/08\/Fumot-Randm-Tornado-9000-Disposable-Vape-Gummy-Bear.png\" alt=\"Fumot Randm Tornado 9000 Eng\u00e5ngs Vape Gummy Bear\" width=\"800\" height=\"800\" srcset=\"https:\/\/rmvapesale.com\/wp-content\/uploads\/2024\/08\/Fumot-Randm-Tornado-9000-Disposable-Vape-Gummy-Bear.png 800w, https:\/\/rmvapesale.com\/wp-content\/uploads\/2024\/08\/Fumot-Randm-Tornado-9000-Disposable-Vape-Gummy-Bear-300x300.png 300w, https:\/\/rmvapesale.com\/wp-content\/uploads\/2024\/08\/Fumot-Randm-Tornado-9000-Disposable-Vape-Gummy-Bear-150x150.png 150w, https:\/\/rmvapesale.com\/wp-content\/uploads\/2024\/08\/Fumot-Randm-Tornado-9000-Disposable-Vape-Gummy-Bear-768x768.png 768w, https:\/\/rmvapesale.com\/wp-content\/uploads\/2024\/08\/Fumot-Randm-Tornado-9000-Disposable-Vape-Gummy-Bear-600x600.png 600w, https:\/\/rmvapesale.com\/wp-content\/uploads\/2024\/08\/Fumot-Randm-Tornado-9000-Disposable-Vape-Gummy-Bear-100x100.png 100w\" sizes=\"auto, (max-width: 800px) 100vw, 800px\" \/><figcaption id=\"caption-attachment-1930\" class=\"wp-caption-text\">Fumot Randm Tornado 9000 Eng\u00e5ngs Vape Gummy Bear<\/figcaption><\/figure>\n<h2>RANDM TORNADO 9000 Puffs Smak<\/h2>\n<p>1 Aloe druva<br \/>\n2 Banankr\u00e4m<br \/>\n3 Svart drakis<br \/>\n4 Svart is<br \/>\n5 Bl\u00e5 hallonis<br \/>\n6 Bl\u00e5 hallon Kush<br \/>\n7 Bl\u00e5b\u00e4r k\u00f6rsb\u00e4r tranb\u00e4r<br \/>\n8 Bl\u00e5b\u00e4r hallon<br \/>\n9 Bl\u00e5b\u00e4r sura hallon<br \/>\n10 Bl\u00e5lisk is<br \/>\n11 K\u00f6rsb\u00e4r<br \/>\n12 K\u00f6rsb\u00e4r persika lemonad<br \/>\n13 Sval mint<br \/>\n14 Fysigt k\u00f6rsb\u00e4r<br \/>\n15 Druva<br \/>\n16 Gummibj\u00f6rn<br \/>\n17 Guavais<br \/>\n18 Iskall<br \/>\n19 Kiwi passionsfrukt guava<br \/>\n20 Citron<br \/>\n21 Frodig Is<br \/>\n22 Blandade B\u00e4r<br \/>\n23 Herr Bl\u00e5<br \/>\n24 Apelsinl\u00e4sk<br \/>\n25 Persikob\u00e4r<br \/>\n26 Persikolimonad<br \/>\n27 Persikomango Ananas<br \/>\n28 Ananas<br \/>\n29 Rosa Lemonad<br \/>\n30 Regnb\u00e5gsgodis<br \/>\n31 Hallonmelon<br \/>\n32 Skittles<br \/>\n33 Surt godis<br \/>\n34 Jordgubbsbanan<br \/>\n35 Jordgubbsgr\u00e4dde<br \/>\n36 Jordgubbsis<br \/>\n37 Jordgubbslemonad<br \/>\n38 Jordgubbs-hallon-k\u00f6rsb\u00e4rsis<br \/>\n39 Jordgubbsvattenmelon<br \/>\n40 Trippelmango<br \/>\n41 Vimto<br \/>\n42 Vattenmelon Brazz Ice<\/p>\n<p>Saker du kanske vill veta om Randm 9000 puffs Vape innan du k\u00f6per i stora kvantiteter.<\/p>\n<h4>FAQ:<\/h4>\n<p><strong>F: Vilka prisalternativ finns det f\u00f6r Fumot RANDM TORNADO 9000?<\/strong><\/p>\n<p>S: Vi erbjuder konkurrenskraftiga fabrikspriser f\u00f6r den ursprungliga Randm Vape Device Puffs 9000, b\u00e5de f\u00f6r enskilda enheter och storbest\u00e4llningar.<\/p>\n<p><strong>F: Finns det grossistpriser tillg\u00e4ngliga f\u00f6r Fumot RANDM TORNADO 9000?<\/strong><\/p>\n<p>S: Ja, vi erbjuder grossistpriser f\u00f6r det ursprungliga Randm Vape Kit 9000 Puffs, som riktar sig till grossister som vill k\u00f6pa st\u00f6rre kvantiteter.<\/p>\n<p><strong>F: Vilka pristyper finns det f\u00f6r bulkbest\u00e4llningar av Fumot RANDM TORNADO 9000?<\/strong><\/p>\n<p>S: Vi erbjuder attraktiva bulkpriser f\u00f6r den ursprungliga Randm Vape Pod Puffs 9000, vilket garanterar kostnadsbesparingar f\u00f6r grossister som k\u00f6per st\u00f6rre volymer.<\/p>\n<p><strong>F: Erbjuder ni specialpriser f\u00f6r f\u00f6rstag\u00e5ngsimport\u00f6rer?<\/strong><\/p>\n<p>S: Ja, vi erbjuder konkurrenskraftiga priser f\u00f6r Fumot RANDM TORNADO 9000, vilket g\u00f6r den till ett idealiskt val f\u00f6r f\u00f6rstag\u00e5ngsimport\u00f6rer av e-cigaretter i Sverige.<\/p>\n<p>Hitta fler vape-produkter du kanske gillar:<em><a href=\"https:\/\/rmvapesale.com\/sv\/shop-2\/\">handla nu\u00a0<\/a><\/em><\/p>\n<p>Andra heta s\u00e4ljande vapes du kanske gillar:<\/p>\n<p><a href=\"https:\/\/rmvapesale.com\/sv\/product\/jnr-shisha-vape-15000-puffs-wholesale-price-with-screen-vape\/\">VOPK SHISHA 15K\/ <\/a><a href=\"https:\/\/rmvapesale.com\/sv\/product\/randm-vape-al-fakher-10000-puffs-vape-wholesale\/\">randm vape AI FAKHER 15k vape\/<\/a><a href=\"https:\/\/rmvapesale.com\/sv\/product\/randm-tornado-15000-puffs-15k-vape-recharge-fumot-original-vape-factory-price\/\">Fumot digital box Puff 12000<\/a><\/p>","protected":false},"excerpt":{"rendered":"<p class=\"LC20lb MBeuO DKV0Md\">Billigt Pris 9ooo Puffs Vape-enhet Original Fumot<br \/>\nMassk\u00f6p 9ooo Puffs Vape-enhet Original Randm<br \/>\nGrossistpris 9ooo Puffs Vape Kit Original Fumot<br \/>\n<strong>Kontakta Amy f\u00f6r mer rabatt och l\u00e4gre minsta best\u00e4llningskvantitet f\u00f6r Vape<\/strong><\/p>\n<p><img loading=\"lazy\" decoding=\"async\" class=\"size-medium wp-image-1814\" src=\"https:\/\/rmvapesale.com\/wp-content\/uploads\/2024\/04\/whatsapp-amy-229x300.jpg\" alt=\"whatsapp amy\" width=\"229\" height=\"300\" srcset=\"https:\/\/rmvapesale.com\/wp-content\/uploads\/2024\/04\/whatsapp-amy-229x300.jpg 229w, https:\/\/rmvapesale.com\/wp-content\/uploads\/2024\/04\/whatsapp-amy-783x1024.jpg 783w, https:\/\/rmvapesale.com\/wp-content\/uploads\/2024\/04\/whatsapp-amy-768x1005.jpg 768w, https:\/\/rmvapesale.com\/wp-content\/uploads\/2024\/04\/whatsapp-amy-600x785.jpg 600w, https:\/\/rmvapesale.com\/wp-content\/uploads\/2024\/04\/whatsapp-amy.jpg 990w\" sizes=\"auto, (max-width: 229px) 100vw, 229px\" \/><\/p>\n<h3><span style=\"color: #ff0000\"><strong>WhatsApp: +86 17776015835<\/strong><\/span><\/h3>","protected":false},"featured_media":1887,"comment_status":"open","ping_status":"closed","template":"","meta":{"_uag_custom_page_level_css":"","_lmt_disableupdate":"no","_lmt_disable":"","site-sidebar-layout":"default","site-content-layout":"content-boxed-container","ast-site-content-layout":"normal-width-container","site-content-style":"boxed","site-sidebar-style":"unboxed","ast-global-header-display":"","ast-banner-title-visibility":"","ast-main-header-display":"","ast-hfb-above-header-display":"","ast-hfb-below-header-display":"","ast-hfb-mobile-header-display":"","site-post-title":"","ast-breadcrumbs-content":"","ast-featured-img":"","footer-sml-layout":"","theme-transparent-header-meta":"default","adv-header-id-meta":"","stick-header-meta":"","header-above-stick-meta":"","header-main-stick-meta":"","header-below-stick-meta":"","astra-migrate-meta-layouts":"set","ast-page-background-enabled":"default","ast-page-background-meta":{"desktop":{"background-color":"var(--ast-global-color-4)","background-image":"","background-repeat":"repeat","background-position":"center center","background-size":"auto","background-attachment":"scroll","background-type":"","background-media":"","overlay-type":"","overlay-color":"","overlay-opacity":"","overlay-gradient":""},"tablet":{"background-color":"","background-image":"","background-repeat":"repeat","background-position":"center center","background-size":"auto","background-attachment":"scroll","background-type":"","background-media":"","overlay-type":"","overlay-color":"","overlay-opacity":"","overlay-gradient":""},"mobile":{"background-color":"","background-image":"","background-repeat":"repeat","background-position":"center center","background-size":"auto","background-attachment":"scroll","background-type":"","background-media":"","overlay-type":"","overlay-color":"","overlay-opacity":"","overlay-gradient":""}},"ast-content-background-meta":{"desktop":{"background-color":"var(--ast-global-color-5)","background-image":"","background-repeat":"repeat","background-position":"center center","background-size":"auto","background-attachment":"scroll","background-type":"","background-media":"","overlay-type":"","overlay-color":"","overlay-opacity":"","overlay-gradient":""},"tablet":{"background-color":"var(--ast-global-color-5)","background-image":"","background-repeat":"repeat","background-position":"center center","background-size":"auto","background-attachment":"scroll","background-type":"","background-media":"","overlay-type":"","overlay-color":"","overlay-opacity":"","overlay-gradient":""},"mobile":{"background-color":"var(--ast-global-color-5)","background-image":"","background-repeat":"repeat","background-position":"center center","background-size":"auto","background-attachment":"scroll","background-type":"","background-media":"","overlay-type":"","overlay-color":"","overlay-opacity":"","overlay-gradient":""}},"_joinchat":[]},"product_brand":[],"product_cat":[25,52,51,123,26,28,135,27,31,137,15,30],"product_tag":[47,39,40,41,181,38,37],"class_list":{"0":"post-1892","1":"product","2":"type-product","3":"status-publish","4":"has-post-thumbnail","6":"product_cat-germany-best-selling-vape","7":"product_cat-9000-puffs-disposable-vapes","8":"product_cat-fumot-vape","9":"product_cat-italy-wholesale-vape","10":"product_cat-netherlands-hot-sale-vape","11":"product_cat-poland-hot-sale-vape","12":"product_cat-spain-best-hot-sale-vape","13":"product_cat-fance-hot-sale-vape","14":"product_cat-randm-fumot-vape","15":"product_cat-rechargeable-vapes","16":"product_cat-new-vape-this-week","17":"product_cat-minimum-order-quantity-50pcs","18":"product_tag-9000-puffs-vape","19":"product_tag-fumot-vape","20":"product_tag-hot-sale-vape","21":"product_tag-original-factory-vape","22":"product_tag-randm-tornado-9000","23":"product_tag-randm-vape","24":"product_tag-wholesale-vape-price","25":"desktop-align-left","26":"tablet-align-left","27":"mobile-align-left","29":"first","30":"instock","31":"sale","32":"shipping-taxable","33":"purchasable","34":"product-type-simple"},"uagb_featured_image_src":{"full":["https:\/\/rmvapesale.com\/wp-content\/uploads\/2024\/05\/RM-TORNADO-VAPE-DISPOSABEL-9000-PUFFS.png",600,600,false],"thumbnail":["https:\/\/rmvapesale.com\/wp-content\/uploads\/2024\/05\/RM-TORNADO-VAPE-DISPOSABEL-9000-PUFFS-150x150.png",150,150,true],"medium":["https:\/\/rmvapesale.com\/wp-content\/uploads\/2024\/05\/RM-TORNADO-VAPE-DISPOSABEL-9000-PUFFS-300x300.png",300,300,true],"medium_large":["https:\/\/rmvapesale.com\/wp-content\/uploads\/2024\/05\/RM-TORNADO-VAPE-DISPOSABEL-9000-PUFFS.png",600,600,false],"large":["https:\/\/rmvapesale.com\/wp-content\/uploads\/2024\/05\/RM-TORNADO-VAPE-DISPOSABEL-9000-PUFFS.png",600,600,false],"1536x1536":["https:\/\/rmvapesale.com\/wp-content\/uploads\/2024\/05\/RM-TORNADO-VAPE-DISPOSABEL-9000-PUFFS.png",600,600,false],"2048x2048":["https:\/\/rmvapesale.com\/wp-content\/uploads\/2024\/05\/RM-TORNADO-VAPE-DISPOSABEL-9000-PUFFS.png",600,600,false],"trp-custom-language-flag":["https:\/\/rmvapesale.com\/wp-content\/uploads\/2024\/05\/RM-TORNADO-VAPE-DISPOSABEL-9000-PUFFS.png",12,12,false],"woocommerce_thumbnail":["https:\/\/rmvapesale.com\/wp-content\/uploads\/2024\/05\/RM-TORNADO-VAPE-DISPOSABEL-9000-PUFFS-300x300.png",300,300,true],"woocommerce_single":["https:\/\/rmvapesale.com\/wp-content\/uploads\/2024\/05\/RM-TORNADO-VAPE-DISPOSABEL-9000-PUFFS.png",600,600,false],"woocommerce_gallery_thumbnail":["https:\/\/rmvapesale.com\/wp-content\/uploads\/2024\/05\/RM-TORNADO-VAPE-DISPOSABEL-9000-PUFFS-100x100.png",100,100,true],"wcpr-photo-reviews":["https:\/\/rmvapesale.com\/wp-content\/uploads\/2024\/05\/RM-TORNADO-VAPE-DISPOSABEL-9000-PUFFS.png",500,500,false]},"uagb_author_info":{"display_name":"yannazhan","author_link":"https:\/\/rmvapesale.com\/sv\/author\/"},"uagb_comment_info":0,"uagb_excerpt":"Cheap Price 9ooo Puffs Vape Device Original Fumot Bulk Buy 9ooo Puffs Vape Device Original Randm Wholesale Price 9ooo Puffs Vape Kit Original Fumot Contact Amy For More Discount And Lower MOQ Vape WhatsApp: +86 17776015835","_links":{"self":[{"href":"https:\/\/rmvapesale.com\/sv\/wp-json\/wp\/v2\/product\/1892","targetHints":{"allow":["GET"]}}],"collection":[{"href":"https:\/\/rmvapesale.com\/sv\/wp-json\/wp\/v2\/product"}],"about":[{"href":"https:\/\/rmvapesale.com\/sv\/wp-json\/wp\/v2\/types\/product"}],"replies":[{"embeddable":true,"href":"https:\/\/rmvapesale.com\/sv\/wp-json\/wp\/v2\/comments?post=1892"}],"wp:featuredmedia":[{"embeddable":true,"href":"https:\/\/rmvapesale.com\/sv\/wp-json\/wp\/v2\/media\/1887"}],"wp:attachment":[{"href":"https:\/\/rmvapesale.com\/sv\/wp-json\/wp\/v2\/media?parent=1892"}],"wp:term":[{"taxonomy":"product_brand","embeddable":true,"href":"https:\/\/rmvapesale.com\/sv\/wp-json\/wp\/v2\/product_brand?post=1892"},{"taxonomy":"product_cat","embeddable":true,"href":"https:\/\/rmvapesale.com\/sv\/wp-json\/wp\/v2\/product_cat?post=1892"},{"taxonomy":"product_tag","embeddable":true,"href":"https:\/\/rmvapesale.com\/sv\/wp-json\/wp\/v2\/product_tag?post=1892"}],"curies":[{"name":"wp","href":"https:\/\/api.w.org\/{rel}","templated":true}]}}