{"id":1894,"date":"2024-05-24T08:08:12","date_gmt":"2024-05-24T08:08:12","guid":{"rendered":"https:\/\/rmvapesale.com\/?post_type=product&#038;p=1894"},"modified":"2024-10-22T08:49:55","modified_gmt":"2024-10-22T08:49:55","slug":"randm-tornado-7000-puffs-original-cheap-price-vapes-fumot-factory","status":"publish","type":"product","link":"https:\/\/rmvapesale.com\/sv\/product\/randm-tornado-7000-puffs-original-cheap-price-vapes-fumot-factory\/","title":{"rendered":"RANDM TORNADO 7000 Puffs Original Billigt Pris Vapes Fumot Fabrik"},"content":{"rendered":"<h1>RANDM TORNADO 7000 Puffs Original Billigt Pris Vapes Fumot Fabrik<\/h1>\n<p>Den <strong>Fumot Vape RANDM TORNADO 7000<\/strong> \u00e4r en visuellt innovativ eng\u00e5ngsvape-enhet, konstruerad med en unik oljekopp och oljek\u00e4rnseparationsdesign, som riktar sig s\u00e4rskilt till behoven hos svenska grossister.<\/p>\n<p>Med en <strong>14 ml oljekapacitet<\/strong>, den <strong>RANDM vape 7000<\/strong> levererar upp till <strong>7000 puffar<\/strong>, som erbjuder en f\u00f6rl\u00e4ngd och tillfredsst\u00e4llande vapingupplevelse. Drivs av en <strong>850mAh batteri<\/strong>, denna enhet s\u00e4kerst\u00e4ller l\u00e5ngvarig prestanda. Det tar bara tre timmar att ladda helt med <strong>Type-C laddningsport<\/strong>.<\/p>\n<p>En av de viktigaste funktionerna hos den <strong>RANDM TORNADO 7000<\/strong> \u00e4r dess avancerade <strong>mesh coil<\/strong>, som garanterar en smidig och smakrik vape med varje puff. Anv\u00e4ndare kan v\u00e4lja bland ett imponerande urval av <strong>56 frukt-smaker<\/strong>, vilket s\u00e4kerst\u00e4ller att det finns n\u00e5got f\u00f6r alla. Oavsett om det \u00e4r den s\u00f6ta syrligheten av b\u00e4r eller den uppfriskande citrustonen.<\/p>\n<p>Denna enhet \u00e4r en framst\u00e5ende i <strong>popul\u00e4ra vapes<\/strong> marknaden och \u00e4r mycket eftertraktad i <strong>Fumot eng\u00e5ngsvape-varum\u00e4rken<\/strong> samling. Oavsett om du letar efter en <strong>eng\u00e5ngs vape-alternativ med l\u00e5g nikotinhalt<\/strong> eller bara utforskar nya smaker, \u00e4r <strong>TORNADO 7000<\/strong> levererar en premium vapingupplevelse till ett \u00f6verkomligt pris.<\/p>\n<p>Utforska det b\u00e4sta av <strong>randm vapes<\/strong> och njut av \u00f6verl\u00e4gsen smak, bekv\u00e4mlighet och prisv\u00e4rdhet med <strong>RANDM TORNADO 7000<\/strong>.<\/p>\n<p><img loading=\"lazy\" decoding=\"async\" class=\"alignnone size-medium wp-image-1896\" src=\"https:\/\/rmvapesale.com\/wp-content\/uploads\/2024\/05\/RANDM-TORNADO-7000-hit-hot-sale-300x273.jpg\" alt=\"RANDM TORNADO 7000 het f\u00f6rs\u00e4ljning\" width=\"300\" height=\"273\" srcset=\"https:\/\/rmvapesale.com\/wp-content\/uploads\/2024\/05\/RANDM-TORNADO-7000-hit-hot-sale-300x273.jpg 300w, https:\/\/rmvapesale.com\/wp-content\/uploads\/2024\/05\/RANDM-TORNADO-7000-hit-hot-sale-768x699.jpg 768w, https:\/\/rmvapesale.com\/wp-content\/uploads\/2024\/05\/RANDM-TORNADO-7000-hit-hot-sale-600x546.jpg 600w, https:\/\/rmvapesale.com\/wp-content\/uploads\/2024\/05\/RANDM-TORNADO-7000-hit-hot-sale.jpg 800w\" sizes=\"auto, (max-width: 300px) 100vw, 300px\" \/><\/p>\n<p><strong>L\u00e4gg till s\u00e4ljchef AMY p\u00e5 WhatsApp <a href=\"https:\/\/wa.me\/8617776015835\" target=\"_blank\" rel=\"noopener\">+86-17776015835<\/a> f\u00e5 mer rabatt!<\/strong><\/p>\n<p><img loading=\"lazy\" decoding=\"async\" class=\"size-medium wp-image-1814\" src=\"https:\/\/rmvapesale.com\/wp-content\/uploads\/2024\/04\/whatsapp-amy-229x300.jpg\" alt=\"whatsapp amy\" width=\"229\" height=\"300\" srcset=\"https:\/\/rmvapesale.com\/wp-content\/uploads\/2024\/04\/whatsapp-amy-229x300.jpg 229w, https:\/\/rmvapesale.com\/wp-content\/uploads\/2024\/04\/whatsapp-amy-783x1024.jpg 783w, https:\/\/rmvapesale.com\/wp-content\/uploads\/2024\/04\/whatsapp-amy-768x1005.jpg 768w, https:\/\/rmvapesale.com\/wp-content\/uploads\/2024\/04\/whatsapp-amy-600x785.jpg 600w, https:\/\/rmvapesale.com\/wp-content\/uploads\/2024\/04\/whatsapp-amy.jpg 990w\" sizes=\"auto, (max-width: 229px) 100vw, 229px\" \/><\/p>\n<h2>Specifikationer f\u00f6r FUMOT PUFF 7000 Eng\u00e5ngsvape:<\/h2>\n<p>Nikotininneh\u00e5llsalternativ: 0%, 2%, 3% och 5%<br \/>\nUpp till 7000 puffar<br \/>\nF\u00f6rfylld med 14 ml e-v\u00e4tska<br \/>\n850mAh uppladdningsbart batteri<br \/>\n0.9\u03a9 Mesh-spole<br \/>\n56 tillg\u00e4ngliga smaker i lager<\/p>\n<h2>Fumot Randm 7000 Vape FAQ:<\/h2>\n<p>1. Vad g\u00f6r RANDM 7000 unikt j\u00e4mf\u00f6rt med andra eng\u00e5ngsvapes?<\/p>\n<p>RANDM 7000 erbjuder ett o\u00f6vertr\u00e4ffat antal av 7000 bloss, ett brett utbud av 56 fruktssmaker och anv\u00e4nder ett mesh-spole f\u00f6r \u00f6verl\u00e4gsen smak och \u00e5ngproduktion.<br \/>\n2. Hur l\u00e5ng tid tar det att ladda enheten helt?<\/p>\n<p>Tornado 7k bloss Original randm fumot Vape Wholesale-enheten kan laddas fullt p\u00e5 bara tre timmar med dess Type-C-laddningsport.<br \/>\n3. Vad \u00e4r batterikapaciteten f\u00f6r tornado 7k bloss Original randm fumot?<\/p>\n<p>Tornado 7k bloss Original randm fumot \u00e4r utrustad med ett 850 mAh batteri (17350), vilket s\u00e4kerst\u00e4ller l\u00e5ngvarig prestanda.<br \/>\n4. Finns det n\u00e5gra volymrabatter f\u00f6r Original fumot Vape Wholesale tornado 7000 bloss?<\/p>\n<p>Ja, vi erbjuder konkurrenskraftiga randm fumot partipriser f\u00f6r tornado 7k bloss till grossister. Kontakta oss f\u00f6r mer information om v\u00e5ra bulkpriser f\u00f6r fumot tornado 7000 bloss.<br \/>\n5. Hur kan jag l\u00e4gga en best\u00e4llning? Hur k\u00f6per man fumot bulkpris tornado 7000 bloss?<\/p>\n<p>F\u00f6r att l\u00e4gga en best\u00e4llning, g\u00f6r helt enkelt<a href=\"https:\/\/wa.me\/8617776015835\" target=\"_blank\" rel=\"noopener\"> kontakta oss.<\/a> V\u00e5rt team \u00e4r tillg\u00e4ngligt 24\/7 f\u00f6r att hj\u00e4lpa dig med ditt k\u00f6p och s\u00e4kerst\u00e4lla en professionell upplevelse.<br \/>\n6. Finns det en minsta best\u00e4llningsm\u00e4ngd f\u00f6r att k\u00f6pa fumot Vape Wholesale tornado 7000 puffar?<\/p>\n<p>Ja, den minsta best\u00e4llningsm\u00e4ngden f\u00f6r att k\u00f6pa Fumot RandM Bulk Price tornado 7000 puffar \u00e4r 50 stycken, vilket \u00e4r perfekt f\u00f6r grossister som vill b\u00f6rja med en hanterbar m\u00e4ngd.<\/p>\n<p>Hitta fler vape-produkter du kanske gillar:<em><a href=\"https:\/\/rmvapesale.com\/sv\/shop-2\/\">handla nu\u00a0<\/a><\/em><\/p>\n<p>Andra heta s\u00e4ljande vapes du kanske gillar:<\/p>\n<p><a href=\"https:\/\/rmvapesale.com\/sv\/product\/jnr-shisha-vape-15000-puffs-wholesale-price-with-screen-vape\/\">VOPK SHISHA 15K\/ <\/a><a href=\"https:\/\/rmvapesale.com\/sv\/product\/randm-vape-al-fakher-10000-puffs-vape-wholesale\/\">randm vape AI FAKHER 15k vape\/<\/a><a href=\"https:\/\/rmvapesale.com\/sv\/product\/randm-tornado-15000-puffs-15k-vape-recharge-fumot-original-vape-factory-price\/\">Fumot digital box Puff 12000\/<\/a><\/p>\n<p><a href=\"https:\/\/rmvapesale.com\/sv\/product\/original-randm-tornado-9000-puffs-vape-fumot-factory-price-cheap\/\">RandM Tornado 9000 Puffar<\/a><\/p>","protected":false},"excerpt":{"rendered":"<p>Funot Vape 7000 grossist Disposable<br \/>\nRandM Vape 7000 Puff L\u00e5g Nikotin Eng\u00e5ngsvape<br class=\"yoast-text-mark\" \/>RandM Tornado 7000 Alla Smaker i lager<\/p>\n<p><img loading=\"lazy\" decoding=\"async\" width=\"229\" height=\"300\" class=\"size-medium wp-image-1814\" src=\"https:\/\/rmvapesale.com\/wp-content\/uploads\/2024\/04\/whatsapp-amy-229x300.jpg\" alt=\"whatsapp amy\" srcset=\"https:\/\/rmvapesale.com\/wp-content\/uploads\/2024\/04\/whatsapp-amy-229x300.jpg 229w, https:\/\/rmvapesale.com\/wp-content\/uploads\/2024\/04\/whatsapp-amy-783x1024.jpg 783w, https:\/\/rmvapesale.com\/wp-content\/uploads\/2024\/04\/whatsapp-amy-768x1005.jpg 768w, https:\/\/rmvapesale.com\/wp-content\/uploads\/2024\/04\/whatsapp-amy-600x785.jpg 600w, https:\/\/rmvapesale.com\/wp-content\/uploads\/2024\/04\/whatsapp-amy.jpg 990w\" sizes=\"auto, (max-width: 229px) 100vw, 229px\" \/><\/p>\n<h3><span style=\"color: #ff0000\"><strong>WhatsApp: +86 17776015835<\/strong><\/span><\/h3>","protected":false},"featured_media":1895,"comment_status":"open","ping_status":"closed","template":"","meta":{"_uag_custom_page_level_css":"","_lmt_disableupdate":"no","_lmt_disable":"","site-sidebar-layout":"default","site-content-layout":"content-boxed-container","ast-site-content-layout":"normal-width-container","site-content-style":"boxed","site-sidebar-style":"unboxed","ast-global-header-display":"","ast-banner-title-visibility":"","ast-main-header-display":"","ast-hfb-above-header-display":"","ast-hfb-below-header-display":"","ast-hfb-mobile-header-display":"","site-post-title":"","ast-breadcrumbs-content":"","ast-featured-img":"","footer-sml-layout":"","theme-transparent-header-meta":"default","adv-header-id-meta":"","stick-header-meta":"","header-above-stick-meta":"","header-main-stick-meta":"","header-below-stick-meta":"","astra-migrate-meta-layouts":"set","ast-page-background-enabled":"default","ast-page-background-meta":{"desktop":{"background-color":"var(--ast-global-color-4)","background-image":"","background-repeat":"repeat","background-position":"center center","background-size":"auto","background-attachment":"scroll","background-type":"","background-media":"","overlay-type":"","overlay-color":"","overlay-opacity":"","overlay-gradient":""},"tablet":{"background-color":"","background-image":"","background-repeat":"repeat","background-position":"center center","background-size":"auto","background-attachment":"scroll","background-type":"","background-media":"","overlay-type":"","overlay-color":"","overlay-opacity":"","overlay-gradient":""},"mobile":{"background-color":"","background-image":"","background-repeat":"repeat","background-position":"center center","background-size":"auto","background-attachment":"scroll","background-type":"","background-media":"","overlay-type":"","overlay-color":"","overlay-opacity":"","overlay-gradient":""}},"ast-content-background-meta":{"desktop":{"background-color":"var(--ast-global-color-5)","background-image":"","background-repeat":"repeat","background-position":"center center","background-size":"auto","background-attachment":"scroll","background-type":"","background-media":"","overlay-type":"","overlay-color":"","overlay-opacity":"","overlay-gradient":""},"tablet":{"background-color":"var(--ast-global-color-5)","background-image":"","background-repeat":"repeat","background-position":"center center","background-size":"auto","background-attachment":"scroll","background-type":"","background-media":"","overlay-type":"","overlay-color":"","overlay-opacity":"","overlay-gradient":""},"mobile":{"background-color":"var(--ast-global-color-5)","background-image":"","background-repeat":"repeat","background-position":"center center","background-size":"auto","background-attachment":"scroll","background-type":"","background-media":"","overlay-type":"","overlay-color":"","overlay-opacity":"","overlay-gradient":""}},"_joinchat":[]},"product_brand":[],"product_cat":[25,123,26,28,135,27,31,137,15,30],"product_tag":[48,39,40,41,183,182,38,37],"class_list":{"0":"post-1894","1":"product","2":"type-product","3":"status-publish","4":"has-post-thumbnail","6":"product_cat-germany-best-selling-vape","7":"product_cat-italy-wholesale-vape","8":"product_cat-netherlands-hot-sale-vape","9":"product_cat-poland-hot-sale-vape","10":"product_cat-spain-best-hot-sale-vape","11":"product_cat-fance-hot-sale-vape","12":"product_cat-randm-fumot-vape","13":"product_cat-rechargeable-vapes","14":"product_cat-new-vape-this-week","15":"product_cat-minimum-order-quantity-50pcs","16":"product_tag-7000-puffs-vape","17":"product_tag-fumot-vape","18":"product_tag-hot-sale-vape","19":"product_tag-original-factory-vape","20":"product_tag-randm-7000","21":"product_tag-randm-tornado-7000","22":"product_tag-randm-vape","23":"product_tag-wholesale-vape-price","24":"desktop-align-left","25":"tablet-align-left","26":"mobile-align-left","28":"first","29":"instock","30":"sale","31":"shipping-taxable","32":"purchasable","33":"product-type-simple"},"uagb_featured_image_src":{"full":["https:\/\/rmvapesale.com\/wp-content\/uploads\/2024\/05\/Ricky-Morty-Tornado-7000-Vape-Flavors.jpg",1200,1200,false],"thumbnail":["https:\/\/rmvapesale.com\/wp-content\/uploads\/2024\/05\/Ricky-Morty-Tornado-7000-Vape-Flavors-150x150.jpg",150,150,true],"medium":["https:\/\/rmvapesale.com\/wp-content\/uploads\/2024\/05\/Ricky-Morty-Tornado-7000-Vape-Flavors-300x300.jpg",300,300,true],"medium_large":["https:\/\/rmvapesale.com\/wp-content\/uploads\/2024\/05\/Ricky-Morty-Tornado-7000-Vape-Flavors-768x768.jpg",768,768,true],"large":["https:\/\/rmvapesale.com\/wp-content\/uploads\/2024\/05\/Ricky-Morty-Tornado-7000-Vape-Flavors-1024x1024.jpg",1024,1024,true],"1536x1536":["https:\/\/rmvapesale.com\/wp-content\/uploads\/2024\/05\/Ricky-Morty-Tornado-7000-Vape-Flavors.jpg",1200,1200,false],"2048x2048":["https:\/\/rmvapesale.com\/wp-content\/uploads\/2024\/05\/Ricky-Morty-Tornado-7000-Vape-Flavors.jpg",1200,1200,false],"trp-custom-language-flag":["https:\/\/rmvapesale.com\/wp-content\/uploads\/2024\/05\/Ricky-Morty-Tornado-7000-Vape-Flavors.jpg",12,12,false],"woocommerce_thumbnail":["https:\/\/rmvapesale.com\/wp-content\/uploads\/2024\/05\/Ricky-Morty-Tornado-7000-Vape-Flavors-300x300.jpg",300,300,true],"woocommerce_single":["https:\/\/rmvapesale.com\/wp-content\/uploads\/2024\/05\/Ricky-Morty-Tornado-7000-Vape-Flavors-600x600.jpg",600,600,true],"woocommerce_gallery_thumbnail":["https:\/\/rmvapesale.com\/wp-content\/uploads\/2024\/05\/Ricky-Morty-Tornado-7000-Vape-Flavors-100x100.jpg",100,100,true],"wcpr-photo-reviews":["https:\/\/rmvapesale.com\/wp-content\/uploads\/2024\/05\/Ricky-Morty-Tornado-7000-Vape-Flavors.jpg",500,500,false]},"uagb_author_info":{"display_name":"yannazhan","author_link":"https:\/\/rmvapesale.com\/sv\/author\/"},"uagb_comment_info":0,"uagb_excerpt":"Funot Vape\u00a0 7000 wholesale Disposable RandM Vape 7000 Puff Low Nicotine Disposable VapeRandM Tornado 7000 All Flavours in stock WhatsApp: +86 17776015835","_links":{"self":[{"href":"https:\/\/rmvapesale.com\/sv\/wp-json\/wp\/v2\/product\/1894","targetHints":{"allow":["GET"]}}],"collection":[{"href":"https:\/\/rmvapesale.com\/sv\/wp-json\/wp\/v2\/product"}],"about":[{"href":"https:\/\/rmvapesale.com\/sv\/wp-json\/wp\/v2\/types\/product"}],"replies":[{"embeddable":true,"href":"https:\/\/rmvapesale.com\/sv\/wp-json\/wp\/v2\/comments?post=1894"}],"wp:featuredmedia":[{"embeddable":true,"href":"https:\/\/rmvapesale.com\/sv\/wp-json\/wp\/v2\/media\/1895"}],"wp:attachment":[{"href":"https:\/\/rmvapesale.com\/sv\/wp-json\/wp\/v2\/media?parent=1894"}],"wp:term":[{"taxonomy":"product_brand","embeddable":true,"href":"https:\/\/rmvapesale.com\/sv\/wp-json\/wp\/v2\/product_brand?post=1894"},{"taxonomy":"product_cat","embeddable":true,"href":"https:\/\/rmvapesale.com\/sv\/wp-json\/wp\/v2\/product_cat?post=1894"},{"taxonomy":"product_tag","embeddable":true,"href":"https:\/\/rmvapesale.com\/sv\/wp-json\/wp\/v2\/product_tag?post=1894"}],"curies":[{"name":"wp","href":"https:\/\/api.w.org\/{rel}","templated":true}]}}