{"id":1940,"date":"2024-08-27T07:55:11","date_gmt":"2024-08-27T07:55:11","guid":{"rendered":"https:\/\/rmvapesale.com\/?post_type=product&#038;p=1940"},"modified":"2024-11-04T09:58:31","modified_gmt":"2024-11-04T09:58:31","slug":"randm-tornado-15000-puffs-vape-wholesale","status":"publish","type":"product","link":"https:\/\/rmvapesale.com\/sv\/product\/randm-tornado-15000-puffs-vape-wholesale\/","title":{"rendered":"RandM Tornado 15000 Puffs Vape Partihandel"},"content":{"rendered":"<h1>RandM Tornado 15000 Puffs Vape Partihandel<\/h1>\n<p>Eng\u00e5ngsvape har blivit popul\u00e4rt med sitt breda utbud av smaker och sin anv\u00e4ndarv\u00e4nlighet. Letar du efter en eng\u00e5ngsvape till b\u00e4sta pris? RandM Tornado 15000 Puffs rekommenderas starkt f\u00f6r sina imponerande funktioner. Den \u00e4r designad med ett 850mAh uppladdningsbart batteri som ger upp till 15000 puffar. H\u00e4r i v\u00e5r butik kan du k\u00f6pa RandM Tornado 15000 Puffs vape till partihandelspris.<\/p>\n<p>Tornado 15000 har en ny design med ett 850mAh uppladdningsbart batteri som snabbt laddas via en USB-C-port, vilket m\u00f6jligg\u00f6r effektiv laddning. RandM Tornado 15000 Eng\u00e5ngsvape levereras med mesh-coil-teknologi, d\u00e4rf\u00f6r ger den en mjukare, mer njutbar vapingupplevelse \u00f6ver hela sitt utbud av smaker.<\/p>\n<p>Framf\u00f6r allt \u00e4r RM 15000 verkligen en kostnadseffektiv vape du b\u00f6r prova!<\/p>\n<p><strong>Kontakta Amy f\u00f6r att f\u00e5 r\u00e4tt svar och grossistpris!<\/strong><\/p>\n<p><img loading=\"lazy\" decoding=\"async\" class=\"size-medium wp-image-1814\" src=\"https:\/\/rmvapesale.com\/wp-content\/uploads\/2024\/04\/whatsapp-amy-229x300.jpg\" alt=\"whatsapp amy\" width=\"229\" height=\"300\" srcset=\"https:\/\/rmvapesale.com\/wp-content\/uploads\/2024\/04\/whatsapp-amy-229x300.jpg 229w, https:\/\/rmvapesale.com\/wp-content\/uploads\/2024\/04\/whatsapp-amy-783x1024.jpg 783w, https:\/\/rmvapesale.com\/wp-content\/uploads\/2024\/04\/whatsapp-amy-768x1005.jpg 768w, https:\/\/rmvapesale.com\/wp-content\/uploads\/2024\/04\/whatsapp-amy-600x785.jpg 600w, https:\/\/rmvapesale.com\/wp-content\/uploads\/2024\/04\/whatsapp-amy.jpg 990w\" sizes=\"auto, (max-width: 229px) 100vw, 229px\" \/><\/p>\n<h2><strong>Vad g\u00f6r FUMOT RandM Tornado 15000 till en unik eng\u00e5ngsvape?<\/strong><\/h2>\n<p>Med super specifikation sticker RANDM VAPE 15K TORNADO Authentic ut som en av de eng\u00e5ngsvapes med h\u00f6gst kapacitet p\u00e5 marknaden.<\/p>\n<p>Nikotininneh\u00e5llsalternativ: 0%, 2%, 3% och 5%<br \/>\nUpp till 15000 puffar<br \/>\nF\u00f6rfylld med 25 ml e-v\u00e4tska<br \/>\n850mAh uppladdningsbart batteri<br \/>\n0.9\u03a9 Mesh-spole<br \/>\n41 tillg\u00e4ngliga smaker<\/p>\n<h2><strong>Vilken \u00e4r den b\u00e4sta smaken f\u00f6r RandM Tornado 15k puffs vape?<\/strong><\/h2>\n<p>Mr blue \u00e4r utan tvekan den mest popul\u00e4ra smaken f\u00f6r RandM Tornado 15000, du borde prova den!<\/p>\n<p>RandM Tornado 15000 puffar erbjuder totalt 41 tillg\u00e4ngliga smaker f\u00f6r dig att v\u00e4lja, det finns n\u00e5got f\u00f6r varje smak.<\/p>\n<p>1 Blue Razz Lemonade<br \/>\n2 Peach Ice<br \/>\n3 Sour Apple<br \/>\n4 Watermelon Ice<br \/>\n5 Blueberry On Ice<br \/>\n6 Bl\u00e5b\u00e4r Hallon<br \/>\n7 Ananasis<br \/>\n8 K\u00f6rsb\u00e4r<br \/>\n9 Jordgubbsis<br \/>\n10 Vimto<br \/>\n11 Druvis<br \/>\n12 Colais<br \/>\n13 Jordgubbe Vattenmelon<br \/>\n14 Rosa Lemonad<br \/>\n15 Blandade B\u00e4r<br \/>\n16 Persika Mango<br \/>\n17.Drakfrukt<br \/>\n18.Jordgubbe Druva<br \/>\n19.Mr blue<br \/>\n20.Frodig is<br \/>\n21.isglass<br \/>\n22.Jordgubbe Kiwi<br \/>\n23.Kiwi Passionsfrukt Guava<br \/>\n24.Trippelb\u00e4r<br \/>\n25.Bananis<br \/>\n26.Persika Bl\u00e5b\u00e4r Godis<br \/>\n27.\u00c4pple Persika P\u00e4ron<br \/>\n28.B\u00e4r Lemonad<br \/>\n29.Bl\u00e5 Hallon K\u00f6rsb\u00e4r<br \/>\n30.Bl\u00e5b\u00e4r Bubbelgum<br \/>\n31.Bl\u00e5b\u00e4r K\u00f6rsb\u00e4r Tranb\u00e4r<br \/>\n32.Bl\u00e5b\u00e4r Granat\u00e4pple<br \/>\n33.Bl\u00e5sur Hallon<br \/>\n34.K\u00f6rsb\u00e4r Cola<br \/>\n35.Gummibj\u00f6rn<br \/>\n36.Citron<br \/>\n37.Mango P\u00e5 Is<br \/>\n38.Red Energy Ice<br \/>\n39.Strawberry Banana<br \/>\n40.Strawberry Red Bull<br \/>\n41.Strawberry Watermelon Lemonade<\/p>\n<h2><strong>Fr\u00e5gor du kanske vill veta om RandM Tornado 15000 puffs vape<\/strong><\/h2>\n<p>&nbsp;<\/p>\n<h3>F1. Vad \u00e4r RM Tornado 15000 Puffs Vape Original?<\/h3>\n<p>S: RANDM VAPE 15K TORNADO Original \u00e4r en eng\u00e5ngsvape som \u00e4r designad f\u00f6r l\u00e5nga vaping-sessioner. Den har f\u00e5tt sitt namn fr\u00e5n sin imponerande kapacitet p\u00e5 15 000 puffar.<\/p>\n<h3>F2. Vem tillverkar RandM Tornado 15k Puffs Vape Genuine?<\/h3>\n<p>S: RANDM VAPE 15K TORNADO Genuine tillverkas av Shenzhen Fumot Technology, ett ledande f\u00f6retag inom vaping-branschen k\u00e4nt f\u00f6r sina innovativa produkter.<\/p>\n<h3>F3. Hur l\u00e4nge r\u00e4cker den \u00e4kta RandM Tornado 15K Vape?<\/h3>\n<p>S: RANDM VAPE 15K TORNADO Authentic har ett inbyggt batteri med en kapacitet p\u00e5 850mAh, vilket ger l\u00e5ng anv\u00e4ndning p\u00e5 en enda laddning. Men den exakta batteritiden beror p\u00e5 individuella anv\u00e4ndningsm\u00f6nster.<\/p>\n<h3>F4. \u00c4r Fumot RandM Tornado 15000 Puffs Vape Original uppladdningsbar?<\/h3>\n<p><span style=\"font-size: 16px\">S: Nej, RANDM VAPE 15K TORNADO Original levereras med ett uppladdningsbart batteri, s\u00e5 den \u00e4r uppladdningsbar.<\/span><\/p>\n<h3>F5. Hur kan jag k\u00f6pa Fumot RandM Tornado 15000 Puffs Vape Genuine?<\/h3>\n<p>S: RANDM VAPE 15K TORNADO Genuine finns att k\u00f6pa via auktoriserade distribut\u00f6rer. F\u00f6r grossistf\u00f6rfr\u00e5gningar kan distribut\u00f6rer <a href=\"https:\/\/wa.me\/8617776015835\" target=\"_blank\" rel=\"noopener\">kontakta oss<\/a> direkt. \u00c5terf\u00f6rs\u00e4ljare kan hitta produkten hos utvalda \u00e5terf\u00f6rs\u00e4ljare eller onlinebutiker.<\/p>\n<p><strong>Leveransdetaljer:<\/strong><br \/>\nProduktionstid: 5-10 arbetsdagar<br \/>\nLeveranstid: 8-14 arbetsdagar<\/p>\n<p>Alla produkter i v\u00e5r butik \u00e4r 100% originala och \u00e4kta, s\u00e5 tio g\u00e5nger ers\u00e4ttning f\u00f6r falska varor \u00e4r v\u00e5r butikspolicy. Vi anv\u00e4nder logistikkanaler som UPS\/DHL\/FEDEX\/DPD f\u00f6r att leverera varor till dig.<\/p>\n<p>F\u00f6r paket som skickas till Sverige tar det vanligtvis 10 arbetsdagar att anl\u00e4nda. Leverans till europeiska l\u00e4nder tar vanligtvis cirka 12-15 arbetsdagar att anl\u00e4nda. Vi kommer att uppdatera logistikinformationen f\u00f6r dig i realtid.<\/p>\n<p>Hitta fler vape-produkter du kanske gillar:<em><a href=\"https:\/\/rmvapesale.com\/sv\/shop-2\/\">handla nu\u00a0<\/a><\/em><\/p>\n<p>Andra heta s\u00e4ljande vapes du kanske gillar:<\/p>\n<p><a href=\"https:\/\/rmvapesale.com\/sv\/product\/randm-vape-al-fakher-10000-puffs-vape-wholesale\/\">randm vape AI FAKHER 15k vape<\/a><\/p>\n<p><a href=\"https:\/\/rmvapesale.com\/sv\/product\/original-randm-tornado-9000-puffs-disposable-vape-factory-price\/\">RandM Tornado 9000<\/a><\/p>","protected":false},"excerpt":{"rendered":"<p>Fumot Tornado 15000 VAPE Partihandelspris<br \/>\nORIGINAL RandM Tornado 15000 Fabrikspartihandel i lager<br \/>\n\u00c4kta RANDM Vape FUMOT TORNADO 15000 Rabatterat pris<\/p>\n<p><strong>Kontakta Amy f\u00f6r mer rabatt och l\u00e4gre minsta best\u00e4llningskvantitet f\u00f6r Vape<\/strong><\/p>\n<p><img loading=\"lazy\" decoding=\"async\" class=\"size-medium wp-image-1814\" src=\"https:\/\/rmvapesale.com\/wp-content\/uploads\/2024\/04\/whatsapp-amy-229x300.jpg\" alt=\"whatsapp amy\" width=\"229\" height=\"300\" srcset=\"https:\/\/rmvapesale.com\/wp-content\/uploads\/2024\/04\/whatsapp-amy-229x300.jpg 229w, https:\/\/rmvapesale.com\/wp-content\/uploads\/2024\/04\/whatsapp-amy-783x1024.jpg 783w, https:\/\/rmvapesale.com\/wp-content\/uploads\/2024\/04\/whatsapp-amy-768x1005.jpg 768w, https:\/\/rmvapesale.com\/wp-content\/uploads\/2024\/04\/whatsapp-amy-600x785.jpg 600w, https:\/\/rmvapesale.com\/wp-content\/uploads\/2024\/04\/whatsapp-amy.jpg 990w\" sizes=\"auto, (max-width: 229px) 100vw, 229px\" \/><\/p>\n<h3><span style=\"color: #ff0000\"><strong>WhatsApp: +86 17776015835<\/strong><\/span><\/h3>","protected":false},"featured_media":1937,"comment_status":"open","ping_status":"closed","template":"","meta":{"_uag_custom_page_level_css":"","_lmt_disableupdate":"no","_lmt_disable":"","site-sidebar-layout":"default","site-content-layout":"content-boxed-container","ast-site-content-layout":"normal-width-container","site-content-style":"boxed","site-sidebar-style":"unboxed","ast-global-header-display":"","ast-banner-title-visibility":"","ast-main-header-display":"","ast-hfb-above-header-display":"","ast-hfb-below-header-display":"","ast-hfb-mobile-header-display":"","site-post-title":"","ast-breadcrumbs-content":"","ast-featured-img":"","footer-sml-layout":"","theme-transparent-header-meta":"default","adv-header-id-meta":"","stick-header-meta":"","header-above-stick-meta":"","header-main-stick-meta":"","header-below-stick-meta":"","astra-migrate-meta-layouts":"set","ast-page-background-enabled":"default","ast-page-background-meta":{"desktop":{"background-color":"var(--ast-global-color-4)","background-image":"","background-repeat":"repeat","background-position":"center center","background-size":"auto","background-attachment":"scroll","background-type":"","background-media":"","overlay-type":"","overlay-color":"","overlay-opacity":"","overlay-gradient":""},"tablet":{"background-color":"","background-image":"","background-repeat":"repeat","background-position":"center center","background-size":"auto","background-attachment":"scroll","background-type":"","background-media":"","overlay-type":"","overlay-color":"","overlay-opacity":"","overlay-gradient":""},"mobile":{"background-color":"","background-image":"","background-repeat":"repeat","background-position":"center center","background-size":"auto","background-attachment":"scroll","background-type":"","background-media":"","overlay-type":"","overlay-color":"","overlay-opacity":"","overlay-gradient":""}},"ast-content-background-meta":{"desktop":{"background-color":"var(--ast-global-color-5)","background-image":"","background-repeat":"repeat","background-position":"center center","background-size":"auto","background-attachment":"scroll","background-type":"","background-media":"","overlay-type":"","overlay-color":"","overlay-opacity":"","overlay-gradient":""},"tablet":{"background-color":"var(--ast-global-color-5)","background-image":"","background-repeat":"repeat","background-position":"center center","background-size":"auto","background-attachment":"scroll","background-type":"","background-media":"","overlay-type":"","overlay-color":"","overlay-opacity":"","overlay-gradient":""},"mobile":{"background-color":"var(--ast-global-color-5)","background-image":"","background-repeat":"repeat","background-position":"center center","background-size":"auto","background-attachment":"scroll","background-type":"","background-media":"","overlay-type":"","overlay-color":"","overlay-opacity":"","overlay-gradient":""}},"_joinchat":[]},"product_brand":[],"product_cat":[25,51,195,26,28,27,31,137,136,15,30],"product_tag":[44,39,40,41,38,37],"class_list":{"0":"post-1940","1":"product","2":"type-product","3":"status-publish","4":"has-post-thumbnail","6":"product_cat-germany-best-selling-vape","7":"product_cat-fumot-vape","8":"product_cat-germany-warehouse","9":"product_cat-netherlands-hot-sale-vape","10":"product_cat-poland-hot-sale-vape","11":"product_cat-fance-hot-sale-vape","12":"product_cat-randm-fumot-vape","13":"product_cat-rechargeable-vapes","14":"product_cat-smart-screen-vapes","15":"product_cat-new-vape-this-week","16":"product_cat-minimum-order-quantity-50pcs","17":"product_tag-15k-puffs-15000-vape-wholesale","18":"product_tag-fumot-vape","19":"product_tag-hot-sale-vape","20":"product_tag-original-factory-vape","21":"product_tag-randm-vape","22":"product_tag-wholesale-vape-price","23":"desktop-align-left","24":"tablet-align-left","25":"mobile-align-left","27":"first","28":"instock","29":"sale","30":"shipping-taxable","31":"purchasable","32":"product-type-simple"},"uagb_featured_image_src":{"full":["https:\/\/rmvapesale.com\/wp-content\/uploads\/2024\/08\/RandM-Tornado-15000-Wholesale-Blue-Razz-Lemonade.jpg",800,800,false],"thumbnail":["https:\/\/rmvapesale.com\/wp-content\/uploads\/2024\/08\/RandM-Tornado-15000-Wholesale-Blue-Razz-Lemonade-150x150.jpg",150,150,true],"medium":["https:\/\/rmvapesale.com\/wp-content\/uploads\/2024\/08\/RandM-Tornado-15000-Wholesale-Blue-Razz-Lemonade-300x300.jpg",300,300,true],"medium_large":["https:\/\/rmvapesale.com\/wp-content\/uploads\/2024\/08\/RandM-Tornado-15000-Wholesale-Blue-Razz-Lemonade-768x768.jpg",768,768,true],"large":["https:\/\/rmvapesale.com\/wp-content\/uploads\/2024\/08\/RandM-Tornado-15000-Wholesale-Blue-Razz-Lemonade.jpg",800,800,false],"1536x1536":["https:\/\/rmvapesale.com\/wp-content\/uploads\/2024\/08\/RandM-Tornado-15000-Wholesale-Blue-Razz-Lemonade.jpg",800,800,false],"2048x2048":["https:\/\/rmvapesale.com\/wp-content\/uploads\/2024\/08\/RandM-Tornado-15000-Wholesale-Blue-Razz-Lemonade.jpg",800,800,false],"trp-custom-language-flag":["https:\/\/rmvapesale.com\/wp-content\/uploads\/2024\/08\/RandM-Tornado-15000-Wholesale-Blue-Razz-Lemonade.jpg",12,12,false],"woocommerce_thumbnail":["https:\/\/rmvapesale.com\/wp-content\/uploads\/2024\/08\/RandM-Tornado-15000-Wholesale-Blue-Razz-Lemonade-300x300.jpg",300,300,true],"woocommerce_single":["https:\/\/rmvapesale.com\/wp-content\/uploads\/2024\/08\/RandM-Tornado-15000-Wholesale-Blue-Razz-Lemonade-600x600.jpg",600,600,true],"woocommerce_gallery_thumbnail":["https:\/\/rmvapesale.com\/wp-content\/uploads\/2024\/08\/RandM-Tornado-15000-Wholesale-Blue-Razz-Lemonade-100x100.jpg",100,100,true],"wcpr-photo-reviews":["https:\/\/rmvapesale.com\/wp-content\/uploads\/2024\/08\/RandM-Tornado-15000-Wholesale-Blue-Razz-Lemonade.jpg",500,500,false]},"uagb_author_info":{"display_name":"AMY","author_link":"https:\/\/rmvapesale.com\/sv\/author\/"},"uagb_comment_info":0,"uagb_excerpt":"Fumot Tornado 15000 VAPE Wholesale Price ORIGINAL RandM Tornado 15000 Factory Wholesale in Stock Genuine RANDM Vape FUMOT TORNADO 15000 Discount Price Contact Amy For More Discount And Lower MOQ Vape WhatsApp: +86 17776015835","_links":{"self":[{"href":"https:\/\/rmvapesale.com\/sv\/wp-json\/wp\/v2\/product\/1940","targetHints":{"allow":["GET"]}}],"collection":[{"href":"https:\/\/rmvapesale.com\/sv\/wp-json\/wp\/v2\/product"}],"about":[{"href":"https:\/\/rmvapesale.com\/sv\/wp-json\/wp\/v2\/types\/product"}],"replies":[{"embeddable":true,"href":"https:\/\/rmvapesale.com\/sv\/wp-json\/wp\/v2\/comments?post=1940"}],"wp:featuredmedia":[{"embeddable":true,"href":"https:\/\/rmvapesale.com\/sv\/wp-json\/wp\/v2\/media\/1937"}],"wp:attachment":[{"href":"https:\/\/rmvapesale.com\/sv\/wp-json\/wp\/v2\/media?parent=1940"}],"wp:term":[{"taxonomy":"product_brand","embeddable":true,"href":"https:\/\/rmvapesale.com\/sv\/wp-json\/wp\/v2\/product_brand?post=1940"},{"taxonomy":"product_cat","embeddable":true,"href":"https:\/\/rmvapesale.com\/sv\/wp-json\/wp\/v2\/product_cat?post=1940"},{"taxonomy":"product_tag","embeddable":true,"href":"https:\/\/rmvapesale.com\/sv\/wp-json\/wp\/v2\/product_tag?post=1940"}],"curies":[{"name":"wp","href":"https:\/\/api.w.org\/{rel}","templated":true}]}}