{"id":1962,"date":"2024-09-10T02:25:58","date_gmt":"2024-09-10T02:25:58","guid":{"rendered":"https:\/\/rmvapesale.com\/?post_type=product&#038;p=1962"},"modified":"2025-01-20T03:45:42","modified_gmt":"2025-01-20T03:45:42","slug":"bang-beach-22000-puffs-smart-screen-vapes-factory-price","status":"publish","type":"product","link":"https:\/\/rmvapesale.com\/sv\/product\/bang-beach-22000-puffs-smart-screen-vapes-factory-price\/","title":{"rendered":"Bang Beach 22000 bloss smart sk\u00e4rm vape fabrikspris"},"content":{"rendered":"<h1>Bang Beach 22000 bloss smart sk\u00e4rm vape fabrikspris<\/h1>\n<p>Vi presenterar Bang Beach 22000 Puffar Smart Screen Vapes, designade f\u00f6r att leverera en \u00f6verl\u00e4gsen vapingupplevelse.<\/p>\n<p>Denna eng\u00e5ngs vape-penna erbjuder upp till 22 000 puffar, tack vare dess stora 36 ml f\u00f6rfyllda e-v\u00e4tskebeh\u00e5llare, vilket eliminerar behovet av frekventa p\u00e5fyllningar.<\/p>\n<p>Skr\u00e4ddarsy ditt nikotinintag med alternativ p\u00e5 0%, 2%, 3% och 5% f\u00f6r att matcha dina personliga preferenser. F\u00f6rb\u00e4ttra din vaping med 1.0 Mesh Coil och justerbart luftfl\u00f6de, vilket g\u00f6r att du kan anpassa b\u00e5de smak och \u00e5ngproduktion.<\/p>\n<p>Vape-pennan har ett robust 850mAh uppladdningsbart batteri och en Type-C laddningsport, vilket s\u00e4kerst\u00e4ller snabb och enkel laddning. H\u00e5ll dig uppdaterad med den inbyggda LED-displayen som visar batteritid och anv\u00e4ndningsinformation i realtid. V\u00e4lj fr\u00e5n ett urval av 12 smaker f\u00f6r att hitta den perfekta smaken f\u00f6r dig.<\/p>\n<p>Upplev bekv\u00e4mligheten och premiumkvaliteten hos Original Bang Beach 22000 Puffar Smart Screen Vapes idag.<\/p>\n<p><strong>Kontakta Amy f\u00f6r att f\u00e5 r\u00e4tt svar och mer rabatt!<\/strong><\/p>\n<p><img loading=\"lazy\" decoding=\"async\" class=\"size-medium wp-image-1814\" src=\"https:\/\/rmvapesale.com\/wp-content\/uploads\/2024\/04\/whatsapp-amy-229x300.jpg\" alt=\"whatsapp amy\" width=\"229\" height=\"300\" srcset=\"https:\/\/rmvapesale.com\/wp-content\/uploads\/2024\/04\/whatsapp-amy-229x300.jpg 229w, https:\/\/rmvapesale.com\/wp-content\/uploads\/2024\/04\/whatsapp-amy-783x1024.jpg 783w, https:\/\/rmvapesale.com\/wp-content\/uploads\/2024\/04\/whatsapp-amy-768x1005.jpg 768w, https:\/\/rmvapesale.com\/wp-content\/uploads\/2024\/04\/whatsapp-amy-600x785.jpg 600w, https:\/\/rmvapesale.com\/wp-content\/uploads\/2024\/04\/whatsapp-amy.jpg 990w\" sizes=\"auto, (max-width: 229px) 100vw, 229px\" \/><\/p>\n<h3><span style=\"color: #ff0000\"><strong>WhatsApp: +86 17776015835<\/strong><\/span><\/h3>\n<p>&nbsp;<\/p>\n<h2><strong>Bang Beach 22000 Viktiga funktioner<\/strong><\/h2>\n<p>Nikotin:0% 2% 3% 5%<br \/>\nPuffar:22000<br \/>\nKapacitet: 36 ml<br \/>\n12 smaker tillg\u00e4ngliga<br \/>\n850mah Uppladdningsbar<br \/>\nSmart Sk\u00e4rm<br \/>\nMesh Coil<\/p>\n<h2><strong>Vilken \u00e4r den b\u00e4sta smaken f\u00f6r Bang Beach 22000 Puffar?<\/strong><strong>?<\/strong><\/h2>\n<p>Dessa Bang Vape 20000 Puffs Smart Sk\u00e4rm Vapes erbjuder totalt 12 tillg\u00e4ngliga smaker f\u00f6r ditt val, det finns n\u00e5got b\u00e4st f\u00f6r dig.<\/p>\n<p>1. Peach Ice<br \/>\n2. Peach Mango<br \/>\n3. Mixed Berry<br \/>\n4. Pink Lemonade<br \/>\n5. Strawberry Watermelon<br \/>\n6.Vattenmelon is<br \/>\n7. Grape Ice<br \/>\n8. Vimto<br \/>\n9. Strawberry Ice<br \/>\n10. Cherry<br \/>\n11. Bl\u00e5b\u00e4r Hallon<br \/>\n12.Surt \u00c4pple<\/p>\n<h2><strong>Fr\u00e5gor du kanske vill veta om Bang Beach 22k Puffar<\/strong><\/h2>\n<p>&nbsp;<\/p>\n<p><strong>1. Hur m\u00e5nga puffar kan jag f\u00f6rv\u00e4nta mig fr\u00e5n Bang Beach 22k Puffar?<\/strong><\/p>\n<p>Bang Beach 22k Puffar har imponerande 22 000 puffar (i en testmilj\u00f6), vilket ger ut\u00f6kad anv\u00e4ndning och varaktig tillfredsst\u00e4llelse.<\/p>\n<p><strong>2. Vilken nikotinstyrka erbjuder Bang Beach 22k Puffar?<\/strong><\/p>\n<p>Bang Beach 22k Puffar \u00e4r f\u00f6rfylld med e-v\u00e4tska i 0% 2% 3% 5% nikotinstyrka, vilket ger en balanserad vapingupplevelse.<\/p>\n<p><strong>3. Hur f\u00f6rb\u00e4ttrar Mesh Coil Technology vapingupplevelsen?<\/strong><\/p>\n<p>Mesh Coil Technology integrerad i Bang Tornado 12000 Puffs med en l\u00e5gresistiv 1.2ohm coil. Denna design maximerar v\u00e4rmeytan, vilket resulterar i mjukare drag och f\u00f6rb\u00e4ttrad \u00e5ngproduktion. Teknologin garanterar j\u00e4mn och konsekvent uppv\u00e4rmning av e-v\u00e4tskan, vilket ger en \u00f6verl\u00e4gsen smakupplevelse.<\/p>\n<p><strong>4. Var kan jag k\u00f6pa \u00e4kta Bang Beach 22k Puffar?<\/strong><\/p>\n<p>Den \u00e4kta Bang Beach 22k Puffs finns att k\u00f6pa via auktoriserade \u00e5terf\u00f6rs\u00e4ljare. F\u00f6r grossistf\u00f6rfr\u00e5gningar kan \u00e5terf\u00f6rs\u00e4ljare <a href=\"https:\/\/wa.me\/8617776015835\" target=\"_blank\" rel=\"noopener\">kontakta oss<\/a> direkt. Detaljkunder kan hitta produkten hos utvalda \u00e5terf\u00f6rs\u00e4ljare eller onlinebutiker. Alla produkter i v\u00e5r butik \u00e4r 100% original och autentiska, s\u00e5 tio g\u00e5nger kompensation f\u00f6r falska varor \u00e4r v\u00e5r butikspolicy.<\/p>\n<p>&nbsp;<\/p>\n<p><strong>Leveransdetaljer:<\/strong><\/p>\n<div class=\"flex-shrink-0 flex flex-col relative items-end\">\n<div>\n<div class=\"pt-0\">\n<div class=\"gizmo-bot-avatar flex h-8 w-8 items-center justify-center overflow-hidden rounded-full\">\n<div class=\"relative p-1 rounded-sm flex items-center justify-center bg-token-main-surface-primary text-token-text-primary h-8 w-8\"><strong>Vilka frakts\u00e4tt anv\u00e4nds?<\/strong><\/div>\n<\/div>\n<\/div>\n<\/div>\n<\/div>\n<div class=\"group\/conversation-turn relative flex w-full min-w-0 flex-col agent-turn\">\n<div class=\"flex-col gap-1 md:gap-3\">\n<div class=\"flex max-w-full flex-col flex-grow\">\n<div class=\"min-h-[20px] text-message flex w-full flex-col items-end gap-2 whitespace-normal break-words [.text-message+&amp;]:mt-5 overflow-x-auto\" dir=\"auto\" data-message-author-role=\"assistant\" data-message-id=\"22f8283b-3233-46ff-89a5-c7a41b33abda\">\n<div class=\"flex w-full flex-col gap-1 empty:hidden first:pt-[3px]\">\n<div class=\"markdown prose w-full break-words dark:prose-invert light\">\n<p>Vi samarbetar med UPS, DHL, FedEx, DPD och andra ledande transport\u00f6rer. Vi v\u00e4ljer det b\u00e4sta frakts\u00e4ttet baserat p\u00e5 din leveransadress f\u00f6r att s\u00e4kerst\u00e4lla att du f\u00e5r dina produkter s\u00e5 snabbt som m\u00f6jligt.<\/p>\n<\/div>\n<p><strong>Hur l\u00e5ng tid tar det att komma fram?<\/strong><\/p>\n<p>Paket som skickas till Sverige anl\u00e4nder vanligtvis inom 10 arbetsdagar. Leveranser till europeiska l\u00e4nder tar generellt cirka 12-15 arbetsdagar. Vi kommer att ge uppdateringar i realtid om din leveransstatus.<\/p>\n<p>&nbsp;<\/p>\n<\/div>\n<\/div>\n<\/div>\n<\/div>\n<\/div>\n<p>Hitta fler vape-produkter du kanske gillar:<em><a href=\"https:\/\/rmvapesale.com\/sv\/shop-2\/\">handla nu\u00a0<\/a><\/em><\/p>\n<p>Andra heta s\u00e4ljande vapes du kanske gillar:<\/p>\n<p><a href=\"https:\/\/rmvapesale.com\/sv\/product\/randm-vape-al-fakher-10000-puffs-vape-wholesale\/\">randm vape AI FAKHER 15k vape<\/a><\/p>\n<p><a href=\"https:\/\/rmvapesale.com\/sv\/product\/original-randm-tornado-9000-puffs-disposable-vape-factory-price\/\">RandM Tornado 9000<\/a><\/p>\n<p><a href=\"https:\/\/rmvapesale.com\/sv\/product\/bang-30k-puffs-disposable-vape-double-taste-wholesale-italy\/\">Bang 30k Puffs<\/a><\/p>","protected":false},"excerpt":{"rendered":"<p>Bang Beach 22000 Puffar LED Display Edition Vape Grossistpris<br \/>\nBang Beach 22000 bloss smart sk\u00e4rm vape fabrikspris<br \/>\nBang Beach 22000 20k Puffar E-cigaretter K\u00f6p i bulk<\/p>\n<p><strong>Kontakta Amy f\u00f6r mer rabatt och l\u00e4gre minsta best\u00e4llningskvantitet f\u00f6r Vape<\/strong><\/p>\n<p><img loading=\"lazy\" decoding=\"async\" class=\"size-medium wp-image-1814\" src=\"https:\/\/rmvapesale.com\/wp-content\/uploads\/2024\/04\/whatsapp-amy-229x300.jpg\" alt=\"whatsapp amy\" width=\"229\" height=\"300\" srcset=\"https:\/\/rmvapesale.com\/wp-content\/uploads\/2024\/04\/whatsapp-amy-229x300.jpg 229w, https:\/\/rmvapesale.com\/wp-content\/uploads\/2024\/04\/whatsapp-amy-783x1024.jpg 783w, https:\/\/rmvapesale.com\/wp-content\/uploads\/2024\/04\/whatsapp-amy-768x1005.jpg 768w, https:\/\/rmvapesale.com\/wp-content\/uploads\/2024\/04\/whatsapp-amy-600x785.jpg 600w, https:\/\/rmvapesale.com\/wp-content\/uploads\/2024\/04\/whatsapp-amy.jpg 990w\" sizes=\"auto, (max-width: 229px) 100vw, 229px\" \/><\/p>\n<h3><span style=\"color: #ff0000\"><strong>WhatsApp: +86 17776015835<\/strong><\/span><\/h3>","protected":false},"featured_media":1957,"comment_status":"open","ping_status":"closed","template":"","meta":{"_uag_custom_page_level_css":"","_lmt_disableupdate":"no","_lmt_disable":"","site-sidebar-layout":"default","site-content-layout":"content-boxed-container","ast-site-content-layout":"normal-width-container","site-content-style":"boxed","site-sidebar-style":"unboxed","ast-global-header-display":"","ast-banner-title-visibility":"","ast-main-header-display":"","ast-hfb-above-header-display":"","ast-hfb-below-header-display":"","ast-hfb-mobile-header-display":"","site-post-title":"","ast-breadcrumbs-content":"","ast-featured-img":"","footer-sml-layout":"","theme-transparent-header-meta":"default","adv-header-id-meta":"","stick-header-meta":"","header-above-stick-meta":"","header-main-stick-meta":"","header-below-stick-meta":"","astra-migrate-meta-layouts":"set","ast-page-background-enabled":"default","ast-page-background-meta":{"desktop":{"background-color":"var(--ast-global-color-4)","background-image":"","background-repeat":"repeat","background-position":"center center","background-size":"auto","background-attachment":"scroll","background-type":"","background-media":"","overlay-type":"","overlay-color":"","overlay-opacity":"","overlay-gradient":""},"tablet":{"background-color":"","background-image":"","background-repeat":"repeat","background-position":"center center","background-size":"auto","background-attachment":"scroll","background-type":"","background-media":"","overlay-type":"","overlay-color":"","overlay-opacity":"","overlay-gradient":""},"mobile":{"background-color":"","background-image":"","background-repeat":"repeat","background-position":"center center","background-size":"auto","background-attachment":"scroll","background-type":"","background-media":"","overlay-type":"","overlay-color":"","overlay-opacity":"","overlay-gradient":""}},"ast-content-background-meta":{"desktop":{"background-color":"var(--ast-global-color-5)","background-image":"","background-repeat":"repeat","background-position":"center center","background-size":"auto","background-attachment":"scroll","background-type":"","background-media":"","overlay-type":"","overlay-color":"","overlay-opacity":"","overlay-gradient":""},"tablet":{"background-color":"var(--ast-global-color-5)","background-image":"","background-repeat":"repeat","background-position":"center center","background-size":"auto","background-attachment":"scroll","background-type":"","background-media":"","overlay-type":"","overlay-color":"","overlay-opacity":"","overlay-gradient":""},"mobile":{"background-color":"var(--ast-global-color-5)","background-image":"","background-repeat":"repeat","background-position":"center center","background-size":"auto","background-attachment":"scroll","background-type":"","background-media":"","overlay-type":"","overlay-color":"","overlay-opacity":"","overlay-gradient":""}},"_joinchat":[]},"product_brand":[],"product_cat":[25,289,291,292,298,293,295,299,273,279,123,26,28,135,27,60,137,136,15,30],"product_tag":[187,55,56,57,58,40,41,59,37],"class_list":{"0":"post-1962","1":"product","2":"type-product","3":"status-publish","4":"has-post-thumbnail","6":"product_cat-germany-best-selling-vape","7":"product_cat-big-puffs-disposable-vapes","8":"product_cat-dual-mesh-disposable-vapes","9":"product_cat-digital-disposable-vapes","10":"product_cat-double-flavor-disposable-vapes","11":"product_cat-low-nicotine-disposable-vapes","12":"product_cat-rechargeable-disposable-vapes","13":"product_cat-smart-screen-disposable-vapes","14":"product_cat-bang-box-vape","15":"product_cat-bang-king-vape","16":"product_cat-italy-wholesale-vape","17":"product_cat-netherlands-hot-sale-vape","18":"product_cat-poland-hot-sale-vape","19":"product_cat-spain-best-hot-sale-vape","20":"product_cat-fance-hot-sale-vape","21":"product_cat-bang-vapes","22":"product_cat-rechargeable-vapes","23":"product_cat-smart-screen-vapes","24":"product_cat-new-vape-this-week","25":"product_cat-minimum-order-quantity-50pcs","26":"product_tag-bang-box-vape","27":"product_tag-buy-vape-pods","28":"product_tag-disposable-vape-wholesale-near-me","29":"product_tag-disposable-vape-wholesale-supplier","30":"product_tag-electric-cigarettes","31":"product_tag-hot-sale-vape","32":"product_tag-original-factory-vape","33":"product_tag-puffs-vape","34":"product_tag-wholesale-vape-price","35":"desktop-align-left","36":"tablet-align-left","37":"mobile-align-left","39":"first","40":"instock","41":"sale","42":"shipping-taxable","43":"purchasable","44":"product-type-simple"},"uagb_featured_image_src":{"full":["https:\/\/rmvapesale.com\/wp-content\/uploads\/2024\/09\/Bang-Beach-22000-Disposable.jpg",800,600,false],"thumbnail":["https:\/\/rmvapesale.com\/wp-content\/uploads\/2024\/09\/Bang-Beach-22000-Disposable-150x150.jpg",150,150,true],"medium":["https:\/\/rmvapesale.com\/wp-content\/uploads\/2024\/09\/Bang-Beach-22000-Disposable-300x225.jpg",300,225,true],"medium_large":["https:\/\/rmvapesale.com\/wp-content\/uploads\/2024\/09\/Bang-Beach-22000-Disposable-768x576.jpg",768,576,true],"large":["https:\/\/rmvapesale.com\/wp-content\/uploads\/2024\/09\/Bang-Beach-22000-Disposable.jpg",800,600,false],"1536x1536":["https:\/\/rmvapesale.com\/wp-content\/uploads\/2024\/09\/Bang-Beach-22000-Disposable.jpg",800,600,false],"2048x2048":["https:\/\/rmvapesale.com\/wp-content\/uploads\/2024\/09\/Bang-Beach-22000-Disposable.jpg",800,600,false],"trp-custom-language-flag":["https:\/\/rmvapesale.com\/wp-content\/uploads\/2024\/09\/Bang-Beach-22000-Disposable.jpg",16,12,false],"woocommerce_thumbnail":["https:\/\/rmvapesale.com\/wp-content\/uploads\/2024\/09\/Bang-Beach-22000-Disposable-300x300.jpg",300,300,true],"woocommerce_single":["https:\/\/rmvapesale.com\/wp-content\/uploads\/2024\/09\/Bang-Beach-22000-Disposable-600x450.jpg",600,450,true],"woocommerce_gallery_thumbnail":["https:\/\/rmvapesale.com\/wp-content\/uploads\/2024\/09\/Bang-Beach-22000-Disposable-100x100.jpg",100,100,true],"wcpr-photo-reviews":["https:\/\/rmvapesale.com\/wp-content\/uploads\/2024\/09\/Bang-Beach-22000-Disposable.jpg",500,375,false]},"uagb_author_info":{"display_name":"AMY","author_link":"https:\/\/rmvapesale.com\/sv\/author\/"},"uagb_comment_info":0,"uagb_excerpt":"Bang Beach 22000 Puffs LED Display Edition Vape Wholesale Price Bang Beach 22000 Puffs Smart Screen Vapes Factory Price Bang Beach 22000 20k Puffs E Cigarettes Bulk Buy Contact Amy For More Discount And Lower MOQ Vape WhatsApp: +86 17776015835","_links":{"self":[{"href":"https:\/\/rmvapesale.com\/sv\/wp-json\/wp\/v2\/product\/1962","targetHints":{"allow":["GET"]}}],"collection":[{"href":"https:\/\/rmvapesale.com\/sv\/wp-json\/wp\/v2\/product"}],"about":[{"href":"https:\/\/rmvapesale.com\/sv\/wp-json\/wp\/v2\/types\/product"}],"replies":[{"embeddable":true,"href":"https:\/\/rmvapesale.com\/sv\/wp-json\/wp\/v2\/comments?post=1962"}],"wp:featuredmedia":[{"embeddable":true,"href":"https:\/\/rmvapesale.com\/sv\/wp-json\/wp\/v2\/media\/1957"}],"wp:attachment":[{"href":"https:\/\/rmvapesale.com\/sv\/wp-json\/wp\/v2\/media?parent=1962"}],"wp:term":[{"taxonomy":"product_brand","embeddable":true,"href":"https:\/\/rmvapesale.com\/sv\/wp-json\/wp\/v2\/product_brand?post=1962"},{"taxonomy":"product_cat","embeddable":true,"href":"https:\/\/rmvapesale.com\/sv\/wp-json\/wp\/v2\/product_cat?post=1962"},{"taxonomy":"product_tag","embeddable":true,"href":"https:\/\/rmvapesale.com\/sv\/wp-json\/wp\/v2\/product_tag?post=1962"}],"curies":[{"name":"wp","href":"https:\/\/api.w.org\/{rel}","templated":true}]}}