{"id":1963,"date":"2024-09-11T02:04:13","date_gmt":"2024-09-11T02:04:13","guid":{"rendered":"https:\/\/rmvapesale.com\/?post_type=product&#038;p=1963"},"modified":"2025-01-20T03:46:36","modified_gmt":"2025-01-20T03:46:36","slug":"fihp-shisha-hookah-15000-pro-disposable-vape-wholesale","status":"publish","type":"product","link":"https:\/\/rmvapesale.com\/sv\/product\/fihp-shisha-hookah-15000-pro-disposable-vape-wholesale\/","title":{"rendered":"FIHP Shisha Hookah 15000 Pro Eng\u00e5ngs Vape Grossist"},"content":{"rendered":"<h1>FIHP Shisha Hookah 15000 Pro Eng\u00e5ngs Vape Grossist<\/h1>\n<p>F\u00f6rb\u00e4ttra din vapingupplevelse med FIHP Shisha Hookah 15000 Pro Eng\u00e5ngsvape. Med imponerande 15000 puff s\u00e4kerst\u00e4ller denna enhet en l\u00e5ngvarig och tillfredsst\u00e4llande vaping utan att beh\u00f6va bytas ut ofta.<\/p>\n<p>Utrustad med en avancerad mesh-spole med 0,6 ohm resistans, levererar FIHP Shisha 15000 enast\u00e5ende smak och en mjuk, j\u00e4mn vapingupplevelse. Den \u00e4r f\u00f6rfylld med 22 ml premium e-juice, skickligt blandad f\u00f6r att erbjuda rika och livfulla smaker som f\u00e5r dig att \u00e5terkomma.<\/p>\n<p>Med ett m\u00e5ttligt nikotininneh\u00e5ll p\u00e5 6 mg ger denna vape en mjuk, mild kick. Det robusta 650 mAh batteriet ger l\u00e4ngre anv\u00e4ndning mellan laddningar, och Type-C-porten m\u00f6jligg\u00f6r snabb, bekv\u00e4m uppladdning.<\/p>\n<p>Dessutom har enheten en LED-sk\u00e4rm f\u00f6r att h\u00e5lla dig uppdaterad om batteriliv och anv\u00e4ndning. Ta vaping till n\u00e4sta niv\u00e5 med FIHP 15 000 Puff Vape och njut av en kombination av h\u00e5llbarhet, smak och bekv\u00e4mlighet.<\/p>\n<p>Best\u00e4ll i bulk f\u00f6r att njuta av det b\u00e4sta grossistpriset p\u00e5 FIHP Shisha Hookah 15000 med snabb leverans.<\/p>\n<p><strong>Kontakta Amy f\u00f6r att f\u00e5 r\u00e4tt svar och mer rabatt!<\/strong><\/p>\n<p><img loading=\"lazy\" decoding=\"async\" class=\"size-medium wp-image-1814\" src=\"https:\/\/rmvapesale.com\/wp-content\/uploads\/2024\/04\/whatsapp-amy-229x300.jpg\" alt=\"whatsapp amy\" width=\"229\" height=\"300\" srcset=\"https:\/\/rmvapesale.com\/wp-content\/uploads\/2024\/04\/whatsapp-amy-229x300.jpg 229w, https:\/\/rmvapesale.com\/wp-content\/uploads\/2024\/04\/whatsapp-amy-783x1024.jpg 783w, https:\/\/rmvapesale.com\/wp-content\/uploads\/2024\/04\/whatsapp-amy-768x1005.jpg 768w, https:\/\/rmvapesale.com\/wp-content\/uploads\/2024\/04\/whatsapp-amy-600x785.jpg 600w, https:\/\/rmvapesale.com\/wp-content\/uploads\/2024\/04\/whatsapp-amy.jpg 990w\" sizes=\"auto, (max-width: 229px) 100vw, 229px\" \/><\/p>\n<h3><span style=\"color: #ff0000\"><strong>WhatsApp: +86 17776015835<\/strong><\/span><\/h3>\n<p>&nbsp;<\/p>\n<h2><strong>FIHP 15000 Puff Shisha Funktioner<\/strong><\/h2>\n<p>Nikotininneh\u00e5ll: 6%<br \/>\nPuffar:15000<br \/>\nKapacitet: 22 ml<br \/>\n650 mAh Batteri (Type-C Uppladdningsbart)<br \/>\nSmart Sk\u00e4rm<br \/>\nMesh Coil<\/p>\n<h2><strong>Vilken \u00e4r den b\u00e4sta smaken f\u00f6r FIHP Shisha Hookah 15000 Puff<\/strong><strong>?<\/strong><\/h2>\n<p>Denna FIHP Shisha Hookah 15000 Puff Smart Screen Vape erbjuder totalt 10 tillg\u00e4ngliga smaker f\u00f6r ditt val, det finns n\u00e5got som passar dig b\u00e4st.<\/p>\n<p>1. Vattenmelonis<br \/>\n2. Druva Is<br \/>\n3. Bl\u00e5b\u00e4r Hallon<br \/>\n4. Jordgubb Kiwi<br \/>\n5. Blandade B\u00e4r<br \/>\n6. Jordgubbar Vattenmelon<br \/>\n7. Vattenmelon Bubbelgum<br \/>\n8. Persika Mango Ananas<br \/>\n9. Kiwi Passion Fruit Guava<br \/>\n10. Jordgubbe Hallon K\u00f6rsb\u00e4r<\/p>\n<h2><strong>Fr\u00e5gor du kanske vill veta om FIHP Shisha Hookah 15k Pro Puffs<\/strong><\/h2>\n<p>&nbsp;<\/p>\n<h3><strong>1. Hur m\u00e5nga bloss kan jag f\u00f6rv\u00e4nta mig fr\u00e5n FIHP Shisha Hookah 15k Puffs?<\/strong><\/h3>\n<p>FIHP Shisha Hookah 15k Puffs har en imponerande kapacitet p\u00e5 15000 bloss (i testmilj\u00f6), vilket ger l\u00e5ngvarig anv\u00e4ndning och varaktig tillfredsst\u00e4llelse.<\/p>\n<h3><strong>2. Vilken nikotinstyrka erbjuder FIHP Shisha Hookah 15k Puffs?<\/strong><\/h3>\n<p>FIHP Shisha Hookah 15k Puffs \u00e4r f\u00f6rfylld med e-juice i 6% nikotinstyrka, vilket ger en balanserad vapingupplevelse.<\/p>\n<h3><strong>3. Hur f\u00f6rb\u00e4ttrar Mesh Coil Technology vapingupplevelsen?<\/strong><\/h3>\n<p>Mesh Coil-teknologin som \u00e4r integrerad i FIHP Shisha Hookah 15k Smart Screen Vapes har en l\u00e5gresistans p\u00e5 0,6 ohm. Denna design maximerar v\u00e4rmeytan, vilket ger smidigare drag och f\u00f6rb\u00e4ttrad \u00e5ngproduktion. Teknologin garanterar j\u00e4mn och konsekvent uppv\u00e4rmning av e-juicen, vilket ger en \u00f6verl\u00e4gsen smakupplevelse.<\/p>\n<h3><strong>4. Var kan jag k\u00f6pa \u00e4kta FIHP Shisha Hookah 15k Puffs?<\/strong><\/h3>\n<p>Den \u00e4kta FIHP Shisha Hookah 15k Puffs finns tillg\u00e4nglig f\u00f6r k\u00f6p via auktoriserade distribut\u00f6rer. F\u00f6r grossistf\u00f6rfr\u00e5gningar kan distribut\u00f6rer <a href=\"https:\/\/wa.me\/8617776015835\" target=\"_blank\" rel=\"noopener\">kontakta oss<\/a> direkt. Detaljkunder kan hitta produkten hos utvalda \u00e5terf\u00f6rs\u00e4ljare eller onlinebutiker. Alla produkter i v\u00e5r butik \u00e4r 100% original och autentiska, s\u00e5 tio g\u00e5nger kompensation f\u00f6r falska varor \u00e4r v\u00e5r butikspolicy.<\/p>\n<p>&nbsp;<\/p>\n<p><strong>Leveransdetaljer:<\/strong><\/p>\n<div class=\"flex-shrink-0 flex flex-col relative items-end\">\n<div>\n<div class=\"pt-0\">\n<div class=\"gizmo-bot-avatar flex h-8 w-8 items-center justify-center overflow-hidden rounded-full\">\n<div class=\"relative p-1 rounded-sm flex items-center justify-center bg-token-main-surface-primary text-token-text-primary h-8 w-8\"><strong>Vilka frakts\u00e4tt anv\u00e4nds?<\/strong><\/div>\n<\/div>\n<\/div>\n<\/div>\n<\/div>\n<div class=\"group\/conversation-turn relative flex w-full min-w-0 flex-col agent-turn\">\n<div class=\"flex-col gap-1 md:gap-3\">\n<div class=\"flex max-w-full flex-col flex-grow\">\n<div class=\"min-h-[20px] text-message flex w-full flex-col items-end gap-2 whitespace-normal break-words [.text-message+&amp;]:mt-5 overflow-x-auto\" dir=\"auto\" data-message-author-role=\"assistant\" data-message-id=\"22f8283b-3233-46ff-89a5-c7a41b33abda\">\n<div class=\"flex w-full flex-col gap-1 empty:hidden first:pt-[3px]\">\n<div class=\"markdown prose w-full break-words dark:prose-invert light\">\n<p>Vi samarbetar med UPS, DHL, FedEx, DPD och andra ledande transport\u00f6rer. Vi v\u00e4ljer det b\u00e4sta frakts\u00e4ttet baserat p\u00e5 din leveransadress f\u00f6r att s\u00e4kerst\u00e4lla att du f\u00e5r dina produkter s\u00e5 snabbt som m\u00f6jligt.<\/p>\n<\/div>\n<p><strong>Hur l\u00e5ng tid tar det att komma fram?<\/strong><\/p>\n<p>Paket som skickas till Sverige anl\u00e4nder vanligtvis inom 10 arbetsdagar. Leveranser till europeiska l\u00e4nder tar generellt cirka 12-15 arbetsdagar. Vi kommer att ge uppdateringar i realtid om din leveransstatus.<\/p>\n<p>&nbsp;<\/p>\n<\/div>\n<\/div>\n<\/div>\n<\/div>\n<\/div>\n<p>Hitta fler vape-produkter du kanske gillar:<em><a href=\"https:\/\/rmvapesale.com\/sv\/shop-2\/\">handla nu\u00a0<\/a><\/em><\/p>\n<p>Andra heta s\u00e4ljande vapes du kanske gillar:<\/p>\n<p><a href=\"https:\/\/rmvapesale.com\/sv\/product\/randm-vape-al-fakher-10000-puffs-vape-wholesale\/\">randm vape AI FAKHER 15k vape<\/a><\/p>\n<p><a href=\"https:\/\/rmvapesale.com\/sv\/product\/original-randm-tornado-9000-puffs-disposable-vape-factory-price\/\">RandM Tornado 9000<\/a><\/p>\n<p><a href=\"https:\/\/rmvapesale.com\/sv\/product\/bang-30k-puffs-disposable-vape-double-taste-wholesale-italy\/\">Bang 30k Puffs<\/a><\/p>\n<p><a href=\"https:\/\/rmvapesale.com\/sv\/product\/bang-beach-22000-puffs-smart-screen-vapes-factory-price\/\">Bang 22000 bloss<\/a><\/p>","protected":false},"excerpt":{"rendered":"<p>FIHP Shisha Hookah 15000 Puff Fabrikspris Grossist<br \/>\nB\u00e4sta FIHP 15000 Puff Shisha Hookah Smak i Lager<br \/>\nK\u00f6p i bulk FIHP 15000 Puff Vape med L\u00e5g MOQ<\/p>\n<p><strong>Kontakta Amy f\u00f6r mer rabatt och l\u00e4gre minsta best\u00e4llningskvantitet f\u00f6r Vape<\/strong><\/p>\n<p><img loading=\"lazy\" decoding=\"async\" class=\"size-medium wp-image-1814\" src=\"https:\/\/rmvapesale.com\/wp-content\/uploads\/2024\/04\/whatsapp-amy-229x300.jpg\" alt=\"whatsapp amy\" width=\"229\" height=\"300\" srcset=\"https:\/\/rmvapesale.com\/wp-content\/uploads\/2024\/04\/whatsapp-amy-229x300.jpg 229w, https:\/\/rmvapesale.com\/wp-content\/uploads\/2024\/04\/whatsapp-amy-783x1024.jpg 783w, https:\/\/rmvapesale.com\/wp-content\/uploads\/2024\/04\/whatsapp-amy-768x1005.jpg 768w, https:\/\/rmvapesale.com\/wp-content\/uploads\/2024\/04\/whatsapp-amy-600x785.jpg 600w, https:\/\/rmvapesale.com\/wp-content\/uploads\/2024\/04\/whatsapp-amy.jpg 990w\" sizes=\"auto, (max-width: 229px) 100vw, 229px\" \/><\/p>\n<h3><span style=\"color: #ff0000\"><strong>WhatsApp: +86 17776015835<\/strong><\/span><\/h3>","protected":false},"featured_media":1964,"comment_status":"open","ping_status":"closed","template":"","meta":{"_uag_custom_page_level_css":"","_lmt_disableupdate":"no","_lmt_disable":"","site-sidebar-layout":"default","site-content-layout":"content-boxed-container","ast-site-content-layout":"normal-width-container","site-content-style":"boxed","site-sidebar-style":"unboxed","ast-global-header-display":"","ast-banner-title-visibility":"","ast-main-header-display":"","ast-hfb-above-header-display":"","ast-hfb-below-header-display":"","ast-hfb-mobile-header-display":"","site-post-title":"","ast-breadcrumbs-content":"","ast-featured-img":"","footer-sml-layout":"","theme-transparent-header-meta":"default","adv-header-id-meta":"","stick-header-meta":"","header-above-stick-meta":"","header-main-stick-meta":"","header-below-stick-meta":"","astra-migrate-meta-layouts":"set","ast-page-background-enabled":"default","ast-page-background-meta":{"desktop":{"background-color":"var(--ast-global-color-4)","background-image":"","background-repeat":"repeat","background-position":"center center","background-size":"auto","background-attachment":"scroll","background-type":"","background-media":"","overlay-type":"","overlay-color":"","overlay-opacity":"","overlay-gradient":""},"tablet":{"background-color":"","background-image":"","background-repeat":"repeat","background-position":"center center","background-size":"auto","background-attachment":"scroll","background-type":"","background-media":"","overlay-type":"","overlay-color":"","overlay-opacity":"","overlay-gradient":""},"mobile":{"background-color":"","background-image":"","background-repeat":"repeat","background-position":"center center","background-size":"auto","background-attachment":"scroll","background-type":"","background-media":"","overlay-type":"","overlay-color":"","overlay-opacity":"","overlay-gradient":""}},"ast-content-background-meta":{"desktop":{"background-color":"var(--ast-global-color-5)","background-image":"","background-repeat":"repeat","background-position":"center center","background-size":"auto","background-attachment":"scroll","background-type":"","background-media":"","overlay-type":"","overlay-color":"","overlay-opacity":"","overlay-gradient":""},"tablet":{"background-color":"var(--ast-global-color-5)","background-image":"","background-repeat":"repeat","background-position":"center center","background-size":"auto","background-attachment":"scroll","background-type":"","background-media":"","overlay-type":"","overlay-color":"","overlay-opacity":"","overlay-gradient":""},"mobile":{"background-color":"var(--ast-global-color-5)","background-image":"","background-repeat":"repeat","background-position":"center center","background-size":"auto","background-attachment":"scroll","background-type":"","background-media":"","overlay-type":"","overlay-color":"","overlay-opacity":"","overlay-gradient":""}},"_joinchat":[]},"product_brand":[],"product_cat":[25,292,293,295,296,299,274,123,26,28,135,27,61,138,137,136,15,30],"product_tag":[55,56,57,58,40,62,59,180,37],"class_list":{"0":"post-1963","1":"product","2":"type-product","3":"status-publish","4":"has-post-thumbnail","6":"product_cat-germany-best-selling-vape","7":"product_cat-digital-disposable-vapes","8":"product_cat-low-nicotine-disposable-vapes","9":"product_cat-rechargeable-disposable-vapes","10":"product_cat-shisha-hookah-disposable-vapes","11":"product_cat-smart-screen-disposable-vapes","12":"product_cat-waspe-fihp-vape","13":"product_cat-italy-wholesale-vape","14":"product_cat-netherlands-hot-sale-vape","15":"product_cat-poland-hot-sale-vape","16":"product_cat-spain-best-hot-sale-vape","17":"product_cat-fance-hot-sale-vape","18":"product_cat-15000-puffs-disposable-vapes","19":"product_cat-fihp-disposable-vapes","20":"product_cat-rechargeable-vapes","21":"product_cat-smart-screen-vapes","22":"product_cat-new-vape-this-week","23":"product_cat-minimum-order-quantity-50pcs","24":"product_tag-buy-vape-pods","25":"product_tag-disposable-vape-wholesale-near-me","26":"product_tag-disposable-vape-wholesale-supplier","27":"product_tag-electric-cigarettes","28":"product_tag-hot-sale-vape","29":"product_tag-puff-15000","30":"product_tag-puffs-vape","31":"product_tag-shisha-bar","32":"product_tag-wholesale-vape-price","33":"desktop-align-left","34":"tablet-align-left","35":"mobile-align-left","37":"first","38":"instock","39":"sale","40":"shipping-taxable","41":"purchasable","42":"product-type-simple"},"uagb_featured_image_src":{"full":["https:\/\/rmvapesale.com\/wp-content\/uploads\/2024\/09\/FIHP-15000-Wholesale.jpg",800,800,false],"thumbnail":["https:\/\/rmvapesale.com\/wp-content\/uploads\/2024\/09\/FIHP-15000-Wholesale-150x150.jpg",150,150,true],"medium":["https:\/\/rmvapesale.com\/wp-content\/uploads\/2024\/09\/FIHP-15000-Wholesale-300x300.jpg",300,300,true],"medium_large":["https:\/\/rmvapesale.com\/wp-content\/uploads\/2024\/09\/FIHP-15000-Wholesale-768x768.jpg",768,768,true],"large":["https:\/\/rmvapesale.com\/wp-content\/uploads\/2024\/09\/FIHP-15000-Wholesale.jpg",800,800,false],"1536x1536":["https:\/\/rmvapesale.com\/wp-content\/uploads\/2024\/09\/FIHP-15000-Wholesale.jpg",800,800,false],"2048x2048":["https:\/\/rmvapesale.com\/wp-content\/uploads\/2024\/09\/FIHP-15000-Wholesale.jpg",800,800,false],"trp-custom-language-flag":["https:\/\/rmvapesale.com\/wp-content\/uploads\/2024\/09\/FIHP-15000-Wholesale.jpg",12,12,false],"woocommerce_thumbnail":["https:\/\/rmvapesale.com\/wp-content\/uploads\/2024\/09\/FIHP-15000-Wholesale-300x300.jpg",300,300,true],"woocommerce_single":["https:\/\/rmvapesale.com\/wp-content\/uploads\/2024\/09\/FIHP-15000-Wholesale-600x600.jpg",600,600,true],"woocommerce_gallery_thumbnail":["https:\/\/rmvapesale.com\/wp-content\/uploads\/2024\/09\/FIHP-15000-Wholesale-100x100.jpg",100,100,true],"wcpr-photo-reviews":["https:\/\/rmvapesale.com\/wp-content\/uploads\/2024\/09\/FIHP-15000-Wholesale.jpg",500,500,false]},"uagb_author_info":{"display_name":"AMY","author_link":"https:\/\/rmvapesale.com\/sv\/author\/"},"uagb_comment_info":0,"uagb_excerpt":"FIHP Shisha Hookah 15000 Puff Factory Wholesale Price Best FIHP 15000 Puffs Shisha Hookah Flavor in Stock Bulk Buy FIHP 15000 Puffs Vape with Low MOQ Contact Amy For More Discount And Lower MOQ Vape WhatsApp: +86 17776015835","_links":{"self":[{"href":"https:\/\/rmvapesale.com\/sv\/wp-json\/wp\/v2\/product\/1963","targetHints":{"allow":["GET"]}}],"collection":[{"href":"https:\/\/rmvapesale.com\/sv\/wp-json\/wp\/v2\/product"}],"about":[{"href":"https:\/\/rmvapesale.com\/sv\/wp-json\/wp\/v2\/types\/product"}],"replies":[{"embeddable":true,"href":"https:\/\/rmvapesale.com\/sv\/wp-json\/wp\/v2\/comments?post=1963"}],"wp:featuredmedia":[{"embeddable":true,"href":"https:\/\/rmvapesale.com\/sv\/wp-json\/wp\/v2\/media\/1964"}],"wp:attachment":[{"href":"https:\/\/rmvapesale.com\/sv\/wp-json\/wp\/v2\/media?parent=1963"}],"wp:term":[{"taxonomy":"product_brand","embeddable":true,"href":"https:\/\/rmvapesale.com\/sv\/wp-json\/wp\/v2\/product_brand?post=1963"},{"taxonomy":"product_cat","embeddable":true,"href":"https:\/\/rmvapesale.com\/sv\/wp-json\/wp\/v2\/product_cat?post=1963"},{"taxonomy":"product_tag","embeddable":true,"href":"https:\/\/rmvapesale.com\/sv\/wp-json\/wp\/v2\/product_tag?post=1963"}],"curies":[{"name":"wp","href":"https:\/\/api.w.org\/{rel}","templated":true}]}}