{"id":1974,"date":"2024-09-11T07:00:58","date_gmt":"2024-09-11T07:00:58","guid":{"rendered":"https:\/\/rmvapesale.com\/?post_type=product&#038;p=1974"},"modified":"2025-01-20T03:49:10","modified_gmt":"2025-01-20T03:49:10","slug":"bang-20000-puffs-disposable-vape-wholesale-supplier","status":"publish","type":"product","link":"https:\/\/rmvapesale.com\/sv\/product\/bang-20000-puffs-disposable-vape-wholesale-supplier\/","title":{"rendered":"Bang 20000 bloss eng\u00e5ngsvape grossistleverant\u00f6r"},"content":{"rendered":"<h1>Bang 20000 bloss eng\u00e5ngsvape grossistleverant\u00f6r<\/h1>\n<p>Bang 20000 Puffs LED Display Eng\u00e5ngsvape \u00e4r en banbrytande enhet designad f\u00f6r exceptionell prestanda och bekv\u00e4mlighet. Med en imponerande kapacitet p\u00e5 upp till 20000 puffar per enhet, minskar den behovet av frekventa byten och levererar l\u00e5ngvarig tillfredsst\u00e4llelse.<\/p>\n<p>Med en avancerad 0.8ohm mesh coil-k\u00e4rna, f\u00f6rb\u00e4ttrar denna bang vape 20000 puffar b\u00e5de \u00e5ngproduktion och smakklarhet, vilket ger en \u00f6verl\u00e4gsen upplevelse vid varje inandning. V\u00e4lj fr\u00e5n ett varierat urval av 16 frukt-inspirerade smaker, inklusive klassiska Strawberry Watermelon och unika blandningar som Peach Mango Watermelon och Tiger Blood.<\/p>\n<p>Dess LED-display smarta sk\u00e4rmfunktion g\u00f6r det m\u00f6jligt f\u00f6r anv\u00e4ndare att \u00f6vervaka str\u00f6m och anv\u00e4ndning i realtid<\/p>\n<p><strong>Kontakta Amy f\u00f6r att f\u00e5 r\u00e4tt svar och mer rabatt!<\/strong><\/p>\n<p><img loading=\"lazy\" decoding=\"async\" class=\"size-medium wp-image-1814\" src=\"https:\/\/rmvapesale.com\/wp-content\/uploads\/2024\/04\/whatsapp-amy-229x300.jpg\" alt=\"whatsapp amy\" width=\"229\" height=\"300\" srcset=\"https:\/\/rmvapesale.com\/wp-content\/uploads\/2024\/04\/whatsapp-amy-229x300.jpg 229w, https:\/\/rmvapesale.com\/wp-content\/uploads\/2024\/04\/whatsapp-amy-783x1024.jpg 783w, https:\/\/rmvapesale.com\/wp-content\/uploads\/2024\/04\/whatsapp-amy-768x1005.jpg 768w, https:\/\/rmvapesale.com\/wp-content\/uploads\/2024\/04\/whatsapp-amy-600x785.jpg 600w, https:\/\/rmvapesale.com\/wp-content\/uploads\/2024\/04\/whatsapp-amy.jpg 990w\" sizes=\"auto, (max-width: 229px) 100vw, 229px\" \/><\/p>\n<h3><span style=\"color: #ff0000\"><strong>WhatsApp: +86 17776015835<\/strong><\/span><\/h3>\n<p>&nbsp;<\/p>\n<h2><strong>Bang Box Vape 20000 Nyckelfunktioner<\/strong><\/h2>\n<p>Nikotin:0% 2% 3% 5%<br \/>\nPuffar: 20000<br \/>\nKapacitet: 20ml<br \/>\n16 smaker tillg\u00e4ngliga<br \/>\n650mah Uppladdningsbar<br \/>\nLED Smart Sk\u00e4rm<br \/>\nMesh Coil<\/p>\n<h2><strong>Vad \u00e4r den b\u00e4sta smaken f\u00f6r Bang Vape 20000 Puffs Puffs<\/strong><strong>?<\/strong><\/h2>\n<p>Dessa Bang Vape 20000 Puffs Smart Sk\u00e4rm Vapes erbjuder totalt 12 tillg\u00e4ngliga smaker f\u00f6r ditt val, det finns n\u00e5got b\u00e4st f\u00f6r dig.<\/p>\n<p>1. Peach Ice<br \/>\n2. Peach Mango<br \/>\n3. Mixed Berry<br \/>\n4. Pink Lemonade<br \/>\n5. Strawberry Watermelon<br \/>\n6.Vattenmelon is<br \/>\n7. Grape Ice<br \/>\n8. Vimto<br \/>\n9. Strawberry Ice<br \/>\n10. Cherry<br \/>\n11. Bl\u00e5b\u00e4r Hallon<br \/>\n12.Surt \u00c4pple<\/p>\n<h2><strong>Fr\u00e5gor du kanske vill ha svar p\u00e5 om Bang King Vape 20000 Puffs<\/strong><\/h2>\n<p>&nbsp;<\/p>\n<p><strong>1. Hur m\u00e5nga bloss kan jag f\u00f6rv\u00e4nta mig av Bang King Vape 20000 Puffs?<\/strong><\/p>\n<p>Bang King Vape 20000 Puffs har en imponerande m\u00e4ngd p\u00e5 20000 bloss (i en testmilj\u00f6), vilket ger l\u00e5ng anv\u00e4ndning och varaktig tillfredsst\u00e4llelse.<\/p>\n<p><strong>2. Vilken nikotinstyrka har Bang King Vape 20000 Puffs?<\/strong><\/p>\n<p>Bang King Vape 20000 Puffs kommer f\u00f6rfylld med e-v\u00e4tska i nikotinstyrkorna 0%, 2%, 3% och 5%, vilket ger en balanserad vapingupplevelse.<\/p>\n<p><strong>3. Hur f\u00f6rb\u00e4ttrar Mesh Coil Technology vapingupplevelsen?<\/strong><\/p>\n<p>Mesh Coil Technology integrerad i Bang Tornado 12000 Puffs med en l\u00e5gresistiv 1.2ohm coil. Denna design maximerar v\u00e4rmeytan, vilket resulterar i mjukare drag och f\u00f6rb\u00e4ttrad \u00e5ngproduktion. Teknologin garanterar j\u00e4mn och konsekvent uppv\u00e4rmning av e-v\u00e4tskan, vilket ger en \u00f6verl\u00e4gsen smakupplevelse.<\/p>\n<p><strong>4. Var kan jag k\u00f6pa \u00e4kta Bang King Vape 20000 Puffs?<\/strong><\/p>\n<p>Den \u00e4kta Bang Beach 22k Puffs finns att k\u00f6pa via auktoriserade \u00e5terf\u00f6rs\u00e4ljare. F\u00f6r grossistf\u00f6rfr\u00e5gningar kan \u00e5terf\u00f6rs\u00e4ljare <a href=\"https:\/\/wa.me\/8617776015835\" target=\"_blank\" rel=\"noopener\">kontakta oss<\/a> direkt. Detaljkunder kan hitta produkten hos utvalda \u00e5terf\u00f6rs\u00e4ljare eller onlinebutiker. Alla produkter i v\u00e5r butik \u00e4r 100% original och autentiska, s\u00e5 tio g\u00e5nger kompensation f\u00f6r falska varor \u00e4r v\u00e5r butikspolicy.<\/p>\n<p>&nbsp;<\/p>\n<p><strong>Leveransdetaljer:<\/strong><\/p>\n<div class=\"flex-shrink-0 flex flex-col relative items-end\">\n<div>\n<div class=\"pt-0\">\n<div class=\"gizmo-bot-avatar flex h-8 w-8 items-center justify-center overflow-hidden rounded-full\">\n<div class=\"relative p-1 rounded-sm flex items-center justify-center bg-token-main-surface-primary text-token-text-primary h-8 w-8\"><strong>Vilka frakts\u00e4tt anv\u00e4nds?<\/strong><\/div>\n<\/div>\n<\/div>\n<\/div>\n<\/div>\n<div class=\"group\/conversation-turn relative flex w-full min-w-0 flex-col agent-turn\">\n<div class=\"flex-col gap-1 md:gap-3\">\n<div class=\"flex max-w-full flex-col flex-grow\">\n<div class=\"min-h-[20px] text-message flex w-full flex-col items-end gap-2 whitespace-normal break-words [.text-message+&amp;]:mt-5 overflow-x-auto\" dir=\"auto\" data-message-author-role=\"assistant\" data-message-id=\"22f8283b-3233-46ff-89a5-c7a41b33abda\">\n<div class=\"flex w-full flex-col gap-1 empty:hidden first:pt-[3px]\">\n<div class=\"markdown prose w-full break-words dark:prose-invert light\">\n<p>Vi samarbetar med UPS, DHL, FedEx, DPD och andra ledande transport\u00f6rer. Vi v\u00e4ljer det b\u00e4sta frakts\u00e4ttet baserat p\u00e5 din leveransadress f\u00f6r att s\u00e4kerst\u00e4lla att du f\u00e5r dina produkter s\u00e5 snabbt som m\u00f6jligt.<\/p>\n<\/div>\n<p><strong>Hur l\u00e5ng tid tar det att komma fram?<\/strong><\/p>\n<p>Paket som skickas till Sverige anl\u00e4nder vanligtvis inom 10 arbetsdagar. Leveranser till europeiska l\u00e4nder tar generellt cirka 12-15 arbetsdagar. Vi kommer att ge uppdateringar i realtid om din leveransstatus.<\/p>\n<p>&nbsp;<\/p>\n<\/div>\n<\/div>\n<\/div>\n<\/div>\n<\/div>\n<p>Hitta fler vape-produkter du kanske gillar:<em><a href=\"https:\/\/rmvapesale.com\/sv\/shop-2\/\">handla nu\u00a0<\/a><\/em><\/p>\n<p>Andra heta s\u00e4ljande vapes du kanske gillar:<\/p>\n<p><a href=\"https:\/\/rmvapesale.com\/sv\/product\/bang-30k-puffs-disposable-vape-double-taste-wholesale-italy\/\">Bang 30k Puffs<\/a><\/p>\n<p><a href=\"https:\/\/rmvapesale.com\/sv\/product\/bang-beach-22000-puffs-smart-screen-vapes-factory-price\/\">Bang Beach 22000 Puffs<\/a><\/p>","protected":false},"excerpt":{"rendered":"<p>Bang Vape 20000 Puffs LED Display Vape Partipris<br \/>\nBang Box Vape 20000 Puffs Smart Sk\u00e4rm Vapes Fabrikspris<br \/>\nBang Vape 20000 Puffs B\u00e4sta Smak Bulk k\u00f6p<\/p>\n<p><strong>Kontakta Amy f\u00f6r mer rabatt och l\u00e4gre minsta best\u00e4llningskvantitet f\u00f6r Vape<\/strong><\/p>\n<p><img loading=\"lazy\" decoding=\"async\" class=\"size-medium wp-image-1814\" src=\"https:\/\/rmvapesale.com\/wp-content\/uploads\/2024\/04\/whatsapp-amy-229x300.jpg\" alt=\"whatsapp amy\" width=\"229\" height=\"300\" srcset=\"https:\/\/rmvapesale.com\/wp-content\/uploads\/2024\/04\/whatsapp-amy-229x300.jpg 229w, https:\/\/rmvapesale.com\/wp-content\/uploads\/2024\/04\/whatsapp-amy-783x1024.jpg 783w, https:\/\/rmvapesale.com\/wp-content\/uploads\/2024\/04\/whatsapp-amy-768x1005.jpg 768w, https:\/\/rmvapesale.com\/wp-content\/uploads\/2024\/04\/whatsapp-amy-600x785.jpg 600w, https:\/\/rmvapesale.com\/wp-content\/uploads\/2024\/04\/whatsapp-amy.jpg 990w\" sizes=\"auto, (max-width: 229px) 100vw, 229px\" \/><\/p>\n<h3><span style=\"color: #ff0000\"><strong>WhatsApp: +86 17776015835<\/strong><\/span><\/h3>","protected":false},"featured_media":1973,"comment_status":"open","ping_status":"closed","template":"","meta":{"_uag_custom_page_level_css":"","_lmt_disableupdate":"no","_lmt_disable":"","site-sidebar-layout":"default","site-content-layout":"content-boxed-container","ast-site-content-layout":"normal-width-container","site-content-style":"boxed","site-sidebar-style":"unboxed","ast-global-header-display":"","ast-banner-title-visibility":"","ast-main-header-display":"","ast-hfb-above-header-display":"","ast-hfb-below-header-display":"","ast-hfb-mobile-header-display":"","site-post-title":"","ast-breadcrumbs-content":"","ast-featured-img":"","footer-sml-layout":"","theme-transparent-header-meta":"default","adv-header-id-meta":"","stick-header-meta":"","header-above-stick-meta":"","header-main-stick-meta":"","header-below-stick-meta":"","astra-migrate-meta-layouts":"set","ast-page-background-enabled":"default","ast-page-background-meta":{"desktop":{"background-color":"var(--ast-global-color-4)","background-image":"","background-repeat":"repeat","background-position":"center center","background-size":"auto","background-attachment":"scroll","background-type":"","background-media":"","overlay-type":"","overlay-color":"","overlay-opacity":"","overlay-gradient":""},"tablet":{"background-color":"","background-image":"","background-repeat":"repeat","background-position":"center center","background-size":"auto","background-attachment":"scroll","background-type":"","background-media":"","overlay-type":"","overlay-color":"","overlay-opacity":"","overlay-gradient":""},"mobile":{"background-color":"","background-image":"","background-repeat":"repeat","background-position":"center center","background-size":"auto","background-attachment":"scroll","background-type":"","background-media":"","overlay-type":"","overlay-color":"","overlay-opacity":"","overlay-gradient":""}},"ast-content-background-meta":{"desktop":{"background-color":"var(--ast-global-color-5)","background-image":"","background-repeat":"repeat","background-position":"center center","background-size":"auto","background-attachment":"scroll","background-type":"","background-media":"","overlay-type":"","overlay-color":"","overlay-opacity":"","overlay-gradient":""},"tablet":{"background-color":"var(--ast-global-color-5)","background-image":"","background-repeat":"repeat","background-position":"center center","background-size":"auto","background-attachment":"scroll","background-type":"","background-media":"","overlay-type":"","overlay-color":"","overlay-opacity":"","overlay-gradient":""},"mobile":{"background-color":"var(--ast-global-color-5)","background-image":"","background-repeat":"repeat","background-position":"center center","background-size":"auto","background-attachment":"scroll","background-type":"","background-media":"","overlay-type":"","overlay-color":"","overlay-opacity":"","overlay-gradient":""}},"_joinchat":[]},"product_brand":[],"product_cat":[25,289,293,295,273,279,255,123,26,28,135,27,60,137,136,15,30],"product_tag":[63,55,56,57,58,40,41,59,37],"class_list":{"0":"post-1974","1":"product","2":"type-product","3":"status-publish","4":"has-post-thumbnail","6":"product_cat-germany-best-selling-vape","7":"product_cat-big-puffs-disposable-vapes","8":"product_cat-low-nicotine-disposable-vapes","9":"product_cat-rechargeable-disposable-vapes","10":"product_cat-bang-box-vape","11":"product_cat-bang-king-vape","12":"product_cat-20000-puff-disposable-vape","13":"product_cat-italy-wholesale-vape","14":"product_cat-netherlands-hot-sale-vape","15":"product_cat-poland-hot-sale-vape","16":"product_cat-spain-best-hot-sale-vape","17":"product_cat-fance-hot-sale-vape","18":"product_cat-bang-vapes","19":"product_cat-rechargeable-vapes","20":"product_cat-smart-screen-vapes","21":"product_cat-new-vape-this-week","22":"product_cat-minimum-order-quantity-50pcs","23":"product_tag-bang-vapes","24":"product_tag-buy-vape-pods","25":"product_tag-disposable-vape-wholesale-near-me","26":"product_tag-disposable-vape-wholesale-supplier","27":"product_tag-electric-cigarettes","28":"product_tag-hot-sale-vape","29":"product_tag-original-factory-vape","30":"product_tag-puffs-vape","31":"product_tag-wholesale-vape-price","32":"desktop-align-left","33":"tablet-align-left","34":"mobile-align-left","36":"first","37":"instock","38":"sale","39":"shipping-taxable","40":"purchasable","41":"product-type-simple"},"uagb_featured_image_src":{"full":["https:\/\/rmvapesale.com\/wp-content\/uploads\/2024\/09\/Bang-Vape-20000-Wholesale-Price.jpg",800,800,false],"thumbnail":["https:\/\/rmvapesale.com\/wp-content\/uploads\/2024\/09\/Bang-Vape-20000-Wholesale-Price-150x150.jpg",150,150,true],"medium":["https:\/\/rmvapesale.com\/wp-content\/uploads\/2024\/09\/Bang-Vape-20000-Wholesale-Price-300x300.jpg",300,300,true],"medium_large":["https:\/\/rmvapesale.com\/wp-content\/uploads\/2024\/09\/Bang-Vape-20000-Wholesale-Price-768x768.jpg",768,768,true],"large":["https:\/\/rmvapesale.com\/wp-content\/uploads\/2024\/09\/Bang-Vape-20000-Wholesale-Price.jpg",800,800,false],"1536x1536":["https:\/\/rmvapesale.com\/wp-content\/uploads\/2024\/09\/Bang-Vape-20000-Wholesale-Price.jpg",800,800,false],"2048x2048":["https:\/\/rmvapesale.com\/wp-content\/uploads\/2024\/09\/Bang-Vape-20000-Wholesale-Price.jpg",800,800,false],"trp-custom-language-flag":["https:\/\/rmvapesale.com\/wp-content\/uploads\/2024\/09\/Bang-Vape-20000-Wholesale-Price.jpg",12,12,false],"woocommerce_thumbnail":["https:\/\/rmvapesale.com\/wp-content\/uploads\/2024\/09\/Bang-Vape-20000-Wholesale-Price-300x300.jpg",300,300,true],"woocommerce_single":["https:\/\/rmvapesale.com\/wp-content\/uploads\/2024\/09\/Bang-Vape-20000-Wholesale-Price-600x600.jpg",600,600,true],"woocommerce_gallery_thumbnail":["https:\/\/rmvapesale.com\/wp-content\/uploads\/2024\/09\/Bang-Vape-20000-Wholesale-Price-100x100.jpg",100,100,true],"wcpr-photo-reviews":["https:\/\/rmvapesale.com\/wp-content\/uploads\/2024\/09\/Bang-Vape-20000-Wholesale-Price.jpg",500,500,false]},"uagb_author_info":{"display_name":"AMY","author_link":"https:\/\/rmvapesale.com\/sv\/author\/"},"uagb_comment_info":0,"uagb_excerpt":"Bang Vape 20000 Puffs LED Display Vape Wholesale Price Bang Box Vape 20000 Puffs Smart Screen Vapes Factory Price Bang Vape 20000 Puffs Best Flavor Bulk Buy Contact Amy For More Discount And Lower MOQ Vape WhatsApp: +86 17776015835","_links":{"self":[{"href":"https:\/\/rmvapesale.com\/sv\/wp-json\/wp\/v2\/product\/1974","targetHints":{"allow":["GET"]}}],"collection":[{"href":"https:\/\/rmvapesale.com\/sv\/wp-json\/wp\/v2\/product"}],"about":[{"href":"https:\/\/rmvapesale.com\/sv\/wp-json\/wp\/v2\/types\/product"}],"replies":[{"embeddable":true,"href":"https:\/\/rmvapesale.com\/sv\/wp-json\/wp\/v2\/comments?post=1974"}],"wp:featuredmedia":[{"embeddable":true,"href":"https:\/\/rmvapesale.com\/sv\/wp-json\/wp\/v2\/media\/1973"}],"wp:attachment":[{"href":"https:\/\/rmvapesale.com\/sv\/wp-json\/wp\/v2\/media?parent=1974"}],"wp:term":[{"taxonomy":"product_brand","embeddable":true,"href":"https:\/\/rmvapesale.com\/sv\/wp-json\/wp\/v2\/product_brand?post=1974"},{"taxonomy":"product_cat","embeddable":true,"href":"https:\/\/rmvapesale.com\/sv\/wp-json\/wp\/v2\/product_cat?post=1974"},{"taxonomy":"product_tag","embeddable":true,"href":"https:\/\/rmvapesale.com\/sv\/wp-json\/wp\/v2\/product_tag?post=1974"}],"curies":[{"name":"wp","href":"https:\/\/api.w.org\/{rel}","templated":true}]}}