{"id":1994,"date":"2024-09-13T03:39:06","date_gmt":"2024-09-13T03:39:06","guid":{"rendered":"https:\/\/rmvapesale.com\/?post_type=product&#038;p=1994"},"modified":"2025-01-20T03:52:56","modified_gmt":"2025-01-20T03:52:56","slug":"bang-digital-box-15000-puffs-original-factory-wholesale","status":"publish","type":"product","link":"https:\/\/rmvapesale.com\/sv\/product\/bang-digital-box-15000-puffs-original-factory-wholesale\/","title":{"rendered":"Bang Digital Box 15000 Puffs Originalfabriken grossist"},"content":{"rendered":"<h1>Bang Digital Box 15000 Puffs Originalfabriken grossist<\/h1>\n<p>Vi presenterar Bang Digital Box 15000 Puff, en toppmodern eng\u00e5ngs vape som s\u00f6ml\u00f6st blandar stil, funktionalitet och exceptionell livsl\u00e4ngd. Tillverkad med en elegant aluminiumlegering och PETG-kropp, levererar denna enhet b\u00e5de imponerande h\u00e5llbarhet och ett modernt utseende.<\/p>\n<p>Med ett brett utbud av smaker och nikotinstyrkor tillg\u00e4ngliga, \u00e4r Bang Digital 15000 Puff ett m\u00e5ngsidigt val f\u00f6r vuxna vejpare. Konstruerad f\u00f6r bekv\u00e4mlighet, passar den enkelt in i din livsstil och erbjuder en p\u00e5litlig, smakrik och anv\u00e4ndarv\u00e4nlig vapingupplevelse.<\/p>\n<p>Varf\u00f6r inte uppt\u00e4cka toppen av eng\u00e5ngs vaping med Bang Digital 15000 Puff just nu?<\/p>\n<p><strong>Kontakta Amy f\u00f6r att f\u00e5 r\u00e4tt svar och fler produktvideor!<\/strong><\/p>\n<p><img loading=\"lazy\" decoding=\"async\" class=\"size-medium wp-image-1814\" src=\"https:\/\/rmvapesale.com\/wp-content\/uploads\/2024\/04\/whatsapp-amy-229x300.jpg\" alt=\"whatsapp amy\" width=\"229\" height=\"300\" srcset=\"https:\/\/rmvapesale.com\/wp-content\/uploads\/2024\/04\/whatsapp-amy-229x300.jpg 229w, https:\/\/rmvapesale.com\/wp-content\/uploads\/2024\/04\/whatsapp-amy-783x1024.jpg 783w, https:\/\/rmvapesale.com\/wp-content\/uploads\/2024\/04\/whatsapp-amy-768x1005.jpg 768w, https:\/\/rmvapesale.com\/wp-content\/uploads\/2024\/04\/whatsapp-amy-600x785.jpg 600w, https:\/\/rmvapesale.com\/wp-content\/uploads\/2024\/04\/whatsapp-amy.jpg 990w\" sizes=\"auto, (max-width: 229px) 100vw, 229px\" \/><\/p>\n<h3><span style=\"color: #ff0000\"><strong>WhatsApp: +86 17776015835<\/strong><\/span><\/h3>\n<p>&nbsp;<\/p>\n<h2><strong>Bang Digital 15000 Puff Viktiga Funktioner<\/strong><\/h2>\n<p>Nikotin: 0% 2% 3% 5%<br \/>\nPuffar: 15000<br \/>\nKapacitet: 23ml<br \/>\n12 smaker tillg\u00e4ngliga<br \/>\n500mah Uppladdningsbar<br \/>\nMesh Coil<\/p>\n<h2><strong>B\u00e4sta smaken f\u00f6r Bang Digital 15000<\/strong><\/h2>\n<p>Denna Bang Digital Box 15000 Puff Eng\u00e5ngs Pod har 12 sakkunnigt utformade smaker, var och en utformad f\u00f6r att erbjuda en distinkt och tillfredsst\u00e4llande smakupplevelse, det finns n\u00e5got b\u00e4st f\u00f6r dig.<\/p>\n<p>1.Blue Freeze<br \/>\n2.Berry Blast &gt;&gt;Het!<br \/>\n3.Blue Cherry Lemon<br \/>\n4.Peach Freeze<br \/>\n5.Grape Freeze<br \/>\n6.Peach Berry<br \/>\n7.Sour Apple Razberry<br \/>\n8. Trippel Frukt<br \/>\n9. Vattenmelon Is &gt;&gt;Hett!<br \/>\n10. Jordgubbsvattenmelon &gt;&gt;B\u00e4st!<br \/>\n11. Sval Mint<br \/>\n12. Jordgubbslychee &gt;&gt;Hett!<\/p>\n<h2><strong>Fr\u00e5gor du kanske vill veta om Bang Digital 15000 Puffar<\/strong><\/h2>\n<p>&nbsp;<\/p>\n<p><strong>1. Hur anv\u00e4nder jag Bang Digital 15000 Puffar om jag \u00e4r ny inom vaping?<\/strong><br \/>\nBang Digital 15000 Puffar \u00e4r designad f\u00f6r enkel anv\u00e4ndning. Packa helt enkelt upp enheten och b\u00f6rja puffa f\u00f6r att njuta av din valda smak. Det finns inga komplicerade inst\u00e4llningar eller underh\u00e5ll kr\u00e4vs, vilket g\u00f6r det till ett perfekt val f\u00f6r nyb\u00f6rjare.<\/p>\n<p><strong>2. \u00c4r Bang Digital 15000 Puffar milj\u00f6v\u00e4nlig?<\/strong><br \/>\nJa, Vapes Europe har \u00e5tagit sig att arbeta f\u00f6r h\u00e5llbarhet. \u00c4ven om Bang Digital 15000 Puffar \u00e4r en eng\u00e5ngsenhet, uppmuntrar vi till ansvarsfull kassering. Anv\u00e4nd avsedda \u00e5tervinningsanl\u00e4ggningar f\u00f6r e-avfall f\u00f6r att minimera milj\u00f6p\u00e5verkan och s\u00e4kerst\u00e4lla korrekt hantering av enhetens komponenter.<\/p>\n<p><strong>3. Hur ska jag kassera Bang Digital 15000 Puffar p\u00e5 ett s\u00e4kert s\u00e4tt?<\/strong><br \/>\nF\u00f6r att kassera Bang Digital 15000 Puffar, se f\u00f6rst till att den \u00e4r helt t\u00f6md. F\u00f6lj sedan lokala best\u00e4mmelser f\u00f6r kassering av e-avfall eller \u00e5tervinningscentraler. M\u00e5nga kommuner erbjuder specifika inl\u00e4mningsst\u00e4llen f\u00f6r elektroniska enheter f\u00f6r att s\u00e4kerst\u00e4lla korrekt kassering och minska milj\u00f6p\u00e5verkan.<\/p>\n<p><strong>4. \u00c4r Bang Digital Box 15000 s\u00e4ker f\u00f6r anv\u00e4ndning och kassering?<\/strong><br \/>\nAbsolut. Waspe Tornado 15000 \u00e4r designad med s\u00e4kerhet i \u00e5tanke och f\u00f6ljer branschstandarder. Dess eng\u00e5ngskarakt\u00e4r eliminerar underh\u00e5llsproblem, och n\u00e4r den kasseras p\u00e5 ett ansvarsfullt s\u00e4tt har den minimal milj\u00f6p\u00e5verkan. F\u00f6lj alltid s\u00e4kerhetsriktlinjerna och kontakta g\u00e4rna v\u00e5r kundsupport f\u00f6r specifika fr\u00e5gor.<\/p>\n<p>&nbsp;<\/p>\n<h3><b>VANLIGA FR\u00c5GOR OCH SVAR<\/b><\/h3>\n<div class=\"flex-shrink-0 flex flex-col relative items-end\">\n<div>\n<div class=\"pt-0\">\n<div class=\"gizmo-bot-avatar flex h-8 w-8 items-center justify-center overflow-hidden rounded-full\">\n<div class=\"relative p-1 rounded-sm flex items-center justify-center bg-token-main-surface-primary text-token-text-primary h-8 w-8\"><strong>Vilka frakts\u00e4tt anv\u00e4nds?<\/strong><\/div>\n<\/div>\n<\/div>\n<\/div>\n<\/div>\n<div class=\"group\/conversation-turn relative flex w-full min-w-0 flex-col agent-turn\">\n<div class=\"flex-col gap-1 md:gap-3\">\n<div class=\"flex max-w-full flex-col flex-grow\">\n<div class=\"min-h-[20px] text-message flex w-full flex-col items-end gap-2 whitespace-normal break-words [.text-message+&amp;]:mt-5 overflow-x-auto\" dir=\"auto\" data-message-author-role=\"assistant\" data-message-id=\"22f8283b-3233-46ff-89a5-c7a41b33abda\">\n<div class=\"flex w-full flex-col gap-1 empty:hidden first:pt-[3px]\">\n<div class=\"markdown prose w-full break-words dark:prose-invert light\">\n<p>Vi samarbetar med UPS, DHL, FedEx, DPD och andra ledande transport\u00f6rer. Vi v\u00e4ljer det b\u00e4sta frakts\u00e4ttet baserat p\u00e5 din leveransadress f\u00f6r att s\u00e4kerst\u00e4lla att du f\u00e5r dina produkter s\u00e5 snabbt som m\u00f6jligt.<\/p>\n<\/div>\n<p><strong>Hur l\u00e5ng tid tar det att komma fram?<\/strong><\/p>\n<p>Paket som skickas till Sverige anl\u00e4nder vanligtvis inom 10 arbetsdagar. Leveranser till europeiska l\u00e4nder tar generellt cirka 12-15 arbetsdagar. Vi kommer att ge uppdateringar i realtid om din leveransstatus.<\/p>\n<p>&nbsp;<\/p>\n<\/div>\n<\/div>\n<\/div>\n<\/div>\n<\/div>\n<p>Hitta fler vape-produkter du kanske gillar:<em><a href=\"https:\/\/rmvapesale.com\/sv\/shop-2\/\">handla nu\u00a0<\/a><\/em><\/p>\n<p>Andra heta s\u00e4ljande vapes du kanske gillar:<\/p>\n<p><a href=\"https:\/\/rmvapesale.com\/sv\/product\/bang-30k-puffs-disposable-vape-double-taste-wholesale-italy\/\">Bang 30k Puffs<\/a><\/p>\n<p><a href=\"https:\/\/rmvapesale.com\/sv\/product\/bang-beach-22000-puffs-smart-screen-vapes-factory-price\/\">Bang Beach 22000 Puffs<\/a><\/p>\n<p><a href=\"https:\/\/rmvapesale.com\/sv\/product\/randm-tornado-15000-puffs-vape-wholesale\/\">RandM Tornado 15000 bloss<\/a><\/p>\n<p><a href=\"https:\/\/rmvapesale.com\/sv\/product\/bang-20000-puffs-disposable-vape-wholesale-supplier\/\">Bang 20000 bloss<\/a><\/p>","protected":false},"excerpt":{"rendered":"<p class=\"LC20lb MBeuO DKV0Md\">Bang Box Uppladdningsbar Eng\u00e5ngs Vape 15000 Puff<\/p>\n<p>Bang Digital Box 15000 Puff Original Vape Pod Grossistpris<\/p>\n<p>Bang Digital Puff 15k 15000 Puff Eng\u00e5ngs E-cigaretter 0% 2% 3% 5% Nikotin<\/p>\n<p><strong>Kontakta Amy f\u00f6r mer rabatt och l\u00e4gre minsta best\u00e4llningskvantitet f\u00f6r Vape<\/strong><\/p>\n<p><img loading=\"lazy\" decoding=\"async\" class=\"size-medium wp-image-1814\" src=\"https:\/\/rmvapesale.com\/wp-content\/uploads\/2024\/04\/whatsapp-amy-229x300.jpg\" alt=\"whatsapp amy\" width=\"229\" height=\"300\" srcset=\"https:\/\/rmvapesale.com\/wp-content\/uploads\/2024\/04\/whatsapp-amy-229x300.jpg 229w, https:\/\/rmvapesale.com\/wp-content\/uploads\/2024\/04\/whatsapp-amy-783x1024.jpg 783w, https:\/\/rmvapesale.com\/wp-content\/uploads\/2024\/04\/whatsapp-amy-768x1005.jpg 768w, https:\/\/rmvapesale.com\/wp-content\/uploads\/2024\/04\/whatsapp-amy-600x785.jpg 600w, https:\/\/rmvapesale.com\/wp-content\/uploads\/2024\/04\/whatsapp-amy.jpg 990w\" sizes=\"auto, (max-width: 229px) 100vw, 229px\" \/><\/p>\n<h3><span style=\"color: #ff0000\"><strong>WhatsApp: +86 17776015835<\/strong><\/span><\/h3>","protected":false},"featured_media":1993,"comment_status":"open","ping_status":"closed","template":"","meta":{"_uag_custom_page_level_css":"","_lmt_disableupdate":"no","_lmt_disable":"","site-sidebar-layout":"default","site-content-layout":"content-boxed-container","ast-site-content-layout":"normal-width-container","site-content-style":"boxed","site-sidebar-style":"unboxed","ast-global-header-display":"","ast-banner-title-visibility":"","ast-main-header-display":"","ast-hfb-above-header-display":"","ast-hfb-below-header-display":"","ast-hfb-mobile-header-display":"","site-post-title":"","ast-breadcrumbs-content":"","ast-featured-img":"","footer-sml-layout":"","ast-disable-related-posts":"","theme-transparent-header-meta":"default","adv-header-id-meta":"","stick-header-meta":"","header-above-stick-meta":"","header-main-stick-meta":"","header-below-stick-meta":"","astra-migrate-meta-layouts":"set","ast-page-background-enabled":"default","ast-page-background-meta":{"desktop":{"background-color":"var(--ast-global-color-4)","background-image":"","background-repeat":"repeat","background-position":"center center","background-size":"auto","background-attachment":"scroll","background-type":"","background-media":"","overlay-type":"","overlay-color":"","overlay-opacity":"","overlay-gradient":""},"tablet":{"background-color":"","background-image":"","background-repeat":"repeat","background-position":"center center","background-size":"auto","background-attachment":"scroll","background-type":"","background-media":"","overlay-type":"","overlay-color":"","overlay-opacity":"","overlay-gradient":""},"mobile":{"background-color":"","background-image":"","background-repeat":"repeat","background-position":"center center","background-size":"auto","background-attachment":"scroll","background-type":"","background-media":"","overlay-type":"","overlay-color":"","overlay-opacity":"","overlay-gradient":""}},"ast-content-background-meta":{"desktop":{"background-color":"var(--ast-global-color-5)","background-image":"","background-repeat":"repeat","background-position":"center center","background-size":"auto","background-attachment":"scroll","background-type":"","background-media":"","overlay-type":"","overlay-color":"","overlay-opacity":"","overlay-gradient":""},"tablet":{"background-color":"var(--ast-global-color-5)","background-image":"","background-repeat":"repeat","background-position":"center center","background-size":"auto","background-attachment":"scroll","background-type":"","background-media":"","overlay-type":"","overlay-color":"","overlay-opacity":"","overlay-gradient":""},"mobile":{"background-color":"var(--ast-global-color-5)","background-image":"","background-repeat":"repeat","background-position":"center center","background-size":"auto","background-attachment":"scroll","background-type":"","background-media":"","overlay-type":"","overlay-color":"","overlay-opacity":"","overlay-gradient":""}},"_joinchat":[]},"product_brand":[],"product_cat":[60,61,273,279,292,27,25,123,293,30,26,15,28,295,137,299,136,135],"product_tag":[63,56,57,58,40,41,37],"class_list":{"0":"post-1994","1":"product","2":"type-product","3":"status-publish","4":"has-post-thumbnail","6":"product_cat-bang-vapes","7":"product_cat-15000-puffs-disposable-vapes","8":"product_cat-bang-box-vape","9":"product_cat-bang-king-vape","10":"product_cat-digital-disposable-vapes","11":"product_cat-fance-hot-sale-vape","12":"product_cat-germany-best-selling-vape","13":"product_cat-italy-wholesale-vape","14":"product_cat-low-nicotine-disposable-vapes","15":"product_cat-minimum-order-quantity-50pcs","16":"product_cat-netherlands-hot-sale-vape","17":"product_cat-new-vape-this-week","18":"product_cat-poland-hot-sale-vape","19":"product_cat-rechargeable-disposable-vapes","20":"product_cat-rechargeable-vapes","21":"product_cat-smart-screen-disposable-vapes","22":"product_cat-smart-screen-vapes","23":"product_cat-spain-best-hot-sale-vape","24":"product_tag-bang-vapes","25":"product_tag-disposable-vape-wholesale-near-me","26":"product_tag-disposable-vape-wholesale-supplier","27":"product_tag-electric-cigarettes","28":"product_tag-hot-sale-vape","29":"product_tag-original-factory-vape","30":"product_tag-wholesale-vape-price","31":"desktop-align-left","32":"tablet-align-left","33":"mobile-align-left","35":"first","36":"instock","37":"sale","38":"shipping-taxable","39":"purchasable","40":"product-type-simple"},"uagb_featured_image_src":{"full":["https:\/\/rmvapesale.com\/wp-content\/uploads\/2024\/09\/Bang-Digital-Puff15000-Puffs-Disposable-E-Cigarettes.jpg",800,800,false],"thumbnail":["https:\/\/rmvapesale.com\/wp-content\/uploads\/2024\/09\/Bang-Digital-Puff15000-Puffs-Disposable-E-Cigarettes-150x150.jpg",150,150,true],"medium":["https:\/\/rmvapesale.com\/wp-content\/uploads\/2024\/09\/Bang-Digital-Puff15000-Puffs-Disposable-E-Cigarettes-300x300.jpg",300,300,true],"medium_large":["https:\/\/rmvapesale.com\/wp-content\/uploads\/2024\/09\/Bang-Digital-Puff15000-Puffs-Disposable-E-Cigarettes-768x768.jpg",768,768,true],"large":["https:\/\/rmvapesale.com\/wp-content\/uploads\/2024\/09\/Bang-Digital-Puff15000-Puffs-Disposable-E-Cigarettes.jpg",800,800,false],"1536x1536":["https:\/\/rmvapesale.com\/wp-content\/uploads\/2024\/09\/Bang-Digital-Puff15000-Puffs-Disposable-E-Cigarettes.jpg",800,800,false],"2048x2048":["https:\/\/rmvapesale.com\/wp-content\/uploads\/2024\/09\/Bang-Digital-Puff15000-Puffs-Disposable-E-Cigarettes.jpg",800,800,false],"trp-custom-language-flag":["https:\/\/rmvapesale.com\/wp-content\/uploads\/2024\/09\/Bang-Digital-Puff15000-Puffs-Disposable-E-Cigarettes.jpg",12,12,false],"woocommerce_thumbnail":["https:\/\/rmvapesale.com\/wp-content\/uploads\/2024\/09\/Bang-Digital-Puff15000-Puffs-Disposable-E-Cigarettes-300x300.jpg",300,300,true],"woocommerce_single":["https:\/\/rmvapesale.com\/wp-content\/uploads\/2024\/09\/Bang-Digital-Puff15000-Puffs-Disposable-E-Cigarettes-600x600.jpg",600,600,true],"woocommerce_gallery_thumbnail":["https:\/\/rmvapesale.com\/wp-content\/uploads\/2024\/09\/Bang-Digital-Puff15000-Puffs-Disposable-E-Cigarettes-100x100.jpg",100,100,true],"wcpr-photo-reviews":["https:\/\/rmvapesale.com\/wp-content\/uploads\/2024\/09\/Bang-Digital-Puff15000-Puffs-Disposable-E-Cigarettes.jpg",500,500,false]},"uagb_author_info":{"display_name":"AMY","author_link":"https:\/\/rmvapesale.com\/sv\/author\/"},"uagb_comment_info":0,"uagb_excerpt":"Bang Box\u00a0 Recharge Disposable Vape 15000 Puffs Bang Digital Box 15000 Puffs Original Vape Pod Wholesale Price Bang Digital Puff 15k 15000 Puffs Disposable E Cigarettes\u00a0 0% 2% 3% 5% Nicotine Contact Amy For More Discount And Lower MOQ Vape WhatsApp: +86 17776015835","_links":{"self":[{"href":"https:\/\/rmvapesale.com\/sv\/wp-json\/wp\/v2\/product\/1994","targetHints":{"allow":["GET"]}}],"collection":[{"href":"https:\/\/rmvapesale.com\/sv\/wp-json\/wp\/v2\/product"}],"about":[{"href":"https:\/\/rmvapesale.com\/sv\/wp-json\/wp\/v2\/types\/product"}],"replies":[{"embeddable":true,"href":"https:\/\/rmvapesale.com\/sv\/wp-json\/wp\/v2\/comments?post=1994"}],"wp:featuredmedia":[{"embeddable":true,"href":"https:\/\/rmvapesale.com\/sv\/wp-json\/wp\/v2\/media\/1993"}],"wp:attachment":[{"href":"https:\/\/rmvapesale.com\/sv\/wp-json\/wp\/v2\/media?parent=1994"}],"wp:term":[{"taxonomy":"product_brand","embeddable":true,"href":"https:\/\/rmvapesale.com\/sv\/wp-json\/wp\/v2\/product_brand?post=1994"},{"taxonomy":"product_cat","embeddable":true,"href":"https:\/\/rmvapesale.com\/sv\/wp-json\/wp\/v2\/product_cat?post=1994"},{"taxonomy":"product_tag","embeddable":true,"href":"https:\/\/rmvapesale.com\/sv\/wp-json\/wp\/v2\/product_tag?post=1994"}],"curies":[{"name":"wp","href":"https:\/\/api.w.org\/{rel}","templated":true}]}}