{"id":1995,"date":"2024-09-13T08:03:11","date_gmt":"2024-09-13T08:03:11","guid":{"rendered":"https:\/\/rmvapesale.com\/?post_type=product&#038;p=1995"},"modified":"2025-01-20T03:53:42","modified_gmt":"2025-01-20T03:53:42","slug":"vapme-shisha-hookah-15000-puffs-vape-0-2-nicotine","status":"publish","type":"product","link":"https:\/\/rmvapesale.com\/sv\/product\/vapme-shisha-hookah-15000-puffs-vape-0-2-nicotine\/","title":{"rendered":"Vapme Shisha Vattenpipa 15000 Puffs Vape 0% 2% Nikotin"},"content":{"rendered":"<h1>Vapme Shisha Vattenpipa 15000 Puffs Vape 0% 2% Nikotin<\/h1>\n<p>Vi presenterar Vapme Shisha Hookah 15000 Puffs, en uppladdningsbar eng\u00e5ngsvape utformad f\u00f6r att h\u00f6ja din vapingupplevelse. Med en anm\u00e4rkningsv\u00e4rd kapacitet p\u00e5 15000 puffar, erbjuder denna enhet ut\u00f6kad njutning och flexibilitet, tillg\u00e4nglig i nikotinniv\u00e5er p\u00e5 0% eller 2% f\u00f6r att passa dina preferenser.<\/p>\n<p>Med en gener\u00f6s e-juicekapacitet p\u00e5 25 ml s\u00e4kerst\u00e4ller Vapme Shisha Hookah att du har en riklig tillg\u00e5ng f\u00f6r oavbrutna sessioner. Dess 650mAh uppladdningsbara batteri och Type-C laddningsport ger effektiv och bekv\u00e4m laddning, vilket s\u00e4kerst\u00e4ller att du kan njuta av din vape utan avbrott.<\/p>\n<p>Med 24 smaker att v\u00e4lja mellan och ett motst\u00e5nd p\u00e5 0,6\u03a9 f\u00f6r en mjuk, smakrik \u00e5nga, levererar denna uppladdningsbara eng\u00e5ngsvape en konsekvent tillfredsst\u00e4llande upplevelse. F\u00f6rb\u00e4ttra din vapingresa med Vapme Shisha Hookah 15000.<\/p>\n<p>&nbsp;<\/p>\n<p><strong>Kontakta Amy f\u00f6r att f\u00e5 r\u00e4tt svar och grossistpris!<\/strong><\/p>\n<p><img loading=\"lazy\" decoding=\"async\" class=\"size-medium wp-image-1814\" src=\"https:\/\/rmvapesale.com\/wp-content\/uploads\/2024\/04\/whatsapp-amy-229x300.jpg\" alt=\"whatsapp amy\" width=\"229\" height=\"300\" srcset=\"https:\/\/rmvapesale.com\/wp-content\/uploads\/2024\/04\/whatsapp-amy-229x300.jpg 229w, https:\/\/rmvapesale.com\/wp-content\/uploads\/2024\/04\/whatsapp-amy-783x1024.jpg 783w, https:\/\/rmvapesale.com\/wp-content\/uploads\/2024\/04\/whatsapp-amy-768x1005.jpg 768w, https:\/\/rmvapesale.com\/wp-content\/uploads\/2024\/04\/whatsapp-amy-600x785.jpg 600w, https:\/\/rmvapesale.com\/wp-content\/uploads\/2024\/04\/whatsapp-amy.jpg 990w\" sizes=\"auto, (max-width: 229px) 100vw, 229px\" \/><\/p>\n<h2><\/h2>\n<h2>Vapme Shisha Hookah 15000 Specifikation<\/h2>\n<p>Puffar: 15000 Puffar<br \/>\nNikotin: 0%, 2%<br \/>\nE-juicekapacitet: 25 ML<br \/>\nBatteri: 650mAh (Uppladdningsbart)<br \/>\nLaddningsport: Type C<br \/>\nMotst\u00e5nd: 0.6\u03a9<br \/>\nSmaker: 24 Smaker<\/p>\n<h2><strong>B\u00e4sta popul\u00e4ra smaken f\u00f6r Vapme Shisha 15000 Puffs?<\/strong><\/h2>\n<p>Vapme Shisha Hookah 15000 Puffs erbjuder totalt 24 tillg\u00e4ngliga smaker f\u00f6r ditt val, det finns n\u00e5got f\u00f6r varje smak.<\/p>\n<p>1.Bl\u00e5b\u00e4r p\u00e5 is<br \/>\n2.Kiwi passionsfrukt guava<br \/>\n3.Bl\u00e5 hallon lemonad<br \/>\n4.Jordgubb kiwi<br \/>\n5.Blandade b\u00e4r<br \/>\n6.Jordgubb vattenmelon<br \/>\n7.Druva p\u00e5 is<br \/>\n8.Vattenmelon is<br \/>\n9.Persika mango ananas<br \/>\n10.Jordgubbsis<br \/>\n11.Persika is<br \/>\n12.Mango Banan<br \/>\n13.K\u00f6rsb\u00e4r b\u00e4r<br \/>\n14.Bl\u00e5b\u00e4r hallon<br \/>\n15.Love 66<br \/>\n16.Vattenmelon bull<br \/>\n17.Jordgubb druva<br \/>\n18.Jordgubb hallon godis<br \/>\n19.Mamba<br \/>\n20.Vattenmelon k\u00f6rsb\u00e4r<br \/>\n21.Fryst \u00e4pple<br \/>\n22.Citron mynta<br \/>\n23.Svartvinb\u00e4rs is<br \/>\n24.Ananas shake<\/p>\n<h2><\/h2>\n<h2><strong>Fr\u00e5gor du kanske vill st\u00e4lla om Vapme Shisha Hookah 15000<\/strong><\/h2>\n<p>&nbsp;<\/p>\n<h3>F 1. Hur m\u00e5nga bloss kan jag f\u00f6rv\u00e4nta mig av Vapme Shisha Hookah 15000 Puff?<\/h3>\n<p>S. Vapme Shisha Hookah 15000 har imponerande 15 000 bloss (i en testmilj\u00f6), vilket ger l\u00e5ngvarig anv\u00e4ndning och tillfredsst\u00e4llelse.<\/p>\n<h3>F 2. Hur l\u00e4nge r\u00e4cker den autentiska Vapme Shisha Hookah 15000 Vape?<\/h3>\n<p>S: Den autentiska Vapme Shisha Hookah 15000<span style=\"font-size: 16px\">\u00a0<\/span>har ett inbyggt batteri med en kapacitet p\u00e5 650 mAh, som ger l\u00e5ngvarig anv\u00e4ndning p\u00e5 en enda laddning. Men den exakta batteritiden beror p\u00e5 individuella anv\u00e4ndningsm\u00f6nster.<\/p>\n<h3>F 3. \u00c4r Vapme Shisha Hookah 15000 Original uppladdningsbar?<\/h3>\n<p><span style=\"font-size: 16px\">S: Ja, Vapme Shisha Hookah 15000 Original levereras med ett uppladdningsbart 650 mAh-batteri, vilket inneb\u00e4r att den \u00e4r uppladdningsbar. Du kan njuta av den till sista droppen.<\/span><\/p>\n<h3>F 4. Var kan jag f\u00e5 partipriset f\u00f6r Vapme Shisha Hookah 15000 uppladdningsbar eng\u00e5ngsvape?<\/h3>\n<p>S: Vapme Shisha Hookah 15000<span style=\"font-size: 16px\">\u00a0<\/span>finns att k\u00f6pa via auktoriserade distribut\u00f6rer. F\u00f6r grossistf\u00f6rfr\u00e5gningar kan distribut\u00f6rer kontakta oss direkt i Sverige. <a href=\"https:\/\/wa.me\/8617776015835\" target=\"_blank\" rel=\"noopener\">kontakta oss<\/a> direkt. \u00c5terf\u00f6rs\u00e4ljare kan hitta produkten hos utvalda \u00e5terf\u00f6rs\u00e4ljare eller onlinebutiker.<\/p>\n<p>&nbsp;<\/p>\n<p>Hitta fler vape-produkter du kanske gillar:<em><a href=\"https:\/\/rmvapesale.com\/sv\/shop-2\/\">handla nu\u00a0<\/a><\/em><\/p>\n<p>&nbsp;<\/p>\n<p>Andra heta s\u00e4ljande vapes du kanske gillar:<\/p>\n<p><a href=\"https:\/\/rmvapesale.com\/sv\/product\/randm-vape-al-fakher-10000-puffs-vape-wholesale\/\">randm vape AI FAKHER 15k vape<\/a><\/p>\n<p><a href=\"https:\/\/rmvapesale.com\/sv\/product\/original-randm-tornado-9000-puffs-disposable-vape-factory-price\/\">RandM Tornado 9000<\/a><\/p>\n<p><a href=\"https:\/\/rmvapesale.com\/sv\/product\/vapme-crystal-7000-puffs-rechargeable-disposable-vape-price\/\">Vapme Crystal 7000 Puffar<\/a><\/p>","protected":false},"excerpt":{"rendered":"<p>Vapme Shisha Hookah 15000 Puffs Uppladdningsbar Eng\u00e5ngsvape Partipris<\/p>\n<p>PUFF 15000 VAPME SHISHA HOOKAH B\u00e4sta smaken i lager<\/p>\n<p>Vapme Shisha Hookah 15k Puffs 0% 2% Nikotin<\/p>\n<p><strong>Kontakta Amy f\u00f6r mer rabatt och l\u00e4gre minsta best\u00e4llningskvantitet f\u00f6r Vape<\/strong><\/p>\n<p><img loading=\"lazy\" decoding=\"async\" class=\"size-medium wp-image-1814\" src=\"https:\/\/rmvapesale.com\/wp-content\/uploads\/2024\/04\/whatsapp-amy-229x300.jpg\" alt=\"whatsapp amy\" width=\"229\" height=\"300\" srcset=\"https:\/\/rmvapesale.com\/wp-content\/uploads\/2024\/04\/whatsapp-amy-229x300.jpg 229w, https:\/\/rmvapesale.com\/wp-content\/uploads\/2024\/04\/whatsapp-amy-783x1024.jpg 783w, https:\/\/rmvapesale.com\/wp-content\/uploads\/2024\/04\/whatsapp-amy-768x1005.jpg 768w, https:\/\/rmvapesale.com\/wp-content\/uploads\/2024\/04\/whatsapp-amy-600x785.jpg 600w, https:\/\/rmvapesale.com\/wp-content\/uploads\/2024\/04\/whatsapp-amy.jpg 990w\" sizes=\"auto, (max-width: 229px) 100vw, 229px\" \/><\/p>\n<h3><span style=\"color: #ff0000\"><strong>WhatsApp: +86 17776015835<\/strong><\/span><\/h3>","protected":false},"featured_media":2000,"comment_status":"open","ping_status":"closed","template":"","meta":{"_uag_custom_page_level_css":"","_lmt_disableupdate":"no","_lmt_disable":"","site-sidebar-layout":"default","site-content-layout":"content-boxed-container","ast-site-content-layout":"normal-width-container","site-content-style":"boxed","site-sidebar-style":"unboxed","ast-global-header-display":"","ast-banner-title-visibility":"","ast-main-header-display":"","ast-hfb-above-header-display":"","ast-hfb-below-header-display":"","ast-hfb-mobile-header-display":"","site-post-title":"","ast-breadcrumbs-content":"","ast-featured-img":"","footer-sml-layout":"","theme-transparent-header-meta":"default","adv-header-id-meta":"","stick-header-meta":"","header-above-stick-meta":"","header-main-stick-meta":"","header-below-stick-meta":"","astra-migrate-meta-layouts":"set","ast-page-background-enabled":"default","ast-page-background-meta":{"desktop":{"background-color":"var(--ast-global-color-4)","background-image":"","background-repeat":"repeat","background-position":"center center","background-size":"auto","background-attachment":"scroll","background-type":"","background-media":"","overlay-type":"","overlay-color":"","overlay-opacity":"","overlay-gradient":""},"tablet":{"background-color":"","background-image":"","background-repeat":"repeat","background-position":"center center","background-size":"auto","background-attachment":"scroll","background-type":"","background-media":"","overlay-type":"","overlay-color":"","overlay-opacity":"","overlay-gradient":""},"mobile":{"background-color":"","background-image":"","background-repeat":"repeat","background-position":"center center","background-size":"auto","background-attachment":"scroll","background-type":"","background-media":"","overlay-type":"","overlay-color":"","overlay-opacity":"","overlay-gradient":""}},"ast-content-background-meta":{"desktop":{"background-color":"var(--ast-global-color-5)","background-image":"","background-repeat":"repeat","background-position":"center center","background-size":"auto","background-attachment":"scroll","background-type":"","background-media":"","overlay-type":"","overlay-color":"","overlay-opacity":"","overlay-gradient":""},"tablet":{"background-color":"var(--ast-global-color-5)","background-image":"","background-repeat":"repeat","background-position":"center center","background-size":"auto","background-attachment":"scroll","background-type":"","background-media":"","overlay-type":"","overlay-color":"","overlay-opacity":"","overlay-gradient":""},"mobile":{"background-color":"var(--ast-global-color-5)","background-image":"","background-repeat":"repeat","background-position":"center center","background-size":"auto","background-attachment":"scroll","background-type":"","background-media":"","overlay-type":"","overlay-color":"","overlay-opacity":"","overlay-gradient":""}},"_joinchat":[]},"product_brand":[],"product_cat":[25,292,293,296,299,281,123,26,28,135,27,61,137,136,15,30],"product_tag":[56,57,40,41,62,54,53,37],"class_list":{"0":"post-1995","1":"product","2":"type-product","3":"status-publish","4":"has-post-thumbnail","6":"product_cat-germany-best-selling-vape","7":"product_cat-digital-disposable-vapes","8":"product_cat-low-nicotine-disposable-vapes","9":"product_cat-shisha-hookah-disposable-vapes","10":"product_cat-smart-screen-disposable-vapes","11":"product_cat-vapme-vape","12":"product_cat-italy-wholesale-vape","13":"product_cat-netherlands-hot-sale-vape","14":"product_cat-poland-hot-sale-vape","15":"product_cat-spain-best-hot-sale-vape","16":"product_cat-fance-hot-sale-vape","17":"product_cat-15000-puffs-disposable-vapes","18":"product_cat-rechargeable-vapes","19":"product_cat-smart-screen-vapes","20":"product_cat-new-vape-this-week","21":"product_cat-minimum-order-quantity-50pcs","22":"product_tag-disposable-vape-wholesale-near-me","23":"product_tag-disposable-vape-wholesale-supplier","24":"product_tag-hot-sale-vape","25":"product_tag-original-factory-vape","26":"product_tag-puff-15000","27":"product_tag-rechargeable-disposable-vape","28":"product_tag-vapme-vape","29":"product_tag-wholesale-vape-price","30":"desktop-align-left","31":"tablet-align-left","32":"mobile-align-left","34":"first","35":"instock","36":"sale","37":"shipping-taxable","38":"purchasable","39":"product-type-simple"},"uagb_featured_image_src":{"full":["https:\/\/rmvapesale.com\/wp-content\/uploads\/2024\/09\/Vapme-Shisha-Hookah-15000.jpg",788,788,false],"thumbnail":["https:\/\/rmvapesale.com\/wp-content\/uploads\/2024\/09\/Vapme-Shisha-Hookah-15000-150x150.jpg",150,150,true],"medium":["https:\/\/rmvapesale.com\/wp-content\/uploads\/2024\/09\/Vapme-Shisha-Hookah-15000-300x300.jpg",300,300,true],"medium_large":["https:\/\/rmvapesale.com\/wp-content\/uploads\/2024\/09\/Vapme-Shisha-Hookah-15000-768x768.jpg",768,768,true],"large":["https:\/\/rmvapesale.com\/wp-content\/uploads\/2024\/09\/Vapme-Shisha-Hookah-15000.jpg",788,788,false],"1536x1536":["https:\/\/rmvapesale.com\/wp-content\/uploads\/2024\/09\/Vapme-Shisha-Hookah-15000.jpg",788,788,false],"2048x2048":["https:\/\/rmvapesale.com\/wp-content\/uploads\/2024\/09\/Vapme-Shisha-Hookah-15000.jpg",788,788,false],"trp-custom-language-flag":["https:\/\/rmvapesale.com\/wp-content\/uploads\/2024\/09\/Vapme-Shisha-Hookah-15000.jpg",12,12,false],"woocommerce_thumbnail":["https:\/\/rmvapesale.com\/wp-content\/uploads\/2024\/09\/Vapme-Shisha-Hookah-15000-300x300.jpg",300,300,true],"woocommerce_single":["https:\/\/rmvapesale.com\/wp-content\/uploads\/2024\/09\/Vapme-Shisha-Hookah-15000-600x600.jpg",600,600,true],"woocommerce_gallery_thumbnail":["https:\/\/rmvapesale.com\/wp-content\/uploads\/2024\/09\/Vapme-Shisha-Hookah-15000-100x100.jpg",100,100,true],"wcpr-photo-reviews":["https:\/\/rmvapesale.com\/wp-content\/uploads\/2024\/09\/Vapme-Shisha-Hookah-15000.jpg",500,500,false]},"uagb_author_info":{"display_name":"AMY","author_link":"https:\/\/rmvapesale.com\/sv\/author\/"},"uagb_comment_info":0,"uagb_excerpt":"Vapme Shisha Hookah 15000 Puffs Rechargeable Disposable Vape Bulk Buy Price PUFF 15000 VAPME SHISHA HOOKAH Best Flavor in Stock Vapme Shisha Hookah 15k Puffs 0% 2% Nicotine Contact Amy For More Discount And Lower MOQ Vape WhatsApp: +86 17776015835","_links":{"self":[{"href":"https:\/\/rmvapesale.com\/sv\/wp-json\/wp\/v2\/product\/1995","targetHints":{"allow":["GET"]}}],"collection":[{"href":"https:\/\/rmvapesale.com\/sv\/wp-json\/wp\/v2\/product"}],"about":[{"href":"https:\/\/rmvapesale.com\/sv\/wp-json\/wp\/v2\/types\/product"}],"replies":[{"embeddable":true,"href":"https:\/\/rmvapesale.com\/sv\/wp-json\/wp\/v2\/comments?post=1995"}],"wp:featuredmedia":[{"embeddable":true,"href":"https:\/\/rmvapesale.com\/sv\/wp-json\/wp\/v2\/media\/2000"}],"wp:attachment":[{"href":"https:\/\/rmvapesale.com\/sv\/wp-json\/wp\/v2\/media?parent=1995"}],"wp:term":[{"taxonomy":"product_brand","embeddable":true,"href":"https:\/\/rmvapesale.com\/sv\/wp-json\/wp\/v2\/product_brand?post=1995"},{"taxonomy":"product_cat","embeddable":true,"href":"https:\/\/rmvapesale.com\/sv\/wp-json\/wp\/v2\/product_cat?post=1995"},{"taxonomy":"product_tag","embeddable":true,"href":"https:\/\/rmvapesale.com\/sv\/wp-json\/wp\/v2\/product_tag?post=1995"}],"curies":[{"name":"wp","href":"https:\/\/api.w.org\/{rel}","templated":true}]}}