{"id":2001,"date":"2024-09-18T02:33:31","date_gmt":"2024-09-18T02:33:31","guid":{"rendered":"https:\/\/rmvapesale.com\/?post_type=product&#038;p=2001"},"modified":"2025-01-20T03:54:40","modified_gmt":"2025-01-20T03:54:40","slug":"waspe-tornado-15000-puffs-original-factory-price","status":"publish","type":"product","link":"https:\/\/rmvapesale.com\/sv\/product\/waspe-tornado-15000-puffs-original-factory-price\/","title":{"rendered":"Waspe Tornado 15000 Puffs Original Fabrikspris"},"content":{"rendered":"<h1>Waspe Tornado 15000 Puffs Original Fabrikspris<\/h1>\n<p>Uppt\u00e4ck en ny eng\u00e5ngsvape med Waspe Tornado 15000 Puffs Original, som erbjuder upp till 15000 puffar och \u00e4r exklusivt tillg\u00e4nglig fr\u00e5n Waspe-fabriken. Denna innovativa vape-enhet ger en exceptionell nikotinfri upplevelse till ett konkurrenskraftigt pris. Dess eleganta design har en LED-sk\u00e4rm f\u00f6r att \u00f6vervaka batteritid och puffantal, allt inrymt i en ergonomisk konstruktion som g\u00f6r att du kan njuta av en m\u00e4ngd olika smaker som aldrig f\u00f6rr.<\/p>\n<p><strong>Kontakta Amy f\u00f6r att f\u00e5 r\u00e4tt svar och fler produktvideor!<\/strong><\/p>\n<figure id=\"attachment_1978\" aria-describedby=\"caption-attachment-1978\" style=\"width: 229px\" class=\"wp-caption alignnone\"><img loading=\"lazy\" decoding=\"async\" class=\"size-full wp-image-1978\" src=\"https:\/\/rmvapesale.com\/wp-content\/uploads\/2024\/09\/Disposable-Vape-Wholesale.jpg\" alt=\"Eng\u00e5ngsvape Partihandel\" width=\"229\" height=\"300\" \/><figcaption id=\"caption-attachment-1978\" class=\"wp-caption-text\">Eng\u00e5ngsvape Partihandel<\/figcaption><\/figure>\n<h3><span style=\"color: #ff0000\"><strong>WhatsApp: +86 17776015835<\/strong><\/span><\/h3>\n<p>&nbsp;<\/p>\n<figure id=\"attachment_2013\" aria-describedby=\"caption-attachment-2013\" style=\"width: 300px\" class=\"wp-caption alignnone\"><img loading=\"lazy\" decoding=\"async\" class=\"size-medium wp-image-2013\" src=\"https:\/\/rmvapesale.com\/wp-content\/uploads\/2024\/09\/Waspe-Tornado-15000-300x300.png\" alt=\"Waspe Tornado 15000\" width=\"300\" height=\"300\" srcset=\"https:\/\/rmvapesale.com\/wp-content\/uploads\/2024\/09\/Waspe-Tornado-15000-300x300.png 300w, https:\/\/rmvapesale.com\/wp-content\/uploads\/2024\/09\/Waspe-Tornado-15000-150x150.png 150w, https:\/\/rmvapesale.com\/wp-content\/uploads\/2024\/09\/Waspe-Tornado-15000-768x768.png 768w, https:\/\/rmvapesale.com\/wp-content\/uploads\/2024\/09\/Waspe-Tornado-15000-600x600.png 600w, https:\/\/rmvapesale.com\/wp-content\/uploads\/2024\/09\/Waspe-Tornado-15000-100x100.png 100w, https:\/\/rmvapesale.com\/wp-content\/uploads\/2024\/09\/Waspe-Tornado-15000.png 800w\" sizes=\"auto, (max-width: 300px) 100vw, 300px\" \/><figcaption id=\"caption-attachment-2013\" class=\"wp-caption-text\">Waspe Tornado 15000<\/figcaption><\/figure>\n<h2><strong>Waspe Tornado 15000 puffs Nyckelfunktioner<\/strong><\/h2>\n<p>Puffar: 15000<br \/>\nBatteri: 850mAh Uppladdningsbart<br \/>\nDisplay: LED-display<br \/>\nNikotin: 0% 2% 3% 5%<br \/>\nV\u00e4tskekapacitet: 22ml<br \/>\nCoil: Mesh Coil<\/p>\n<h2><strong>De b\u00e4sta smakerna f\u00f6r Waspe Tornado 15000<\/strong><\/h2>\n<p>Waspe Tornado 15000 puffs Eng\u00e5ngskit har 12 sakkunnigt skapade smaker, var och en utformad f\u00f6r att erbjuda en distinkt och tillfredsst\u00e4llande smakupplevelse, det finns n\u00e5got som passar dig b\u00e4st<\/p>\n<p>1. Vattenmelonis<span style=\"color: #ff0000\"><strong>&gt;&gt;&gt;&gt;Het!<\/strong><\/span><br \/>\n2. Jordgubb Vattenmelon<br \/>\n3. Apelsinsoda<br \/>\n4. Dubbel \u00c4pple<span style=\"color: #ff0000\"><strong>&gt;&gt;&gt;&gt;Het!<\/strong><\/span><br \/>\n5. Jordgubb Kiwi<br \/>\n6. K\u00f6rsb\u00e4rsis<span style=\"color: #ff0000\"><strong>&gt;&gt;&gt;&gt;Het!<\/strong><\/span><br \/>\n7. Aloe Druva<br \/>\n8. Blandade b\u00e4r<span style=\"color: #ff0000\"><strong>&gt;&gt;&gt;&gt;B\u00e4st!<\/strong><\/span><br \/>\n9. Bl\u00e5b\u00e4rsglass<br \/>\n10. Jordgubb Mango<br \/>\n11. Bl\u00e5 Hallon Citron<span style=\"color: #ff0000\"><strong>&gt;&gt;&gt;&gt;Het!<\/strong><\/span><br \/>\n12. Persikoglass<\/p>\n<h2><strong>Fr\u00e5gor du kanske vill veta om Waspe Tornado 15000<\/strong><\/h2>\n<p>&nbsp;<\/p>\n<p><strong>1. Hur anv\u00e4nder jag Waspe Tornado 15000<\/strong><strong>\u00a0<\/strong><strong>om jag \u00e4r ny p\u00e5 vaping?<\/strong><br \/>\nWaspe Tornado 15000 \u00e4r designad f\u00f6r att vara enkel att anv\u00e4nda. Packa bara upp enheten och b\u00f6rja puffa f\u00f6r att njuta av din valda smak. Inga komplicerade inst\u00e4llningar eller underh\u00e5ll kr\u00e4vs, vilket g\u00f6r den till ett perfekt val f\u00f6r nyb\u00f6rjare.<\/p>\n<p><strong>2. \u00c4r Waspe Tornado 15000 milj\u00f6v\u00e4nlig?<\/strong><br \/>\nJa, Vapes Europe \u00e4r engagerade i h\u00e5llbarhet. \u00c4ven om Waspe Tornado 15000 \u00e4r en eng\u00e5ngsenhet, uppmuntrar vi till ansvarsfull kassering. Anv\u00e4nd utsedda anl\u00e4ggningar f\u00f6r \u00e5tervinning av e-avfall f\u00f6r att minimera milj\u00f6p\u00e5verkan och s\u00e4kerst\u00e4lla korrekt hantering av enhetskomponenterna.<\/p>\n<p><strong>3. Hur ska jag kassera Waspe Tornado 15000 p\u00e5 ett s\u00e4kert s\u00e4tt?<\/strong><br \/>\nF\u00f6r att kassera Waspe Tornado 15000, se till att den \u00e4r helt utt\u00f6md. F\u00f6lj sedan lokala f\u00f6reskrifter f\u00f6r e-avfallshantering eller \u00e5tervinningscentraler. M\u00e5nga samh\u00e4llen erbjuder specifika avl\u00e4mningsplatser f\u00f6r elektroniska enheter f\u00f6r att s\u00e4kerst\u00e4lla korrekt avfallshantering och minska milj\u00f6p\u00e5verkan.<\/p>\n<p><strong>4. \u00c4r Waspe Tornado 15000 s\u00e4ker f\u00f6r anv\u00e4ndning och kassering?<\/strong><br \/>\nAbsolut. Waspe Tornado 15000 \u00e4r designad med s\u00e4kerhet i \u00e5tanke och f\u00f6ljer branschstandarder. Dess eng\u00e5ngskarakt\u00e4r eliminerar underh\u00e5llsproblem, och n\u00e4r den kasseras p\u00e5 ett ansvarsfullt s\u00e4tt har den minimal milj\u00f6p\u00e5verkan. F\u00f6lj alltid s\u00e4kerhetsriktlinjerna och kontakta g\u00e4rna v\u00e5r kundsupport f\u00f6r specifika fr\u00e5gor.<\/p>\n<p>&nbsp;<\/p>\n<h3><b>VANLIGA FR\u00c5GOR OCH SVAR<\/b><\/h3>\n<p>&nbsp;<\/p>\n<div class=\"flex-shrink-0 flex flex-col relative items-end\">\n<div>\n<div class=\"pt-0\">\n<div class=\"gizmo-bot-avatar flex h-8 w-8 items-center justify-center overflow-hidden rounded-full\">\n<div class=\"relative p-1 rounded-sm flex items-center justify-center bg-token-main-surface-primary text-token-text-primary h-8 w-8\"><strong>Vilka frakts\u00e4tt anv\u00e4nds?<\/strong><\/div>\n<\/div>\n<\/div>\n<\/div>\n<\/div>\n<div class=\"group\/conversation-turn relative flex w-full min-w-0 flex-col agent-turn\">\n<div class=\"flex-col gap-1 md:gap-3\">\n<div class=\"flex max-w-full flex-col flex-grow\">\n<div class=\"min-h-[20px] text-message flex w-full flex-col items-end gap-2 whitespace-normal break-words [.text-message+&amp;]:mt-5 overflow-x-auto\" dir=\"auto\" data-message-author-role=\"assistant\" data-message-id=\"22f8283b-3233-46ff-89a5-c7a41b33abda\">\n<div class=\"flex w-full flex-col gap-1 empty:hidden first:pt-[3px]\">\n<div class=\"markdown prose w-full break-words dark:prose-invert light\">\n<p>Vi samarbetar med UPS, DHL, FedEx, DPD och andra ledande transport\u00f6rer. Vi v\u00e4ljer det b\u00e4sta frakts\u00e4ttet baserat p\u00e5 din leveransadress f\u00f6r att s\u00e4kerst\u00e4lla att du f\u00e5r dina produkter s\u00e5 snabbt som m\u00f6jligt.<\/p>\n<\/div>\n<p><strong>Hur l\u00e5ng tid tar det att komma fram?<\/strong><\/p>\n<p>Paket som skickas till Sverige anl\u00e4nder vanligtvis inom 10 arbetsdagar. Leveranser till europeiska l\u00e4nder tar generellt cirka 12-15 arbetsdagar. Vi kommer att ge uppdateringar i realtid om din leveransstatus.<\/p>\n<\/div>\n<p><strong>garanti<\/strong><\/p>\n<p>Alla produkter i v\u00e5r butik garanteras vara 100% original och \u00e4kta. Vi erbjuder 10 g\u00e5nger ers\u00e4ttning f\u00f6r f\u00f6rfalskade varor!<\/p>\n<div class=\"flex w-full flex-col gap-1 empty:hidden first:pt-[3px]\">\n<p>&nbsp;<\/p>\n<\/div>\n<\/div>\n<\/div>\n<\/div>\n<\/div>\n<p>Hitta fler vape-produkter du kanske gillar:<strong><em><a href=\"https:\/\/rmvapesale.com\/sv\/shop-2\/\">handla nu &gt;&gt;&gt;<\/a><\/em><\/strong><\/p>\n<p>Andra heta s\u00e4ljande vapes du kanske gillar:<\/p>\n<p><strong><a href=\"https:\/\/rmvapesale.com\/sv\/product\/bang-digital-box-15000-puffs-original-factory-wholesale\/\">Bang Digital Box 15000 Puffs<\/a><\/strong><\/p>\n<p><strong><a href=\"https:\/\/rmvapesale.com\/sv\/product\/bang-beach-22000-puffs-smart-screen-vapes-factory-price\/\">Bang Beach 22000 Puffs<\/a><\/strong><\/p>\n<p><a href=\"https:\/\/rmvapesale.com\/sv\/product\/randm-tornado-15000-puffs-vape-wholesale\/\"><strong>RandM Tornado 15000 bloss<\/strong><\/a><\/p>\n<p>&nbsp;<\/p>","protected":false},"excerpt":{"rendered":"<p class=\"LC20lb MBeuO DKV0Md\">Waspe Tornado 15000 puffs Eng\u00e5ngsvape<\/p>\n<p>Original Waspe Tornado 15000 puffs Grossistpris<\/p>\n<p>WASPE 15000 Puffs Original LED-ljus Eng\u00e5ngsvape<\/p>\n<p><strong>Kontakta Amy f\u00f6r mer rabatt och l\u00e4gre minsta best\u00e4llningskvantitet f\u00f6r Vape<\/strong><\/p>\n<p><img loading=\"lazy\" decoding=\"async\" class=\"size-medium wp-image-1814\" src=\"https:\/\/rmvapesale.com\/wp-content\/uploads\/2024\/04\/whatsapp-amy-229x300.jpg\" alt=\"whatsapp amy\" width=\"229\" height=\"300\" srcset=\"https:\/\/rmvapesale.com\/wp-content\/uploads\/2024\/04\/whatsapp-amy-229x300.jpg 229w, https:\/\/rmvapesale.com\/wp-content\/uploads\/2024\/04\/whatsapp-amy-783x1024.jpg 783w, https:\/\/rmvapesale.com\/wp-content\/uploads\/2024\/04\/whatsapp-amy-768x1005.jpg 768w, https:\/\/rmvapesale.com\/wp-content\/uploads\/2024\/04\/whatsapp-amy-600x785.jpg 600w, https:\/\/rmvapesale.com\/wp-content\/uploads\/2024\/04\/whatsapp-amy.jpg 990w\" sizes=\"auto, (max-width: 229px) 100vw, 229px\" \/><\/p>\n<h3><span style=\"color: #ff0000\"><strong>WhatsApp: +86 17776015835<\/strong><\/span><\/h3>","protected":false},"featured_media":2012,"comment_status":"open","ping_status":"closed","template":"","meta":{"_uag_custom_page_level_css":"","_lmt_disableupdate":"no","_lmt_disable":"","site-sidebar-layout":"default","site-content-layout":"content-boxed-container","ast-site-content-layout":"normal-width-container","site-content-style":"boxed","site-sidebar-style":"unboxed","ast-global-header-display":"","ast-banner-title-visibility":"","ast-main-header-display":"","ast-hfb-above-header-display":"","ast-hfb-below-header-display":"","ast-hfb-mobile-header-display":"","site-post-title":"","ast-breadcrumbs-content":"","ast-featured-img":"","footer-sml-layout":"","theme-transparent-header-meta":"default","adv-header-id-meta":"","stick-header-meta":"","header-above-stick-meta":"","header-main-stick-meta":"","header-below-stick-meta":"","astra-migrate-meta-layouts":"set","ast-page-background-enabled":"default","ast-page-background-meta":{"desktop":{"background-color":"var(--ast-global-color-4)","background-image":"","background-repeat":"repeat","background-position":"center center","background-size":"auto","background-attachment":"scroll","background-type":"","background-media":"","overlay-type":"","overlay-color":"","overlay-opacity":"","overlay-gradient":""},"tablet":{"background-color":"","background-image":"","background-repeat":"repeat","background-position":"center center","background-size":"auto","background-attachment":"scroll","background-type":"","background-media":"","overlay-type":"","overlay-color":"","overlay-opacity":"","overlay-gradient":""},"mobile":{"background-color":"","background-image":"","background-repeat":"repeat","background-position":"center center","background-size":"auto","background-attachment":"scroll","background-type":"","background-media":"","overlay-type":"","overlay-color":"","overlay-opacity":"","overlay-gradient":""}},"ast-content-background-meta":{"desktop":{"background-color":"var(--ast-global-color-5)","background-image":"","background-repeat":"repeat","background-position":"center center","background-size":"auto","background-attachment":"scroll","background-type":"","background-media":"","overlay-type":"","overlay-color":"","overlay-opacity":"","overlay-gradient":""},"tablet":{"background-color":"var(--ast-global-color-5)","background-image":"","background-repeat":"repeat","background-position":"center center","background-size":"auto","background-attachment":"scroll","background-type":"","background-media":"","overlay-type":"","overlay-color":"","overlay-opacity":"","overlay-gradient":""},"mobile":{"background-color":"var(--ast-global-color-5)","background-image":"","background-repeat":"repeat","background-position":"center center","background-size":"auto","background-attachment":"scroll","background-type":"","background-media":"","overlay-type":"","overlay-color":"","overlay-opacity":"","overlay-gradient":""}},"_joinchat":[]},"product_brand":[],"product_cat":[15,292,293,295,299,297,25,123,26,28,135,27,61,137,136,30],"product_tag":[56,57,58,40,41,37],"class_list":{"0":"post-2001","1":"product","2":"type-product","3":"status-publish","4":"has-post-thumbnail","6":"product_cat-new-vape-this-week","7":"product_cat-digital-disposable-vapes","8":"product_cat-low-nicotine-disposable-vapes","9":"product_cat-rechargeable-disposable-vapes","10":"product_cat-smart-screen-disposable-vapes","11":"product_cat-tornado-disposable-vapes","12":"product_cat-germany-best-selling-vape","13":"product_cat-italy-wholesale-vape","14":"product_cat-netherlands-hot-sale-vape","15":"product_cat-poland-hot-sale-vape","16":"product_cat-spain-best-hot-sale-vape","17":"product_cat-fance-hot-sale-vape","18":"product_cat-15000-puffs-disposable-vapes","19":"product_cat-rechargeable-vapes","20":"product_cat-smart-screen-vapes","21":"product_cat-minimum-order-quantity-50pcs","22":"product_tag-disposable-vape-wholesale-near-me","23":"product_tag-disposable-vape-wholesale-supplier","24":"product_tag-electric-cigarettes","25":"product_tag-hot-sale-vape","26":"product_tag-original-factory-vape","27":"product_tag-wholesale-vape-price","28":"desktop-align-left","29":"tablet-align-left","30":"mobile-align-left","32":"first","33":"instock","34":"sale","35":"shipping-taxable","36":"purchasable","37":"product-type-simple"},"uagb_featured_image_src":{"full":["https:\/\/rmvapesale.com\/wp-content\/uploads\/2024\/09\/Waspe-Tornado-15000-Puffs.jpg",800,800,false],"thumbnail":["https:\/\/rmvapesale.com\/wp-content\/uploads\/2024\/09\/Waspe-Tornado-15000-Puffs-150x150.jpg",150,150,true],"medium":["https:\/\/rmvapesale.com\/wp-content\/uploads\/2024\/09\/Waspe-Tornado-15000-Puffs-300x300.jpg",300,300,true],"medium_large":["https:\/\/rmvapesale.com\/wp-content\/uploads\/2024\/09\/Waspe-Tornado-15000-Puffs-768x768.jpg",768,768,true],"large":["https:\/\/rmvapesale.com\/wp-content\/uploads\/2024\/09\/Waspe-Tornado-15000-Puffs.jpg",800,800,false],"1536x1536":["https:\/\/rmvapesale.com\/wp-content\/uploads\/2024\/09\/Waspe-Tornado-15000-Puffs.jpg",800,800,false],"2048x2048":["https:\/\/rmvapesale.com\/wp-content\/uploads\/2024\/09\/Waspe-Tornado-15000-Puffs.jpg",800,800,false],"trp-custom-language-flag":["https:\/\/rmvapesale.com\/wp-content\/uploads\/2024\/09\/Waspe-Tornado-15000-Puffs.jpg",12,12,false],"woocommerce_thumbnail":["https:\/\/rmvapesale.com\/wp-content\/uploads\/2024\/09\/Waspe-Tornado-15000-Puffs-300x300.jpg",300,300,true],"woocommerce_single":["https:\/\/rmvapesale.com\/wp-content\/uploads\/2024\/09\/Waspe-Tornado-15000-Puffs-600x600.jpg",600,600,true],"woocommerce_gallery_thumbnail":["https:\/\/rmvapesale.com\/wp-content\/uploads\/2024\/09\/Waspe-Tornado-15000-Puffs-100x100.jpg",100,100,true],"wcpr-photo-reviews":["https:\/\/rmvapesale.com\/wp-content\/uploads\/2024\/09\/Waspe-Tornado-15000-Puffs.jpg",500,500,false]},"uagb_author_info":{"display_name":"AMY","author_link":"https:\/\/rmvapesale.com\/sv\/author\/"},"uagb_comment_info":0,"uagb_excerpt":"Waspe Tornado 15000 puffs Disposable Vape Original Waspe Tornado 15000 puffs Wholesale Price WASPE 15000 Puffs Original LED Light Disposable Vape Contact Amy For More Discount And Lower MOQ Vape WhatsApp: +86 17776015835","_links":{"self":[{"href":"https:\/\/rmvapesale.com\/sv\/wp-json\/wp\/v2\/product\/2001","targetHints":{"allow":["GET"]}}],"collection":[{"href":"https:\/\/rmvapesale.com\/sv\/wp-json\/wp\/v2\/product"}],"about":[{"href":"https:\/\/rmvapesale.com\/sv\/wp-json\/wp\/v2\/types\/product"}],"replies":[{"embeddable":true,"href":"https:\/\/rmvapesale.com\/sv\/wp-json\/wp\/v2\/comments?post=2001"}],"wp:featuredmedia":[{"embeddable":true,"href":"https:\/\/rmvapesale.com\/sv\/wp-json\/wp\/v2\/media\/2012"}],"wp:attachment":[{"href":"https:\/\/rmvapesale.com\/sv\/wp-json\/wp\/v2\/media?parent=2001"}],"wp:term":[{"taxonomy":"product_brand","embeddable":true,"href":"https:\/\/rmvapesale.com\/sv\/wp-json\/wp\/v2\/product_brand?post=2001"},{"taxonomy":"product_cat","embeddable":true,"href":"https:\/\/rmvapesale.com\/sv\/wp-json\/wp\/v2\/product_cat?post=2001"},{"taxonomy":"product_tag","embeddable":true,"href":"https:\/\/rmvapesale.com\/sv\/wp-json\/wp\/v2\/product_tag?post=2001"}],"curies":[{"name":"wp","href":"https:\/\/api.w.org\/{rel}","templated":true}]}}