{"id":2054,"date":"2024-09-20T02:34:42","date_gmt":"2024-09-20T02:34:42","guid":{"rendered":"https:\/\/rmvapesale.com\/?post_type=product&#038;p=2054"},"modified":"2025-01-21T09:14:46","modified_gmt":"2025-01-21T09:14:46","slug":"wga-crystal-plus-smart-16000-disposable-vape","status":"publish","type":"product","link":"https:\/\/rmvapesale.com\/sv\/product\/wga-crystal-plus-smart-16000-disposable-vape\/","title":{"rendered":"WGA Crystal Plus Smart 16000 eng\u00e5ngsvape"},"content":{"rendered":"<h3 class=\"LC20lb MBeuO DKV0Md\">WGA Crystal Plus Smart 16000 eng\u00e5ngsvape<\/h3>\n<p>Lyft din vapingupplevelse med WGA Crystal Plus Smart 16000 Eng\u00e5ngs Vape Pod, nu tillg\u00e4nglig. Designad f\u00f6r den kr\u00e4sne vejparen, erbjuder denna innovativa vape-enhet imponerande 16 000 bloss av oavbruten tillfredsst\u00e4llelse.<\/p>\n<p>Det som skiljer Crystal Plus Smart fr\u00e5n m\u00e4ngden p\u00e5 en fullsatt marknad \u00e4r dess kombination av avancerad teknologi och elegant design. Med ett banbrytande mesh coil-system levererar den j\u00e4mn, konsekvent \u00e5ngproduktion med varje bloss. Njut av rika smaker och t\u00e4ta moln, tack vare optimerat luftfl\u00f6de och \u00f6verl\u00e4gsen coil-teknologi.<\/p>\n<p>F\u00f6rfylld med premium e-v\u00e4tska erbjuder Crystal Plus Smart ett omfattande utbud av l\u00e4ckra smaker f\u00f6r att tillfredsst\u00e4lla alla smaker \u2013 oavsett om du \u00e4r sugen p\u00e5 fruktiga, menthol- eller dessertinspirerade alternativ, finns det n\u00e5got f\u00f6r alla.<\/p>\n<p>Omfamna framtidens vaping med WGA Crystal Plus Smart Eng\u00e5ngs Vape Pod, tillg\u00e4nglig nu, d\u00e4r kvalitet m\u00f6ter bekv\u00e4mlighet.<\/p>\n<p><strong>L\u00e4gg till AMY whatsapp f\u00e5 mer rabatt!<\/strong><\/p>\n<p><img loading=\"lazy\" decoding=\"async\" class=\"size-full wp-image-1978\" src=\"https:\/\/rmvapesale.com\/wp-content\/uploads\/2024\/09\/Disposable-Vape-Wholesale.jpg\" alt=\"Eng\u00e5ngsvape Partihandel\" width=\"229\" height=\"300\" \/><\/p>\n<h3><span style=\"color: #ff0000\"><strong>WhatsApp: +86 17776015835<\/strong><\/span><\/h3>\n<p>&nbsp;<\/p>\n<h2>Specifikationer f\u00f6r WGA Crystal Plus Smart 16000<\/h2>\n<p>Bloss: 20000 bloss<br \/>\nBatteri: 650mAh<br \/>\nE-v\u00e4tska: 15ml*2<br \/>\nNikotinstyrka: 2%\/5%<br \/>\nTyp C Uppladdningsbar<\/p>\n<h2><\/h2>\n<p>&nbsp;<\/p>\n<h2>WGA Crystal Smart 16000 Smaklista<\/h2>\n<p>&nbsp;<\/p>\n<p>1. Banan Ice<br \/>\n2. Blue Razz Cherry<br \/>\n3. Blue Razz Ice<br \/>\n4. Bl\u00e5b\u00e4r K\u00f6rsb\u00e4r Tranb\u00e4r<br \/>\n5. Bl\u00e5b\u00e4r Hallon<br \/>\n6. Bl\u00e5b\u00e4r Sura Hallon<br \/>\n7. K\u00f6rsb\u00e4rs Is<br \/>\n8. Brusande K\u00f6rsb\u00e4r<br \/>\n9. Frisk Mint<br \/>\n10. Gummibj\u00f6rn<br \/>\n11. Hubba Bubba<br \/>\n12. Saftig Persika<br \/>\n13. Citron<br \/>\n14. Mr Blue<br \/>\n15. R\u00f6tt \u00c4pple Is<br \/>\n16. Skittles<br \/>\n17. Jordgubbs Hallon K\u00f6rsb\u00e4r<br \/>\n18. Sommardr\u00f6m<br \/>\n19. Vimto Bull<br \/>\n20. Vattenmelon Is<\/p>\n<div class=\"mceTemp\"><\/div>\n<h4><\/h4>\n<h4>FAQ:<\/h4>\n<p>&nbsp;<\/p>\n<p><strong>1. Hur l\u00e4nge r\u00e4cker en oneWGA Crystal Plus Smart 16k-enhet?<\/strong><br \/>\nVid korrekt anv\u00e4ndning kan varje enhet leverera cirka 16 000 bloss, vilket varar i flera veckor f\u00f6r de flesta anv\u00e4ndare.<\/p>\n<p><strong>2. Kan jag ladda WGA Crystal Smart 16000?<\/strong><br \/>\nJa, denna eng\u00e5ngsvape kommer med ett uppladdningsbart batteri som du kan ladda n\u00e4r det tar slut.<\/p>\n<p><strong>3. \u00c4r WGA Crystal Smart 16000 l\u00e4mplig f\u00f6r nyb\u00f6rjare?<\/strong><br \/>\nAbsolut! Dess anv\u00e4ndarv\u00e4nliga design g\u00f6r den perfekt f\u00f6r b\u00e5de nya och erfarna vejpare.<\/p>\n<p>&nbsp;<\/p>\n<p>Andra popul\u00e4ra vapes du kanske gillar:<\/p>\n<p><a href=\"https:\/\/rmvapesale.com\/sv\/product\/waspe-12000-puffs-disposable-vape-pen\/\"><strong>WGA Crystal Pro Max Extra 15000<\/strong><\/a><em><a href=\"https:\/\/rmvapesale.com\/sv\/product\/wga-crystal-pro-max-extra-15k-puffs-disposable-vape-wholesale\/\"><strong> &gt;&gt;&gt;Handla<\/strong><\/a><\/em><\/p>\n<p><strong><a href=\"https:\/\/rmvapesale.com\/sv\/product\/wga-crystal-plus-20000-puff-dual-flavour-disposable-vape\/\">WGA Crystal Plus 20000<\/a><\/strong><em><strong><a href=\"https:\/\/rmvapesale.com\/sv\/product\/wga-crystal-plus-20000-puff-dual-flavour-disposable-vape\/\">\u00a0 &gt;&gt;&gt;Handla<\/a><\/strong><\/em><\/p>\n<p><a href=\"https:\/\/rmvapesale.com\/sv\/product\/fihp-shisha-hookah-15000-pro-disposable-vape-wholesale\/\"><strong>FIHP 15000 Puffar <\/strong><\/a><strong><em><a href=\"https:\/\/rmvapesale.com\/sv\/product\/waspe-12000-puffs-disposable-vape-pen\/\">&gt;&gt;&gt;Handla<\/a><\/em><\/strong><\/p>\n<p>&nbsp;<\/p>\n<p>&nbsp;<\/p>\n<p>Hitta fler vape-produkter du kanske gillar:<em><a href=\"https:\/\/rmvapesale.com\/sv\/shop-2\/\">handla nu\u00a0<\/a><\/em><\/p>\n<p>&nbsp;<\/p>","protected":false},"excerpt":{"rendered":"<p class=\"LC20lb MBeuO DKV0Md\">WGA Crystal Plus Smart 16000 Puff Eng\u00e5ngs Vape Pod<br \/>\nWGA Crystal Plus Smart 16000 Eng\u00e5ngs Vape Grossist<br \/>\nWGA Crystal Plus Smart 16K Puff Fabrikspris<\/p>\n<p class=\"LC20lb MBeuO DKV0Md\"><strong>Kontakta Amy f\u00f6r mer rabatt och l\u00e4gre minsta best\u00e4llningskvantitet f\u00f6r Vape<\/strong><\/p>\n<p><img loading=\"lazy\" decoding=\"async\" class=\"size-medium wp-image-1814\" src=\"https:\/\/rmvapesale.com\/wp-content\/uploads\/2024\/04\/whatsapp-amy-229x300.jpg\" alt=\"whatsapp amy\" width=\"229\" height=\"300\" srcset=\"https:\/\/rmvapesale.com\/wp-content\/uploads\/2024\/04\/whatsapp-amy-229x300.jpg 229w, https:\/\/rmvapesale.com\/wp-content\/uploads\/2024\/04\/whatsapp-amy-783x1024.jpg 783w, https:\/\/rmvapesale.com\/wp-content\/uploads\/2024\/04\/whatsapp-amy-768x1005.jpg 768w, https:\/\/rmvapesale.com\/wp-content\/uploads\/2024\/04\/whatsapp-amy-600x785.jpg 600w, https:\/\/rmvapesale.com\/wp-content\/uploads\/2024\/04\/whatsapp-amy.jpg 990w\" sizes=\"auto, (max-width: 229px) 100vw, 229px\" \/><\/p>\n<h3><span style=\"color: #ff0000\"><strong>WhatsApp: +86 17776015835<\/strong><\/span><\/h3>","protected":false},"featured_media":2062,"comment_status":"open","ping_status":"closed","template":"","meta":{"_uag_custom_page_level_css":"","_lmt_disableupdate":"no","_lmt_disable":"","site-sidebar-layout":"default","site-content-layout":"content-boxed-container","ast-site-content-layout":"normal-width-container","site-content-style":"boxed","site-sidebar-style":"unboxed","ast-global-header-display":"","ast-banner-title-visibility":"","ast-main-header-display":"","ast-hfb-above-header-display":"","ast-hfb-below-header-display":"","ast-hfb-mobile-header-display":"","site-post-title":"","ast-breadcrumbs-content":"","ast-featured-img":"","footer-sml-layout":"","ast-disable-related-posts":"","theme-transparent-header-meta":"default","adv-header-id-meta":"","stick-header-meta":"","header-above-stick-meta":"","header-main-stick-meta":"","header-below-stick-meta":"","astra-migrate-meta-layouts":"set","ast-page-background-enabled":"default","ast-page-background-meta":{"desktop":{"background-color":"var(--ast-global-color-4)","background-image":"","background-repeat":"repeat","background-position":"center center","background-size":"auto","background-attachment":"scroll","background-type":"","background-media":"","overlay-type":"","overlay-color":"","overlay-opacity":"","overlay-gradient":""},"tablet":{"background-color":"","background-image":"","background-repeat":"repeat","background-position":"center center","background-size":"auto","background-attachment":"scroll","background-type":"","background-media":"","overlay-type":"","overlay-color":"","overlay-opacity":"","overlay-gradient":""},"mobile":{"background-color":"","background-image":"","background-repeat":"repeat","background-position":"center center","background-size":"auto","background-attachment":"scroll","background-type":"","background-media":"","overlay-type":"","overlay-color":"","overlay-opacity":"","overlay-gradient":""}},"ast-content-background-meta":{"desktop":{"background-color":"var(--ast-global-color-5)","background-image":"","background-repeat":"repeat","background-position":"center center","background-size":"auto","background-attachment":"scroll","background-type":"","background-media":"","overlay-type":"","overlay-color":"","overlay-opacity":"","overlay-gradient":""},"tablet":{"background-color":"var(--ast-global-color-5)","background-image":"","background-repeat":"repeat","background-position":"center center","background-size":"auto","background-attachment":"scroll","background-type":"","background-media":"","overlay-type":"","overlay-color":"","overlay-opacity":"","overlay-gradient":""},"mobile":{"background-color":"var(--ast-global-color-5)","background-image":"","background-repeat":"repeat","background-position":"center center","background-size":"auto","background-attachment":"scroll","background-type":"","background-media":"","overlay-type":"","overlay-color":"","overlay-opacity":"","overlay-gradient":""}},"_joinchat":[]},"product_brand":[],"product_cat":[25,289,290,292,291,27,123,293,30,26,15,28,295,137,296,299,136,135,283],"product_tag":[66,40,41,75,74,69,37],"class_list":{"0":"post-2054","1":"product","2":"type-product","3":"status-publish","4":"has-post-thumbnail","6":"product_cat-germany-best-selling-vape","7":"product_cat-big-puffs-disposable-vapes","8":"product_cat-crystal-disposable-vapes","9":"product_cat-digital-disposable-vapes","10":"product_cat-dual-mesh-disposable-vapes","11":"product_cat-fance-hot-sale-vape","12":"product_cat-italy-wholesale-vape","13":"product_cat-low-nicotine-disposable-vapes","14":"product_cat-minimum-order-quantity-50pcs","15":"product_cat-netherlands-hot-sale-vape","16":"product_cat-new-vape-this-week","17":"product_cat-poland-hot-sale-vape","18":"product_cat-rechargeable-disposable-vapes","19":"product_cat-rechargeable-vapes","20":"product_cat-shisha-hookah-disposable-vapes","21":"product_cat-smart-screen-disposable-vapes","22":"product_cat-smart-screen-vapes","23":"product_cat-spain-best-hot-sale-vape","24":"product_cat-wga-vape","25":"product_tag-disposable-vape","26":"product_tag-hot-sale-vape","27":"product_tag-original-factory-vape","28":"product_tag-wga-crystal-plus-smart-16000","29":"product_tag-wga-crystal-plus-smart-16k","30":"product_tag-wga-vape","31":"product_tag-wholesale-vape-price","32":"desktop-align-left","33":"tablet-align-left","34":"mobile-align-left","36":"first","37":"instock","38":"sale","39":"shipping-taxable","40":"purchasable","41":"product-type-simple"},"uagb_featured_image_src":{"full":["https:\/\/rmvapesale.com\/wp-content\/uploads\/2024\/09\/WGA-Crystal-Plus-Smart-16000-Watermelon-Ice.png",800,800,false],"thumbnail":["https:\/\/rmvapesale.com\/wp-content\/uploads\/2024\/09\/WGA-Crystal-Plus-Smart-16000-Watermelon-Ice-150x150.png",150,150,true],"medium":["https:\/\/rmvapesale.com\/wp-content\/uploads\/2024\/09\/WGA-Crystal-Plus-Smart-16000-Watermelon-Ice-300x300.png",300,300,true],"medium_large":["https:\/\/rmvapesale.com\/wp-content\/uploads\/2024\/09\/WGA-Crystal-Plus-Smart-16000-Watermelon-Ice-768x768.png",768,768,true],"large":["https:\/\/rmvapesale.com\/wp-content\/uploads\/2024\/09\/WGA-Crystal-Plus-Smart-16000-Watermelon-Ice.png",800,800,false],"1536x1536":["https:\/\/rmvapesale.com\/wp-content\/uploads\/2024\/09\/WGA-Crystal-Plus-Smart-16000-Watermelon-Ice.png",800,800,false],"2048x2048":["https:\/\/rmvapesale.com\/wp-content\/uploads\/2024\/09\/WGA-Crystal-Plus-Smart-16000-Watermelon-Ice.png",800,800,false],"trp-custom-language-flag":["https:\/\/rmvapesale.com\/wp-content\/uploads\/2024\/09\/WGA-Crystal-Plus-Smart-16000-Watermelon-Ice.png",12,12,false],"woocommerce_thumbnail":["https:\/\/rmvapesale.com\/wp-content\/uploads\/2024\/09\/WGA-Crystal-Plus-Smart-16000-Watermelon-Ice-300x300.png",300,300,true],"woocommerce_single":["https:\/\/rmvapesale.com\/wp-content\/uploads\/2024\/09\/WGA-Crystal-Plus-Smart-16000-Watermelon-Ice-600x600.png",600,600,true],"woocommerce_gallery_thumbnail":["https:\/\/rmvapesale.com\/wp-content\/uploads\/2024\/09\/WGA-Crystal-Plus-Smart-16000-Watermelon-Ice-100x100.png",100,100,true],"wcpr-photo-reviews":["https:\/\/rmvapesale.com\/wp-content\/uploads\/2024\/09\/WGA-Crystal-Plus-Smart-16000-Watermelon-Ice.png",500,500,false]},"uagb_author_info":{"display_name":"AMY","author_link":"https:\/\/rmvapesale.com\/sv\/author\/"},"uagb_comment_info":0,"uagb_excerpt":"WGA Crystal Plus Smart 16000 Puffs Disposable Vape Pod WGA Crystal Plus Smart 16000 Disposable Vape Wholesale WGA Crystal Plus Smart 16K Puffs Facotory Price Contact Amy For More Discount And Lower MOQ Vape WhatsApp: +86 17776015835","_links":{"self":[{"href":"https:\/\/rmvapesale.com\/sv\/wp-json\/wp\/v2\/product\/2054","targetHints":{"allow":["GET"]}}],"collection":[{"href":"https:\/\/rmvapesale.com\/sv\/wp-json\/wp\/v2\/product"}],"about":[{"href":"https:\/\/rmvapesale.com\/sv\/wp-json\/wp\/v2\/types\/product"}],"replies":[{"embeddable":true,"href":"https:\/\/rmvapesale.com\/sv\/wp-json\/wp\/v2\/comments?post=2054"}],"wp:featuredmedia":[{"embeddable":true,"href":"https:\/\/rmvapesale.com\/sv\/wp-json\/wp\/v2\/media\/2062"}],"wp:attachment":[{"href":"https:\/\/rmvapesale.com\/sv\/wp-json\/wp\/v2\/media?parent=2054"}],"wp:term":[{"taxonomy":"product_brand","embeddable":true,"href":"https:\/\/rmvapesale.com\/sv\/wp-json\/wp\/v2\/product_brand?post=2054"},{"taxonomy":"product_cat","embeddable":true,"href":"https:\/\/rmvapesale.com\/sv\/wp-json\/wp\/v2\/product_cat?post=2054"},{"taxonomy":"product_tag","embeddable":true,"href":"https:\/\/rmvapesale.com\/sv\/wp-json\/wp\/v2\/product_tag?post=2054"}],"curies":[{"name":"wp","href":"https:\/\/api.w.org\/{rel}","templated":true}]}}