{"id":2127,"date":"2024-09-24T06:25:16","date_gmt":"2024-09-24T06:25:16","guid":{"rendered":"https:\/\/rmvapesale.com\/?post_type=product&#038;p=2127"},"modified":"2025-01-21T09:21:30","modified_gmt":"2025-01-21T09:21:30","slug":"bang-18000-puffs-disposable-vape-e-cigarettes-bulk-buy","status":"publish","type":"product","link":"https:\/\/rmvapesale.com\/sv\/product\/bang-18000-puffs-disposable-vape-e-cigarettes-bulk-buy\/","title":{"rendered":"Bang 18000 Puffs Eng\u00e5ngs Vape E-cigaretter Partik\u00f6p"},"content":{"rendered":"<div class=\"B2VR9 CJHX3e\">\n<div class=\"wyccme\">\n<h1>Bang 18000 Puffs Eng\u00e5ngs Vape E-cigaretter Partik\u00f6p<\/h1>\n<p>Bang 18000 Puffs Eng\u00e5ngsvape-enheten, v\u00e4nder helt upp och ner p\u00e5 dina f\u00f6rutfattade meningar om e-cigaretter. Med en stor kapacitet p\u00e5 20 ml e-juice \u00e4r detta ett s\u00e4llsynt antal p\u00e5 marknaden, vilket inneb\u00e4r att anv\u00e4ndare kan njuta av l\u00e4ngre anv\u00e4ndning utan att beh\u00f6va byta ut enheten ofta. Viktigare \u00e4r att den erbjuder olika val av Nik Salt-koncentration, vilket inneb\u00e4r att vape-anv\u00e4ndare kan hitta r\u00e4tt koncentration f\u00f6r deras behov. Bang 18 000 Puffs, utrustad med ett 650mAh batteri, kan st\u00f6dja upp till 15 000 puffar.<\/p>\n<p>&nbsp;<\/p>\n<\/div>\n<\/div>\n<p><strong>Kontakta Amy f\u00f6r att f\u00e5 r\u00e4tt svar och fler produktvideor!<\/strong><\/p>\n<p><img loading=\"lazy\" decoding=\"async\" class=\"size-full wp-image-1978\" src=\"https:\/\/rmvapesale.com\/wp-content\/uploads\/2024\/09\/Disposable-Vape-Wholesale.jpg\" alt=\"Eng\u00e5ngsvape Partihandel\" width=\"229\" height=\"300\" \/><\/p>\n<h3><span style=\"color: #ff0000\"><strong>WhatsApp: +86 17776015835<\/strong><\/span><\/h3>\n<p>&nbsp;<\/p>\n<h2><\/h2>\n<h2><strong>Bang 18000 Puffs Nyckelfunktioner<\/strong><\/h2>\n<p>&nbsp;<\/p>\n<p>1: PUFFAR: 18000<br \/>\n2: E-juice: 20ml<br \/>\n3: Batteri: 650mAh<br \/>\n4: Motst\u00e5nd: 1.1ohm<br \/>\n5: Typ C-laddning<br \/>\n6: Nikotin: 2%\/5%<br \/>\n7: Typer: Eng\u00e5ngs<br \/>\n8: Mesh-spole<\/p>\n<h2><\/h2>\n<h2><\/h2>\n<h2><strong>Topp-smaker f\u00f6r Bang 18000 Vape<\/strong><\/h2>\n<p>Bang Pulse 18000 eng\u00e5ngs vape pod har 12 smaker, var och en utformad f\u00f6r att erbjuda en distinkt och tillfredsst\u00e4llande vapingupplevelse, det finns n\u00e5got b\u00e4st f\u00f6r dig!<\/p>\n<p>1. Druva<br \/>\n2. Surt \u00e4pple<br \/>\n3. Mint Ice<br \/>\n4. Persika Is<span style=\"color: #ff0000\"><strong>&gt;&gt;&gt;&gt;Het!<\/strong><\/span><br \/>\n5. Peach Mango<br \/>\n6. Vattenmelon<br \/>\n7.Blandade Frukter<br \/>\n8. Tiger Blood<span style=\"color: #ff0000\"><strong>&gt;&gt;&gt;&gt;Het!<\/strong><\/span><br \/>\n9.Ananas kokos<br \/>\n10. Bl\u00e5b\u00e4rsdruvor<br \/>\n11.Jordgubbskiwi<br \/>\n12.Bl\u00e5b\u00e4r Is<br \/>\n13. Jordgubb Mango<span style=\"color: #ff0000\"><strong>&gt;&gt;&gt;&gt;B\u00e4st!<\/strong><\/span><br \/>\n14. Bl\u00e5b\u00e4r Hallon<br \/>\n15. Jordgubb Vattenmelon<br \/>\n16.Vattenmelon Bubbelgum<\/p>\n<p>&nbsp;<\/p>\n<h2><strong>Fr\u00e5gor du kan vilja veta om Bang 18000 Puffar<\/strong><\/h2>\n<p>&nbsp;<\/p>\n<p><strong>1. Hur mycket nikotin finns det i Bang Beach 20000?<\/strong><br \/>\nTheBang 18000 eng\u00e5ngsvape har 2% och 5% nikotinsalt. Med avancerad mesh-spoleteknologi erbjuder den en \u00f6verl\u00e4gsen \u00e5ngupplevelse fylld med rik smak.<\/p>\n<p><strong>2. \u00c4r Bang 18000 eng\u00e5ngsvape uppladdningsbar?<\/strong><br \/>\nJa, Bang Pulse 18000 inkluderar ett 650 mAh uppladdningsbart batteri, vilket ger l\u00e5ngvarig njutning.<\/p>\n<p><strong>3. Hur m\u00e5nga puffar kan du f\u00e5 fr\u00e5n en Bang 18000 Puffar?<\/strong><br \/>\nBang Pulse 18000 Puffs levererar cirka 18000 bloss, beroende p\u00e5 anv\u00e4ndning, och finns i 16 smaker.<\/p>\n<p><strong>4. Hur l\u00e5ng tid tar det att ladda en Bang 18000?<\/strong><br \/>\nBang Pulse 18000 eng\u00e5ngsvape kan laddas fullt p\u00e5 bara 30 till 35 minuter, vilket s\u00e4kerst\u00e4ller snabb anv\u00e4ndningsberedskap.<\/p>\n<p>&nbsp;<\/p>\n<h3><b>VANLIGA FR\u00c5GOR OCH SVAR<\/b><\/h3>\n<p>&nbsp;<\/p>\n<div class=\"flex-shrink-0 flex flex-col relative items-end\">\n<div>\n<div class=\"pt-0\">\n<div class=\"gizmo-bot-avatar flex h-8 w-8 items-center justify-center overflow-hidden rounded-full\">\n<div class=\"relative p-1 rounded-sm flex items-center justify-center bg-token-main-surface-primary text-token-text-primary h-8 w-8\"><strong>Vilka frakts\u00e4tt anv\u00e4nds?<\/strong><\/div>\n<\/div>\n<\/div>\n<\/div>\n<\/div>\n<div class=\"group\/conversation-turn relative flex w-full min-w-0 flex-col agent-turn\">\n<div class=\"flex-col gap-1 md:gap-3\">\n<div class=\"flex max-w-full flex-col flex-grow\">\n<div class=\"min-h-[20px] text-message flex w-full flex-col items-end gap-2 whitespace-normal break-words [.text-message+&amp;]:mt-5 overflow-x-auto\" dir=\"auto\" data-message-author-role=\"assistant\" data-message-id=\"22f8283b-3233-46ff-89a5-c7a41b33abda\">\n<div class=\"flex w-full flex-col gap-1 empty:hidden first:pt-[3px]\">\n<div class=\"markdown prose w-full break-words dark:prose-invert light\">\n<p>Vi samarbetar med UPS, DHL, FedEx, DPD och andra ledande transport\u00f6rer. Vi v\u00e4ljer det b\u00e4sta frakts\u00e4ttet baserat p\u00e5 din leveransadress f\u00f6r att s\u00e4kerst\u00e4lla att du f\u00e5r dina produkter s\u00e5 snabbt som m\u00f6jligt.<\/p>\n<\/div>\n<p><strong>Hur l\u00e5ng tid tar det att komma fram?<\/strong><\/p>\n<p>Paket som skickas till Sverige anl\u00e4nder vanligtvis inom 10 arbetsdagar. Leveranser till europeiska l\u00e4nder tar generellt cirka 12-15 arbetsdagar. Vi kommer att ge uppdateringar i realtid om din leveransstatus.<\/p>\n<\/div>\n<p><strong>Garanti<\/strong><\/p>\n<p><span style=\"color: #ff0000\"><strong>Alla produkter i v\u00e5r butik garanteras vara 100% original och \u00e4kta. Vi erbjuder 10 g\u00e5nger ers\u00e4ttning f\u00f6r f\u00f6rfalskade varor!<\/strong><\/span><\/p>\n<div class=\"flex w-full flex-col gap-1 empty:hidden first:pt-[3px]\">\n<p>&nbsp;<\/p>\n<\/div>\n<\/div>\n<\/div>\n<\/div>\n<\/div>\n<p>&nbsp;<\/p>\n<p>Andra popul\u00e4ra vapes du kanske gillar:<\/p>\n<p><strong><a href=\"https:\/\/rmvapesale.com\/sv\/product\/wga-crystal-plus-20000-puff-dual-flavour-disposable-vape\/\">Bang King 30000 Puffar<\/a><\/strong><\/p>\n<p><a href=\"https:\/\/rmvapesale.com\/sv\/product\/bang-20000-puffs-disposable-vape-wholesale-supplier\/\"><strong>WGA Crystal Plus Smart 16000 Puffar<\/strong><\/a><\/p>\n<p><a href=\"https:\/\/rmvapesale.com\/sv\/product\/wga-crystal-pro-max-extra-15k-puffs-disposable-vape-wholesale\/\"><strong>Bang 25000 Puffar<\/strong><\/a><\/p>\n<p><a href=\"https:\/\/rmvapesale.com\/sv\/product\/bang-beach-20000-puffs-vape-smart-screen-disposable-e-cig\/\"><strong>Bang Vape Beach 20000 Puffar\u00a0<\/strong><\/a><\/p>\n<p>&nbsp;<\/p>\n<p>&nbsp;<\/p>\n<p>Hitta fler vape-produkter du kanske gillar:<strong><em><a href=\"https:\/\/rmvapesale.com\/sv\/shop-2\/\">handla nu &gt;&gt;&gt;<\/a><\/em><\/strong><\/p>","protected":false},"excerpt":{"rendered":"<p>Bang Vape 18000 Puffs 16 Smaker Grossist<br \/>\nBANG 18000 PUFFS 0% 2% 3% 5% Nikotin<br \/>\nBang 18000 Puff Eng\u00e5ngsvape Partihandel Pris<\/p>\n<p><strong>Kontakta Amy f\u00f6r mer rabatt och l\u00e4gre minsta best\u00e4llningskvantitet f\u00f6r Vape<\/strong><\/p>\n<p><img loading=\"lazy\" decoding=\"async\" class=\"size-full wp-image-1978\" src=\"https:\/\/rmvapesale.com\/wp-content\/uploads\/2024\/09\/Disposable-Vape-Wholesale.jpg\" alt=\"Eng\u00e5ngsvape Partihandel\" width=\"229\" height=\"300\" \/><\/p>\n<h3><span style=\"color: #ff0000\"><strong>WhatsApp: +86 17776015835<\/strong><\/span><\/h3>","protected":false},"featured_media":2129,"comment_status":"open","ping_status":"closed","template":"","meta":{"_uag_custom_page_level_css":"","_lmt_disableupdate":"no","_lmt_disable":"","site-sidebar-layout":"default","site-content-layout":"content-boxed-container","ast-site-content-layout":"normal-width-container","site-content-style":"boxed","site-sidebar-style":"unboxed","ast-global-header-display":"","ast-banner-title-visibility":"","ast-main-header-display":"","ast-hfb-above-header-display":"","ast-hfb-below-header-display":"","ast-hfb-mobile-header-display":"","site-post-title":"","ast-breadcrumbs-content":"","ast-featured-img":"","footer-sml-layout":"","theme-transparent-header-meta":"default","adv-header-id-meta":"","stick-header-meta":"","header-above-stick-meta":"","header-main-stick-meta":"","header-below-stick-meta":"","astra-migrate-meta-layouts":"set","ast-page-background-enabled":"default","ast-page-background-meta":{"desktop":{"background-color":"var(--ast-global-color-4)","background-image":"","background-repeat":"repeat","background-position":"center center","background-size":"auto","background-attachment":"scroll","background-type":"","background-media":"","overlay-type":"","overlay-color":"","overlay-opacity":"","overlay-gradient":""},"tablet":{"background-color":"","background-image":"","background-repeat":"repeat","background-position":"center center","background-size":"auto","background-attachment":"scroll","background-type":"","background-media":"","overlay-type":"","overlay-color":"","overlay-opacity":"","overlay-gradient":""},"mobile":{"background-color":"","background-image":"","background-repeat":"repeat","background-position":"center center","background-size":"auto","background-attachment":"scroll","background-type":"","background-media":"","overlay-type":"","overlay-color":"","overlay-opacity":"","overlay-gradient":""}},"ast-content-background-meta":{"desktop":{"background-color":"var(--ast-global-color-5)","background-image":"","background-repeat":"repeat","background-position":"center center","background-size":"auto","background-attachment":"scroll","background-type":"","background-media":"","overlay-type":"","overlay-color":"","overlay-opacity":"","overlay-gradient":""},"tablet":{"background-color":"var(--ast-global-color-5)","background-image":"","background-repeat":"repeat","background-position":"center center","background-size":"auto","background-attachment":"scroll","background-type":"","background-media":"","overlay-type":"","overlay-color":"","overlay-opacity":"","overlay-gradient":""},"mobile":{"background-color":"var(--ast-global-color-5)","background-image":"","background-repeat":"repeat","background-position":"center center","background-size":"auto","background-attachment":"scroll","background-type":"","background-media":"","overlay-type":"","overlay-color":"","overlay-opacity":"","overlay-gradient":""}},"_joinchat":[]},"product_brand":[],"product_cat":[15,293,295,273,279,25,123,26,28,135,27,60,137,136,30],"product_tag":[89,63,57,58,54],"class_list":{"0":"post-2127","1":"product","2":"type-product","3":"status-publish","4":"has-post-thumbnail","6":"product_cat-new-vape-this-week","7":"product_cat-low-nicotine-disposable-vapes","8":"product_cat-rechargeable-disposable-vapes","9":"product_cat-bang-box-vape","10":"product_cat-bang-king-vape","11":"product_cat-germany-best-selling-vape","12":"product_cat-italy-wholesale-vape","13":"product_cat-netherlands-hot-sale-vape","14":"product_cat-poland-hot-sale-vape","15":"product_cat-spain-best-hot-sale-vape","16":"product_cat-fance-hot-sale-vape","17":"product_cat-bang-vapes","18":"product_cat-rechargeable-vapes","19":"product_cat-smart-screen-vapes","20":"product_cat-minimum-order-quantity-50pcs","21":"product_tag-bang-18000-disposable-vape","22":"product_tag-bang-vapes","23":"product_tag-disposable-vape-wholesale-supplier","24":"product_tag-electric-cigarettes","25":"product_tag-rechargeable-disposable-vape","26":"desktop-align-left","27":"tablet-align-left","28":"mobile-align-left","30":"first","31":"instock","32":"sale","33":"shipping-taxable","34":"purchasable","35":"product-type-simple"},"uagb_featured_image_src":{"full":["https:\/\/rmvapesale.com\/wp-content\/uploads\/2024\/09\/Bang-18000-Puffs-Disposable-Vape-Wholesale.png",788,788,false],"thumbnail":["https:\/\/rmvapesale.com\/wp-content\/uploads\/2024\/09\/Bang-18000-Puffs-Disposable-Vape-Wholesale-150x150.png",150,150,true],"medium":["https:\/\/rmvapesale.com\/wp-content\/uploads\/2024\/09\/Bang-18000-Puffs-Disposable-Vape-Wholesale-300x300.png",300,300,true],"medium_large":["https:\/\/rmvapesale.com\/wp-content\/uploads\/2024\/09\/Bang-18000-Puffs-Disposable-Vape-Wholesale-768x768.png",768,768,true],"large":["https:\/\/rmvapesale.com\/wp-content\/uploads\/2024\/09\/Bang-18000-Puffs-Disposable-Vape-Wholesale.png",788,788,false],"1536x1536":["https:\/\/rmvapesale.com\/wp-content\/uploads\/2024\/09\/Bang-18000-Puffs-Disposable-Vape-Wholesale.png",788,788,false],"2048x2048":["https:\/\/rmvapesale.com\/wp-content\/uploads\/2024\/09\/Bang-18000-Puffs-Disposable-Vape-Wholesale.png",788,788,false],"trp-custom-language-flag":["https:\/\/rmvapesale.com\/wp-content\/uploads\/2024\/09\/Bang-18000-Puffs-Disposable-Vape-Wholesale.png",12,12,false],"woocommerce_thumbnail":["https:\/\/rmvapesale.com\/wp-content\/uploads\/2024\/09\/Bang-18000-Puffs-Disposable-Vape-Wholesale-300x300.png",300,300,true],"woocommerce_single":["https:\/\/rmvapesale.com\/wp-content\/uploads\/2024\/09\/Bang-18000-Puffs-Disposable-Vape-Wholesale-600x600.png",600,600,true],"woocommerce_gallery_thumbnail":["https:\/\/rmvapesale.com\/wp-content\/uploads\/2024\/09\/Bang-18000-Puffs-Disposable-Vape-Wholesale-100x100.png",100,100,true],"wcpr-photo-reviews":["https:\/\/rmvapesale.com\/wp-content\/uploads\/2024\/09\/Bang-18000-Puffs-Disposable-Vape-Wholesale.png",500,500,false]},"uagb_author_info":{"display_name":"AMY","author_link":"https:\/\/rmvapesale.com\/sv\/author\/"},"uagb_comment_info":0,"uagb_excerpt":"Bang Vape 18000 Puffs 16 Flavour Wholesale BANG 18000 PUFFS 0% 2% 3% 5% Nicotine Bang 18000 Puff Disposable Vape Bulk Buy Price Contact Amy For More Discount And Lower MOQ Vape WhatsApp: +86 17776015835","_links":{"self":[{"href":"https:\/\/rmvapesale.com\/sv\/wp-json\/wp\/v2\/product\/2127","targetHints":{"allow":["GET"]}}],"collection":[{"href":"https:\/\/rmvapesale.com\/sv\/wp-json\/wp\/v2\/product"}],"about":[{"href":"https:\/\/rmvapesale.com\/sv\/wp-json\/wp\/v2\/types\/product"}],"replies":[{"embeddable":true,"href":"https:\/\/rmvapesale.com\/sv\/wp-json\/wp\/v2\/comments?post=2127"}],"wp:featuredmedia":[{"embeddable":true,"href":"https:\/\/rmvapesale.com\/sv\/wp-json\/wp\/v2\/media\/2129"}],"wp:attachment":[{"href":"https:\/\/rmvapesale.com\/sv\/wp-json\/wp\/v2\/media?parent=2127"}],"wp:term":[{"taxonomy":"product_brand","embeddable":true,"href":"https:\/\/rmvapesale.com\/sv\/wp-json\/wp\/v2\/product_brand?post=2127"},{"taxonomy":"product_cat","embeddable":true,"href":"https:\/\/rmvapesale.com\/sv\/wp-json\/wp\/v2\/product_cat?post=2127"},{"taxonomy":"product_tag","embeddable":true,"href":"https:\/\/rmvapesale.com\/sv\/wp-json\/wp\/v2\/product_tag?post=2127"}],"curies":[{"name":"wp","href":"https:\/\/api.w.org\/{rel}","templated":true}]}}