{"id":2168,"date":"2024-09-26T03:21:43","date_gmt":"2024-09-26T03:21:43","guid":{"rendered":"https:\/\/rmvapesale.com\/?post_type=product&#038;p=2168"},"modified":"2025-01-21T09:36:11","modified_gmt":"2025-01-21T09:36:11","slug":"elf-box-shisha-16000-puffs-led-display-disposable-vape","status":"publish","type":"product","link":"https:\/\/rmvapesale.com\/sv\/product\/elf-box-shisha-16000-puffs-led-display-disposable-vape\/","title":{"rendered":"ELF BOX Shisha 16000 Bl\u00e5ser LED Display Eng\u00e5ngs Vape"},"content":{"rendered":"<div class=\"B2VR9 CJHX3e\">\n<div class=\"wyccme\">\n<h3 class=\"LC20lb MBeuO DKV0Md\">ELF BOX Shisha 16000 Bl\u00e5ser LED Display Eng\u00e5ngs Vape<\/h3>\n<p>Unna dig lyxig vaping med ELF BOX Shisha 16000 Puffs LED Display Eng\u00e5ngsvape till grossistpris. Denna avancerade enhet erbjuder imponerande 16000 puffkapacitet och ett rymligt 28 ml e-v\u00e4tskelager. Med olika nikotinniv\u00e5er och en praktisk Type-C-laddningsport, passar den olika preferenser samtidigt som den \u00e4r enkel att ladda om. ELF BOX SHISHA 16000 utm\u00e4rker sig med sina avancerade funktioner och engagemang f\u00f6r att leverera en f\u00f6rstklassig vapingupplevelse.<\/p>\n<\/div>\n<div class=\"wyccme\">\n<p>H\u00f6j din vapingupplevelse med ELF BOX SHISHA 16000 \u2013 en sann m\u00e5ttstock f\u00f6r kvalitet och innovation inom eng\u00e5ngsvapes.<\/p>\n<\/div>\n<\/div>\n<p><strong>Kontakta Amy f\u00f6r att f\u00e5 r\u00e4tt svar och fler produktvideor!<\/strong><\/p>\n<p><img loading=\"lazy\" decoding=\"async\" class=\"size-full wp-image-1978\" src=\"https:\/\/rmvapesale.com\/wp-content\/uploads\/2024\/09\/Disposable-Vape-Wholesale.jpg\" alt=\"Eng\u00e5ngsvape Partihandel\" width=\"229\" height=\"300\" \/><\/p>\n<h3><span style=\"color: #ff0000\"><strong>WhatsApp: +86 17776015835<\/strong><\/span><\/h3>\n<p>&nbsp;<\/p>\n<h2><\/h2>\n<h2><strong>ELF BOX Shisha 16000 Puffar Nyckelfunktioner<\/strong><\/h2>\n<p>Puffar: 16000<br \/>\nSpole: Mesh coil 0.6ohm<br \/>\nE-v\u00e4tska: 28ml<br \/>\nNikotin:0%\/2%\/3%\/5%<br \/>\nBatteri:18250-600mah<br \/>\nUppladdningsbar:Type-C<br \/>\nLED-sk\u00e4rm<br \/>\nJusterbart luftfl\u00f6de<br \/>\nProduktstorlek: 35*36*133,5mm<\/p>\n<h2><\/h2>\n<h2><strong>Topp-smak f\u00f6r Vozol ELF BOX Shisha 16000 Puffar<\/strong><\/h2>\n<p>V\u00e4lj bland ett f\u00e4ngslande urval av smaker, inklusive Blue Dragon Fruit Peach, Rose Grape, Granny Cherry och Green Mango, alla noggrant utformade f\u00f6r att gl\u00e4dja dina smakl\u00f6kar. Oavsett om du f\u00f6redrar den tropiska essensen av Orange Pine Nana Mango eller den uppfriskande Matcha Mint Ice, finns det en smak f\u00f6r varje smakl\u00f6kar.<\/p>\n<p>&nbsp;<\/p>\n<p>1.Blue Razz Ice<span style=\"color: #ff0000\"><strong>&gt;&gt;&gt;&gt;Het!<\/strong><\/span><br \/>\n2.Strawberry Ice<br \/>\n3.Grape Ice<br \/>\n4. Svartb\u00e4rs Is<br \/>\n5. Blandade B\u00e4r<span style=\"color: #ff0000\"><strong>&gt;&gt;&gt;&gt;B\u00e4st!<\/strong><\/span><br \/>\ncURL Too many subrequests.<br \/>\n7. Lush Ice<br \/>\n8. Persika Mango Ananas<br \/>\n9. K\u00f6rsb\u00e4r Hallon<br \/>\n10. Kiwi Passion Fruit<br \/>\n11.Persikois<br \/>\n12.Jordgubb vattenmelon<span style=\"color: #ff0000\"><strong>&gt;&gt;&gt;&gt;Het!<\/strong><\/span><\/p>\n<figure id=\"attachment_2173\" aria-describedby=\"caption-attachment-2173\" style=\"width: 588px\" class=\"wp-caption alignnone\"><img loading=\"lazy\" decoding=\"async\" class=\"wp-image-2173\" src=\"https:\/\/rmvapesale.com\/wp-content\/uploads\/2024\/09\/ELF-BOX-SHISHA-16000-300x300.png\" alt=\"ELF BOX SHISHA 16000\" width=\"588\" height=\"588\" srcset=\"https:\/\/rmvapesale.com\/wp-content\/uploads\/2024\/09\/ELF-BOX-SHISHA-16000-300x300.png 300w, https:\/\/rmvapesale.com\/wp-content\/uploads\/2024\/09\/ELF-BOX-SHISHA-16000-150x150.png 150w, https:\/\/rmvapesale.com\/wp-content\/uploads\/2024\/09\/ELF-BOX-SHISHA-16000-768x768.png 768w, https:\/\/rmvapesale.com\/wp-content\/uploads\/2024\/09\/ELF-BOX-SHISHA-16000-600x600.png 600w, https:\/\/rmvapesale.com\/wp-content\/uploads\/2024\/09\/ELF-BOX-SHISHA-16000-100x100.png 100w, https:\/\/rmvapesale.com\/wp-content\/uploads\/2024\/09\/ELF-BOX-SHISHA-16000.png 788w\" sizes=\"auto, (max-width: 588px) 100vw, 588px\" \/><figcaption id=\"caption-attachment-2173\" class=\"wp-caption-text\">ELF BOX SHISHA 16000<\/figcaption><\/figure>\n<h2><strong>Fr\u00e5gor du kanske vill veta om ELF BOX Shisha 16000 Puffs<\/strong><\/h2>\n<p>&nbsp;<\/p>\n<p><strong>1. Vilken laddare anv\u00e4nder en ELF BOX Shisha 16000 Puffs vape?<\/strong><br \/>\nDu kan ladda ELF BOX Shisha 16000 Puffs eng\u00e5ngsvape med en vanlig USB-C-laddningskabel och en 1A laddningsadapter eller port.<\/p>\n<p><strong>2. Hur mycket nikotin har ELF BOX Shisha 16000 Puffs?<\/strong><br \/>\nELF BOX Shisha 16000 Puffs erbjuder 0%\/2%\/3%\/5% nikotin att v\u00e4lja mellan.<\/p>\n<p><strong>3. \u00c4r LF BOX Shisha 16000 Puffs Vape bra?<\/strong><br \/>\nEn LF BOX Shisha 16000 Puffs eng\u00e5ngsvape \u00e4r perfekt f\u00f6r nyb\u00f6rjare och ett p\u00e5litligt backup f\u00f6r erfarna anv\u00e4ndare, med ett imponerande utseende och god smak.<\/p>\n<p><strong>4. Kan LF BOX Shisha 16000 Puffs fyllas p\u00e5?<\/strong><br \/>\nLF BOX Shisha 16000 Puffs Vape \u00e4r uppladdningsbar, men n\u00e4r e-v\u00e4tskan \u00e4r slut b\u00f6r den kasseras p\u00e5 r\u00e4tt s\u00e4tt, eftersom eng\u00e5ngsvapes inneh\u00e5ller batterier som inte b\u00f6r sl\u00e4ngas i vanlig sopor.<\/p>\n<p>&nbsp;<\/p>\n<h3><b>VANLIGA FR\u00c5GOR OCH SVAR<\/b><\/h3>\n<p>&nbsp;<\/p>\n<div class=\"flex-shrink-0 flex flex-col relative items-end\">\n<div>\n<div class=\"pt-0\">\n<div class=\"gizmo-bot-avatar flex h-8 w-8 items-center justify-center overflow-hidden rounded-full\">\n<div class=\"relative p-1 rounded-sm flex items-center justify-center bg-token-main-surface-primary text-token-text-primary h-8 w-8\"><strong>Vilka frakts\u00e4tt anv\u00e4nds?<\/strong><\/div>\n<\/div>\n<\/div>\n<\/div>\n<\/div>\n<div class=\"group\/conversation-turn relative flex w-full min-w-0 flex-col agent-turn\">\n<div class=\"flex-col gap-1 md:gap-3\">\n<div class=\"flex max-w-full flex-col flex-grow\">\n<div class=\"min-h-[20px] text-message flex w-full flex-col items-end gap-2 whitespace-normal break-words [.text-message+&amp;]:mt-5 overflow-x-auto\" dir=\"auto\" data-message-author-role=\"assistant\" data-message-id=\"22f8283b-3233-46ff-89a5-c7a41b33abda\">\n<div class=\"flex w-full flex-col gap-1 empty:hidden first:pt-[3px]\">\n<div class=\"markdown prose w-full break-words dark:prose-invert light\">\n<p>Vi samarbetar med UPS, DHL, FedEx, DPD och andra ledande transport\u00f6rer. Vi v\u00e4ljer det b\u00e4sta frakts\u00e4ttet baserat p\u00e5 din leveransadress f\u00f6r att s\u00e4kerst\u00e4lla att du f\u00e5r dina produkter s\u00e5 snabbt som m\u00f6jligt.<\/p>\n<\/div>\n<p><strong>Hur l\u00e5ng tid tar det att komma fram?<\/strong><\/p>\n<p>Paket som skickas till Sverige anl\u00e4nder vanligtvis inom 10 arbetsdagar. Leveranser till europeiska l\u00e4nder tar generellt cirka 12-15 arbetsdagar. Vi kommer att ge uppdateringar i realtid om din leveransstatus.<\/p>\n<\/div>\n<p><strong>Garanti<\/strong><\/p>\n<p><span style=\"color: #ff0000\"><strong>Alla produkter i v\u00e5r butik garanteras vara 100% original och \u00e4kta. Vi erbjuder 10 g\u00e5nger ers\u00e4ttning f\u00f6r f\u00f6rfalskade varor!<\/strong><\/span><\/p>\n<div class=\"flex w-full flex-col gap-1 empty:hidden first:pt-[3px]\">\n<p>&nbsp;<\/p>\n<\/div>\n<\/div>\n<\/div>\n<\/div>\n<\/div>\n<p>&nbsp;<\/p>\n<p>Andra popul\u00e4ra vapes du kanske gillar:<\/p>\n<p>&nbsp;<\/p>\n<p><a href=\"https:\/\/rmvapesale.com\/sv\/product\/original-randm-vape-digital-puff-12000-fumot-factory-price\/\"><strong>Randm Digital 12000 Puffs<\/strong><\/a><\/p>\n<p><strong><a href=\"https:\/\/rmvapesale.com\/sv\/product\/vozol-vista-20000-puffs-smart-disposable-vape\/\">Vozol Vista 20000 Puffs\u00a0<\/a><\/strong><\/p>\n<p><a href=\"https:\/\/rmvapesale.com\/sv\/product\/wga-crystal-pro-max-10000-puffs-disposable-vape\/\"><strong>WGA Crystal Pro Max 10000 Puffar<\/strong><\/a><\/p>\n<p><a href=\"https:\/\/rmvapesale.com\/sv\/product\/vapme-crystal-7000-puffs-rechargeable-disposable-vape-price\/\"><strong>Vapme Crystal 7000 Puffar<\/strong><\/a><\/p>\n<p>&nbsp;<\/p>\n<p>&nbsp;<\/p>\n<p>Hitta fler vape-produkter du kanske gillar:<strong><em><a href=\"https:\/\/rmvapesale.com\/sv\/shop-2\/\">handla nu &gt;&gt;&gt;<\/a><\/em><\/strong><\/p>","protected":false},"excerpt":{"rendered":"<p>Original Elf Box 16000 Shisha Ecigs Grossistleverant\u00f6r<br \/>\nELF Box Shisha 16000 Puffs Eng\u00e5ngs E-cigaretter 12 Smaker<br \/>\nELF BOX Shisha 16000 Puffs Eng\u00e5ngsvape LED Display<\/p>\n<p><strong>Kontakta Amy f\u00f6r mer rabatt och r\u00e4tt svar<\/strong><\/p>\n<p><img loading=\"lazy\" decoding=\"async\" class=\"size-full wp-image-1978\" src=\"https:\/\/rmvapesale.com\/wp-content\/uploads\/2024\/09\/Disposable-Vape-Wholesale.jpg\" alt=\"Eng\u00e5ngsvape Partihandel\" width=\"229\" height=\"300\" \/><\/p>\n<h3><span style=\"color: #ff0000\"><strong>WhatsApp: +86 17776015835<\/strong><\/span><\/h3>","protected":false},"featured_media":2170,"comment_status":"open","ping_status":"closed","template":"","meta":{"_uag_custom_page_level_css":"","_lmt_disableupdate":"no","_lmt_disable":"","site-sidebar-layout":"default","site-content-layout":"content-boxed-container","ast-site-content-layout":"normal-width-container","site-content-style":"boxed","site-sidebar-style":"unboxed","ast-global-header-display":"","ast-banner-title-visibility":"","ast-main-header-display":"","ast-hfb-above-header-display":"","ast-hfb-below-header-display":"","ast-hfb-mobile-header-display":"","site-post-title":"","ast-breadcrumbs-content":"","ast-featured-img":"","footer-sml-layout":"","ast-disable-related-posts":"","theme-transparent-header-meta":"default","adv-header-id-meta":"","stick-header-meta":"","header-above-stick-meta":"","header-main-stick-meta":"","header-below-stick-meta":"","astra-migrate-meta-layouts":"set","ast-page-background-enabled":"default","ast-page-background-meta":{"desktop":{"background-color":"var(--ast-global-color-4)","background-image":"","background-repeat":"repeat","background-position":"center center","background-size":"auto","background-attachment":"scroll","background-type":"","background-media":"","overlay-type":"","overlay-color":"","overlay-opacity":"","overlay-gradient":""},"tablet":{"background-color":"","background-image":"","background-repeat":"repeat","background-position":"center center","background-size":"auto","background-attachment":"scroll","background-type":"","background-media":"","overlay-type":"","overlay-color":"","overlay-opacity":"","overlay-gradient":""},"mobile":{"background-color":"","background-image":"","background-repeat":"repeat","background-position":"center center","background-size":"auto","background-attachment":"scroll","background-type":"","background-media":"","overlay-type":"","overlay-color":"","overlay-opacity":"","overlay-gradient":""}},"ast-content-background-meta":{"desktop":{"background-color":"var(--ast-global-color-5)","background-image":"","background-repeat":"repeat","background-position":"center center","background-size":"auto","background-attachment":"scroll","background-type":"","background-media":"","overlay-type":"","overlay-color":"","overlay-opacity":"","overlay-gradient":""},"tablet":{"background-color":"var(--ast-global-color-5)","background-image":"","background-repeat":"repeat","background-position":"center center","background-size":"auto","background-attachment":"scroll","background-type":"","background-media":"","overlay-type":"","overlay-color":"","overlay-opacity":"","overlay-gradient":""},"mobile":{"background-color":"var(--ast-global-color-5)","background-image":"","background-repeat":"repeat","background-position":"center center","background-size":"auto","background-attachment":"scroll","background-type":"","background-media":"","overlay-type":"","overlay-color":"","overlay-opacity":"","overlay-gradient":""}},"_joinchat":[]},"product_brand":[],"product_cat":[15,289,288,27,25,123,293,30,26,28,295,137,296,299,136,135],"product_tag":[63,99,100,101,54,43],"class_list":{"0":"post-2168","1":"product","2":"type-product","3":"status-publish","4":"has-post-thumbnail","6":"product_cat-new-vape-this-week","7":"product_cat-big-puffs-disposable-vapes","8":"product_cat-elf-box-vape","9":"product_cat-fance-hot-sale-vape","10":"product_cat-germany-best-selling-vape","11":"product_cat-italy-wholesale-vape","12":"product_cat-low-nicotine-disposable-vapes","13":"product_cat-minimum-order-quantity-50pcs","14":"product_cat-netherlands-hot-sale-vape","15":"product_cat-poland-hot-sale-vape","16":"product_cat-rechargeable-disposable-vapes","17":"product_cat-rechargeable-vapes","18":"product_cat-shisha-hookah-disposable-vapes","19":"product_cat-smart-screen-disposable-vapes","20":"product_cat-smart-screen-vapes","21":"product_cat-spain-best-hot-sale-vape","22":"product_tag-bang-vapes","23":"product_tag-disposable-vape-wholesale","24":"product_tag-elf-box-shisha-16000","25":"product_tag-led-display-vape","26":"product_tag-rechargeable-disposable-vape","27":"product_tag-shisha-vape","28":"desktop-align-left","29":"tablet-align-left","30":"mobile-align-left","32":"first","33":"instock","34":"sale","35":"shipping-taxable","36":"purchasable","37":"product-type-simple"},"uagb_featured_image_src":{"full":["https:\/\/rmvapesale.com\/wp-content\/uploads\/2024\/09\/ELF-BOX-Shisha-16000-Puffs-Disposable-Vape.png",788,788,false],"thumbnail":["https:\/\/rmvapesale.com\/wp-content\/uploads\/2024\/09\/ELF-BOX-Shisha-16000-Puffs-Disposable-Vape-150x150.png",150,150,true],"medium":["https:\/\/rmvapesale.com\/wp-content\/uploads\/2024\/09\/ELF-BOX-Shisha-16000-Puffs-Disposable-Vape-300x300.png",300,300,true],"medium_large":["https:\/\/rmvapesale.com\/wp-content\/uploads\/2024\/09\/ELF-BOX-Shisha-16000-Puffs-Disposable-Vape-768x768.png",768,768,true],"large":["https:\/\/rmvapesale.com\/wp-content\/uploads\/2024\/09\/ELF-BOX-Shisha-16000-Puffs-Disposable-Vape.png",788,788,false],"1536x1536":["https:\/\/rmvapesale.com\/wp-content\/uploads\/2024\/09\/ELF-BOX-Shisha-16000-Puffs-Disposable-Vape.png",788,788,false],"2048x2048":["https:\/\/rmvapesale.com\/wp-content\/uploads\/2024\/09\/ELF-BOX-Shisha-16000-Puffs-Disposable-Vape.png",788,788,false],"trp-custom-language-flag":["https:\/\/rmvapesale.com\/wp-content\/uploads\/2024\/09\/ELF-BOX-Shisha-16000-Puffs-Disposable-Vape.png",12,12,false],"woocommerce_thumbnail":["https:\/\/rmvapesale.com\/wp-content\/uploads\/2024\/09\/ELF-BOX-Shisha-16000-Puffs-Disposable-Vape-300x300.png",300,300,true],"woocommerce_single":["https:\/\/rmvapesale.com\/wp-content\/uploads\/2024\/09\/ELF-BOX-Shisha-16000-Puffs-Disposable-Vape-600x600.png",600,600,true],"woocommerce_gallery_thumbnail":["https:\/\/rmvapesale.com\/wp-content\/uploads\/2024\/09\/ELF-BOX-Shisha-16000-Puffs-Disposable-Vape-100x100.png",100,100,true],"wcpr-photo-reviews":["https:\/\/rmvapesale.com\/wp-content\/uploads\/2024\/09\/ELF-BOX-Shisha-16000-Puffs-Disposable-Vape.png",500,500,false]},"uagb_author_info":{"display_name":"AMY","author_link":"https:\/\/rmvapesale.com\/sv\/author\/"},"uagb_comment_info":0,"uagb_excerpt":"Original Elf Box 16000 Shisha Ecigs Wholesale Supplier ELF Box Shisha 16000 Puffs Disposable E-cigarette 12 Flaovr ELF BOX Shisha 16000 Puffs Disposable Vape LED Display Contact Amy For More Discount And Right Reply WhatsApp: +86 17776015835","_links":{"self":[{"href":"https:\/\/rmvapesale.com\/sv\/wp-json\/wp\/v2\/product\/2168","targetHints":{"allow":["GET"]}}],"collection":[{"href":"https:\/\/rmvapesale.com\/sv\/wp-json\/wp\/v2\/product"}],"about":[{"href":"https:\/\/rmvapesale.com\/sv\/wp-json\/wp\/v2\/types\/product"}],"replies":[{"embeddable":true,"href":"https:\/\/rmvapesale.com\/sv\/wp-json\/wp\/v2\/comments?post=2168"}],"wp:featuredmedia":[{"embeddable":true,"href":"https:\/\/rmvapesale.com\/sv\/wp-json\/wp\/v2\/media\/2170"}],"wp:attachment":[{"href":"https:\/\/rmvapesale.com\/sv\/wp-json\/wp\/v2\/media?parent=2168"}],"wp:term":[{"taxonomy":"product_brand","embeddable":true,"href":"https:\/\/rmvapesale.com\/sv\/wp-json\/wp\/v2\/product_brand?post=2168"},{"taxonomy":"product_cat","embeddable":true,"href":"https:\/\/rmvapesale.com\/sv\/wp-json\/wp\/v2\/product_cat?post=2168"},{"taxonomy":"product_tag","embeddable":true,"href":"https:\/\/rmvapesale.com\/sv\/wp-json\/wp\/v2\/product_tag?post=2168"}],"curies":[{"name":"wp","href":"https:\/\/api.w.org\/{rel}","templated":true}]}}