{"id":2180,"date":"2024-09-26T05:57:54","date_gmt":"2024-09-26T05:57:54","guid":{"rendered":"https:\/\/rmvapesale.com\/?post_type=product&#038;p=2180"},"modified":"2025-01-21T09:37:06","modified_gmt":"2025-01-21T09:37:06","slug":"elf-box-ls15000-puffs-shisha-hookah-disposable-vape","status":"publish","type":"product","link":"https:\/\/rmvapesale.com\/sv\/product\/elf-box-ls15000-puffs-shisha-hookah-disposable-vape\/","title":{"rendered":"ELf BOX LS15000 Bl\u00e5ser Shisha Hookah Eng\u00e5ngs Vape"},"content":{"rendered":"<div class=\"B2VR9 CJHX3e\">\n<div class=\"wyccme\">\n<h3 class=\"LC20lb MBeuO DKV0Md\">ELf BOX LS15000 Bl\u00e5ser Shisha Hookah Eng\u00e5ngs Vape<\/h3>\n<p>Vi presenterar ELF BOX LS15000 Puffs Shisha Hookah eng\u00e5ngsvape, nu tillg\u00e4nglig f\u00f6r partihandel. Denna omsorgsfullt utformade enhet har en fantastisk kristalldesign som f\u00e4ngslar med sitt eleganta och snygga utseende. Utrustad med en avancerad mesh-coil, levererar ELF BOX LS15000 rik, smakfull \u00e5nga vid varje puff, vilket garanterar o\u00f6vertr\u00e4ffad tillfredsst\u00e4llelse f\u00f6r dina kunder. Type-C snabbladdningsfunktionen minskar stillest\u00e5ndstiden, vilket m\u00f6jligg\u00f6r l\u00e4ngre vapingsessioner och \u00f6kad njutning. Med en imponerande kapacitet p\u00e5 15 000 puffar och 26 ml e-v\u00e4tska, erbjuder denna vape exceptionell livsl\u00e4ngd och v\u00e4rde. Tillg\u00e4nglig i nikotinstyrkor 0%\/2%\/3%\/5%, den tillgodoser ett brett spektrum av preferenser.<\/p>\n<p>Uppgradera din vapingupplevelse idag med ELF BOX LS15000 Puffs Shisha Hookah!<\/p>\n<\/div>\n<\/div>\n<p><strong>Kontakta Amy f\u00f6r att f\u00e5 r\u00e4tt svar och fler produktvideor!<\/strong><\/p>\n<p><img loading=\"lazy\" decoding=\"async\" class=\"size-full wp-image-1978\" src=\"https:\/\/rmvapesale.com\/wp-content\/uploads\/2024\/09\/Disposable-Vape-Wholesale.jpg\" alt=\"Eng\u00e5ngsvape Partihandel\" width=\"229\" height=\"300\" \/><\/p>\n<h3><span style=\"color: #ff0000\"><strong>WhatsApp: +86 17776015835<\/strong><\/span><\/h3>\n<p>&nbsp;<\/p>\n<h2><\/h2>\n<h2><strong>ELf BOX LS15000 Puffs Shisha Hookah nyckelfunktioner<\/strong><\/h2>\n<p>Puffar:15000<br \/>\nSpole: Mesh coil 0.6ohm<br \/>\nE-v\u00e4tska:26ml<br \/>\nNikotin:0%\/2%\/3%\/5%<br \/>\nBatteri:18250-600mah<br \/>\nUppladdningsbar:Type-C<\/p>\n<h2><\/h2>\n<h2><strong>Toppsmak f\u00f6r ELf BOX LS15000 Shisha Hookah<\/strong><\/h2>\n<p>V\u00e4lj fr\u00e5n en m\u00e4ngd lockande smaker, fr\u00e5n uppfriskande Watermelon Ice till exotisk Kiwi Passion Fruit, vilket s\u00e4kerst\u00e4ller att det finns en smak f\u00f6r alla. Varje f\u00f6rpackning inneh\u00e5ller en ELf BOX LS15000 Shisha Hookah eng\u00e5ngsvape, med 10 l\u00e5dor per kartong.<\/p>\n<p>&nbsp;<\/p>\n<p>1.Blackberry ice<span style=\"color: #ff0000\"><strong>&gt;&gt;&gt;&gt;Het!<\/strong><\/span><br \/>\n2.Bl\u00e5b\u00e4r on ice<br \/>\n3.Kiwi Passion Fruit<br \/>\n4.Jordgubb Kiwi<span style=\"color: #ff0000\"><strong>&gt;&gt;&gt;&gt;Het!<\/strong><\/span><br \/>\n5.Blue Razz Lemonade<br \/>\n6.Vattenmelon ice<br \/>\n7.Jordgubb Vattenmelon<br \/>\n8.Jordgubb ice<br \/>\n9.Persika Mango Ananas<br \/>\n10.Vindruva ice<br \/>\n11.Mango Banan<br \/>\n12.Mixed berries<span style=\"color: #ff0000\"><strong>&gt;&gt;&gt;&gt;B\u00e4st!<\/strong><\/span><\/p>\n<figure id=\"attachment_2179\" aria-describedby=\"caption-attachment-2179\" style=\"width: 788px\" class=\"wp-caption alignnone\"><img loading=\"lazy\" decoding=\"async\" class=\"wp-image-2179 size-full\" src=\"https:\/\/rmvapesale.com\/wp-content\/uploads\/2024\/09\/ELF-BOX-LS15000-Shisha-Wholesale.png\" alt=\"ELF BOX LS15000 Shisha Partihandel\" width=\"788\" height=\"550\" srcset=\"https:\/\/rmvapesale.com\/wp-content\/uploads\/2024\/09\/ELF-BOX-LS15000-Shisha-Wholesale.png 788w, https:\/\/rmvapesale.com\/wp-content\/uploads\/2024\/09\/ELF-BOX-LS15000-Shisha-Wholesale-300x209.png 300w, https:\/\/rmvapesale.com\/wp-content\/uploads\/2024\/09\/ELF-BOX-LS15000-Shisha-Wholesale-768x536.png 768w, https:\/\/rmvapesale.com\/wp-content\/uploads\/2024\/09\/ELF-BOX-LS15000-Shisha-Wholesale-600x419.png 600w\" sizes=\"auto, (max-width: 788px) 100vw, 788px\" \/><figcaption id=\"caption-attachment-2179\" class=\"wp-caption-text\">ELF BOX LS15000 Shisha Partihandel<\/figcaption><\/figure>\n<h2><strong>Fr\u00e5gor du kanske vill veta om ELf BOX LS15000 Shisha Hookah<\/strong><\/h2>\n<p>&nbsp;<\/p>\n<p><strong>1. Vilken laddare anv\u00e4nder en ELf BOX LS15000 Shisha Hookah vape?<\/strong><br \/>\nDu kan ladda ELF BOX Shisha 16000 Puffs eng\u00e5ngsvape med en vanlig USB-C-laddningskabel och en 1A laddningsadapter eller port.<\/p>\n<p><strong>2. Hur mycket nikotin har ELf BOX LS15000 Shisha Hookah?<\/strong><br \/>\nELf BOX LS15000 Shisha Hookah erbjuder 0%\/2%\/3%\/5% nikotin att v\u00e4lja mellan.<\/p>\n<p><strong>3. \u00c4r ELf BOX LS15000 Shisha HookahVape bra?<\/strong><br \/>\nEn ELf BOX LS15000 Shisha Hookah eng\u00e5ngsvape \u00e4r perfekt f\u00f6r nyb\u00f6rjare och en p\u00e5litlig backup f\u00f6r erfarna anv\u00e4ndare, och erbjuder ett imponerande utseende och fantastisk smak.<\/p>\n<p><strong>4. Kan ELF BOX LS15000 Shisha Hookah fyllas p\u00e5?<\/strong><br \/>\nELF BOX LS15000 Shisha Hookah Vape \u00e4r uppladdningsbar, men n\u00e4r e-v\u00e4tskan \u00e4r slut ska den kasseras p\u00e5 r\u00e4tt s\u00e4tt, eftersom eng\u00e5ngsvapes inneh\u00e5ller batterier som inte ska sl\u00e4ngas i vanliga sopor.<\/p>\n<p>&nbsp;<\/p>\n<h3><b>VANLIGA FR\u00c5GOR OCH SVAR<\/b><\/h3>\n<p>&nbsp;<\/p>\n<div class=\"flex-shrink-0 flex flex-col relative items-end\">\n<div>\n<div class=\"pt-0\">\n<div class=\"gizmo-bot-avatar flex h-8 w-8 items-center justify-center overflow-hidden rounded-full\">\n<div class=\"relative p-1 rounded-sm flex items-center justify-center bg-token-main-surface-primary text-token-text-primary h-8 w-8\"><strong>Vilka frakts\u00e4tt anv\u00e4nds?<\/strong><\/div>\n<\/div>\n<\/div>\n<\/div>\n<\/div>\n<div class=\"group\/conversation-turn relative flex w-full min-w-0 flex-col agent-turn\">\n<div class=\"flex-col gap-1 md:gap-3\">\n<div class=\"flex max-w-full flex-col flex-grow\">\n<div class=\"min-h-[20px] text-message flex w-full flex-col items-end gap-2 whitespace-normal break-words [.text-message+&amp;]:mt-5 overflow-x-auto\" dir=\"auto\" data-message-author-role=\"assistant\" data-message-id=\"22f8283b-3233-46ff-89a5-c7a41b33abda\">\n<div class=\"flex w-full flex-col gap-1 empty:hidden first:pt-[3px]\">\n<div class=\"markdown prose w-full break-words dark:prose-invert light\">\n<p>Vi samarbetar med UPS, DHL, FedEx, DPD och andra ledande transport\u00f6rer. Vi v\u00e4ljer det b\u00e4sta frakts\u00e4ttet baserat p\u00e5 din leveransadress f\u00f6r att s\u00e4kerst\u00e4lla att du f\u00e5r dina produkter s\u00e5 snabbt som m\u00f6jligt.<\/p>\n<\/div>\n<p><strong>Hur l\u00e5ng tid tar det att komma fram?<\/strong><\/p>\n<p>Paket som skickas till Sverige anl\u00e4nder vanligtvis inom 10 arbetsdagar. Leveranser till europeiska l\u00e4nder tar generellt cirka 12-15 arbetsdagar. Vi kommer att ge uppdateringar i realtid om din leveransstatus.<\/p>\n<\/div>\n<p><strong>Garanti<\/strong><\/p>\n<p><span style=\"color: #ff0000\"><strong>Alla produkter i v\u00e5r butik garanteras vara 100% original och \u00e4kta. Vi erbjuder 10 g\u00e5nger ers\u00e4ttning f\u00f6r f\u00f6rfalskade varor!<\/strong><\/span><\/p>\n<div class=\"flex w-full flex-col gap-1 empty:hidden first:pt-[3px]\">\n<p>&nbsp;<\/p>\n<\/div>\n<\/div>\n<\/div>\n<\/div>\n<\/div>\n<p>&nbsp;<\/p>\n<p>Andra popul\u00e4ra vapes du kanske gillar:<\/p>\n<p>&nbsp;<\/p>\n<p><a href=\"https:\/\/rmvapesale.com\/sv\/product\/original-randm-vape-digital-puff-12000-fumot-factory-price\/\"><strong>Randm Digital 12000 Puffs<\/strong><\/a><\/p>\n<p><strong><a href=\"https:\/\/rmvapesale.com\/sv\/product\/vozol-vista-20000-puffs-smart-disposable-vape\/\">Vozol Vista 20000 Puffs\u00a0<\/a><\/strong><\/p>\n<p><a href=\"https:\/\/rmvapesale.com\/sv\/product\/bang-shisha-15000-puffs-disposable-vape-puff-15k-wholesale\/\"><strong>Bang Shisha 15000 Bl\u00e5ser<\/strong><\/a><\/p>\n<p><a href=\"https:\/\/rmvapesale.com\/sv\/product\/randm-tornado-20000-puffs-original-fumot-vape-wholesale\/\"><strong>RandM Tornado 20000 Puffs<\/strong><\/a><\/p>\n<p>&nbsp;<\/p>\n<p>&nbsp;<\/p>\n<p>Hitta fler vape-produkter du kanske gillar:<strong><em><a href=\"https:\/\/rmvapesale.com\/sv\/shop-2\/\">handla nu &gt;&gt;&gt;<\/a><\/em><\/strong><\/p>","protected":false},"excerpt":{"rendered":"<p>ELF BOX LS15000Puffs Shisha Hookah Nikotin 0% 2% 3% 5%<br \/>\nPartihandel ELF BOX LS15000 Puffs Eng\u00e5ngsvape<br \/>\nELf BOX LS15000 Bl\u00e5ser Shisha Hookah Eng\u00e5ngs Vape<\/p>\n<p><strong>Kontakta Amy f\u00f6r mer rabatt och r\u00e4tt svar<\/strong><\/p>\n<p><img loading=\"lazy\" decoding=\"async\" class=\"size-full wp-image-1978\" src=\"https:\/\/rmvapesale.com\/wp-content\/uploads\/2024\/09\/Disposable-Vape-Wholesale.jpg\" alt=\"Eng\u00e5ngsvape Partihandel\" width=\"229\" height=\"300\" \/><\/p>\n<h3><span style=\"color: #ff0000\"><strong>WhatsApp: +86 17776015835<\/strong><\/span><\/h3>","protected":false},"featured_media":2175,"comment_status":"open","ping_status":"closed","template":"","meta":{"_uag_custom_page_level_css":"","_lmt_disableupdate":"no","_lmt_disable":"","site-sidebar-layout":"default","site-content-layout":"content-boxed-container","ast-site-content-layout":"normal-width-container","site-content-style":"boxed","site-sidebar-style":"unboxed","ast-global-header-display":"","ast-banner-title-visibility":"","ast-main-header-display":"","ast-hfb-above-header-display":"","ast-hfb-below-header-display":"","ast-hfb-mobile-header-display":"","site-post-title":"","ast-breadcrumbs-content":"","ast-featured-img":"","footer-sml-layout":"","theme-transparent-header-meta":"default","adv-header-id-meta":"","stick-header-meta":"","header-above-stick-meta":"","header-main-stick-meta":"","header-below-stick-meta":"","astra-migrate-meta-layouts":"set","ast-page-background-enabled":"default","ast-page-background-meta":{"desktop":{"background-color":"var(--ast-global-color-4)","background-image":"","background-repeat":"repeat","background-position":"center center","background-size":"auto","background-attachment":"scroll","background-type":"","background-media":"","overlay-type":"","overlay-color":"","overlay-opacity":"","overlay-gradient":""},"tablet":{"background-color":"","background-image":"","background-repeat":"repeat","background-position":"center center","background-size":"auto","background-attachment":"scroll","background-type":"","background-media":"","overlay-type":"","overlay-color":"","overlay-opacity":"","overlay-gradient":""},"mobile":{"background-color":"","background-image":"","background-repeat":"repeat","background-position":"center center","background-size":"auto","background-attachment":"scroll","background-type":"","background-media":"","overlay-type":"","overlay-color":"","overlay-opacity":"","overlay-gradient":""}},"ast-content-background-meta":{"desktop":{"background-color":"var(--ast-global-color-5)","background-image":"","background-repeat":"repeat","background-position":"center center","background-size":"auto","background-attachment":"scroll","background-type":"","background-media":"","overlay-type":"","overlay-color":"","overlay-opacity":"","overlay-gradient":""},"tablet":{"background-color":"var(--ast-global-color-5)","background-image":"","background-repeat":"repeat","background-position":"center center","background-size":"auto","background-attachment":"scroll","background-type":"","background-media":"","overlay-type":"","overlay-color":"","overlay-opacity":"","overlay-gradient":""},"mobile":{"background-color":"var(--ast-global-color-5)","background-image":"","background-repeat":"repeat","background-position":"center center","background-size":"auto","background-attachment":"scroll","background-type":"","background-media":"","overlay-type":"","overlay-color":"","overlay-opacity":"","overlay-gradient":""}},"_joinchat":[]},"product_brand":[],"product_cat":[15,289,292,293,295,296,299,25,123,26,28,135,27,61,137,136,30],"product_tag":[99,102,101,54,103,43],"class_list":{"0":"post-2180","1":"product","2":"type-product","3":"status-publish","4":"has-post-thumbnail","6":"product_cat-new-vape-this-week","7":"product_cat-big-puffs-disposable-vapes","8":"product_cat-digital-disposable-vapes","9":"product_cat-low-nicotine-disposable-vapes","10":"product_cat-rechargeable-disposable-vapes","11":"product_cat-shisha-hookah-disposable-vapes","12":"product_cat-smart-screen-disposable-vapes","13":"product_cat-germany-best-selling-vape","14":"product_cat-italy-wholesale-vape","15":"product_cat-netherlands-hot-sale-vape","16":"product_cat-poland-hot-sale-vape","17":"product_cat-spain-best-hot-sale-vape","18":"product_cat-fance-hot-sale-vape","19":"product_cat-15000-puffs-disposable-vapes","20":"product_cat-rechargeable-vapes","21":"product_cat-smart-screen-vapes","22":"product_cat-minimum-order-quantity-50pcs","23":"product_tag-disposable-vape-wholesale","24":"product_tag-elf-box-ls15000-shisha-hookah","25":"product_tag-led-display-vape","26":"product_tag-rechargeable-disposable-vape","27":"product_tag-shisha-hookah","28":"product_tag-shisha-vape","29":"desktop-align-left","30":"tablet-align-left","31":"mobile-align-left","33":"first","34":"instock","35":"sale","36":"shipping-taxable","37":"purchasable","38":"product-type-simple"},"uagb_featured_image_src":{"full":["https:\/\/rmvapesale.com\/wp-content\/uploads\/2024\/09\/ELF-BOX-LS15000-Puff-Shisha-Hookah-Vape-Wholesale.png",800,800,false],"thumbnail":["https:\/\/rmvapesale.com\/wp-content\/uploads\/2024\/09\/ELF-BOX-LS15000-Puff-Shisha-Hookah-Vape-Wholesale-150x150.png",150,150,true],"medium":["https:\/\/rmvapesale.com\/wp-content\/uploads\/2024\/09\/ELF-BOX-LS15000-Puff-Shisha-Hookah-Vape-Wholesale-300x300.png",300,300,true],"medium_large":["https:\/\/rmvapesale.com\/wp-content\/uploads\/2024\/09\/ELF-BOX-LS15000-Puff-Shisha-Hookah-Vape-Wholesale-768x768.png",768,768,true],"large":["https:\/\/rmvapesale.com\/wp-content\/uploads\/2024\/09\/ELF-BOX-LS15000-Puff-Shisha-Hookah-Vape-Wholesale.png",800,800,false],"1536x1536":["https:\/\/rmvapesale.com\/wp-content\/uploads\/2024\/09\/ELF-BOX-LS15000-Puff-Shisha-Hookah-Vape-Wholesale.png",800,800,false],"2048x2048":["https:\/\/rmvapesale.com\/wp-content\/uploads\/2024\/09\/ELF-BOX-LS15000-Puff-Shisha-Hookah-Vape-Wholesale.png",800,800,false],"trp-custom-language-flag":["https:\/\/rmvapesale.com\/wp-content\/uploads\/2024\/09\/ELF-BOX-LS15000-Puff-Shisha-Hookah-Vape-Wholesale.png",12,12,false],"woocommerce_thumbnail":["https:\/\/rmvapesale.com\/wp-content\/uploads\/2024\/09\/ELF-BOX-LS15000-Puff-Shisha-Hookah-Vape-Wholesale-300x300.png",300,300,true],"woocommerce_single":["https:\/\/rmvapesale.com\/wp-content\/uploads\/2024\/09\/ELF-BOX-LS15000-Puff-Shisha-Hookah-Vape-Wholesale-600x600.png",600,600,true],"woocommerce_gallery_thumbnail":["https:\/\/rmvapesale.com\/wp-content\/uploads\/2024\/09\/ELF-BOX-LS15000-Puff-Shisha-Hookah-Vape-Wholesale-100x100.png",100,100,true],"wcpr-photo-reviews":["https:\/\/rmvapesale.com\/wp-content\/uploads\/2024\/09\/ELF-BOX-LS15000-Puff-Shisha-Hookah-Vape-Wholesale.png",500,500,false]},"uagb_author_info":{"display_name":"AMY","author_link":"https:\/\/rmvapesale.com\/sv\/author\/"},"uagb_comment_info":0,"uagb_excerpt":"ELF BOX LS15000Puffs Shisha Hookah Nicotine 0% 2% 3% 5% Wholesale ELF BOX LS15000 Puffs Disposable Vape ELf BOX LS15000 Puffs Shisha Hookah Disposable Vape Contact Amy For More Discount And Right Reply WhatsApp: +86 17776015835","_links":{"self":[{"href":"https:\/\/rmvapesale.com\/sv\/wp-json\/wp\/v2\/product\/2180","targetHints":{"allow":["GET"]}}],"collection":[{"href":"https:\/\/rmvapesale.com\/sv\/wp-json\/wp\/v2\/product"}],"about":[{"href":"https:\/\/rmvapesale.com\/sv\/wp-json\/wp\/v2\/types\/product"}],"replies":[{"embeddable":true,"href":"https:\/\/rmvapesale.com\/sv\/wp-json\/wp\/v2\/comments?post=2180"}],"wp:featuredmedia":[{"embeddable":true,"href":"https:\/\/rmvapesale.com\/sv\/wp-json\/wp\/v2\/media\/2175"}],"wp:attachment":[{"href":"https:\/\/rmvapesale.com\/sv\/wp-json\/wp\/v2\/media?parent=2180"}],"wp:term":[{"taxonomy":"product_brand","embeddable":true,"href":"https:\/\/rmvapesale.com\/sv\/wp-json\/wp\/v2\/product_brand?post=2180"},{"taxonomy":"product_cat","embeddable":true,"href":"https:\/\/rmvapesale.com\/sv\/wp-json\/wp\/v2\/product_cat?post=2180"},{"taxonomy":"product_tag","embeddable":true,"href":"https:\/\/rmvapesale.com\/sv\/wp-json\/wp\/v2\/product_tag?post=2180"}],"curies":[{"name":"wp","href":"https:\/\/api.w.org\/{rel}","templated":true}]}}