{"id":2196,"date":"2024-09-27T02:26:25","date_gmt":"2024-09-27T02:26:25","guid":{"rendered":"https:\/\/rmvapesale.com\/?post_type=product&#038;p=2196"},"modified":"2025-01-21T09:38:41","modified_gmt":"2025-01-21T09:38:41","slug":"vapme-crown-bar-18000-pro-max-disposable-vape-original","status":"publish","type":"product","link":"https:\/\/rmvapesale.com\/sv\/product\/vapme-crown-bar-18000-pro-max-disposable-vape-original\/","title":{"rendered":"VAPME Crown Bar 18000 Pro Max Eng\u00e5ngs Vape Original"},"content":{"rendered":"<div class=\"B2VR9 CJHX3e\">\n<div class=\"wyccme\">\n<h3 class=\"LC20lb MBeuO DKV0Md\">VAPME Crown Bar 18000 Pro Max Eng\u00e5ngs Vape Original<\/h3>\n<p>Vi introducerar VAPME CROWN BAR 18000 Puffs PRO MAX \u2013 en f\u00f6rstklassig eng\u00e5ngsvape som tar vaping till nya h\u00f6jder. Tillg\u00e4nglig till grossistpris p\u00e5 rmvapesale, denna premium-enhet erbjuder en perfekt fusion av stil, sofistikering och banbrytande prestanda f\u00f6r vapers som s\u00f6ker den ultimata upplevelsen.<\/p>\n<p><strong>Nyckelfunktioner:<\/strong><br \/>\n<strong>Elegant l\u00e4derfinish:<\/strong> VAPME CROWN BAR 18000 Puffs PRO MAX utm\u00e4rker sig med sin lyxiga l\u00e4derfinish, vilket g\u00f6r den lika fashionabel som funktionell. Denna eleganta design \u00e4r perfekt f\u00f6r de som uppskattar b\u00e5de estetik och prestanda.<\/p>\n<p><strong>Kraftfullt batteri:<\/strong> Drivs av ett robust 850mAh uppladdningsbart batteri, denna enhet erbjuder f\u00f6rl\u00e4ngd anv\u00e4ndning. Med en Type-C snabbladdningsport kan du enkelt ladda den och forts\u00e4tta din vaping-upplevelse utan dr\u00f6jsm\u00e5l.<\/p>\n<p><strong>Massiv e-juicekapacitet:<\/strong> Med en e-juicekapacitet p\u00e5 25mL levererar VAPME CROWN BAR PRO MAX upp till 18000 puffar, vilket minskar behovet av frekventa p\u00e5fyllningar och s\u00e4kerst\u00e4ller l\u00e5ngvarig tillfredsst\u00e4llelse.<\/p>\n<p><strong>Avancerad 0,6 Ohm Mesh Coil-teknologi:<\/strong> Utrustad med en toppmodern mesh coil, s\u00e4kerst\u00e4ller denna vape j\u00e4mn \u00e5ngproduktion och rik, full smakleverans med varje puff.<\/p>\n<p><strong>Anpassningsbara nikotinniv\u00e5er:<\/strong> F\u00f6r att tillgodose en m\u00e4ngd olika preferenser erbjuder denna vape b\u00e5de l\u00e5g-nikotin och icke-nikotin alternativ, vilket ger anv\u00e4ndarna kontroll \u00f6ver sin upplevelse.<\/p>\n<\/div>\n<\/div>\n<p><strong>Kontakta Amy f\u00f6r att f\u00e5 r\u00e4tt svar och fler produktvideor!<\/strong><\/p>\n<p><img loading=\"lazy\" decoding=\"async\" class=\"size-full wp-image-1978\" src=\"https:\/\/rmvapesale.com\/wp-content\/uploads\/2024\/09\/Disposable-Vape-Wholesale.jpg\" alt=\"Eng\u00e5ngsvape Partihandel\" width=\"229\" height=\"300\" \/><\/p>\n<h3><span style=\"color: #ff0000\"><strong>WhatsApp: +86 17776015835<\/strong><\/span><\/h3>\n<p>&nbsp;<\/p>\n<h2><\/h2>\n<h2><strong>VAPME CROWN BAR 18000 Puffs Nyckelfunktioner<\/strong><\/h2>\n<p>850mAh Inbyggt batteri<br \/>\nUppladdningsbar<br \/>\nEffektiv och konsekvent kraftleverans<br \/>\n25 ml f\u00f6rfylld e-juice<br \/>\n0%, 2%, 3%, 5% nikotinniv\u00e5<br \/>\nR\u00e4cker till n\u00e4stan 18 000 bloss<br \/>\nMesh-coil<\/p>\n<h2><\/h2>\n<h2><strong>B\u00e4sta smaken f\u00f6r VAPME CROWN BAR 18000 Puffs<\/strong><\/h2>\n<p>V\u00e4lj mellan 12 l\u00e4ckra smaker, inklusive klassiska favoriter som Lush Ice och Berry Ice, eller mer exotiska blandningar som Sweet Passionfruit och Love 66. Varje smak \u00e4r skapad f\u00f6r att ge en h\u00e4rlig vapingupplevelse anpassad efter din smak.<\/p>\n<p>1.Lush Ice<span style=\"color: #ff0000\"><strong>&gt;&gt;&gt;&gt;Het!<\/strong><\/span><br \/>\n2.Berry Ice<br \/>\n3.Blueberry Gum<span style=\"color: #ff0000\"><strong>&gt;&gt;&gt;&gt;B\u00e4st!<\/strong><\/span><br \/>\n4.Cherry Fiesta<br \/>\n5.Grape Punch<br \/>\n6.Strawberry Watermelon<br \/>\n7.Mango Freeze<br \/>\n8. Strawberry Punch<br \/>\n9.Sweet Passionfruit<br \/>\n10.Bl\u00e5b\u00e4r hallon<br \/>\n11.Two Apple<br \/>\n12.Love 66<\/p>\n<figure id=\"attachment_2193\" aria-describedby=\"caption-attachment-2193\" style=\"width: 300px\" class=\"wp-caption alignnone\"><img loading=\"lazy\" decoding=\"async\" class=\"size-medium wp-image-2193\" src=\"https:\/\/rmvapesale.com\/wp-content\/uploads\/2024\/09\/Vapme-Crown-Bar-18000-Puffs-300x268.png\" alt=\"Vapme Crown Bar 18000 Puffs\" width=\"300\" height=\"268\" srcset=\"https:\/\/rmvapesale.com\/wp-content\/uploads\/2024\/09\/Vapme-Crown-Bar-18000-Puffs-300x268.png 300w, https:\/\/rmvapesale.com\/wp-content\/uploads\/2024\/09\/Vapme-Crown-Bar-18000-Puffs-768x685.png 768w, https:\/\/rmvapesale.com\/wp-content\/uploads\/2024\/09\/Vapme-Crown-Bar-18000-Puffs-600x535.png 600w, https:\/\/rmvapesale.com\/wp-content\/uploads\/2024\/09\/Vapme-Crown-Bar-18000-Puffs.png 808w\" sizes=\"auto, (max-width: 300px) 100vw, 300px\" \/><figcaption id=\"caption-attachment-2193\" class=\"wp-caption-text\">Vapme Crown Bar 18000 Puffs<\/figcaption><\/figure>\n<h2><strong>Fr\u00e5gor du kanske vill veta om VAPME CROWN BAR 18000<\/strong><\/h2>\n<p>&nbsp;<\/p>\n<div class=\"flex-shrink-0 flex flex-col relative items-end\">\n<div>\n<div class=\"pt-0\">\n<div class=\"gizmo-bot-avatar flex h-8 w-8 items-center justify-center overflow-hidden rounded-full\">\n<div class=\"relative p-1 rounded-sm flex items-center justify-center bg-token-main-surface-primary text-token-text-primary h-8 w-8\"><\/div>\n<\/div>\n<\/div>\n<\/div>\n<\/div>\n<div class=\"group\/conversation-turn relative flex w-full min-w-0 flex-col agent-turn\">\n<div class=\"flex-col gap-1 md:gap-3\">\n<div class=\"flex max-w-full flex-col flex-grow\">\n<div class=\"min-h-8 text-message flex w-full flex-col items-end gap-2 whitespace-normal break-words [.text-message+&amp;]:mt-5\" dir=\"auto\" data-message-author-role=\"assistant\" data-message-id=\"f226d3fc-81f3-46d5-8c46-31787fff0357\">\n<div class=\"flex w-full flex-col gap-1 empty:hidden first:pt-[3px]\">\n<div class=\"markdown prose w-full break-words dark:prose-invert light\">\n<p><strong>1.Hur m\u00e5nga bloss ger VAPME CROWN BAR 18000 eng\u00e5ngsvape?<\/strong><br \/>\nVAPME CROWN BAR 18000 ger upp till 18000 puffar, vilket vida \u00f6verstiger kapaciteten hos typiska eng\u00e5ngsvapes.<\/p>\n<p><strong>2. Vilka smaker finns tillg\u00e4ngliga i VAPME CROWN BAR 18000 eng\u00e5ngsvape?<\/strong><br \/>\nPopul\u00e4ra smaker inkluderar Blueberry Ice, Mango Ice, Strawberry Watermelon, Peach Lemonade och Grape Ice.<\/p>\n<p><strong>3. \u00c4r VAPME CROWN BAR 18000 l\u00e4mplig f\u00f6r nyb\u00f6rjare?<\/strong><br \/>\nJa, VAPME CROWN BAR 18000 \u00e4r perfekt f\u00f6r nyb\u00f6rjare med sin enkla, knappfria design \u2013 det \u00e4r bara att inhalera f\u00f6r att b\u00f6rja vejpa.<\/p>\n<p><strong>4. Hur ska jag f\u00f6rvara min VAPME CROWN BAR 18000 eng\u00e5ngsvape?<\/strong><br \/>\nF\u00f6rvara din enhet p\u00e5 en sval, torr plats, borta fr\u00e5n direkt solljus och utom r\u00e4ckh\u00e5ll f\u00f6r barn och husdjur.<\/p>\n<p><strong>5. Hur l\u00e4nge r\u00e4cker VAPME CROWN BAR 18000?<\/strong><br \/>\nMed en kapacitet p\u00e5 18 000 puffar kan VAPME CROWN BAR 18000 r\u00e4cka i flera veckor, beroende p\u00e5 anv\u00e4ndning.<\/p>\n<\/div>\n<\/div>\n<\/div>\n<\/div>\n<\/div>\n<\/div>\n<p>&nbsp;<\/p>\n<h3><b>VANLIGA FR\u00c5GOR OCH SVAR<\/b><\/h3>\n<p>&nbsp;<\/p>\n<div class=\"flex-shrink-0 flex flex-col relative items-end\">\n<div>\n<div class=\"pt-0\">\n<div class=\"gizmo-bot-avatar flex h-8 w-8 items-center justify-center overflow-hidden rounded-full\">\n<div class=\"relative p-1 rounded-sm flex items-center justify-center bg-token-main-surface-primary text-token-text-primary h-8 w-8\"><strong>Vilka frakts\u00e4tt anv\u00e4nds?<\/strong><\/div>\n<\/div>\n<\/div>\n<\/div>\n<\/div>\n<div class=\"group\/conversation-turn relative flex w-full min-w-0 flex-col agent-turn\">\n<div class=\"flex-col gap-1 md:gap-3\">\n<div class=\"flex max-w-full flex-col flex-grow\">\n<div class=\"min-h-[20px] text-message flex w-full flex-col items-end gap-2 whitespace-normal break-words [.text-message+&amp;]:mt-5 overflow-x-auto\" dir=\"auto\" data-message-author-role=\"assistant\" data-message-id=\"22f8283b-3233-46ff-89a5-c7a41b33abda\">\n<div class=\"flex w-full flex-col gap-1 empty:hidden first:pt-[3px]\">\n<div class=\"markdown prose w-full break-words dark:prose-invert light\">\n<p>Vi samarbetar med UPS, DHL, FedEx, DPD och andra ledande transport\u00f6rer. Vi v\u00e4ljer det b\u00e4sta frakts\u00e4ttet baserat p\u00e5 din leveransadress f\u00f6r att s\u00e4kerst\u00e4lla att du f\u00e5r dina produkter s\u00e5 snabbt som m\u00f6jligt.<\/p>\n<\/div>\n<p><strong>Hur l\u00e5ng tid tar det att komma fram?<\/strong><\/p>\n<p>Paket som skickas till Sverige anl\u00e4nder vanligtvis inom 10 arbetsdagar. Leveranser till europeiska l\u00e4nder tar generellt cirka 12-15 arbetsdagar. Vi kommer att ge uppdateringar i realtid om din leveransstatus.<\/p>\n<\/div>\n<p><strong>Garanti<\/strong><\/p>\n<p><span style=\"color: #ff0000\"><strong>Alla produkter i v\u00e5r butik garanteras vara 100% original och \u00e4kta. Vi erbjuder 10 g\u00e5nger ers\u00e4ttning f\u00f6r f\u00f6rfalskade varor!<\/strong><\/span><\/p>\n<div class=\"flex w-full flex-col gap-1 empty:hidden first:pt-[3px]\">\n<p>&nbsp;<\/p>\n<\/div>\n<\/div>\n<\/div>\n<\/div>\n<\/div>\n<p>&nbsp;<\/p>\n<p>Andra popul\u00e4ra vapes du kanske gillar:<\/p>\n<p>&nbsp;<\/p>\n<p><a href=\"https:\/\/rmvapesale.com\/sv\/product\/original-randm-vape-digital-puff-12000-fumot-factory-price\/\"><strong>Randm Digital 12000 Puffs<\/strong><\/a><\/p>\n<p><strong><a href=\"https:\/\/rmvapesale.com\/sv\/product\/waspe-25000-puffs-disposable-vape-rechargeable-hot-sale\/\">Waspe 25000 puffar <\/a><\/strong><\/p>\n<p><a href=\"https:\/\/rmvapesale.com\/sv\/product\/waspe-12000-puffs-disposable-vape-pen\/\"><strong>WASPE 12000 puffar\u00a0<\/strong><\/a><\/p>\n<p><a href=\"https:\/\/rmvapesale.com\/sv\/product\/vapme-crystal-7000-puffs-rechargeable-disposable-vape-price\/\"><strong>Vapme Crystal 7000 Puffar<\/strong><\/a><\/p>\n<p>&nbsp;<\/p>\n<p>&nbsp;<\/p>\n<p>Hitta fler vape-produkter du kanske gillar:<strong><em><a href=\"https:\/\/rmvapesale.com\/sv\/shop-2\/\">handla nu &gt;&gt;&gt;<\/a><\/em><\/strong><\/p>","protected":false},"excerpt":{"rendered":"<p>Vapme Crown Bar Pro Max Shisha 18000 Eng\u00e5ngs-vape<br \/>\nOriginal Vapme Crown Bar 18000 Puff PRO Max<br \/>\nVapme Crown Bar 18000 Puffs Eng\u00e5ngs-vape med l\u00e5g nikotinhalt<\/p>\n<p><strong>Kontakta Amy f\u00f6r mer rabatt och r\u00e4tt svar<\/strong><\/p>\n<p><img loading=\"lazy\" decoding=\"async\" class=\"size-full wp-image-1978\" src=\"https:\/\/rmvapesale.com\/wp-content\/uploads\/2024\/09\/Disposable-Vape-Wholesale.jpg\" alt=\"Eng\u00e5ngsvape Partihandel\" width=\"229\" height=\"300\" \/><\/p>\n<h3><span style=\"color: #ff0000\"><strong>WhatsApp: +86 17776015835<\/strong><\/span><\/h3>","protected":false},"featured_media":2191,"comment_status":"open","ping_status":"closed","template":"","meta":{"_uag_custom_page_level_css":"","_lmt_disableupdate":"no","_lmt_disable":"","site-sidebar-layout":"default","site-content-layout":"content-boxed-container","ast-site-content-layout":"normal-width-container","site-content-style":"boxed","site-sidebar-style":"unboxed","ast-global-header-display":"","ast-banner-title-visibility":"","ast-main-header-display":"","ast-hfb-above-header-display":"","ast-hfb-below-header-display":"","ast-hfb-mobile-header-display":"","site-post-title":"","ast-breadcrumbs-content":"","ast-featured-img":"","footer-sml-layout":"","theme-transparent-header-meta":"default","adv-header-id-meta":"","stick-header-meta":"","header-above-stick-meta":"","header-main-stick-meta":"","header-below-stick-meta":"","astra-migrate-meta-layouts":"set","ast-page-background-enabled":"default","ast-page-background-meta":{"desktop":{"background-color":"var(--ast-global-color-4)","background-image":"","background-repeat":"repeat","background-position":"center center","background-size":"auto","background-attachment":"scroll","background-type":"","background-media":"","overlay-type":"","overlay-color":"","overlay-opacity":"","overlay-gradient":""},"tablet":{"background-color":"","background-image":"","background-repeat":"repeat","background-position":"center center","background-size":"auto","background-attachment":"scroll","background-type":"","background-media":"","overlay-type":"","overlay-color":"","overlay-opacity":"","overlay-gradient":""},"mobile":{"background-color":"","background-image":"","background-repeat":"repeat","background-position":"center center","background-size":"auto","background-attachment":"scroll","background-type":"","background-media":"","overlay-type":"","overlay-color":"","overlay-opacity":"","overlay-gradient":""}},"ast-content-background-meta":{"desktop":{"background-color":"var(--ast-global-color-5)","background-image":"","background-repeat":"repeat","background-position":"center center","background-size":"auto","background-attachment":"scroll","background-type":"","background-media":"","overlay-type":"","overlay-color":"","overlay-opacity":"","overlay-gradient":""},"tablet":{"background-color":"var(--ast-global-color-5)","background-image":"","background-repeat":"repeat","background-position":"center center","background-size":"auto","background-attachment":"scroll","background-type":"","background-media":"","overlay-type":"","overlay-color":"","overlay-opacity":"","overlay-gradient":""},"mobile":{"background-color":"var(--ast-global-color-5)","background-image":"","background-repeat":"repeat","background-position":"center center","background-size":"auto","background-attachment":"scroll","background-type":"","background-media":"","overlay-type":"","overlay-color":"","overlay-opacity":"","overlay-gradient":""}},"_joinchat":[]},"product_brand":[],"product_cat":[15,289,291,292,293,295,296,299,281,25,123,26,28,135,27,137,136,30],"product_tag":[99,101,105,54,106],"class_list":{"0":"post-2196","1":"product","2":"type-product","3":"status-publish","4":"has-post-thumbnail","6":"product_cat-new-vape-this-week","7":"product_cat-big-puffs-disposable-vapes","8":"product_cat-dual-mesh-disposable-vapes","9":"product_cat-digital-disposable-vapes","10":"product_cat-low-nicotine-disposable-vapes","11":"product_cat-rechargeable-disposable-vapes","12":"product_cat-shisha-hookah-disposable-vapes","13":"product_cat-smart-screen-disposable-vapes","14":"product_cat-vapme-vape","15":"product_cat-germany-best-selling-vape","16":"product_cat-italy-wholesale-vape","17":"product_cat-netherlands-hot-sale-vape","18":"product_cat-poland-hot-sale-vape","19":"product_cat-spain-best-hot-sale-vape","20":"product_cat-fance-hot-sale-vape","21":"product_cat-rechargeable-vapes","22":"product_cat-smart-screen-vapes","23":"product_cat-minimum-order-quantity-50pcs","24":"product_tag-disposable-vape-wholesale","25":"product_tag-led-display-vape","26":"product_tag-nicotine-free-disposable-vape","27":"product_tag-rechargeable-disposable-vape","28":"product_tag-vapme-crown-bar-18000","29":"desktop-align-left","30":"tablet-align-left","31":"mobile-align-left","33":"first","34":"instock","35":"sale","36":"shipping-taxable","37":"purchasable","38":"product-type-simple"},"uagb_featured_image_src":{"full":["https:\/\/rmvapesale.com\/wp-content\/uploads\/2024\/09\/VAPME-Crown-Bar-18000-Disposable-Vape.jpg",800,800,false],"thumbnail":["https:\/\/rmvapesale.com\/wp-content\/uploads\/2024\/09\/VAPME-Crown-Bar-18000-Disposable-Vape-150x150.jpg",150,150,true],"medium":["https:\/\/rmvapesale.com\/wp-content\/uploads\/2024\/09\/VAPME-Crown-Bar-18000-Disposable-Vape-300x300.jpg",300,300,true],"medium_large":["https:\/\/rmvapesale.com\/wp-content\/uploads\/2024\/09\/VAPME-Crown-Bar-18000-Disposable-Vape-768x768.jpg",768,768,true],"large":["https:\/\/rmvapesale.com\/wp-content\/uploads\/2024\/09\/VAPME-Crown-Bar-18000-Disposable-Vape.jpg",800,800,false],"1536x1536":["https:\/\/rmvapesale.com\/wp-content\/uploads\/2024\/09\/VAPME-Crown-Bar-18000-Disposable-Vape.jpg",800,800,false],"2048x2048":["https:\/\/rmvapesale.com\/wp-content\/uploads\/2024\/09\/VAPME-Crown-Bar-18000-Disposable-Vape.jpg",800,800,false],"trp-custom-language-flag":["https:\/\/rmvapesale.com\/wp-content\/uploads\/2024\/09\/VAPME-Crown-Bar-18000-Disposable-Vape.jpg",12,12,false],"woocommerce_thumbnail":["https:\/\/rmvapesale.com\/wp-content\/uploads\/2024\/09\/VAPME-Crown-Bar-18000-Disposable-Vape-300x300.jpg",300,300,true],"woocommerce_single":["https:\/\/rmvapesale.com\/wp-content\/uploads\/2024\/09\/VAPME-Crown-Bar-18000-Disposable-Vape-600x600.jpg",600,600,true],"woocommerce_gallery_thumbnail":["https:\/\/rmvapesale.com\/wp-content\/uploads\/2024\/09\/VAPME-Crown-Bar-18000-Disposable-Vape-100x100.jpg",100,100,true],"wcpr-photo-reviews":["https:\/\/rmvapesale.com\/wp-content\/uploads\/2024\/09\/VAPME-Crown-Bar-18000-Disposable-Vape.jpg",500,500,false]},"uagb_author_info":{"display_name":"AMY","author_link":"https:\/\/rmvapesale.com\/sv\/author\/"},"uagb_comment_info":0,"uagb_excerpt":"Vapme Crown Bar Pro Max Shisha 18000 Disposable Vape Original Vapme Crown Bar 18000 Puff PRO Max Vapme Crown Bar 18000 Puffs Low Nicotine Vape Contact Amy For More Discount And Right Reply WhatsApp: +86 17776015835","_links":{"self":[{"href":"https:\/\/rmvapesale.com\/sv\/wp-json\/wp\/v2\/product\/2196","targetHints":{"allow":["GET"]}}],"collection":[{"href":"https:\/\/rmvapesale.com\/sv\/wp-json\/wp\/v2\/product"}],"about":[{"href":"https:\/\/rmvapesale.com\/sv\/wp-json\/wp\/v2\/types\/product"}],"replies":[{"embeddable":true,"href":"https:\/\/rmvapesale.com\/sv\/wp-json\/wp\/v2\/comments?post=2196"}],"wp:featuredmedia":[{"embeddable":true,"href":"https:\/\/rmvapesale.com\/sv\/wp-json\/wp\/v2\/media\/2191"}],"wp:attachment":[{"href":"https:\/\/rmvapesale.com\/sv\/wp-json\/wp\/v2\/media?parent=2196"}],"wp:term":[{"taxonomy":"product_brand","embeddable":true,"href":"https:\/\/rmvapesale.com\/sv\/wp-json\/wp\/v2\/product_brand?post=2196"},{"taxonomy":"product_cat","embeddable":true,"href":"https:\/\/rmvapesale.com\/sv\/wp-json\/wp\/v2\/product_cat?post=2196"},{"taxonomy":"product_tag","embeddable":true,"href":"https:\/\/rmvapesale.com\/sv\/wp-json\/wp\/v2\/product_tag?post=2196"}],"curies":[{"name":"wp","href":"https:\/\/api.w.org\/{rel}","templated":true}]}}