{"id":2211,"date":"2024-09-29T02:51:53","date_gmt":"2024-09-29T02:51:53","guid":{"rendered":"https:\/\/rmvapesale.com\/?post_type=product&#038;p=2211"},"modified":"2025-01-21T09:43:04","modified_gmt":"2025-01-21T09:43:04","slug":"waspe-15000-puffs-digital-box-original-wholesale","status":"publish","type":"product","link":"https:\/\/rmvapesale.com\/sv\/product\/waspe-15000-puffs-digital-box-original-wholesale\/","title":{"rendered":"WASPE 15000 BL\u00c5SER Digital L\u00e5da Original Grossist"},"content":{"rendered":"<div class=\"B2VR9 CJHX3e\">\n<div class=\"wyccme\">\n<h1 class=\"LC20lb MBeuO DKV0Md\"><strong>WASPE 15000 BL\u00c5SER Digital L\u00e5da Original Grossist<\/strong><\/h1>\n<p>Njut av den ultimata vapingupplevelsen med WASPE 15000 PUFFS Digital Box eng\u00e5ngsvape, tillg\u00e4nglig f\u00f6r grossistf\u00f6rs\u00e4ljning i Sverige. Denna premiumenhet levererar imponerande 15 000 puffar, vilket ger ut\u00f6kad tillfredsst\u00e4llelse och prestanda f\u00f6r kr\u00e4sna vapeentusiaster.<\/p>\n<p>WASPE Digital Box \u00e4r utformad med precision och finns i olika nikotinniv\u00e5er, inklusive 0%, 2%, 3%, 5%, vilket garanterar ett j\u00e4mnt, smakrikt drag som balanserar smak och halsk\u00e4nsla. Dess fabrikdirekta kvalitet och anv\u00e4ndarv\u00e4nliga design g\u00f6r den till den perfekta blandningen av bekv\u00e4mlighet och banbrytande teknik.<\/p>\n<\/div>\n<\/div>\n<p><strong>Kontakta Amy f\u00f6r att f\u00e5 r\u00e4tt svar och fler produktvideor!<\/strong><\/p>\n<p><img loading=\"lazy\" decoding=\"async\" class=\"size-full wp-image-1978\" src=\"https:\/\/rmvapesale.com\/wp-content\/uploads\/2024\/09\/Disposable-Vape-Wholesale.jpg\" alt=\"Eng\u00e5ngsvape Partihandel\" width=\"229\" height=\"300\" \/><\/p>\n<h3><span style=\"color: #ff0000\"><strong>WhatsApp: +86 17776015835<\/strong><\/span><\/h3>\n<p>&nbsp;<\/p>\n<h2><\/h2>\n<h2><strong>\u00a0WASPE 15000 PUFFS Eng\u00e5ngsvape Puffar Nyckelfunktioner<\/strong><\/h2>\n<p>Nikotinniv\u00e5: 0% 2% 3% 5%<br \/>\nPuffar:15000<br \/>\nKapacitet: 22 ml<br \/>\nSmaker: 10 smaker tillg\u00e4ngliga<br \/>\nLaddningstyp: Typ-C-port<br \/>\nBatterikapacitet: 650mah Laddningsbart<br \/>\nMotst\u00e5nd: Mesh Coil 0.8\u03a9<\/p>\n<h2><\/h2>\n<h2><strong>Toppsmak f\u00f6r WASPE 15000 PUFFS Eng\u00e5ngsvape<\/strong><\/h2>\n<p>WASPE 15000 PUFFS Eng\u00e5ngsvape erbjuder 10 l\u00e4ckra smaker, v\u00e4lj bland en m\u00e4ngd olika smaker, inklusive klassisk tobak, uppfriskande sval mynta och den exotiska s\u00f6tman av mango, var och en lovar en rik, tillfredsst\u00e4llande resa med varje puff.<\/p>\n<p>&nbsp;<\/p>\n<p>01.Watermelon Ice<span style=\"color: #ff0000\"><strong>&gt;&gt;&gt;&gt;Het!<\/strong><\/span><br \/>\n02.Blueberry Ice<br \/>\n03.Grape Marshmallow<br \/>\n04.Strawberry Raspberry Cherry<span style=\"color: #ff0000\"><strong>&gt;&gt;&gt;&gt;B\u00e4st!<\/strong><\/span><br \/>\n05.Blandade b\u00e4r<br \/>\n06.Jordgubb Vattenmelon<br \/>\n07.Jordgubb Kiwi<br \/>\n08.Mango Persika Ananas<br \/>\n09.Hallon Granat\u00e4pplejuice<span style=\"color: #ff0000\"><strong>&gt;&gt;&gt;&gt;Het!<\/strong><\/span><br \/>\n10.Gr\u00f6nt \u00e4pple Vattenmelon is<\/p>\n<figure id=\"attachment_2210\" aria-describedby=\"caption-attachment-2210\" style=\"width: 808px\" class=\"wp-caption alignnone\"><img loading=\"lazy\" decoding=\"async\" class=\"wp-image-2210 size-full\" src=\"https:\/\/rmvapesale.com\/wp-content\/uploads\/2024\/09\/Waspe-Digital-Box-15000.jpg\" alt=\"Waspe Digital Box 15000\" width=\"808\" height=\"808\" srcset=\"https:\/\/rmvapesale.com\/wp-content\/uploads\/2024\/09\/Waspe-Digital-Box-15000.jpg 808w, https:\/\/rmvapesale.com\/wp-content\/uploads\/2024\/09\/Waspe-Digital-Box-15000-300x300.jpg 300w, https:\/\/rmvapesale.com\/wp-content\/uploads\/2024\/09\/Waspe-Digital-Box-15000-150x150.jpg 150w, https:\/\/rmvapesale.com\/wp-content\/uploads\/2024\/09\/Waspe-Digital-Box-15000-768x768.jpg 768w, https:\/\/rmvapesale.com\/wp-content\/uploads\/2024\/09\/Waspe-Digital-Box-15000-600x600.jpg 600w, https:\/\/rmvapesale.com\/wp-content\/uploads\/2024\/09\/Waspe-Digital-Box-15000-100x100.jpg 100w\" sizes=\"auto, (max-width: 808px) 100vw, 808px\" \/><figcaption id=\"caption-attachment-2210\" class=\"wp-caption-text\">Waspe Digital Box 15000<\/figcaption><\/figure>\n<h2><strong>Fr\u00e5gor du kanske vill veta om WASPE 15000 Digital Box<\/strong><\/h2>\n<p>&nbsp;<\/p>\n<div class=\"flex-shrink-0 flex flex-col relative items-end\">\n<div>\n<div class=\"pt-0\">\n<div class=\"gizmo-bot-avatar flex h-8 w-8 items-center justify-center overflow-hidden rounded-full\">\n<div class=\"relative p-1 rounded-sm flex items-center justify-center bg-token-main-surface-primary text-token-text-primary h-8 w-8\"><\/div>\n<\/div>\n<\/div>\n<\/div>\n<\/div>\n<div class=\"group\/conversation-turn relative flex w-full min-w-0 flex-col agent-turn\">\n<div class=\"flex-col gap-1 md:gap-3\">\n<div class=\"flex max-w-full flex-col flex-grow\">\n<div class=\"min-h-8 text-message flex w-full flex-col items-end gap-2 whitespace-normal break-words [.text-message+&amp;]:mt-5\" dir=\"auto\" data-message-author-role=\"assistant\" data-message-id=\"f226d3fc-81f3-46d5-8c46-31787fff0357\">\n<div class=\"flex w-full flex-col gap-1 empty:hidden first:pt-[3px]\">\n<div class=\"markdown prose w-full break-words dark:prose-invert light\">\n<p><strong>1.Hur m\u00e5nga bloss ger WASPE 15000 PUFFS Digital Box eng\u00e5ngsvape?<\/strong><br \/>\nWASPE 15000 Digital Box ger upp till 15000 bloss, vilket vida \u00f6verstiger kapaciteten hos typiska eng\u00e5ngsvapes.<\/p>\n<p><strong>2.Vilka smaker finns tillg\u00e4ngliga i WASPE 15000 Digital Box eng\u00e5ngsvape?<\/strong><br \/>\nPopul\u00e4ra smaker inkluderar Vattenmelon Is, Bl\u00e5b\u00e4r Is, Jordgubbs Hallon K\u00f6rsb\u00e4r, Blandade B\u00e4r etc.<\/p>\n<p><strong>3.\u00c4r WASPE 15000 Digital Box l\u00e4mplig f\u00f6r nyb\u00f6rjare?<\/strong><br \/>\nJa, WASPE 15000 Digital Box \u00e4r perfekt f\u00f6r nyb\u00f6rjare med sin enkla, knappl\u00f6sa design \u2013 bara andas in f\u00f6r att b\u00f6rja vejpa.<\/p>\n<p><strong>4.Hur ska jag f\u00f6rvara min WASPE 15000 Digital Box eng\u00e5ngsvape?<\/strong><br \/>\nF\u00f6rvara din enhet p\u00e5 en sval, torr plats, borta fr\u00e5n direkt solljus och utom r\u00e4ckh\u00e5ll f\u00f6r barn och husdjur.<\/p>\n<p><strong>5.Hur l\u00e4nge h\u00e5ller WASPE 15000 Digital Box?<\/strong><br \/>\nMed en kapacitet p\u00e5 15 000 bloss kan WASPE 15000 Digital Box r\u00e4cka i flera veckor, beroende p\u00e5 anv\u00e4ndning.<\/p>\n<\/div>\n<\/div>\n<\/div>\n<\/div>\n<\/div>\n<\/div>\n<p>&nbsp;<\/p>\n<h3><b>VANLIGA FR\u00c5GOR OCH SVAR<\/b><\/h3>\n<p>&nbsp;<\/p>\n<div class=\"flex-shrink-0 flex flex-col relative items-end\">\n<div>\n<div class=\"pt-0\">\n<div class=\"gizmo-bot-avatar flex h-8 w-8 items-center justify-center overflow-hidden rounded-full\">\n<div class=\"relative p-1 rounded-sm flex items-center justify-center bg-token-main-surface-primary text-token-text-primary h-8 w-8\"><strong>Vilka frakts\u00e4tt anv\u00e4nds?<\/strong><\/div>\n<\/div>\n<\/div>\n<\/div>\n<\/div>\n<div class=\"group\/conversation-turn relative flex w-full min-w-0 flex-col agent-turn\">\n<div class=\"flex-col gap-1 md:gap-3\">\n<div class=\"flex max-w-full flex-col flex-grow\">\n<div class=\"min-h-[20px] text-message flex w-full flex-col items-end gap-2 whitespace-normal break-words [.text-message+&amp;]:mt-5 overflow-x-auto\" dir=\"auto\" data-message-author-role=\"assistant\" data-message-id=\"22f8283b-3233-46ff-89a5-c7a41b33abda\">\n<div class=\"flex w-full flex-col gap-1 empty:hidden first:pt-[3px]\">\n<div class=\"markdown prose w-full break-words dark:prose-invert light\">\n<p>Vi samarbetar med UPS, DHL, FedEx, DPD och andra ledande transport\u00f6rer. Vi v\u00e4ljer det b\u00e4sta frakts\u00e4ttet baserat p\u00e5 din leveransadress f\u00f6r att s\u00e4kerst\u00e4lla att du f\u00e5r dina produkter s\u00e5 snabbt som m\u00f6jligt.<\/p>\n<\/div>\n<p><strong>Hur l\u00e5ng tid tar det att komma fram?<\/strong><\/p>\n<p>Paket som skickas till Sverige anl\u00e4nder vanligtvis inom 10 arbetsdagar. Leveranser till europeiska l\u00e4nder tar generellt cirka 12-15 arbetsdagar. Vi kommer att ge uppdateringar i realtid om din leveransstatus.<\/p>\n<\/div>\n<p><strong>Garanti<\/strong><\/p>\n<p><span style=\"color: #ff0000\"><strong>Alla produkter i v\u00e5r butik garanteras vara 100% original och \u00e4kta. Vi erbjuder 10 g\u00e5nger ers\u00e4ttning f\u00f6r f\u00f6rfalskade varor!<\/strong><\/span><\/p>\n<div class=\"flex w-full flex-col gap-1 empty:hidden first:pt-[3px]\">\n<p>&nbsp;<\/p>\n<\/div>\n<\/div>\n<\/div>\n<\/div>\n<\/div>\n<p>&nbsp;<\/p>\n<p>Andra popul\u00e4ra vapes du kanske gillar:<\/p>\n<p>&nbsp;<\/p>\n<p><a href=\"https:\/\/rmvapesale.com\/sv\/product\/original-randm-vape-digital-puff-12000-fumot-factory-price\/\"><strong>Randm Digital 12000 Puffs<\/strong><\/a><\/p>\n<p><strong><a href=\"https:\/\/rmvapesale.com\/sv\/product\/waspe-25000-puffs-disposable-vape-rechargeable-hot-sale\/\">Waspe 25000 puffar <\/a><\/strong><\/p>\n<p><a href=\"https:\/\/rmvapesale.com\/sv\/product\/waspe-12000-puffs-disposable-vape-pen\/\"><strong>WASPE 12000 puffar\u00a0<\/strong><\/a><\/p>\n<p><a href=\"https:\/\/rmvapesale.com\/sv\/product\/vapme-crystal-7000-puffs-rechargeable-disposable-vape-price\/\"><strong>Vapme Crystal 7000 Puffar<\/strong><\/a><\/p>\n<p>&nbsp;<\/p>\n<p>&nbsp;<\/p>\n<p>Hitta fler vape-produkter du kanske gillar:<strong><em><a href=\"https:\/\/rmvapesale.com\/sv\/shop-2\/\">handla nu &gt;&gt;&gt;<\/a><\/em><\/strong><\/p>","protected":false},"excerpt":{"rendered":"<p>WASPE Digital 15000 Box erbjuder upp till 15000 puffar, medan den smarta displayen g\u00f6r det enkelt att h\u00e5lla koll p\u00e5 batteriinformationen. Denna eng\u00e5ngsvape drivs av ett laddningsbart, l\u00e5ngvarigt batteri och levererar rika, livfulla smaker och mjuk \u00e5ngproduktion vid varje puff.<\/p>\n<p><strong>Kontakta Amy f\u00f6r mer rabatt och r\u00e4tt svar<\/strong><\/p>\n<p><img loading=\"lazy\" decoding=\"async\" class=\"size-full wp-image-1978\" src=\"https:\/\/rmvapesale.com\/wp-content\/uploads\/2024\/09\/Disposable-Vape-Wholesale.jpg\" alt=\"Eng\u00e5ngsvape Partihandel\" width=\"229\" height=\"300\" \/><\/p>\n<h3><span style=\"color: #ff0000\"><strong>WhatsApp: +86 17776015835<\/strong><\/span><\/h3>","protected":false},"featured_media":2209,"comment_status":"open","ping_status":"closed","template":"","meta":{"_uag_custom_page_level_css":"","_lmt_disableupdate":"no","_lmt_disable":"","site-sidebar-layout":"default","site-content-layout":"content-boxed-container","ast-site-content-layout":"normal-width-container","site-content-style":"boxed","site-sidebar-style":"unboxed","ast-global-header-display":"","ast-banner-title-visibility":"","ast-main-header-display":"","ast-hfb-above-header-display":"","ast-hfb-below-header-display":"","ast-hfb-mobile-header-display":"","site-post-title":"","ast-breadcrumbs-content":"","ast-featured-img":"","footer-sml-layout":"","ast-disable-related-posts":"","theme-transparent-header-meta":"default","adv-header-id-meta":"","stick-header-meta":"","header-above-stick-meta":"","header-main-stick-meta":"","header-below-stick-meta":"","astra-migrate-meta-layouts":"set","ast-page-background-enabled":"default","ast-page-background-meta":{"desktop":{"background-color":"var(--ast-global-color-4)","background-image":"","background-repeat":"repeat","background-position":"center center","background-size":"auto","background-attachment":"scroll","background-type":"","background-media":"","overlay-type":"","overlay-color":"","overlay-opacity":"","overlay-gradient":""},"tablet":{"background-color":"","background-image":"","background-repeat":"repeat","background-position":"center center","background-size":"auto","background-attachment":"scroll","background-type":"","background-media":"","overlay-type":"","overlay-color":"","overlay-opacity":"","overlay-gradient":""},"mobile":{"background-color":"","background-image":"","background-repeat":"repeat","background-position":"center center","background-size":"auto","background-attachment":"scroll","background-type":"","background-media":"","overlay-type":"","overlay-color":"","overlay-opacity":"","overlay-gradient":""}},"ast-content-background-meta":{"desktop":{"background-color":"var(--ast-global-color-5)","background-image":"","background-repeat":"repeat","background-position":"center center","background-size":"auto","background-attachment":"scroll","background-type":"","background-media":"","overlay-type":"","overlay-color":"","overlay-opacity":"","overlay-gradient":""},"tablet":{"background-color":"var(--ast-global-color-5)","background-image":"","background-repeat":"repeat","background-position":"center center","background-size":"auto","background-attachment":"scroll","background-type":"","background-media":"","overlay-type":"","overlay-color":"","overlay-opacity":"","overlay-gradient":""},"mobile":{"background-color":"var(--ast-global-color-5)","background-image":"","background-repeat":"repeat","background-position":"center center","background-size":"auto","background-attachment":"scroll","background-type":"","background-media":"","overlay-type":"","overlay-color":"","overlay-opacity":"","overlay-gradient":""}},"_joinchat":[]},"product_brand":[],"product_cat":[15,61,289,292,291,27,25,123,293,30,26,28,295,137,296,299,136,135,274],"product_tag":[108,99,101,105,54,109,107],"class_list":{"0":"post-2211","1":"product","2":"type-product","3":"status-publish","4":"has-post-thumbnail","6":"product_cat-new-vape-this-week","7":"product_cat-15000-puffs-disposable-vapes","8":"product_cat-big-puffs-disposable-vapes","9":"product_cat-digital-disposable-vapes","10":"product_cat-dual-mesh-disposable-vapes","11":"product_cat-fance-hot-sale-vape","12":"product_cat-germany-best-selling-vape","13":"product_cat-italy-wholesale-vape","14":"product_cat-low-nicotine-disposable-vapes","15":"product_cat-minimum-order-quantity-50pcs","16":"product_cat-netherlands-hot-sale-vape","17":"product_cat-poland-hot-sale-vape","18":"product_cat-rechargeable-disposable-vapes","19":"product_cat-rechargeable-vapes","20":"product_cat-shisha-hookah-disposable-vapes","21":"product_cat-smart-screen-disposable-vapes","22":"product_cat-smart-screen-vapes","23":"product_cat-spain-best-hot-sale-vape","24":"product_cat-waspe-fihp-vape","25":"product_tag-digital-disposable-vape","26":"product_tag-disposable-vape-wholesale","27":"product_tag-led-display-vape","28":"product_tag-nicotine-free-disposable-vape","29":"product_tag-rechargeable-disposable-vape","30":"product_tag-smart-screen-vape","31":"product_tag-waspe-15000-puffs-digital","32":"desktop-align-left","33":"tablet-align-left","34":"mobile-align-left","36":"first","37":"instock","38":"sale","39":"shipping-taxable","40":"purchasable","41":"product-type-simple"},"uagb_featured_image_src":{"full":["https:\/\/rmvapesale.com\/wp-content\/uploads\/2024\/09\/WASPE-Digital-Box-15000-Puffs-Vape.jpg",808,808,false],"thumbnail":["https:\/\/rmvapesale.com\/wp-content\/uploads\/2024\/09\/WASPE-Digital-Box-15000-Puffs-Vape-150x150.jpg",150,150,true],"medium":["https:\/\/rmvapesale.com\/wp-content\/uploads\/2024\/09\/WASPE-Digital-Box-15000-Puffs-Vape-300x300.jpg",300,300,true],"medium_large":["https:\/\/rmvapesale.com\/wp-content\/uploads\/2024\/09\/WASPE-Digital-Box-15000-Puffs-Vape-768x768.jpg",768,768,true],"large":["https:\/\/rmvapesale.com\/wp-content\/uploads\/2024\/09\/WASPE-Digital-Box-15000-Puffs-Vape.jpg",808,808,false],"1536x1536":["https:\/\/rmvapesale.com\/wp-content\/uploads\/2024\/09\/WASPE-Digital-Box-15000-Puffs-Vape.jpg",808,808,false],"2048x2048":["https:\/\/rmvapesale.com\/wp-content\/uploads\/2024\/09\/WASPE-Digital-Box-15000-Puffs-Vape.jpg",808,808,false],"trp-custom-language-flag":["https:\/\/rmvapesale.com\/wp-content\/uploads\/2024\/09\/WASPE-Digital-Box-15000-Puffs-Vape.jpg",12,12,false],"woocommerce_thumbnail":["https:\/\/rmvapesale.com\/wp-content\/uploads\/2024\/09\/WASPE-Digital-Box-15000-Puffs-Vape-300x300.jpg",300,300,true],"woocommerce_single":["https:\/\/rmvapesale.com\/wp-content\/uploads\/2024\/09\/WASPE-Digital-Box-15000-Puffs-Vape-600x600.jpg",600,600,true],"woocommerce_gallery_thumbnail":["https:\/\/rmvapesale.com\/wp-content\/uploads\/2024\/09\/WASPE-Digital-Box-15000-Puffs-Vape-100x100.jpg",100,100,true],"wcpr-photo-reviews":["https:\/\/rmvapesale.com\/wp-content\/uploads\/2024\/09\/WASPE-Digital-Box-15000-Puffs-Vape.jpg",500,500,false]},"uagb_author_info":{"display_name":"AMY","author_link":"https:\/\/rmvapesale.com\/sv\/author\/"},"uagb_comment_info":0,"uagb_excerpt":"The WASPE Digital 15000 Box offers up to 15000 puffs vaping, while the smart display allows easy tracking of battery info. Powered by a rechargeable, long-lasting battery, this disposable vape device delivers rich, vibrant flavors and smooth vapor production with every puff. Contact Amy For More Discount And Right Reply WhatsApp: +86 17776015835","_links":{"self":[{"href":"https:\/\/rmvapesale.com\/sv\/wp-json\/wp\/v2\/product\/2211","targetHints":{"allow":["GET"]}}],"collection":[{"href":"https:\/\/rmvapesale.com\/sv\/wp-json\/wp\/v2\/product"}],"about":[{"href":"https:\/\/rmvapesale.com\/sv\/wp-json\/wp\/v2\/types\/product"}],"replies":[{"embeddable":true,"href":"https:\/\/rmvapesale.com\/sv\/wp-json\/wp\/v2\/comments?post=2211"}],"wp:featuredmedia":[{"embeddable":true,"href":"https:\/\/rmvapesale.com\/sv\/wp-json\/wp\/v2\/media\/2209"}],"wp:attachment":[{"href":"https:\/\/rmvapesale.com\/sv\/wp-json\/wp\/v2\/media?parent=2211"}],"wp:term":[{"taxonomy":"product_brand","embeddable":true,"href":"https:\/\/rmvapesale.com\/sv\/wp-json\/wp\/v2\/product_brand?post=2211"},{"taxonomy":"product_cat","embeddable":true,"href":"https:\/\/rmvapesale.com\/sv\/wp-json\/wp\/v2\/product_cat?post=2211"},{"taxonomy":"product_tag","embeddable":true,"href":"https:\/\/rmvapesale.com\/sv\/wp-json\/wp\/v2\/product_tag?post=2211"}],"curies":[{"name":"wp","href":"https:\/\/api.w.org\/{rel}","templated":true}]}}