{"id":2225,"date":"2024-09-29T06:12:42","date_gmt":"2024-09-29T06:12:42","guid":{"rendered":"https:\/\/rmvapesale.com\/?post_type=product&#038;p=2225"},"modified":"2025-01-21T09:51:23","modified_gmt":"2025-01-21T09:51:23","slug":"uzy-crystal-pro-max-10k-puffs-disposable-vape-pen-wholesale","status":"publish","type":"product","link":"https:\/\/rmvapesale.com\/sv\/product\/uzy-crystal-pro-max-10k-puffs-disposable-vape-pen-wholesale\/","title":{"rendered":"UZY Crystal Pro Max 10k Puffs Eng\u00e5ngsvape Penna Partihandel"},"content":{"rendered":"<div class=\"B2VR9 CJHX3e\">\n<div class=\"wyccme\">\n<h1 class=\"LC20lb MBeuO DKV0Md\">UZY Crystal Pro Max 10k Puffs Eng\u00e5ngsvape Penna Partihandel<\/h1>\n<p>Vi presenterar UZY Crystal Pro Max 10k Puffs, en uppladdningsbar eng\u00e5ngspod som erbjuder imponerande 10 000 bloss. Finns i nikotinstyrkorna 0%, 2%, 3% och 5%, vilket tillgodoser ett brett spektrum av preferenser. UZY Crystal Pro Max uppladdningsbara design ger en ut\u00f6kad vapingupplevelse f\u00f6re kassering, vilket erbjuder b\u00e5de bekv\u00e4mlighet och tillf\u00f6rlitlighet. Oavsett om du s\u00f6ker ett nikotinfritt alternativ eller en starkare tr\u00e4ff, garanterar denna m\u00e5ngsidiga enhet tillfredsst\u00e4llelse med varje bloss.<\/p>\n<p>Utforska en v\u00e4rld av lyx, bekv\u00e4mlighet och l\u00e4ckra smaker med UZY Crystal Pro Max 10000 Eng\u00e5ngs Vapes. F\u00f6r grossistf\u00f6rfr\u00e5gningar, kontakta v\u00e5rt team f\u00f6r att l\u00e5sa upp exklusiva priser och omdefiniera din vapingupplevelse med sofistikering och prisv\u00e4rdhet.<\/p>\n<\/div>\n<\/div>\n<p><strong>Kontakta Amy f\u00f6r att f\u00e5 r\u00e4tt svar och fler produktvideor!<\/strong><\/p>\n<p><img loading=\"lazy\" decoding=\"async\" class=\"size-full wp-image-1978\" src=\"https:\/\/rmvapesale.com\/wp-content\/uploads\/2024\/09\/Disposable-Vape-Wholesale.jpg\" alt=\"Eng\u00e5ngsvape Partihandel\" width=\"229\" height=\"300\" \/><\/p>\n<h3><span style=\"color: #ff0000\"><strong>WhatsApp: +86 17776015835<\/strong><\/span><\/h3>\n<p>&nbsp;<\/p>\n<h2><\/h2>\n<h2><strong>UZY Crystal 10k Puffs Viktiga funktioner<\/strong><\/h2>\n<p>&nbsp;<\/p>\n<p>Bloss: 15000 Bloss<br \/>\nV\u00e4tska: 15.0ML<br \/>\nBatteri: 600mAh<br \/>\nUSB: TYPE-C<br \/>\nSalt nikotin :0% 2% 3% 5%(valfritt)<\/p>\n<h2><\/h2>\n<h2><strong>Toppsmak f\u00f6r UZY Crystal Pro Max 10k Puffs<\/strong><\/h2>\n<p>UZY Crystal Pro Max 10k Puffs Eng\u00e5ngs Vape erbjuder 12 l\u00e4ckra smaker, v\u00e4lj fr\u00e5n en m\u00e4ngd olika smaker, inklusive klassisk tobak, uppfriskande cool mint och den exotiska s\u00f6tman av mango, var och en lovar en rik, tillfredsst\u00e4llande resa med varje bloss.<\/p>\n<p>1.Persika Mango Ananas<span style=\"color: #ff0000\"><strong>&gt;&gt;&gt;&gt;Het!<\/strong><\/span><br \/>\n2.Jordgubb Vattenmelon<br \/>\n3.R\u00f6d Energi Is<span style=\"color: #ff0000\"><strong>&gt;&gt;&gt;&gt;Het!<\/strong><\/span><br \/>\n4.Jordgubb Mango<br \/>\n5. Bl\u00e5b\u00e4r Hallon<span style=\"color: #ff0000\"><strong>&gt;&gt;&gt;&gt;B\u00e4st!<\/strong><\/span><br \/>\n6.Trippelb\u00e4r Is<br \/>\n7. Vattenmelon Is<br \/>\n8. Trippel Druva Is<br \/>\n9. Bl\u00e5b\u00e4r Is<br \/>\n10.Persikois<br \/>\n11. Skittles<br \/>\n12. Vattenmelon Tuggummi<\/p>\n<div class=\"mceTemp\"><\/div>\n<figure id=\"attachment_2219\" aria-describedby=\"caption-attachment-2219\" style=\"width: 300px\" class=\"wp-caption alignnone\"><img loading=\"lazy\" decoding=\"async\" class=\"size-medium wp-image-2219\" src=\"https:\/\/rmvapesale.com\/wp-content\/uploads\/2024\/09\/UZY-Crystal-10k-300x300.png\" alt=\"UZY Crystal 10k\" width=\"300\" height=\"300\" srcset=\"https:\/\/rmvapesale.com\/wp-content\/uploads\/2024\/09\/UZY-Crystal-10k-300x300.png 300w, https:\/\/rmvapesale.com\/wp-content\/uploads\/2024\/09\/UZY-Crystal-10k-150x150.png 150w, https:\/\/rmvapesale.com\/wp-content\/uploads\/2024\/09\/UZY-Crystal-10k-768x768.png 768w, https:\/\/rmvapesale.com\/wp-content\/uploads\/2024\/09\/UZY-Crystal-10k-600x600.png 600w, https:\/\/rmvapesale.com\/wp-content\/uploads\/2024\/09\/UZY-Crystal-10k-100x100.png 100w, https:\/\/rmvapesale.com\/wp-content\/uploads\/2024\/09\/UZY-Crystal-10k.png 808w\" sizes=\"auto, (max-width: 300px) 100vw, 300px\" \/><figcaption id=\"caption-attachment-2219\" class=\"wp-caption-text\">UZY Crystal 10k<\/figcaption><\/figure>\n<p>&nbsp;<\/p>\n<h2><strong>Fr\u00e5gor du kanske vill veta om Uzy Crystal Pro Max 10000<\/strong><\/h2>\n<p>&nbsp;<\/p>\n<div class=\"flex-shrink-0 flex flex-col relative items-end\">\n<div>\n<div class=\"pt-0\">\n<div class=\"gizmo-bot-avatar flex h-8 w-8 items-center justify-center overflow-hidden rounded-full\">\n<div class=\"relative p-1 rounded-sm flex items-center justify-center bg-token-main-surface-primary text-token-text-primary h-8 w-8\"><\/div>\n<\/div>\n<\/div>\n<\/div>\n<\/div>\n<div class=\"group\/conversation-turn relative flex w-full min-w-0 flex-col agent-turn\">\n<div class=\"flex-col gap-1 md:gap-3\">\n<div class=\"flex max-w-full flex-col flex-grow\">\n<div class=\"min-h-8 text-message flex w-full flex-col items-end gap-2 whitespace-normal break-words [.text-message+&amp;]:mt-5\" dir=\"auto\" data-message-author-role=\"assistant\" data-message-id=\"f226d3fc-81f3-46d5-8c46-31787fff0357\">\n<div class=\"flex w-full flex-col gap-1 empty:hidden first:pt-[3px]\">\n<div class=\"markdown prose w-full break-words dark:prose-invert light\">\n<p><strong>1. Hur m\u00e5nga bloss ger Uzy Crystal Pro Max 10000 <\/strong><strong>Bloss Digital eng\u00e5ngs vape?<\/strong><br \/>\nUzy Crystal Pro Max 10000 levererar upp till 10000 bloss, vilket vida \u00f6verstiger kapaciteten hos typiska eng\u00e5ngs vapes.<\/p>\n<p><strong>2. Vilka smaker finns tillg\u00e4ngliga i den eng\u00e5ngs vape-pennan?<\/strong><br \/>\nPopul\u00e4ra smaker inkluderar Vattenmelon Is, Bl\u00e5b\u00e4r Is, Jordgubbs Hallon K\u00f6rsb\u00e4r, Blandade B\u00e4r etc.<\/p>\n<p><strong>3. \u00c4r den l\u00e4mplig f\u00f6r nyb\u00f6rjare?<\/strong><br \/>\nJa, den \u00e4r perfekt f\u00f6r nyb\u00f6rjare med sin enkla, knappfria design \u2013 bara inhalera f\u00f6r att b\u00f6rja vejpa.<\/p>\n<p><strong>4.Hur ska jag f\u00f6rvara min eng\u00e5ngsvape?<\/strong><br \/>\nF\u00f6rvara din enhet p\u00e5 en sval, torr plats, borta fr\u00e5n direkt solljus och utom r\u00e4ckh\u00e5ll f\u00f6r barn och husdjur.<\/p>\n<p><strong>5. Hur l\u00e4nge r\u00e4cker V?<\/strong><br \/>\nMed en kapacitet p\u00e5 10 000 bloss kan Uzy Crystal Pro Max 10000 r\u00e4cka i flera veckor, beroende p\u00e5 anv\u00e4ndning.<\/p>\n<\/div>\n<\/div>\n<\/div>\n<\/div>\n<\/div>\n<\/div>\n<p>&nbsp;<\/p>\n<h3><b>VANLIGA FR\u00c5GOR OCH SVAR<\/b><\/h3>\n<p>&nbsp;<\/p>\n<div class=\"flex-shrink-0 flex flex-col relative items-end\">\n<div>\n<div class=\"pt-0\">\n<div class=\"gizmo-bot-avatar flex h-8 w-8 items-center justify-center overflow-hidden rounded-full\">\n<div class=\"relative p-1 rounded-sm flex items-center justify-center bg-token-main-surface-primary text-token-text-primary h-8 w-8\"><strong>Vilka frakts\u00e4tt anv\u00e4nds?<\/strong><\/div>\n<\/div>\n<\/div>\n<\/div>\n<\/div>\n<div class=\"group\/conversation-turn relative flex w-full min-w-0 flex-col agent-turn\">\n<div class=\"flex-col gap-1 md:gap-3\">\n<div class=\"flex max-w-full flex-col flex-grow\">\n<div class=\"min-h-[20px] text-message flex w-full flex-col items-end gap-2 whitespace-normal break-words [.text-message+&amp;]:mt-5 overflow-x-auto\" dir=\"auto\" data-message-author-role=\"assistant\" data-message-id=\"22f8283b-3233-46ff-89a5-c7a41b33abda\">\n<div class=\"flex w-full flex-col gap-1 empty:hidden first:pt-[3px]\">\n<div class=\"markdown prose w-full break-words dark:prose-invert light\">\n<p>Vi samarbetar med UPS, DHL, FedEx, DPD och andra ledande transport\u00f6rer. Vi v\u00e4ljer det b\u00e4sta frakts\u00e4ttet baserat p\u00e5 din leveransadress f\u00f6r att s\u00e4kerst\u00e4lla att du f\u00e5r dina produkter s\u00e5 snabbt som m\u00f6jligt.<\/p>\n<\/div>\n<p><strong>Hur l\u00e5ng tid tar det att komma fram?<\/strong><\/p>\n<p>Paket som skickas till Sverige anl\u00e4nder vanligtvis inom 10 arbetsdagar. Leveranser till europeiska l\u00e4nder tar generellt cirka 12-15 arbetsdagar. Vi kommer att ge uppdateringar i realtid om din leveransstatus.<\/p>\n<\/div>\n<p><strong>Garanti<\/strong><\/p>\n<p><span style=\"color: #ff0000\"><strong>Alla produkter i v\u00e5r butik garanteras vara 100% original och \u00e4kta. Vi erbjuder 10 g\u00e5nger ers\u00e4ttning f\u00f6r f\u00f6rfalskade varor!<\/strong><\/span><\/p>\n<div class=\"flex w-full flex-col gap-1 empty:hidden first:pt-[3px]\">\n<p>&nbsp;<\/p>\n<\/div>\n<\/div>\n<\/div>\n<\/div>\n<\/div>\n<p>&nbsp;<\/p>\n<p>Andra popul\u00e4ra vapes du kanske gillar:<\/p>\n<p>&nbsp;<\/p>\n<p><a href=\"https:\/\/rmvapesale.com\/sv\/product\/original-randm-vape-digital-puff-12000-fumot-factory-price\/\"><strong>VOZOL Gear 20000 Puffar<\/strong><\/a><\/p>\n<p><strong><a href=\"https:\/\/rmvapesale.com\/sv\/product\/randm-tornado-15000-puffs-15k-vape-recharge-fumot-original-vape-factory-price\/\">VOPK Tornado 15000 Puffs <\/a><\/strong><\/p>\n<p><a href=\"https:\/\/rmvapesale.com\/sv\/product\/vapme-crystal-7000-puffs-rechargeable-disposable-vape-price\/\"><strong>Vapme Crystal 7000 Puffar<\/strong><\/a><\/p>\n<p>&nbsp;<\/p>\n<p>&nbsp;<\/p>\n<p>Hitta fler vape-produkter du kanske gillar:<strong><em><a href=\"https:\/\/rmvapesale.com\/sv\/shop-2\/\">handla nu &gt;&gt;&gt;<\/a><\/em><\/strong><\/p>","protected":false},"excerpt":{"rendered":"<p>UZY Crystal Pro Max 10k Puffs Toppsmak i lager<br \/>\n\u00c4kta UZY Crystal Pro Max 10000 Grossist<br \/>\nUZY Crystal Pro Max 10k Puffs 0% 2% 3% 5% Nikotin<\/p>\n<p><strong>Kontakta Amy f\u00f6r mer rabatt och r\u00e4tt svar<\/strong><\/p>\n<p><img loading=\"lazy\" decoding=\"async\" class=\"size-full wp-image-1978\" src=\"https:\/\/rmvapesale.com\/wp-content\/uploads\/2024\/09\/Disposable-Vape-Wholesale.jpg\" alt=\"Eng\u00e5ngsvape Partihandel\" width=\"229\" height=\"300\" \/><\/p>\n<h3><span style=\"color: #ff0000\"><strong>WhatsApp: +86 17776015835<\/strong><\/span><\/h3>","protected":false},"featured_media":2221,"comment_status":"open","ping_status":"closed","template":"","meta":{"_uag_custom_page_level_css":"","_lmt_disableupdate":"no","_lmt_disable":"","site-sidebar-layout":"default","site-content-layout":"content-boxed-container","ast-site-content-layout":"normal-width-container","site-content-style":"boxed","site-sidebar-style":"unboxed","ast-global-header-display":"","ast-banner-title-visibility":"","ast-main-header-display":"","ast-hfb-above-header-display":"","ast-hfb-below-header-display":"","ast-hfb-mobile-header-display":"","site-post-title":"","ast-breadcrumbs-content":"","ast-featured-img":"","footer-sml-layout":"","theme-transparent-header-meta":"default","adv-header-id-meta":"","stick-header-meta":"","header-above-stick-meta":"","header-main-stick-meta":"","header-below-stick-meta":"","astra-migrate-meta-layouts":"set","ast-page-background-enabled":"default","ast-page-background-meta":{"desktop":{"background-color":"var(--ast-global-color-4)","background-image":"","background-repeat":"repeat","background-position":"center center","background-size":"auto","background-attachment":"scroll","background-type":"","background-media":"","overlay-type":"","overlay-color":"","overlay-opacity":"","overlay-gradient":""},"tablet":{"background-color":"","background-image":"","background-repeat":"repeat","background-position":"center center","background-size":"auto","background-attachment":"scroll","background-type":"","background-media":"","overlay-type":"","overlay-color":"","overlay-opacity":"","overlay-gradient":""},"mobile":{"background-color":"","background-image":"","background-repeat":"repeat","background-position":"center center","background-size":"auto","background-attachment":"scroll","background-type":"","background-media":"","overlay-type":"","overlay-color":"","overlay-opacity":"","overlay-gradient":""}},"ast-content-background-meta":{"desktop":{"background-color":"var(--ast-global-color-5)","background-image":"","background-repeat":"repeat","background-position":"center center","background-size":"auto","background-attachment":"scroll","background-type":"","background-media":"","overlay-type":"","overlay-color":"","overlay-opacity":"","overlay-gradient":""},"tablet":{"background-color":"var(--ast-global-color-5)","background-image":"","background-repeat":"repeat","background-position":"center center","background-size":"auto","background-attachment":"scroll","background-type":"","background-media":"","overlay-type":"","overlay-color":"","overlay-opacity":"","overlay-gradient":""},"mobile":{"background-color":"var(--ast-global-color-5)","background-image":"","background-repeat":"repeat","background-position":"center center","background-size":"auto","background-attachment":"scroll","background-type":"","background-media":"","overlay-type":"","overlay-color":"","overlay-opacity":"","overlay-gradient":""}},"_joinchat":[]},"product_brand":[],"product_cat":[15,290,291,293,295,299,287,271,25,123,26,28,135,27,61,137,136,30],"product_tag":[112,99,111,105,54],"class_list":{"0":"post-2225","1":"product","2":"type-product","3":"status-publish","4":"has-post-thumbnail","6":"product_cat-new-vape-this-week","7":"product_cat-crystal-disposable-vapes","8":"product_cat-dual-mesh-disposable-vapes","9":"product_cat-low-nicotine-disposable-vapes","10":"product_cat-rechargeable-disposable-vapes","11":"product_cat-smart-screen-disposable-vapes","12":"product_cat-uzy-vape","13":"product_cat-10000-puff-disposable-vape","14":"product_cat-germany-best-selling-vape","15":"product_cat-italy-wholesale-vape","16":"product_cat-netherlands-hot-sale-vape","17":"product_cat-poland-hot-sale-vape","18":"product_cat-spain-best-hot-sale-vape","19":"product_cat-fance-hot-sale-vape","20":"product_cat-15000-puffs-disposable-vapes","21":"product_cat-rechargeable-vapes","22":"product_cat-smart-screen-vapes","23":"product_cat-minimum-order-quantity-50pcs","24":"product_tag-crystal-pro-max","25":"product_tag-disposable-vape-wholesale","26":"product_tag-low-nicotine-disposable-vape","27":"product_tag-nicotine-free-disposable-vape","28":"product_tag-rechargeable-disposable-vape","29":"desktop-align-left","30":"tablet-align-left","31":"mobile-align-left","33":"first","34":"instock","35":"sale","36":"shipping-taxable","37":"purchasable","38":"product-type-simple"},"uagb_featured_image_src":{"full":["https:\/\/rmvapesale.com\/wp-content\/uploads\/2024\/09\/UZY-Crystal-Pro-Max-10k-puffs-Disposable-Vape.jpg",800,800,false],"thumbnail":["https:\/\/rmvapesale.com\/wp-content\/uploads\/2024\/09\/UZY-Crystal-Pro-Max-10k-puffs-Disposable-Vape-150x150.jpg",150,150,true],"medium":["https:\/\/rmvapesale.com\/wp-content\/uploads\/2024\/09\/UZY-Crystal-Pro-Max-10k-puffs-Disposable-Vape-300x300.jpg",300,300,true],"medium_large":["https:\/\/rmvapesale.com\/wp-content\/uploads\/2024\/09\/UZY-Crystal-Pro-Max-10k-puffs-Disposable-Vape-768x768.jpg",768,768,true],"large":["https:\/\/rmvapesale.com\/wp-content\/uploads\/2024\/09\/UZY-Crystal-Pro-Max-10k-puffs-Disposable-Vape.jpg",800,800,false],"1536x1536":["https:\/\/rmvapesale.com\/wp-content\/uploads\/2024\/09\/UZY-Crystal-Pro-Max-10k-puffs-Disposable-Vape.jpg",800,800,false],"2048x2048":["https:\/\/rmvapesale.com\/wp-content\/uploads\/2024\/09\/UZY-Crystal-Pro-Max-10k-puffs-Disposable-Vape.jpg",800,800,false],"trp-custom-language-flag":["https:\/\/rmvapesale.com\/wp-content\/uploads\/2024\/09\/UZY-Crystal-Pro-Max-10k-puffs-Disposable-Vape.jpg",12,12,false],"woocommerce_thumbnail":["https:\/\/rmvapesale.com\/wp-content\/uploads\/2024\/09\/UZY-Crystal-Pro-Max-10k-puffs-Disposable-Vape-300x300.jpg",300,300,true],"woocommerce_single":["https:\/\/rmvapesale.com\/wp-content\/uploads\/2024\/09\/UZY-Crystal-Pro-Max-10k-puffs-Disposable-Vape-600x600.jpg",600,600,true],"woocommerce_gallery_thumbnail":["https:\/\/rmvapesale.com\/wp-content\/uploads\/2024\/09\/UZY-Crystal-Pro-Max-10k-puffs-Disposable-Vape-100x100.jpg",100,100,true],"wcpr-photo-reviews":["https:\/\/rmvapesale.com\/wp-content\/uploads\/2024\/09\/UZY-Crystal-Pro-Max-10k-puffs-Disposable-Vape.jpg",500,500,false]},"uagb_author_info":{"display_name":"AMY","author_link":"https:\/\/rmvapesale.com\/sv\/author\/"},"uagb_comment_info":0,"uagb_excerpt":"UZY Crystal Pro Max 10k Puffs Top Flavour in Stock Authentic UZY Crystal Pro Max 10000 Wholesale UZY Crystal Pro Max 10k Puffs 0% 2% 3% 5% Nicotine Contact Amy For More Discount And Right Reply WhatsApp: +86 17776015835","_links":{"self":[{"href":"https:\/\/rmvapesale.com\/sv\/wp-json\/wp\/v2\/product\/2225","targetHints":{"allow":["GET"]}}],"collection":[{"href":"https:\/\/rmvapesale.com\/sv\/wp-json\/wp\/v2\/product"}],"about":[{"href":"https:\/\/rmvapesale.com\/sv\/wp-json\/wp\/v2\/types\/product"}],"replies":[{"embeddable":true,"href":"https:\/\/rmvapesale.com\/sv\/wp-json\/wp\/v2\/comments?post=2225"}],"wp:featuredmedia":[{"embeddable":true,"href":"https:\/\/rmvapesale.com\/sv\/wp-json\/wp\/v2\/media\/2221"}],"wp:attachment":[{"href":"https:\/\/rmvapesale.com\/sv\/wp-json\/wp\/v2\/media?parent=2225"}],"wp:term":[{"taxonomy":"product_brand","embeddable":true,"href":"https:\/\/rmvapesale.com\/sv\/wp-json\/wp\/v2\/product_brand?post=2225"},{"taxonomy":"product_cat","embeddable":true,"href":"https:\/\/rmvapesale.com\/sv\/wp-json\/wp\/v2\/product_cat?post=2225"},{"taxonomy":"product_tag","embeddable":true,"href":"https:\/\/rmvapesale.com\/sv\/wp-json\/wp\/v2\/product_tag?post=2225"}],"curies":[{"name":"wp","href":"https:\/\/api.w.org\/{rel}","templated":true}]}}