{"id":2246,"date":"2024-09-30T01:30:54","date_gmt":"2024-09-30T01:30:54","guid":{"rendered":"https:\/\/rmvapesale.com\/?post_type=product&#038;p=2246"},"modified":"2025-01-21T09:55:50","modified_gmt":"2025-01-21T09:55:50","slug":"mesii-visual-box-16000-puffs-disposable-vape-full-screen","status":"publish","type":"product","link":"https:\/\/rmvapesale.com\/sv\/product\/mesii-visual-box-16000-puffs-disposable-vape-full-screen\/","title":{"rendered":"MESii Visual Box 16000 Puff Eng\u00e5ngsvape Fullsk\u00e4rm"},"content":{"rendered":"<div class=\"B2VR9 CJHX3e\">\n<div class=\"wyccme\">\n<h1 class=\"LC20lb MBeuO DKV0Md\">MESii Visual Box 16000 Puff Eng\u00e5ngsvape Fullsk\u00e4rm<\/h1>\n<p>Vi presenterar MESii Visual Box 16000 Puffs Eng\u00e5ngsvape med fullsk\u00e4rm\u2014en toppmodern enhet utformad f\u00f6r en ut\u00f6kad, h\u00f6gpresterande vapingupplevelse. Med imponerande 16 000 bloss och en e-v\u00e4tskekapacitet p\u00e5 20 ml, erbjuder denna eng\u00e5ngsvape l\u00e5ng livsl\u00e4ngd och bekv\u00e4mlighet. Drivs av ett 600mAh uppladdningsbart batteri med USB-C 45-minuters snabbladdning.<\/p>\n<p>Den dubbla mesh-spolen s\u00e4kerst\u00e4ller en mjuk, konsekvent \u00e5nga, medan fullsk\u00e4rmsdisplayen ger viktig information med ett \u00f6gonkast, inklusive en digital oljeindikator, intelligent str\u00f6mindikator och en smart vaping-timer. Anpassa din upplevelse med justerbart luftfl\u00f6de, fyra v\u00e4rmel\u00e4gen och ett barns\u00e4kert l\u00e5s f\u00f6r \u00f6kad s\u00e4kerhet.<\/p>\n<p>H\u00f6j din vape-upplevelse med MESii Visual Box\u2014d\u00e4r teknologi, bekv\u00e4mlighet och s\u00e4kerhet f\u00f6renas f\u00f6r den ultimata vaping-upplevelsen.<\/p>\n<\/div>\n<\/div>\n<p><strong>Kontakta Amy f\u00f6r att f\u00e5 r\u00e4tt svar och fler produktvideor!<\/strong><\/p>\n<p><img loading=\"lazy\" decoding=\"async\" class=\"size-full wp-image-1978\" src=\"https:\/\/rmvapesale.com\/wp-content\/uploads\/2024\/09\/Disposable-Vape-Wholesale.jpg\" alt=\"Eng\u00e5ngsvape Partihandel\" width=\"229\" height=\"300\" \/><\/p>\n<h3><span style=\"color: #ff0000\"><strong>WhatsApp: +86 17776015835<\/strong><\/span><\/h3>\n<p>&nbsp;<\/p>\n<h2><\/h2>\n<h2><strong>MESii Visual Box 16000 Puffs Nyckelfunktioner<\/strong><\/h2>\n<p>16000 Puffs<br \/>\n20 ml E-v\u00e4tska<br \/>\n600mAh Uppladdningsbart<br \/>\nDubbel Mesh-spiral<br \/>\nFullsk\u00e4rmsvisning<br \/>\nJusterbart luftfl\u00f6de<br \/>\nBarns\u00e4kert l\u00e5s<br \/>\nIntelligent str\u00f6mindikator<br \/>\nFyra v\u00e4rmel\u00e4gen<br \/>\nSmart Vaping Timer<br \/>\nDigital oljeindikator<br \/>\nUSB-C 45 minuters snabbladdning<\/p>\n<h2><\/h2>\n<h2><strong>Toppsmak f\u00f6r MESii Visual Box 16000 Puffs<\/strong><\/h2>\n<p>MESii Visual Box 16000 Puffs eng\u00e5ngs vape-pod erbjuder 15 uts\u00f6kta smaker, v\u00e4lj fr\u00e5n en m\u00e4ngd olika smaker, inklusive klassisk tobak, uppfriskande sval mynta och den exotiska s\u00f6tman av mango, d\u00e4r varje smak lovar en rik, tillfredsst\u00e4llande resa med varje puff.<\/p>\n<p>1.Bl\u00e5b\u00e4rsstorm<br \/>\n2.Bl\u00e5 hallon is<span style=\"color: #ff0000\"><strong>&gt;&gt;&gt;&gt;Het!<\/strong><\/span><br \/>\n3.Miami Mint<br \/>\n4.Persika is<br \/>\n5.Vattenmelon is<br \/>\n6.Drakfrukt banan k\u00f6rsb\u00e4r<br \/>\n7.Blandade b\u00e4r<span style=\"color: #ff0000\"><strong>&gt;&gt;&gt;&gt;Het!<\/strong><\/span><br \/>\n8.Surt \u00e4pple is<br \/>\n9.Ananas kokos<br \/>\n10.Hallon vattenmelon<br \/>\n11.Vattenmelon bubbelgum<br \/>\n12.Jordgubb vattenmelon<br \/>\n13.Jordgubb hallon k\u00f6rsb\u00e4r<span style=\"color: #ff0000\"><strong>&gt;&gt;&gt;&gt;B\u00e4st!<\/strong><\/span><br \/>\n14.Druva is<br \/>\n15.Jordgubb kiwi<span style=\"color: #ff0000\"><strong>&gt;&gt;&gt;&gt;Het!<\/strong><\/span><\/p>\n<figure id=\"attachment_2241\" aria-describedby=\"caption-attachment-2241\" style=\"width: 300px\" class=\"wp-caption alignnone\"><img loading=\"lazy\" decoding=\"async\" class=\"size-medium wp-image-2241\" src=\"https:\/\/rmvapesale.com\/wp-content\/uploads\/2024\/09\/Mesii-16000-Puffs-Dispsoable-Vape-Flavour-300x300.png\" alt=\"Mesii 16000 Puffs Eng\u00e5ngs Vape Smak\" width=\"300\" height=\"300\" srcset=\"https:\/\/rmvapesale.com\/wp-content\/uploads\/2024\/09\/Mesii-16000-Puffs-Dispsoable-Vape-Flavour-300x300.png 300w, https:\/\/rmvapesale.com\/wp-content\/uploads\/2024\/09\/Mesii-16000-Puffs-Dispsoable-Vape-Flavour-150x150.png 150w, https:\/\/rmvapesale.com\/wp-content\/uploads\/2024\/09\/Mesii-16000-Puffs-Dispsoable-Vape-Flavour-768x768.png 768w, https:\/\/rmvapesale.com\/wp-content\/uploads\/2024\/09\/Mesii-16000-Puffs-Dispsoable-Vape-Flavour-600x600.png 600w, https:\/\/rmvapesale.com\/wp-content\/uploads\/2024\/09\/Mesii-16000-Puffs-Dispsoable-Vape-Flavour-100x100.png 100w, https:\/\/rmvapesale.com\/wp-content\/uploads\/2024\/09\/Mesii-16000-Puffs-Dispsoable-Vape-Flavour.png 788w\" sizes=\"auto, (max-width: 300px) 100vw, 300px\" \/><figcaption id=\"caption-attachment-2241\" class=\"wp-caption-text\">Mesii 16000 Puffs Eng\u00e5ngs Vape Smak<\/figcaption><\/figure>\n<h2><strong>Fr\u00e5gor du kanske vill veta om MESii Visual Box 16000 Puffs<\/strong><\/h2>\n<p>&nbsp;<\/p>\n<div class=\"flex-shrink-0 flex flex-col relative items-end\">\n<div>\n<div class=\"pt-0\">\n<div class=\"gizmo-bot-avatar flex h-8 w-8 items-center justify-center overflow-hidden rounded-full\">\n<div class=\"relative p-1 rounded-sm flex items-center justify-center bg-token-main-surface-primary text-token-text-primary h-8 w-8\"><\/div>\n<\/div>\n<\/div>\n<\/div>\n<\/div>\n<div class=\"group\/conversation-turn relative flex w-full min-w-0 flex-col agent-turn\">\n<div class=\"flex-col gap-1 md:gap-3\">\n<div class=\"flex max-w-full flex-col flex-grow\">\n<div class=\"min-h-8 text-message flex w-full flex-col items-end gap-2 whitespace-normal break-words [.text-message+&amp;]:mt-5\" dir=\"auto\" data-message-author-role=\"assistant\" data-message-id=\"f226d3fc-81f3-46d5-8c46-31787fff0357\">\n<div class=\"flex w-full flex-col gap-1 empty:hidden first:pt-[3px]\">\n<div class=\"markdown prose w-full break-words dark:prose-invert light\">\n<p><strong>1.Hur m\u00e5nga bloss ger MESii Visual Box 16000 Puffs<\/strong><strong>\u00a0eng\u00e5ngsvape?<\/strong><br \/>\nMESii Visual Box 16000 Puffs ger upp till 16000 puffar, vilket l\u00e5ngt \u00f6verstiger kapaciteten hos typiska eng\u00e5ngsvapes.<\/p>\n<p><strong>2.Vilka smaker finns tillg\u00e4ngliga i eng\u00e5ngsvape-pennan MESii Visual Box 16000 Puffs?<\/strong><br \/>\nPopul\u00e4ra smaker inkluderar Blueberry Storm, Blue Razz Ice, Miami Mint, Mixed Berries, Sour Apple Ice, Strawberry Raspberry Cherry ect.<\/p>\n<p><strong>3.\u00c4r MESii Visual Box 16000 Puffs l\u00e4mplig f\u00f6r nyb\u00f6rjare?<\/strong><br \/>\nJa, den \u00e4r perfekt f\u00f6r nyb\u00f6rjare med sin enkla, knappfria design \u2013 bara inhalera f\u00f6r att b\u00f6rja vejpa.<\/p>\n<p><strong>4.Hur ska jag f\u00f6rvara min eng\u00e5ngsvape?<\/strong><br \/>\nF\u00f6rvara din enhet p\u00e5 en sval, torr plats, borta fr\u00e5n direkt solljus och utom r\u00e4ckh\u00e5ll f\u00f6r barn och husdjur.<\/p>\n<p><strong>5.Hur l\u00e4nge h\u00e5ller MESii Visual Box 16000 Puffs?<\/strong><br \/>\nMed en kapacitet p\u00e5 16 000 puffar kan MESii Visual Box 16000 Puffs r\u00e4cka i flera veckor, beroende p\u00e5 anv\u00e4ndning.<\/p>\n<\/div>\n<\/div>\n<\/div>\n<\/div>\n<\/div>\n<\/div>\n<p>&nbsp;<\/p>\n<h3><b>VANLIGA FR\u00c5GOR OCH SVAR<\/b><\/h3>\n<p>&nbsp;<\/p>\n<div class=\"flex-shrink-0 flex flex-col relative items-end\">\n<div>\n<div class=\"pt-0\">\n<div class=\"gizmo-bot-avatar flex h-8 w-8 items-center justify-center overflow-hidden rounded-full\">\n<div class=\"relative p-1 rounded-sm flex items-center justify-center bg-token-main-surface-primary text-token-text-primary h-8 w-8\"><strong>Vilka frakts\u00e4tt anv\u00e4nds?<\/strong><\/div>\n<\/div>\n<\/div>\n<\/div>\n<\/div>\n<div class=\"group\/conversation-turn relative flex w-full min-w-0 flex-col agent-turn\">\n<div class=\"flex-col gap-1 md:gap-3\">\n<div class=\"flex max-w-full flex-col flex-grow\">\n<div class=\"min-h-[20px] text-message flex w-full flex-col items-end gap-2 whitespace-normal break-words [.text-message+&amp;]:mt-5 overflow-x-auto\" dir=\"auto\" data-message-author-role=\"assistant\" data-message-id=\"22f8283b-3233-46ff-89a5-c7a41b33abda\">\n<div class=\"flex w-full flex-col gap-1 empty:hidden first:pt-[3px]\">\n<div class=\"markdown prose w-full break-words dark:prose-invert light\">\n<p>Vi samarbetar med UPS, DHL, FedEx, DPD och andra ledande transport\u00f6rer. Vi v\u00e4ljer det b\u00e4sta frakts\u00e4ttet baserat p\u00e5 din leveransadress f\u00f6r att s\u00e4kerst\u00e4lla att du f\u00e5r dina produkter s\u00e5 snabbt som m\u00f6jligt.<\/p>\n<\/div>\n<p><strong>Hur l\u00e5ng tid tar det att komma fram?<\/strong><\/p>\n<p>Paket som skickas till Sverige anl\u00e4nder vanligtvis inom 10 arbetsdagar. Leveranser till europeiska l\u00e4nder tar generellt cirka 12-15 arbetsdagar. Vi kommer att ge uppdateringar i realtid om din leveransstatus.<\/p>\n<\/div>\n<p><strong>Garanti<\/strong><\/p>\n<p><span style=\"color: #ff0000\"><strong>Alla produkter i v\u00e5r butik garanteras vara 100% original och \u00e4kta. Vi erbjuder 10 g\u00e5nger ers\u00e4ttning f\u00f6r f\u00f6rfalskade varor!<\/strong><\/span><\/p>\n<div class=\"flex w-full flex-col gap-1 empty:hidden first:pt-[3px]\">\n<p>&nbsp;<\/p>\n<\/div>\n<\/div>\n<\/div>\n<\/div>\n<\/div>\n<p>&nbsp;<\/p>\n<p>Andra popul\u00e4ra vapes du kanske gillar:<\/p>\n<p>&nbsp;<\/p>\n<p><a href=\"https:\/\/rmvapesale.com\/sv\/product\/original-randm-vape-digital-puff-12000-fumot-factory-price\/\"><strong>VOZOL Gear 20000 Puffar<span style=\"color: #ff0000\">&gt;&gt;&gt;&gt;g\u00e5!<\/span><\/strong><\/a><\/p>\n<p><strong><a href=\"https:\/\/rmvapesale.com\/sv\/product\/randm-tornado-15000-puffs-15k-vape-recharge-fumot-original-vape-factory-price\/\">VOPK Tornado 15000 Puffs<\/a><a href=\"https:\/\/rmvapesale.com\/sv\/product\/original-randm-vape-digital-puff-12000-fumot-factory-price\/\"><span style=\"color: #ff0000\">&gt;&gt;&gt;&gt;g\u00e5!<\/span><\/a><\/strong><\/p>\n<p><a href=\"https:\/\/rmvapesale.com\/sv\/product\/vapme-crystal-7000-puffs-rechargeable-disposable-vape-price\/\"><strong>Vapme Crystal 7000 Puffar<a href=\"https:\/\/rmvapesale.com\/sv\/product\/original-randm-vape-digital-puff-12000-fumot-factory-price\/\"><span style=\"color: #ff0000\">&gt;&gt;&gt;&gt;g\u00e5!<\/span><\/a><\/strong><\/a><\/p>\n<p><a href=\"https:\/\/rmvapesale.com\/sv\/product\/uzy-crystal-pro-max-10k-puffs-disposable-vape-pen-wholesale\/\"><strong>UZY Crystal Pro Max 10k bloss<a href=\"https:\/\/rmvapesale.com\/sv\/product\/original-randm-vape-digital-puff-12000-fumot-factory-price\/\"><span style=\"color: #ff0000\">&gt;&gt;&gt;&gt;g\u00e5!<\/span><\/a><\/strong><\/a><\/p>\n<p>&nbsp;<\/p>\n<p>&nbsp;<\/p>\n<p>Hitta fler vape-produkter du kanske gillar:<strong><em><a href=\"https:\/\/rmvapesale.com\/sv\/shop-2\/\">handla nu &gt;&gt;&gt;<\/a><\/em><\/strong><\/p>","protected":false},"excerpt":{"rendered":"<p>MESii Visual Boxx 16K 16000 Puffs Eng\u00e5ngsvape<br \/>\nMESii Visual Box 16000 Puffs Eng\u00e5ngsvape Pod<br \/>\nMesii Visual Box 16000 Puffs 0%2%3%5% Nikotin E-cigarett<\/p>\n<p><strong>Kontakta Amy f\u00f6r mer rabatt och r\u00e4tt svar<\/strong><\/p>\n<p><img loading=\"lazy\" decoding=\"async\" class=\"size-full wp-image-1978\" src=\"https:\/\/rmvapesale.com\/wp-content\/uploads\/2024\/09\/Disposable-Vape-Wholesale.jpg\" alt=\"Eng\u00e5ngsvape Partihandel\" width=\"229\" height=\"300\" \/><\/p>\n<h3><span style=\"color: #ff0000\"><strong>WhatsApp: +86 17776015835<\/strong><\/span><\/h3>","protected":false},"featured_media":2239,"comment_status":"open","ping_status":"closed","template":"","meta":{"_uag_custom_page_level_css":"","_lmt_disableupdate":"no","_lmt_disable":"","site-sidebar-layout":"default","site-content-layout":"content-boxed-container","ast-site-content-layout":"normal-width-container","site-content-style":"boxed","site-sidebar-style":"unboxed","ast-global-header-display":"","ast-banner-title-visibility":"","ast-main-header-display":"","ast-hfb-above-header-display":"","ast-hfb-below-header-display":"","ast-hfb-mobile-header-display":"","site-post-title":"","ast-breadcrumbs-content":"","ast-featured-img":"","footer-sml-layout":"","theme-transparent-header-meta":"default","adv-header-id-meta":"","stick-header-meta":"","header-above-stick-meta":"","header-main-stick-meta":"","header-below-stick-meta":"","astra-migrate-meta-layouts":"set","ast-page-background-enabled":"default","ast-page-background-meta":{"desktop":{"background-color":"var(--ast-global-color-4)","background-image":"","background-repeat":"repeat","background-position":"center center","background-size":"auto","background-attachment":"scroll","background-type":"","background-media":"","overlay-type":"","overlay-color":"","overlay-opacity":"","overlay-gradient":""},"tablet":{"background-color":"","background-image":"","background-repeat":"repeat","background-position":"center center","background-size":"auto","background-attachment":"scroll","background-type":"","background-media":"","overlay-type":"","overlay-color":"","overlay-opacity":"","overlay-gradient":""},"mobile":{"background-color":"","background-image":"","background-repeat":"repeat","background-position":"center center","background-size":"auto","background-attachment":"scroll","background-type":"","background-media":"","overlay-type":"","overlay-color":"","overlay-opacity":"","overlay-gradient":""}},"ast-content-background-meta":{"desktop":{"background-color":"var(--ast-global-color-5)","background-image":"","background-repeat":"repeat","background-position":"center center","background-size":"auto","background-attachment":"scroll","background-type":"","background-media":"","overlay-type":"","overlay-color":"","overlay-opacity":"","overlay-gradient":""},"tablet":{"background-color":"var(--ast-global-color-5)","background-image":"","background-repeat":"repeat","background-position":"center center","background-size":"auto","background-attachment":"scroll","background-type":"","background-media":"","overlay-type":"","overlay-color":"","overlay-opacity":"","overlay-gradient":""},"mobile":{"background-color":"var(--ast-global-color-5)","background-image":"","background-repeat":"repeat","background-position":"center center","background-size":"auto","background-attachment":"scroll","background-type":"","background-media":"","overlay-type":"","overlay-color":"","overlay-opacity":"","overlay-gradient":""}},"_joinchat":[]},"product_brand":[],"product_cat":[15,292,293,295,299,25,123,26,28,135,27,31,61,137,136],"product_tag":[114,99,111,105,54,115],"class_list":{"0":"post-2246","1":"product","2":"type-product","3":"status-publish","4":"has-post-thumbnail","6":"product_cat-new-vape-this-week","7":"product_cat-digital-disposable-vapes","8":"product_cat-low-nicotine-disposable-vapes","9":"product_cat-rechargeable-disposable-vapes","10":"product_cat-smart-screen-disposable-vapes","11":"product_cat-germany-best-selling-vape","12":"product_cat-italy-wholesale-vape","13":"product_cat-netherlands-hot-sale-vape","14":"product_cat-poland-hot-sale-vape","15":"product_cat-spain-best-hot-sale-vape","16":"product_cat-fance-hot-sale-vape","17":"product_cat-randm-fumot-vape","18":"product_cat-15000-puffs-disposable-vapes","19":"product_cat-rechargeable-vapes","20":"product_cat-smart-screen-vapes","21":"product_tag-disposable-vape-pod","22":"product_tag-disposable-vape-wholesale","23":"product_tag-low-nicotine-disposable-vape","24":"product_tag-nicotine-free-disposable-vape","25":"product_tag-rechargeable-disposable-vape","26":"product_tag-smart-screen-disposable-vape","27":"desktop-align-left","28":"tablet-align-left","29":"mobile-align-left","31":"first","32":"instock","33":"sale","34":"shipping-taxable","35":"purchasable","36":"product-type-simple"},"uagb_featured_image_src":{"full":["https:\/\/rmvapesale.com\/wp-content\/uploads\/2024\/09\/Mesii-16000-Dispsoable-Vape.png",788,788,false],"thumbnail":["https:\/\/rmvapesale.com\/wp-content\/uploads\/2024\/09\/Mesii-16000-Dispsoable-Vape-150x150.png",150,150,true],"medium":["https:\/\/rmvapesale.com\/wp-content\/uploads\/2024\/09\/Mesii-16000-Dispsoable-Vape-300x300.png",300,300,true],"medium_large":["https:\/\/rmvapesale.com\/wp-content\/uploads\/2024\/09\/Mesii-16000-Dispsoable-Vape-768x768.png",768,768,true],"large":["https:\/\/rmvapesale.com\/wp-content\/uploads\/2024\/09\/Mesii-16000-Dispsoable-Vape.png",788,788,false],"1536x1536":["https:\/\/rmvapesale.com\/wp-content\/uploads\/2024\/09\/Mesii-16000-Dispsoable-Vape.png",788,788,false],"2048x2048":["https:\/\/rmvapesale.com\/wp-content\/uploads\/2024\/09\/Mesii-16000-Dispsoable-Vape.png",788,788,false],"trp-custom-language-flag":["https:\/\/rmvapesale.com\/wp-content\/uploads\/2024\/09\/Mesii-16000-Dispsoable-Vape.png",12,12,false],"woocommerce_thumbnail":["https:\/\/rmvapesale.com\/wp-content\/uploads\/2024\/09\/Mesii-16000-Dispsoable-Vape-300x300.png",300,300,true],"woocommerce_single":["https:\/\/rmvapesale.com\/wp-content\/uploads\/2024\/09\/Mesii-16000-Dispsoable-Vape-600x600.png",600,600,true],"woocommerce_gallery_thumbnail":["https:\/\/rmvapesale.com\/wp-content\/uploads\/2024\/09\/Mesii-16000-Dispsoable-Vape-100x100.png",100,100,true],"wcpr-photo-reviews":["https:\/\/rmvapesale.com\/wp-content\/uploads\/2024\/09\/Mesii-16000-Dispsoable-Vape.png",500,500,false]},"uagb_author_info":{"display_name":"AMY","author_link":"https:\/\/rmvapesale.com\/sv\/author\/"},"uagb_comment_info":0,"uagb_excerpt":"MESii Visual Boxx 16K 16000 Puffs Disposable Vape MESii Visual Box 16000 Puffs Disposable Vape Pod Mesii Visual Box 16000 Puffs 0%2%3%5% Nicotine E-cigarette Contact Amy For More Discount And Right Reply WhatsApp: +86 17776015835","_links":{"self":[{"href":"https:\/\/rmvapesale.com\/sv\/wp-json\/wp\/v2\/product\/2246","targetHints":{"allow":["GET"]}}],"collection":[{"href":"https:\/\/rmvapesale.com\/sv\/wp-json\/wp\/v2\/product"}],"about":[{"href":"https:\/\/rmvapesale.com\/sv\/wp-json\/wp\/v2\/types\/product"}],"replies":[{"embeddable":true,"href":"https:\/\/rmvapesale.com\/sv\/wp-json\/wp\/v2\/comments?post=2246"}],"wp:featuredmedia":[{"embeddable":true,"href":"https:\/\/rmvapesale.com\/sv\/wp-json\/wp\/v2\/media\/2239"}],"wp:attachment":[{"href":"https:\/\/rmvapesale.com\/sv\/wp-json\/wp\/v2\/media?parent=2246"}],"wp:term":[{"taxonomy":"product_brand","embeddable":true,"href":"https:\/\/rmvapesale.com\/sv\/wp-json\/wp\/v2\/product_brand?post=2246"},{"taxonomy":"product_cat","embeddable":true,"href":"https:\/\/rmvapesale.com\/sv\/wp-json\/wp\/v2\/product_cat?post=2246"},{"taxonomy":"product_tag","embeddable":true,"href":"https:\/\/rmvapesale.com\/sv\/wp-json\/wp\/v2\/product_tag?post=2246"}],"curies":[{"name":"wp","href":"https:\/\/api.w.org\/{rel}","templated":true}]}}